{"id":18541,"date":"2022-04-16T12:54:59","date_gmt":"2022-04-16T09:54:59","guid":{"rendered":"https:\/\/sachviet.eu\/shop\/tam-ly-hoc-phac-hoa-chan-dung-ke-pham-toi\/"},"modified":"2023-02-01T15:48:40","modified_gmt":"2023-02-01T13:48:40","slug":"tam-ly-hoc-phac-hoa-chan-dung-ke-pham-toi","status":"publish","type":"product","link":"https:\/\/sachviet.eu\/en\/shop\/tam-ly-hoc-phac-hoa-chan-dung-ke-pham-toi\/","title":{"rendered":"T\u00e2m L\u00fd H\u1ecdc &#8211; Ph\u00e1c H\u1ecda Ch\u00e2n Dung K\u1ebb Ph\u1ea1m T\u1ed9i"},"content":{"rendered":"<p>T\u1ed9i ph\u1ea1m, nh\u1ea5t l\u00e0 nh\u1eefng v\u1ee5 \u00e1n m\u1ea1ng, lu\u00f4n l\u00e0 m\u1ed9t ch\u1ee7 \u0111\u1ec1 thu h\u00fat s\u1ef1 quan t\u00e2m c\u1ee7a c\u00f4ng ch\u00fang, kh\u01a1i g\u1ee3i s\u1ef1 hi\u1ebfu k\u1ef3 c\u1ee7a b\u1ea5t c\u1ee9 ai. M\u1ed9t khi \u0111\u00e3 b\u1eaft \u0111\u1ea7u theo d\u00f5i v\u1ee5 \u00e1n, h\u1eb3n b\u1ea1n kh\u00f4ng th\u1ec3 kh\u00f4ng quan t\u00e2m t\u1edbi k\u1ebft c\u1ee5c, \u0111\u1eb7c bi\u1ec7t l\u00e0 c\u00e1ch th\u1ee9c v\u00e0 \u0111\u1ed9ng c\u01a1 c\u1ee7a k\u1ebb s\u00e1t nh\u00e2n, t\u1eeb nh\u1eefng v\u1ee5 \u00e1n ph\u1ea1m vi h\u1eb9p cho \u0111\u1ebfn nh\u1eefng v\u1ee5 \u00e1n l\u00e0m r\u00fang \u0111\u1ed9ng c\u1ea3 th\u1ebf gi\u1edbi.<\/p>\n<p>L\u1ea5y 36 v\u1ee5 \u00e1n C\u00d3 TH\u1eacT kinh \u0111i\u1ec3n nh\u1ea5t trong h\u1ed3 s\u01a1 t\u1ed9i ph\u1ea1m c\u1ee7a FBI, \u201cT\u00e2m l\u00fd h\u1ecdc t\u1ed9i ph\u1ea1m &#8211; ph\u00e1c h\u1ecda ch\u00e2n dung k\u1ebb ph\u1ea1m t\u1ed9i\u201d mang \u0111\u1ebfn c\u00e1i nh\u00ecn to\u00e0n c\u1ea3nh c\u1ee7a c\u00e1c chuy\u00ean gia v\u1ec1 ch\u00e2n dung t\u00e2m l\u00fd t\u1ed9i ph\u1ea1m. Tr\u1ea3 l\u1eddi cho c\u00e2u h\u1ecfi: L\u00e0m th\u1ebf n\u00e0o ph\u00e2n t\u00edch \u0111\u01b0\u1ee3c t\u00e2m l\u00fd v\u00e0 h\u00e0nh vi t\u1ed9i ph\u1ea1m, t\u1eeb \u0111\u00f3 kh\u00f4i ph\u1ee5c s\u1ef1 th\u1eadt th\u00f4ng qua c\u00e1c manh m\u1ed1i, t\u1eeb hi\u1ec7n tr\u01b0\u1eddng v\u1ee5 \u00e1n, th\u1eddi gian, d\u1ea5u t\u00edch,\u2026 \u0111\u1ec3 t\u00ecm ra k\u1ebb s\u00e1t nh\u00e2n th\u1ef1c s\u1ef1.<\/p>\n<p>\u0110\u1eb1ng sau m\u00e1u v\u00e0 n\u01b0\u1edbc m\u1eaft l\u00e0 c\u00e1c c\u00e2u chuy\u1ec7n r\u1ee3n t\u00f3c g\u00e1y v\u1ec1 t\u1ed9i \u00e1c, g\u00f3c khu\u1ea5t x\u00e3 h\u1ed9i v\u00e0 nh\u1eefng m\u00e0n \u0111\u1ea5u tr\u00ed \u0111\u1ea7y gay c\u1ea5n gi\u1eefa \u0111i\u1ec1u tra vi\u00ean v\u00e0 k\u1ebb ph\u1ea1m t\u1ed9i. Trong s\u1ed1 \u0111\u00f3 c\u00f3 nh\u1eefng con qu\u1ef7 \u0103n th\u1ecbt ng\u01b0\u1eddi; nh\u1eefng c\u00f4 g\u00e1i xinh \u0111\u1eb9p nh\u01b0ng x\u1ea3o quy\u1ec7t; v\u00e0 c\u1ea3 c\u00e1ch tr\u1ea3 th\u00f9 \u0111\u1ea7y man r\u1ee3 c\u1ee7a c\u00e1c nh\u00e0 khoa h\u1ecdc,\u2026 M\u1ed9t s\u1ed1 \u0111\u00e3 sa v\u00e0o l\u01b0\u1edbi ph\u00e1p lu\u1eadt ngay khi ch\u00fang v\u1eeba ra tay, nh\u01b0ng c\u0169ng c\u00f3 nh\u1eefng k\u1ebb c\u1ee9 v\u1eady ng\u1ee7 y\u00ean h\u01a1n hai m\u01b0\u01a1i n\u0103m.<\/p>\n<p>B\u1eb1ng gi\u1ecdng v\u0103n s\u1eafc b\u00e9n, \u201cT\u00e2m l\u00fd h\u1ecdc t\u1ed9i ph\u1ea1m &#8211; ph\u00e1c h\u1ecda ch\u00e2n dung k\u1ebb ph\u1ea1m t\u1ed9i\u201d h\u1ee9a h\u1eb9n d\u1eabn d\u1eaft ng\u01b0\u1eddi \u0111\u1ecdc \u0111i qua c\u00e1c cung b\u1eadc c\u1ea3m x\u00fac t\u1eeb t\u00f2 m\u00f2, ng\u1ea1c nhi\u00ean \u0111\u1ebfn s\u1ee3 h\u00e3i, hoang mang t\u1eadn c\u00f9ng. Ch\u00fang ta s\u1ebd l\u1ea7n t\u00ecm v\u1ec1 qu\u00e1 kh\u1ee9 \u0111\u1ec3 t\u1eebng b\u01b0\u1edbc g\u1ee1 nh\u1eefng n\u00fat th\u1eaft ch\u01b0a \u0111\u01b0\u1ee3c gi\u1ea3i, khi\u1ebfn ta &#8220;ng\u1ea1t th\u1edf&#8221; \u0111\u1ecdc t\u1edbi t\u1eadn trang cu\u1ed1i c\u00f9ng.<\/p>\n<p>Hy v\u1ecdng cu\u1ed1n s\u00e1ch s\u1ebd gi\u00fap b\u1ea1n c\u00f3 c\u00e1i nh\u00ecn s\u00e2u s\u1eafc, r\u00f5 r\u00e0ng h\u01a1n v\u1ec1 b\u1ed9 m\u00f4n t\u00e2m l\u00fd h\u1ecdc t\u1ed9i ph\u1ea1m v\u00e0 c\u00f3 th\u1ec3 r\u00e8n luy\u1ec7n th\u00eam s\u1ef1 t\u01b0 duy, nh\u1ea1y b\u00e9n.<\/p>\n","protected":false},"excerpt":{"rendered":"<p>T\u1ed9i ph\u1ea1m, nh\u1ea5t l\u00e0 nh\u1eefng v\u1ee5 \u00e1n m\u1ea1ng, lu\u00f4n l\u00e0 m\u1ed9t ch\u1ee7 \u0111\u1ec1 thu h\u00fat s\u1ef1 quan t\u00e2m c\u1ee7a c\u00f4ng ch\u00fang, kh\u01a1i g\u1ee3i s\u1ef1 hi\u1ebfu k\u1ef3 c\u1ee7a b\u1ea5t c\u1ee9 ai. M\u1ed9t khi \u0111\u00e3 b\u1eaft \u0111\u1ea7u theo d\u00f5i v\u1ee5 \u00e1n, h\u1eb3n b\u1ea1n kh\u00f4ng th\u1ec3 kh\u00f4ng quan t\u00e2m t\u1edbi k\u1ebft c\u1ee5c, \u0111\u1eb7c bi\u1ec7t l\u00e0 c\u00e1ch th\u1ee9c v\u00e0 \u0111\u1ed9ng c\u01a1 c\u1ee7a k\u1ebb s\u00e1t nh\u00e2n, t\u1eeb nh\u1eefng v\u1ee5 \u00e1n ph\u1ea1m vi h\u1eb9p cho \u0111\u1ebfn nh\u1eefng v\u1ee5 \u00e1n l\u00e0m r\u00fang \u0111\u1ed9ng c\u1ea3 th\u1ebf gi\u1edbi.<\/p>\n<p>L\u1ea5y 36 v\u1ee5 \u00e1n C\u00d3 TH\u1eacT kinh \u0111i\u1ec3n nh\u1ea5t trong h\u1ed3 s\u01a1 t\u1ed9i ph\u1ea1m c\u1ee7a FBI, \u201cT\u00e2m l\u00fd h\u1ecdc t\u1ed9i ph\u1ea1m &#8211; ph\u00e1c h\u1ecda ch\u00e2n dung k\u1ebb ph\u1ea1m t\u1ed9i\u201d mang \u0111\u1ebfn c\u00e1i nh\u00ecn to\u00e0n c\u1ea3nh c\u1ee7a c\u00e1c chuy\u00ean gia v\u1ec1 ch\u00e2n dung t\u00e2m l\u00fd t\u1ed9i ph\u1ea1m. Tr\u1ea3 l\u1eddi cho c\u00e2u h\u1ecfi: L\u00e0m th\u1ebf n\u00e0o ph\u00e2n t\u00edch \u0111\u01b0\u1ee3c t\u00e2m l\u00fd v\u00e0 h\u00e0nh vi t\u1ed9i ph\u1ea1m, t\u1eeb \u0111\u00f3 kh\u00f4i ph\u1ee5c s\u1ef1 th\u1eadt th\u00f4ng qua c\u00e1c manh m\u1ed1i, t\u1eeb hi\u1ec7n tr\u01b0\u1eddng v\u1ee5 \u00e1n, th\u1eddi gian, d\u1ea5u t\u00edch,\u2026 \u0111\u1ec3 t\u00ecm ra k\u1ebb s\u00e1t nh\u00e2n th\u1ef1c s\u1ef1.<\/p>\n<p>\u0110\u1eb1ng sau m\u00e1u v\u00e0 n\u01b0\u1edbc m\u1eaft l\u00e0 c\u00e1c c\u00e2u chuy\u1ec7n r\u1ee3n t\u00f3c g\u00e1y v\u1ec1 t\u1ed9i \u00e1c, g\u00f3c khu\u1ea5t x\u00e3 h\u1ed9i v\u00e0 nh\u1eefng m\u00e0n \u0111\u1ea5u tr\u00ed \u0111\u1ea7y gay c\u1ea5n gi\u1eefa \u0111i\u1ec1u tra vi\u00ean v\u00e0 k\u1ebb ph\u1ea1m t\u1ed9i. Trong s\u1ed1 \u0111\u00f3 c\u00f3 nh\u1eefng con qu\u1ef7 \u0103n th\u1ecbt ng\u01b0\u1eddi; nh\u1eefng c\u00f4 g\u00e1i xinh \u0111\u1eb9p nh\u01b0ng x\u1ea3o quy\u1ec7t; v\u00e0 c\u1ea3 c\u00e1ch tr\u1ea3 th\u00f9 \u0111\u1ea7y man r\u1ee3 c\u1ee7a c\u00e1c nh\u00e0 khoa h\u1ecdc,\u2026 M\u1ed9t s\u1ed1 \u0111\u00e3 sa v\u00e0o l\u01b0\u1edbi ph\u00e1p lu\u1eadt ngay khi ch\u00fang v\u1eeba ra tay, nh\u01b0ng c\u0169ng c\u00f3 nh\u1eefng k\u1ebb c\u1ee9 v\u1eady ng\u1ee7 y\u00ean h\u01a1n hai m\u01b0\u01a1i n\u0103m.<\/p>\n<p>B\u1eb1ng gi\u1ecdng v\u0103n s\u1eafc b\u00e9n, \u201cT\u00e2m l\u00fd h\u1ecdc t\u1ed9i ph\u1ea1m &#8211; ph\u00e1c h\u1ecda ch\u00e2n dung k\u1ebb ph\u1ea1m t\u1ed9i\u201d h\u1ee9a h\u1eb9n d\u1eabn d\u1eaft ng\u01b0\u1eddi \u0111\u1ecdc \u0111i qua c\u00e1c cung b\u1eadc c\u1ea3m x\u00fac t\u1eeb t\u00f2 m\u00f2, ng\u1ea1c nhi\u00ean \u0111\u1ebfn s\u1ee3 h\u00e3i, hoang mang t\u1eadn c\u00f9ng. Ch\u00fang ta s\u1ebd l\u1ea7n t\u00ecm v\u1ec1 qu\u00e1 kh\u1ee9 \u0111\u1ec3 t\u1eebng b\u01b0\u1edbc g\u1ee1 nh\u1eefng n\u00fat th\u1eaft ch\u01b0a \u0111\u01b0\u1ee3c gi\u1ea3i, khi\u1ebfn ta &#8220;ng\u1ea1t th\u1edf&#8221; \u0111\u1ecdc t\u1edbi t\u1eadn trang cu\u1ed1i c\u00f9ng.<\/p>\n<p>Hy v\u1ecdng cu\u1ed1n s\u00e1ch s\u1ebd gi\u00fap b\u1ea1n c\u00f3 c\u00e1i nh\u00ecn s\u00e2u s\u1eafc, r\u00f5 r\u00e0ng h\u01a1n v\u1ec1 b\u1ed9 m\u00f4n t\u00e2m l\u00fd h\u1ecdc t\u1ed9i ph\u1ea1m v\u00e0 c\u00f3 th\u1ec3 r\u00e8n luy\u1ec7n th\u00eam s\u1ef1 t\u01b0 duy, nh\u1ea1y b\u00e9n.<\/p>\n","protected":false},"featured_media":18540,"template":"","meta":{"_acf_changed":false},"product_brand":[],"product_cat":[18,15,46],"product_tag":[],"class_list":{"0":"post-18541","1":"product","2":"type-product","3":"status-publish","4":"has-post-thumbnail","6":"product_cat-kinh-te","7":"product_cat-sach-danh-cho-nguoi-lon","8":"product_cat-ky-nang-song","10":"first","11":"outofstock","12":"taxable","13":"shipping-taxable","14":"purchasable","15":"product-type-simple"},"supplier_id":null,"supplier_sku":"","barcode":null,"atum_controlled":true,"out_stock_date":"2023-02-01 13:48:40","out_stock_threshold":null,"inheritable":false,"inbound_stock":0,"stock_on_hold":0,"sold_today":0,"sales_last_days":0,"reserved_stock":0,"customer_returns":0,"warehouse_damage":0,"lost_in_post":0,"other_logs":0,"out_stock_days":1092,"lost_sales":0,"has_location":false,"update_date":"2026-01-28T23:11:03","atum_locations":[{"id":32,"name":"Helsinki","slug":"helsinki"}],"atum_stock_status":"outofstock","restock_status":false,"low_stock_amount":"","sales_update_date":"2026-01-28T23:11:03","calc_backorders":null,"acf":{"publisher":{"ID":1785,"post_author":"1","post_date":"2021-02-17 01:54:46","post_date_gmt":"2021-02-16 23:54:46","post_content":"<!-- wp:flatsome\/uxbuilder -->\n<h1 style=\"text-align: center;\"><strong>AZ VIETNAM<\/strong><\/h1>\n[row]\n\n[col span=\"8\" span__sm=\"12\"]\n\n<p>Th\u00e0nh l\u1eadp n\u0103m: 2015<br \/>V\u1ed1n \u0111\u1ea7u t\u01b0: 4,000,000,000 \u0111\u1ed3ng<br \/><strong>L\u0129nh v\u1ef1c:<\/strong><br \/>- Xu\u1ea5t b\u1ea3n v\u00e0 ph\u00e1t h\u00e0nh v\u0103n h\u00f3a ph\u1ea9m<br \/>- Cung c\u1ea5p v\u0103n h\u00f3a ph\u1ea9m, c\u00e1c s\u1ea3n ph\u1ea9m cho in \u1ea5n, trang thi\u1ebft b\u1ecb cho c\u00e1c th\u01b0 vi\u1ec7n v\u00e0 trung t\u00e2m s\u00e1ch tr\u00ean c\u1ea3 n\u01b0\u1edbc.<br \/>- Th\u1eddi trang v\u00e0 c\u00e1c s\u1ea3n ph\u1ea9m li\u00ean quan \u0111\u1ebfn l\u0129nh v\u1ef1c th\u1eddi trang<br \/>- Xu\u1ea5t nh\u1eadp kh\u1ea9u c\u00e1c s\u1ea3n ph\u1ea9m v\u0103n h\u00f3a<\/p>\n<p><strong>Quy m\u00f4:<\/strong> 60 nh\u00e2n vi\u00ean<br \/>Kh\u1edfi ngu\u1ed3n c\u1ee7a AZ Vi\u1ec7t Nam ng\u00e0y nay l\u00e0 C\u00f4ng ty TNHH Trung t\u00e2m S\u00e1ch v\u00e0 Thi\u1ebft b\u1ecb Th\u01b0 vi\u1ec7n, v\u1edbi ho\u1ea1t \u0111\u1ed9ng \u0111\u1ea7u ti\u00ean l\u00e0 cung c\u1ea5p s\u00e1ch, trang thi\u1ebft b\u1ecb, v\u0103n h\u00f3a ph\u1ea9m cho c\u00e1c th\u01b0 vi\u1ec7n v\u00e0 trung t\u00e2m s\u00e1ch tr\u00ean c\u1ea3 n\u01b0\u1edbc. T\u1eeb cu\u1ed1i n\u0103m 2010 \u0111\u1ebfn nay, ch\u00fang t\u00f4i \u0111\u00e3 kh\u00f4ng ng\u1eebng n\u1ed7 l\u1ef1c khai ph\u00e1 v\u00e0 ph\u00e1t tri\u1ec3n c\u00e1c d\u00f2ng s\u1ea3n ph\u1ea9m m\u1edbi v\u1edbi 8 th\u01b0\u01a1ng hi\u1ec7u uy t\u00edn. \u0110\u1ec3 \u0111\u00e1p \u1ee9ng nhu c\u1ea7u ph\u00e1t tri\u1ec3n ng\u00e0y m\u1ed9t l\u1edbn m\u1ea1nh v\u00e0 t\u1eadp h\u1ee3p c\u00e1c th\u01b0\u01a1ng hi\u1ec7u \u0111\u00e3 \u0111\u01b0\u1ee3c ch\u00fang t\u00f4i x\u00e2y d\u1ef1ng, 2015 C\u00f4ng ty TNHH AZ Vi\u1ec7t Nam \u0111\u00e3 ra \u0111\u1eddi v\u1edbi s\u1ee9 m\u1ec7nh mang \u0111\u1ebfn nhi\u1ec1u h\u01a1n n\u1eefa nh\u1eefng gi\u00e1 tr\u1ecb tinh th\u1ea7n, tri th\u1ee9c ti\u00ean ti\u1ebfn cho ng\u01b0\u1eddi ti\u00eau d\u00f9ng b\u1eb1ng vi\u1ec7c cung c\u1ea5p nh\u1eefng s\u1ea3n ph\u1ea9m c\u00f3 ch\u1ea5t l\u01b0\u1ee3ng.<\/p>\n\n[\/col]\n[col span=\"4\" span__sm=\"12\"]\n\n[ux_image id=\"1836\" image_size=\"medium\"]\n\n\n[\/col]\n\n[\/row]\n\n<!-- \/wp:flatsome\/uxbuilder -->","post_title":"AZ Vi\u1ec7t Nam","post_excerpt":"","post_status":"publish","comment_status":"closed","ping_status":"closed","post_password":"","post_name":"az-viet-nam","to_ping":"","pinged":"","post_modified":"2021-02-17 22:07:10","post_modified_gmt":"2021-02-17 20:07:10","post_content_filtered":"","post_parent":0,"guid":"https:\/\/sachviet.eu\/nha-phat-hanh\/az-viet-nam\/","menu_order":0,"post_type":"publisher","post_mime_type":"","comment_count":"0","filter":"raw"}},"_links":{"self":[{"href":"https:\/\/sachviet.eu\/en\/wp-json\/wp\/v2\/product\/18541","targetHints":{"allow":["GET"]}}],"collection":[{"href":"https:\/\/sachviet.eu\/en\/wp-json\/wp\/v2\/product"}],"about":[{"href":"https:\/\/sachviet.eu\/en\/wp-json\/wp\/v2\/types\/product"}],"wp:featuredmedia":[{"embeddable":true,"href":"https:\/\/sachviet.eu\/en\/wp-json\/wp\/v2\/media\/18540"}],"wp:attachment":[{"href":"https:\/\/sachviet.eu\/en\/wp-json\/wp\/v2\/media?parent=18541"}],"wp:term":[{"taxonomy":"product_brand","embeddable":true,"href":"https:\/\/sachviet.eu\/en\/wp-json\/wp\/v2\/product_brand?post=18541"},{"taxonomy":"product_cat","embeddable":true,"href":"https:\/\/sachviet.eu\/en\/wp-json\/wp\/v2\/product_cat?post=18541"},{"taxonomy":"product_tag","embeddable":true,"href":"https:\/\/sachviet.eu\/en\/wp-json\/wp\/v2\/product_tag?post=18541"}],"curies":[{"name":"wp","href":"https:\/\/api.w.org\/{rel}","templated":true}]}}