{"id":18537,"date":"2022-04-16T12:54:49","date_gmt":"2022-04-16T09:54:49","guid":{"rendered":"https:\/\/sachviet.eu\/shop\/tam-ly-hoc-nghe-thuat-giai-ma-hanh-vi\/"},"modified":"2022-12-19T15:09:27","modified_gmt":"2022-12-19T13:09:27","slug":"tam-ly-hoc-nghe-thuat-giai-ma-hanh-vi","status":"publish","type":"product","link":"https:\/\/sachviet.eu\/en\/shop\/tam-ly-hoc-nghe-thuat-giai-ma-hanh-vi\/","title":{"rendered":"T\u00e2m L\u00fd H\u1ecdc &#8211; Ngh\u1ec7 Thu\u1eadt Gi\u1ea3i M\u00e3 H\u00e0nh Vi"},"content":{"rendered":"<p>\u201cV\u1edbi s\u1ef1 ph\u00e1t tri\u1ec3n nhanh ch\u00f3ng nh\u01b0 hi\u1ec7n nay, c\u00f3 nh\u1eefng ng\u01b0\u1eddi v\u00ec theo \u0111u\u1ed5i l\u1ee3i \u00edch, th\u1ecfa m\u00e3n d\u1ee5c v\u1ecdng c\u1ee7a ch\u00ednh m\u00ecnh m\u00e0 th\u01b0\u1eddng l\u1eeba g\u1ea1t \u0111\u1ea5u \u0111\u00e1 l\u1eabn nhau. Mu\u1ed1n c\u00f3 ch\u1ed7 \u0111\u1ee9ng trong x\u00e3 h\u1ed9i n\u00e0y n\u1ebfu kh\u00f4ng bi\u1ebft c\u00e1ch nh\u00ecn l\u00f2ng ng\u01b0\u1eddi, t\u1ea5t nhi\u00ean s\u1ebd b\u1ecb l\u1eeba g\u1ea1t h\u00e3m h\u1ea1i ho\u1eb7c ph\u1ea3n b\u1ed9i, b\u1ecb ng\u01b0\u1eddi kh\u00e1c gi\u1eabm \u0111\u1ea1p xu\u1ed1ng t\u1ea7ng th\u1ea5p nh\u1ea5t.\u201d<\/p>\n<p>Tuy nhi\u00ean, l\u00f2ng ng\u01b0\u1eddi l\u1ea1i th\u1ee9 thay \u0111\u1ed5i kh\u00f3 \u0111o\u00e1n nh\u1ea5t. H\u1ea7u nh\u01b0 ai c\u0169ng c\u00f3 th\u1ec3 nh\u00ecn th\u1ea5y bi\u1ec3u c\u1ea3m v\u00e0 h\u00e0nh \u0111\u1ed9ng c\u1ee7a ng\u01b0\u1eddi kh\u00e1c, nh\u01b0ng r\u1ea5t \u00edt ng\u01b0\u1eddi l\u1ea1i c\u00f3 th\u1ec3 nh\u00ecn th\u1ea5u \u0111\u01b0\u1ee3c t\u00e2m l\u00fd c\u1ee7a h\u1ecd. N\u1ebfu kh\u00f4ng c\u00f3 qu\u1ea3 c\u1ea7u c\u1ee7a ph\u00f9 th\u1ee7y Gypsy, v\u1eady l\u00e0m c\u00e1ch n\u00e0o \u0111\u1ec3 ch\u00fang ta c\u00f3 th\u1ec3 n\u1eafm b\u1eaft v\u00e0 khai th\u00e1c \u0111\u01b0\u1ee3c suy ngh\u0129 c\u1ee7a \u0111\u1ed1i ph\u01b0\u01a1ng, gi\u00fap b\u1ea3n th\u00e2n ch\u1ee7 \u0111\u1ed9ng v\u00e0 n\u1eafm b\u1eaft c\u01a1 h\u1ed9i trong qu\u00e1 tr\u00ecnh giao ti\u1ebfp?<\/p>\n<p>Cu\u1ed1n s\u00e1ch T\u00e2m l\u00fd h\u1ecdc \u2013 Ngh\u1ec7 thu\u1eadt gi\u1ea3i m\u00e3 h\u00e0nh vi c\u1ee7a t\u00e1c gi\u1ea3 Tr\u1ea7n L\u1ed9 s\u1ebd cung c\u1ea5p cho ch\u00fang ta nh\u1eefng l\u00fd lu\u1eadn uy t\u00edn v\u00e0 k\u1ef3 di\u1ec7u c\u1ee7a t\u00e2m l\u00fd h\u1ecdc \u0111\u1ec3 c\u00f3 th\u1ec3 \u0111\u1ecdc suy ngh\u0129 c\u1ee7a ng\u01b0\u1eddi kh\u00e1c, c\u0169ng nh\u01b0 ph\u00e1 tan ph\u00f2ng tuy\u1ebfn t\u00e2m l\u00fd con ng\u01b0\u1eddi. Tr\u00ean th\u1ef1c t\u1ebf, m\u1ed9t s\u1ed1 l\u01b0\u1ee3ng l\u1edbn h\u00e0nh vi v\u00e0 c\u1eed ch\u1ec9 c\u1ee7a con ng\u01b0\u1eddi \u0111\u01b0\u1ee3c th\u1ef1c hi\u1ec7n m\u1ed9t c\u00e1ch v\u00f4 th\u1ee9c. Do s\u1ef1 v\u00f4 th\u1ee9c \u0111\u00f3 ti\u1ec7m c\u1eadn v\u1edbi n\u01a1i s\u00e2u k\u00edn nh\u1ea5t trong t\u00e2m tr\u00ed, n\u00ean nh\u1eefng h\u00e0nh \u0111\u1ed9ng b\u1ea3n n\u0103ng n\u00e0y s\u1ebd th\u1ec3 hi\u1ec7n n\u1ed9i t\u00e2m con ng\u01b0\u1eddi m\u1ed9t c\u00e1ch r\u00f5 r\u00e0ng nh\u1ea5t. V\u00ec v\u1eady, th\u00f4ng qua h\u00e0nh vi, t\u00ednh c\u00e1ch, ng\u00f4n ng\u1eef c\u01a1 th\u1ec3, s\u1edf th\u00edch\u2026 th\u1eadm ch\u00ed l\u00e0 l\u1eddi n\u00f3i d\u1ed1i c\u1ee7a \u0111\u1ed1i ph\u01b0\u01a1ng \u0111\u1ec3 c\u00f3 th\u1ec3 khai th\u00e1c \u201cMa ph\u00e1p\u201d- suy ngh\u0129 th\u1ef1c s\u1ef1 trong l\u00f2ng ng\u01b0\u1eddi kh\u00e1c.<\/p>\n<p>Cu\u1ed1n s\u00e1ch s\u1eed d\u1ee5ng ng\u00f4n ng\u1eef th\u1eb3ng th\u1eafn, h\u00e0i h\u01b0\u1edbc, c\u00e1c v\u00ed d\u1ee5 \u0111i\u1ec3n h\u00ecnh sinh \u0111\u1ed9ng, cho \u0111\u1ed9c gi\u1ea3 th\u1ea5y nh\u1eefng hi\u1ec7n t\u01b0\u1ee3ng t\u00e2m l\u00fd h\u1ecdc c\u00f3 li\u00ean quan m\u1eadt thi\u1ebft v\u1edbi cu\u1ed9c s\u1ed1ng, \u0111\u1ed3ng th\u1eddi th\u00f4ng qua ph\u00e2n t\u00edch c\u00e1c k\u1ef9 x\u1ea3o c\u00f3 th\u1ec3 gi\u00fap \u0111\u1ed9c gi\u1ea3 n\u1eafm b\u1eaft \u0111\u01b0\u1ee3c \u00fd ngh\u0129a c\u1ee7a c\u00e1c h\u00e0nh \u0111\u1ed9ng, ch\u1ea1m t\u1edbi ti\u1ec1m th\u1ee9c, hi\u1ec3u \u0111\u01b0\u1ee3c nh\u1eefng \u0111i\u1ec1u s\u00e2u k\u00edn nh\u1ea5t trong t\u00e2m tr\u00ed \u0111\u1ed1i ph\u01b0\u01a1ng, n\u1eafm ch\u1eafc to\u00e0n c\u1ee5c trong m\u1ed1i giao ti\u1ebfp gi\u1eefa ng\u01b0\u1eddi v\u1edbi ng\u01b0\u1eddi.<\/p>\n<p>Tr\u01b0\u1edbc \u0111\u00e2y, b\u1ea1n kh\u00f4ng th\u1ec3 nh\u00ecn th\u1ea5y l\u00f2ng ng\u01b0\u1eddi, th\u1eadm ch\u00ed c\u1ea3m th\u1ea5y m\u00f9 m\u1ecbt, th\u00ec gi\u1edd \u0111\u00e2y khi \u0111\u1ee9ng tr\u01b0\u1edbc nh\u1eefng ng\u01b0\u1eddi c\u00f3 t\u00ednh kh\u00ed c\u1ed5 qu\u00e1i ho\u1eb7c tr\u01b0\u1edbc t\u00ecnh tr\u1ea1ng kh\u00f3 \u0111\u1ed1i ph\u00f3 kh\u00e1c, b\u1ea1n ho\u00e0n to\u00e0n c\u00f3 th\u1ec3 t\u00ecm \u0111\u01b0\u1ee3c k\u1ef9 x\u1ea3o t\u01b0\u01a1ng \u1ee9ng trong cu\u1ed1n s\u00e1ch, tho\u1ea3i m\u00e1i \u1ee9ng ph\u00f3. T\u1eeb \u0111\u00f3, kh\u00f4ng nh\u1eefng s\u1ebd kh\u00f4ng r\u01a1i v\u00e0o tr\u00f2 l\u1eeba g\u1ea1t, ng\u01b0\u1ee3c l\u1ea1i c\u00f3 th\u1ec3 nh\u01b0 c\u00e1 g\u1eb7p n\u01b0\u1edbc, v\u1ea1n s\u1ef1 nh\u01b0 \u00fd trong b\u1ea5t c\u1ee9 m\u1ed1i quan h\u1ec7 n\u00e0o.<\/p>\n","protected":false},"excerpt":{"rendered":"<p>\u201cV\u1edbi s\u1ef1 ph\u00e1t tri\u1ec3n nhanh ch\u00f3ng nh\u01b0 hi\u1ec7n nay, c\u00f3 nh\u1eefng ng\u01b0\u1eddi v\u00ec theo \u0111u\u1ed5i l\u1ee3i \u00edch, th\u1ecfa m\u00e3n d\u1ee5c v\u1ecdng c\u1ee7a ch\u00ednh m\u00ecnh m\u00e0 th\u01b0\u1eddng l\u1eeba g\u1ea1t \u0111\u1ea5u \u0111\u00e1 l\u1eabn nhau. Mu\u1ed1n c\u00f3 ch\u1ed7 \u0111\u1ee9ng trong x\u00e3 h\u1ed9i n\u00e0y n\u1ebfu kh\u00f4ng bi\u1ebft c\u00e1ch nh\u00ecn l\u00f2ng ng\u01b0\u1eddi, t\u1ea5t nhi\u00ean s\u1ebd b\u1ecb l\u1eeba g\u1ea1t h\u00e3m h\u1ea1i ho\u1eb7c ph\u1ea3n b\u1ed9i, b\u1ecb ng\u01b0\u1eddi kh\u00e1c gi\u1eabm \u0111\u1ea1p xu\u1ed1ng t\u1ea7ng th\u1ea5p nh\u1ea5t.\u201d<\/p>\n<p>Tuy nhi\u00ean, l\u00f2ng ng\u01b0\u1eddi l\u1ea1i th\u1ee9 thay \u0111\u1ed5i kh\u00f3 \u0111o\u00e1n nh\u1ea5t. H\u1ea7u nh\u01b0 ai c\u0169ng c\u00f3 th\u1ec3 nh\u00ecn th\u1ea5y bi\u1ec3u c\u1ea3m v\u00e0 h\u00e0nh \u0111\u1ed9ng c\u1ee7a ng\u01b0\u1eddi kh\u00e1c, nh\u01b0ng r\u1ea5t \u00edt ng\u01b0\u1eddi l\u1ea1i c\u00f3 th\u1ec3 nh\u00ecn th\u1ea5u \u0111\u01b0\u1ee3c t\u00e2m l\u00fd c\u1ee7a h\u1ecd. N\u1ebfu kh\u00f4ng c\u00f3 qu\u1ea3 c\u1ea7u c\u1ee7a ph\u00f9 th\u1ee7y Gypsy, v\u1eady l\u00e0m c\u00e1ch n\u00e0o \u0111\u1ec3 ch\u00fang ta c\u00f3 th\u1ec3 n\u1eafm b\u1eaft v\u00e0 khai th\u00e1c \u0111\u01b0\u1ee3c suy ngh\u0129 c\u1ee7a \u0111\u1ed1i ph\u01b0\u01a1ng, gi\u00fap b\u1ea3n th\u00e2n ch\u1ee7 \u0111\u1ed9ng v\u00e0 n\u1eafm b\u1eaft c\u01a1 h\u1ed9i trong qu\u00e1 tr\u00ecnh giao ti\u1ebfp?<\/p>\n<p>Cu\u1ed1n s\u00e1ch T\u00e2m l\u00fd h\u1ecdc \u2013 Ngh\u1ec7 thu\u1eadt gi\u1ea3i m\u00e3 h\u00e0nh vi c\u1ee7a t\u00e1c gi\u1ea3 Tr\u1ea7n L\u1ed9 s\u1ebd cung c\u1ea5p cho ch\u00fang ta nh\u1eefng l\u00fd lu\u1eadn uy t\u00edn v\u00e0 k\u1ef3 di\u1ec7u c\u1ee7a t\u00e2m l\u00fd h\u1ecdc \u0111\u1ec3 c\u00f3 th\u1ec3 \u0111\u1ecdc suy ngh\u0129 c\u1ee7a ng\u01b0\u1eddi kh\u00e1c, c\u0169ng nh\u01b0 ph\u00e1 tan ph\u00f2ng tuy\u1ebfn t\u00e2m l\u00fd con ng\u01b0\u1eddi. Tr\u00ean th\u1ef1c t\u1ebf, m\u1ed9t s\u1ed1 l\u01b0\u1ee3ng l\u1edbn h\u00e0nh vi v\u00e0 c\u1eed ch\u1ec9 c\u1ee7a con ng\u01b0\u1eddi \u0111\u01b0\u1ee3c th\u1ef1c hi\u1ec7n m\u1ed9t c\u00e1ch v\u00f4 th\u1ee9c. Do s\u1ef1 v\u00f4 th\u1ee9c \u0111\u00f3 ti\u1ec7m c\u1eadn v\u1edbi n\u01a1i s\u00e2u k\u00edn nh\u1ea5t trong t\u00e2m tr\u00ed, n\u00ean nh\u1eefng h\u00e0nh \u0111\u1ed9ng b\u1ea3n n\u0103ng n\u00e0y s\u1ebd th\u1ec3 hi\u1ec7n n\u1ed9i t\u00e2m con ng\u01b0\u1eddi m\u1ed9t c\u00e1ch r\u00f5 r\u00e0ng nh\u1ea5t. V\u00ec v\u1eady, th\u00f4ng qua h\u00e0nh vi, t\u00ednh c\u00e1ch, ng\u00f4n ng\u1eef c\u01a1 th\u1ec3, s\u1edf th\u00edch\u2026 th\u1eadm ch\u00ed l\u00e0 l\u1eddi n\u00f3i d\u1ed1i c\u1ee7a \u0111\u1ed1i ph\u01b0\u01a1ng \u0111\u1ec3 c\u00f3 th\u1ec3 khai th\u00e1c \u201cMa ph\u00e1p\u201d- suy ngh\u0129 th\u1ef1c s\u1ef1 trong l\u00f2ng ng\u01b0\u1eddi kh\u00e1c.<\/p>\n<p>Cu\u1ed1n s\u00e1ch s\u1eed d\u1ee5ng ng\u00f4n ng\u1eef th\u1eb3ng th\u1eafn, h\u00e0i h\u01b0\u1edbc, c\u00e1c v\u00ed d\u1ee5 \u0111i\u1ec3n h\u00ecnh sinh \u0111\u1ed9ng, cho \u0111\u1ed9c gi\u1ea3 th\u1ea5y nh\u1eefng hi\u1ec7n t\u01b0\u1ee3ng t\u00e2m l\u00fd h\u1ecdc c\u00f3 li\u00ean quan m\u1eadt thi\u1ebft v\u1edbi cu\u1ed9c s\u1ed1ng, \u0111\u1ed3ng th\u1eddi th\u00f4ng qua ph\u00e2n t\u00edch c\u00e1c k\u1ef9 x\u1ea3o c\u00f3 th\u1ec3 gi\u00fap \u0111\u1ed9c gi\u1ea3 n\u1eafm b\u1eaft \u0111\u01b0\u1ee3c \u00fd ngh\u0129a c\u1ee7a c\u00e1c h\u00e0nh \u0111\u1ed9ng, ch\u1ea1m t\u1edbi ti\u1ec1m th\u1ee9c, hi\u1ec3u \u0111\u01b0\u1ee3c nh\u1eefng \u0111i\u1ec1u s\u00e2u k\u00edn nh\u1ea5t trong t\u00e2m tr\u00ed \u0111\u1ed1i ph\u01b0\u01a1ng, n\u1eafm ch\u1eafc to\u00e0n c\u1ee5c trong m\u1ed1i giao ti\u1ebfp gi\u1eefa ng\u01b0\u1eddi v\u1edbi ng\u01b0\u1eddi.<\/p>\n<p>Tr\u01b0\u1edbc \u0111\u00e2y, b\u1ea1n kh\u00f4ng th\u1ec3 nh\u00ecn th\u1ea5y l\u00f2ng ng\u01b0\u1eddi, th\u1eadm ch\u00ed c\u1ea3m th\u1ea5y m\u00f9 m\u1ecbt, th\u00ec gi\u1edd \u0111\u00e2y khi \u0111\u1ee9ng tr\u01b0\u1edbc nh\u1eefng ng\u01b0\u1eddi c\u00f3 t\u00ednh kh\u00ed c\u1ed5 qu\u00e1i ho\u1eb7c tr\u01b0\u1edbc t\u00ecnh tr\u1ea1ng kh\u00f3 \u0111\u1ed1i ph\u00f3 kh\u00e1c, b\u1ea1n ho\u00e0n to\u00e0n c\u00f3 th\u1ec3 t\u00ecm \u0111\u01b0\u1ee3c k\u1ef9 x\u1ea3o t\u01b0\u01a1ng \u1ee9ng trong cu\u1ed1n s\u00e1ch, tho\u1ea3i m\u00e1i \u1ee9ng ph\u00f3. T\u1eeb \u0111\u00f3, kh\u00f4ng nh\u1eefng s\u1ebd kh\u00f4ng r\u01a1i v\u00e0o tr\u00f2 l\u1eeba g\u1ea1t, ng\u01b0\u1ee3c l\u1ea1i c\u00f3 th\u1ec3 nh\u01b0 c\u00e1 g\u1eb7p n\u01b0\u1edbc, v\u1ea1n s\u1ef1 nh\u01b0 \u00fd trong b\u1ea5t c\u1ee9 m\u1ed1i quan h\u1ec7 n\u00e0o.<\/p>\n","protected":false},"featured_media":18536,"template":"","meta":{"_acf_changed":false},"product_brand":[],"product_cat":[18,15,46],"product_tag":[],"class_list":{"0":"post-18537","1":"product","2":"type-product","3":"status-publish","4":"has-post-thumbnail","6":"product_cat-kinh-te","7":"product_cat-sach-danh-cho-nguoi-lon","8":"product_cat-ky-nang-song","10":"first","11":"outofstock","12":"taxable","13":"shipping-taxable","14":"purchasable","15":"product-type-simple"},"supplier_id":null,"supplier_sku":"","barcode":null,"atum_controlled":true,"out_stock_date":"2022-12-19 12:58:12","out_stock_threshold":null,"inheritable":false,"inbound_stock":0,"stock_on_hold":0,"sold_today":0,"sales_last_days":0,"reserved_stock":0,"customer_returns":0,"warehouse_damage":0,"lost_in_post":0,"other_logs":0,"out_stock_days":1136,"lost_sales":0,"has_location":false,"update_date":"2026-01-28T23:11:03","atum_locations":[{"id":32,"name":"Helsinki","slug":"helsinki"}],"atum_stock_status":"outofstock","restock_status":false,"low_stock_amount":"","sales_update_date":"2026-01-28T23:11:03","calc_backorders":null,"acf":{"publisher":{"ID":1785,"post_author":"1","post_date":"2021-02-17 01:54:46","post_date_gmt":"2021-02-16 23:54:46","post_content":"<!-- wp:flatsome\/uxbuilder -->\n<h1 style=\"text-align: center;\"><strong>AZ VIETNAM<\/strong><\/h1>\n[row]\n\n[col span=\"8\" span__sm=\"12\"]\n\n<p>Th\u00e0nh l\u1eadp n\u0103m: 2015<br \/>V\u1ed1n \u0111\u1ea7u t\u01b0: 4,000,000,000 \u0111\u1ed3ng<br \/><strong>L\u0129nh v\u1ef1c:<\/strong><br \/>- Xu\u1ea5t b\u1ea3n v\u00e0 ph\u00e1t h\u00e0nh v\u0103n h\u00f3a ph\u1ea9m<br \/>- Cung c\u1ea5p v\u0103n h\u00f3a ph\u1ea9m, c\u00e1c s\u1ea3n ph\u1ea9m cho in \u1ea5n, trang thi\u1ebft b\u1ecb cho c\u00e1c th\u01b0 vi\u1ec7n v\u00e0 trung t\u00e2m s\u00e1ch tr\u00ean c\u1ea3 n\u01b0\u1edbc.<br \/>- Th\u1eddi trang v\u00e0 c\u00e1c s\u1ea3n ph\u1ea9m li\u00ean quan \u0111\u1ebfn l\u0129nh v\u1ef1c th\u1eddi trang<br \/>- Xu\u1ea5t nh\u1eadp kh\u1ea9u c\u00e1c s\u1ea3n ph\u1ea9m v\u0103n h\u00f3a<\/p>\n<p><strong>Quy m\u00f4:<\/strong> 60 nh\u00e2n vi\u00ean<br \/>Kh\u1edfi ngu\u1ed3n c\u1ee7a AZ Vi\u1ec7t Nam ng\u00e0y nay l\u00e0 C\u00f4ng ty TNHH Trung t\u00e2m S\u00e1ch v\u00e0 Thi\u1ebft b\u1ecb Th\u01b0 vi\u1ec7n, v\u1edbi ho\u1ea1t \u0111\u1ed9ng \u0111\u1ea7u ti\u00ean l\u00e0 cung c\u1ea5p s\u00e1ch, trang thi\u1ebft b\u1ecb, v\u0103n h\u00f3a ph\u1ea9m cho c\u00e1c th\u01b0 vi\u1ec7n v\u00e0 trung t\u00e2m s\u00e1ch tr\u00ean c\u1ea3 n\u01b0\u1edbc. T\u1eeb cu\u1ed1i n\u0103m 2010 \u0111\u1ebfn nay, ch\u00fang t\u00f4i \u0111\u00e3 kh\u00f4ng ng\u1eebng n\u1ed7 l\u1ef1c khai ph\u00e1 v\u00e0 ph\u00e1t tri\u1ec3n c\u00e1c d\u00f2ng s\u1ea3n ph\u1ea9m m\u1edbi v\u1edbi 8 th\u01b0\u01a1ng hi\u1ec7u uy t\u00edn. \u0110\u1ec3 \u0111\u00e1p \u1ee9ng nhu c\u1ea7u ph\u00e1t tri\u1ec3n ng\u00e0y m\u1ed9t l\u1edbn m\u1ea1nh v\u00e0 t\u1eadp h\u1ee3p c\u00e1c th\u01b0\u01a1ng hi\u1ec7u \u0111\u00e3 \u0111\u01b0\u1ee3c ch\u00fang t\u00f4i x\u00e2y d\u1ef1ng, 2015 C\u00f4ng ty TNHH AZ Vi\u1ec7t Nam \u0111\u00e3 ra \u0111\u1eddi v\u1edbi s\u1ee9 m\u1ec7nh mang \u0111\u1ebfn nhi\u1ec1u h\u01a1n n\u1eefa nh\u1eefng gi\u00e1 tr\u1ecb tinh th\u1ea7n, tri th\u1ee9c ti\u00ean ti\u1ebfn cho ng\u01b0\u1eddi ti\u00eau d\u00f9ng b\u1eb1ng vi\u1ec7c cung c\u1ea5p nh\u1eefng s\u1ea3n ph\u1ea9m c\u00f3 ch\u1ea5t l\u01b0\u1ee3ng.<\/p>\n\n[\/col]\n[col span=\"4\" span__sm=\"12\"]\n\n[ux_image id=\"1836\" image_size=\"medium\"]\n\n\n[\/col]\n\n[\/row]\n\n<!-- \/wp:flatsome\/uxbuilder -->","post_title":"AZ Vi\u1ec7t Nam","post_excerpt":"","post_status":"publish","comment_status":"closed","ping_status":"closed","post_password":"","post_name":"az-viet-nam","to_ping":"","pinged":"","post_modified":"2021-02-17 22:07:10","post_modified_gmt":"2021-02-17 20:07:10","post_content_filtered":"","post_parent":0,"guid":"https:\/\/sachviet.eu\/nha-phat-hanh\/az-viet-nam\/","menu_order":0,"post_type":"publisher","post_mime_type":"","comment_count":"0","filter":"raw"}},"_links":{"self":[{"href":"https:\/\/sachviet.eu\/en\/wp-json\/wp\/v2\/product\/18537","targetHints":{"allow":["GET"]}}],"collection":[{"href":"https:\/\/sachviet.eu\/en\/wp-json\/wp\/v2\/product"}],"about":[{"href":"https:\/\/sachviet.eu\/en\/wp-json\/wp\/v2\/types\/product"}],"wp:featuredmedia":[{"embeddable":true,"href":"https:\/\/sachviet.eu\/en\/wp-json\/wp\/v2\/media\/18536"}],"wp:attachment":[{"href":"https:\/\/sachviet.eu\/en\/wp-json\/wp\/v2\/media?parent=18537"}],"wp:term":[{"taxonomy":"product_brand","embeddable":true,"href":"https:\/\/sachviet.eu\/en\/wp-json\/wp\/v2\/product_brand?post=18537"},{"taxonomy":"product_cat","embeddable":true,"href":"https:\/\/sachviet.eu\/en\/wp-json\/wp\/v2\/product_cat?post=18537"},{"taxonomy":"product_tag","embeddable":true,"href":"https:\/\/sachviet.eu\/en\/wp-json\/wp\/v2\/product_tag?post=18537"}],"curies":[{"name":"wp","href":"https:\/\/api.w.org\/{rel}","templated":true}]}}