{"id":18535,"date":"2022-04-16T12:54:43","date_gmt":"2022-04-16T09:54:43","guid":{"rendered":"https:\/\/sachviet.eu\/shop\/khong-ai-co-the-lam-ban-ton-thuong-tru-khi-ban-cho-phep\/"},"modified":"2022-12-19T15:09:36","modified_gmt":"2022-12-19T13:09:36","slug":"khong-ai-co-the-lam-ban-ton-thuong-tru-khi-ban-cho-phep","status":"publish","type":"product","link":"https:\/\/sachviet.eu\/en\/shop\/khong-ai-co-the-lam-ban-ton-thuong-tru-khi-ban-cho-phep\/","title":{"rendered":"Kh\u00f4ng Ai C\u00f3 Th\u1ec3 L\u00e0m B\u1ea1n T\u1ed5n Th\u01b0\u01a1ng Tr\u1eeb Khi B\u1ea1n Cho Ph\u00e9p"},"content":{"rendered":"<p>KH\u00d4NG AI C\u00d3 TH\u1ec2 L\u00c0M B\u1ea0N T\u1ed4N TH\u01af\u01a0NG TR\u1eea KHI B\u1ea0N CHO PH\u00c9P \u2013 YOO EUN JUNG<\/p>\n<p>Ch\u00fang ta v\u1eabn th\u01b0\u1eddng ngh\u0129 m\u00ecnh s\u1ebd ch\u1ec9 h\u1ea1nh ph\u00fac khi \u1edf b\u00ean c\u1ea1nh ai \u0111\u00f3 v\u00e0 nh\u1eadn \u0111\u01b0\u1ee3c y\u00eau th\u01b0\u01a1ng t\u1eeb h\u1ecd. Nh\u01b0ng th\u1ef1c ch\u1ea5t, h\u1ea1nh ph\u00fac \u0111\u01a1n gi\u1ea3n ch\u1ec9 l\u00e0 bi\u1ebft tr\u00e2n tr\u1ecdng b\u1ea3n th\u00e2n v\u00e0 t\u1eadn h\u01b0\u1edfng ni\u1ec1m vui trong ch\u00ednh cu\u1ed9c s\u1ed1ng m\u00e0 b\u1ea1n mong \u01b0\u1edbc. V\u1eady n\u00ean, h\u00e3y nh\u1edb r\u1eb1ng kh\u00f4ng ai c\u00f3 th\u1ec3 l\u00e0m b\u1ea1n t\u1ed5n th\u01b0\u01a1ng, tr\u1eeb khi b\u1ea1n cho ph\u00e9p.<\/p>\n<p>L\u00e0 ng\u01b0\u1eddi \u0111ang nghi\u00ean c\u1ee9u v\u00e0 \u0111i\u1ec1u tr\u1ecb t\u00e2m l\u00fd, t\u00e1c gi\u1ea3 Yoo Eun Jung \u0111\u00e3 ch\u1ec9 ra g\u00f3c nh\u00ecn ho\u00e0n to\u00e0n kh\u00e1c v\u1ec1 c\u00e1c v\u1ea5n \u0111\u1ec1 m\u00e0 b\u1ea1n g\u1eb7p ph\u1ea3i trong m\u1ed1i quan h\u1ec7 v\u1edbi nh\u1eefng ng\u01b0\u1eddi xung quanh. Quy\u1ec3n s\u00e1ch n\u00e0y v\u1eeba ch\u1ee9a \u0111\u1ef1ng nh\u1eefng l\u1eddi t\u00e2m t\u00ecnh th\u1ee7 th\u1ec9 c\u1ee7a m\u1ed9t ng\u01b0\u1eddi b\u1ea1n, v\u1eeba \u0111\u01b0a ra c\u00e1c li\u1ec7u ph\u00e1p c\u1ee9ng r\u1eafn \u1edf c\u01b0\u01a1ng v\u1ecb m\u1ed9t chuy\u00ean gia gi\u00fap b\u1ea1n l\u1ea7n l\u01b0\u1ee3t g\u1ee1 b\u1ecf nh\u1eefng v\u01b0\u1edbng m\u1eafc trong l\u00f2ng. N\u1ebfu kh\u00f4ng ph\u1ea3i l\u00e0 \u0111\u01a1n thu\u1ed1c h\u1eefu hi\u1ec7u nh\u1ea5t cho nh\u1eefng ai \u0111ang c\u1ea3m th\u1ea5y m\u1ec7t m\u1ecfi v\u1edbi c\u00e1c m\u1ed1i quan h\u1ec7 th\u00ec n\u00f3 c\u0169ng s\u1ebd l\u00e0 m\u1ed9t vi\u00ean vitamin, hay m\u1ed9t vi\u00ean thu\u1ed1c b\u1ed5 \u0111\u1ec3 b\u1ea1n c\u00f3 th\u1ec3 mang theo v\u00e0 b\u1ed5 sung nh\u01b0 m\u1ed9t lo\u1ea1i d\u01b0\u1ee1ng ch\u1ea5t h\u00e0ng ng\u00e0y cho t\u00e2m l\u00fd nh\u1edd nh\u1eefng chia s\u1ebb v\u1ec1:<\/p>\n<p>1. Nh\u1eefng h\u1ed9i ch\u1ee9ng t\u00e2m l\u00fd c\u00f3 th\u1ec3 b\u1ea1n \u0111ang v\u00f4 t\u00ecnh m\u1eafc ph\u1ea3i khi\u1ebfn cu\u1ed9c s\u1ed1ng kh\u00f4ng \u0111\u01b0\u1ee3c nh\u01b0 \u00fd<br \/>\n2. M\u1eb9o \u1ee9ng x\u1eed trong giao ti\u1ebfp v\u1edbi \u0111a d\u1ea1ng c\u00e1c m\u1ed1i quan h\u1ec7<br \/>\n3. C\u00e1ch \u0111\u00e1nh gi\u00e1 t\u1ea7m quan tr\u1ecdng c\u1ee7a b\u1ea1n trong m\u1eaft \u0111\u1ed1i ph\u01b0\u01a1ng<br \/>\n4. Nh\u1eefng c\u00e1ch \u0111\u1ec3 t\u00f4n tr\u1ecdng b\u1ea3n th\u00e2n nh\u01b0ng kh\u00f4ng l\u00e0m m\u1ea5t l\u00f2ng \u0111\u1ed1i ph\u01b0\u01a1ng<br \/>\n5. C\u0103n nguy\u00ean c\u1ee7a c\u0103n b\u1ec7nh tr\u1ea7m c\u1ea3m v\u00e0 c\u00e1ch \u0111\u1ec3 kh\u00f4ng l\u00fan s\u00e2u v\u00e0o s\u1ef1 tr\u1ea7m u\u1ea5t<\/p>\n<p>Mong b\u1ea1n lu\u00f4n gi\u1eef cho m\u00ecnh \u0111\u1ee7 s\u1ef1 thanh th\u1ea3n trong t\u00e2m h\u1ed3n \u0111\u1ec3 bi\u1ebft \u01a1n m\u1ed7i ph\u00fat gi\u00e2y \u0111\u01b0\u1ee3c s\u1ed1ng, \u0111\u1ee7 quy\u1ebft t\u00e2m \u0111\u1ec3 kh\u00f4ng \u0111\u1ed1i x\u1eed t\u1ec7 v\u1edbi b\u1ea3n th\u00e2n c\u0169ng nh\u01b0 \u0111\u1ee7 can \u0111\u1ea3m \u0111\u1ec3 b\u1ed9c l\u1ed9 nh\u1eefng \u0111i\u1ec1u b\u1ea3n th\u00e2n \u0111ang m\u01b0u c\u1ea7u. H\u00e3y b\u00ecnh t\u00e2m b\u01b0\u1edbc v\u00e0 n\u1ed7 l\u1ef1c kh\u00f4ng ng\u1eebng v\u00ec nh\u1eefng \u0111i\u1ec1u b\u1ea3n th\u00e2n mong mu\u1ed1n \u0111\u1ea1t \u0111\u01b0\u1ee3c, b\u1ea1n s\u1ebd t\u1ef1 kh\u1eafc th\u1ea5y m\u00ecnh h\u1ea1nh ph\u00fac h\u01a1n.<\/p>\n<p>V\u1ec1 t\u00e1c gi\u1ea3: Yoo Eun Jung<\/p>\n<p>Ch\u1ee7 t\u1ecbch H\u1ed9i \u0111\u1ed3ng h\u1ecdc thu\u1eadt c\u1ee7a Hi\u1ec7p h\u1ed9i \u0110i\u1ec1u tr\u1ecb B\u00e9o ph\u00ec v\u00e0 Th\u1ea9m m\u1ef9 H\u00e0n Qu\u1ed1c, v\u00e0 l\u00e0 th\u00e0nh vi\u00ean ban ch\u1ec9 \u0111\u1ea1o c\u1ee7a Hi\u1ec7p h\u1ed9i T\u00e2m th\u1ea7n C\u01a1 \u0111\u1ed1c gi\u00e1o H\u00e0n Qu\u1ed1c. C\u00f4 \u1ea5y \u0111\u1eb7c bi\u1ec7t quan t\u00e2m \u0111\u1ebfn l\u0129nh v\u1ef1c ch\u00e1nh ni\u1ec7m, gi\u1ea3i ph\u00f3ng b\u1ea3n th\u00e2n kh\u1ecfi nh\u1eefng phi\u1ec1n nhi\u1ec5u b\u1eb1ng c\u00e1ch t\u1eadp trung v\u00e0o \u201c\u1edf \u0111\u00e2y v\u00e0 ngay b\u00e2y gi\u1edd\u201d. Hi\u1ec7n c\u00f4 \u0111ang nghi\u00ean c\u1ee9u \u0111i\u1ec1u tr\u1ecb t\u00e2m l\u00fd th\u00f4ng qua c\u00e1ch n\u00e0y.<\/p>\n","protected":false},"excerpt":{"rendered":"<p>KH\u00d4NG AI C\u00d3 TH\u1ec2 L\u00c0M B\u1ea0N T\u1ed4N TH\u01af\u01a0NG TR\u1eea KHI B\u1ea0N CHO PH\u00c9P \u2013 YOO EUN JUNG<\/p>\n<p>Ch\u00fang ta v\u1eabn th\u01b0\u1eddng ngh\u0129 m\u00ecnh s\u1ebd ch\u1ec9 h\u1ea1nh ph\u00fac khi \u1edf b\u00ean c\u1ea1nh ai \u0111\u00f3 v\u00e0 nh\u1eadn \u0111\u01b0\u1ee3c y\u00eau th\u01b0\u01a1ng t\u1eeb h\u1ecd. Nh\u01b0ng th\u1ef1c ch\u1ea5t, h\u1ea1nh ph\u00fac \u0111\u01a1n gi\u1ea3n ch\u1ec9 l\u00e0 bi\u1ebft tr\u00e2n tr\u1ecdng b\u1ea3n th\u00e2n v\u00e0 t\u1eadn h\u01b0\u1edfng ni\u1ec1m vui trong ch\u00ednh cu\u1ed9c s\u1ed1ng m\u00e0 b\u1ea1n mong \u01b0\u1edbc. V\u1eady n\u00ean, h\u00e3y nh\u1edb r\u1eb1ng kh\u00f4ng ai c\u00f3 th\u1ec3 l\u00e0m b\u1ea1n t\u1ed5n th\u01b0\u01a1ng, tr\u1eeb khi b\u1ea1n cho ph\u00e9p.<\/p>\n<p>L\u00e0 ng\u01b0\u1eddi \u0111ang nghi\u00ean c\u1ee9u v\u00e0 \u0111i\u1ec1u tr\u1ecb t\u00e2m l\u00fd, t\u00e1c gi\u1ea3 Yoo Eun Jung \u0111\u00e3 ch\u1ec9 ra g\u00f3c nh\u00ecn ho\u00e0n to\u00e0n kh\u00e1c v\u1ec1 c\u00e1c v\u1ea5n \u0111\u1ec1 m\u00e0 b\u1ea1n g\u1eb7p ph\u1ea3i trong m\u1ed1i quan h\u1ec7 v\u1edbi nh\u1eefng ng\u01b0\u1eddi xung quanh. Quy\u1ec3n s\u00e1ch n\u00e0y v\u1eeba ch\u1ee9a \u0111\u1ef1ng nh\u1eefng l\u1eddi t\u00e2m t\u00ecnh th\u1ee7 th\u1ec9 c\u1ee7a m\u1ed9t ng\u01b0\u1eddi b\u1ea1n, v\u1eeba \u0111\u01b0a ra c\u00e1c li\u1ec7u ph\u00e1p c\u1ee9ng r\u1eafn \u1edf c\u01b0\u01a1ng v\u1ecb m\u1ed9t chuy\u00ean gia gi\u00fap b\u1ea1n l\u1ea7n l\u01b0\u1ee3t g\u1ee1 b\u1ecf nh\u1eefng v\u01b0\u1edbng m\u1eafc trong l\u00f2ng. N\u1ebfu kh\u00f4ng ph\u1ea3i l\u00e0 \u0111\u01a1n thu\u1ed1c h\u1eefu hi\u1ec7u nh\u1ea5t cho nh\u1eefng ai \u0111ang c\u1ea3m th\u1ea5y m\u1ec7t m\u1ecfi v\u1edbi c\u00e1c m\u1ed1i quan h\u1ec7 th\u00ec n\u00f3 c\u0169ng s\u1ebd l\u00e0 m\u1ed9t vi\u00ean vitamin, hay m\u1ed9t vi\u00ean thu\u1ed1c b\u1ed5 \u0111\u1ec3 b\u1ea1n c\u00f3 th\u1ec3 mang theo v\u00e0 b\u1ed5 sung nh\u01b0 m\u1ed9t lo\u1ea1i d\u01b0\u1ee1ng ch\u1ea5t h\u00e0ng ng\u00e0y cho t\u00e2m l\u00fd nh\u1edd nh\u1eefng chia s\u1ebb v\u1ec1:<\/p>\n<p>1. Nh\u1eefng h\u1ed9i ch\u1ee9ng t\u00e2m l\u00fd c\u00f3 th\u1ec3 b\u1ea1n \u0111ang v\u00f4 t\u00ecnh m\u1eafc ph\u1ea3i khi\u1ebfn cu\u1ed9c s\u1ed1ng kh\u00f4ng \u0111\u01b0\u1ee3c nh\u01b0 \u00fd<br \/>\n2. M\u1eb9o \u1ee9ng x\u1eed trong giao ti\u1ebfp v\u1edbi \u0111a d\u1ea1ng c\u00e1c m\u1ed1i quan h\u1ec7<br \/>\n3. C\u00e1ch \u0111\u00e1nh gi\u00e1 t\u1ea7m quan tr\u1ecdng c\u1ee7a b\u1ea1n trong m\u1eaft \u0111\u1ed1i ph\u01b0\u01a1ng<br \/>\n4. Nh\u1eefng c\u00e1ch \u0111\u1ec3 t\u00f4n tr\u1ecdng b\u1ea3n th\u00e2n nh\u01b0ng kh\u00f4ng l\u00e0m m\u1ea5t l\u00f2ng \u0111\u1ed1i ph\u01b0\u01a1ng<br \/>\n5. C\u0103n nguy\u00ean c\u1ee7a c\u0103n b\u1ec7nh tr\u1ea7m c\u1ea3m v\u00e0 c\u00e1ch \u0111\u1ec3 kh\u00f4ng l\u00fan s\u00e2u v\u00e0o s\u1ef1 tr\u1ea7m u\u1ea5t<\/p>\n<p>Mong b\u1ea1n lu\u00f4n gi\u1eef cho m\u00ecnh \u0111\u1ee7 s\u1ef1 thanh th\u1ea3n trong t\u00e2m h\u1ed3n \u0111\u1ec3 bi\u1ebft \u01a1n m\u1ed7i ph\u00fat gi\u00e2y \u0111\u01b0\u1ee3c s\u1ed1ng, \u0111\u1ee7 quy\u1ebft t\u00e2m \u0111\u1ec3 kh\u00f4ng \u0111\u1ed1i x\u1eed t\u1ec7 v\u1edbi b\u1ea3n th\u00e2n c\u0169ng nh\u01b0 \u0111\u1ee7 can \u0111\u1ea3m \u0111\u1ec3 b\u1ed9c l\u1ed9 nh\u1eefng \u0111i\u1ec1u b\u1ea3n th\u00e2n \u0111ang m\u01b0u c\u1ea7u. H\u00e3y b\u00ecnh t\u00e2m b\u01b0\u1edbc v\u00e0 n\u1ed7 l\u1ef1c kh\u00f4ng ng\u1eebng v\u00ec nh\u1eefng \u0111i\u1ec1u b\u1ea3n th\u00e2n mong mu\u1ed1n \u0111\u1ea1t \u0111\u01b0\u1ee3c, b\u1ea1n s\u1ebd t\u1ef1 kh\u1eafc th\u1ea5y m\u00ecnh h\u1ea1nh ph\u00fac h\u01a1n.<\/p>\n<p>V\u1ec1 t\u00e1c gi\u1ea3: Yoo Eun Jung<\/p>\n<p>Ch\u1ee7 t\u1ecbch H\u1ed9i \u0111\u1ed3ng h\u1ecdc thu\u1eadt c\u1ee7a Hi\u1ec7p h\u1ed9i \u0110i\u1ec1u tr\u1ecb B\u00e9o ph\u00ec v\u00e0 Th\u1ea9m m\u1ef9 H\u00e0n Qu\u1ed1c, v\u00e0 l\u00e0 th\u00e0nh vi\u00ean ban ch\u1ec9 \u0111\u1ea1o c\u1ee7a Hi\u1ec7p h\u1ed9i T\u00e2m th\u1ea7n C\u01a1 \u0111\u1ed1c gi\u00e1o H\u00e0n Qu\u1ed1c. C\u00f4 \u1ea5y \u0111\u1eb7c bi\u1ec7t quan t\u00e2m \u0111\u1ebfn l\u0129nh v\u1ef1c ch\u00e1nh ni\u1ec7m, gi\u1ea3i ph\u00f3ng b\u1ea3n th\u00e2n kh\u1ecfi nh\u1eefng phi\u1ec1n nhi\u1ec5u b\u1eb1ng c\u00e1ch t\u1eadp trung v\u00e0o \u201c\u1edf \u0111\u00e2y v\u00e0 ngay b\u00e2y gi\u1edd\u201d. Hi\u1ec7n c\u00f4 \u0111ang nghi\u00ean c\u1ee9u \u0111i\u1ec1u tr\u1ecb t\u00e2m l\u00fd th\u00f4ng qua c\u00e1ch n\u00e0y.<\/p>\n","protected":false},"featured_media":18534,"template":"","meta":{"_acf_changed":false},"product_brand":[],"product_cat":[15,47],"product_tag":[],"class_list":{"0":"post-18535","1":"product","2":"type-product","3":"status-publish","4":"has-post-thumbnail","6":"product_cat-sach-danh-cho-nguoi-lon","7":"product_cat-truyen-ngan-tan-van","9":"first","10":"outofstock","11":"taxable","12":"shipping-taxable","13":"purchasable","14":"product-type-simple"},"supplier_id":null,"supplier_sku":"","barcode":null,"atum_controlled":true,"out_stock_date":"2022-12-19 12:58:12","out_stock_threshold":null,"inheritable":false,"inbound_stock":0,"stock_on_hold":0,"sold_today":0,"sales_last_days":0,"reserved_stock":0,"customer_returns":0,"warehouse_damage":0,"lost_in_post":0,"other_logs":0,"out_stock_days":1136,"lost_sales":0,"has_location":false,"update_date":"2026-01-28T23:11:03","atum_locations":[{"id":32,"name":"Helsinki","slug":"helsinki"}],"atum_stock_status":"outofstock","restock_status":false,"low_stock_amount":"","sales_update_date":"2026-01-28T23:11:03","calc_backorders":null,"acf":{"publisher":{"ID":1785,"post_author":"1","post_date":"2021-02-17 01:54:46","post_date_gmt":"2021-02-16 23:54:46","post_content":"<!-- wp:flatsome\/uxbuilder -->\n<h1 style=\"text-align: center;\"><strong>AZ VIETNAM<\/strong><\/h1>\n[row]\n\n[col span=\"8\" span__sm=\"12\"]\n\n<p>Th\u00e0nh l\u1eadp n\u0103m: 2015<br \/>V\u1ed1n \u0111\u1ea7u t\u01b0: 4,000,000,000 \u0111\u1ed3ng<br \/><strong>L\u0129nh v\u1ef1c:<\/strong><br \/>- Xu\u1ea5t b\u1ea3n v\u00e0 ph\u00e1t h\u00e0nh v\u0103n h\u00f3a ph\u1ea9m<br \/>- Cung c\u1ea5p v\u0103n h\u00f3a ph\u1ea9m, c\u00e1c s\u1ea3n ph\u1ea9m cho in \u1ea5n, trang thi\u1ebft b\u1ecb cho c\u00e1c th\u01b0 vi\u1ec7n v\u00e0 trung t\u00e2m s\u00e1ch tr\u00ean c\u1ea3 n\u01b0\u1edbc.<br \/>- Th\u1eddi trang v\u00e0 c\u00e1c s\u1ea3n ph\u1ea9m li\u00ean quan \u0111\u1ebfn l\u0129nh v\u1ef1c th\u1eddi trang<br \/>- Xu\u1ea5t nh\u1eadp kh\u1ea9u c\u00e1c s\u1ea3n ph\u1ea9m v\u0103n h\u00f3a<\/p>\n<p><strong>Quy m\u00f4:<\/strong> 60 nh\u00e2n vi\u00ean<br \/>Kh\u1edfi ngu\u1ed3n c\u1ee7a AZ Vi\u1ec7t Nam ng\u00e0y nay l\u00e0 C\u00f4ng ty TNHH Trung t\u00e2m S\u00e1ch v\u00e0 Thi\u1ebft b\u1ecb Th\u01b0 vi\u1ec7n, v\u1edbi ho\u1ea1t \u0111\u1ed9ng \u0111\u1ea7u ti\u00ean l\u00e0 cung c\u1ea5p s\u00e1ch, trang thi\u1ebft b\u1ecb, v\u0103n h\u00f3a ph\u1ea9m cho c\u00e1c th\u01b0 vi\u1ec7n v\u00e0 trung t\u00e2m s\u00e1ch tr\u00ean c\u1ea3 n\u01b0\u1edbc. T\u1eeb cu\u1ed1i n\u0103m 2010 \u0111\u1ebfn nay, ch\u00fang t\u00f4i \u0111\u00e3 kh\u00f4ng ng\u1eebng n\u1ed7 l\u1ef1c khai ph\u00e1 v\u00e0 ph\u00e1t tri\u1ec3n c\u00e1c d\u00f2ng s\u1ea3n ph\u1ea9m m\u1edbi v\u1edbi 8 th\u01b0\u01a1ng hi\u1ec7u uy t\u00edn. \u0110\u1ec3 \u0111\u00e1p \u1ee9ng nhu c\u1ea7u ph\u00e1t tri\u1ec3n ng\u00e0y m\u1ed9t l\u1edbn m\u1ea1nh v\u00e0 t\u1eadp h\u1ee3p c\u00e1c th\u01b0\u01a1ng hi\u1ec7u \u0111\u00e3 \u0111\u01b0\u1ee3c ch\u00fang t\u00f4i x\u00e2y d\u1ef1ng, 2015 C\u00f4ng ty TNHH AZ Vi\u1ec7t Nam \u0111\u00e3 ra \u0111\u1eddi v\u1edbi s\u1ee9 m\u1ec7nh mang \u0111\u1ebfn nhi\u1ec1u h\u01a1n n\u1eefa nh\u1eefng gi\u00e1 tr\u1ecb tinh th\u1ea7n, tri th\u1ee9c ti\u00ean ti\u1ebfn cho ng\u01b0\u1eddi ti\u00eau d\u00f9ng b\u1eb1ng vi\u1ec7c cung c\u1ea5p nh\u1eefng s\u1ea3n ph\u1ea9m c\u00f3 ch\u1ea5t l\u01b0\u1ee3ng.<\/p>\n\n[\/col]\n[col span=\"4\" span__sm=\"12\"]\n\n[ux_image id=\"1836\" image_size=\"medium\"]\n\n\n[\/col]\n\n[\/row]\n\n<!-- \/wp:flatsome\/uxbuilder -->","post_title":"AZ Vi\u1ec7t Nam","post_excerpt":"","post_status":"publish","comment_status":"closed","ping_status":"closed","post_password":"","post_name":"az-viet-nam","to_ping":"","pinged":"","post_modified":"2021-02-17 22:07:10","post_modified_gmt":"2021-02-17 20:07:10","post_content_filtered":"","post_parent":0,"guid":"https:\/\/sachviet.eu\/nha-phat-hanh\/az-viet-nam\/","menu_order":0,"post_type":"publisher","post_mime_type":"","comment_count":"0","filter":"raw"}},"_links":{"self":[{"href":"https:\/\/sachviet.eu\/en\/wp-json\/wp\/v2\/product\/18535","targetHints":{"allow":["GET"]}}],"collection":[{"href":"https:\/\/sachviet.eu\/en\/wp-json\/wp\/v2\/product"}],"about":[{"href":"https:\/\/sachviet.eu\/en\/wp-json\/wp\/v2\/types\/product"}],"wp:featuredmedia":[{"embeddable":true,"href":"https:\/\/sachviet.eu\/en\/wp-json\/wp\/v2\/media\/18534"}],"wp:attachment":[{"href":"https:\/\/sachviet.eu\/en\/wp-json\/wp\/v2\/media?parent=18535"}],"wp:term":[{"taxonomy":"product_brand","embeddable":true,"href":"https:\/\/sachviet.eu\/en\/wp-json\/wp\/v2\/product_brand?post=18535"},{"taxonomy":"product_cat","embeddable":true,"href":"https:\/\/sachviet.eu\/en\/wp-json\/wp\/v2\/product_cat?post=18535"},{"taxonomy":"product_tag","embeddable":true,"href":"https:\/\/sachviet.eu\/en\/wp-json\/wp\/v2\/product_tag?post=18535"}],"curies":[{"name":"wp","href":"https:\/\/api.w.org\/{rel}","templated":true}]}}