{"id":18531,"date":"2022-04-16T12:54:31","date_gmt":"2022-04-16T09:54:31","guid":{"rendered":"https:\/\/sachviet.eu\/shop\/1088-cau-do-phat-trien-tri-tue-3-4-tuoi-bo-4-quyen\/"},"modified":"2022-12-19T15:09:55","modified_gmt":"2022-12-19T13:09:55","slug":"1088-cau-do-phat-trien-tri-tue-3-4-tuoi-bo-4-quyen","status":"publish","type":"product","link":"https:\/\/sachviet.eu\/en\/shop\/1088-cau-do-phat-trien-tri-tue-3-4-tuoi-bo-4-quyen\/","title":{"rendered":"1088 C\u00e2u \u0110\u1ed1 Ph\u00e1t Tri\u1ec3n Tr\u00ed Tu\u1ec7 3-4 Tu\u1ed5i (B\u1ed9 4 quy\u1ec3n)"},"content":{"rendered":"<p>\u0110\u1ee9ng tr\u01b0\u1edbc s\u1ef1 ph\u00e1t tri\u1ec3n c\u1ee7a c\u00f4ng ngh\u1ec7 v\u00e0 ph\u1ed5 c\u1eadp internet nh\u01b0 hi\u1ec7n nay, vi\u1ec7c kh\u00f3 kh\u0103n c\u1ee7a c\u00e1c b\u1eadc ph\u1ee5 huynh c\u00f3 con c\u00e1i trong \u0111\u1ed9 tu\u1ed5i t\u1eeb 2 &#8211; 6 ch\u00ednh l\u00e0 t\u00ecm c\u00e1ch l\u00e0m sao \u0111\u1ec3 con m\u00ecnh t\u00e1ch ra kh\u1ecfi s\u1ef1 \u0111am m\u00ea c\u1ee7a c\u00e1c tr\u00f2 ch\u01a1i tr\u00ean c\u00e1c thi\u1ebft b\u1ecb \u0111i\u1ec7n t\u1eed nh\u01b0 smartphone, ipad&#8230;nh\u1eb1m c\u00f3 \u0111\u01b0\u1ee3c s\u1ef1 ph\u00e1t tri\u1ec3n \u0111\u1ea7y \u0111\u1ee7 nh\u1ea5t c\u1ee7a n\u00e3o b\u1ed9, k\u00edch th\u00edch t\u00e0i n\u0103ng c\u1ee7a c\u00e1c b\u00e9. B\u1ed9 s\u00e1ch n\u00e0y ho\u00e0n to\u00e0n \u0111\u00e1p \u1ee9ng \u0111\u01b0\u1ee3c mong mu\u1ed1n \u0111\u00f3 c\u1ee7a c\u00e1c b\u1eadc l\u00e0m cha m\u1eb9 trong vi\u1ec7c \u0111\u00e0o t\u1ea1o, h\u01b0\u1edbng d\u1eabn con nh\u1ecf l\u00e0m quen, khai th\u00e1c s\u1ef1 ph\u00e1t tri\u1ec3n tr\u00ed n\u00e3o c\u1ee7a b\u00e9.<\/p>\n<p>B\u1ed9 S\u00e1ch R\u00e8n Luy\u1ec7n Tr\u00ed Th\u00f4ng Minh \u0111\u01b0\u1ee3c bi\u00ean so\u1ea1n nh\u1eb1m gi\u00fap c\u00e1c b\u1eadc ph\u1ee5 huynh c\u00f3 th\u1ec3 t\u1eadn d\u1ee5ng t\u1ed1t nh\u1ea5t kho\u1ea3ng th\u1eddi gian qu\u00fd b\u00e1u n\u00e0y. N\u1ed9i dung l\u00e0 nh\u1eefng c\u00e2u tr\u1eafc nghi\u1ec7m theo ti\u00eau \u0111i\u1ec3m, nh\u1eefng c\u00e2u h\u1ecfi k\u00edch th\u00edch t\u00ednh t\u01b0 duy logic, s\u00e1ng t\u1ea1o, nh\u1eefng b\u00e0i t\u1eadp gi\u00fap tr\u1ebb x\u00e2y d\u1ef1ng k\u1ef9 n\u0103ng, s\u1ef1 kh\u00e9o l\u00e9o, t\u00ednh ch\u00ednh x\u00e1c v\u00e0 r\u00e8n luy\u1ec7n t\u00ednh ki\u00ean tr\u00ec&#8230;Th\u1ef1c h\u00e0nh t\u1ed1t t\u1ea5t c\u1ea3 b\u00e0i t\u1eadp n\u00e0y, s\u1ebd k\u00edch th\u00edch s\u1ef1 ph\u00e1t tri\u1ec3n to\u00e0n di\u1ec7n n\u00e3o b\u1ed9 c\u1ee7a tr\u1ebb, gi\u00fap tr\u1ebb tr\u1edf n\u00ean th\u00f4ng minh h\u01a1n.<\/p>\n<p>1. Tr\u1ea1ng th\u00e1i k\u00edch th\u00edch n\u00e3o tr\u00e1i ph\u00e1t tri\u1ec3n, trang ph\u1ea3i k\u00edch th\u00edch n\u00e3o ph\u1ea3i ph\u00e1t tri\u1ec3n, ti\u00eau ch\u00ed r\u00f5 r\u00e0ng, hi\u1ec7u qu\u1ea3 t\u1ed1i \u01b0u.<\/p>\n<p>2. Ph\u1ea7n k\u00edch th\u00edch hai n\u00e3o ph\u00e1t tri\u1ec3n c\u00e2n b\u1eb1ng gi\u00fap t\u0103ng c\u01b0\u1eddng kh\u1ea3 n\u0103ng ph\u1ed1i h\u1ee3p nh\u1eadn th\u1ee9c c\u1ee7a hai n\u00e3o, t\u0103ng hi\u1ec7u su\u1ea5t c\u1ee7a n\u00e3o b\u1ed9.<\/p>\n<p>3. K\u00edch th\u00edch ph\u00e1t tri\u1ec3n m\u1ecdi g\u00f3c \u0111\u1ed9, c\u00e1c ph\u01b0\u01a1ng v\u1ecb l\u1eadp th\u1ec3, \u0111\u00e1nh th\u1ee9c s\u00e2u c\u00e1c t\u1ebf b\u00e0o n\u00e3o.<\/p>\n<p>4. L\u01b0\u1ee3ng c\u00e2u \u0111\u1ed1 l\u1edbn, tr\u1ecdn b\u1ed9 g\u1ed3m 1088 c\u00e2u, \u0111\u01b0\u1ee3c chia th\u00e0nh 4 t\u1eadp, luy\u1ec7n t\u1eadp c\u00e0ng nhi\u1ec1u, hi\u1ec7u qu\u1ea3 c\u00e0ng l\u1edbn.<\/p>\n<p>\u0110\u1ec3 t\u0103ng quy\u1ec1n ch\u1ee7 \u0111\u1ed9ng ch\u1ecdn l\u1ef1a trong t\u01b0\u01a1ng lai c\u1ee7a tr\u1ebb, t\u1ef1 tin \u0111\u1ed1i m\u1eb7t v\u1edbi c\u00e1c v\u1ea5n \u0111\u1ec1 trong cu\u1ed9c \u0111\u1eddi, b\u00e2y gi\u1edd h\u00e3y c\u00f9ng nhau l\u1eadt m\u1edf cu\u1ed1n s\u00e1ch n\u00e0y, \u0111\u00e1nh th\u1ee9c ti\u1ec1m n\u0103ng c\u00f2n \u0111ang ng\u1ee7 s\u00e2u c\u1ee7a tr\u1ebb, \u0111\u1ec3 c\u00f3 th\u1ec3 nh\u00ecn th\u1ea5y nh\u1eefng ti\u1ebfn b\u1ed9 r\u00f5 r\u1ec7t c\u1ee7a con em m\u00ecnh v\u00e0 c\u1ea3m nh\u1eadn ni\u1ec1m h\u1ea1nh ph\u00fac c\u00f9ng s\u1ef1 t\u1ef1 h\u00e0o \u0111ang hi\u1ec7n h\u1eefu.<\/p>\n","protected":false},"excerpt":{"rendered":"<p>\u0110\u1ee9ng tr\u01b0\u1edbc s\u1ef1 ph\u00e1t tri\u1ec3n c\u1ee7a c\u00f4ng ngh\u1ec7 v\u00e0 ph\u1ed5 c\u1eadp internet nh\u01b0 hi\u1ec7n nay, vi\u1ec7c kh\u00f3 kh\u0103n c\u1ee7a c\u00e1c b\u1eadc ph\u1ee5 huynh c\u00f3 con c\u00e1i trong \u0111\u1ed9 tu\u1ed5i t\u1eeb 2 &#8211; 6 ch\u00ednh l\u00e0 t\u00ecm c\u00e1ch l\u00e0m sao \u0111\u1ec3 con m\u00ecnh t\u00e1ch ra kh\u1ecfi s\u1ef1 \u0111am m\u00ea c\u1ee7a c\u00e1c tr\u00f2 ch\u01a1i tr\u00ean c\u00e1c thi\u1ebft b\u1ecb \u0111i\u1ec7n t\u1eed nh\u01b0 smartphone, ipad&#8230;nh\u1eb1m c\u00f3 \u0111\u01b0\u1ee3c s\u1ef1 ph\u00e1t tri\u1ec3n \u0111\u1ea7y \u0111\u1ee7 nh\u1ea5t c\u1ee7a n\u00e3o b\u1ed9, k\u00edch th\u00edch t\u00e0i n\u0103ng c\u1ee7a c\u00e1c b\u00e9. B\u1ed9 s\u00e1ch n\u00e0y ho\u00e0n to\u00e0n \u0111\u00e1p \u1ee9ng \u0111\u01b0\u1ee3c mong mu\u1ed1n \u0111\u00f3 c\u1ee7a c\u00e1c b\u1eadc l\u00e0m cha m\u1eb9 trong vi\u1ec7c \u0111\u00e0o t\u1ea1o, h\u01b0\u1edbng d\u1eabn con nh\u1ecf l\u00e0m quen, khai th\u00e1c s\u1ef1 ph\u00e1t tri\u1ec3n tr\u00ed n\u00e3o c\u1ee7a b\u00e9.<\/p>\n<p>B\u1ed9 S\u00e1ch R\u00e8n Luy\u1ec7n Tr\u00ed Th\u00f4ng Minh \u0111\u01b0\u1ee3c bi\u00ean so\u1ea1n nh\u1eb1m gi\u00fap c\u00e1c b\u1eadc ph\u1ee5 huynh c\u00f3 th\u1ec3 t\u1eadn d\u1ee5ng t\u1ed1t nh\u1ea5t kho\u1ea3ng th\u1eddi gian qu\u00fd b\u00e1u n\u00e0y. N\u1ed9i dung l\u00e0 nh\u1eefng c\u00e2u tr\u1eafc nghi\u1ec7m theo ti\u00eau \u0111i\u1ec3m, nh\u1eefng c\u00e2u h\u1ecfi k\u00edch th\u00edch t\u00ednh t\u01b0 duy logic, s\u00e1ng t\u1ea1o, nh\u1eefng b\u00e0i t\u1eadp gi\u00fap tr\u1ebb x\u00e2y d\u1ef1ng k\u1ef9 n\u0103ng, s\u1ef1 kh\u00e9o l\u00e9o, t\u00ednh ch\u00ednh x\u00e1c v\u00e0 r\u00e8n luy\u1ec7n t\u00ednh ki\u00ean tr\u00ec&#8230;Th\u1ef1c h\u00e0nh t\u1ed1t t\u1ea5t c\u1ea3 b\u00e0i t\u1eadp n\u00e0y, s\u1ebd k\u00edch th\u00edch s\u1ef1 ph\u00e1t tri\u1ec3n to\u00e0n di\u1ec7n n\u00e3o b\u1ed9 c\u1ee7a tr\u1ebb, gi\u00fap tr\u1ebb tr\u1edf n\u00ean th\u00f4ng minh h\u01a1n.<\/p>\n<p>1. Tr\u1ea1ng th\u00e1i k\u00edch th\u00edch n\u00e3o tr\u00e1i ph\u00e1t tri\u1ec3n, trang ph\u1ea3i k\u00edch th\u00edch n\u00e3o ph\u1ea3i ph\u00e1t tri\u1ec3n, ti\u00eau ch\u00ed r\u00f5 r\u00e0ng, hi\u1ec7u qu\u1ea3 t\u1ed1i \u01b0u.<\/p>\n<p>2. Ph\u1ea7n k\u00edch th\u00edch hai n\u00e3o ph\u00e1t tri\u1ec3n c\u00e2n b\u1eb1ng gi\u00fap t\u0103ng c\u01b0\u1eddng kh\u1ea3 n\u0103ng ph\u1ed1i h\u1ee3p nh\u1eadn th\u1ee9c c\u1ee7a hai n\u00e3o, t\u0103ng hi\u1ec7u su\u1ea5t c\u1ee7a n\u00e3o b\u1ed9.<\/p>\n<p>3. K\u00edch th\u00edch ph\u00e1t tri\u1ec3n m\u1ecdi g\u00f3c \u0111\u1ed9, c\u00e1c ph\u01b0\u01a1ng v\u1ecb l\u1eadp th\u1ec3, \u0111\u00e1nh th\u1ee9c s\u00e2u c\u00e1c t\u1ebf b\u00e0o n\u00e3o.<\/p>\n<p>4. L\u01b0\u1ee3ng c\u00e2u \u0111\u1ed1 l\u1edbn, tr\u1ecdn b\u1ed9 g\u1ed3m 1088 c\u00e2u, \u0111\u01b0\u1ee3c chia th\u00e0nh 4 t\u1eadp, luy\u1ec7n t\u1eadp c\u00e0ng nhi\u1ec1u, hi\u1ec7u qu\u1ea3 c\u00e0ng l\u1edbn.<\/p>\n<p>\u0110\u1ec3 t\u0103ng quy\u1ec1n ch\u1ee7 \u0111\u1ed9ng ch\u1ecdn l\u1ef1a trong t\u01b0\u01a1ng lai c\u1ee7a tr\u1ebb, t\u1ef1 tin \u0111\u1ed1i m\u1eb7t v\u1edbi c\u00e1c v\u1ea5n \u0111\u1ec1 trong cu\u1ed9c \u0111\u1eddi, b\u00e2y gi\u1edd h\u00e3y c\u00f9ng nhau l\u1eadt m\u1edf cu\u1ed1n s\u00e1ch n\u00e0y, \u0111\u00e1nh th\u1ee9c ti\u1ec1m n\u0103ng c\u00f2n \u0111ang ng\u1ee7 s\u00e2u c\u1ee7a tr\u1ebb, \u0111\u1ec3 c\u00f3 th\u1ec3 nh\u00ecn th\u1ea5y nh\u1eefng ti\u1ebfn b\u1ed9 r\u00f5 r\u1ec7t c\u1ee7a con em m\u00ecnh v\u00e0 c\u1ea3m nh\u1eadn ni\u1ec1m h\u1ea1nh ph\u00fac c\u00f9ng s\u1ef1 t\u1ef1 h\u00e0o \u0111ang hi\u1ec7n h\u1eefu.<\/p>\n","protected":false},"featured_media":18530,"template":"","meta":{"_acf_changed":false},"product_brand":[],"product_cat":[20],"product_tag":[],"class_list":{"0":"post-18531","1":"product","2":"type-product","3":"status-publish","4":"has-post-thumbnail","6":"product_cat-be-vua-hoc-vua-choi","8":"first","9":"outofstock","10":"taxable","11":"shipping-taxable","12":"purchasable","13":"product-type-simple"},"supplier_id":null,"supplier_sku":"","barcode":null,"atum_controlled":true,"out_stock_date":"2022-12-19 12:58:13","out_stock_threshold":null,"inheritable":false,"inbound_stock":0,"stock_on_hold":0,"sold_today":0,"sales_last_days":0,"reserved_stock":0,"customer_returns":0,"warehouse_damage":0,"lost_in_post":0,"other_logs":0,"out_stock_days":1136,"lost_sales":0,"has_location":false,"update_date":"2026-01-28T23:11:03","atum_locations":[{"id":32,"name":"Helsinki","slug":"helsinki"}],"atum_stock_status":"outofstock","restock_status":false,"low_stock_amount":"","sales_update_date":"2026-01-28T23:11:03","calc_backorders":null,"acf":{"publisher":{"ID":18525,"post_author":"1","post_date":"2022-04-16 12:54:10","post_date_gmt":"2022-04-16 09:54:10","post_content":"","post_title":"IBook Vi\u1ec7t Nam","post_excerpt":"","post_status":"publish","comment_status":"closed","ping_status":"closed","post_password":"","post_name":"ibook-viet-nam","to_ping":"","pinged":"","post_modified":"2022-04-16 12:54:10","post_modified_gmt":"2022-04-16 09:54:10","post_content_filtered":"","post_parent":0,"guid":"https:\/\/sachviet.eu\/nha-phat-hanh\/ibook-viet-nam\/","menu_order":0,"post_type":"publisher","post_mime_type":"","comment_count":"0","filter":"raw"}},"_links":{"self":[{"href":"https:\/\/sachviet.eu\/en\/wp-json\/wp\/v2\/product\/18531","targetHints":{"allow":["GET"]}}],"collection":[{"href":"https:\/\/sachviet.eu\/en\/wp-json\/wp\/v2\/product"}],"about":[{"href":"https:\/\/sachviet.eu\/en\/wp-json\/wp\/v2\/types\/product"}],"wp:featuredmedia":[{"embeddable":true,"href":"https:\/\/sachviet.eu\/en\/wp-json\/wp\/v2\/media\/18530"}],"wp:attachment":[{"href":"https:\/\/sachviet.eu\/en\/wp-json\/wp\/v2\/media?parent=18531"}],"wp:term":[{"taxonomy":"product_brand","embeddable":true,"href":"https:\/\/sachviet.eu\/en\/wp-json\/wp\/v2\/product_brand?post=18531"},{"taxonomy":"product_cat","embeddable":true,"href":"https:\/\/sachviet.eu\/en\/wp-json\/wp\/v2\/product_cat?post=18531"},{"taxonomy":"product_tag","embeddable":true,"href":"https:\/\/sachviet.eu\/en\/wp-json\/wp\/v2\/product_tag?post=18531"}],"curies":[{"name":"wp","href":"https:\/\/api.w.org\/{rel}","templated":true}]}}