{"id":1853,"date":"2021-02-17T21:47:05","date_gmt":"2021-02-17T19:47:05","guid":{"rendered":"https:\/\/sachviet.eu\/shop\/ehon-nhung-mau-chuyen-vun-vat-cua-maru-set-6-quyen\/"},"modified":"2023-05-15T16:01:34","modified_gmt":"2023-05-15T13:01:34","slug":"ehon-nhung-mau-chuyen-vun-vat-cua-maru-set-6-quyen","status":"publish","type":"product","link":"https:\/\/sachviet.eu\/en\/shop\/ehon-nhung-mau-chuyen-vun-vat-cua-maru-set-6-quyen\/","title":{"rendered":"Ehon Nh\u1eefng M\u1ea9u Chuy\u1ec7n V\u1ee5n V\u1eb7t C\u1ee7a Maru &#8211; set 6 quy\u1ec3n"},"content":{"rendered":"<p>\u201cNh\u1eefng m\u1ea9u chuy\u1ec7n v\u1ee5n v\u1eb7t c\u1ee7a Maru\u201d \u2013 c\u00f9ng con h\u1ecdc l\u00e0m ng\u01b0\u1eddi l\u1edbn<\/p>\n<p>\u1ede c\u00e2u chuy\u1ec7n Maru v\u00e0 h\u1ea1t d\u01b0a, c\u00e1c b\u00e9 l\u1ea1i \u0111\u01b0\u1ee3c b\u1eaft g\u1eb7p c\u00e2u chuy\u1ec7n th\u00e2n thu\u1ed9c c\u1ee7a b\u1ea3n th\u00e2n khi ch\u00ednh m\u00ecnh l\u00e0 ng\u01b0\u1eddi \u0111\u00e3 t\u1eebng \u1edf trong t\u00ecnh tr\u1ea1ng n\u00e0y l\u1ee1 nu\u1ed1t ph\u1ea3i h\u1ea1t qu\u1ea3 nh\u01b0ng kh\u00f4ng bi\u1ebft chi\u1ebfc h\u1ea1t b\u00e9 xinh \u1ea5y c\u00f3 m\u1ecdc th\u00e0nh c\u00e2y trong b\u1ee5ng th\u1eadt th\u00f4ng. D\u01b0\u1edbi g\u00f3c nh\u00ecn h\u1ed3n nhi\u00ean c\u1ee7a tr\u1ebb nh\u1ecf, c\u00e2u chuy\u1ec7n Maru nu\u1ed1t ph\u1ea3i h\u1ea1t d\u01b0a \u0111\u00e3 gi\u1ea3i quy\u1ebft g\u1ecdn gh\u1ebd lo l\u1eafng \u0111\u00f3, \u0111\u1ed3ng th\u1eddi mang l\u1ea1i ti\u1ebfng c\u01b0\u1eddi \u0111\u1ea7y vui v\u1ebb cho b\u00e9.<\/p>\n<p>C\u00f2n c\u00e2u chuy\u1ec7n Maru m\u1ed9t ng\u00e0y xui x\u1ebbo \u0111\u00e3 \u0111em \u0111\u1ebfn cho c\u00e1c b\u1ea1n nh\u1ecf m\u1ed9t c\u00e2u chuy\u1ec7n \u201cb\u1ea5t th\u01b0\u1eddng\u201d trong nh\u1eefng ng\u00e0y b\u00ecnh th\u01b0\u1eddng c\u1ee7a Maru, \u0111\u00f3 l\u00e0 m\u1ed9t ng\u00e0y con g\u1eb7p ph\u1ea3i nhi\u1ec1u \u0111i\u1ec1u kh\u00f4ng vui. M\u1eb7c d\u00f9 nh\u1eefng \u0111i\u1ec1u n\u00e0y l\u00e0m con c\u1ea3m th\u1ea5y th\u1eadt kh\u00f3 ch\u1ecbu, tuy nhi\u00ean \u0111\u1ebfn cu\u1ed1i ng\u00e0y, sau khi tr\u1ea3i qua nhi\u1ec1u chuy\u1ec7n xui x\u1ebbo, \u0111i\u1ec1u quan tr\u1ecdng nh\u1ea5t l\u00e0 b\u1ea1n Maru v\u1eabn ch\u1ecdn c\u00e1ch gi\u00fap \u0111\u1ee1 v\u00e0 \u0111em l\u1ea1i ni\u1ec1m vui cho ng\u01b0\u1eddi kh\u00e1c. \u0110\u00f3 ch\u00ednh l\u00e0 b\u00ed quy\u1ebft \u0111\u1ec3 con nh\u1eadn \u0111\u01b0\u1ee3c ni\u1ec1m vui b\u1ea5t ng\u1edd v\u00e0o s\u00e1ng h\u00f4m sau. C\u00e2u chuy\u1ec7n l\u00e0 l\u1eddi \u0111\u1ed9ng vi\u00ean, khuy\u1ebfn kh\u00edch con lu\u00f4n suy ngh\u0129 t\u00edch c\u1ef1c d\u00f9 c\u00f3 chuy\u1ec7n g\u00ec x\u1ea3y ra.<\/p>\n<p>B\u00ean c\u1ea1nh vi\u1ec7c t\u00ecm hi\u1ec3u nhi\u1ec1u \u0111i\u1ec1u th\u00fa v\u1ecb xoay quanh cu\u1ed9c s\u1ed1ng h\u1eb1ng ng\u00e0y, b\u1ea1n nh\u1ecf Maru c\u00f2n r\u1ea5t ngoan, g\u01b0\u01a1ng m\u1eabu khi bi\u1ebft c\u00f9ng m\u1eb9 th\u1ef1c hi\u1ec7n c\u00f4ng vi\u1ec7c nh\u00e0. H\u1eb1ng ng\u00e0y, m\u1eb9 ph\u1ea3i l\u00e0m bi\u1ebft bao nhi\u00eau l\u00e0 vi\u1ec7c th\u1eadt v\u1ea5t v\u1ea3, khi\u1ebfn m\u1eb9 c\u00f2n ch\u1eb3ng c\u00f3 th\u1eddi gian m\u00e0 ch\u01a1i c\u00f9ng Maru n\u1eefa. B\u1edfi v\u1eady, Maru s\u1ebd x\u1eafn tay l\u00ean tham gia c\u00f9ng m\u1eb9. R\u1eeda b\u00e1t, qu\u00e9t nh\u00e0, hay t\u1ef1 \u0111i v\u1ec7 sinh \u0111\u1ec1u l\u00e0 nh\u1eefng \u0111i\u1ec1u m\u00e0 Maru \u0111ang c\u1ed1 g\u1eafng h\u1ecdc h\u1ecfi t\u1eebng ng\u00e0y \u0111\u1ec3 b\u1edbt \u0111i cho m\u1eb9 m\u1ed9t ph\u1ea7n b\u1eadn r\u1ed9n.<\/p>\n<p>R\u1eeda b\u00e1t d\u1ec5 \u1ee3t, Maru c\u00f3 th\u1ec3 gi\u00fap m\u1eb9 ngay, v\u00ec b\u1ea1n \u1ea5y c\u0169ng \u0111\u00e3 ng\u1eafm m\u1eb9 r\u1eeda b\u00e1t th\u1eadt nhi\u1ec1u l\u1ea7n r\u1ed3i. Maru s\u1ebd l\u1ea5y b\u00e1t, r\u1eeda v\u1edbi x\u00e0 ph\u00f2ng cho th\u1eadt s\u1ea1ch. M\u00e0 b\u1eadt m\u00ed cho c\u00e1c b\u00e9 bi\u1ebft nh\u00e9, th\u1eddi gian r\u1eeda b\u00e1t c\u0169ng l\u00e0 l\u00fac m\u00e0 b\u1ea1n Maru \u0111\u01b0\u1ee3c th\u1ea3 m\u00ecnh v\u00e0o c\u00e1c tr\u00f2 ch\u01a1i th\u00fa v\u1ecb nh\u1eefng ch\u01a1i tr\u00f2 ch\u01a1i v\u00f4 c\u00f9ng th\u00fa v\u1ecb v\u1edbi nh\u1eefng ch\u00f9m b\u00f3ng b\u00f3ng to \u0111\u00f9ng, c\u00f3 th\u00eat bi\u1ebfn \u0111\u1ed5i th\u00e0nh nhi\u1ec1u \u0111\u1ed3 v\u1eadt kh\u00e1c nhau t\u00f9y thu\u1ed9c v\u00e0o s\u1ef1 s\u00e1ng t\u1ea1o c\u1ee7a con \u0111\u1ea5y nh\u00e9!<\/p>\n<p>Chuy\u1ec7n qu\u00e9t nh\u00e0 c\u0169ng ch\u1eb3ng c\u00f3 g\u00ec l\u00e0m kh\u00f3 \u0111\u01b0\u1ee3c Maru, v\u00ec b\u1ea1n \u1ea5y \u0111\u00e3 l\u1edbn r\u1ed3i v\u00e0 t\u1ef1 b\u1ea1n \u1ea5y bi\u1ebft m\u00ecnh c\u00f3 th\u1ec3 l\u00e0m \u0111\u01b0\u1ee3c nhi\u1ec1u c\u00f4ng vi\u1ec7c gi\u00fap m\u1eb9. T\u1eeb g\u00f3c nh\u00e0, ch\u00e2n b\u00e0n, ch\u1ed7 n\u00e0o c\u0169ng s\u1ea1ch b\u00f3ng d\u01b0\u1edbi b\u00e0n tay c\u1ee7a Maru. Ch\u1eafc ch\u1eafn l\u1ea7n n\u00e0y, Maru s\u1ebd \u0111\u01b0\u1ee3c khen v\u00ec bi\u1ebft t\u1ef1 gi\u00e1c gi\u1eef g\u00ecn v\u1ec7 sinh cho ng\u00f4i nh\u00e0 c\u1ee7a m\u00ecnh \u0111\u00e2y.<\/p>\n<p>Maru \u0111i v\u1ec7 sinh l\u00e0 c\u00e2u chuy\u1ec7n v\u1ec1 b\u1ea1n Maru b\u1eaft \u0111\u1ea7u h\u1ecdc l\u00e0m ng\u01b0\u1eddi l\u1edbn, b\u1eaft \u0111\u1ea7u t\u1ef1 m\u00ecnh th\u1ef1c hi\u1ec7n nh\u1eefng c\u00f4ng vi\u1ec7c th\u01b0\u1eddng ng\u00e0y m\u00e0 b\u1ed1 m\u1eb9 v\u1eabn l\u00e0m cho, b\u1eaft \u0111\u1ea7u b\u1eb1ng vi\u1ec7c t\u1ef1 \u0111i v\u1ec7 sinh khi m\u00e0 m\u1eb9 qu\u00e1 b\u1eadn, ch\u1eb3ng th\u1ec3 g\u1ecdi m\u1eb9 gi\u00fap m\u00ecnh \u0111\u01b0\u1ee3c. Th\u1ebf m\u00e0 t\u1ef1 m\u00ecnh Maru c\u0169ng \u0111\u00e3 t\u1ef1 m\u00ecnh \u0111i v\u1ec1 sinh \u0111\u01b0\u1ee3c \u0111\u1ea5y, ch\u1ec9 c\u1ea7n b\u01b0\u1edbc l\u00ean gh\u1ebf r\u1ed3i ng\u1ed3i l\u00ean b\u1ed3n c\u1ea7u l\u00e0 \u0111\u01b0\u1ee3c m\u00e0. C\u00e2u chuy\u00ea\u0323n \u201cMaru \u0111i v\u00ea\u0323 sinh\u201d co\u0300n giu\u0301p c\u00f4\u0309 vu\u0303 tinh th\u00e2\u0300n t\u01b0\u0323 tin trong tre\u0309, r\u0103\u0300ng ba\u0323n \u00e2\u0301y co\u0301 th\u00ea\u0309 la\u0300m mo\u0323i vi\u00ea\u0323c ma\u0300 ba\u0323n \u00e2\u0301y mu\u00f4\u0301n, chi\u0309 c\u00e2\u0300n ba\u0323n \u00e2\u0301y c\u00f4\u0301 g\u0103\u0301ng th\u00f4i.<\/p>\n<p>\u0110\u1ecdc m\u1ed7i c\u00e2u chuy\u1ec7n thu\u1ed9c b\u1ed9 s\u00e1ch \u201cNh\u1eefng m\u1ea9u chuy\u1ec7n v\u1ee5n v\u1eb7t c\u1ee7a Maru\u201d, tr\u1ebb l\u1ea1i c\u00f3 th\u00eam m\u1ed9t c\u01a1 h\u1ed9i tr\u1ea3i nghi\u1ec7m v\u00e0 nu\u00f4i d\u01b0\u1ee1ng tr\u00ed t\u01b0\u1edfng t\u01b0\u1ee3ng v\u00f4 c\u00f9ng phong ph\u00fa cho b\u1ea3n th\u00e2n m\u00ecnh. Ch\u1ec9 v\u1edbi bong b\u00f3ng x\u00e0 ph\u00f2ng r\u1eeda b\u00e1t, con c\u00f3 th\u1ec3 t\u1ea1o ra c\u1ea3 m\u1ed9t b\u00e0n ti\u1ec7c th\u1ecbnh so\u1ea1n v\u1edbi nh\u1eefng m\u00f3n \u0103n ngon, t\u1ea1o ra c\u1ea3 m\u1ed9t c\u01a1n m\u01b0a,\u2026 Khi b\u1ecb k\u1eb9t trong nh\u00e0 v\u1ec7 sinh, Maru \u0111\u00e3 ngh\u0129 r\u0103ng m\u00ecnh c\u00f3 th\u1ec3 \u0103n, ng\u1ee7, \u0111\u1ecdc truy\u1ec7n ngay \u1edf \u0111\u00f3 hay th\u1eadm ch\u00ed c\u00f3 th\u1ec3 m\u1edf c\u1ea3 m\u1ed9t b\u1eefa ti\u1ec7c sinh nh\u1eadt \u0111\u1ea7y m\u00e0u s\u1eafc chi \u0111\u1ebfn khi \u0111\u01b0\u1ee3c m\u1eb9 \u201cgi\u1ea3i c\u1ee9u\u201d,\u2026 M\u1ed7i c\u00e2u chuy\u1ec7n \u0111\u1ec1u \u0111em \u0111\u1ebfn nh\u1eefng ch\u1ea5t x\u00fac t\u00e1c m\u1ea1nh m\u1ebd cho t\u00e2m h\u1ed3n con, khi\u1ebfn tr\u00ed t\u01b0\u1eddng t\u01b0\u1ee3ng s\u00e1ng t\u1ea1o c\u1ee7a con \u0111\u01b0\u1ee3c ph\u00e1t huy m\u1ed9t c\u00e1ch m\u1ea1nh m\u1ebd.<\/p>\n<p>B\u00ean c\u1ea1nh \u0111\u00f3, b\u1ed9 truy\u1ec7n c\u00f2n r\u1ea5t th\u00e2n thu\u1ed9c v\u1edbi con khi m\u1ed7i t\u00ecnh hu\u1ed1ng x\u1ea3y ra \u0111\u1ec1u quen thu\u1ed9c trong \u0111\u1eddi s\u1ed1ng h\u1eb1ng ng\u00e0y m\u00e0 c\u00f3 th\u1ec3 con \u0111\u00e3 t\u1eebng tr\u1ea3i qua, t\u1eebng ch\u1ee9ng ki\u1ebfn \u1edf \u0111\u00e2u \u0111\u00f3. \u0110i\u1ec1u n\u00e0y c\u00e0ng khi\u1ebfn con g\u1eafn k\u1ebft h\u01a1n v\u1edbi Maru, coi nh\u00e2n v\u1eadt Maru l\u00e0 m\u1ed9t ng\u01b0\u1eddi b\u1ea1n quen th\u00e2n h\u1eb1ng ng\u00e0y v\u00ec b\u1ea1n \u1ea5y c\u00f9ng t\u1eebng g\u1eb7p ph\u1ea3i nh\u1eefng v\u1ea5n \u0111\u1ec1 gi\u1ed1ng y nh\u01b0 m\u00ecnh. T\u1eeb \u0111\u00f3, con s\u1ebd h\u1ecdc h\u1ecfi th\u00eam \u0111\u01b0\u1ee3c nhi\u1ec1u \u0111i\u1ec1u m\u00e0 Maru \u0111\u00e3 t\u1eebng tr\u1ea3i qua. T\u1eeb \u0111\u00f3, c\u00e1c b\u1ea1n nh\u1ecf s\u1ebd hi\u1ec3u bi\u1ebft th\u00eam nhi\u1ec1u k\u1ef9 n\u0103ng \u0111\u1ec3 gi\u1ea3i quy\u1ebft c\u00e1c v\u1ea5n \u0111\u1ec1 ph\u00e1t sinh trong cu\u1ed9c s\u1ed1ng h\u1eb1ng ng\u00e0y, l\u00e0 nh\u1eefng ti\u1ec1n \u0111\u1ec1 gi\u00fap tr\u1ebb c\u00f3 th\u1ec3 t\u1ef1 m\u00ecnh gi\u1ea3i quy\u1ebft c\u00e1c v\u1ea5n \u0111\u1ec1 c\u1ee7a b\u1ea3n th\u00e2n khi l\u1edbn l\u00ean t\u1eebng ch\u00fat m\u1ed9t.<\/p>\n<p>\u201cNh\u1eefng m\u1ea9u chuy\u1ec7n v\u1ee5n v\u1eb7t c\u1ee7a Maru\u201d giu\u0301p c\u00f4\u0309 vu\u0303 tinh th\u00e2\u0300n l\u1ea1c quan, t\u01b0\u0323 tin trong tr\u1ebb, v\u00ec ba\u0323n \u00e2\u0301y bi\u1ebft r\u1eb1ng m\u00ecnh \u0111\u00e3 l\u1edbn v\u00e0 t\u1ef1 m\u00ecnh co\u0301 th\u00ea\u0309 la\u0300m mo\u0323i vi\u00ea\u0323c ma\u0300 ba\u0323n \u00e2\u0301y mu\u00f4\u0301n, chi\u0309 c\u00e2\u0300n m\u00ecnh c\u00f4\u0301 g\u0103\u0301ng th\u00f4i. M\u1ed7i khi g\u1eb7p chuy\u1ec7n b\u1ea5t ng\u1edd, con s\u1ebd b\u00ecnh t\u0129nh suy ngh\u0129, \u0111\u01b0a ra c\u00e1c t\u00ecnh hu\u1ed1ng t\u01b0 duy logic \u0111\u1ec3 t\u00ecm h\u01b0\u1edbng gi\u1ea3i quy\u1ebft. Tre\u0309 se\u0303 ho\u0323c ho\u0309i \u0111\u01b0\u01a1\u0323c tinh th\u00e2\u0300n \u0111o\u0301 t\u01b0\u0300 Maru, tr\u01a1\u0309 n\u00ean t\u01b0\u0323 tin, quy\u00ea\u0301t t\u00e2m h\u01a1n trong t\u01b0\u0300ng ha\u0300nh \u0111\u00f4\u0323ng.<\/p>\n  <div class=\"banner-grid-wrapper\">\n  <div id=\"banner-grid-1831120342\" class=\"banner-grid row row-grid row-small\" data-packery-options=\"\">\n                      <div class=\"col grid-col large-6 grid-col-1\" ><div class=\"col-inner\">\t<div class=\"img has-hover x md-x lg-x y md-y lg-y\" id=\"image_966440392\">\n\t\t\t\t\t\t\t\t<div class=\"img-inner dark\" >\n\t\t\t<img loading=\"lazy\" decoding=\"async\" width=\"600\" height=\"600\" src=\"https:\/\/sachviet.eu\/wp-content\/uploads\/2021\/02\/maru-7318a06b-eb71-4a0f-bb0e-c885261e1052.png\" class=\"attachment-large size-large\" alt=\"\" srcset=\"https:\/\/sachviet.eu\/wp-content\/uploads\/2021\/02\/maru-7318a06b-eb71-4a0f-bb0e-c885261e1052.png 600w, https:\/\/sachviet.eu\/wp-content\/uploads\/2021\/02\/maru-7318a06b-eb71-4a0f-bb0e-c885261e1052-300x300.png 300w, https:\/\/sachviet.eu\/wp-content\/uploads\/2021\/02\/maru-7318a06b-eb71-4a0f-bb0e-c885261e1052-150x150.png 150w, https:\/\/sachviet.eu\/wp-content\/uploads\/2021\/02\/maru-7318a06b-eb71-4a0f-bb0e-c885261e1052-100x100.png 100w\" sizes=\"auto, (max-width: 600px) 100vw, 600px\" \/>\t\t\t\t\t\t\n\t\t\t\t\t<\/div>\n\t\t\t\t\t\t\t\t\n<style>\n#image_966440392 {\n  width: 100%;\n}\n<\/style>\n\t<\/div>\n\t<\/div><\/div><div class=\"col grid-col large-6 grid-col-1\" ><div class=\"col-inner\">\t<div class=\"img has-hover x md-x lg-x y md-y lg-y\" id=\"image_1545665766\">\n\t\t\t\t\t\t\t\t<div class=\"img-inner dark\" >\n\t\t\t<img loading=\"lazy\" decoding=\"async\" width=\"900\" height=\"900\" src=\"https:\/\/sachviet.eu\/wp-content\/uploads\/2021\/02\/7265bd67d53fc041498f1b87017e207f.jpg\" class=\"attachment-large size-large\" alt=\"\" srcset=\"https:\/\/sachviet.eu\/wp-content\/uploads\/2021\/02\/7265bd67d53fc041498f1b87017e207f.jpg 900w, https:\/\/sachviet.eu\/wp-content\/uploads\/2021\/02\/7265bd67d53fc041498f1b87017e207f-300x300.jpg 300w, https:\/\/sachviet.eu\/wp-content\/uploads\/2021\/02\/7265bd67d53fc041498f1b87017e207f-150x150.jpg 150w, https:\/\/sachviet.eu\/wp-content\/uploads\/2021\/02\/7265bd67d53fc041498f1b87017e207f-768x768.jpg 768w, https:\/\/sachviet.eu\/wp-content\/uploads\/2021\/02\/7265bd67d53fc041498f1b87017e207f-600x600.jpg 600w, https:\/\/sachviet.eu\/wp-content\/uploads\/2021\/02\/7265bd67d53fc041498f1b87017e207f-100x100.jpg 100w\" sizes=\"auto, (max-width: 900px) 100vw, 900px\" \/>\t\t\t\t\t\t\n\t\t\t\t\t<\/div>\n\t\t\t\t\t\t\t\t\n<style>\n#image_1545665766 {\n  width: 100%;\n}\n<\/style>\n\t<\/div>\n\t<\/div><\/div>            <\/div>\n    <style>\n    #banner-grid-1831120342 .grid-col-1{height: 600px}\n    #banner-grid-1831120342 .grid-col-1-2{height: 300px}\n    #banner-grid-1831120342 .grid-col-1-3{height:200px}\n    #banner-grid-1831120342 .grid-col-2-3{height: 400px}\n    #banner-grid-1831120342 .grid-col-1-4{height: 150px}\n    #banner-grid-1831120342 .grid-col-3-4{height: 450px}\n\n\n    \n    \n\n  <\/style>\n    <\/div>\n  \n","protected":false},"excerpt":{"rendered":"<p>\u201cNh\u1eefng m\u1ea9u chuy\u1ec7n v\u1ee5n v\u1eb7t c\u1ee7a Maru\u201d \u2013 c\u00f9ng con h\u1ecdc l\u00e0m ng\u01b0\u1eddi l\u1edbn<br \/>\nCh\u1ee9ng ki\u1ebfn con m\u00ecnh l\u1edbn l\u00ean, m\u1ed7i ng\u00e0y l\u1ea1i bi\u1ebft th\u00eam m\u1ed9t ch\u00fat, l\u1edbn th\u00eam m\u1ed9t ch\u00fat, ch\u1eafc ch\u1eafn b\u00e0 m\u1eb9 n\u00e0o c\u0169ng c\u1ea3m th\u1ea5y h\u1ea1nh ph\u00fac ng\u1eadp tr\u00e0n v\u00e0 t\u1ef1 h\u00e0o v\u00f4 ng\u1ea7n. \u0110\u1ebfn l\u00fac con \u0111\u00e3 ph\u1ea3i t\u1ef1 h\u1ecdc c\u00e1ch ch\u0103m s\u00f3c b\u1ea3n th\u00e2n m\u00ecnh v\u00e0 gi\u00fap \u0111\u1ee1 m\u1eb9 r\u1ed3i \u0111\u1ea5y. H\u00e3y c\u00f9ng \u0111\u1ecdc b\u1ed9 s\u00e1ch ehon \u201cNh\u1eefng m\u1ea9u chuy\u1ec7n v\u1ee5n v\u1eb7t c\u1ee7a Maru\u201d \u0111\u1ec3 con hi\u1ec3u \u0111\u01b0\u1ee3c h\u00e0nh tr\u00ecnh l\u00e0m ng\u01b0\u1eddi l\u1edbn c\u00f3 nh\u1eefng \u0111i\u1ec1u th\u00fa v\u1ecb \u0111\u1ebfn th\u1ebf n\u00e0o nh\u00e9!<\/p>\n<p>\u201cNh\u1eefng m\u1ea9u chuy\u1ec7n v\u1ee5n v\u1eb7t c\u1ee7a Maru\u201d l\u00e0 nh\u1eefng c\u00e2u chuy\u1ec7n g\u1ea7n g\u0169i gi\u00fap con tr\u01b0\u1edfng th\u00e0nh h\u01a1n<br \/>\nB\u1ed9 ehon Nh\u1eefng m\u1ea9u chuy\u1ec7n v\u1ee5n v\u1eb7t c\u1ee7a Maru ph\u00f9 h\u1ee3p cho tr\u1ebb t\u1eeb 24 th\u00e1ng tu\u1ed5i tr\u1edf l\u00ean, g\u1ed3m c\u00f3 6 cu\u1ed1n, chia th\u00e0nh 2 b\u1ed9 nh\u1ecf h\u01a1n l\u00e0 Maru l\u1edbn r\u1ed3i (g\u1ed3m &#8220;Maru r\u1ee5ng r\u0103ng&#8221;, &#8220;Maru m\u1ed9t ng\u00e0y xui x\u1ebbo&#8221;, &#8220;Maru v\u00e0 h\u1ea1t d\u01b0a\u201d) v\u00e0 Maru gi\u00fap m\u1eb9 (g\u1ed3m &#8221; Maru \u0111i v\u1ec7 sinh&#8221;, &#8220;Maru qu\u00e9t nh\u00e0&#8221;, &#8220;Maru t\u1eadp r\u1eeda b\u00e1t&#8221;), ch\u00fa tr\u1ecdng v\u1ec1 vi\u1ec7c d\u1ea1y tr\u1ebb c\u00e1c k\u1ef9 n\u0103ng t\u01b0 duy khi quan s\u00e1t nh\u1eefng s\u1ef1 vi\u1ec7c x\u1ea3y ra xung quanh h\u1eb1ng ng\u00e0y.<\/p>\n<p>B\u1ea1n m\u00e8o nh\u1ecf Maru trong b\u1ed9 truy\u1ec7n n\u00e0y c\u0169ng l\u00e0 m\u1ed9t em b\u00e9 gi\u1ed1ng nh\u01b0 c\u00e1c con th\u00f4i, v\u00e0 b\u1ea1n \u1ea5y t\u1ef1 nh\u1eadn th\u1ea5y m\u00ecnh \u0111\u00e3 l\u1edbn v\u00e0 c\u1ea7n ph\u1ea3i h\u1ecdc c\u00e1ch l\u00e0m ng\u01b0\u1eddi l\u1edbn v\u1edbi vi\u1ec7c t\u1eadp l\u00e0m vi\u1ec7c nh\u00e0 v\u00e0 quan s\u00e1t nh\u1eefng bi\u1ebfn \u0111\u1ed5i trong c\u01a1 th\u1ec3 c\u1ee7a m\u00ecnh. B\u1ea1n nh\u1ecf Maru s\u1ebd c\u00f9ng c\u00e1c con \u0111\u1ed3ng h\u00e0nh trong qu\u00e1 tr\u00ecnh h\u1ecdc l\u00e0m ng\u01b0\u1eddi l\u1edbn n\u00e0y \u0111\u1ea5y, v\u1eady n\u00ean l\u1ee1 c\u00f3 \u0111i\u1ec1u g\u00ec ch\u01b0a \u0111\u00fang th\u00ec c\u0169ng \u0111\u1eebng c\u01b0\u1eddi Maru nh\u00e9, ch\u00fang m\u00ecnh h\u1ecdc h\u1ecfi nhau \u0111\u1ec3 c\u00f9ng l\u1edbn l\u00ean m\u00e0.<\/p>\n<p>Maru c\u0169ng nh\u01b0 bao b\u1ea1n nh\u1ecf kh\u00e1c, c\u00f3 nh\u1eefng th\u1eafc m\u1eafc v\u1ec1 ch\u00ednh b\u1ea3n th\u00e2n m\u00ecnh v\u00e0 v\u1ec1 th\u1ebf gi\u1edbi xung quanh m\u00e0 b\u1ea1n \u1ea5y h\u1ecfi kh\u1eafp m\u1ecdi n\u01a1i, kh\u00e1m ph\u00e1 \u0111\u1ee7 m\u1ecdi th\u1ee9 \u0111\u1ec3 t\u00ecm c\u00e2u tr\u1ea3 l\u1eddi. Nh\u1eefng th\u1eafc m\u1eafc b\u00e9 x\u00edu trong con n\u1ebfu kh\u00f4ng \u0111\u01b0\u1ee3c tr\u1ea3 l\u1eddi m\u1ed9t c\u00e1ch r\u00f5 r\u00e0ng, h\u1ee3p l\u00fd th\u00ec s\u1ebd tr\u1edf th\u00e0nh nh\u1eefng \u201cn\u1ed7i ni\u1ec1m\u201d m\u00e0 con kh\u00f4ng bi\u1ebft chia s\u1ebb c\u00f9ng ai. V\u1eady n\u00ean, b\u1ed1 m\u1eb9 h\u00e3y \u0111\u1ec3 b\u1ea1n Maru l\u00e0m b\u1ea1n v\u1edbi con tr\u1ebb \u0111\u1ec3 c\u00f9ng con gi\u1ea3i quy\u1ebft g\u1ecdn nh\u1eefng v\u1ea5n \u0111\u1ec1 \u0111\u00f3 nh\u00e9!<\/p>\n<p>Maru c\u0169ng c\u00f3 l\u00fac t\u1eebng th\u1eafc m\u1eafc r\u1eb1ng t\u1ea1i sao khi Maru \u0111ang th\u00edch \u0103n c\u1ea3 th\u1ebf gi\u1edbi th\u00ec b\u1ea1n r\u0103ng l\u1ea1i b\u1ecf m\u00ecnh m\u00e0 \u0111i, l\u00e0m Maru lo l\u1eafng bi\u1ebft bao r\u1eb1ng s\u1ebd kh\u00f4ng c\u00f2n r\u0103ng \u0111\u1ec3 nhai \u0111\u1ed3 \u0103n, kh\u00f4ng c\u00f2n r\u0103ng \u0111\u1ec3 c\u01b0\u1eddi th\u1eadt t\u01b0\u01a1i n\u1eefa. B\u1ea1n \u1ea5y ngh\u0129 \u0111\u00f3 l\u00e0 m\u1ed9t \u0111i\u1ec1u khi\u1ebfn b\u1ea1n \u1ea5y x\u1ea5u h\u1ed5 bi\u1ebft bao. Nh\u01b0ng th\u1eadt may m\u1eafn, nh\u1edd nh\u1eefng ng\u01b0\u1eddi b\u1ea1n th\u00e2n thi\u1ebft ch\u1ecdc c\u01b0\u1eddi, Maru m\u1edbi nh\u1eadn ra r\u1eb1ng th\u1ef1c ra r\u1ee5ng r\u0103ng kh\u00f4ng c\u00f3 g\u00ec l\u00e0 x\u1ea5u, th\u1eadm ch\u00ed c\u00e1c b\u1ea1n kh\u00e1c c\u00f2n ng\u01b0\u1ee1ng m\u1ed9 bi\u1ebft bao khi th\u1ea5y Maru \u0111\u00e3 c\u00f3 d\u1ea5u hi\u1ec7u tr\u1edf th\u00e0nh ng\u01b0\u1eddi l\u1edbn.<\/p>\n","protected":false},"featured_media":1843,"template":"","meta":{"_acf_changed":false},"product_brand":[],"product_cat":[24,25,17],"product_tag":[],"class_list":{"0":"post-1853","1":"product","2":"type-product","3":"status-publish","4":"has-post-thumbnail","6":"product_cat-nha-tre-mau-giao-0-tuoi-6-tuoi","7":"product_cat-nhi-dong-6-tuoi-12-tuoi","8":"product_cat-sach-danh-cho-cac-be","10":"first","11":"instock","12":"taxable","13":"shipping-taxable","14":"purchasable","15":"product-type-simple"},"supplier_id":null,"supplier_sku":"","barcode":null,"atum_controlled":true,"out_stock_date":null,"out_stock_threshold":null,"inheritable":false,"inbound_stock":0,"stock_on_hold":0,"sold_today":0,"sales_last_days":0,"reserved_stock":0,"customer_returns":0,"warehouse_damage":0,"lost_in_post":0,"other_logs":0,"out_stock_days":0,"lost_sales":0,"has_location":false,"update_date":"2026-01-28T23:10:30","atum_locations":[],"atum_stock_status":"instock","restock_status":false,"low_stock_amount":"","sales_update_date":"2026-01-28T23:10:30","calc_backorders":null,"acf":{"publisher":{"ID":1420,"post_author":"1","post_date":"2021-02-16 23:03:17","post_date_gmt":"2021-02-16 21:03:17","post_content":"<!-- wp:flatsome\/uxbuilder -->\n<h1 style=\"text-align: center\"><strong>WABOOKS<\/strong><\/h1>\n[ux_image id=\"1430\"]\n\n[gap]\n\n<p style=\"text-align: left\">Wabooks l\u00e0 c\u00f4ng ty s\u00e1ch ho\u1ea1t \u0111\u1ed9ng chuy\u00ean nghi\u1ec7p trong l\u0129nh v\u1ef1c xu\u1ea5t b\u1ea3n s\u00e1ch. Ph\u1ea7n l\u1edbn ngu\u1ed3n l\u1ef1c c\u1ee7a c\u00f4ng ty \u0111\u1ea7u t\u01b0 v\u00e0o nghi\u00ean c\u1ee9u, mua b\u1ea3n quy\u1ec1n, d\u1ecbch v\u00e0 xu\u1ea5t b\u1ea3n c\u00e1c \u1ea5n ph\u1ea9m v\u0103n h\u00f3a, tri th\u1ee9c c\u1ee7a Nh\u1eadt B\u1ea3n t\u1ea1i Vi\u1ec7t Nam. Wabooks lu\u00f4n kh\u00f4ng ng\u1eebng n\u1ed7 l\u1ef1c mang \u0111\u1ebfn nh\u1eefng s\u1ea3n ph\u1ea9m c\u00f3 ch\u1ea5t l\u01b0\u1ee3ng v\u00e0 d\u1ecbch v\u1ee5 ho\u00e0n h\u1ea3o, mang \u0111\u1ebfn s\u1ef1 h\u00e0i l\u00f2ng cho kh\u00e1ch h\u00e0ng c\u0169ng nh\u01b0 \u0111\u00f3ng g\u00f3p cho \u0111\u1ea5t n\u01b0\u1edbc t\u1ed1t \u0111\u1eb9p h\u01a1n th\u00f4ng qua nh\u1eefng gi\u00e1 tr\u1ecb m\u00e0 c\u00f4ng ty \u0111ang kh\u00f4ng ng\u1eebng theo \u0111u\u1ed5i.<\/p>\n[row]\n\n[col span=\"6\" span__sm=\"12\"]\n\n[ux_image id=\"2068\"]\n\n\n[\/col]\n[col span=\"6\" span__sm=\"12\"]\n\n<p>Anh Goto Daishi th\u00ec tin r\u1eb1ng ch\u1ec9 c\u00f3 s\u00e1ch m\u1edbi khi\u1ebfn con ng\u01b0\u1eddi ta tr\u1edf n\u00ean v\u0103n minh v\u00e0 ti\u1ebfn b\u1ed9, c\u00f2n anh Nguy\u1ec5n Tu\u1ea5n Anh th\u00ec cho r\u1eb1ng ch\u00fang ta ph\u1ea3i mang s\u00e1ch \u0111\u1ebfn n\u01a1i m\u00e0 ng\u01b0\u1eddi ta th\u1ef1c s\u1ef1 c\u1ea7n, chia s\u1ebb nh\u1eefng gi\u00e1 tr\u1ecb m\u00e0 ng\u01b0\u1eddi kh\u00e1c \u0111ang thi\u1ebfu, \u0111\u00f3 l\u00e0 c\u00e1ch \u0111\u1ec3 ch\u00fang ta ho\u00e0n thi\u1ec7n con ng\u01b0\u1eddi v\u00e0 g\u00f3p ph\u1ea7n l\u00e0m cho x\u00e3 h\u1ed9i ho\u00e0n thi\u1ec7n h\u01a1n.\u00a0<\/p>\n<p>May m\u1eafn r\u1eb1ng<strong> SACHVIET.EU\u00a0<\/strong>\u0111\u00e3 c\u00f3 c\u01a1 h\u1ed9i \u0111\u01b0\u1ee3c anh Nguy\u1ec5n Tu\u1ea5n Anh h\u1ee3p t\u00e1c gi\u00fap \u0111\u1ee1 h\u1ebft m\u00ecnh \u0111\u1ec3 The Stations c\u00f3 th\u1ec3 d\u1ec5 d\u00e0ng \u0111\u01b0a nh\u1eefng cu\u1ed1n s\u00e1ch ehon sang ph\u1ee5c v\u1ee5 nhu c\u1ea7u c\u1ee7a ng\u01b0\u1eddi Vi\u1ec7t t\u1ea1i Ch\u00e2u \u00c2u. V\u00e0 kh\u00f4ng g\u00ec vui m\u1eebng h\u01a1n l\u00e0 nh\u1eefng b\u1ea1n \u0111\u1ed9c gi\u1ea3 nh\u00ed c\u00f3 th\u1ec3 ti\u1ebfp c\u1eadn v\u00e0 c\u1ea7m tr\u00ean tay nh\u1eefng cu\u1ed1n s\u00e1ch ch\u1ea5t l\u01b0\u1ee3ng \u0111\u01b0\u1ee3c \u0111\u1ea7u t\u01b0 t\u1ec9 m\u1ec9, k\u1ef9 c\u00e0ng ch\u1ec9n chu v\u1ec1 c\u1ea3 n\u1ed9i dung l\u1eabn h\u00ecnh th\u1ee9c b\u1eb1ng ti\u1ebfng Vi\u1ec7t.<\/p>\n<p><strong>SACHVIET.EU<\/strong> lu\u00f4n tin t\u01b0\u1edfng r\u1eb1ng ng\u00f4n ng\u1eef m\u1eb9 \u0111\u1ebb lu\u00f4n l\u00e0 th\u1ee9 ng\u00f4n ng\u1eef thi\u00eang li\u00eang nh\u1ea5t v\u00e0 lu\u00f4n mong mu\u1ed1n c\u00e1c \u0111\u1ed9c gi\u1ea3 Vi\u1ec7t c\u00f3 c\u01a1 h\u1ed9i \u0111\u01b0\u1ee3c s\u1edf h\u1eefu nh\u1eefng cu\u1ed1n s\u00e1ch b\u1ea3n quy\u1ec1n \u0111\u1ea7y ch\u1ea5t l\u01b0\u1ee3ng b\u00e1n s\u1eb5n t\u1ea1i Ch\u00e2u \u00c2u<\/p>\n<p>\u00a0<\/p>\n\n[\/col]\n\n[\/row]\n\n<!-- \/wp:flatsome\/uxbuilder -->","post_title":"Wabooks","post_excerpt":"","post_status":"publish","comment_status":"closed","ping_status":"closed","post_password":"","post_name":"wabooks","to_ping":"","pinged":"","post_modified":"2022-12-19 22:37:02","post_modified_gmt":"2022-12-19 20:37:02","post_content_filtered":"","post_parent":0,"guid":"https:\/\/sachviet.eu\/?post_type=publisher&#038;p=1420","menu_order":0,"post_type":"publisher","post_mime_type":"","comment_count":"0","filter":"raw"}},"_links":{"self":[{"href":"https:\/\/sachviet.eu\/en\/wp-json\/wp\/v2\/product\/1853","targetHints":{"allow":["GET"]}}],"collection":[{"href":"https:\/\/sachviet.eu\/en\/wp-json\/wp\/v2\/product"}],"about":[{"href":"https:\/\/sachviet.eu\/en\/wp-json\/wp\/v2\/types\/product"}],"wp:featuredmedia":[{"embeddable":true,"href":"https:\/\/sachviet.eu\/en\/wp-json\/wp\/v2\/media\/1843"}],"wp:attachment":[{"href":"https:\/\/sachviet.eu\/en\/wp-json\/wp\/v2\/media?parent=1853"}],"wp:term":[{"taxonomy":"product_brand","embeddable":true,"href":"https:\/\/sachviet.eu\/en\/wp-json\/wp\/v2\/product_brand?post=1853"},{"taxonomy":"product_cat","embeddable":true,"href":"https:\/\/sachviet.eu\/en\/wp-json\/wp\/v2\/product_cat?post=1853"},{"taxonomy":"product_tag","embeddable":true,"href":"https:\/\/sachviet.eu\/en\/wp-json\/wp\/v2\/product_tag?post=1853"}],"curies":[{"name":"wp","href":"https:\/\/api.w.org\/{rel}","templated":true}]}}