{"id":18515,"date":"2022-04-16T12:53:41","date_gmt":"2022-04-16T09:53:41","guid":{"rendered":"https:\/\/sachviet.eu\/shop\/tro-chuyen-voi-thuong-de\/"},"modified":"2022-12-19T15:11:27","modified_gmt":"2022-12-19T13:11:27","slug":"tro-chuyen-voi-thuong-de","status":"publish","type":"product","link":"https:\/\/sachviet.eu\/en\/shop\/tro-chuyen-voi-thuong-de\/","title":{"rendered":"Tr\u00f2 Chuy\u1ec7n V\u1edbi Th\u01b0\u1ee3ng \u0110\u1ebf"},"content":{"rendered":"<p>Sau khi \u0111\u1ecdc cu\u1ed1n \u201cTr\u00f2 chuy\u1ec7n v\u1edbi \u00c1c Qu\u1ef7\u201d m\u00ecnh \u0111\u00e3 ngay l\u1eadp t\u1ee9c mua cu\u1ed1n \u201cTr\u00f2 chuy\u1ec7n v\u1edbi Th\u01b0\u1ee3ng \u0110\u1ebf\u201d n\u00e0y b\u1edfi m\u00ecnh v\u00f4 c\u00f9ng th\u00edch c\u00e1i c\u00e1ch vi\u1ebft v\u00e0 t\u01b0 t\u01b0\u1edfng c\u1ee7a t\u00e1c gi\u1ea3. C\u00f3 th\u1ec3 n\u00f3i r\u1eb1ng, b\u00ean c\u1ea1nh s\u1ef1 v\u1eadn \u0111\u1ed9ng kh\u00f4ng ng\u1eebng c\u1ee7a v\u0169 tr\u1ee5 ch\u00ednh l\u00e0 s\u1ef1 v\u1eadn \u0111\u1ed9ng kh\u00f4ng ng\u1eebng trong t\u01b0 duy c\u1ee7a con ng\u01b0\u1eddi. \u0110\u1ed1i v\u1edbi h\u00ecnh dung ban \u0111\u1ea7u c\u1ee7a m\u00ecnh cu\u1ed1n\u201cTr\u00f2 chuy\u1ec7n v\u1edbi Th\u01b0\u1ee3ng \u0110\u1ebf\u201d n\u00e0y gi\u01b0\u1eddng nh\u01b0 l\u00e0 \u201cL\u01b0\u01a1ng thi\u1ec7n nh\u01b0 kinh th\u00e1nh\u201d khi cu\u1ed1n s\u00e1ch n\u00f3i nhi\u1ec1u v\u1ec1 h\u1ea1nh ph\u00fac v\u00e0 c\u00e1ch \u0111\u1ec3 con ng\u01b0\u1eddi \u0111\u1ea1t \u0111\u01b0\u1ee3c h\u1ea1nh ph\u00fac nh\u01b0 th\u1ebf n\u00e0o. B\u1eb1ng l\u1ed1i vi\u1ebft r\u1ea5t quen thu\u1ed9c n\u1ebfu b\u1ea1n n\u00e0o \u0111\u00e3 t\u1eebng \u0111\u1ecdc tr\u00f2 chuy\u1ec7n v\u1edbi \u00c1c Qu\u1ef7, t\u00e1c gi\u1ea3 v\u1eabn lu\u00f4n d\u00f9ng h\u1ed9i tho\u1ea1i mang ch\u1ea5t k\u1ecbch \u0111\u1ec3 l\u00e0m n\u1ed5i b\u1eadt c\u00e1c m\u00e2u thu\u1eabn xoay quanh m\u1ed9t v\u1ea5n \u0111\u1ec1. Ch\u00fang ta lu\u00f4n l\u00e0 nh\u1eefng ng\u01b0\u1eddi t\u00ecm s\u1ef1 h\u1ea1nh ph\u00fac \u1edf m\u1ed9t n\u01a1i n\u00e0o \u0111\u00f3 m\u00e0 qu\u00ean m\u1ea5t r\u1eb1ng h\u1ea1nh ph\u00fac l\u00e0 th\u1ee9 b\u1ea3n th\u00e2n \u0111ang n\u1eafm gi\u1eef, ch\u1ec9 l\u00e0 ta ch\u01b0a t\u1eebng nh\u1eadn ra th\u1ee9 h\u1ea1nh ph\u00fac \u0111\u00f3. Th\u01b0\u1ee3ng \u0110\u1ebf, ch\u00ednh l\u00e0 ng\u01b0\u1eddi s\u1ebd d\u1eabn d\u1eaft, \u0111\u01b0a l\u1ed1i ch\u1ec9 \u0111\u01b0\u1eddng \u0111\u1ec3 t\u00ecm ra \u0111\u01b0\u1ee3c h\u1ea1nh ph\u00fac hi\u1ec7n h\u1eefu b\u1ecb b\u1ecf qu\u00ean n\u00e0y. Cu\u1ed1n s\u00e1ch n\u00e0y n\u00f3i cho m\u00ecnh bi\u1ebft r\u1eb1ng trong v\u00f4 v\u00e0n nh\u1eefng s\u1ef1 hi\u1ec7n h\u1eefu m\u00e0 ch\u00fang ta \u0111ang c\u00f3 m\u1ed7i ng\u00e0y \u0111\u1ec1u \u1ea9n ch\u1ee9a h\u1ea1t nh\u00e2n c\u1ee7a h\u1ea1nh ph\u00fac. K\u1ec3 c\u1ea3 s\u1ef1 m\u1ec7t m\u1ecfi, s\u1ef1 b\u1ebf t\u1eafc c\u0169ng l\u00e0 m\u1ed9t \u0111\u00f2n b\u1ea9y \u0111\u1ec3 ch\u00fang ta t\u00ecm ra c\u00e1c gi\u00e1 tr\u1ecb Ch\u00e2n &#8211; Thi\u1ec7n &#8211; M\u1ef9 th\u1ef1c th\u1ee5. V\u0103n h\u1ecdc Nh\u1eadt B\u1ea3n lu\u00f4n c\u00f3 m\u1ed9t c\u00e1i nh\u00ecn \u0111a chi\u1ec1u v\u00e0 s\u00e2u r\u1ed9ng \u0111i s\u00e2u v\u00e0o \u0111\u1eddi s\u1ed1ng. Ch\u1ec9 b\u1eb1ng ng\u00f4n ng\u1eef c\u0169ng c\u00f3 th\u1ec3 kh\u01a1i g\u1ee3i m\u1ecdi kh\u1ea3 n\u0103ng ti\u1ec1m t\u00e0ng. Nh\u00ecn chung n\u1ebfu nh\u01b0 b\u1ea1n n\u00e0o lu\u00f4n c\u1ea3m th\u1ea5y t\u1ea1i sao b\u1ea3n th\u00e2n c\u1ee9 b\u1ea5t h\u1ea1nh v\u00e0 b\u1ea5t l\u1ef1c th\u00ec c\u00f3 th\u1ec3 \u0111\u1ecdc th\u1eed cu\u1ed1n s\u00e1ch n\u00e0y. M\u00ecnh c\u1ea3m th\u1ea5y \u0111\u1ecdc cu\u1ed1n s\u00e1ch n\u00e0y xong tinh th\u1ea7n s\u1ebd s\u1eb5n s\u00e0ng \u0111\u00fang ki\u1ec3u \u201ch\u00e3y c\u1ea9n th\u1eadn h\u1ea1nh ph\u00fac c\u00f3 th\u1ec3 \u0111\u1ebfn b\u1ea5t c\u1ee9 l\u00fac n\u00e0o\u201d.<\/p>\n","protected":false},"excerpt":{"rendered":"<p>Sau khi \u0111\u1ecdc cu\u1ed1n \u201cTr\u00f2 chuy\u1ec7n v\u1edbi \u00c1c Qu\u1ef7\u201d m\u00ecnh \u0111\u00e3 ngay l\u1eadp t\u1ee9c mua cu\u1ed1n \u201cTr\u00f2 chuy\u1ec7n v\u1edbi Th\u01b0\u1ee3ng \u0110\u1ebf\u201d n\u00e0y b\u1edfi m\u00ecnh v\u00f4 c\u00f9ng th\u00edch c\u00e1i c\u00e1ch vi\u1ebft v\u00e0 t\u01b0 t\u01b0\u1edfng c\u1ee7a t\u00e1c gi\u1ea3. C\u00f3 th\u1ec3 n\u00f3i r\u1eb1ng, b\u00ean c\u1ea1nh s\u1ef1 v\u1eadn \u0111\u1ed9ng kh\u00f4ng ng\u1eebng c\u1ee7a v\u0169 tr\u1ee5 ch\u00ednh l\u00e0 s\u1ef1 v\u1eadn \u0111\u1ed9ng kh\u00f4ng ng\u1eebng trong t\u01b0 duy c\u1ee7a con ng\u01b0\u1eddi. \u0110\u1ed1i v\u1edbi h\u00ecnh dung ban \u0111\u1ea7u c\u1ee7a m\u00ecnh cu\u1ed1n\u201cTr\u00f2 chuy\u1ec7n v\u1edbi Th\u01b0\u1ee3ng \u0110\u1ebf\u201d n\u00e0y gi\u01b0\u1eddng nh\u01b0 l\u00e0 \u201cL\u01b0\u01a1ng thi\u1ec7n nh\u01b0 kinh th\u00e1nh\u201d khi cu\u1ed1n s\u00e1ch n\u00f3i nhi\u1ec1u v\u1ec1 h\u1ea1nh ph\u00fac v\u00e0 c\u00e1ch \u0111\u1ec3 con ng\u01b0\u1eddi \u0111\u1ea1t \u0111\u01b0\u1ee3c h\u1ea1nh ph\u00fac nh\u01b0 th\u1ebf n\u00e0o. B\u1eb1ng l\u1ed1i vi\u1ebft r\u1ea5t quen thu\u1ed9c n\u1ebfu b\u1ea1n n\u00e0o \u0111\u00e3 t\u1eebng \u0111\u1ecdc tr\u00f2 chuy\u1ec7n v\u1edbi \u00c1c Qu\u1ef7, t\u00e1c gi\u1ea3 v\u1eabn lu\u00f4n d\u00f9ng h\u1ed9i tho\u1ea1i mang ch\u1ea5t k\u1ecbch \u0111\u1ec3 l\u00e0m n\u1ed5i b\u1eadt c\u00e1c m\u00e2u thu\u1eabn xoay quanh m\u1ed9t v\u1ea5n \u0111\u1ec1. Ch\u00fang ta lu\u00f4n l\u00e0 nh\u1eefng ng\u01b0\u1eddi t\u00ecm s\u1ef1 h\u1ea1nh ph\u00fac \u1edf m\u1ed9t n\u01a1i n\u00e0o \u0111\u00f3 m\u00e0 qu\u00ean m\u1ea5t r\u1eb1ng h\u1ea1nh ph\u00fac l\u00e0 th\u1ee9 b\u1ea3n th\u00e2n \u0111ang n\u1eafm gi\u1eef, ch\u1ec9 l\u00e0 ta ch\u01b0a t\u1eebng nh\u1eadn ra th\u1ee9 h\u1ea1nh ph\u00fac \u0111\u00f3. Th\u01b0\u1ee3ng \u0110\u1ebf, ch\u00ednh l\u00e0 ng\u01b0\u1eddi s\u1ebd d\u1eabn d\u1eaft, \u0111\u01b0a l\u1ed1i ch\u1ec9 \u0111\u01b0\u1eddng \u0111\u1ec3 t\u00ecm ra \u0111\u01b0\u1ee3c h\u1ea1nh ph\u00fac hi\u1ec7n h\u1eefu b\u1ecb b\u1ecf qu\u00ean n\u00e0y. Cu\u1ed1n s\u00e1ch n\u00e0y n\u00f3i cho m\u00ecnh bi\u1ebft r\u1eb1ng trong v\u00f4 v\u00e0n nh\u1eefng s\u1ef1 hi\u1ec7n h\u1eefu m\u00e0 ch\u00fang ta \u0111ang c\u00f3 m\u1ed7i ng\u00e0y \u0111\u1ec1u \u1ea9n ch\u1ee9a h\u1ea1t nh\u00e2n c\u1ee7a h\u1ea1nh ph\u00fac. K\u1ec3 c\u1ea3 s\u1ef1 m\u1ec7t m\u1ecfi, s\u1ef1 b\u1ebf t\u1eafc c\u0169ng l\u00e0 m\u1ed9t \u0111\u00f2n b\u1ea9y \u0111\u1ec3 ch\u00fang ta t\u00ecm ra c\u00e1c gi\u00e1 tr\u1ecb Ch\u00e2n &#8211; Thi\u1ec7n &#8211; M\u1ef9 th\u1ef1c th\u1ee5. V\u0103n h\u1ecdc Nh\u1eadt B\u1ea3n lu\u00f4n c\u00f3 m\u1ed9t c\u00e1i nh\u00ecn \u0111a chi\u1ec1u v\u00e0 s\u00e2u r\u1ed9ng \u0111i s\u00e2u v\u00e0o \u0111\u1eddi s\u1ed1ng. Ch\u1ec9 b\u1eb1ng ng\u00f4n ng\u1eef c\u0169ng c\u00f3 th\u1ec3 kh\u01a1i g\u1ee3i m\u1ecdi kh\u1ea3 n\u0103ng ti\u1ec1m t\u00e0ng. Nh\u00ecn chung n\u1ebfu nh\u01b0 b\u1ea1n n\u00e0o lu\u00f4n c\u1ea3m th\u1ea5y t\u1ea1i sao b\u1ea3n th\u00e2n c\u1ee9 b\u1ea5t h\u1ea1nh v\u00e0 b\u1ea5t l\u1ef1c th\u00ec c\u00f3 th\u1ec3 \u0111\u1ecdc th\u1eed cu\u1ed1n s\u00e1ch n\u00e0y. M\u00ecnh c\u1ea3m th\u1ea5y \u0111\u1ecdc cu\u1ed1n s\u00e1ch n\u00e0y xong tinh th\u1ea7n s\u1ebd s\u1eb5n s\u00e0ng \u0111\u00fang ki\u1ec3u \u201ch\u00e3y c\u1ea9n th\u1eadn h\u1ea1nh ph\u00fac c\u00f3 th\u1ec3 \u0111\u1ebfn b\u1ea5t c\u1ee9 l\u00fac n\u00e0o\u201d.<\/p>\n","protected":false},"featured_media":18513,"template":"","meta":{"_acf_changed":false},"product_brand":[],"product_cat":[15,47],"product_tag":[],"class_list":{"0":"post-18515","1":"product","2":"type-product","3":"status-publish","4":"has-post-thumbnail","6":"product_cat-sach-danh-cho-nguoi-lon","7":"product_cat-truyen-ngan-tan-van","9":"first","10":"outofstock","11":"taxable","12":"shipping-taxable","13":"purchasable","14":"product-type-simple"},"supplier_id":null,"supplier_sku":"","barcode":null,"atum_controlled":true,"out_stock_date":"2022-12-19 12:58:15","out_stock_threshold":null,"inheritable":false,"inbound_stock":0,"stock_on_hold":0,"sold_today":0,"sales_last_days":0,"reserved_stock":0,"customer_returns":0,"warehouse_damage":0,"lost_in_post":0,"other_logs":0,"out_stock_days":1136,"lost_sales":0,"has_location":false,"update_date":"2026-01-28T23:11:03","atum_locations":[{"id":32,"name":"Helsinki","slug":"helsinki"}],"atum_stock_status":"outofstock","restock_status":false,"low_stock_amount":"","sales_update_date":"2026-01-28T23:11:03","calc_backorders":null,"acf":{"publisher":{"ID":1785,"post_author":"1","post_date":"2021-02-17 01:54:46","post_date_gmt":"2021-02-16 23:54:46","post_content":"<!-- wp:flatsome\/uxbuilder -->\n<h1 style=\"text-align: center;\"><strong>AZ VIETNAM<\/strong><\/h1>\n[row]\n\n[col span=\"8\" span__sm=\"12\"]\n\n<p>Th\u00e0nh l\u1eadp n\u0103m: 2015<br \/>V\u1ed1n \u0111\u1ea7u t\u01b0: 4,000,000,000 \u0111\u1ed3ng<br \/><strong>L\u0129nh v\u1ef1c:<\/strong><br \/>- Xu\u1ea5t b\u1ea3n v\u00e0 ph\u00e1t h\u00e0nh v\u0103n h\u00f3a ph\u1ea9m<br \/>- Cung c\u1ea5p v\u0103n h\u00f3a ph\u1ea9m, c\u00e1c s\u1ea3n ph\u1ea9m cho in \u1ea5n, trang thi\u1ebft b\u1ecb cho c\u00e1c th\u01b0 vi\u1ec7n v\u00e0 trung t\u00e2m s\u00e1ch tr\u00ean c\u1ea3 n\u01b0\u1edbc.<br \/>- Th\u1eddi trang v\u00e0 c\u00e1c s\u1ea3n ph\u1ea9m li\u00ean quan \u0111\u1ebfn l\u0129nh v\u1ef1c th\u1eddi trang<br \/>- Xu\u1ea5t nh\u1eadp kh\u1ea9u c\u00e1c s\u1ea3n ph\u1ea9m v\u0103n h\u00f3a<\/p>\n<p><strong>Quy m\u00f4:<\/strong> 60 nh\u00e2n vi\u00ean<br \/>Kh\u1edfi ngu\u1ed3n c\u1ee7a AZ Vi\u1ec7t Nam ng\u00e0y nay l\u00e0 C\u00f4ng ty TNHH Trung t\u00e2m S\u00e1ch v\u00e0 Thi\u1ebft b\u1ecb Th\u01b0 vi\u1ec7n, v\u1edbi ho\u1ea1t \u0111\u1ed9ng \u0111\u1ea7u ti\u00ean l\u00e0 cung c\u1ea5p s\u00e1ch, trang thi\u1ebft b\u1ecb, v\u0103n h\u00f3a ph\u1ea9m cho c\u00e1c th\u01b0 vi\u1ec7n v\u00e0 trung t\u00e2m s\u00e1ch tr\u00ean c\u1ea3 n\u01b0\u1edbc. T\u1eeb cu\u1ed1i n\u0103m 2010 \u0111\u1ebfn nay, ch\u00fang t\u00f4i \u0111\u00e3 kh\u00f4ng ng\u1eebng n\u1ed7 l\u1ef1c khai ph\u00e1 v\u00e0 ph\u00e1t tri\u1ec3n c\u00e1c d\u00f2ng s\u1ea3n ph\u1ea9m m\u1edbi v\u1edbi 8 th\u01b0\u01a1ng hi\u1ec7u uy t\u00edn. \u0110\u1ec3 \u0111\u00e1p \u1ee9ng nhu c\u1ea7u ph\u00e1t tri\u1ec3n ng\u00e0y m\u1ed9t l\u1edbn m\u1ea1nh v\u00e0 t\u1eadp h\u1ee3p c\u00e1c th\u01b0\u01a1ng hi\u1ec7u \u0111\u00e3 \u0111\u01b0\u1ee3c ch\u00fang t\u00f4i x\u00e2y d\u1ef1ng, 2015 C\u00f4ng ty TNHH AZ Vi\u1ec7t Nam \u0111\u00e3 ra \u0111\u1eddi v\u1edbi s\u1ee9 m\u1ec7nh mang \u0111\u1ebfn nhi\u1ec1u h\u01a1n n\u1eefa nh\u1eefng gi\u00e1 tr\u1ecb tinh th\u1ea7n, tri th\u1ee9c ti\u00ean ti\u1ebfn cho ng\u01b0\u1eddi ti\u00eau d\u00f9ng b\u1eb1ng vi\u1ec7c cung c\u1ea5p nh\u1eefng s\u1ea3n ph\u1ea9m c\u00f3 ch\u1ea5t l\u01b0\u1ee3ng.<\/p>\n\n[\/col]\n[col span=\"4\" span__sm=\"12\"]\n\n[ux_image id=\"1836\" image_size=\"medium\"]\n\n\n[\/col]\n\n[\/row]\n\n<!-- \/wp:flatsome\/uxbuilder -->","post_title":"AZ Vi\u1ec7t Nam","post_excerpt":"","post_status":"publish","comment_status":"closed","ping_status":"closed","post_password":"","post_name":"az-viet-nam","to_ping":"","pinged":"","post_modified":"2021-02-17 22:07:10","post_modified_gmt":"2021-02-17 20:07:10","post_content_filtered":"","post_parent":0,"guid":"https:\/\/sachviet.eu\/nha-phat-hanh\/az-viet-nam\/","menu_order":0,"post_type":"publisher","post_mime_type":"","comment_count":"0","filter":"raw"}},"_links":{"self":[{"href":"https:\/\/sachviet.eu\/en\/wp-json\/wp\/v2\/product\/18515","targetHints":{"allow":["GET"]}}],"collection":[{"href":"https:\/\/sachviet.eu\/en\/wp-json\/wp\/v2\/product"}],"about":[{"href":"https:\/\/sachviet.eu\/en\/wp-json\/wp\/v2\/types\/product"}],"wp:featuredmedia":[{"embeddable":true,"href":"https:\/\/sachviet.eu\/en\/wp-json\/wp\/v2\/media\/18513"}],"wp:attachment":[{"href":"https:\/\/sachviet.eu\/en\/wp-json\/wp\/v2\/media?parent=18515"}],"wp:term":[{"taxonomy":"product_brand","embeddable":true,"href":"https:\/\/sachviet.eu\/en\/wp-json\/wp\/v2\/product_brand?post=18515"},{"taxonomy":"product_cat","embeddable":true,"href":"https:\/\/sachviet.eu\/en\/wp-json\/wp\/v2\/product_cat?post=18515"},{"taxonomy":"product_tag","embeddable":true,"href":"https:\/\/sachviet.eu\/en\/wp-json\/wp\/v2\/product_tag?post=18515"}],"curies":[{"name":"wp","href":"https:\/\/api.w.org\/{rel}","templated":true}]}}