{"id":18512,"date":"2022-04-16T12:53:32","date_gmt":"2022-04-16T09:53:32","guid":{"rendered":"https:\/\/sachviet.eu\/shop\/black-jack-tap-1-ban-dac-biet-bia-cung-tang-kem-khau-trang-black-jack\/"},"modified":"2022-12-19T15:11:53","modified_gmt":"2022-12-19T13:11:53","slug":"black-jack-tap-1-ban-dac-biet-bia-cung-tang-kem-khau-trang-black-jack","status":"publish","type":"product","link":"https:\/\/sachviet.eu\/en\/shop\/black-jack-tap-1-ban-dac-biet-bia-cung-tang-kem-khau-trang-black-jack\/","title":{"rendered":"Black Jack &#8211; T\u1eadp 1 &#8211; B\u1ea3n \u0110\u1eb7c Bi\u1ec7t &#8211; B\u00eca C\u1ee9ng &#8211; T\u1eb7ng K\u00e8m Kh\u1ea9u Trang Black Jack"},"content":{"rendered":"<p>BALCK JACK l\u00e0 c\u00e2u chuy\u1ec7n xoay quanh vi\u1ec7c ch\u1eefa b\u1ec7nh c\u1ee9u ng\u01b0\u1eddi v\u00e0 nh\u1eefng v\u1ea5n \u0111\u1ec1 y khoa, trong \u0111\u00f3 nh\u00e2n v\u1eadt ch\u00ednh l\u00e0 Black Jack, m\u1ed9t b\u00e1c s\u0129 t\u00e0i gi\u1ecfi nh\u01b0ng \u201cqu\u00e1i d\u1ecb\u201d. \u0110i\u1ec3m \u0111\u1eb7c bi\u1ec7t c\u1ee7a anh ch\u00ednh l\u00e0 m\u1ed9t v\u1ebft s\u1eb9o d\u00e0i tr\u00ean khu\u00f4n m\u1eb7t m\u00e0 b\u1ea5t c\u1ee9 ai tr\u00f4ng th\u1ea5y c\u0169ng ph\u1ea3i khi\u1ebfp s\u1ee3. Nh\u1eefng ng\u01b0\u1eddi b\u1ec7nh t\u00ecm \u0111\u1ebfn anh \u0111a s\u1ed1 l\u00e0 nh\u1eefng ng\u01b0\u1eddi, ho\u1eb7c ng\u01b0\u1eddi th\u00e2n h\u1ecd, m\u1eafc nh\u1eefng c\u0103n b\u1ec7nh l\u1ea1 hay b\u1ec7nh hi\u1ec3m ngh\u00e8o m\u00e0 kh\u00f4ng c\u00f3 v\u1ecb b\u00e1c s\u0129 n\u00e0o c\u00f3 th\u1ec3 ch\u1eefa \u0111\u01b0\u1ee3c. H\u1ecd t\u00ecm \u0111\u1ebfn anh v\u1edbi hy v\u1ecdng anh d\u00f9ng t\u00e0i ph\u1eabu thu\u1eadt k\u1ef3 di\u1ec7u c\u1ee7a m\u00ecnh \u0111\u1ec3 gi\u1eef l\u1ea1i m\u1ea1ng s\u1ed1ng cho h\u1ecd.<\/p>\n<p>M\u1ed7i t\u1eadp truy\u1ec7n l\u00e0 nh\u1eefng c\u00e2u chuy\u1ec7n xoay quanh vi\u1ec7c ch\u1eefa tr\u1ecb b\u1ec7nh c\u00f3 m\u1ed9t kh\u00f4ng hai c\u1ee7a b\u00e1c s\u0129 qu\u00e1i d\u1ecb Black Jack. Qua \u0111\u00f3, b\u1ea1n \u0111\u1ecdc \u0111\u01b0\u1ee3c ch\u1ee9ng ki\u1ebfn c\u00f4ng vi\u1ec7c c\u1ef1c nh\u1ecdc, nh\u1eefng cu\u1ed9c ph\u1eabu thu\u1eadt \u0111\u1eabm m\u1ed3 h\u00f4i v\u00e0 c\u1ea3 nh\u1eefng l\u00fac \u0111\u1ee9ng tr\u01b0\u1edbc quy\u1ebft \u0111\u1ecbnh sinh t\u1eed c\u1ee7a m\u1ed9t b\u00e1c s\u0129. Ch\u00ednh nh\u1edd \u0111\u00f3, c\u00e2u chuy\u1ec7n c\u1ee7a b\u00e1c s\u0129 Black Jack \u0111\u00e3 truy\u1ec1n c\u1ea3m h\u1ee9ng cho nhi\u1ec1u b\u1ea1n \u0111\u1ecdc truy\u1ec7n tranh trong vi\u1ec7c theo \u0111u\u1ed5i \u0111am m\u00ea ngh\u1ec1 y c\u1ee7a m\u00ecnh.<\/p>\n<p>B\u1ed9 truy\u1ec7n ph\u00f9 h\u1ee3p v\u1edbi l\u1ee9a tu\u1ed5i c\u1ea5p 2 tr\u1edf l\u00ean; \u0111\u1eb7c bi\u1ec7t cho nh\u1eefng ai \u0111\u00e3 t\u1eebng y\u00eau B\u00e1c s\u0129 qu\u00e1i d\u1ecb c\u1ee7a nh\u1eefng n\u0103m 90 c\u00f3 c\u01a1 h\u1ed9i \u0111\u1ecdc l\u1ea1i v\u00e0 s\u01b0u t\u1ea7m b\u1ea3n b\u00eca c\u1ee9ng.<\/p>\n<p>BALCK JACK \u0111\u00e3 \u0111\u1ea1t Gi\u1ea3i th\u01b0\u1edfng \u0111\u1eb7c bi\u1ec7t c\u1ee7a Hi\u1ec7p h\u1ed9i manga Nh\u1eadt B\u1ea3n (1975) v\u00e0 Gi\u1ea3i nh\u1ea5t Manga Award c\u1ee7a Nh\u00e0 xu\u1ea5t b\u1ea3n Kodansha v\u1ec1 shonen (1977).<\/p>\n","protected":false},"excerpt":{"rendered":"<p>BALCK JACK l\u00e0 c\u00e2u chuy\u1ec7n xoay quanh vi\u1ec7c ch\u1eefa b\u1ec7nh c\u1ee9u ng\u01b0\u1eddi v\u00e0 nh\u1eefng v\u1ea5n \u0111\u1ec1 y khoa, trong \u0111\u00f3 nh\u00e2n v\u1eadt ch\u00ednh l\u00e0 Black Jack, m\u1ed9t b\u00e1c s\u0129 t\u00e0i gi\u1ecfi nh\u01b0ng \u201cqu\u00e1i d\u1ecb\u201d. \u0110i\u1ec3m \u0111\u1eb7c bi\u1ec7t c\u1ee7a anh ch\u00ednh l\u00e0 m\u1ed9t v\u1ebft s\u1eb9o d\u00e0i tr\u00ean khu\u00f4n m\u1eb7t m\u00e0 b\u1ea5t c\u1ee9 ai tr\u00f4ng th\u1ea5y c\u0169ng ph\u1ea3i khi\u1ebfp s\u1ee3. Nh\u1eefng ng\u01b0\u1eddi b\u1ec7nh t\u00ecm \u0111\u1ebfn anh \u0111a s\u1ed1 l\u00e0 nh\u1eefng ng\u01b0\u1eddi, ho\u1eb7c ng\u01b0\u1eddi th\u00e2n h\u1ecd, m\u1eafc nh\u1eefng c\u0103n b\u1ec7nh l\u1ea1 hay b\u1ec7nh hi\u1ec3m ngh\u00e8o m\u00e0 kh\u00f4ng c\u00f3 v\u1ecb b\u00e1c s\u0129 n\u00e0o c\u00f3 th\u1ec3 ch\u1eefa \u0111\u01b0\u1ee3c. H\u1ecd t\u00ecm \u0111\u1ebfn anh v\u1edbi hy v\u1ecdng anh d\u00f9ng t\u00e0i ph\u1eabu thu\u1eadt k\u1ef3 di\u1ec7u c\u1ee7a m\u00ecnh \u0111\u1ec3 gi\u1eef l\u1ea1i m\u1ea1ng s\u1ed1ng cho h\u1ecd.<\/p>\n<p>M\u1ed7i t\u1eadp truy\u1ec7n l\u00e0 nh\u1eefng c\u00e2u chuy\u1ec7n xoay quanh vi\u1ec7c ch\u1eefa tr\u1ecb b\u1ec7nh c\u00f3 m\u1ed9t kh\u00f4ng hai c\u1ee7a b\u00e1c s\u0129 qu\u00e1i d\u1ecb Black Jack. Qua \u0111\u00f3, b\u1ea1n \u0111\u1ecdc \u0111\u01b0\u1ee3c ch\u1ee9ng ki\u1ebfn c\u00f4ng vi\u1ec7c c\u1ef1c nh\u1ecdc, nh\u1eefng cu\u1ed9c ph\u1eabu thu\u1eadt \u0111\u1eabm m\u1ed3 h\u00f4i v\u00e0 c\u1ea3 nh\u1eefng l\u00fac \u0111\u1ee9ng tr\u01b0\u1edbc quy\u1ebft \u0111\u1ecbnh sinh t\u1eed c\u1ee7a m\u1ed9t b\u00e1c s\u0129. Ch\u00ednh nh\u1edd \u0111\u00f3, c\u00e2u chuy\u1ec7n c\u1ee7a b\u00e1c s\u0129 Black Jack \u0111\u00e3 truy\u1ec1n c\u1ea3m h\u1ee9ng cho nhi\u1ec1u b\u1ea1n \u0111\u1ecdc truy\u1ec7n tranh trong vi\u1ec7c theo \u0111u\u1ed5i \u0111am m\u00ea ngh\u1ec1 y c\u1ee7a m\u00ecnh.<\/p>\n<p>B\u1ed9 truy\u1ec7n ph\u00f9 h\u1ee3p v\u1edbi l\u1ee9a tu\u1ed5i c\u1ea5p 2 tr\u1edf l\u00ean; \u0111\u1eb7c bi\u1ec7t cho nh\u1eefng ai \u0111\u00e3 t\u1eebng y\u00eau B\u00e1c s\u0129 qu\u00e1i d\u1ecb c\u1ee7a nh\u1eefng n\u0103m 90 c\u00f3 c\u01a1 h\u1ed9i \u0111\u1ecdc l\u1ea1i v\u00e0 s\u01b0u t\u1ea7m b\u1ea3n b\u00eca c\u1ee9ng.<\/p>\n<p>BALCK JACK \u0111\u00e3 \u0111\u1ea1t Gi\u1ea3i th\u01b0\u1edfng \u0111\u1eb7c bi\u1ec7t c\u1ee7a Hi\u1ec7p h\u1ed9i manga Nh\u1eadt B\u1ea3n (1975) v\u00e0 Gi\u1ea3i nh\u1ea5t Manga Award c\u1ee7a Nh\u00e0 xu\u1ea5t b\u1ea3n Kodansha v\u1ec1 shonen (1977).<\/p>\n","protected":false},"featured_media":18511,"template":"","meta":{"_acf_changed":false},"product_brand":[],"product_cat":[29],"product_tag":[],"class_list":{"0":"post-18512","1":"product","2":"type-product","3":"status-publish","4":"has-post-thumbnail","6":"product_cat-manga-comics","8":"first","9":"outofstock","10":"taxable","11":"shipping-taxable","12":"purchasable","13":"product-type-simple"},"supplier_id":null,"supplier_sku":"","barcode":null,"atum_controlled":true,"out_stock_date":"2022-12-19 12:58:16","out_stock_threshold":null,"inheritable":false,"inbound_stock":0,"stock_on_hold":0,"sold_today":0,"sales_last_days":0,"reserved_stock":0,"customer_returns":0,"warehouse_damage":0,"lost_in_post":0,"other_logs":0,"out_stock_days":1136,"lost_sales":0,"has_location":false,"update_date":"2026-01-28T23:11:03","atum_locations":[{"id":32,"name":"Helsinki","slug":"helsinki"}],"atum_stock_status":"outofstock","restock_status":false,"low_stock_amount":"","sales_update_date":"2026-01-28T23:11:03","calc_backorders":null,"acf":{"publisher":{"ID":1517,"post_author":"1","post_date":"2021-02-17 01:14:41","post_date_gmt":"2021-02-16 23:14:41","post_content":"","post_title":"NXB Tr\u1ebb","post_excerpt":"","post_status":"publish","comment_status":"closed","ping_status":"closed","post_password":"","post_name":"nxb-tre","to_ping":"","pinged":"","post_modified":"2021-02-17 01:14:41","post_modified_gmt":"2021-02-16 23:14:41","post_content_filtered":"","post_parent":0,"guid":"https:\/\/sachviet.eu\/nha-phat-hanh\/nxb-tre\/","menu_order":0,"post_type":"publisher","post_mime_type":"","comment_count":"0","filter":"raw"}},"_links":{"self":[{"href":"https:\/\/sachviet.eu\/en\/wp-json\/wp\/v2\/product\/18512","targetHints":{"allow":["GET"]}}],"collection":[{"href":"https:\/\/sachviet.eu\/en\/wp-json\/wp\/v2\/product"}],"about":[{"href":"https:\/\/sachviet.eu\/en\/wp-json\/wp\/v2\/types\/product"}],"wp:featuredmedia":[{"embeddable":true,"href":"https:\/\/sachviet.eu\/en\/wp-json\/wp\/v2\/media\/18511"}],"wp:attachment":[{"href":"https:\/\/sachviet.eu\/en\/wp-json\/wp\/v2\/media?parent=18512"}],"wp:term":[{"taxonomy":"product_brand","embeddable":true,"href":"https:\/\/sachviet.eu\/en\/wp-json\/wp\/v2\/product_brand?post=18512"},{"taxonomy":"product_cat","embeddable":true,"href":"https:\/\/sachviet.eu\/en\/wp-json\/wp\/v2\/product_cat?post=18512"},{"taxonomy":"product_tag","embeddable":true,"href":"https:\/\/sachviet.eu\/en\/wp-json\/wp\/v2\/product_tag?post=18512"}],"curies":[{"name":"wp","href":"https:\/\/api.w.org\/{rel}","templated":true}]}}