{"id":18508,"date":"2022-04-16T12:53:21","date_gmt":"2022-04-16T09:53:21","guid":{"rendered":"https:\/\/sachviet.eu\/shop\/san-san-chan-to-di-xop\/"},"modified":"2022-12-19T15:12:06","modified_gmt":"2022-12-19T13:12:06","slug":"san-san-chan-to-di-xop","status":"publish","type":"product","link":"https:\/\/sachviet.eu\/en\/shop\/san-san-chan-to-di-xop\/","title":{"rendered":"San San Ch\u00e2n To \u0110i X\u1ed1p"},"content":{"rendered":"<p>\u201cNg\u00e0y x\u1eeda ng\u00e0y x\u01b0a c\u00f3 m\u1ed9t c\u00f4 b\u00e9 r\u1ea5t th\u00edch \u0111\u1ecdc s\u00e1ch v\u00e0 hay \u0111\u00f3i b\u1ee5ng t\u00ean l\u00e0 San San Ch\u00e2n To \u0110i X\u1ed1p, v\u00ec ch\u00e2n n\u00f3 h\u01a1i to m\u1ed9t t\u00ed v\u00e0 t\u00ednh t\u00ecnh n\u00f3 h\u01a1i kh\u00f9ng m\u1ed9t t\u00ed\u201d. C\u00e2u chuy\u1ec7n b\u1eaft \u0111\u1ea7u nh\u01b0 th\u1ebf, cho d\u00f9 San San l\u00e0 m\u1ed9t trong s\u1ed1 h\u00e0ng tri\u1ec7u c\u00f4 b\u00e9, c\u1eadu b\u00e9 l\u1edbn l\u00ean trong th\u1eddi bao c\u1ea5p, \u1edf m\u1ed9t khu ph\u1ed1 c\u0169 H\u00e0 N\u1ed9i, nh\u01b0ng c\u00f3 l\u1ebd do c\u00f4 su\u00fdt b\u1ecb \u0111\u1ebb r\u01a1i \u1edf th\u01b0 vi\u1ec7n n\u00ean c\u00f4 b\u00e9 th\u00edch \u0111\u1ecdc s\u00e1ch t\u1eeb l\u00fac b\u00e9 x\u00edu v\u00e0 c\u00f3 ni\u1ec1m y\u00eau th\u00edch kh\u00e1c th\u01b0\u1eddng nh\u1eefng nh\u00e2n v\u1eadt anh h\u00f9ng \u0111\u1eb9p trai trong phim truy\u1ec7n t\u00ecnh b\u00e1o.<\/p>\n<p>C\u00f4 b\u00e9 San San gi\u1ed1ng nh\u01b0 b\u1ecdn tr\u1ebb con \u1edf ph\u1ed1, ch\u1eb3ng bao gi\u1edd bi\u1ebft bu\u1ed3n v\u00e0 m\u1ec7t. V\u1edbi San San, H\u00e0 N\u1ed9i l\u00e0 ch\u1ed1n kh\u00e1m ph\u00e1 b\u1ea5t t\u1eadn c\u1ee7a c\u00f4. Bao nhi\u00eau b\u00e0i h\u00e1t b\u00e0i th\u01a1 b\u1ecb tr\u1ebb con ch\u1ebf l\u1eddi m\u1edbi, bao nhi\u00eau b\u1ea1n b\u00e8 c\u0169 m\u1edbi, bao nhi\u00eau kh\u00f3a h\u1ecdc \u0111\u00e0n, th\u1ec3 d\u1ee5c, San San \u0111\u1ec1u h\u0103m h\u1edf tham gia. Cu\u1ed1n s\u00e1ch m\u1edf ra m\u1ed9t th\u1ebf gi\u1edbi vui t\u01b0\u01a1i s\u1ed1ng \u0111\u1ed9ng c\u1ee7a nh\u1eefng \u0111\u1ee9a tr\u1ebb H\u00e0 N\u1ed9i nh\u1eefng n\u0103m th\u00e1ng b\u00ecnh d\u1ecb, n\u00ean th\u01a1, ngay c\u1ea3 khi th\u1ef1c t\u1ebf \u0111\u1eddi s\u1ed1ng nhi\u1ec1u gian kh\u00f3. Ng\u01b0\u1eddi \u0111\u1ecdc r\u01b0ng r\u01b0ng c\u1ea3m \u0111\u1ed9ng khi g\u1eb7p l\u1ea1i c\u1ea3m x\u00fac h\u1ed3n nhi\u00ean nh\u01b0 th\u1ebf. San San b\u01b0\u1edbc ra t\u1eeb b\u1ed1i c\u1ea3nh v\u1eeba l\u00e0 th\u1eddi bao c\u1ea5p, v\u1eeba l\u00e0 m\u1ed9t th\u1ebf gi\u1edbi t\u01b0\u1edfng t\u01b0\u1ee3ng. V\u00ec v\u1eady c\u00e1c b\u1ed1 m\u1eb9 \u0111\u00e3 t\u1eebng s\u1ed1ng qua th\u1eddi gian ch\u01b0a xa ch\u1eafc c\u0169ng s\u1ebd t\u00ecm th\u1ea5y nhi\u1ec1u k\u1ef7 ni\u1ec7m c\u0169 k\u1ef9 c\u1ee7a m\u00ecnh, nh\u1eefng b\u00e0i v\u00e8, s\u1ef1 t\u00edch, tr\u00f2 ch\u01a1i ph\u1ed5 bi\u1ebfn nh\u1eefng n\u0103m 80 c\u1ee7a th\u1ebf k\u1ef7 tr\u01b0\u1edbc.<\/p>\n","protected":false},"excerpt":{"rendered":"<p>\u201cNg\u00e0y x\u1eeda ng\u00e0y x\u01b0a c\u00f3 m\u1ed9t c\u00f4 b\u00e9 r\u1ea5t th\u00edch \u0111\u1ecdc s\u00e1ch v\u00e0 hay \u0111\u00f3i b\u1ee5ng t\u00ean l\u00e0 San San Ch\u00e2n To \u0110i X\u1ed1p, v\u00ec ch\u00e2n n\u00f3 h\u01a1i to m\u1ed9t t\u00ed v\u00e0 t\u00ednh t\u00ecnh n\u00f3 h\u01a1i kh\u00f9ng m\u1ed9t t\u00ed\u201d. C\u00e2u chuy\u1ec7n b\u1eaft \u0111\u1ea7u nh\u01b0 th\u1ebf, cho d\u00f9 San San l\u00e0 m\u1ed9t trong s\u1ed1 h\u00e0ng tri\u1ec7u c\u00f4 b\u00e9, c\u1eadu b\u00e9 l\u1edbn l\u00ean trong th\u1eddi bao c\u1ea5p, \u1edf m\u1ed9t khu ph\u1ed1 c\u0169 H\u00e0 N\u1ed9i, nh\u01b0ng c\u00f3 l\u1ebd do c\u00f4 su\u00fdt b\u1ecb \u0111\u1ebb r\u01a1i \u1edf th\u01b0 vi\u1ec7n n\u00ean c\u00f4 b\u00e9 th\u00edch \u0111\u1ecdc s\u00e1ch t\u1eeb l\u00fac b\u00e9 x\u00edu v\u00e0 c\u00f3 ni\u1ec1m y\u00eau th\u00edch kh\u00e1c th\u01b0\u1eddng nh\u1eefng nh\u00e2n v\u1eadt anh h\u00f9ng \u0111\u1eb9p trai trong phim truy\u1ec7n t\u00ecnh b\u00e1o.<\/p>\n<p>C\u00f4 b\u00e9 San San gi\u1ed1ng nh\u01b0 b\u1ecdn tr\u1ebb con \u1edf ph\u1ed1, ch\u1eb3ng bao gi\u1edd bi\u1ebft bu\u1ed3n v\u00e0 m\u1ec7t. V\u1edbi San San, H\u00e0 N\u1ed9i l\u00e0 ch\u1ed1n kh\u00e1m ph\u00e1 b\u1ea5t t\u1eadn c\u1ee7a c\u00f4. Bao nhi\u00eau b\u00e0i h\u00e1t b\u00e0i th\u01a1 b\u1ecb tr\u1ebb con ch\u1ebf l\u1eddi m\u1edbi, bao nhi\u00eau b\u1ea1n b\u00e8 c\u0169 m\u1edbi, bao nhi\u00eau kh\u00f3a h\u1ecdc \u0111\u00e0n, th\u1ec3 d\u1ee5c, San San \u0111\u1ec1u h\u0103m h\u1edf tham gia. Cu\u1ed1n s\u00e1ch m\u1edf ra m\u1ed9t th\u1ebf gi\u1edbi vui t\u01b0\u01a1i s\u1ed1ng \u0111\u1ed9ng c\u1ee7a nh\u1eefng \u0111\u1ee9a tr\u1ebb H\u00e0 N\u1ed9i nh\u1eefng n\u0103m th\u00e1ng b\u00ecnh d\u1ecb, n\u00ean th\u01a1, ngay c\u1ea3 khi th\u1ef1c t\u1ebf \u0111\u1eddi s\u1ed1ng nhi\u1ec1u gian kh\u00f3. Ng\u01b0\u1eddi \u0111\u1ecdc r\u01b0ng r\u01b0ng c\u1ea3m \u0111\u1ed9ng khi g\u1eb7p l\u1ea1i c\u1ea3m x\u00fac h\u1ed3n nhi\u00ean nh\u01b0 th\u1ebf. San San b\u01b0\u1edbc ra t\u1eeb b\u1ed1i c\u1ea3nh v\u1eeba l\u00e0 th\u1eddi bao c\u1ea5p, v\u1eeba l\u00e0 m\u1ed9t th\u1ebf gi\u1edbi t\u01b0\u1edfng t\u01b0\u1ee3ng. V\u00ec v\u1eady c\u00e1c b\u1ed1 m\u1eb9 \u0111\u00e3 t\u1eebng s\u1ed1ng qua th\u1eddi gian ch\u01b0a xa ch\u1eafc c\u0169ng s\u1ebd t\u00ecm th\u1ea5y nhi\u1ec1u k\u1ef7 ni\u1ec7m c\u0169 k\u1ef9 c\u1ee7a m\u00ecnh, nh\u1eefng b\u00e0i v\u00e8, s\u1ef1 t\u00edch, tr\u00f2 ch\u01a1i ph\u1ed5 bi\u1ebfn nh\u1eefng n\u0103m 80 c\u1ee7a th\u1ebf k\u1ef7 tr\u01b0\u1edbc.<\/p>\n","protected":false},"featured_media":18507,"template":"","meta":{"_acf_changed":false},"product_brand":[],"product_cat":[25,17,26],"product_tag":[],"class_list":{"0":"post-18508","1":"product","2":"type-product","3":"status-publish","4":"has-post-thumbnail","6":"product_cat-nhi-dong-6-tuoi-12-tuoi","7":"product_cat-sach-danh-cho-cac-be","8":"product_cat-thieu-nien-11-tuoi-18-tuoi","10":"first","11":"instock","12":"taxable","13":"shipping-taxable","14":"purchasable","15":"product-type-simple"},"supplier_id":null,"supplier_sku":"","barcode":null,"atum_controlled":true,"out_stock_date":null,"out_stock_threshold":null,"inheritable":false,"inbound_stock":0,"stock_on_hold":0,"sold_today":0,"sales_last_days":0,"reserved_stock":0,"customer_returns":0,"warehouse_damage":0,"lost_in_post":0,"other_logs":0,"out_stock_days":0,"lost_sales":0,"has_location":false,"update_date":"2026-01-28T23:11:03","atum_locations":[{"id":32,"name":"Helsinki","slug":"helsinki"}],"atum_stock_status":"instock","restock_status":false,"low_stock_amount":"","sales_update_date":"2026-01-28T23:11:03","calc_backorders":null,"acf":{"publisher":{"ID":1517,"post_author":"1","post_date":"2021-02-17 01:14:41","post_date_gmt":"2021-02-16 23:14:41","post_content":"","post_title":"NXB Tr\u1ebb","post_excerpt":"","post_status":"publish","comment_status":"closed","ping_status":"closed","post_password":"","post_name":"nxb-tre","to_ping":"","pinged":"","post_modified":"2021-02-17 01:14:41","post_modified_gmt":"2021-02-16 23:14:41","post_content_filtered":"","post_parent":0,"guid":"https:\/\/sachviet.eu\/nha-phat-hanh\/nxb-tre\/","menu_order":0,"post_type":"publisher","post_mime_type":"","comment_count":"0","filter":"raw"}},"_links":{"self":[{"href":"https:\/\/sachviet.eu\/en\/wp-json\/wp\/v2\/product\/18508","targetHints":{"allow":["GET"]}}],"collection":[{"href":"https:\/\/sachviet.eu\/en\/wp-json\/wp\/v2\/product"}],"about":[{"href":"https:\/\/sachviet.eu\/en\/wp-json\/wp\/v2\/types\/product"}],"wp:featuredmedia":[{"embeddable":true,"href":"https:\/\/sachviet.eu\/en\/wp-json\/wp\/v2\/media\/18507"}],"wp:attachment":[{"href":"https:\/\/sachviet.eu\/en\/wp-json\/wp\/v2\/media?parent=18508"}],"wp:term":[{"taxonomy":"product_brand","embeddable":true,"href":"https:\/\/sachviet.eu\/en\/wp-json\/wp\/v2\/product_brand?post=18508"},{"taxonomy":"product_cat","embeddable":true,"href":"https:\/\/sachviet.eu\/en\/wp-json\/wp\/v2\/product_cat?post=18508"},{"taxonomy":"product_tag","embeddable":true,"href":"https:\/\/sachviet.eu\/en\/wp-json\/wp\/v2\/product_tag?post=18508"}],"curies":[{"name":"wp","href":"https:\/\/api.w.org\/{rel}","templated":true}]}}