{"id":18310,"date":"2022-04-10T22:12:31","date_gmt":"2022-04-10T19:12:31","guid":{"rendered":"https:\/\/sachviet.eu\/shop\/ehon-nhat-ban-mako-va-chuyen-phieu-luu-trong-bon-tam\/"},"modified":"2023-07-14T23:14:59","modified_gmt":"2023-07-14T20:14:59","slug":"ehon-nhat-ban-mako-va-chuyen-phieu-luu-trong-bon-tam","status":"publish","type":"product","link":"https:\/\/sachviet.eu\/en\/shop\/ehon-nhat-ban-mako-va-chuyen-phieu-luu-trong-bon-tam\/","title":{"rendered":"Ehon Nh\u1eadt B\u1ea3n &#8211; Mako V\u00e0 Chuy\u1ebfn Phi\u00eau L\u01b0u Trong B\u1ed3n T\u1eafm"},"content":{"rendered":"<p>Mako v\u00e0 chuy\u1ebfn phi\u00eau l\u01b0u trong b\u1ed3n t\u1eafm k\u1ec3 v\u1ec1 c\u1eadu b\u00e9 Mako \u01b0a s\u1ea1ch s\u1ebd, th\u00edch t\u1eafm v\u00e0 c\u00f3 th\u1ec3 t\u1ef1 t\u1eafm \u0111\u01b0\u1ee3c m\u1ed9t m\u00ecnh. B\u01b0\u1edbc v\u00e0o ph\u00f2ng t\u1eafm c\u00f9ng v\u1edbi b\u1ea1n v\u1ecbt con Puka, c\u1eadu b\u00e9 t\u01b0\u1edfng t\u01b0\u1ee3ng th\u00eam nhi\u1ec1u ng\u01b0\u1eddi b\u1ea1n m\u1edbi v\u00e0 \u0111\u00e1ng y\u00eau c\u00f9ng \u0111\u1ebfn t\u1eafm c\u00f9ng v\u1edbi m\u00ecnh. Nh\u1eefng ng\u01b0\u1eddi b\u1ea1n nh\u1ecf v\u1eeba ch\u01a1i \u0111\u00f9a, tr\u00f2 chuy\u1ec7n r\u00f4m r\u1ea3 trong ph\u00f2ng t\u1eafm v\u1eeba t\u1ef1 t\u1eafm cho m\u00ecnh th\u1eadt s\u1ea1ch s\u1ebd. Th\u1ebf gi\u1edbi c\u1ee7a tr\u1ebb con v\u00f4 c\u00f9ng \u0111a d\u1ea1ng v\u00e0 gi\u00e0u tr\u00ed t\u01b0\u1edfng t\u01b0\u1ee3ng \u0111\u01b0\u1ee3c th\u1ec3 hi\u1ec7n qua c\u00e2u chuy\u1ec7n Mako v\u00e0 chuy\u1ebfn phi\u00eau l\u01b0u trong b\u1ed3n t\u1eafm s\u1ebd gi\u00fap c\u00e1c b\u1ea1n nh\u1ecf s\u1ebd h\u1ecdc \u0111\u01b0\u1ee3c t\u00ednh t\u1ef1 gi\u00e1c v\u1ec7 sinh c\u00e1 nh\u00e2n v\u00e0 c\u1ea3m th\u1ea5y th\u00edch th\u00fa khi h\u00f2a m\u00ecnh c\u00f9ng v\u1edbi c\u1eadu b\u00e9 Mako \u0111\u00e1ng y\u00eau.<\/p>\n<p>Hi v\u1ecdng cu\u1ed1n truy\u1ec7n \u0111\u00e1ng y\u00eau n\u00e0y s\u1ebd nh\u1eadn \u0111\u01b0\u1ee3c s\u1ef1 y\u00eau th\u00edch c\u1ee7a c\u00e1c b\u1eadc cha m\u1eb9 v\u00e0 c\u00e1c em nh\u1ecf.<\/p>\n","protected":false},"excerpt":{"rendered":"<p>Mako v\u00e0 chuy\u1ebfn phi\u00eau l\u01b0u trong b\u1ed3n t\u1eafm k\u1ec3 v\u1ec1 c\u1eadu b\u00e9 Mako \u01b0a s\u1ea1ch s\u1ebd, th\u00edch t\u1eafm v\u00e0 c\u00f3 th\u1ec3 t\u1ef1 t\u1eafm \u0111\u01b0\u1ee3c m\u1ed9t m\u00ecnh. B\u01b0\u1edbc v\u00e0o ph\u00f2ng t\u1eafm c\u00f9ng v\u1edbi b\u1ea1n v\u1ecbt con Puka, c\u1eadu b\u00e9 t\u01b0\u1edfng t\u01b0\u1ee3ng th\u00eam nhi\u1ec1u ng\u01b0\u1eddi b\u1ea1n m\u1edbi v\u00e0 \u0111\u00e1ng y\u00eau c\u00f9ng \u0111\u1ebfn t\u1eafm c\u00f9ng v\u1edbi m\u00ecnh. Nh\u1eefng ng\u01b0\u1eddi b\u1ea1n nh\u1ecf v\u1eeba ch\u01a1i \u0111\u00f9a, tr\u00f2 chuy\u1ec7n r\u00f4m r\u1ea3 trong ph\u00f2ng t\u1eafm v\u1eeba t\u1ef1 t\u1eafm cho m\u00ecnh th\u1eadt s\u1ea1ch s\u1ebd. Th\u1ebf gi\u1edbi c\u1ee7a tr\u1ebb con v\u00f4 c\u00f9ng \u0111a d\u1ea1ng v\u00e0 gi\u00e0u tr\u00ed t\u01b0\u1edfng t\u01b0\u1ee3ng \u0111\u01b0\u1ee3c th\u1ec3 hi\u1ec7n qua c\u00e2u chuy\u1ec7n Mako v\u00e0 chuy\u1ebfn phi\u00eau l\u01b0u trong b\u1ed3n t\u1eafm s\u1ebd gi\u00fap c\u00e1c b\u1ea1n nh\u1ecf s\u1ebd h\u1ecdc \u0111\u01b0\u1ee3c t\u00ednh t\u1ef1 gi\u00e1c v\u1ec7 sinh c\u00e1 nh\u00e2n v\u00e0 c\u1ea3m th\u1ea5y th\u00edch th\u00fa khi h\u00f2a m\u00ecnh c\u00f9ng v\u1edbi c\u1eadu b\u00e9 Mako \u0111\u00e1ng y\u00eau.<\/p>\n<p>Hi v\u1ecdng cu\u1ed1n truy\u1ec7n \u0111\u00e1ng y\u00eau n\u00e0y s\u1ebd nh\u1eadn \u0111\u01b0\u1ee3c s\u1ef1 y\u00eau th\u00edch c\u1ee7a c\u00e1c b\u1eadc cha m\u1eb9 v\u00e0 c\u00e1c em nh\u1ecf.<\/p>\n","protected":false},"featured_media":18309,"template":"","meta":{"_acf_changed":false},"product_brand":[],"product_cat":[25,17],"product_tag":[],"class_list":{"0":"post-18310","1":"product","2":"type-product","3":"status-publish","4":"has-post-thumbnail","6":"product_cat-nhi-dong-6-tuoi-12-tuoi","7":"product_cat-sach-danh-cho-cac-be","9":"first","10":"outofstock","11":"taxable","12":"shipping-taxable","13":"purchasable","14":"product-type-simple"},"supplier_id":null,"supplier_sku":"","barcode":null,"atum_controlled":true,"out_stock_date":"2023-07-14 20:14:59","out_stock_threshold":null,"inheritable":false,"inbound_stock":0,"stock_on_hold":0,"sold_today":0,"sales_last_days":0,"reserved_stock":0,"customer_returns":0,"warehouse_damage":0,"lost_in_post":0,"other_logs":0,"out_stock_days":929,"lost_sales":0,"has_location":false,"update_date":"2026-01-28T23:11:03","atum_locations":[{"id":32,"name":"Helsinki","slug":"helsinki"}],"atum_stock_status":"outofstock","restock_status":false,"low_stock_amount":"","sales_update_date":"2026-01-28T23:11:03","calc_backorders":null,"acf":{"publisher":{"ID":1453,"post_author":"1","post_date":"2021-02-17 01:11:32","post_date_gmt":"2021-02-16 23:11:32","post_content":"<!-- wp:flatsome\/uxbuilder -->\n<h1 style=\"text-align: center;\"><strong>Qu\u1ea3ng V\u0103n<\/strong><\/h1>\n[row]\n\n[col span=\"6\" span__sm=\"12\"]\n\n[ux_image id=\"1552\" image_size=\"medium\"]\n\n\n[\/col]\n[col span=\"6\" span__sm=\"12\"]\n\n<p><strong>Quangvanbooks<\/strong><br \/>Qu\u1ea3ng V\u0103n l\u00e0 t\u1ed5 h\u1ee3p xu\u1ea5t b\u1ea3n, gi\u00e1o d\u1ee5c v\u00e0 nh\u01b0\u1ee3ng quy\u1ec1n h\u00e0ng \u0111\u1ea7u trong ng\u00e0nh c\u00f4ng nghi\u1ec7p s\u00e1ng t\u1ea1o v\u1edbi c\u00e1c th\u01b0\u01a1ng hi\u1ec7u nh\u00e1nh:<\/p>\n<p>Quangvanbooks - Th\u01b0\u01a1ng hi\u1ec7u s\u00e1ch v\u0103n h\u00f3a gi\u00e1o d\u1ee5c v\u00e0 v\u0103n h\u00f3a gi\u1ea3i tr\u00ed<br \/>Ehomebooks - Th\u01b0\u01a1ng hi\u1ec7u s\u00e1ch gi\u00e1o d\u1ee5c gia \u0111\u00ecnh<br \/>Sakurabooks - Th\u01b0\u01a1ng hi\u1ec7u s\u00e1ch Nh\u1eadt B\u1ea3n<br \/>IPERbooks - Th\u01b0\u01a1ng hi\u1ec7u s\u00e1ch gi\u00e1o d\u1ee5c nh\u00e0 tr\u01b0\u1eddng<br \/>IPER - Vi\u1ec7n nghi\u00ean c\u1ee9u xu\u1ea5t b\u1ea3n v\u00e0 gi\u00e1o d\u1ee5c IPER<\/p>\n<p><strong>T\u1ea7m nh\u00ecn<\/strong><br \/>Tr\u1edf th\u00e0nh th\u01b0\u01a1ng hi\u1ec7u s\u00e1ch v\u0103n h\u00f3a gi\u00e1o d\u1ee5c v\u00e0 v\u0103n h\u00f3a gi\u1ea3i tr\u00ed t\u1ed1t nh\u1ea5t v\u00e0 \u0111a d\u1ea1ng nh\u1ea5t Vi\u1ec7t Nam.<\/p>\n<p><br \/><strong>S\u1ee9 m\u1ec7nh<\/strong><br \/>Mang \u0111\u1ebfn nh\u1eefng cu\u1ed1n s\u00e1ch v\u0103n h\u00f3a gi\u00e1o d\u1ee5c v\u00e0 v\u0103n h\u00f3a gi\u1ea3i tr\u00ed \u0111\u1ebfn v\u1edbi \u0111\u1ed9c gi\u1ea3 Vi\u1ec7t Nam v\u00e0 th\u1ebf gi\u1edbi nh\u1eb1m gi\u00fap \u0111\u1ed9c gi\u1ea3 ph\u00e1t tri\u1ec3n b\u1ea3n th\u00e2n, gi\u00e1o d\u1ee5c, gi\u1ea3i tr\u00ed v\u00e0 khai s\u00e1ng nh\u1eb1m x\u00e2y d\u1ef1ng x\u00e3 h\u1ed9i th\u1ecbnh v\u01b0\u1ee3ng, h\u1ea1nh ph\u00fac.<\/p>\n<p><strong>Gi\u00e1 tr\u1ecb c\u1ed1t l\u00f5i<\/strong><\/p>\n<p>S\u00e1ng t\u1ea1o - Linh ho\u1ea1t - H\u1ee3p t\u00e1c - Ch\u00ednh tr\u1ef1c - Nhi\u1ec7t huy\u1ebft - C\u00e2n b\u1eb1ng - H\u1ea1nh ph\u00fac<\/p>\n\n[\/col]\n\n[\/row]\n\n<!-- \/wp:flatsome\/uxbuilder -->","post_title":"Qu\u1ea3ng V\u0103n","post_excerpt":"","post_status":"publish","comment_status":"closed","ping_status":"closed","post_password":"","post_name":"quang-van","to_ping":"","pinged":"","post_modified":"2021-02-17 01:26:44","post_modified_gmt":"2021-02-16 23:26:44","post_content_filtered":"","post_parent":0,"guid":"https:\/\/sachviet.eu\/nha-phat-hanh\/quang-van\/","menu_order":0,"post_type":"publisher","post_mime_type":"","comment_count":"0","filter":"raw"}},"_links":{"self":[{"href":"https:\/\/sachviet.eu\/en\/wp-json\/wp\/v2\/product\/18310","targetHints":{"allow":["GET"]}}],"collection":[{"href":"https:\/\/sachviet.eu\/en\/wp-json\/wp\/v2\/product"}],"about":[{"href":"https:\/\/sachviet.eu\/en\/wp-json\/wp\/v2\/types\/product"}],"wp:featuredmedia":[{"embeddable":true,"href":"https:\/\/sachviet.eu\/en\/wp-json\/wp\/v2\/media\/18309"}],"wp:attachment":[{"href":"https:\/\/sachviet.eu\/en\/wp-json\/wp\/v2\/media?parent=18310"}],"wp:term":[{"taxonomy":"product_brand","embeddable":true,"href":"https:\/\/sachviet.eu\/en\/wp-json\/wp\/v2\/product_brand?post=18310"},{"taxonomy":"product_cat","embeddable":true,"href":"https:\/\/sachviet.eu\/en\/wp-json\/wp\/v2\/product_cat?post=18310"},{"taxonomy":"product_tag","embeddable":true,"href":"https:\/\/sachviet.eu\/en\/wp-json\/wp\/v2\/product_tag?post=18310"}],"curies":[{"name":"wp","href":"https:\/\/api.w.org\/{rel}","templated":true}]}}