{"id":18302,"date":"2022-04-10T22:12:12","date_gmt":"2022-04-10T19:12:12","guid":{"rendered":"https:\/\/sachviet.eu\/shop\/den-gio-bay-len\/"},"modified":"2022-12-19T15:25:32","modified_gmt":"2022-12-19T13:25:32","slug":"den-gio-bay-len","status":"publish","type":"product","link":"https:\/\/sachviet.eu\/en\/shop\/den-gio-bay-len\/","title":{"rendered":"\u0110\u00c8N GI\u00d3 BAY L\u00caN"},"content":{"rendered":"<p>T\u1eadp truy\u1ec7n ng\u1eafn d\u00e0nh cho thi\u1ebfu nhi v\u1edbi 8 c\u00e2u chuy\u1ec7n th\u00fa v\u1ecb v\u1ec1 cu\u1ed9c s\u1ed1ng n\u01a1i \u0111\u1ed3ng qu\u00ea, c\u00e1c b\u1ea1n nh\u1ecf th\u00e0nh th\u1ecb h\u1eb3n s\u1ebd t\u00f2 m\u00f2 v\u00e0 th\u00edch th\u00fa khi kh\u00e1m ph\u00e1 ra nh\u1eefng tr\u00f2 nh\u01b0 \u0111ua xe b\u00f9 r\u1ea7y, l\u00e0m \u0111\u00e8n \u0111om \u0111\u00f3m, th\u1ea3 \u0111\u00e8n tr\u1eddi&#8230; \u0111\u00e3 \u0111i s\u00e2u v\u00e0o k\u00fd \u1ee9c c\u1ee7a nhi\u1ec1u ng\u01b0\u1eddi. Nh\u1eefng truy\u1ec7n k\u1ec3 d\u00e0nh cho thi\u1ebfu nhi, nh\u01b0ng \u0111\u1ed3ng th\u1eddi c\u0169ng s\u1ebd g\u1ee3i cho ph\u1ee5 huynh ho\u00e0i ni\u1ec7m v\u1ec1 nh\u1eefng ng\u00e0y th\u01a1 b\u00e9. Khuy\u1ebfn kh\u00edch cha m\u1eb9 \u0111\u1ecdc c\u00f9ng con, k\u1ec3 chuy\u1ec7n v\u00e0 chia s\u1ebb v\u1ec1 tu\u1ed5i th\u01a1 c\u1ee7a m\u00ecnh \u0111\u1ec3 b\u1ea1n \u0111\u1ecdc nh\u1ecf tu\u1ed5i bi\u1ebft th\u00eam v\u1ec1 cu\u1ed9c s\u1ed1ng \u1edf nhi\u1ec1u v\u00f9ng mi\u1ec1n \u0111\u1ea5t n\u01b0\u1edbc.<\/p>\n","protected":false},"excerpt":{"rendered":"<p>T\u1eadp truy\u1ec7n ng\u1eafn d\u00e0nh cho thi\u1ebfu nhi v\u1edbi 8 c\u00e2u chuy\u1ec7n th\u00fa v\u1ecb v\u1ec1 cu\u1ed9c s\u1ed1ng n\u01a1i \u0111\u1ed3ng qu\u00ea, c\u00e1c b\u1ea1n nh\u1ecf th\u00e0nh th\u1ecb h\u1eb3n s\u1ebd t\u00f2 m\u00f2 v\u00e0 th\u00edch th\u00fa khi kh\u00e1m ph\u00e1 ra nh\u1eefng tr\u00f2 nh\u01b0 \u0111ua xe b\u00f9 r\u1ea7y, l\u00e0m \u0111\u00e8n \u0111om \u0111\u00f3m, th\u1ea3 \u0111\u00e8n tr\u1eddi&#8230; \u0111\u00e3 \u0111i s\u00e2u v\u00e0o k\u00fd \u1ee9c c\u1ee7a nhi\u1ec1u ng\u01b0\u1eddi. Nh\u1eefng truy\u1ec7n k\u1ec3 d\u00e0nh cho thi\u1ebfu nhi, nh\u01b0ng \u0111\u1ed3ng th\u1eddi c\u0169ng s\u1ebd g\u1ee3i cho ph\u1ee5 huynh ho\u00e0i ni\u1ec7m v\u1ec1 nh\u1eefng ng\u00e0y th\u01a1 b\u00e9. Khuy\u1ebfn kh\u00edch cha m\u1eb9 \u0111\u1ecdc c\u00f9ng con, k\u1ec3 chuy\u1ec7n v\u00e0 chia s\u1ebb v\u1ec1 tu\u1ed5i th\u01a1 c\u1ee7a m\u00ecnh \u0111\u1ec3 b\u1ea1n \u0111\u1ecdc nh\u1ecf tu\u1ed5i bi\u1ebft th\u00eam v\u1ec1 cu\u1ed9c s\u1ed1ng \u1edf nhi\u1ec1u v\u00f9ng mi\u1ec1n \u0111\u1ea5t n\u01b0\u1edbc.<\/p>\n","protected":false},"featured_media":18301,"template":"","meta":{"_acf_changed":false},"product_brand":[],"product_cat":[17,26],"product_tag":[],"class_list":{"0":"post-18302","1":"product","2":"type-product","3":"status-publish","4":"has-post-thumbnail","6":"product_cat-sach-danh-cho-cac-be","7":"product_cat-thieu-nien-11-tuoi-18-tuoi","9":"first","10":"outofstock","11":"taxable","12":"shipping-taxable","13":"purchasable","14":"product-type-simple"},"supplier_id":null,"supplier_sku":"","barcode":null,"atum_controlled":true,"out_stock_date":"2022-12-19 12:58:19","out_stock_threshold":null,"inheritable":false,"inbound_stock":0,"stock_on_hold":0,"sold_today":0,"sales_last_days":0,"reserved_stock":0,"customer_returns":0,"warehouse_damage":0,"lost_in_post":0,"other_logs":0,"out_stock_days":1136,"lost_sales":0,"has_location":false,"update_date":"2026-01-28T23:11:03","atum_locations":[{"id":32,"name":"Helsinki","slug":"helsinki"}],"atum_stock_status":"outofstock","restock_status":false,"low_stock_amount":"","sales_update_date":"2026-01-28T23:11:03","calc_backorders":null,"acf":{"publisher":{"ID":1517,"post_author":"1","post_date":"2021-02-17 01:14:41","post_date_gmt":"2021-02-16 23:14:41","post_content":"","post_title":"NXB Tr\u1ebb","post_excerpt":"","post_status":"publish","comment_status":"closed","ping_status":"closed","post_password":"","post_name":"nxb-tre","to_ping":"","pinged":"","post_modified":"2021-02-17 01:14:41","post_modified_gmt":"2021-02-16 23:14:41","post_content_filtered":"","post_parent":0,"guid":"https:\/\/sachviet.eu\/nha-phat-hanh\/nxb-tre\/","menu_order":0,"post_type":"publisher","post_mime_type":"","comment_count":"0","filter":"raw"}},"_links":{"self":[{"href":"https:\/\/sachviet.eu\/en\/wp-json\/wp\/v2\/product\/18302","targetHints":{"allow":["GET"]}}],"collection":[{"href":"https:\/\/sachviet.eu\/en\/wp-json\/wp\/v2\/product"}],"about":[{"href":"https:\/\/sachviet.eu\/en\/wp-json\/wp\/v2\/types\/product"}],"wp:featuredmedia":[{"embeddable":true,"href":"https:\/\/sachviet.eu\/en\/wp-json\/wp\/v2\/media\/18301"}],"wp:attachment":[{"href":"https:\/\/sachviet.eu\/en\/wp-json\/wp\/v2\/media?parent=18302"}],"wp:term":[{"taxonomy":"product_brand","embeddable":true,"href":"https:\/\/sachviet.eu\/en\/wp-json\/wp\/v2\/product_brand?post=18302"},{"taxonomy":"product_cat","embeddable":true,"href":"https:\/\/sachviet.eu\/en\/wp-json\/wp\/v2\/product_cat?post=18302"},{"taxonomy":"product_tag","embeddable":true,"href":"https:\/\/sachviet.eu\/en\/wp-json\/wp\/v2\/product_tag?post=18302"}],"curies":[{"name":"wp","href":"https:\/\/api.w.org\/{rel}","templated":true}]}}