{"id":18283,"date":"2022-04-10T22:11:32","date_gmt":"2022-04-10T19:11:32","guid":{"rendered":"https:\/\/sachviet.eu\/shop\/olivia\/"},"modified":"2022-12-19T15:26:33","modified_gmt":"2022-12-19T13:26:33","slug":"olivia","status":"publish","type":"product","link":"https:\/\/sachviet.eu\/en\/shop\/olivia\/","title":{"rendered":"OLIVIA"},"content":{"rendered":"<p>\u201cV\u1ea1\u0302y ra \u0111\u00f3 l\u00e0 k\u00ea\u0301t cu\u0323c cu\u0309a \u00e1i t\u00ecnh. T\u00f4\u0309n thu\u031bo\u031bng v\u00e0 bi\u0323 t\u00f4\u0309n thu\u031bo\u031bng&#8230;\u201d<\/p>\n<p>Olivia l\u00e0 m\u1ecd\u0302t thi\u00ea\u0301u n\u01b0\u0303 Anh Qu\u00f4\u0301c v\u01a1\u0301i t\u00e2m h\u00f4\u0300n nha\u0323y ca\u0309m, rung \u0111\u1ecd\u0302ng s\u00e2u s\u0103\u0301c tru\u031b\u01a1\u0301c ngh\u1eb9\u0302 thu\u1ea1\u0302t, v\u00e0 \u0111\u1ea1\u0306c bi\u1eb9\u0302t gi\u00e0u ca\u0309m x\u00fac. Cu\u1ecd\u0302c \u0111\u01a1\u0300i mang \u0111\u00ea\u0301n cho c\u00f4 \u0111\u00e2\u0300y h\u01b0\u0301a he\u0323n \u01a1\u0309 tu\u00f4\u0309i tra\u0306ng tr\u00f2n khi c\u00f4 \u0111u\u031b\u01a1\u0323c gia \u0111\u00ecnh g\u01b0\u0309i t\u01a1\u0301i m\u1ecd\u0302t ng\u00f4i tru\u031b\u01a1\u0300ng n\u01b0\u0303 sinh thu\u031b\u01a1\u0323ng lu\u031bu \u01a1\u0309 Ph\u00e1p. Song no\u031bi le\u0303 ra pha\u0309i l\u00e0 vu\u031b\u01a1\u0300n \u0111i\u0323a \u0111\u00e0ng m\u00e0u m\u01a1\u0303 n\u00e0y la\u0323i tr\u01a1\u0309 th\u00e0nh \u0111a\u0323i du\u031bo\u031bng \u0111\u00e2\u0300y s\u00f3ng gi\u00f3 v\u01a1\u0301i t\u00e2m h\u00f4\u0300n non tre\u0309 kia, khi t\u01b0\u0300ng ng\u00e0y tr\u00f4i qua, ca\u0309m x\u00fac k\u00ec la\u0323 cu\u0309a Olivia \u0111\u00f4\u0301i v\u01a1\u0301i c\u00f4 gi\u00e1o Julie xinh \u0111e\u0323p v\u00e0 cu\u00f4\u0301n h\u00fat ng\u00e0y m\u1ecd\u0302t l\u01a1\u0301n d\u00e2\u0300n v\u00e0 \u0111\u1ea1\u0302m s\u00e2u. Nhu\u031bng \u0111\u01a1\u0300i tu\u031b cu\u0309a Julie la\u0323i kh\u00f4ng \u0111o\u031bn gia\u0309n nhu\u031b Olivia nh\u01b0\u0303ng tu\u031b\u01a1\u0309ng. Khi m\u00f4\u0301i quan h\u1eb9\u0302 gi\u01b0\u0303a hai ngu\u031b\u01a1\u0300i ng\u00e0y c\u00e0ng th\u00e2n m\u1ea1\u0302t, v\u00f2ng xo\u00e1y cu\u0309a \u00e2m mu\u031bu v\u00e0 gi\u00f4ng b\u00e3o ng\u00e2\u0301m ng\u00e2\u0300m \u00e2\u0309n du\u031b\u01a1\u0301i ve\u0309 ngo\u00e0i xinh \u0111e\u0323p cu\u0309a mo\u0323i s\u01b0\u0323 v\u1ea1\u0302t v\u00e0 con ngu\u031b\u01a1\u0300i no\u031bi \u0111\u00e2y. Na\u0306m ho\u0323c \u00e2\u0301y du\u031b\u01a1\u0300ng nhu\u031b \u0111\u00e3 \u0111u\u031b\u01a1\u0323c \u0111i\u0323nh s\u0103\u0303n l\u00e0 se\u0303 k\u00ea\u0301t th\u00fac trong bi ki\u0323ch.<\/p>\n<p>\u201cT\u00f4i t\u1eebng ngh\u0129 r\u1eb1ng m\u1ed9t ng\u00e0y n\u00e0o \u0111\u00f3 m\u00ecnh s\u1ebd vi\u1ebft m\u1ed9t cu\u1ed1n ti\u1ec3u thuy\u1ebft nh\u01b0 OLIVIA. T\u00f4i s\u1ebd \u0111\u1eb7t t\u00ean n\u00f3 l\u00e0 g\u00ec nh\u1ec9? C\u00e1i t\u1ef1a s\u00e1ch d\u01b0\u1eddng nh\u01b0 r\u1ea5t hi\u1ec3n nhi\u00ean v\u00e0o th\u1eddi \u0111i\u1ec3m \u1ea5y. T\u00f4i s\u1ebd g\u1ecdi n\u00f3 l\u00e0 \u2018Oliver\u2019. Nh\u01b0ng r\u1ed3i t\u00f4i ngh\u0129 l\u1ea1i v\u00e0 g\u1ecdi cu\u1ed1n s\u00e1ch \u1ea5y b\u1eb1ng m\u1ed9t c\u00e1i t\u00ean kh\u00e1c. \u2026 T\u00f4i \u0111\u00e3 \u0111o\u0323c OLIVIA r\u00e2\u0301t, r\u00e2\u0301t nhi\u00ea\u0300u l\u00e2\u0300n, mua cu\u00f4\u0301n s\u00e1ch n\u00e0y cho v\u00f4 s\u00f4\u0301 ba\u0323n b\u00e8, v\u00e0 coi n\u00f3 nhu\u031b ngu\u00f4\u0300n ca\u0309m h\u01b0\u0301ng cho CALL ME BY YOUR NAME.\u201d &#8211; ANDR\u00c9 ACIMAN<\/p>\n<p>\u201cM\u1ed9t ki\u1ec7t t\u00e1c nho nh\u1ecf.\u201d &#8211; ANDR\u00c9 GIDE<\/p>\n<p>\u201cM\u1ed9t c\u00e1i nh\u00ecn tho\u00e1ng qua tuy\u1ec7t \u0111\u1eb9p v\u1ec1 ng\u1ecdn l\u1eeda mong manh c\u1ee7a t\u00ecnh y\u00eau\u2026 OLIVIA l\u00e0 m\u1ed9t tuy\u1ec7t t\u00e1c v\u00e0o th\u1eddi \u0111i\u1ec3m cu\u1ed1n s\u00e1ch \u0111\u01b0\u1ee3c vi\u1ebft n\u00ean g\u1ea7n 100 n\u0103m tr\u01b0\u1edbc, v\u00e0 t\u1edbi ng\u00e0y nay v\u1eabn v\u1eady. OLIVIA kh\u00f4ng ch\u1ec9 v\u1eefng v\u00e0ng tr\u01b0\u1edbc th\u00e1ch th\u1ee9c c\u1ee7a th\u1eddi gian, m\u00e0 nh\u1edd vi\u1ec7c tinh t\u1ebf ch\u00fa t\u00e2m t\u1edbi ng\u00f4n ng\u1eef, c\u1ea3m x\u00fac, nh\u1edd quy\u1ebft t\u00e2m h\u1ebft m\u00ecnh \u01b0\u01a1m m\u1ea7m nh\u1eefng x\u00fac c\u1ea3m v\u00e0 kh\u00e1t khao n\u01a1i ng\u01b0\u1eddi \u0111\u1ecdc, cu\u1ed1n s\u00e1ch d\u1ec5 d\u00e0ng v\u01b0\u1ee3t l\u00ean tr\u00ean nhi\u1ec1u c\u00e2u chuy\u1ec7n t\u00edch c\u1ef1c h\u01a1n ti\u00eau bi\u1ec3u cho v\u0103n h\u1ecdc \u0111\u1ed3ng t\u00ednh hi\u1ec7n \u0111\u1ea1i.\u201d &#8211; POPMATTERS<\/p>\n<p>DOROTHY STRACHEY (1865 &#8211; 1960) c\u00f2n \u0111u\u031b\u01a1\u0323c bi\u00ea\u0301t \u0111\u00ea\u0301n du\u031b\u01a1\u0301i t\u00ean Dorothy Bussy, l\u00e0 m\u1ecd\u0302t th\u00e0nh vi\u00ean xu\u00e2\u0301t ch\u00fang cu\u0309a Nh\u00f3m Bloomsbury v\u00e0 l\u00e0 chi\u0323 g\u00e1i cu\u0309a nh\u00e0 va\u0306n Lytton Strachey. B\u00e0 cu\u0303ng l\u00e0 m\u1ecd\u0302t ngu\u031b\u01a1\u0300i ba\u0323n th\u00e2n thi\u00ea\u0301t cu\u0309a nh\u00e0 va\u0306n Andr\u00e9 Gide, v\u00e0 \u0111\u00e3 di\u0323ch c\u00e1c t\u00e1c ph\u00e2\u0309m cu\u0309a \u00f4ng sang ti\u00ea\u0301ng Anh. Dorothy k\u00ea\u0301t h\u00f4n v\u01a1\u0301i hoa\u0323 si\u0303 Simon Bussy v\u00e0o na\u0306m 1903. C\u00e1o ph\u00f3 cu\u0309a b\u00e0 tr\u00ean t\u01a1\u0300 Times (London) mi\u00eau ta\u0309 b\u00e0 l\u00e0 \u201cm\u1ecd\u0302t con ngu\u031b\u01a1\u0300i duy\u00ean d\u00e1ng, d\u00ed do\u0309m, vui t\u00ednh v\u00e0 vui ve\u0309\u201d.<\/p>\n<p>Olivia l\u00e0 ti\u00ea\u0309u thuy\u00ea\u0301t duy nh\u00e2\u0301t cu\u0309a Dorothy Strachey, h\u00e2\u0300u nhu\u031b \u0111u\u031b\u01a1\u0323c vi\u00ea\u0301t d\u01b0\u0323a tr\u00ean tra\u0309i nghi\u1eb9\u0302m cu\u0309a ch\u00ednh b\u00e0 trong tru\u031b\u01a1\u0300ng n\u1ecd\u0302i tr\u00fa \u01a1\u0309 Ph\u00e1p. B\u00e0 s\u01b0\u0309 du\u0323ng ch\u00ednh b\u00fat danh \u201cOlivia\u201d trong l\u00e2\u0300n xu\u00e2\u0301t ba\u0309n \u0111\u00e2\u0300u ti\u00ean cu\u0309a t\u00e1c ph\u00e2\u0309m n\u00e0y v\u00e0o na\u0306m 1949. Dorothy Strachey \u0111\u00ea\u0300 t\u1ea1\u0306ng Olivia cho nh\u00e0 va\u0306n Virginia Woolf.<\/p>\n","protected":false},"excerpt":{"rendered":"<p>\u201cV\u1ea1\u0302y ra \u0111\u00f3 l\u00e0 k\u00ea\u0301t cu\u0323c cu\u0309a \u00e1i t\u00ecnh. T\u00f4\u0309n thu\u031bo\u031bng v\u00e0 bi\u0323 t\u00f4\u0309n thu\u031bo\u031bng&#8230;\u201d<\/p>\n<p>Olivia l\u00e0 m\u1ecd\u0302t thi\u00ea\u0301u n\u01b0\u0303 Anh Qu\u00f4\u0301c v\u01a1\u0301i t\u00e2m h\u00f4\u0300n nha\u0323y ca\u0309m, rung \u0111\u1ecd\u0302ng s\u00e2u s\u0103\u0301c tru\u031b\u01a1\u0301c ngh\u1eb9\u0302 thu\u1ea1\u0302t, v\u00e0 \u0111\u1ea1\u0306c bi\u1eb9\u0302t gi\u00e0u ca\u0309m x\u00fac. Cu\u1ecd\u0302c \u0111\u01a1\u0300i mang \u0111\u00ea\u0301n cho c\u00f4 \u0111\u00e2\u0300y h\u01b0\u0301a he\u0323n \u01a1\u0309 tu\u00f4\u0309i tra\u0306ng tr\u00f2n khi c\u00f4 \u0111u\u031b\u01a1\u0323c gia \u0111\u00ecnh g\u01b0\u0309i t\u01a1\u0301i m\u1ecd\u0302t ng\u00f4i tru\u031b\u01a1\u0300ng n\u01b0\u0303 sinh thu\u031b\u01a1\u0323ng lu\u031bu \u01a1\u0309 Ph\u00e1p. Song no\u031bi le\u0303 ra pha\u0309i l\u00e0 vu\u031b\u01a1\u0300n \u0111i\u0323a \u0111\u00e0ng m\u00e0u m\u01a1\u0303 n\u00e0y la\u0323i tr\u01a1\u0309 th\u00e0nh \u0111a\u0323i du\u031bo\u031bng \u0111\u00e2\u0300y s\u00f3ng gi\u00f3 v\u01a1\u0301i t\u00e2m h\u00f4\u0300n non tre\u0309 kia, khi t\u01b0\u0300ng ng\u00e0y tr\u00f4i qua, ca\u0309m x\u00fac k\u00ec la\u0323 cu\u0309a Olivia \u0111\u00f4\u0301i v\u01a1\u0301i c\u00f4 gi\u00e1o Julie xinh \u0111e\u0323p v\u00e0 cu\u00f4\u0301n h\u00fat ng\u00e0y m\u1ecd\u0302t l\u01a1\u0301n d\u00e2\u0300n v\u00e0 \u0111\u1ea1\u0302m s\u00e2u. Nhu\u031bng \u0111\u01a1\u0300i tu\u031b cu\u0309a Julie la\u0323i kh\u00f4ng \u0111o\u031bn gia\u0309n nhu\u031b Olivia nh\u01b0\u0303ng tu\u031b\u01a1\u0309ng. Khi m\u00f4\u0301i quan h\u1eb9\u0302 gi\u01b0\u0303a hai ngu\u031b\u01a1\u0300i ng\u00e0y c\u00e0ng th\u00e2n m\u1ea1\u0302t, v\u00f2ng xo\u00e1y cu\u0309a \u00e2m mu\u031bu v\u00e0 gi\u00f4ng b\u00e3o ng\u00e2\u0301m ng\u00e2\u0300m \u00e2\u0309n du\u031b\u01a1\u0301i ve\u0309 ngo\u00e0i xinh \u0111e\u0323p cu\u0309a mo\u0323i s\u01b0\u0323 v\u1ea1\u0302t v\u00e0 con ngu\u031b\u01a1\u0300i no\u031bi \u0111\u00e2y. Na\u0306m ho\u0323c \u00e2\u0301y du\u031b\u01a1\u0300ng nhu\u031b \u0111\u00e3 \u0111u\u031b\u01a1\u0323c \u0111i\u0323nh s\u0103\u0303n l\u00e0 se\u0303 k\u00ea\u0301t th\u00fac trong bi ki\u0323ch.<\/p>\n<p>\u201cT\u00f4i t\u1eebng ngh\u0129 r\u1eb1ng m\u1ed9t ng\u00e0y n\u00e0o \u0111\u00f3 m\u00ecnh s\u1ebd vi\u1ebft m\u1ed9t cu\u1ed1n ti\u1ec3u thuy\u1ebft nh\u01b0 OLIVIA. T\u00f4i s\u1ebd \u0111\u1eb7t t\u00ean n\u00f3 l\u00e0 g\u00ec nh\u1ec9? C\u00e1i t\u1ef1a s\u00e1ch d\u01b0\u1eddng nh\u01b0 r\u1ea5t hi\u1ec3n nhi\u00ean v\u00e0o th\u1eddi \u0111i\u1ec3m \u1ea5y. T\u00f4i s\u1ebd g\u1ecdi n\u00f3 l\u00e0 \u2018Oliver\u2019. Nh\u01b0ng r\u1ed3i t\u00f4i ngh\u0129 l\u1ea1i v\u00e0 g\u1ecdi cu\u1ed1n s\u00e1ch \u1ea5y b\u1eb1ng m\u1ed9t c\u00e1i t\u00ean kh\u00e1c. \u2026 T\u00f4i \u0111\u00e3 \u0111o\u0323c OLIVIA r\u00e2\u0301t, r\u00e2\u0301t nhi\u00ea\u0300u l\u00e2\u0300n, mua cu\u00f4\u0301n s\u00e1ch n\u00e0y cho v\u00f4 s\u00f4\u0301 ba\u0323n b\u00e8, v\u00e0 coi n\u00f3 nhu\u031b ngu\u00f4\u0300n ca\u0309m h\u01b0\u0301ng cho CALL ME BY YOUR NAME.\u201d &#8211; ANDR\u00c9 ACIMAN<\/p>\n<p>\u201cM\u1ed9t ki\u1ec7t t\u00e1c nho nh\u1ecf.\u201d &#8211; ANDR\u00c9 GIDE<\/p>\n<p>\u201cM\u1ed9t c\u00e1i nh\u00ecn tho\u00e1ng qua tuy\u1ec7t \u0111\u1eb9p v\u1ec1 ng\u1ecdn l\u1eeda mong manh c\u1ee7a t\u00ecnh y\u00eau\u2026 OLIVIA l\u00e0 m\u1ed9t tuy\u1ec7t t\u00e1c v\u00e0o th\u1eddi \u0111i\u1ec3m cu\u1ed1n s\u00e1ch \u0111\u01b0\u1ee3c vi\u1ebft n\u00ean g\u1ea7n 100 n\u0103m tr\u01b0\u1edbc, v\u00e0 t\u1edbi ng\u00e0y nay v\u1eabn v\u1eady. OLIVIA kh\u00f4ng ch\u1ec9 v\u1eefng v\u00e0ng tr\u01b0\u1edbc th\u00e1ch th\u1ee9c c\u1ee7a th\u1eddi gian, m\u00e0 nh\u1edd vi\u1ec7c tinh t\u1ebf ch\u00fa t\u00e2m t\u1edbi ng\u00f4n ng\u1eef, c\u1ea3m x\u00fac, nh\u1edd quy\u1ebft t\u00e2m h\u1ebft m\u00ecnh \u01b0\u01a1m m\u1ea7m nh\u1eefng x\u00fac c\u1ea3m v\u00e0 kh\u00e1t khao n\u01a1i ng\u01b0\u1eddi \u0111\u1ecdc, cu\u1ed1n s\u00e1ch d\u1ec5 d\u00e0ng v\u01b0\u1ee3t l\u00ean tr\u00ean nhi\u1ec1u c\u00e2u chuy\u1ec7n t\u00edch c\u1ef1c h\u01a1n ti\u00eau bi\u1ec3u cho v\u0103n h\u1ecdc \u0111\u1ed3ng t\u00ednh hi\u1ec7n \u0111\u1ea1i.\u201d &#8211; POPMATTERS<\/p>\n<p>DOROTHY STRACHEY (1865 &#8211; 1960) c\u00f2n \u0111u\u031b\u01a1\u0323c bi\u00ea\u0301t \u0111\u00ea\u0301n du\u031b\u01a1\u0301i t\u00ean Dorothy Bussy, l\u00e0 m\u1ecd\u0302t th\u00e0nh vi\u00ean xu\u00e2\u0301t ch\u00fang cu\u0309a Nh\u00f3m Bloomsbury v\u00e0 l\u00e0 chi\u0323 g\u00e1i cu\u0309a nh\u00e0 va\u0306n Lytton Strachey. B\u00e0 cu\u0303ng l\u00e0 m\u1ecd\u0302t ngu\u031b\u01a1\u0300i ba\u0323n th\u00e2n thi\u00ea\u0301t cu\u0309a nh\u00e0 va\u0306n Andr\u00e9 Gide, v\u00e0 \u0111\u00e3 di\u0323ch c\u00e1c t\u00e1c ph\u00e2\u0309m cu\u0309a \u00f4ng sang ti\u00ea\u0301ng Anh. Dorothy k\u00ea\u0301t h\u00f4n v\u01a1\u0301i hoa\u0323 si\u0303 Simon Bussy v\u00e0o na\u0306m 1903. C\u00e1o ph\u00f3 cu\u0309a b\u00e0 tr\u00ean t\u01a1\u0300 Times (London) mi\u00eau ta\u0309 b\u00e0 l\u00e0 \u201cm\u1ecd\u0302t con ngu\u031b\u01a1\u0300i duy\u00ean d\u00e1ng, d\u00ed do\u0309m, vui t\u00ednh v\u00e0 vui ve\u0309\u201d.<\/p>\n<p>Olivia l\u00e0 ti\u00ea\u0309u thuy\u00ea\u0301t duy nh\u00e2\u0301t cu\u0309a Dorothy Strachey, h\u00e2\u0300u nhu\u031b \u0111u\u031b\u01a1\u0323c vi\u00ea\u0301t d\u01b0\u0323a tr\u00ean tra\u0309i nghi\u1eb9\u0302m cu\u0309a ch\u00ednh b\u00e0 trong tru\u031b\u01a1\u0300ng n\u1ecd\u0302i tr\u00fa \u01a1\u0309 Ph\u00e1p. B\u00e0 s\u01b0\u0309 du\u0323ng ch\u00ednh b\u00fat danh \u201cOlivia\u201d trong l\u00e2\u0300n xu\u00e2\u0301t ba\u0309n \u0111\u00e2\u0300u ti\u00ean cu\u0309a t\u00e1c ph\u00e2\u0309m n\u00e0y v\u00e0o na\u0306m 1949. Dorothy Strachey \u0111\u00ea\u0300 t\u1ea1\u0306ng Olivia cho nh\u00e0 va\u0306n Virginia Woolf.<\/p>\n","protected":false},"featured_media":18282,"template":"","meta":{"_acf_changed":false},"product_brand":[],"product_cat":[15,45,77],"product_tag":[],"class_list":{"0":"post-18283","1":"product","2":"type-product","3":"status-publish","4":"has-post-thumbnail","6":"product_cat-sach-danh-cho-nguoi-lon","7":"product_cat-tieu-thuyet","8":"product_cat-van-hoc-kinh-dien","10":"first","11":"instock","12":"taxable","13":"shipping-taxable","14":"purchasable","15":"product-type-simple"},"supplier_id":null,"supplier_sku":"","barcode":null,"atum_controlled":true,"out_stock_date":null,"out_stock_threshold":null,"inheritable":false,"inbound_stock":0,"stock_on_hold":0,"sold_today":0,"sales_last_days":0,"reserved_stock":0,"customer_returns":0,"warehouse_damage":0,"lost_in_post":0,"other_logs":0,"out_stock_days":0,"lost_sales":0,"has_location":false,"update_date":"2026-01-28T23:11:03","atum_locations":[{"id":32,"name":"Helsinki","slug":"helsinki"}],"atum_stock_status":"instock","restock_status":false,"low_stock_amount":"","sales_update_date":"2026-01-28T23:11:03","calc_backorders":null,"acf":{"publisher":{"ID":1454,"post_author":"1","post_date":"2021-02-17 01:11:34","post_date_gmt":"2021-02-16 23:11:34","post_content":"<!-- wp:flatsome\/uxbuilder -->\n<h1 style=\"text-align: center;\"><strong>Kim \u0110\u1ed3ng<\/strong><\/h1>\n[row]\n\n[col span=\"3\" span__sm=\"12\"]\n\n[ux_image id=\"1534\" image_size=\"medium\"]\n\n\n[\/col]\n[col span=\"9\" span__sm=\"12\"]\n\n<p>Nh\u00e0 xu\u1ea5t b\u1ea3n Kim \u0110\u1ed3ng tr\u1ef1c thu\u1ed9c Trung \u01b0\u01a1ng \u0110o\u00e0n TNCS H\u1ed3 Ch\u00ed Minh l\u00e0 Nh\u00e0 xu\u1ea5t b\u1ea3n t\u1ed5ng h\u1ee3p c\u00f3 ch\u1ee9c n\u0103ng xu\u1ea5t b\u1ea3n s\u00e1ch v\u00e0 v\u0103n h\u00f3a ph\u1ea9m ph\u1ee5c v\u1ee5 thi\u1ebfu nhi v\u00e0 c\u00e1c b\u1eadc ph\u1ee5 huynh trong c\u1ea3 n\u01b0\u1edbc, qu\u1ea3ng b\u00e1 v\u00e0 gi\u1edbi thi\u1ec7u v\u0103n h\u00f3a Vi\u1ec7t Nam ra th\u1ebf gi\u1edbi.<br \/>Nh\u00e0 xu\u1ea5t b\u1ea3n c\u00f3 nhi\u1ec7m v\u1ee5 t\u1ed5 ch\u1ee9c b\u1ea3n th\u1ea3o, bi\u00ean so\u1ea1n, bi\u00ean d\u1ecbch, xu\u1ea5t b\u1ea3n v\u00e0 ph\u00e1t h\u00e0nh c\u00e1c xu\u1ea5t b\u1ea3n ph\u1ea9m c\u00f3 n\u1ed9i dung: gi\u00e1o d\u1ee5c truy\u1ec1n th\u1ed1ng d\u00e2n t\u1ed9c, gi\u00e1o d\u1ee5c v\u1ec1 tri th\u1ee9c, ki\u1ebfn th\u1ee9c\u2026 tr\u00ean c\u00e1c l\u0129nh v\u1ef1c v\u0103n h\u1ecdc, ngh\u1ec7 thu\u1eadt, khoa h\u1ecdc k\u1ef9 thu\u1eadt nh\u1eb1m cung c\u1ea5p cho c\u00e1c em thi\u1ebfu nhi c\u0169ng nh\u01b0 c\u00e1c b\u1eadc ph\u1ee5 huynh c\u00e1c ki\u1ebfn th\u1ee9c c\u1ea7n thi\u1ebft trong cu\u1ed9c s\u1ed1ng, nh\u1eefng tinh hoa c\u1ee7a tri th\u1ee9c nh\u00e2n lo\u1ea1i nh\u1eb1m g\u00f3p ph\u1ea7n gi\u00e1o d\u1ee5c v\u00e0 h\u00ecnh th\u00e0nh nh\u00e2n c\u00e1ch th\u1ebf h\u1ec7 tr\u1ebb.<br \/>\u0110\u1ed1i t\u01b0\u1ee3ng ph\u1ee5c v\u1ee5 c\u1ee7a Nh\u00e0 xu\u1ea5t b\u1ea3n l\u00e0 c\u00e1c em t\u1eeb tu\u1ed5i nh\u00e0 tr\u1ebb m\u1eabu gi\u00e1o (1 \u0111\u1ebfn 5 tu\u1ed5i), nhi \u0111\u1ed3ng (6 \u0111\u1ebfn 9 tu\u1ed5i), thi\u1ebfu ni\u00ean (10 \u0111\u1ebfn 15 tu\u1ed5i) \u0111\u1ebfn c\u00e1c em tu\u1ed5i m\u1edbi l\u1edbn (16 \u0111\u1ebfn 18 tu\u1ed5i) v\u00e0 c\u00e1c b\u1eadc ph\u1ee5 huynh.<\/p>\n\n[\/col]\n\n[\/row]\n\n<!-- \/wp:flatsome\/uxbuilder -->","post_title":"Kim \u0110\u1ed3ng","post_excerpt":"","post_status":"publish","comment_status":"closed","ping_status":"closed","post_password":"","post_name":"kim-dong","to_ping":"","pinged":"","post_modified":"2021-02-17 01:31:56","post_modified_gmt":"2021-02-16 23:31:56","post_content_filtered":"","post_parent":0,"guid":"https:\/\/sachviet.eu\/nha-phat-hanh\/kim-dong\/","menu_order":0,"post_type":"publisher","post_mime_type":"","comment_count":"0","filter":"raw"}},"_links":{"self":[{"href":"https:\/\/sachviet.eu\/en\/wp-json\/wp\/v2\/product\/18283","targetHints":{"allow":["GET"]}}],"collection":[{"href":"https:\/\/sachviet.eu\/en\/wp-json\/wp\/v2\/product"}],"about":[{"href":"https:\/\/sachviet.eu\/en\/wp-json\/wp\/v2\/types\/product"}],"wp:featuredmedia":[{"embeddable":true,"href":"https:\/\/sachviet.eu\/en\/wp-json\/wp\/v2\/media\/18282"}],"wp:attachment":[{"href":"https:\/\/sachviet.eu\/en\/wp-json\/wp\/v2\/media?parent=18283"}],"wp:term":[{"taxonomy":"product_brand","embeddable":true,"href":"https:\/\/sachviet.eu\/en\/wp-json\/wp\/v2\/product_brand?post=18283"},{"taxonomy":"product_cat","embeddable":true,"href":"https:\/\/sachviet.eu\/en\/wp-json\/wp\/v2\/product_cat?post=18283"},{"taxonomy":"product_tag","embeddable":true,"href":"https:\/\/sachviet.eu\/en\/wp-json\/wp\/v2\/product_tag?post=18283"}],"curies":[{"name":"wp","href":"https:\/\/api.w.org\/{rel}","templated":true}]}}