{"id":18281,"date":"2022-04-10T22:11:27","date_gmt":"2022-04-10T19:11:27","guid":{"rendered":"https:\/\/sachviet.eu\/shop\/combo-sach-kinh-dien-4-quyen\/"},"modified":"2022-12-19T15:26:42","modified_gmt":"2022-12-19T13:26:42","slug":"combo-sach-kinh-dien-4-quyen","status":"publish","type":"product","link":"https:\/\/sachviet.eu\/en\/shop\/combo-sach-kinh-dien-4-quyen\/","title":{"rendered":"COMBO S\u00c1CH KINH \u0110I\u1ec2N (4 QUY\u1ec2N)"},"content":{"rendered":"<p>T\u1ee7 s\u00e1ch Wings Classics gi\u1edbi thi\u1ec7u \u0111\u1ebfn b\u1ea1n \u0111\u1ecdc nh\u1eefng t\u00e1c ph\u1ea9m kinh \u0111i\u1ec3n \u0111\u00e3 \u0111\u01b0\u1ee3c b\u1ea1n \u0111\u1ecdc \u0111\u00f3n nh\u1eadn trong nhi\u1ec1u th\u1eadp k\u1ec9 qua. <\/p>\n<p>CHUY\u1ec6N MA \u00c1M \u1ede DINH TH\u1ef0 HILL <\/p>\n<p>M\u1ed9t trong nh\u1eefng nguy\u00ean t\u00e1c c\u1ee7a lo\u1ea1t phim \u0111\u00ecnh \u0111\u00e1m The Haunting tr\u00ean Netflix, t\u00e1c ph\u1ea9m Gothic kinh d\u1ecb n\u1ed5i ti\u1ebfng c\u1ee7a Shirley Jackson ra \u0111\u1eddi t\u1eeb 1959.<\/p>\n<p>C\u00e2u chuy\u1ec7n xoay quanh v\u1ee5 \u0111i\u1ec1u tra c\u1ee7a Ti\u1ebfn s\u0129 Montague, m\u1ed9t nh\u00e0 khoa h\u1ecdc chuy\u00ean nghi\u00ean c\u1ee9u v\u1ec1 c\u00e1c hi\u1ec7n t\u01b0\u1ee3ng ma qu\u00e1i, v\u1ec1 Dinh th\u1ef1 Hill, n\u01a1i n\u1ed5i ti\u1ebfng v\u00ec c\u00e1c hi\u1ec7n t\u01b0\u1ee3ng kinh d\u1ecb m\u00e0 kh\u00f4ng ai s\u1ed1ng \u0111\u01b0\u1ee3c. \u0110\u1ec3 ki\u1ec3m tra v\u00e0 b\u1ed5 tr\u1ee3 cho c\u00e1c quan s\u00e1t c\u1ee7a m\u00ecnh, \u00f4ng l\u1ef1a ra ba ng\u01b0\u1eddi b\u1ea1n \u0111\u1ed3ng h\u00e0nh m\u00ecnh ch\u01b0a t\u1eebng quen bi\u1ebft: hai c\u00f4 g\u00e1i \u2013 Theo v\u00e0 Eleanor \u2013 c\u00f9ng Luke \u2013 m\u1ed9t ch\u00e0ng trai tr\u1ebb, ng\u01b0\u1eddi th\u1eeba k\u1ebf c\u1ee7a Dinh th\u1ef1 Hill. Khi c\u1ea3 b\u1ed1n ng\u01b0\u1eddi b\u1eaft \u0111\u1ea7u \u0111\u1ed1i ph\u00f3 v\u1edbi nh\u1eefng c\u01a1n \u1edbn l\u1ea1nh, th\u1eadm ch\u00ed l\u00e0 c\u1ea3 c\u00e1c s\u1ef1 ki\u1ec7n kinh ho\u00e0ng n\u1eb1m ngo\u00e0i t\u1ea7m ki\u1ec3m so\u00e1t hay hi\u1ec3u bi\u1ebft c\u1ee7a h\u1ecd t\u1ea1i Dinh th\u1ef1 Hill, h\u1ecd c\u0169ng kh\u00f3 l\u00f2ng \u0111o\u00e1n bi\u1ebft \u0111\u01b0\u1ee3c nh\u1eefng g\u00ec \u0111ang ch\u1edd \u0111\u1ee3i m\u00ecnh ph\u00eda tr\u01b0\u1edbc.<\/p>\n<p>CHUY\u1ec6N MA \u00c1M \u1ede TRANG VI\u00caN BLY<\/p>\n<p>Xu\u1ea5t hi\u1ec7n l\u1ea7n \u0111\u1ea7u ti\u00ean v\u00e0o n\u0103m 1898, CHUY\u1ec6N MA \u00c1M \u1ede TRANG VI\u00caN BLY \u0111\u01b0\u1ee3c m\u1ec7nh danh l\u00e0 m\u1ed9t trong nh\u1eefng truy\u1ec7n ma n\u1ed5i ti\u1ebfng nh\u1ea5t th\u1ebf gi\u1edbi.<br \/>\nM\u1ed9t c\u00f4 g\u00e1i tr\u1ebb nh\u1eadn \u0111\u01b0\u1ee3c c\u00f4ng vi\u1ec7c \u0111\u1ea7u ti\u00ean trong \u0111\u1eddi l\u00e0 l\u00e0m gia s\u01b0 cho hai \u0111\u1ee9a tr\u1ebb xinh \u0111\u1eb9p, trong s\u00e1ng v\u00e0 l\u1eb7ng l\u1ebd \u0111\u1ebfn d\u1ecb th\u01b0\u1eddng t\u1ea1i t\u00f2a dinh th\u1ef1 Bly c\u00f4 \u0111\u1ed9c, b\u1ecb b\u1ee7a v\u00e2y trong c\u00e1i \u00e1c r\u00ecnh r\u1eadp. <\/p>\n<p>Nh\u1eefng b\u00f3ng ng\u01b0\u1eddi \u1ea9n hi\u1ec7n t\u1eeb t\u00f2a th\u00e1p t\u1ed1i t\u0103m v\u00e0 \u00f4 c\u1eeda s\u1ed5 b\u1ee5i b\u1eb7m, c\u00e1c b\u00f3ng ma x\u1ea5u xa l\u1eb7ng l\u1ebd ti\u1ebfn \u0111\u1ebfn ng\u00e0y m\u1ed9t g\u1ea7n. V\u1edbi n\u1ed7i kinh ho\u00e0ng l\u1edbn d\u1ea7n, c\u00f4 gia s\u01b0 b\u1ea5t l\u1ef1c nh\u1eadn ra nh\u1eefng sinh v\u1eadt t\u00e0n \u00e1c \u0111\u00f3 nh\u1eafm \u0111\u1ebfn b\u1ecdn tr\u1ebb, r\u1eafp t\u00e2m x\u00e2m chi\u1ebfm c\u01a1 th\u1ec3, t\u00e2m tr\u00ed v\u00e0 c\u1ea3 linh h\u1ed3n c\u00e1c em&#8230;<br \/>\nNh\u01b0ng kh\u00f4ng ai ngo\u00e0i c\u00f4 gia s\u01b0 nh\u00ecn th\u1ea5y nh\u1eefng b\u00f3ng ma \u1ea5y. Ph\u1ea3i ch\u0103ng nh\u1eefng \u00e1m \u1ea3nh kia \u0111\u01b0\u1ee3c g\u1ee3i l\u00ean t\u1eeb ch\u00ednh tr\u00ed t\u01b0\u1edfng t\u01b0\u1ee3ng c\u1ee7a c\u00f4, hay s\u1ef1 th\u1eadt c\u00f2n ch\u1ee9a \u0111\u1ef1ng nhi\u1ec1u h\u01a1n th\u1ebf?<\/p>\n<p>Cu\u1ed1n s\u00e1ch l\u00e0 nguy\u00ean t\u00e1c v\u00e0 ngu\u1ed3n c\u1ea3m h\u1ee9ng cho h\u00e0ng lo\u1ea1t c\u00e1c t\u00e1c ph\u1ea9m chuy\u1ec3n th\u1ec3, trong \u0111\u00f3 c\u00f3 series phim &#8220;&#8221;The Haunting of Bly Manor&#8221;&#8221; \u0111\u01b0\u1ee3c c\u00f4ng chi\u1ebfu \u0111\u1ea7u th\u00e1ng 10\/2020 tr\u00ean n\u1ec1n t\u1ea3ng Netflix. <\/p>\n<p>FRANKENSTEIN HAY PROMETHEUS TH\u1edcI HI\u1ec6N \u0110\u1ea0I<\/p>\n<p>FRANKENSTEIN ra \u0111\u1eddi sau m\u1ed9t c\u01a1n \u00e1c m\u1ed9ng n\u0103m 1816 khi Mary Shelley m\u1edbi ch\u1ec9 l\u00e0 m\u1ed9t thi\u1ebfu n\u1eef. Cu\u1ed1n s\u00e1ch n\u00e0y kh\u00f4ng ch\u1ec9 l\u00e0 m\u1ed9t t\u00e1c ph\u1ea9m Gothic, m\u00e0 c\u00f2n l\u00e0 ti\u1ec3u thuy\u1ebft tri\u1ebft l\u00ed, v\u00e0 c\u0169ng th\u01b0\u1eddng \u0111\u01b0\u1ee3c coi l\u00e0 t\u00e1c ph\u1ea9m th\u1eddi k\u00ec \u0111\u1ea7u c\u1ee7a d\u00f2ng v\u0103n khoa h\u1ecdc vi\u1ec5n t\u01b0\u1edfng. T\u1eeb cu\u1ed9c thi vi\u1ebft truy\u1ec7n ma \u0111\u1ec3 gi\u1ea3i khu\u00e2y, Mary Shelley \u0111\u00e3 t\u1ea1o ra m\u1ed9t trong s\u1ed1 nh\u1eefng con qu\u00e1i v\u1eadt n\u1ed5i ti\u1ebfng nh\u1ea5t m\u1ecdi th\u1eddi \u0111\u1ea1i. <\/p>\n<p>Con qu\u00e1i v\u1eadt \u1ea5y ch\u01b0a bao gi\u1edd \u0111\u01b0\u1ee3c \u0111\u1eb7t t\u00ean b\u1edfi ng\u01b0\u1eddi \u0111\u00e3 t\u1ea1o ra v\u00e0 coi th\u01b0\u1eddng h\u1eafn, nh\u01b0ng tr\u1edb tr\u00eau thay, gi\u1edd \u0111\u00e2y h\u1eafn l\u1ea1i g\u1eafn li\u1ec1n v\u1edbi c\u00e1i t\u00ean Frankenstein h\u01a1n l\u00e0 ch\u00ednh ch\u1ee7 nh\u00e2n c\u1ee7a c\u00e1i t\u00ean \u1ea5y. B\u1ea3n th\u00e2n cu\u1ed1n ti\u1ec3u thuy\u1ebft, c\u0169ng nh\u01b0 con qu\u00e1i v\u1eadt c\u1ee7a Frankenstein, \u0111\u00e3 truy\u1ec1n c\u1ea3m h\u1ee9ng cho v\u00f4 s\u1ed1 t\u00e1c ph\u1ea9m chuy\u1ec3n th\u1ec3 thu\u1ed9c nhi\u1ec1u th\u1ec3 lo\u1ea1i kh\u00e1c nhau, v\u00e0 tr\u1edf th\u00e0nh m\u1ed9t trong s\u1ed1 nh\u1eefng t\u00e1c ph\u1ea9m kinh \u0111i\u1ec3n m\u1ecdi th\u1eddi \u0111\u1ea1i.<\/p>\n<p>V\u1ee4 VI\u1ec6C D\u1eca TH\u01af\u1edcNG C\u1ee6A B\u00c1C S\u0128 JEKYLL V\u00c0 \u00d4NG HYDE<\/p>\n<p>Henry Jekyll l\u00e0 m\u1ed9t b\u00e1c s\u0129 \u0111\u01b0\u1ee3c k\u00ednh tr\u1ecdng kh\u1eafp th\u00e0nh London v\u1edbi kh\u1ed1i t\u00e0i s\u1ea3n tr\u1ecb gi\u00e1 250 ng\u00e0n b\u1ea3ng Anh. \u00d4ng c\u0169ng l\u00e0 ng\u01b0\u1eddi b\u1ea1n ch\u00ed c\u1ed1t v\u1edbi lu\u1eadt s\u01b0 Utterson, ng\u01b0\u1eddi \u0111\u00e3 \u0111\u1ec3 l\u1ea1i m\u1ed9t b\u1ee9c t\u00e2m nguy\u1ec7n khi\u1ebfn ng\u01b0\u1eddi kh\u00e1c ph\u1ea3i kinh ng\u1ea1c, r\u1eb1ng khi \u00f4ng qua \u0111\u1eddi, m\u1ecdi t\u00e0i s\u1ea3n c\u1ee7a \u00f4ng s\u1ebd \u0111\u01b0\u1ee3c th\u1eeba k\u1ebf b\u1edfi m\u1ed9t ng\u01b0\u1eddi \u0111\u00e0n \u00f4ng t\u00ean l\u00e0 Edward Hyde. <\/p>\n<p>Ng\u01b0\u1ee3c l\u1ea1i v\u1edbi b\u00e1c s\u0129 Jekyll, Edward Hyde l\u1ea1i l\u00e0 ng\u01b0\u1eddi nh\u1ecf th\u00f3 v\u00e0 tr\u1eafng b\u1ec7ch, tr\u00f4ng nh\u01b0 m\u1ed9t k\u1ebb b\u1ecb bi\u1ebfn d\u1ea1ng. H\u1eafn tr\u01b0ng n\u00e9t c\u01b0\u1eddi kh\u00f3 \u01b0a mang \u0111\u1ebfn \u1ea5n t\u01b0\u1ee3ng v\u1ec1 s\u1ef1 r\u1ee5t r\u00e8 xen l\u1eabn t\u00e1o b\u1ea1o \u0111\u1ea7y ch\u1ebft ch\u00f3c. Gi\u1ecdng h\u1eafn kh\u00e0n \u0111\u1eb7c, th\u00ec th\u00e0o v\u00e0 v\u1ee1 v\u1ee5n. V\u00e0 \u0111\u1eb7c bi\u1ec7t h\u01a1n, ng\u01b0\u1eddi ta kh\u00f4ng t\u00ecm ra \u0111\u01b0\u1ee3c s\u1ef1 li\u00ean h\u1ec7 n\u00e0o gi\u1eefa hai ng\u01b0\u1eddi \u0111\u00e0n \u00f4ng, m\u1ed9t ng\u01b0\u1eddi \u0111\u1ea1o m\u1ea1o, m\u1eabu m\u1ef1c c\u00f2n k\u1ebb kia l\u1ea1i hung t\u1ee3n, b\u1ea1o l\u1ef1c. <\/p>\n<p>Nh\u1eefng l\u00e1 th\u01b0 vi\u1ebft tay b\u00ed \u1ea9n c\u00f9ng nh\u1eefng di\u1ec5n bi\u1ebfn b\u1ea5t ng\u1edd x\u1ea3y \u0111\u1ebfn \u0111\u00e3 d\u1ea7n h\u00e9 l\u1ed9 th\u00e2n ph\u1eadn c\u1ee7a Hyde, c\u00f9ng m\u1ed9t b\u00ed m\u1eadt g\u00e2y s\u1eedng s\u1ed1t v\u1ec1 b\u00e1c s\u0129 Jekyll. <\/p>\n","protected":false},"excerpt":{"rendered":"<p>T\u1ee7 s\u00e1ch Wings Classics gi\u1edbi thi\u1ec7u \u0111\u1ebfn b\u1ea1n \u0111\u1ecdc nh\u1eefng t\u00e1c ph\u1ea9m kinh \u0111i\u1ec3n \u0111\u00e3 \u0111\u01b0\u1ee3c b\u1ea1n \u0111\u1ecdc \u0111\u00f3n nh\u1eadn trong nhi\u1ec1u th\u1eadp k\u1ec9 qua. <\/p>\n<p>CHUY\u1ec6N MA \u00c1M \u1ede DINH TH\u1ef0 HILL <\/p>\n<p>M\u1ed9t trong nh\u1eefng nguy\u00ean t\u00e1c c\u1ee7a lo\u1ea1t phim \u0111\u00ecnh \u0111\u00e1m The Haunting tr\u00ean Netflix, t\u00e1c ph\u1ea9m Gothic kinh d\u1ecb n\u1ed5i ti\u1ebfng c\u1ee7a Shirley Jackson ra \u0111\u1eddi t\u1eeb 1959.<\/p>\n<p>C\u00e2u chuy\u1ec7n xoay quanh v\u1ee5 \u0111i\u1ec1u tra c\u1ee7a Ti\u1ebfn s\u0129 Montague, m\u1ed9t nh\u00e0 khoa h\u1ecdc chuy\u00ean nghi\u00ean c\u1ee9u v\u1ec1 c\u00e1c hi\u1ec7n t\u01b0\u1ee3ng ma qu\u00e1i, v\u1ec1 Dinh th\u1ef1 Hill, n\u01a1i n\u1ed5i ti\u1ebfng v\u00ec c\u00e1c hi\u1ec7n t\u01b0\u1ee3ng kinh d\u1ecb m\u00e0 kh\u00f4ng ai s\u1ed1ng \u0111\u01b0\u1ee3c. \u0110\u1ec3 ki\u1ec3m tra v\u00e0 b\u1ed5 tr\u1ee3 cho c\u00e1c quan s\u00e1t c\u1ee7a m\u00ecnh, \u00f4ng l\u1ef1a ra ba ng\u01b0\u1eddi b\u1ea1n \u0111\u1ed3ng h\u00e0nh m\u00ecnh ch\u01b0a t\u1eebng quen bi\u1ebft: hai c\u00f4 g\u00e1i \u2013 Theo v\u00e0 Eleanor \u2013 c\u00f9ng Luke \u2013 m\u1ed9t ch\u00e0ng trai tr\u1ebb, ng\u01b0\u1eddi th\u1eeba k\u1ebf c\u1ee7a Dinh th\u1ef1 Hill. Khi c\u1ea3 b\u1ed1n ng\u01b0\u1eddi b\u1eaft \u0111\u1ea7u \u0111\u1ed1i ph\u00f3 v\u1edbi nh\u1eefng c\u01a1n \u1edbn l\u1ea1nh, th\u1eadm ch\u00ed l\u00e0 c\u1ea3 c\u00e1c s\u1ef1 ki\u1ec7n kinh ho\u00e0ng n\u1eb1m ngo\u00e0i t\u1ea7m ki\u1ec3m so\u00e1t hay hi\u1ec3u bi\u1ebft c\u1ee7a h\u1ecd t\u1ea1i Dinh th\u1ef1 Hill, h\u1ecd c\u0169ng kh\u00f3 l\u00f2ng \u0111o\u00e1n bi\u1ebft \u0111\u01b0\u1ee3c nh\u1eefng g\u00ec \u0111ang ch\u1edd \u0111\u1ee3i m\u00ecnh ph\u00eda tr\u01b0\u1edbc.<\/p>\n<p>CHUY\u1ec6N MA \u00c1M \u1ede TRANG VI\u00caN BLY<\/p>\n<p>Xu\u1ea5t hi\u1ec7n l\u1ea7n \u0111\u1ea7u ti\u00ean v\u00e0o n\u0103m 1898, CHUY\u1ec6N MA \u00c1M \u1ede TRANG VI\u00caN BLY \u0111\u01b0\u1ee3c m\u1ec7nh danh l\u00e0 m\u1ed9t trong nh\u1eefng truy\u1ec7n ma n\u1ed5i ti\u1ebfng nh\u1ea5t th\u1ebf gi\u1edbi.<br \/>\nM\u1ed9t c\u00f4 g\u00e1i tr\u1ebb nh\u1eadn \u0111\u01b0\u1ee3c c\u00f4ng vi\u1ec7c \u0111\u1ea7u ti\u00ean trong \u0111\u1eddi l\u00e0 l\u00e0m gia s\u01b0 cho hai \u0111\u1ee9a tr\u1ebb xinh \u0111\u1eb9p, trong s\u00e1ng v\u00e0 l\u1eb7ng l\u1ebd \u0111\u1ebfn d\u1ecb th\u01b0\u1eddng t\u1ea1i t\u00f2a dinh th\u1ef1 Bly c\u00f4 \u0111\u1ed9c, b\u1ecb b\u1ee7a v\u00e2y trong c\u00e1i \u00e1c r\u00ecnh r\u1eadp. <\/p>\n<p>Nh\u1eefng b\u00f3ng ng\u01b0\u1eddi \u1ea9n hi\u1ec7n t\u1eeb t\u00f2a th\u00e1p t\u1ed1i t\u0103m v\u00e0 \u00f4 c\u1eeda s\u1ed5 b\u1ee5i b\u1eb7m, c\u00e1c b\u00f3ng ma x\u1ea5u xa l\u1eb7ng l\u1ebd ti\u1ebfn \u0111\u1ebfn ng\u00e0y m\u1ed9t g\u1ea7n. V\u1edbi n\u1ed7i kinh ho\u00e0ng l\u1edbn d\u1ea7n, c\u00f4 gia s\u01b0 b\u1ea5t l\u1ef1c nh\u1eadn ra nh\u1eefng sinh v\u1eadt t\u00e0n \u00e1c \u0111\u00f3 nh\u1eafm \u0111\u1ebfn b\u1ecdn tr\u1ebb, r\u1eafp t\u00e2m x\u00e2m chi\u1ebfm c\u01a1 th\u1ec3, t\u00e2m tr\u00ed v\u00e0 c\u1ea3 linh h\u1ed3n c\u00e1c em&#8230;<br \/>\nNh\u01b0ng kh\u00f4ng ai ngo\u00e0i c\u00f4 gia s\u01b0 nh\u00ecn th\u1ea5y nh\u1eefng b\u00f3ng ma \u1ea5y. Ph\u1ea3i ch\u0103ng nh\u1eefng \u00e1m \u1ea3nh kia \u0111\u01b0\u1ee3c g\u1ee3i l\u00ean t\u1eeb ch\u00ednh tr\u00ed t\u01b0\u1edfng t\u01b0\u1ee3ng c\u1ee7a c\u00f4, hay s\u1ef1 th\u1eadt c\u00f2n ch\u1ee9a \u0111\u1ef1ng nhi\u1ec1u h\u01a1n th\u1ebf?<\/p>\n<p>Cu\u1ed1n s\u00e1ch l\u00e0 nguy\u00ean t\u00e1c v\u00e0 ngu\u1ed3n c\u1ea3m h\u1ee9ng cho h\u00e0ng lo\u1ea1t c\u00e1c t\u00e1c ph\u1ea9m chuy\u1ec3n th\u1ec3, trong \u0111\u00f3 c\u00f3 series phim &#8220;&#8221;The Haunting of Bly Manor&#8221;&#8221; \u0111\u01b0\u1ee3c c\u00f4ng chi\u1ebfu \u0111\u1ea7u th\u00e1ng 10\/2020 tr\u00ean n\u1ec1n t\u1ea3ng Netflix. <\/p>\n<p>FRANKENSTEIN HAY PROMETHEUS TH\u1edcI HI\u1ec6N \u0110\u1ea0I<\/p>\n<p>FRANKENSTEIN ra \u0111\u1eddi sau m\u1ed9t c\u01a1n \u00e1c m\u1ed9ng n\u0103m 1816 khi Mary Shelley m\u1edbi ch\u1ec9 l\u00e0 m\u1ed9t thi\u1ebfu n\u1eef. Cu\u1ed1n s\u00e1ch n\u00e0y kh\u00f4ng ch\u1ec9 l\u00e0 m\u1ed9t t\u00e1c ph\u1ea9m Gothic, m\u00e0 c\u00f2n l\u00e0 ti\u1ec3u thuy\u1ebft tri\u1ebft l\u00ed, v\u00e0 c\u0169ng th\u01b0\u1eddng \u0111\u01b0\u1ee3c coi l\u00e0 t\u00e1c ph\u1ea9m th\u1eddi k\u00ec \u0111\u1ea7u c\u1ee7a d\u00f2ng v\u0103n khoa h\u1ecdc vi\u1ec5n t\u01b0\u1edfng. T\u1eeb cu\u1ed9c thi vi\u1ebft truy\u1ec7n ma \u0111\u1ec3 gi\u1ea3i khu\u00e2y, Mary Shelley \u0111\u00e3 t\u1ea1o ra m\u1ed9t trong s\u1ed1 nh\u1eefng con qu\u00e1i v\u1eadt n\u1ed5i ti\u1ebfng nh\u1ea5t m\u1ecdi th\u1eddi \u0111\u1ea1i. <\/p>\n<p>Con qu\u00e1i v\u1eadt \u1ea5y ch\u01b0a bao gi\u1edd \u0111\u01b0\u1ee3c \u0111\u1eb7t t\u00ean b\u1edfi ng\u01b0\u1eddi \u0111\u00e3 t\u1ea1o ra v\u00e0 coi th\u01b0\u1eddng h\u1eafn, nh\u01b0ng tr\u1edb tr\u00eau thay, gi\u1edd \u0111\u00e2y h\u1eafn l\u1ea1i g\u1eafn li\u1ec1n v\u1edbi c\u00e1i t\u00ean Frankenstein h\u01a1n l\u00e0 ch\u00ednh ch\u1ee7 nh\u00e2n c\u1ee7a c\u00e1i t\u00ean \u1ea5y. B\u1ea3n th\u00e2n cu\u1ed1n ti\u1ec3u thuy\u1ebft, c\u0169ng nh\u01b0 con qu\u00e1i v\u1eadt c\u1ee7a Frankenstein, \u0111\u00e3 truy\u1ec1n c\u1ea3m h\u1ee9ng cho v\u00f4 s\u1ed1 t\u00e1c ph\u1ea9m chuy\u1ec3n th\u1ec3 thu\u1ed9c nhi\u1ec1u th\u1ec3 lo\u1ea1i kh\u00e1c nhau, v\u00e0 tr\u1edf th\u00e0nh m\u1ed9t trong s\u1ed1 nh\u1eefng t\u00e1c ph\u1ea9m kinh \u0111i\u1ec3n m\u1ecdi th\u1eddi \u0111\u1ea1i.<\/p>\n<p>V\u1ee4 VI\u1ec6C D\u1eca TH\u01af\u1edcNG C\u1ee6A B\u00c1C S\u0128 JEKYLL V\u00c0 \u00d4NG HYDE<\/p>\n<p>Henry Jekyll l\u00e0 m\u1ed9t b\u00e1c s\u0129 \u0111\u01b0\u1ee3c k\u00ednh tr\u1ecdng kh\u1eafp th\u00e0nh London v\u1edbi kh\u1ed1i t\u00e0i s\u1ea3n tr\u1ecb gi\u00e1 250 ng\u00e0n b\u1ea3ng Anh. \u00d4ng c\u0169ng l\u00e0 ng\u01b0\u1eddi b\u1ea1n ch\u00ed c\u1ed1t v\u1edbi lu\u1eadt s\u01b0 Utterson, ng\u01b0\u1eddi \u0111\u00e3 \u0111\u1ec3 l\u1ea1i m\u1ed9t b\u1ee9c t\u00e2m nguy\u1ec7n khi\u1ebfn ng\u01b0\u1eddi kh\u00e1c ph\u1ea3i kinh ng\u1ea1c, r\u1eb1ng khi \u00f4ng qua \u0111\u1eddi, m\u1ecdi t\u00e0i s\u1ea3n c\u1ee7a \u00f4ng s\u1ebd \u0111\u01b0\u1ee3c th\u1eeba k\u1ebf b\u1edfi m\u1ed9t ng\u01b0\u1eddi \u0111\u00e0n \u00f4ng t\u00ean l\u00e0 Edward Hyde. <\/p>\n<p>Ng\u01b0\u1ee3c l\u1ea1i v\u1edbi b\u00e1c s\u0129 Jekyll, Edward Hyde l\u1ea1i l\u00e0 ng\u01b0\u1eddi nh\u1ecf th\u00f3 v\u00e0 tr\u1eafng b\u1ec7ch, tr\u00f4ng nh\u01b0 m\u1ed9t k\u1ebb b\u1ecb bi\u1ebfn d\u1ea1ng. H\u1eafn tr\u01b0ng n\u00e9t c\u01b0\u1eddi kh\u00f3 \u01b0a mang \u0111\u1ebfn \u1ea5n t\u01b0\u1ee3ng v\u1ec1 s\u1ef1 r\u1ee5t r\u00e8 xen l\u1eabn t\u00e1o b\u1ea1o \u0111\u1ea7y ch\u1ebft ch\u00f3c. Gi\u1ecdng h\u1eafn kh\u00e0n \u0111\u1eb7c, th\u00ec th\u00e0o v\u00e0 v\u1ee1 v\u1ee5n. V\u00e0 \u0111\u1eb7c bi\u1ec7t h\u01a1n, ng\u01b0\u1eddi ta kh\u00f4ng t\u00ecm ra \u0111\u01b0\u1ee3c s\u1ef1 li\u00ean h\u1ec7 n\u00e0o gi\u1eefa hai ng\u01b0\u1eddi \u0111\u00e0n \u00f4ng, m\u1ed9t ng\u01b0\u1eddi \u0111\u1ea1o m\u1ea1o, m\u1eabu m\u1ef1c c\u00f2n k\u1ebb kia l\u1ea1i hung t\u1ee3n, b\u1ea1o l\u1ef1c. <\/p>\n<p>Nh\u1eefng l\u00e1 th\u01b0 vi\u1ebft tay b\u00ed \u1ea9n c\u00f9ng nh\u1eefng di\u1ec5n bi\u1ebfn b\u1ea5t ng\u1edd x\u1ea3y \u0111\u1ebfn \u0111\u00e3 d\u1ea7n h\u00e9 l\u1ed9 th\u00e2n ph\u1eadn c\u1ee7a Hyde, c\u00f9ng m\u1ed9t b\u00ed m\u1eadt g\u00e2y s\u1eedng s\u1ed1t v\u1ec1 b\u00e1c s\u0129 Jekyll.<\/p>\n","protected":false},"featured_media":18280,"template":"","meta":{"_acf_changed":false},"product_brand":[],"product_cat":[15,45,77],"product_tag":[],"class_list":{"0":"post-18281","1":"product","2":"type-product","3":"status-publish","4":"has-post-thumbnail","6":"product_cat-sach-danh-cho-nguoi-lon","7":"product_cat-tieu-thuyet","8":"product_cat-van-hoc-kinh-dien","10":"first","11":"outofstock","12":"taxable","13":"shipping-taxable","14":"purchasable","15":"product-type-simple"},"supplier_id":null,"supplier_sku":"","barcode":null,"atum_controlled":true,"out_stock_date":"2022-12-19 12:58:22","out_stock_threshold":null,"inheritable":false,"inbound_stock":0,"stock_on_hold":0,"sold_today":0,"sales_last_days":0,"reserved_stock":0,"customer_returns":0,"warehouse_damage":0,"lost_in_post":0,"other_logs":0,"out_stock_days":1136,"lost_sales":0,"has_location":false,"update_date":"2026-01-28T23:11:03","atum_locations":[{"id":32,"name":"Helsinki","slug":"helsinki"}],"atum_stock_status":"outofstock","restock_status":false,"low_stock_amount":"","sales_update_date":"2026-01-28T23:11:03","calc_backorders":null,"acf":{"publisher":{"ID":1454,"post_author":"1","post_date":"2021-02-17 01:11:34","post_date_gmt":"2021-02-16 23:11:34","post_content":"<!-- wp:flatsome\/uxbuilder -->\n<h1 style=\"text-align: center;\"><strong>Kim \u0110\u1ed3ng<\/strong><\/h1>\n[row]\n\n[col span=\"3\" span__sm=\"12\"]\n\n[ux_image id=\"1534\" image_size=\"medium\"]\n\n\n[\/col]\n[col span=\"9\" span__sm=\"12\"]\n\n<p>Nh\u00e0 xu\u1ea5t b\u1ea3n Kim \u0110\u1ed3ng tr\u1ef1c thu\u1ed9c Trung \u01b0\u01a1ng \u0110o\u00e0n TNCS H\u1ed3 Ch\u00ed Minh l\u00e0 Nh\u00e0 xu\u1ea5t b\u1ea3n t\u1ed5ng h\u1ee3p c\u00f3 ch\u1ee9c n\u0103ng xu\u1ea5t b\u1ea3n s\u00e1ch v\u00e0 v\u0103n h\u00f3a ph\u1ea9m ph\u1ee5c v\u1ee5 thi\u1ebfu nhi v\u00e0 c\u00e1c b\u1eadc ph\u1ee5 huynh trong c\u1ea3 n\u01b0\u1edbc, qu\u1ea3ng b\u00e1 v\u00e0 gi\u1edbi thi\u1ec7u v\u0103n h\u00f3a Vi\u1ec7t Nam ra th\u1ebf gi\u1edbi.<br \/>Nh\u00e0 xu\u1ea5t b\u1ea3n c\u00f3 nhi\u1ec7m v\u1ee5 t\u1ed5 ch\u1ee9c b\u1ea3n th\u1ea3o, bi\u00ean so\u1ea1n, bi\u00ean d\u1ecbch, xu\u1ea5t b\u1ea3n v\u00e0 ph\u00e1t h\u00e0nh c\u00e1c xu\u1ea5t b\u1ea3n ph\u1ea9m c\u00f3 n\u1ed9i dung: gi\u00e1o d\u1ee5c truy\u1ec1n th\u1ed1ng d\u00e2n t\u1ed9c, gi\u00e1o d\u1ee5c v\u1ec1 tri th\u1ee9c, ki\u1ebfn th\u1ee9c\u2026 tr\u00ean c\u00e1c l\u0129nh v\u1ef1c v\u0103n h\u1ecdc, ngh\u1ec7 thu\u1eadt, khoa h\u1ecdc k\u1ef9 thu\u1eadt nh\u1eb1m cung c\u1ea5p cho c\u00e1c em thi\u1ebfu nhi c\u0169ng nh\u01b0 c\u00e1c b\u1eadc ph\u1ee5 huynh c\u00e1c ki\u1ebfn th\u1ee9c c\u1ea7n thi\u1ebft trong cu\u1ed9c s\u1ed1ng, nh\u1eefng tinh hoa c\u1ee7a tri th\u1ee9c nh\u00e2n lo\u1ea1i nh\u1eb1m g\u00f3p ph\u1ea7n gi\u00e1o d\u1ee5c v\u00e0 h\u00ecnh th\u00e0nh nh\u00e2n c\u00e1ch th\u1ebf h\u1ec7 tr\u1ebb.<br \/>\u0110\u1ed1i t\u01b0\u1ee3ng ph\u1ee5c v\u1ee5 c\u1ee7a Nh\u00e0 xu\u1ea5t b\u1ea3n l\u00e0 c\u00e1c em t\u1eeb tu\u1ed5i nh\u00e0 tr\u1ebb m\u1eabu gi\u00e1o (1 \u0111\u1ebfn 5 tu\u1ed5i), nhi \u0111\u1ed3ng (6 \u0111\u1ebfn 9 tu\u1ed5i), thi\u1ebfu ni\u00ean (10 \u0111\u1ebfn 15 tu\u1ed5i) \u0111\u1ebfn c\u00e1c em tu\u1ed5i m\u1edbi l\u1edbn (16 \u0111\u1ebfn 18 tu\u1ed5i) v\u00e0 c\u00e1c b\u1eadc ph\u1ee5 huynh.<\/p>\n\n[\/col]\n\n[\/row]\n\n<!-- \/wp:flatsome\/uxbuilder -->","post_title":"Kim \u0110\u1ed3ng","post_excerpt":"","post_status":"publish","comment_status":"closed","ping_status":"closed","post_password":"","post_name":"kim-dong","to_ping":"","pinged":"","post_modified":"2021-02-17 01:31:56","post_modified_gmt":"2021-02-16 23:31:56","post_content_filtered":"","post_parent":0,"guid":"https:\/\/sachviet.eu\/nha-phat-hanh\/kim-dong\/","menu_order":0,"post_type":"publisher","post_mime_type":"","comment_count":"0","filter":"raw"}},"_links":{"self":[{"href":"https:\/\/sachviet.eu\/en\/wp-json\/wp\/v2\/product\/18281","targetHints":{"allow":["GET"]}}],"collection":[{"href":"https:\/\/sachviet.eu\/en\/wp-json\/wp\/v2\/product"}],"about":[{"href":"https:\/\/sachviet.eu\/en\/wp-json\/wp\/v2\/types\/product"}],"wp:featuredmedia":[{"embeddable":true,"href":"https:\/\/sachviet.eu\/en\/wp-json\/wp\/v2\/media\/18280"}],"wp:attachment":[{"href":"https:\/\/sachviet.eu\/en\/wp-json\/wp\/v2\/media?parent=18281"}],"wp:term":[{"taxonomy":"product_brand","embeddable":true,"href":"https:\/\/sachviet.eu\/en\/wp-json\/wp\/v2\/product_brand?post=18281"},{"taxonomy":"product_cat","embeddable":true,"href":"https:\/\/sachviet.eu\/en\/wp-json\/wp\/v2\/product_cat?post=18281"},{"taxonomy":"product_tag","embeddable":true,"href":"https:\/\/sachviet.eu\/en\/wp-json\/wp\/v2\/product_tag?post=18281"}],"curies":[{"name":"wp","href":"https:\/\/api.w.org\/{rel}","templated":true}]}}