{"id":18279,"date":"2022-04-10T22:11:22","date_gmt":"2022-04-10T19:11:22","guid":{"rendered":"https:\/\/sachviet.eu\/shop\/vi-em-khong-xung-phien-ban-dac-biet-kem-boxset\/"},"modified":"2022-12-19T15:26:53","modified_gmt":"2022-12-19T13:26:53","slug":"vi-em-khong-xung-phien-ban-dac-biet-kem-boxset","status":"publish","type":"product","link":"https:\/\/sachviet.eu\/en\/shop\/vi-em-khong-xung-phien-ban-dac-biet-kem-boxset\/","title":{"rendered":"V\u00cc EM KH\u00d4NG X\u1ee8NG &#8211; Phi\u00ean b\u1ea3n \u0111\u1eb7c bi\u1ec7t k\u00e8m Boxset"},"content":{"rendered":"<p>V\u00ec Em Kh\u00f4ng X\u1ee9ng &#8211; 3 t\u1eadp( b\u1ea3n \u0111\u1eb7c bi\u1ec7t)<\/p>\n<p>M\u1ed9t ng\u00e0y n\u1ecd, L\u0103ng D\u01b0\u01a1ng hy sinh v\u00ec l\u1ee3i \u00edch c\u1ee7a anh em t\u1ed1t, l\u00ean m\u1ea1ng mua m\u1ed9t nick nh\u00e2n v\u1eadt n\u1eef t\u01b0 t\u1ebf, \u0111\u1ed5i sang ch\u01a1i game \u1edf m\u00e1y ch\u1ee7 phi\u00ean b\u1ea3n m\u1edbi. \u0110\u00e2u ai bi\u1ebft, c\u00e1i nick t\u1ed3i t\u00e0n m\u00e0 c\u1eadu v\u00e9t s\u1ea1ch ti\u1ec1n t\u00fai ra mua l\u1ea1i mang theo nh\u1eefng m\u1ed1i l\u01b0\u01a1ng duy\u00ean r\u1ed1i r\u1eafm t\u1edbi t\u1eadn \u0111\u1eddi th\u1ef1c, h\u01a1n n\u1eefa c\u00f2n \u0111\u01b0\u1ee3c khuy\u1ebfn m\u00e3i th\u00eam ng\u01b0\u1eddi y\u00eau, mi\u1ec5n \u0111\u1ed5i tr\u1ea3!<\/p>\n<p>\u0110\u00f4i n\u00e9t t\u00e1c gi\u1ea3<\/p>\n<p>D\u1ecbch Tu La (\u6613\u4fee\u7f57)<\/p>\n<p>T\u1ef1 gi\u1edbi thi\u1ec7u b\u1ea3n th\u00e2n: L\u00e0 ch\u1ee7 weibo tr\u1ee9 danh ch\u1ecdc ng\u01b0\u1eddi ta ph\u00e1t kh\u00f3c, l\u00e0 t\u00e1c gi\u1ea3 ch\u1ecdc ng\u01b0\u1eddi ta b\u1ef1c b\u1ed9i. \ub208_\ub208<\/p>\n<p>T\u00e1c ph\u1ea9m ti\u00eau bi\u1ec3u: Kh\u1ebf t\u1eed, Ch\u1edd anh nh\u00ecn l\u00ean (t\u00ean t\u1ea1m d\u1ecbch), Nh\u1ea5t ni\u1ec7m th\u00e0nh th\u1ea7n (t\u00ean t\u1ea1m d\u1ecbch), M\u1ea5y anh trai ch\u01a1i game gi\u1ecfi qu\u00e1 \u0111i m\u1ea5t (T\u1ea1m d\u1ecbch),<\/p>\n","protected":false},"excerpt":{"rendered":"<p>V\u00ec Em Kh\u00f4ng X\u1ee9ng &#8211; 3 t\u1eadp( b\u1ea3n \u0111\u1eb7c bi\u1ec7t)<\/p>\n<p>M\u1ed9t ng\u00e0y n\u1ecd, L\u0103ng D\u01b0\u01a1ng hy sinh v\u00ec l\u1ee3i \u00edch c\u1ee7a anh em t\u1ed1t, l\u00ean m\u1ea1ng mua m\u1ed9t nick nh\u00e2n v\u1eadt n\u1eef t\u01b0 t\u1ebf, \u0111\u1ed5i sang ch\u01a1i game \u1edf m\u00e1y ch\u1ee7 phi\u00ean b\u1ea3n m\u1edbi. \u0110\u00e2u ai bi\u1ebft, c\u00e1i nick t\u1ed3i t\u00e0n m\u00e0 c\u1eadu v\u00e9t s\u1ea1ch ti\u1ec1n t\u00fai ra mua l\u1ea1i mang theo nh\u1eefng m\u1ed1i l\u01b0\u01a1ng duy\u00ean r\u1ed1i r\u1eafm t\u1edbi t\u1eadn \u0111\u1eddi th\u1ef1c, h\u01a1n n\u1eefa c\u00f2n \u0111\u01b0\u1ee3c khuy\u1ebfn m\u00e3i th\u00eam ng\u01b0\u1eddi y\u00eau, mi\u1ec5n \u0111\u1ed5i tr\u1ea3!<\/p>\n<p>\u0110\u00f4i n\u00e9t t\u00e1c gi\u1ea3<\/p>\n<p>D\u1ecbch Tu La (\u6613\u4fee\u7f57)<\/p>\n<p>T\u1ef1 gi\u1edbi thi\u1ec7u b\u1ea3n th\u00e2n: L\u00e0 ch\u1ee7 weibo tr\u1ee9 danh ch\u1ecdc ng\u01b0\u1eddi ta ph\u00e1t kh\u00f3c, l\u00e0 t\u00e1c gi\u1ea3 ch\u1ecdc ng\u01b0\u1eddi ta b\u1ef1c b\u1ed9i. \ub208_\ub208<\/p>\n<p>T\u00e1c ph\u1ea9m ti\u00eau bi\u1ec3u: Kh\u1ebf t\u1eed, Ch\u1edd anh nh\u00ecn l\u00ean (t\u00ean t\u1ea1m d\u1ecbch), Nh\u1ea5t ni\u1ec7m th\u00e0nh th\u1ea7n (t\u00ean t\u1ea1m d\u1ecbch), M\u1ea5y anh trai ch\u01a1i game gi\u1ecfi qu\u00e1 \u0111i m\u1ea5t (T\u1ea1m d\u1ecbch),<\/p>\n","protected":false},"featured_media":18276,"template":"","meta":{"_acf_changed":false},"product_brand":[],"product_cat":[73,15],"product_tag":[],"class_list":{"0":"post-18279","1":"product","2":"type-product","3":"status-publish","4":"has-post-thumbnail","6":"product_cat-dam-my-ngon-tinh","7":"product_cat-sach-danh-cho-nguoi-lon","9":"first","10":"outofstock","11":"taxable","12":"shipping-taxable","13":"purchasable","14":"product-type-simple"},"supplier_id":null,"supplier_sku":"","barcode":null,"atum_controlled":true,"out_stock_date":"2022-12-19 12:58:22","out_stock_threshold":null,"inheritable":false,"inbound_stock":0,"stock_on_hold":0,"sold_today":0,"sales_last_days":0,"reserved_stock":0,"customer_returns":0,"warehouse_damage":0,"lost_in_post":0,"other_logs":0,"out_stock_days":1136,"lost_sales":0,"has_location":false,"update_date":"2026-01-28T23:11:03","atum_locations":[{"id":32,"name":"Helsinki","slug":"helsinki"}],"atum_stock_status":"outofstock","restock_status":false,"low_stock_amount":"","sales_update_date":"2026-01-28T23:11:03","calc_backorders":null,"acf":{"publisher":{"ID":15105,"post_author":"1","post_date":"2021-08-04 14:52:19","post_date_gmt":"2021-08-04 11:52:19","post_content":"","post_title":"C\u1ea9m Phong Books","post_excerpt":"","post_status":"publish","comment_status":"closed","ping_status":"closed","post_password":"","post_name":"cam-phong-books","to_ping":"","pinged":"","post_modified":"2021-08-04 14:52:19","post_modified_gmt":"2021-08-04 11:52:19","post_content_filtered":"","post_parent":0,"guid":"https:\/\/sachviet.eu\/nha-phat-hanh\/cam-phong-books\/","menu_order":0,"post_type":"publisher","post_mime_type":"","comment_count":"0","filter":"raw"}},"_links":{"self":[{"href":"https:\/\/sachviet.eu\/en\/wp-json\/wp\/v2\/product\/18279","targetHints":{"allow":["GET"]}}],"collection":[{"href":"https:\/\/sachviet.eu\/en\/wp-json\/wp\/v2\/product"}],"about":[{"href":"https:\/\/sachviet.eu\/en\/wp-json\/wp\/v2\/types\/product"}],"wp:featuredmedia":[{"embeddable":true,"href":"https:\/\/sachviet.eu\/en\/wp-json\/wp\/v2\/media\/18276"}],"wp:attachment":[{"href":"https:\/\/sachviet.eu\/en\/wp-json\/wp\/v2\/media?parent=18279"}],"wp:term":[{"taxonomy":"product_brand","embeddable":true,"href":"https:\/\/sachviet.eu\/en\/wp-json\/wp\/v2\/product_brand?post=18279"},{"taxonomy":"product_cat","embeddable":true,"href":"https:\/\/sachviet.eu\/en\/wp-json\/wp\/v2\/product_cat?post=18279"},{"taxonomy":"product_tag","embeddable":true,"href":"https:\/\/sachviet.eu\/en\/wp-json\/wp\/v2\/product_tag?post=18279"}],"curies":[{"name":"wp","href":"https:\/\/api.w.org\/{rel}","templated":true}]}}