{"id":18275,"date":"2022-04-10T22:11:10","date_gmt":"2022-04-10T19:11:10","guid":{"rendered":"https:\/\/sachviet.eu\/shop\/ma-dao-to-su-tron-bo-4-tap\/"},"modified":"2023-03-13T16:09:07","modified_gmt":"2023-03-13T14:09:07","slug":"ma-dao-to-su-tron-bo-4-tap","status":"publish","type":"product","link":"https:\/\/sachviet.eu\/en\/shop\/ma-dao-to-su-tron-bo-4-tap\/","title":{"rendered":"MA \u0110\u1ea0O T\u1ed4 S\u01af &#8211; TR\u1eccN B\u1ed8 4 T\u1eacP"},"content":{"rendered":"<p>Ki\u1ebfp tr\u01b0\u1edbc Ng\u1ee5y V\u00f4 Ti\u1ec7n b\u1ecb v\u1ea1n ng\u01b0\u1eddi th\u00f3a m\u1ea1, danh ti\u1ebfng x\u1ea5u xa \u0111\u1ebfn c\u00f9ng c\u1ef1c, s\u01b0 \u0111\u1ec7 h\u1eafn th\u1ec1 c\u1ea3 \u0111\u1eddi b\u1ea3o v\u1ec7 l\u1ea1i d\u1eabn ng\u01b0\u1eddi \u0111\u1ebfn ti\u00eau di\u1ec7t h\u1eafn, d\u1ecdc ngang tung ho\u00e0nh m\u1ed9t \u0111\u1eddi, cu\u1ed1i c\u00f9ng ch\u1ebft l\u1ea1i ch\u1eb3ng to\u00e0n th\u00e2y. Bao n\u0103m s\u00f3ng y\u00ean b\u1ec3 l\u1eb7ng, ng\u1edd \u0111\u00e2u Ng\u1ee5y V\u00f4 Ti\u1ec7n, ma \u0111\u1ea1o t\u1ed5 s\u01b0 d\u1ea5y l\u00ean tinh phong huy\u1ebft v\u0169 m\u1ed9t th\u1eddi b\u1ed7ng d\u01b0ng s\u1ed1ng l\u1ea1i. V\u1eabn con ng\u01b0\u1eddi \u0111\u00f3, v\u1eabn t\u00ednh c\u00e1ch t\u01b0ng t\u1eedng, nh\u01b0ng t\u00e2m th\u1ebf nay \u0111\u00e3 kh\u00e1c, h\u1eafn b\u1ed7ng ph\u00e1t hi\u1ec7n th\u00ec ra chuy\u1ec7n \u0111\u1eddi tr\u01b0\u1edbc l\u00e0 m\u1ed9t \u00e2m m\u01b0u l\u1edbn.<br \/>\nK\u1ebb \u0111\u1ee9ng sau m\u1ecdi chuy\u1ec7n ng\u00e0y \u0111\u00f3 l\u00e0 ai?<br \/>\nNg\u01b0\u1eddi x\u01b0a, chuy\u1ec7n x\u01b0a v\u00e0 c\u1ea3 t\u00ecnh c\u1ea3m l\u1eb7ng th\u1ea7m ch\u00f4n gi\u1ea5u ng\u00e0y x\u01b0a, t\u1ea5t th\u1ea3y \u0111\u1ec1u \u0111\u01b0\u1ee3c ph\u01a1i b\u00e0y\u2026<\/p>\n","protected":false},"excerpt":{"rendered":"<p>Ki\u1ebfp tr\u01b0\u1edbc Ng\u1ee5y V\u00f4 Ti\u1ec7n b\u1ecb v\u1ea1n ng\u01b0\u1eddi th\u00f3a m\u1ea1, danh ti\u1ebfng x\u1ea5u xa \u0111\u1ebfn c\u00f9ng c\u1ef1c, s\u01b0 \u0111\u1ec7 h\u1eafn th\u1ec1 c\u1ea3 \u0111\u1eddi b\u1ea3o v\u1ec7 l\u1ea1i d\u1eabn ng\u01b0\u1eddi \u0111\u1ebfn ti\u00eau di\u1ec7t h\u1eafn, d\u1ecdc ngang tung ho\u00e0nh m\u1ed9t \u0111\u1eddi, cu\u1ed1i c\u00f9ng ch\u1ebft l\u1ea1i ch\u1eb3ng to\u00e0n th\u00e2y. Bao n\u0103m s\u00f3ng y\u00ean b\u1ec3 l\u1eb7ng, ng\u1edd \u0111\u00e2u Ng\u1ee5y V\u00f4 Ti\u1ec7n, ma \u0111\u1ea1o t\u1ed5 s\u01b0 d\u1ea5y l\u00ean tinh phong huy\u1ebft v\u0169 m\u1ed9t th\u1eddi b\u1ed7ng d\u01b0ng s\u1ed1ng l\u1ea1i. V\u1eabn con ng\u01b0\u1eddi \u0111\u00f3, v\u1eabn t\u00ednh c\u00e1ch t\u01b0ng t\u1eedng, nh\u01b0ng t\u00e2m th\u1ebf nay \u0111\u00e3 kh\u00e1c, h\u1eafn b\u1ed7ng ph\u00e1t hi\u1ec7n th\u00ec ra chuy\u1ec7n \u0111\u1eddi tr\u01b0\u1edbc l\u00e0 m\u1ed9t \u00e2m m\u01b0u l\u1edbn.<br \/>\nK\u1ebb \u0111\u1ee9ng sau m\u1ecdi chuy\u1ec7n ng\u00e0y \u0111\u00f3 l\u00e0 ai?<br \/>\nNg\u01b0\u1eddi x\u01b0a, chuy\u1ec7n x\u01b0a v\u00e0 c\u1ea3 t\u00ecnh c\u1ea3m l\u1eb7ng th\u1ea7m ch\u00f4n gi\u1ea5u ng\u00e0y x\u01b0a, t\u1ea5t th\u1ea3y \u0111\u1ec1u \u0111\u01b0\u1ee3c ph\u01a1i b\u00e0y\u2026<\/p>\n","protected":false},"featured_media":18271,"template":"","meta":{"_acf_changed":false},"product_brand":[],"product_cat":[73,15],"product_tag":[],"class_list":{"0":"post-18275","1":"product","2":"type-product","3":"status-publish","4":"has-post-thumbnail","6":"product_cat-dam-my-ngon-tinh","7":"product_cat-sach-danh-cho-nguoi-lon","9":"first","10":"outofstock","11":"taxable","12":"shipping-taxable","13":"purchasable","14":"product-type-simple"},"supplier_id":null,"supplier_sku":"","barcode":null,"atum_controlled":true,"out_stock_date":"2023-03-13 14:09:07","out_stock_threshold":null,"inheritable":false,"inbound_stock":0,"stock_on_hold":0,"sold_today":0,"sales_last_days":0,"reserved_stock":0,"customer_returns":0,"warehouse_damage":0,"lost_in_post":0,"other_logs":0,"out_stock_days":1052,"lost_sales":0,"has_location":false,"update_date":"2026-01-28T23:11:03","atum_locations":[{"id":32,"name":"Helsinki","slug":"helsinki"}],"atum_stock_status":"outofstock","restock_status":false,"low_stock_amount":"","sales_update_date":"2026-01-28T23:11:03","calc_backorders":null,"acf":{"publisher":{"ID":15105,"post_author":"1","post_date":"2021-08-04 14:52:19","post_date_gmt":"2021-08-04 11:52:19","post_content":"","post_title":"C\u1ea9m Phong Books","post_excerpt":"","post_status":"publish","comment_status":"closed","ping_status":"closed","post_password":"","post_name":"cam-phong-books","to_ping":"","pinged":"","post_modified":"2021-08-04 14:52:19","post_modified_gmt":"2021-08-04 11:52:19","post_content_filtered":"","post_parent":0,"guid":"https:\/\/sachviet.eu\/nha-phat-hanh\/cam-phong-books\/","menu_order":0,"post_type":"publisher","post_mime_type":"","comment_count":"0","filter":"raw"}},"_links":{"self":[{"href":"https:\/\/sachviet.eu\/en\/wp-json\/wp\/v2\/product\/18275","targetHints":{"allow":["GET"]}}],"collection":[{"href":"https:\/\/sachviet.eu\/en\/wp-json\/wp\/v2\/product"}],"about":[{"href":"https:\/\/sachviet.eu\/en\/wp-json\/wp\/v2\/types\/product"}],"wp:featuredmedia":[{"embeddable":true,"href":"https:\/\/sachviet.eu\/en\/wp-json\/wp\/v2\/media\/18271"}],"wp:attachment":[{"href":"https:\/\/sachviet.eu\/en\/wp-json\/wp\/v2\/media?parent=18275"}],"wp:term":[{"taxonomy":"product_brand","embeddable":true,"href":"https:\/\/sachviet.eu\/en\/wp-json\/wp\/v2\/product_brand?post=18275"},{"taxonomy":"product_cat","embeddable":true,"href":"https:\/\/sachviet.eu\/en\/wp-json\/wp\/v2\/product_cat?post=18275"},{"taxonomy":"product_tag","embeddable":true,"href":"https:\/\/sachviet.eu\/en\/wp-json\/wp\/v2\/product_tag?post=18275"}],"curies":[{"name":"wp","href":"https:\/\/api.w.org\/{rel}","templated":true}]}}