{"id":18270,"date":"2022-04-10T22:11:00","date_gmt":"2022-04-10T19:11:00","guid":{"rendered":"https:\/\/sachviet.eu\/shop\/combo-2-tap-tang-thong-khi\/"},"modified":"2022-12-19T15:27:13","modified_gmt":"2022-12-19T13:27:13","slug":"combo-2-tap-tang-thong-khi","status":"publish","type":"product","link":"https:\/\/sachviet.eu\/en\/shop\/combo-2-tap-tang-thong-khi\/","title":{"rendered":"Combo 2 T\u1eadp: T\u0103ng Th\u00f4ng Kh\u00ed"},"content":{"rendered":"<p>C\u00e2u chuy\u1ec7n b\u1eaft \u0111\u1ea7u khi Lee Myung &#8211; m\u1ed9t k\u1ef3 th\u1ee7 c\u1edd v\u00e2y n\u1ed5i ti\u1ebfng quy\u1ebft \u0111\u1ecbnh tham gia bu\u1ed5i h\u1ecdp l\u1edbp c\u1ea5p ba. Nh\u1eefng n\u0103m th\u00e1ng l\u00e0m m\u1ed9t \u201ck\u1ebb v\u00f4 h\u00ecnh\u201d trong l\u1edbp h\u1ecdc \u0111\u00e3 khi\u1ebfn c\u1eadu kh\u00f4ng c\u00f3 b\u1ea1n b\u00e8, c\u1eadu \u0111\u1ebfn n\u01a1i n\u00e0y ch\u1ec9 v\u00ec m\u1ed9t ng\u01b0\u1eddi duy nh\u1ea5t: L\u1edbp tr\u01b0\u1edfng Han Seon Ho.<\/p>\n<p>G\u1eb7p l\u1ea1i anh sau t\u00e1m n\u0103m d\u00e0i th\u01b0\u01a1ng nh\u1edb, Seon Ho nay \u0111\u00e3 tr\u1edf th\u00e0nh m\u1ed9t ng\u01b0\u1eddi \u0111\u00e0n \u00f4ng tr\u01b0\u1edfng th\u00e0nh, \u0111\u0129nh \u0111\u1ea1c. N\u00e9t ng\u00e2y ng\u00f4 c\u00f9ng v\u1edbi n\u1ee5 c\u01b0\u1eddi r\u1ea1ng r\u1ee1 n\u0103m x\u01b0a \u0111\u00e3 b\u1ecb thay th\u1ebf ho\u00e0n to\u00e0n b\u1eb1ng v\u1ebb l\u1ea1nh l\u00f9ng, xa c\u00e1ch. Ch\u01b0a k\u1ec3 tr\u00ean ng\u00f3n \u00e1p \u00fat c\u1ee7a anh\u2026 l\u00e0 m\u1ed9t chi\u1ebfc nh\u1eabn v\u00e0ng.<\/p>\n<p>\u201cV\u1ec1 th\u00f4i.\u201d Myung r\u1eddi kh\u1ecfi bu\u1ed5i h\u1ecdp l\u1edbp m\u00e0 trong l\u00f2ng ch\u1eb3ng c\u00f2n g\u00ec nu\u1ed1i ti\u1ebfc.<\/p>\n<p>Th\u1ebf nh\u01b0ng, chu\u1ed7i s\u1ef1 ki\u1ec7n b\u1ea5t ng\u1edd x\u1ea3y ra sau \u0111\u00f3 \u0111\u00e3 \u0111\u1ea9y c\u1ea3 hai ng\u01b0\u1eddi h\u1ecd v\u01b0\u1ee3t ra ngo\u00e0i t\u1ea7m ki\u1ec3m so\u00e1t. Khi Seon Ho giam c\u1eadu trong v\u00f2ng tay m\u00ecnh v\u00e0 l\u1ea5p k\u00edn \u0111\u00f4i m\u00f4i c\u1eadu, Myung m\u1edbi bi\u1ebft, h\u00f3a ra th\u1ee9 t\u00ecnh c\u1ea3m c\u1eadu c\u1ed1 g\u1eafng v\u00f9i s\u00e2u ch\u00f4n ch\u1eb7t \u0111\u00e3 b\u1ecb nh\u00ecn th\u1ea5u, v\u00e0 ng\u01b0\u1eddi \u0111ang \u0111\u1ee9ng tr\u01b0\u1edbc m\u1eb7t c\u1eadu l\u00fac n\u00e0y \u0111\u00e2y\u2026 c\u0169ng \u0111\u00e3 \u0111em l\u00f2ng y\u00eau c\u1eadu t\u1eeb l\u00e2u.<\/p>\n","protected":false},"excerpt":{"rendered":"<p>C\u00e2u chuy\u1ec7n b\u1eaft \u0111\u1ea7u khi Lee Myung &#8211; m\u1ed9t k\u1ef3 th\u1ee7 c\u1edd v\u00e2y n\u1ed5i ti\u1ebfng quy\u1ebft \u0111\u1ecbnh tham gia bu\u1ed5i h\u1ecdp l\u1edbp c\u1ea5p ba. Nh\u1eefng n\u0103m th\u00e1ng l\u00e0m m\u1ed9t \u201ck\u1ebb v\u00f4 h\u00ecnh\u201d trong l\u1edbp h\u1ecdc \u0111\u00e3 khi\u1ebfn c\u1eadu kh\u00f4ng c\u00f3 b\u1ea1n b\u00e8, c\u1eadu \u0111\u1ebfn n\u01a1i n\u00e0y ch\u1ec9 v\u00ec m\u1ed9t ng\u01b0\u1eddi duy nh\u1ea5t: L\u1edbp tr\u01b0\u1edfng Han Seon Ho.<\/p>\n<p>G\u1eb7p l\u1ea1i anh sau t\u00e1m n\u0103m d\u00e0i th\u01b0\u01a1ng nh\u1edb, Seon Ho nay \u0111\u00e3 tr\u1edf th\u00e0nh m\u1ed9t ng\u01b0\u1eddi \u0111\u00e0n \u00f4ng tr\u01b0\u1edfng th\u00e0nh, \u0111\u0129nh \u0111\u1ea1c. N\u00e9t ng\u00e2y ng\u00f4 c\u00f9ng v\u1edbi n\u1ee5 c\u01b0\u1eddi r\u1ea1ng r\u1ee1 n\u0103m x\u01b0a \u0111\u00e3 b\u1ecb thay th\u1ebf ho\u00e0n to\u00e0n b\u1eb1ng v\u1ebb l\u1ea1nh l\u00f9ng, xa c\u00e1ch. Ch\u01b0a k\u1ec3 tr\u00ean ng\u00f3n \u00e1p \u00fat c\u1ee7a anh\u2026 l\u00e0 m\u1ed9t chi\u1ebfc nh\u1eabn v\u00e0ng.<\/p>\n<p>\u201cV\u1ec1 th\u00f4i.\u201d Myung r\u1eddi kh\u1ecfi bu\u1ed5i h\u1ecdp l\u1edbp m\u00e0 trong l\u00f2ng ch\u1eb3ng c\u00f2n g\u00ec nu\u1ed1i ti\u1ebfc.<\/p>\n<p>Th\u1ebf nh\u01b0ng, chu\u1ed7i s\u1ef1 ki\u1ec7n b\u1ea5t ng\u1edd x\u1ea3y ra sau \u0111\u00f3 \u0111\u00e3 \u0111\u1ea9y c\u1ea3 hai ng\u01b0\u1eddi h\u1ecd v\u01b0\u1ee3t ra ngo\u00e0i t\u1ea7m ki\u1ec3m so\u00e1t. Khi Seon Ho giam c\u1eadu trong v\u00f2ng tay m\u00ecnh v\u00e0 l\u1ea5p k\u00edn \u0111\u00f4i m\u00f4i c\u1eadu, Myung m\u1edbi bi\u1ebft, h\u00f3a ra th\u1ee9 t\u00ecnh c\u1ea3m c\u1eadu c\u1ed1 g\u1eafng v\u00f9i s\u00e2u ch\u00f4n ch\u1eb7t \u0111\u00e3 b\u1ecb nh\u00ecn th\u1ea5u, v\u00e0 ng\u01b0\u1eddi \u0111ang \u0111\u1ee9ng tr\u01b0\u1edbc m\u1eb7t c\u1eadu l\u00fac n\u00e0y \u0111\u00e2y\u2026 c\u0169ng \u0111\u00e3 \u0111em l\u00f2ng y\u00eau c\u1eadu t\u1eeb l\u00e2u.<\/p>\n","protected":false},"featured_media":18267,"template":"","meta":{"_acf_changed":false},"product_brand":[],"product_cat":[73,15],"product_tag":[],"class_list":{"0":"post-18270","1":"product","2":"type-product","3":"status-publish","4":"has-post-thumbnail","6":"product_cat-dam-my-ngon-tinh","7":"product_cat-sach-danh-cho-nguoi-lon","9":"first","10":"outofstock","11":"taxable","12":"shipping-taxable","13":"purchasable","14":"product-type-simple"},"supplier_id":null,"supplier_sku":"","barcode":null,"atum_controlled":true,"out_stock_date":"2022-12-19 12:58:24","out_stock_threshold":null,"inheritable":false,"inbound_stock":0,"stock_on_hold":0,"sold_today":0,"sales_last_days":0,"reserved_stock":0,"customer_returns":0,"warehouse_damage":0,"lost_in_post":0,"other_logs":0,"out_stock_days":1136,"lost_sales":0,"has_location":false,"update_date":"2026-01-28T23:11:03","atum_locations":[{"id":32,"name":"Helsinki","slug":"helsinki"}],"atum_stock_status":"outofstock","restock_status":false,"low_stock_amount":"","sales_update_date":"2026-01-28T23:11:03","calc_backorders":null,"acf":{"publisher":{"ID":17676,"post_author":"1","post_date":"2022-04-04 17:29:33","post_date_gmt":"2022-04-04 14:29:33","post_content":"","post_title":"Meibooks","post_excerpt":"","post_status":"publish","comment_status":"closed","ping_status":"closed","post_password":"","post_name":"meibooks","to_ping":"","pinged":"","post_modified":"2022-04-04 17:29:33","post_modified_gmt":"2022-04-04 14:29:33","post_content_filtered":"","post_parent":0,"guid":"https:\/\/sachviet.eu\/nha-phat-hanh\/meibooks\/","menu_order":0,"post_type":"publisher","post_mime_type":"","comment_count":"0","filter":"raw"}},"_links":{"self":[{"href":"https:\/\/sachviet.eu\/en\/wp-json\/wp\/v2\/product\/18270","targetHints":{"allow":["GET"]}}],"collection":[{"href":"https:\/\/sachviet.eu\/en\/wp-json\/wp\/v2\/product"}],"about":[{"href":"https:\/\/sachviet.eu\/en\/wp-json\/wp\/v2\/types\/product"}],"wp:featuredmedia":[{"embeddable":true,"href":"https:\/\/sachviet.eu\/en\/wp-json\/wp\/v2\/media\/18267"}],"wp:attachment":[{"href":"https:\/\/sachviet.eu\/en\/wp-json\/wp\/v2\/media?parent=18270"}],"wp:term":[{"taxonomy":"product_brand","embeddable":true,"href":"https:\/\/sachviet.eu\/en\/wp-json\/wp\/v2\/product_brand?post=18270"},{"taxonomy":"product_cat","embeddable":true,"href":"https:\/\/sachviet.eu\/en\/wp-json\/wp\/v2\/product_cat?post=18270"},{"taxonomy":"product_tag","embeddable":true,"href":"https:\/\/sachviet.eu\/en\/wp-json\/wp\/v2\/product_tag?post=18270"}],"curies":[{"name":"wp","href":"https:\/\/api.w.org\/{rel}","templated":true}]}}