{"id":18266,"date":"2022-04-10T22:10:49","date_gmt":"2022-04-10T19:10:49","guid":{"rendered":"https:\/\/sachviet.eu\/shop\/chuyen-tinh-500-nam-ban-dac-biet-kem-box\/"},"modified":"2022-12-19T21:59:20","modified_gmt":"2022-12-19T19:59:20","slug":"chuyen-tinh-500-nam-ban-dac-biet-kem-box","status":"publish","type":"product","link":"https:\/\/sachviet.eu\/en\/shop\/chuyen-tinh-500-nam-ban-dac-biet-kem-box\/","title":{"rendered":"CHUY\u1ec6N T\u00ccNH 500 N\u0102M &#8211; B\u1ea2N \u0110\u1eb6C BI\u1ec6T K\u00c8M BOX"},"content":{"rendered":"<p>T\u1eb7ng K\u00e8m Bookmark + Postcard + Khung Instagram Plastic + H\u1ed9p C\u1ee9ng B\u1ea3o V\u1ec7 S\u00e1ch + Poster<br \/>\nTorao quy\u1ebft \u0111\u1ecbnh t\u1ef1 s\u00e1t sau khi Hikaru &#8211; ng\u01b0\u1eddi y\u00eau c\u1eadu qua \u0111\u1eddi trong m\u1ed9t tai n\u1ea1n. Nh\u01b0ng Torao kh\u00f4ng ch\u1ebft, sau khi t\u1ec9nh l\u1ea1i Hikaru m\u1ed9t l\u1ea7n n\u1eefa xu\u1ea5t hi\u1ec7n trong cu\u1ed9c \u0111\u1eddi c\u1eadu.<\/p>\n<p> Hikaru [B] l\u00e0 ng\u01b0\u1eddi m\u00e1y \u0111\u01b0\u1ee3c \u0111\u01b0a \u0111\u1ebfn \u0111\u1ec3 ch\u0103m s\u00f3c Torao theo nguy\u1ec7n v\u1ecdng c\u1ee7a cha m\u1eb9. <\/p>\n<p>Ng\u01b0\u1eddi m\u00e1y ng\u1ed1c ngh\u1ebfch h\u1eadu \u0111\u1eadu nh\u01b0ng ki\u00ean nh\u1eabn v\u00e0 d\u1ecbu d\u00e0ng \u0111\u00e3 d\u1ea7n chi\u1ebfm \u0111\u01b0\u1ee3c t\u00ecnh c\u1ea3m c\u1ee7a Torao, nh\u01b0ng tr\u1edb tr\u00eau thay anh ch\u1ec9 l\u00e0 Hikaru b\u1ea3n [B], l\u00e0 ng\u01b0\u1eddi thay th\u1ebf cho b\u1ea3n [A] ch\u01b0a k\u1ecbp ho\u00e0n thi\u1ec7n&#8230;<\/p>\n","protected":false},"excerpt":{"rendered":"<p>T\u1eb7ng K\u00e8m Bookmark + Postcard + Khung Instagram Plastic + H\u1ed9p C\u1ee9ng B\u1ea3o V\u1ec7 S\u00e1ch + Poster<br \/>\nTorao quy\u1ebft \u0111\u1ecbnh t\u1ef1 s\u00e1t sau khi Hikaru &#8211; ng\u01b0\u1eddi y\u00eau c\u1eadu qua \u0111\u1eddi trong m\u1ed9t tai n\u1ea1n. Nh\u01b0ng Torao kh\u00f4ng ch\u1ebft, sau khi t\u1ec9nh l\u1ea1i Hikaru m\u1ed9t l\u1ea7n n\u1eefa xu\u1ea5t hi\u1ec7n trong cu\u1ed9c \u0111\u1eddi c\u1eadu.<\/p>\n<p> Hikaru [B] l\u00e0 ng\u01b0\u1eddi m\u00e1y \u0111\u01b0\u1ee3c \u0111\u01b0a \u0111\u1ebfn \u0111\u1ec3 ch\u0103m s\u00f3c Torao theo nguy\u1ec7n v\u1ecdng c\u1ee7a cha m\u1eb9. <\/p>\n<p>Ng\u01b0\u1eddi m\u00e1y ng\u1ed1c ngh\u1ebfch h\u1eadu \u0111\u1eadu nh\u01b0ng ki\u00ean nh\u1eabn v\u00e0 d\u1ecbu d\u00e0ng \u0111\u00e3 d\u1ea7n chi\u1ebfm \u0111\u01b0\u1ee3c t\u00ecnh c\u1ea3m c\u1ee7a Torao, nh\u01b0ng tr\u1edb tr\u00eau thay anh ch\u1ec9 l\u00e0 Hikaru b\u1ea3n [B], l\u00e0 ng\u01b0\u1eddi thay th\u1ebf cho b\u1ea3n [A] ch\u01b0a k\u1ecbp ho\u00e0n thi\u1ec7n&#8230;<\/p>\n","protected":false},"featured_media":18264,"template":"","meta":{"_acf_changed":false},"product_brand":[],"product_cat":[73,15],"product_tag":[85],"class_list":{"0":"post-18266","1":"product","2":"type-product","3":"status-publish","4":"has-post-thumbnail","6":"product_cat-dam-my-ngon-tinh","7":"product_cat-sach-danh-cho-nguoi-lon","8":"product_tag-special-editions","10":"first","11":"outofstock","12":"taxable","13":"shipping-taxable","14":"purchasable","15":"product-type-simple"},"supplier_id":null,"supplier_sku":"","barcode":null,"atum_controlled":true,"out_stock_date":"2022-12-19 12:58:24","out_stock_threshold":null,"inheritable":false,"inbound_stock":0,"stock_on_hold":0,"sold_today":0,"sales_last_days":0,"reserved_stock":0,"customer_returns":0,"warehouse_damage":0,"lost_in_post":0,"other_logs":0,"out_stock_days":1136,"lost_sales":0,"has_location":false,"update_date":"2026-01-28T23:11:03","atum_locations":[{"id":32,"name":"Helsinki","slug":"helsinki"}],"atum_stock_status":"outofstock","restock_status":false,"low_stock_amount":"","sales_update_date":"2026-01-28T23:11:02","calc_backorders":null,"acf":{"publisher":{"ID":15326,"post_author":"1","post_date":"2021-08-04 15:05:34","post_date_gmt":"2021-08-04 12:05:34","post_content":"","post_title":"Amak","post_excerpt":"","post_status":"publish","comment_status":"closed","ping_status":"closed","post_password":"","post_name":"amak","to_ping":"","pinged":"","post_modified":"2021-08-04 15:05:34","post_modified_gmt":"2021-08-04 12:05:34","post_content_filtered":"","post_parent":0,"guid":"https:\/\/sachviet.eu\/nha-phat-hanh\/amak\/","menu_order":0,"post_type":"publisher","post_mime_type":"","comment_count":"0","filter":"raw"}},"_links":{"self":[{"href":"https:\/\/sachviet.eu\/en\/wp-json\/wp\/v2\/product\/18266","targetHints":{"allow":["GET"]}}],"collection":[{"href":"https:\/\/sachviet.eu\/en\/wp-json\/wp\/v2\/product"}],"about":[{"href":"https:\/\/sachviet.eu\/en\/wp-json\/wp\/v2\/types\/product"}],"wp:featuredmedia":[{"embeddable":true,"href":"https:\/\/sachviet.eu\/en\/wp-json\/wp\/v2\/media\/18264"}],"wp:attachment":[{"href":"https:\/\/sachviet.eu\/en\/wp-json\/wp\/v2\/media?parent=18266"}],"wp:term":[{"taxonomy":"product_brand","embeddable":true,"href":"https:\/\/sachviet.eu\/en\/wp-json\/wp\/v2\/product_brand?post=18266"},{"taxonomy":"product_cat","embeddable":true,"href":"https:\/\/sachviet.eu\/en\/wp-json\/wp\/v2\/product_cat?post=18266"},{"taxonomy":"product_tag","embeddable":true,"href":"https:\/\/sachviet.eu\/en\/wp-json\/wp\/v2\/product_tag?post=18266"}],"curies":[{"name":"wp","href":"https:\/\/api.w.org\/{rel}","templated":true}]}}