{"id":18263,"date":"2022-04-10T22:10:40","date_gmt":"2022-04-10T19:10:40","guid":{"rendered":"https:\/\/sachviet.eu\/shop\/nam-ay-van-dam-tim-duong-phong-hau-ban-dac-biet-man-man-ha-ky-da\/"},"modified":"2022-12-19T15:27:26","modified_gmt":"2022-12-19T13:27:26","slug":"nam-ay-van-dam-tim-duong-phong-hau-ban-dac-biet-man-man-ha-ky-da","status":"publish","type":"product","link":"https:\/\/sachviet.eu\/en\/shop\/nam-ay-van-dam-tim-duong-phong-hau-ban-dac-biet-man-man-ha-ky-da\/","title":{"rendered":"N\u0103m \u1ea5y v\u1ea1n d\u1eb7m t\u00ecm \u0111\u01b0\u1eddng phong h\u1ea7u &#8211; B\u1ea3n \u0111\u1eb7c bi\u1ec7t &#8211; M\u1ea1n m\u1ea1n H\u00e0 K\u1ef3 \u0110a"},"content":{"rendered":"<p>Gi\u1edbi thi\u1ec7u v\u1ec1 S\u00e1ch &#8211; Combo N\u0103m \u1ea5y v\u1ea1n d\u1eb7m t\u00ecm \u0111\u01b0\u1eddng phong h\u1ea7u &#8211; B\u1ea3n \u0111\u1eb7c bi\u1ec7t &#8211; M\u1ea1n m\u1ea1n H\u00e0 K\u1ef3 \u0110a<br \/>\nM\u1ed9t Chung Uy\u1ec3n \u0111\u01b0\u1ee3c v\u00ed nh\u01b0 sao V\u0103n Kh\u00fac h\u1ea1 ph\u00e0m, thi\u1ebfu gia con nh\u00e0 gia th\u1ebf, v\u1edbi xu\u1ea5t th\u00e2n v\u00e0 t\u00e0i hoa nh\u01b0 v\u1eady, t\u01b0\u01a1ng lai mu\u1ed1n th\u0103ng quan ti\u1ebfn ch\u1ee9c, \u0111i tam t\u1ec9nh l\u1ee5c b\u1ed9 n\u00e0o m\u00e0 kh\u00f4ng \u0111\u01b0\u1ee3c.<br \/>\nM\u1ed9t \u00dac T\u1eed H\u1ef1u nho nh\u00e3, khu\u00f4n ph\u00e9p v\u00e0 thi\u1ec7n l\u01b0\u01a1ng, l\u00e0 con trai \u0111\u1ed9c nh\u1ea5t c\u1ee7a ch\u00ednh th\u00ea, v\u1eeba ra \u0111\u1eddi \u0111\u00e3 l\u00e0 V\u01b0\u01a1ng th\u1ebf t\u1eed, s\u1ed1 m\u1ec7nh tr\u1eddi sinh ph\u00fa qu\u00fd, \u0111\u00e2u c\u1ea7n ph\u1ea3i bu\u1ed3n lo \u0111i\u1ec1u g\u00ec.<br \/>\nHai thi\u1ebfu ni\u00ean t\u1ed1t \u0111\u1eb9p \u1ea5y \u0111\u00e1ng ra n\u00ean \u0111\u01b0\u1ee3c s\u1ed1ng cu\u1ed9c \u0111\u1eddi thu\u1eadn bu\u1ed3m xu\u00f4i gi\u00f3 nh\u01b0ng l\u1ea1i c\u1ee9 th\u1ebf b\u1ecb h\u1ee7y ho\u1ea1i t\u1eebng ch\u00fat m\u1ed9t\u2026<br \/>\nCh\u1ec9 v\u00ec t\u1ed9i \u00e1c d\u01a1 b\u1ea9n n\u0103m x\u01b0a c\u1ee7a Ho\u00e0ng th\u1ea5t.<br \/>\n\u2026<br \/>\n\u201cC\u00f3 nhi\u1ec1u l\u00fac\u2026 ta th\u1eadt s\u1ef1 kh\u00f4ng bi\u1ebft n\u00ean h\u1eadn ai n\u1eefa.\u201d<\/p>\n<p>N\u0102M \u1ea4Y V\u1ea0N D\u1eb6M T\u00ccM \u0110\u01af\u1edcNG PHONG H\u1ea6U by Ma\u0323n Ma\u0323n Ha\u0300 Ky\u0300 \u0110a \ud83c\udf3c<br \/>\n\ud83c\udf3cBa\u0309n \u0111a\u0323\u0306c bie\u0323\u0302t : 389.000 \u0111<br \/>\n&#8211; 01 Boxset<br \/>\n&#8211; 01 zigzag postcard<br \/>\n&#8211; 02 Poster theo b\u00eca<br \/>\n&#8211; 02 Bookmark tr\u00f2n (2 ma\u0323\u0306t)<\/p>\n","protected":false},"excerpt":{"rendered":"<p>M\u1ed9t Chung Uy\u1ec3n \u0111\u01b0\u1ee3c v\u00ed nh\u01b0 sao V\u0103n Kh\u00fac h\u1ea1 ph\u00e0m, thi\u1ebfu gia con nh\u00e0 gia th\u1ebf, v\u1edbi xu\u1ea5t th\u00e2n v\u00e0 t\u00e0i hoa nh\u01b0 v\u1eady, t\u01b0\u01a1ng lai mu\u1ed1n th\u0103ng quan ti\u1ebfn ch\u1ee9c, \u0111i tam t\u1ec9nh l\u1ee5c b\u1ed9 n\u00e0o m\u00e0 kh\u00f4ng \u0111\u01b0\u1ee3c.<br \/>\nM\u1ed9t \u00dac T\u1eed H\u1ef1u nho nh\u00e3, khu\u00f4n ph\u00e9p v\u00e0 thi\u1ec7n l\u01b0\u01a1ng, l\u00e0 con trai \u0111\u1ed9c nh\u1ea5t c\u1ee7a ch\u00ednh th\u00ea, v\u1eeba ra \u0111\u1eddi \u0111\u00e3 l\u00e0 V\u01b0\u01a1ng th\u1ebf t\u1eed, s\u1ed1 m\u1ec7nh tr\u1eddi sinh ph\u00fa qu\u00fd, \u0111\u00e2u c\u1ea7n ph\u1ea3i bu\u1ed3n lo \u0111i\u1ec1u g\u00ec.<br \/>\nHai thi\u1ebfu ni\u00ean t\u1ed1t \u0111\u1eb9p \u1ea5y \u0111\u00e1ng ra n\u00ean \u0111\u01b0\u1ee3c s\u1ed1ng cu\u1ed9c \u0111\u1eddi thu\u1eadn bu\u1ed3m xu\u00f4i gi\u00f3 nh\u01b0ng l\u1ea1i c\u1ee9 th\u1ebf b\u1ecb h\u1ee7y ho\u1ea1i t\u1eebng ch\u00fat m\u1ed9t\u2026<br \/>\nCh\u1ec9 v\u00ec t\u1ed9i \u00e1c d\u01a1 b\u1ea9n n\u0103m x\u01b0a c\u1ee7a Ho\u00e0ng th\u1ea5t.<br \/>\n\u2026<br \/>\n\u201cC\u00f3 nhi\u1ec1u l\u00fac\u2026 ta th\u1eadt s\u1ef1 kh\u00f4ng bi\u1ebft n\u00ean h\u1eadn ai n\u1eefa.\u201d<\/p>\n<p>N\u0102M \u1ea4Y V\u1ea0N D\u1eb6M T\u00ccM \u0110\u01af\u1edcNG PHONG H\u1ea6U by Ma\u0323n Ma\u0323n Ha\u0300 Ky\u0300 \u0110a \ud83c\udf3c<br \/>\n\ud83c\udf3cBa\u0309n \u0111a\u0323\u0306c bie\u0323\u0302t : 389.000 \u0111<br \/>\n&#8211; 01 Boxset<br \/>\n&#8211; 01 zigzag postcard<br \/>\n&#8211; 02 Poster theo b\u00eca<br \/>\n&#8211; 02 Bookmark tr\u00f2n (2 ma\u0323\u0306t)<\/p>\n","protected":false},"featured_media":18261,"template":"","meta":{"_acf_changed":false},"product_brand":[],"product_cat":[73,15],"product_tag":[],"class_list":{"0":"post-18263","1":"product","2":"type-product","3":"status-publish","4":"has-post-thumbnail","6":"product_cat-dam-my-ngon-tinh","7":"product_cat-sach-danh-cho-nguoi-lon","9":"first","10":"outofstock","11":"taxable","12":"shipping-taxable","13":"purchasable","14":"product-type-simple"},"supplier_id":null,"supplier_sku":"","barcode":null,"atum_controlled":true,"out_stock_date":"2022-12-19 12:58:25","out_stock_threshold":null,"inheritable":false,"inbound_stock":0,"stock_on_hold":0,"sold_today":0,"sales_last_days":0,"reserved_stock":0,"customer_returns":0,"warehouse_damage":0,"lost_in_post":0,"other_logs":0,"out_stock_days":1136,"lost_sales":0,"has_location":false,"update_date":"2026-01-28T23:11:02","atum_locations":[{"id":32,"name":"Helsinki","slug":"helsinki"}],"atum_stock_status":"outofstock","restock_status":false,"low_stock_amount":"","sales_update_date":"2026-01-28T23:11:02","calc_backorders":null,"acf":{"publisher":{"ID":1785,"post_author":"1","post_date":"2021-02-17 01:54:46","post_date_gmt":"2021-02-16 23:54:46","post_content":"<!-- wp:flatsome\/uxbuilder -->\n<h1 style=\"text-align: center;\"><strong>AZ VIETNAM<\/strong><\/h1>\n[row]\n\n[col span=\"8\" span__sm=\"12\"]\n\n<p>Th\u00e0nh l\u1eadp n\u0103m: 2015<br \/>V\u1ed1n \u0111\u1ea7u t\u01b0: 4,000,000,000 \u0111\u1ed3ng<br \/><strong>L\u0129nh v\u1ef1c:<\/strong><br \/>- Xu\u1ea5t b\u1ea3n v\u00e0 ph\u00e1t h\u00e0nh v\u0103n h\u00f3a ph\u1ea9m<br \/>- Cung c\u1ea5p v\u0103n h\u00f3a ph\u1ea9m, c\u00e1c s\u1ea3n ph\u1ea9m cho in \u1ea5n, trang thi\u1ebft b\u1ecb cho c\u00e1c th\u01b0 vi\u1ec7n v\u00e0 trung t\u00e2m s\u00e1ch tr\u00ean c\u1ea3 n\u01b0\u1edbc.<br \/>- Th\u1eddi trang v\u00e0 c\u00e1c s\u1ea3n ph\u1ea9m li\u00ean quan \u0111\u1ebfn l\u0129nh v\u1ef1c th\u1eddi trang<br \/>- Xu\u1ea5t nh\u1eadp kh\u1ea9u c\u00e1c s\u1ea3n ph\u1ea9m v\u0103n h\u00f3a<\/p>\n<p><strong>Quy m\u00f4:<\/strong> 60 nh\u00e2n vi\u00ean<br \/>Kh\u1edfi ngu\u1ed3n c\u1ee7a AZ Vi\u1ec7t Nam ng\u00e0y nay l\u00e0 C\u00f4ng ty TNHH Trung t\u00e2m S\u00e1ch v\u00e0 Thi\u1ebft b\u1ecb Th\u01b0 vi\u1ec7n, v\u1edbi ho\u1ea1t \u0111\u1ed9ng \u0111\u1ea7u ti\u00ean l\u00e0 cung c\u1ea5p s\u00e1ch, trang thi\u1ebft b\u1ecb, v\u0103n h\u00f3a ph\u1ea9m cho c\u00e1c th\u01b0 vi\u1ec7n v\u00e0 trung t\u00e2m s\u00e1ch tr\u00ean c\u1ea3 n\u01b0\u1edbc. T\u1eeb cu\u1ed1i n\u0103m 2010 \u0111\u1ebfn nay, ch\u00fang t\u00f4i \u0111\u00e3 kh\u00f4ng ng\u1eebng n\u1ed7 l\u1ef1c khai ph\u00e1 v\u00e0 ph\u00e1t tri\u1ec3n c\u00e1c d\u00f2ng s\u1ea3n ph\u1ea9m m\u1edbi v\u1edbi 8 th\u01b0\u01a1ng hi\u1ec7u uy t\u00edn. \u0110\u1ec3 \u0111\u00e1p \u1ee9ng nhu c\u1ea7u ph\u00e1t tri\u1ec3n ng\u00e0y m\u1ed9t l\u1edbn m\u1ea1nh v\u00e0 t\u1eadp h\u1ee3p c\u00e1c th\u01b0\u01a1ng hi\u1ec7u \u0111\u00e3 \u0111\u01b0\u1ee3c ch\u00fang t\u00f4i x\u00e2y d\u1ef1ng, 2015 C\u00f4ng ty TNHH AZ Vi\u1ec7t Nam \u0111\u00e3 ra \u0111\u1eddi v\u1edbi s\u1ee9 m\u1ec7nh mang \u0111\u1ebfn nhi\u1ec1u h\u01a1n n\u1eefa nh\u1eefng gi\u00e1 tr\u1ecb tinh th\u1ea7n, tri th\u1ee9c ti\u00ean ti\u1ebfn cho ng\u01b0\u1eddi ti\u00eau d\u00f9ng b\u1eb1ng vi\u1ec7c cung c\u1ea5p nh\u1eefng s\u1ea3n ph\u1ea9m c\u00f3 ch\u1ea5t l\u01b0\u1ee3ng.<\/p>\n\n[\/col]\n[col span=\"4\" span__sm=\"12\"]\n\n[ux_image id=\"1836\" image_size=\"medium\"]\n\n\n[\/col]\n\n[\/row]\n\n<!-- \/wp:flatsome\/uxbuilder -->","post_title":"AZ Vi\u1ec7t Nam","post_excerpt":"","post_status":"publish","comment_status":"closed","ping_status":"closed","post_password":"","post_name":"az-viet-nam","to_ping":"","pinged":"","post_modified":"2021-02-17 22:07:10","post_modified_gmt":"2021-02-17 20:07:10","post_content_filtered":"","post_parent":0,"guid":"https:\/\/sachviet.eu\/nha-phat-hanh\/az-viet-nam\/","menu_order":0,"post_type":"publisher","post_mime_type":"","comment_count":"0","filter":"raw"}},"_links":{"self":[{"href":"https:\/\/sachviet.eu\/en\/wp-json\/wp\/v2\/product\/18263","targetHints":{"allow":["GET"]}}],"collection":[{"href":"https:\/\/sachviet.eu\/en\/wp-json\/wp\/v2\/product"}],"about":[{"href":"https:\/\/sachviet.eu\/en\/wp-json\/wp\/v2\/types\/product"}],"wp:featuredmedia":[{"embeddable":true,"href":"https:\/\/sachviet.eu\/en\/wp-json\/wp\/v2\/media\/18261"}],"wp:attachment":[{"href":"https:\/\/sachviet.eu\/en\/wp-json\/wp\/v2\/media?parent=18263"}],"wp:term":[{"taxonomy":"product_brand","embeddable":true,"href":"https:\/\/sachviet.eu\/en\/wp-json\/wp\/v2\/product_brand?post=18263"},{"taxonomy":"product_cat","embeddable":true,"href":"https:\/\/sachviet.eu\/en\/wp-json\/wp\/v2\/product_cat?post=18263"},{"taxonomy":"product_tag","embeddable":true,"href":"https:\/\/sachviet.eu\/en\/wp-json\/wp\/v2\/product_tag?post=18263"}],"curies":[{"name":"wp","href":"https:\/\/api.w.org\/{rel}","templated":true}]}}