{"id":1824,"date":"2021-02-17T01:56:47","date_gmt":"2021-02-16T23:56:47","guid":{"rendered":"https:\/\/sachviet.eu\/shop\/con-co-the-tu-bao-ve-minh-con-khong-bao-gio-di-lac\/"},"modified":"2024-08-12T10:12:14","modified_gmt":"2024-08-12T07:12:14","slug":"con-co-the-tu-bao-ve-minh-con-khong-bao-gio-di-lac","status":"publish","type":"product","link":"https:\/\/sachviet.eu\/en\/shop\/con-co-the-tu-bao-ve-minh-con-khong-bao-gio-di-lac\/","title":{"rendered":"Con c\u00f3 th\u1ec3 t\u1ef1 b\u1ea3o v\u1ec7 m\u00ecnh &#8211; Con kh\u00f4ng bao gi\u1edd \u0111i l\u1ea1c"},"content":{"rendered":"<p><strong>Con C\u00f3 Th\u1ec3 T\u1ef1 B\u1ea3o V\u1ec7 M\u00ecnh &#8211; Con Kh\u00f4ng Bao Gi\u1edd \u0110i L\u1ea1c<\/strong><\/p>\n<p>\u201c X\u00e2m h\u1ea1i t\u00ecnh d\u1ee5c tr\u1ebb em\u201d, \u201cB\u1eaft c\u00f3c tr\u1ebb em\u201d v\u1eabn \u0111ang l\u00e0 t\u1eeb kh\u00f3a n\u00f3ng tr\u00ean nh\u1eefng trang m\u1ea1ng hi\u1ec7n nay. Ch\u00fang ta t\u1ef1 h\u1ecfi r\u1eb1ng, li\u1ec7u c\u00f3 ph\u1ea3i g\u1ea7n \u0111\u00e2y nh\u1eefng t\u1ed9i ph\u1ea1m \u1ea5u d\u00e2m, b\u1eaft c\u00f3c c\u00f3 xu h\u01b0\u1edbng t\u0103ng l\u00ean? Hay t\u1eeb x\u01b0a \u0111\u1ebfn nay ch\u00fang v\u1eabn di\u1ec5n ra nh\u01b0 th\u1ebf, ch\u1ec9 c\u00f3 kh\u00e1c ch\u0103ng th\u1eddi \u0111\u1ea1i n\u00e0y v\u1edbi s\u1ef1 lan truy\u1ec1n c\u1ee7a m\u1ea1ng x\u00e3 h\u1ed9i v\u00e0 t\u01b0 duy c\u1edfi m\u1edf h\u01a1n, nh\u1eefng th\u00f4ng tin \u1ea5y m\u1edbi \u0111\u01b0\u1ee3c \u0111\u1ebfn tai ch\u00fang ta?<\/p>\n<p>H\u1ecdc c\u00e1ch T\u1ef0 B\u1ea2O V\u1ec6 m\u00ecnh ch\u01b0a bao gi\u1edd l\u00e0 mu\u1ed9n!!!<\/p>\n<p>B\u1ed9 s\u00e1ch \u201cCon c\u00f3 th\u1ec3 t\u1ef1 b\u1ea3o v\u1ec7 m\u00ecnh\u201d g\u1ed3m 3 cu\u1ed1n: \u201cC\u01a1 th\u1ec3 con l\u00e0 c\u1ee7a con\u201d, \u201cCon kh\u00f4ng bao gi\u1edd \u0111i c\u00f9ng ng\u01b0\u1eddi l\u1ea1\u201d, \u201cCon kh\u00f4ng bao gi\u1edd \u0111i l\u1ea1c\u201d \u0111\u1ec1 c\u1eadp nh\u1eefng t\u00ecnh hu\u1ed1ng \u0111\u1eddi th\u01b0\u1eddng \u0111\u1ec3 th\u00f4ng qua \u0111\u00f3 h\u01b0\u1edbng d\u1eabn c\u00e1c b\u1eadc ph\u1ee5 huynh v\u00e0 c\u00e1c con t\u1ef1 x\u00e2y d\u1ef1ng nh\u1eefng quy t\u1eafc th\u1ed1ng nh\u1ea5t \u0111\u1ec3 h\u01a1n ai h\u1ebft: Con c\u00f3 th\u1ec3 t\u1ef1 b\u1ea3o v\u1ec7 m\u00ecnh.<\/p>\n<p><strong>\u201c Con kh\u00f4ng bao gi\u1edd \u0111i l\u1ea1c\u201d<\/strong><\/p>\n<p>Cu\u1ed1n s\u00e1ch k\u1ec3 v\u1ec1 b\u1ea1n Lu v\u00e0 m\u1eb9 \u0111\u1ebfn m\u1ed9t th\u00e0nh ph\u1ed1 n\u1ecd \u0111\u1ec3 mua \u0111\u1ed3 d\u00f9ng. Khu ch\u1ee3 \u0111\u00f4ng ngh\u1ecbt ng\u01b0\u1eddi, khi\u1ebfn b\u1ea1n Lu b\u00e9 nh\u1ecf ch\u1ec9 c\u00f3 th\u1ec3 nh\u00ecn th\u1ea5y ch\u00e2n nh\u1eefng ng\u01b0\u1eddi xung quanh. Th\u1eadt may m\u1eafn l\u00e0 h\u00f4m nay m\u1eb9 l\u1ea1i m\u1eb7c m\u1ed9t chi\u1ebfc \u00e1o kho\u00e1c m\u00e0u \u0111\u1ecf, n\u1ed5i b\u1eadt \u0111\u1ebfn n\u1ed7i kh\u00f4ng ai c\u00f3 th\u1ec3 kh\u00f4ng nh\u00ecn ra. Khi \u0111i qua qu\u1ea7y hoa qu\u1ea3, Ly b\u1eaft g\u1eb7p m\u1ed9t c\u1eadu b\u00e9 \u0111i l\u1ea1c v\u00e0 n\u00f3i chuy\u1ec7n v\u1edbi c\u1eadu b\u00e9, tuy nhi\u00ean Lu c\u0169ng b\u1ecb \u0111i l\u1ea1c. B\u1eb1ng 6 quy t\u1eafc v\u00e0ng, Lu \u0111\u00e3 t\u00ecm l\u1ea1i \u0111\u01b0\u1ee3c m\u1eb9 v\u00e0 gi\u00fap c\u1eadu b\u1ea1n t\u00ecm \u0111\u01b0\u1ee3c gia \u0111\u00ecnh m\u00ecnh.<\/p>\n<p>\u0110\u1ed1i v\u1edbi cha m\u1eb9 v\u00e0 con c\u00e1i th\u00ec vi\u1ec7c \u0111i l\u1ea1c nhau gi\u1eefa \u0111\u00e1m \u0111\u00f4ng ch\u1eb3ng kh\u00e1c g\u00ec m\u1ed9t c\u01a1n \u00e1c m\u1ed9ng. N\u1ebfu b\u00e9 b\u1ecb \u0111i l\u1ea1c v\u00e0 ph\u1ea3i d\u1ef1a v\u00e0o s\u1ef1 gi\u00fap \u0111\u1ee1 c\u1ee7a ng\u01b0\u1eddi kh\u00e1c \u2013 nh\u1eefng ng\u01b0\u1eddi ho\u00e0n to\u00e0n xa l\u1ea1 &#8211; th\u00ec b\u00e9 s\u1ebd ph\u1ea3i l\u00e0m g\u00ec? B\u00e9 c\u00f3 th\u1ec3 tin t\u01b0\u1edfng nh\u1eefng ai? Cu\u1ed1n s\u00e1ch n\u00e0y s\u1ebd cung c\u1ea5p cho cha m\u1eb9 v\u00e0 c\u00e1c em nh\u1eefng l\u1eddi khuy\u00ean b\u1ed5 \u00edch v\u1ec1 c\u00e1c c\u00e1ch x\u1eed l\u00ed trong t\u00ecnh hu\u1ed1ng \u1ea5y.<\/p>\n  <div class=\"banner-grid-wrapper\">\n  <div id=\"banner-grid-2117070550\" class=\"banner-grid row row-grid row-small\" data-packery-options=\"\">\n            <style>\n    #banner-grid-2117070550 .grid-col-1{height: 600px}\n    #banner-grid-2117070550 .grid-col-1-2{height: 300px}\n    #banner-grid-2117070550 .grid-col-1-3{height:200px}\n    #banner-grid-2117070550 .grid-col-2-3{height: 400px}\n    #banner-grid-2117070550 .grid-col-1-4{height: 150px}\n    #banner-grid-2117070550 .grid-col-3-4{height: 450px}\n\n\n        \/* Tablet *\/\n    @media (max-width: 850px){\n      #banner-grid-2117070550 .grid-col-1{height: 400px}\n      #banner-grid-2117070550 .grid-col-1-2{height: 200px}\n      #banner-grid-2117070550 .grid-col-1-3{height:133.33333333333px}\n      #banner-grid-2117070550 .grid-col-2-3{height: 266.66666666667px}\n      #banner-grid-2117070550 .grid-col-1-4{height: 100px}\n      #banner-grid-2117070550 .grid-col-3-4{height: 300px}\n    }\n    \n        \/* Mobile *\/\n    @media (max-width: 550px){\n      #banner-grid-2117070550 .grid-col-1{height: 400px}\n      #banner-grid-2117070550 .grid-col-1-2{height: 200px}\n      #banner-grid-2117070550 .grid-col-1-3{height:133.33333333333px}\n      #banner-grid-2117070550 .grid-col-2-3{height: 266.66666666667px}\n      #banner-grid-2117070550 .grid-col-1-4{height: 100px}\n      #banner-grid-2117070550 .grid-col-3-4{height: 300px}\n    }\n    \n\n  <\/style>\n    <\/div>\n    <style>\n    #banner-grid-2117070550 .grid-col-1{height: 600px}\n    #banner-grid-2117070550 .grid-col-1-2{height: 300px}\n    #banner-grid-2117070550 .grid-col-1-3{height:200px}\n    #banner-grid-2117070550 .grid-col-2-3{height: 400px}\n    #banner-grid-2117070550 .grid-col-1-4{height: 150px}\n    #banner-grid-2117070550 .grid-col-3-4{height: 450px}\n\n\n    \n    \n\n  <\/style>\n    <\/div>\n  \n","protected":false},"excerpt":{"rendered":"<p><strong>Con C\u00f3 Th\u1ec3 T\u1ef1 B\u1ea3o V\u1ec7 M\u00ecnh &#8211; Con Kh\u00f4ng Bao Gi\u1edd \u0110i L\u1ea1c<\/strong><\/p>\n<p>\u201c X\u00e2m h\u1ea1i t\u00ecnh d\u1ee5c tr\u1ebb em\u201d, \u201cB\u1eaft c\u00f3c tr\u1ebb em\u201d v\u1eabn \u0111ang l\u00e0 t\u1eeb kh\u00f3a n\u00f3ng tr\u00ean nh\u1eefng trang m\u1ea1ng hi\u1ec7n nay. Ch\u00fang ta t\u1ef1 h\u1ecfi r\u1eb1ng, li\u1ec7u c\u00f3 ph\u1ea3i g\u1ea7n \u0111\u00e2y nh\u1eefng t\u1ed9i ph\u1ea1m \u1ea5u d\u00e2m, b\u1eaft c\u00f3c c\u00f3 xu h\u01b0\u1edbng t\u0103ng l\u00ean? Hay t\u1eeb x\u01b0a \u0111\u1ebfn nay ch\u00fang v\u1eabn di\u1ec5n ra nh\u01b0 th\u1ebf, ch\u1ec9 c\u00f3 kh\u00e1c ch\u0103ng th\u1eddi \u0111\u1ea1i n\u00e0y v\u1edbi s\u1ef1 lan truy\u1ec1n c\u1ee7a m\u1ea1ng x\u00e3 h\u1ed9i v\u00e0 t\u01b0 duy c\u1edfi m\u1edf h\u01a1n, nh\u1eefng th\u00f4ng tin \u1ea5y m\u1edbi \u0111\u01b0\u1ee3c \u0111\u1ebfn tai ch\u00fang ta?<\/p>\n<p>H\u1ecdc c\u00e1ch T\u1ef0 B\u1ea2O V\u1ec6 m\u00ecnh ch\u01b0a bao gi\u1edd l\u00e0 mu\u1ed9n!!!<\/p>\n<p>Cu\u1ed1n s\u00e1ch k\u1ec3 v\u1ec1 b\u1ea1n Lu v\u00e0 m\u1eb9 \u0111\u1ebfn m\u1ed9t th\u00e0nh ph\u1ed1 n\u1ecd \u0111\u1ec3 mua \u0111\u1ed3 d\u00f9ng. Khu ch\u1ee3 \u0111\u00f4ng ngh\u1ecbt ng\u01b0\u1eddi, khi\u1ebfn b\u1ea1n Lu b\u00e9 nh\u1ecf ch\u1ec9 c\u00f3 th\u1ec3 nh\u00ecn th\u1ea5y ch\u00e2n nh\u1eefng ng\u01b0\u1eddi xung quanh. Th\u1eadt may m\u1eafn l\u00e0 h\u00f4m nay m\u1eb9 l\u1ea1i m\u1eb7c m\u1ed9t chi\u1ebfc \u00e1o kho\u00e1c m\u00e0u \u0111\u1ecf, n\u1ed5i b\u1eadt \u0111\u1ebfn n\u1ed7i kh\u00f4ng ai c\u00f3 th\u1ec3 kh\u00f4ng nh\u00ecn ra. Khi \u0111i qua qu\u1ea7y hoa qu\u1ea3, Ly b\u1eaft g\u1eb7p m\u1ed9t c\u1eadu b\u00e9 \u0111i l\u1ea1c v\u00e0 n\u00f3i chuy\u1ec7n v\u1edbi c\u1eadu b\u00e9, tuy nhi\u00ean Lu c\u0169ng b\u1ecb \u0111i l\u1ea1c. B\u1eb1ng 6 quy t\u1eafc v\u00e0ng, Lu \u0111\u00e3 t\u00ecm l\u1ea1i \u0111\u01b0\u1ee3c m\u1eb9 v\u00e0 gi\u00fap c\u1eadu b\u1ea1n t\u00ecm \u0111\u01b0\u1ee3c gia \u0111\u00ecnh m\u00ecnh.<\/p>\n<p>\u0110\u1ed1i v\u1edbi cha m\u1eb9 v\u00e0 con c\u00e1i th\u00ec vi\u1ec7c \u0111i l\u1ea1c nhau gi\u1eefa \u0111\u00e1m \u0111\u00f4ng ch\u1eb3ng kh\u00e1c g\u00ec m\u1ed9t c\u01a1n \u00e1c m\u1ed9ng. N\u1ebfu b\u00e9 b\u1ecb \u0111i l\u1ea1c v\u00e0 ph\u1ea3i d\u1ef1a v\u00e0o s\u1ef1 gi\u00fap \u0111\u1ee1 c\u1ee7a ng\u01b0\u1eddi kh\u00e1c \u2013 nh\u1eefng ng\u01b0\u1eddi ho\u00e0n to\u00e0n xa l\u1ea1 &#8211; th\u00ec b\u00e9 s\u1ebd ph\u1ea3i l\u00e0m g\u00ec? B\u00e9 c\u00f3 th\u1ec3 tin t\u01b0\u1edfng nh\u1eefng ai? Cu\u1ed1n s\u00e1ch n\u00e0y s\u1ebd cung c\u1ea5p cho cha m\u1eb9 v\u00e0 c\u00e1c em nh\u1eefng l\u1eddi khuy\u00ean b\u1ed5 \u00edch v\u1ec1 c\u00e1c c\u00e1ch x\u1eed l\u00ed trong t\u00ecnh hu\u1ed1ng \u1ea5y.<\/p>\n","protected":false},"featured_media":1815,"template":"","meta":{"_acf_changed":false},"product_brand":[],"product_cat":[25,19,17,26],"product_tag":[],"class_list":{"0":"post-1824","1":"product","2":"type-product","3":"status-publish","4":"has-post-thumbnail","6":"product_cat-nhi-dong-6-tuoi-12-tuoi","7":"product_cat-nuoi-day-con","8":"product_cat-sach-danh-cho-cac-be","9":"product_cat-thieu-nien-11-tuoi-18-tuoi","11":"first","12":"instock","13":"taxable","14":"shipping-taxable","15":"purchasable","16":"product-type-simple"},"supplier_id":null,"supplier_sku":"","barcode":null,"atum_controlled":true,"out_stock_date":null,"out_stock_threshold":null,"inheritable":false,"inbound_stock":0,"stock_on_hold":0,"sold_today":0,"sales_last_days":0,"reserved_stock":0,"customer_returns":0,"warehouse_damage":0,"lost_in_post":0,"other_logs":0,"out_stock_days":0,"lost_sales":0,"has_location":false,"update_date":"2026-01-28T23:11:20","atum_locations":[],"atum_stock_status":"instock","restock_status":false,"low_stock_amount":"","sales_update_date":"2026-01-28T23:11:20","calc_backorders":null,"acf":{"publisher":{"ID":1785,"post_author":"1","post_date":"2021-02-17 01:54:46","post_date_gmt":"2021-02-16 23:54:46","post_content":"<!-- wp:flatsome\/uxbuilder -->\n<h1 style=\"text-align: center;\"><strong>AZ VIETNAM<\/strong><\/h1>\n[row]\n\n[col span=\"8\" span__sm=\"12\"]\n\n<p>Th\u00e0nh l\u1eadp n\u0103m: 2015<br \/>V\u1ed1n \u0111\u1ea7u t\u01b0: 4,000,000,000 \u0111\u1ed3ng<br \/><strong>L\u0129nh v\u1ef1c:<\/strong><br \/>- Xu\u1ea5t b\u1ea3n v\u00e0 ph\u00e1t h\u00e0nh v\u0103n h\u00f3a ph\u1ea9m<br \/>- Cung c\u1ea5p v\u0103n h\u00f3a ph\u1ea9m, c\u00e1c s\u1ea3n ph\u1ea9m cho in \u1ea5n, trang thi\u1ebft b\u1ecb cho c\u00e1c th\u01b0 vi\u1ec7n v\u00e0 trung t\u00e2m s\u00e1ch tr\u00ean c\u1ea3 n\u01b0\u1edbc.<br \/>- Th\u1eddi trang v\u00e0 c\u00e1c s\u1ea3n ph\u1ea9m li\u00ean quan \u0111\u1ebfn l\u0129nh v\u1ef1c th\u1eddi trang<br \/>- Xu\u1ea5t nh\u1eadp kh\u1ea9u c\u00e1c s\u1ea3n ph\u1ea9m v\u0103n h\u00f3a<\/p>\n<p><strong>Quy m\u00f4:<\/strong> 60 nh\u00e2n vi\u00ean<br \/>Kh\u1edfi ngu\u1ed3n c\u1ee7a AZ Vi\u1ec7t Nam ng\u00e0y nay l\u00e0 C\u00f4ng ty TNHH Trung t\u00e2m S\u00e1ch v\u00e0 Thi\u1ebft b\u1ecb Th\u01b0 vi\u1ec7n, v\u1edbi ho\u1ea1t \u0111\u1ed9ng \u0111\u1ea7u ti\u00ean l\u00e0 cung c\u1ea5p s\u00e1ch, trang thi\u1ebft b\u1ecb, v\u0103n h\u00f3a ph\u1ea9m cho c\u00e1c th\u01b0 vi\u1ec7n v\u00e0 trung t\u00e2m s\u00e1ch tr\u00ean c\u1ea3 n\u01b0\u1edbc. T\u1eeb cu\u1ed1i n\u0103m 2010 \u0111\u1ebfn nay, ch\u00fang t\u00f4i \u0111\u00e3 kh\u00f4ng ng\u1eebng n\u1ed7 l\u1ef1c khai ph\u00e1 v\u00e0 ph\u00e1t tri\u1ec3n c\u00e1c d\u00f2ng s\u1ea3n ph\u1ea9m m\u1edbi v\u1edbi 8 th\u01b0\u01a1ng hi\u1ec7u uy t\u00edn. \u0110\u1ec3 \u0111\u00e1p \u1ee9ng nhu c\u1ea7u ph\u00e1t tri\u1ec3n ng\u00e0y m\u1ed9t l\u1edbn m\u1ea1nh v\u00e0 t\u1eadp h\u1ee3p c\u00e1c th\u01b0\u01a1ng hi\u1ec7u \u0111\u00e3 \u0111\u01b0\u1ee3c ch\u00fang t\u00f4i x\u00e2y d\u1ef1ng, 2015 C\u00f4ng ty TNHH AZ Vi\u1ec7t Nam \u0111\u00e3 ra \u0111\u1eddi v\u1edbi s\u1ee9 m\u1ec7nh mang \u0111\u1ebfn nhi\u1ec1u h\u01a1n n\u1eefa nh\u1eefng gi\u00e1 tr\u1ecb tinh th\u1ea7n, tri th\u1ee9c ti\u00ean ti\u1ebfn cho ng\u01b0\u1eddi ti\u00eau d\u00f9ng b\u1eb1ng vi\u1ec7c cung c\u1ea5p nh\u1eefng s\u1ea3n ph\u1ea9m c\u00f3 ch\u1ea5t l\u01b0\u1ee3ng.<\/p>\n\n[\/col]\n[col span=\"4\" span__sm=\"12\"]\n\n[ux_image id=\"1836\" image_size=\"medium\"]\n\n\n[\/col]\n\n[\/row]\n\n<!-- \/wp:flatsome\/uxbuilder -->","post_title":"AZ Vi\u1ec7t Nam","post_excerpt":"","post_status":"publish","comment_status":"closed","ping_status":"closed","post_password":"","post_name":"az-viet-nam","to_ping":"","pinged":"","post_modified":"2021-02-17 22:07:10","post_modified_gmt":"2021-02-17 20:07:10","post_content_filtered":"","post_parent":0,"guid":"https:\/\/sachviet.eu\/nha-phat-hanh\/az-viet-nam\/","menu_order":0,"post_type":"publisher","post_mime_type":"","comment_count":"0","filter":"raw"}},"_links":{"self":[{"href":"https:\/\/sachviet.eu\/en\/wp-json\/wp\/v2\/product\/1824","targetHints":{"allow":["GET"]}}],"collection":[{"href":"https:\/\/sachviet.eu\/en\/wp-json\/wp\/v2\/product"}],"about":[{"href":"https:\/\/sachviet.eu\/en\/wp-json\/wp\/v2\/types\/product"}],"wp:featuredmedia":[{"embeddable":true,"href":"https:\/\/sachviet.eu\/en\/wp-json\/wp\/v2\/media\/1815"}],"wp:attachment":[{"href":"https:\/\/sachviet.eu\/en\/wp-json\/wp\/v2\/media?parent=1824"}],"wp:term":[{"taxonomy":"product_brand","embeddable":true,"href":"https:\/\/sachviet.eu\/en\/wp-json\/wp\/v2\/product_brand?post=1824"},{"taxonomy":"product_cat","embeddable":true,"href":"https:\/\/sachviet.eu\/en\/wp-json\/wp\/v2\/product_cat?post=1824"},{"taxonomy":"product_tag","embeddable":true,"href":"https:\/\/sachviet.eu\/en\/wp-json\/wp\/v2\/product_tag?post=1824"}],"curies":[{"name":"wp","href":"https:\/\/api.w.org\/{rel}","templated":true}]}}