{"id":1814,"date":"2021-02-17T01:56:14","date_gmt":"2021-02-16T23:56:14","guid":{"rendered":"https:\/\/sachviet.eu\/shop\/con-co-the-tu-bao-ve-minh-con-khong-bao-gio-di-cung-nguoi-la\/"},"modified":"2024-08-12T10:12:14","modified_gmt":"2024-08-12T07:12:14","slug":"con-co-the-tu-bao-ve-minh-con-khong-bao-gio-di-cung-nguoi-la","status":"publish","type":"product","link":"https:\/\/sachviet.eu\/en\/shop\/con-co-the-tu-bao-ve-minh-con-khong-bao-gio-di-cung-nguoi-la\/","title":{"rendered":"Con c\u00f3 th\u1ec3 t\u1ef1 b\u1ea3o v\u1ec7 m\u00ecnh &#8211; Con kh\u00f4ng bao gi\u1edd \u0111i c\u00f9ng ng\u01b0\u1eddi l\u1ea1"},"content":{"rendered":"<p>Gi\u1edd tan tr\u01b0\u1eddng, trong khi h\u1ea7u h\u1ebft c\u00e1c b\u1ea1n nh\u1ecf \u0111\u1ec1u \u0111\u01b0\u1ee3c \u0111\u00f3n v\u1ec1 ch\u1ec9 c\u00f2n m\u00ecnh Lu \u0111\u1ee9ng tr\u01b0\u1edbc c\u1eeda ch\u1edd \u0111\u1ee3i. Lu g\u1eb7p nh\u1eefng ng\u01b0\u1eddi quen \u0111\u1ec1 ngh\u1ecb \u0111\u01b0a Lu v\u1ec1 nh\u01b0ng Lu \u0111\u00e3 t\u1eeb ch\u1ed1i. V\u00ec sao v\u1eady? B\u1edfi Lu kh\u00f4ng h\u1ec1 bi\u1ebft h\u1ebft t\u1ea5t c\u1ea3 m\u1ecdi th\u00f4ng tin v\u1ec1 h\u1ecd v\u00e0 Lu ch\u1ec9 \u0111\u01b0\u1ee3c ph\u00e9p \u0111i c\u00f9ng nh\u1eefng ng\u01b0\u1eddi c\u00f3 trong danh s\u00e1ch cha m\u1eb9 cho ph\u00e9p.<\/p>\n<p>L\u1ea1m d\u1ee5ng tr\u1ebb em di\u1ec5n ra ch\u1ee7 y\u1ebfu l\u00e0 m\u00f4i tr\u01b0\u1eddng g\u1ea7n g\u0169i v\u1edbi tr\u1ebb. Do \u0111\u00f3, \u0111i\u1ec1u quan tr\u1ecdng l\u00e0 l\u00e0m cho tr\u1ebb hi\u1ec3u r\u1eb1ng ch\u1ec9 \u0111\u01b0\u1ee3c ph\u00e9p \u0111i c\u00f9ng v\u1edbi nh\u1eefng ng\u01b0\u1eddi \u0111\u01b0\u1ee3c cha m\u1eb9 d\u1eb7n d\u00f2 t\u1eeb tr\u01b0\u1edbc v\u00e0 ph\u1ea3i c\u1ea9n th\u1eadn th\u1eadm ch\u00ed c\u1ea3 v\u1edbi nh\u1eefng ng\u01b0\u1eddi quen bi\u1ebft xung quanh tr\u1ebb.<\/p>\n<p>B\u1eb1ng nh\u1eefng c\u00e2u chuy\u1ec7n \u0111\u01b0\u1ee3c chia s\u1ebb, ta th\u1ea5y r\u1eb1ng : kh\u00f4ng c\u00f3 n\u01a1i n\u00e0o tr\u00ean th\u1ebf gi\u1edbi n\u00e0y an to\u00e0n b\u1eb1ng v\u00f2ng tay v\u00e0 c\u00e1ch gi\u00e1o d\u1ee5c s\u00e1ng su\u1ed1t c\u1ee7a cha m\u1eb9. H\u00e3y gi\u00fap con h\u1ecdc c\u00e1ch T\u1ef0 B\u1ea2O V\u1ec6 m\u00ecnh cha m\u1eb9 nh\u00e9.  <div class=\"banner-grid-wrapper\">\n  <div id=\"banner-grid-1569919615\" class=\"banner-grid row row-grid row-small\" data-packery-options=\"\">\n            <style>\n    #banner-grid-1569919615 .grid-col-1{height: 600px}\n    #banner-grid-1569919615 .grid-col-1-2{height: 300px}\n    #banner-grid-1569919615 .grid-col-1-3{height:200px}\n    #banner-grid-1569919615 .grid-col-2-3{height: 400px}\n    #banner-grid-1569919615 .grid-col-1-4{height: 150px}\n    #banner-grid-1569919615 .grid-col-3-4{height: 450px}\n\n\n        \/* Tablet *\/\n    @media (max-width: 850px){\n      #banner-grid-1569919615 .grid-col-1{height: 400px}\n      #banner-grid-1569919615 .grid-col-1-2{height: 200px}\n      #banner-grid-1569919615 .grid-col-1-3{height:133.33333333333px}\n      #banner-grid-1569919615 .grid-col-2-3{height: 266.66666666667px}\n      #banner-grid-1569919615 .grid-col-1-4{height: 100px}\n      #banner-grid-1569919615 .grid-col-3-4{height: 300px}\n    }\n    \n        \/* Mobile *\/\n    @media (max-width: 550px){\n      #banner-grid-1569919615 .grid-col-1{height: 400px}\n      #banner-grid-1569919615 .grid-col-1-2{height: 200px}\n      #banner-grid-1569919615 .grid-col-1-3{height:133.33333333333px}\n      #banner-grid-1569919615 .grid-col-2-3{height: 266.66666666667px}\n      #banner-grid-1569919615 .grid-col-1-4{height: 100px}\n      #banner-grid-1569919615 .grid-col-3-4{height: 300px}\n    }\n    \n\n  <\/style>\n    <\/div>\n    <style>\n    #banner-grid-1569919615 .grid-col-1{height: 600px}\n    #banner-grid-1569919615 .grid-col-1-2{height: 300px}\n    #banner-grid-1569919615 .grid-col-1-3{height:200px}\n    #banner-grid-1569919615 .grid-col-2-3{height: 400px}\n    #banner-grid-1569919615 .grid-col-1-4{height: 150px}\n    #banner-grid-1569919615 .grid-col-3-4{height: 450px}\n\n\n    \n    \n\n  <\/style>\n    <\/div>\n  \n","protected":false},"excerpt":{"rendered":"<p>Gi\u1edd tan tr\u01b0\u1eddng, trong khi h\u1ea7u h\u1ebft c\u00e1c b\u1ea1n nh\u1ecf \u0111\u1ec1u \u0111\u01b0\u1ee3c \u0111\u00f3n v\u1ec1 ch\u1ec9 c\u00f2n m\u00ecnh Lu \u0111\u1ee9ng tr\u01b0\u1edbc c\u1eeda ch\u1edd \u0111\u1ee3i. Lu g\u1eb7p nh\u1eefng ng\u01b0\u1eddi quen \u0111\u1ec1 ngh\u1ecb \u0111\u01b0a Lu v\u1ec1 nh\u01b0ng Lu \u0111\u00e3 t\u1eeb ch\u1ed1i. V\u00ec sao v\u1eady? B\u1edfi Lu kh\u00f4ng h\u1ec1 bi\u1ebft h\u1ebft t\u1ea5t c\u1ea3 m\u1ecdi th\u00f4ng tin v\u1ec1 h\u1ecd v\u00e0 Lu ch\u1ec9 \u0111\u01b0\u1ee3c ph\u00e9p \u0111i c\u00f9ng nh\u1eefng ng\u01b0\u1eddi c\u00f3 trong danh s\u00e1ch cha m\u1eb9 cho ph\u00e9p.<\/p>\n<p>L\u1ea1m d\u1ee5ng tr\u1ebb em di\u1ec5n ra ch\u1ee7 y\u1ebfu l\u00e0 m\u00f4i tr\u01b0\u1eddng g\u1ea7n g\u0169i v\u1edbi tr\u1ebb. Do \u0111\u00f3, \u0111i\u1ec1u quan tr\u1ecdng l\u00e0 l\u00e0m cho tr\u1ebb hi\u1ec3u r\u1eb1ng ch\u1ec9 \u0111\u01b0\u1ee3c ph\u00e9p \u0111i c\u00f9ng v\u1edbi nh\u1eefng ng\u01b0\u1eddi \u0111\u01b0\u1ee3c cha m\u1eb9 d\u1eb7n d\u00f2 t\u1eeb tr\u01b0\u1edbc v\u00e0 ph\u1ea3i c\u1ea9n th\u1eadn th\u1eadm ch\u00ed c\u1ea3 v\u1edbi nh\u1eefng ng\u01b0\u1eddi quen bi\u1ebft xung quanh tr\u1ebb.<\/p>\n<p>B\u1eb1ng nh\u1eefng c\u00e2u chuy\u1ec7n \u0111\u01b0\u1ee3c chia s\u1ebb, ta th\u1ea5y r\u1eb1ng : kh\u00f4ng c\u00f3 n\u01a1i n\u00e0o tr\u00ean th\u1ebf gi\u1edbi n\u00e0y an to\u00e0n b\u1eb1ng v\u00f2ng tay v\u00e0 c\u00e1ch gi\u00e1o d\u1ee5c s\u00e1ng su\u1ed1t c\u1ee7a cha m\u1eb9. H\u00e3y gi\u00fap con h\u1ecdc c\u00e1ch T\u1ef0 B\u1ea2O V\u1ec6 m\u00ecnh cha m\u1eb9 nh\u00e9.<\/p>\n","protected":false},"featured_media":1804,"template":"","meta":{"_acf_changed":false},"product_brand":[],"product_cat":[25,19,17,26],"product_tag":[],"class_list":{"0":"post-1814","1":"product","2":"type-product","3":"status-publish","4":"has-post-thumbnail","6":"product_cat-nhi-dong-6-tuoi-12-tuoi","7":"product_cat-nuoi-day-con","8":"product_cat-sach-danh-cho-cac-be","9":"product_cat-thieu-nien-11-tuoi-18-tuoi","11":"first","12":"instock","13":"taxable","14":"shipping-taxable","15":"purchasable","16":"product-type-simple"},"supplier_id":null,"supplier_sku":"","barcode":null,"atum_controlled":true,"out_stock_date":null,"out_stock_threshold":null,"inheritable":false,"inbound_stock":0,"stock_on_hold":0,"sold_today":0,"sales_last_days":0,"reserved_stock":0,"customer_returns":0,"warehouse_damage":0,"lost_in_post":0,"other_logs":0,"out_stock_days":0,"lost_sales":0,"has_location":false,"update_date":"2026-01-28T23:11:20","atum_locations":[],"atum_stock_status":"instock","restock_status":false,"low_stock_amount":"","sales_update_date":"2026-01-28T23:11:20","calc_backorders":null,"acf":{"publisher":{"ID":1785,"post_author":"1","post_date":"2021-02-17 01:54:46","post_date_gmt":"2021-02-16 23:54:46","post_content":"<!-- wp:flatsome\/uxbuilder -->\n<h1 style=\"text-align: center;\"><strong>AZ VIETNAM<\/strong><\/h1>\n[row]\n\n[col span=\"8\" span__sm=\"12\"]\n\n<p>Th\u00e0nh l\u1eadp n\u0103m: 2015<br \/>V\u1ed1n \u0111\u1ea7u t\u01b0: 4,000,000,000 \u0111\u1ed3ng<br \/><strong>L\u0129nh v\u1ef1c:<\/strong><br \/>- Xu\u1ea5t b\u1ea3n v\u00e0 ph\u00e1t h\u00e0nh v\u0103n h\u00f3a ph\u1ea9m<br \/>- Cung c\u1ea5p v\u0103n h\u00f3a ph\u1ea9m, c\u00e1c s\u1ea3n ph\u1ea9m cho in \u1ea5n, trang thi\u1ebft b\u1ecb cho c\u00e1c th\u01b0 vi\u1ec7n v\u00e0 trung t\u00e2m s\u00e1ch tr\u00ean c\u1ea3 n\u01b0\u1edbc.<br \/>- Th\u1eddi trang v\u00e0 c\u00e1c s\u1ea3n ph\u1ea9m li\u00ean quan \u0111\u1ebfn l\u0129nh v\u1ef1c th\u1eddi trang<br \/>- Xu\u1ea5t nh\u1eadp kh\u1ea9u c\u00e1c s\u1ea3n ph\u1ea9m v\u0103n h\u00f3a<\/p>\n<p><strong>Quy m\u00f4:<\/strong> 60 nh\u00e2n vi\u00ean<br \/>Kh\u1edfi ngu\u1ed3n c\u1ee7a AZ Vi\u1ec7t Nam ng\u00e0y nay l\u00e0 C\u00f4ng ty TNHH Trung t\u00e2m S\u00e1ch v\u00e0 Thi\u1ebft b\u1ecb Th\u01b0 vi\u1ec7n, v\u1edbi ho\u1ea1t \u0111\u1ed9ng \u0111\u1ea7u ti\u00ean l\u00e0 cung c\u1ea5p s\u00e1ch, trang thi\u1ebft b\u1ecb, v\u0103n h\u00f3a ph\u1ea9m cho c\u00e1c th\u01b0 vi\u1ec7n v\u00e0 trung t\u00e2m s\u00e1ch tr\u00ean c\u1ea3 n\u01b0\u1edbc. T\u1eeb cu\u1ed1i n\u0103m 2010 \u0111\u1ebfn nay, ch\u00fang t\u00f4i \u0111\u00e3 kh\u00f4ng ng\u1eebng n\u1ed7 l\u1ef1c khai ph\u00e1 v\u00e0 ph\u00e1t tri\u1ec3n c\u00e1c d\u00f2ng s\u1ea3n ph\u1ea9m m\u1edbi v\u1edbi 8 th\u01b0\u01a1ng hi\u1ec7u uy t\u00edn. \u0110\u1ec3 \u0111\u00e1p \u1ee9ng nhu c\u1ea7u ph\u00e1t tri\u1ec3n ng\u00e0y m\u1ed9t l\u1edbn m\u1ea1nh v\u00e0 t\u1eadp h\u1ee3p c\u00e1c th\u01b0\u01a1ng hi\u1ec7u \u0111\u00e3 \u0111\u01b0\u1ee3c ch\u00fang t\u00f4i x\u00e2y d\u1ef1ng, 2015 C\u00f4ng ty TNHH AZ Vi\u1ec7t Nam \u0111\u00e3 ra \u0111\u1eddi v\u1edbi s\u1ee9 m\u1ec7nh mang \u0111\u1ebfn nhi\u1ec1u h\u01a1n n\u1eefa nh\u1eefng gi\u00e1 tr\u1ecb tinh th\u1ea7n, tri th\u1ee9c ti\u00ean ti\u1ebfn cho ng\u01b0\u1eddi ti\u00eau d\u00f9ng b\u1eb1ng vi\u1ec7c cung c\u1ea5p nh\u1eefng s\u1ea3n ph\u1ea9m c\u00f3 ch\u1ea5t l\u01b0\u1ee3ng.<\/p>\n\n[\/col]\n[col span=\"4\" span__sm=\"12\"]\n\n[ux_image id=\"1836\" image_size=\"medium\"]\n\n\n[\/col]\n\n[\/row]\n\n<!-- \/wp:flatsome\/uxbuilder -->","post_title":"AZ Vi\u1ec7t Nam","post_excerpt":"","post_status":"publish","comment_status":"closed","ping_status":"closed","post_password":"","post_name":"az-viet-nam","to_ping":"","pinged":"","post_modified":"2021-02-17 22:07:10","post_modified_gmt":"2021-02-17 20:07:10","post_content_filtered":"","post_parent":0,"guid":"https:\/\/sachviet.eu\/nha-phat-hanh\/az-viet-nam\/","menu_order":0,"post_type":"publisher","post_mime_type":"","comment_count":"0","filter":"raw"}},"_links":{"self":[{"href":"https:\/\/sachviet.eu\/en\/wp-json\/wp\/v2\/product\/1814","targetHints":{"allow":["GET"]}}],"collection":[{"href":"https:\/\/sachviet.eu\/en\/wp-json\/wp\/v2\/product"}],"about":[{"href":"https:\/\/sachviet.eu\/en\/wp-json\/wp\/v2\/types\/product"}],"wp:featuredmedia":[{"embeddable":true,"href":"https:\/\/sachviet.eu\/en\/wp-json\/wp\/v2\/media\/1804"}],"wp:attachment":[{"href":"https:\/\/sachviet.eu\/en\/wp-json\/wp\/v2\/media?parent=1814"}],"wp:term":[{"taxonomy":"product_brand","embeddable":true,"href":"https:\/\/sachviet.eu\/en\/wp-json\/wp\/v2\/product_brand?post=1814"},{"taxonomy":"product_cat","embeddable":true,"href":"https:\/\/sachviet.eu\/en\/wp-json\/wp\/v2\/product_cat?post=1814"},{"taxonomy":"product_tag","embeddable":true,"href":"https:\/\/sachviet.eu\/en\/wp-json\/wp\/v2\/product_tag?post=1814"}],"curies":[{"name":"wp","href":"https:\/\/api.w.org\/{rel}","templated":true}]}}