{"id":18026,"date":"2022-04-09T23:56:13","date_gmt":"2022-04-09T20:56:13","guid":{"rendered":"https:\/\/sachviet.eu\/shop\/khong-co-kiep-sau-tap-2\/"},"modified":"2022-12-19T18:12:42","modified_gmt":"2022-12-19T16:12:42","slug":"khong-co-kiep-sau-tap-2","status":"publish","type":"product","link":"https:\/\/sachviet.eu\/en\/shop\/khong-co-kiep-sau-tap-2\/","title":{"rendered":"Kh\u00f4ng C\u00f3 Ki\u1ebfp Sau &#8211; T\u1eadp 2"},"content":{"rendered":"<p>Trong th\u1ebf gi\u1edbi t\u01b0\u01a1ng lai gi\u1ea3 t\u01b0\u1edfng, \u0111\u1ec3 tr\u00e1nh kh\u1ecfi nguy c\u01a1 b\u1ecb ti\u00eau h\u1ee7y, m\u1ed9t nh\u00f3m ng\u01b0\u1eddi m\u00e1y c\u00f9ng nhau b\u1ecf tr\u1ed1n, ch\u1ea1y t\u1edbi m\u1ed9t c\u1ea5m \u0111\u1ecba mang t\u00ean L\u0103ng m\u1ed9 Ho\u00e0ng \u0111\u1ebf bi\u1ec3n Ch\u1ebft. V\u00e0o nh\u1eefng ph\u00fat cu\u1ed1i c\u00f9ng c\u1ee7a sinh m\u1ec7nh ng\u01b0\u1eddi m\u00e1y, M\u1ee5c C\u0103n &#8211; ng\u01b0\u1eddi duy nh\u1ea5t tr\u00ean h\u00e0nh tinh \u1ea5y, \u0111\u00e3 dang tay c\u1ee9u gi\u00fap h\u1ecd.<\/p>\n<p>Tr\u00ean \u0111\u01b0\u1eddng \u0111i nh\u1eadp h\u1ecdc, \u201cgia \u0111\u00ecnh nh\u1ecf\u201d c\u1ee7a M\u1ee5c C\u0103n l\u1ea1i k\u1ebft n\u1ea1p th\u00eam hai th\u00e0nh vi\u00ean m\u1edbi l\u00e0 Olivia v\u00e0 Manh Manh! V\u00e0 th\u1ebf l\u00e0 c\u00e2u chuy\u1ec7n c\u1ee7a gia \u0111\u00ecnh ng\u01b0\u1eddi-m\u00e1y b\u1eaft \u0111\u1ea7u!<\/p>\n<p>Con n\u00f3i r\u1eb1ng mu\u1ed1n c\u00f3 \u00e1nh s\u00e1ng, v\u1eady n\u00ean th\u1ebf gi\u1edbi n\u00e0y li\u1ec1n c\u00f3 \u00e1nh s\u00e1ng.<\/p>\n<p>\u2026 T\u1eeb nay v\u1ec1 sau, th\u1ebf gi\u1edbi c\u1ee7a ta t\u1ed3n t\u1ea1i v\u00ec con.<\/p>\n<p>\u0110\u00f4i n\u00e9t t\u00e1c gi\u1ea3<\/p>\n<p>Nguy\u1ec7t H\u1ea1 Tang<\/p>\n<p>Th\u00edch ng\u1eafm \u0111\u1ed3 \u0111\u1eb9p, th\u00edch \u0111\u1ecdc truy\u1ec7n kinh d\u1ecb, xem phim kinh d\u1ecb, ti\u1ec3u thuy\u1ebft trinh th\u00e1m.<\/p>\n<p>\u201cL\u00fac nh\u00e0m ch\u00e1n th\u00edch vi\u1ebft l\u00e1ch m\u1ed9t ch\u00fat, thay th\u1ebf cho th\u1eddi gian vi\u1ebft nh\u1eadt k\u00fd tr\u01b0\u1edbc l\u00fac \u0111i ng\u1ee7, k\u1ec3 cho b\u1ea3n th\u00e2n m\u1ed9t c\u00e2u chuy\u1ec7n, c\u0169ng k\u1ec3 cho m\u1ecdi ng\u01b0\u1eddi m\u1ed9t c\u00e2u chuy\u1ec7n m\u00e0 th\u00f4i. T\u00e2m tr\u1ea1ng kh\u00e1c nhau k\u1ec3 \u0111\u01b0\u1ee3c nh\u1eefng c\u00e2u chuy\u1ec7n kh\u00e1c nhau.\u201d<\/p>\n<p>T\u00e1c ph\u1ea9m ti\u00eau bi\u1ec3u: Ch\u1edd hoa nguy\u00ean so\u00e1i n\u1edf, Ma v\u01b0\u01a1ng (t\u1ea1m d\u1ecbch), Nguy\u00ean th\u1ee7y t\u00e1i lai (t\u1ea1m d\u1ecbch),\u2026<\/p>\n","protected":false},"excerpt":{"rendered":"<p>Trong th\u1ebf gi\u1edbi t\u01b0\u01a1ng lai gi\u1ea3 t\u01b0\u1edfng, \u0111\u1ec3 tr\u00e1nh kh\u1ecfi nguy c\u01a1 b\u1ecb ti\u00eau h\u1ee7y, m\u1ed9t nh\u00f3m ng\u01b0\u1eddi m\u00e1y c\u00f9ng nhau b\u1ecf tr\u1ed1n, ch\u1ea1y t\u1edbi m\u1ed9t c\u1ea5m \u0111\u1ecba mang t\u00ean L\u0103ng m\u1ed9 Ho\u00e0ng \u0111\u1ebf bi\u1ec3n Ch\u1ebft. V\u00e0o nh\u1eefng ph\u00fat cu\u1ed1i c\u00f9ng c\u1ee7a sinh m\u1ec7nh ng\u01b0\u1eddi m\u00e1y, M\u1ee5c C\u0103n &#8211; ng\u01b0\u1eddi duy nh\u1ea5t tr\u00ean h\u00e0nh tinh \u1ea5y, \u0111\u00e3 dang tay c\u1ee9u gi\u00fap h\u1ecd.<\/p>\n<p>Tr\u00ean \u0111\u01b0\u1eddng \u0111i nh\u1eadp h\u1ecdc, \u201cgia \u0111\u00ecnh nh\u1ecf\u201d c\u1ee7a M\u1ee5c C\u0103n l\u1ea1i k\u1ebft n\u1ea1p th\u00eam hai th\u00e0nh vi\u00ean m\u1edbi l\u00e0 Olivia v\u00e0 Manh Manh! V\u00e0 th\u1ebf l\u00e0 c\u00e2u chuy\u1ec7n c\u1ee7a gia \u0111\u00ecnh ng\u01b0\u1eddi-m\u00e1y b\u1eaft \u0111\u1ea7u!<\/p>\n<p>Con n\u00f3i r\u1eb1ng mu\u1ed1n c\u00f3 \u00e1nh s\u00e1ng, v\u1eady n\u00ean th\u1ebf gi\u1edbi n\u00e0y li\u1ec1n c\u00f3 \u00e1nh s\u00e1ng.<\/p>\n<p>\u2026 T\u1eeb nay v\u1ec1 sau, th\u1ebf gi\u1edbi c\u1ee7a ta t\u1ed3n t\u1ea1i v\u00ec con.<\/p>\n","protected":false},"featured_media":18025,"template":"","meta":{"_acf_changed":false},"product_brand":[],"product_cat":[73,15],"product_tag":[],"class_list":{"0":"post-18026","1":"product","2":"type-product","3":"status-publish","4":"has-post-thumbnail","6":"product_cat-dam-my-ngon-tinh","7":"product_cat-sach-danh-cho-nguoi-lon","9":"first","10":"outofstock","11":"taxable","12":"shipping-taxable","13":"purchasable","14":"product-type-simple"},"supplier_id":null,"supplier_sku":"","barcode":null,"atum_controlled":true,"out_stock_date":"2022-12-19 12:58:25","out_stock_threshold":null,"inheritable":false,"inbound_stock":0,"stock_on_hold":0,"sold_today":0,"sales_last_days":0,"reserved_stock":null,"customer_returns":null,"warehouse_damage":null,"lost_in_post":null,"other_logs":null,"out_stock_days":1136,"lost_sales":0,"has_location":null,"update_date":"2026-01-28T23:11:02","atum_locations":[{"id":32,"name":"Helsinki","slug":"helsinki"}],"atum_stock_status":"outofstock","restock_status":false,"low_stock_amount":"","sales_update_date":"2026-01-28T23:11:02","calc_backorders":null,"acf":{"publisher":{"ID":15105,"post_author":"1","post_date":"2021-08-04 14:52:19","post_date_gmt":"2021-08-04 11:52:19","post_content":"","post_title":"C\u1ea9m Phong Books","post_excerpt":"","post_status":"publish","comment_status":"closed","ping_status":"closed","post_password":"","post_name":"cam-phong-books","to_ping":"","pinged":"","post_modified":"2021-08-04 14:52:19","post_modified_gmt":"2021-08-04 11:52:19","post_content_filtered":"","post_parent":0,"guid":"https:\/\/sachviet.eu\/nha-phat-hanh\/cam-phong-books\/","menu_order":0,"post_type":"publisher","post_mime_type":"","comment_count":"0","filter":"raw"}},"_links":{"self":[{"href":"https:\/\/sachviet.eu\/en\/wp-json\/wp\/v2\/product\/18026","targetHints":{"allow":["GET"]}}],"collection":[{"href":"https:\/\/sachviet.eu\/en\/wp-json\/wp\/v2\/product"}],"about":[{"href":"https:\/\/sachviet.eu\/en\/wp-json\/wp\/v2\/types\/product"}],"wp:featuredmedia":[{"embeddable":true,"href":"https:\/\/sachviet.eu\/en\/wp-json\/wp\/v2\/media\/18025"}],"wp:attachment":[{"href":"https:\/\/sachviet.eu\/en\/wp-json\/wp\/v2\/media?parent=18026"}],"wp:term":[{"taxonomy":"product_brand","embeddable":true,"href":"https:\/\/sachviet.eu\/en\/wp-json\/wp\/v2\/product_brand?post=18026"},{"taxonomy":"product_cat","embeddable":true,"href":"https:\/\/sachviet.eu\/en\/wp-json\/wp\/v2\/product_cat?post=18026"},{"taxonomy":"product_tag","embeddable":true,"href":"https:\/\/sachviet.eu\/en\/wp-json\/wp\/v2\/product_tag?post=18026"}],"curies":[{"name":"wp","href":"https:\/\/api.w.org\/{rel}","templated":true}]}}