{"id":18024,"date":"2022-04-09T23:56:07","date_gmt":"2022-04-09T20:56:07","guid":{"rendered":"https:\/\/sachviet.eu\/shop\/combo-12-cuon-truyen-tranh-thieu-nhi-lien-xo\/"},"modified":"2022-12-19T18:12:49","modified_gmt":"2022-12-19T16:12:49","slug":"combo-12-cuon-truyen-tranh-thieu-nhi-lien-xo","status":"publish","type":"product","link":"https:\/\/sachviet.eu\/en\/shop\/combo-12-cuon-truyen-tranh-thieu-nhi-lien-xo\/","title":{"rendered":"Combo 12 cu\u1ed1n truy\u1ec7n tranh thi\u1ebfu nhi Li\u00ean X\u00f4"},"content":{"rendered":"<p>C\u00f9ng tr\u1ebb kh\u00e1m ph\u00e1 th\u1ebf gi\u1edbi<br \/>\nTrong n\u1eeda cu\u1ed1i th\u1ebf k\u1ef7 XX, nh\u1edd s\u1ef1 vi\u1ec7n tr\u1ee3 v\u0103n ho\u00e1 c\u1ee7a Li\u00ean X\u00f4, tr\u1ebb em Vi\u1ec7t Nam \u0111\u00e3 \u0111\u01b0\u1ee3c \u0111\u1ecdc nhi\u1ec1u t\u00e1c ph\u1ea9m thi\u1ebfu nhi, \u0111\u1eb7c bi\u1ec7t l\u00e0 c\u00e1c cu\u1ed1n truy\u1ec7n tranh. Truy\u1ec7n tranh Li\u00ean X\u00f4 l\u00e0 k\u1ef7 ni\u1ec7m tu\u1ed5i th\u01a1 \u0111\u1eb9p \u0111\u1ebd, g\u00f3p ph\u1ea7n nu\u00f4i l\u1edbn t\u00e2m h\u1ed3n nhi\u1ec1u th\u1ebf h\u1ec7 ng\u01b0\u1eddi Vi\u1ec7t b\u1edfi t\u00ednh gi\u00e1o d\u1ee5c s\u00e2u s\u1eafc t\u1eeb con ng\u01b0\u1eddi v\u00e0 t\u00e2m h\u1ed3n Li\u00ean X\u00f4 h\u1ed3n h\u1eadu nh\u00e2n \u00e1i.<br \/>\n\u0110i\u1ec1u d\u1ec5 g\u00e2y \u1ea5n t\u01b0\u1ee3ng nh\u1ea5t c\u1ee7a nh\u1eefng cu\u1ed1n s\u00e1ch ra \u0111\u1eddi th\u1eddi k\u1ef3 Li\u00ean X\u00f4 \u0111\u00f3 ch\u00ednh l\u00e0 h\u00ecnh \u1ea3nh minh h\u1ecda \u0111\u1eb9p. Th\u1ebf gi\u1edbi \u0111\u1ed9ng v\u1eadt \u0111\u01b0\u1ee3c nh\u00e2n h\u00f3a v\u1edbi nh\u1eefng bi\u1ec3u c\u1ea3m, h\u00e0nh \u0111\u1ed9ng quen thu\u1ed9c c\u1ee7a con ng\u01b0\u1eddi, t\u00e1i hi\u1ec7n s\u1ed1ng \u0111\u1ed9ng qua t\u1eebng n\u00e9t v\u1ebd trong m\u1ed7i trang truy\u1ec7n. C\u00e1ch ph\u1ed1i m\u00e0u h\u00e0i h\u00f2a, n\u00e9t v\u1ebd chau chu\u1ed1t \u0111\u1ebfn t\u1eebng chi ti\u1ebft khi\u1ebfn cho m\u1ed7i \u1ea5n ph\u1ea9m kh\u00f4ng ch\u1ec9 l\u00e0 m\u1ed9t cu\u1ed1n s\u00e1ch thi\u1ebfu nhi \u0111\u01a1n thu\u1ea7n, m\u00e0 gi\u1ed1ng nh\u01b0 t\u00e1c ph\u1ea9m ngh\u1ec7 thu\u1eadt th\u1ef1c th\u1ee5.<br \/>\nTi\u1ebfp n\u1ed1i 5 cu\u1ed1n truy\u1ec7n tranh \u0111\u00e3 gi\u1edbi thi\u1ec7u trong th\u1eddi gian v\u1eeba qua, MaiHaBooks ti\u1ebfp t\u1ee5c ra m\u1eaft nh\u1eefng \u1ea5n ph\u1ea9m truy\u1ec7n tranh thi\u1ebfu nhi Li\u00ean X\u00f4 c\u1ee7a d\u1ecbch gi\u1ea3 L\u00ea H\u1ea3i \u0110o\u00e0n. V\u1eabn l\u00e0 phong c\u00e1ch d\u1ecbch th\u01a1 trong s\u00e1ng, m\u1ec1m m\u1ea1i, B\u1ed9 7 cu\u1ed1n truy\u1ec7n tranh thi\u1ebfu nhi l\u1ea7n n\u00e0y ch\u1eafc ch\u1eafn s\u1ebd l\u00e0 m\u1ed9t m\u00f3n qu\u00e0 \u00fd ngh\u0129a kh\u00f4ng ch\u1ec9 cho con tr\u1ebb m\u00e0 c\u00f2n cho ch\u00ednh b\u1ea3n th\u00e2n ch\u00fang ta, nh\u1eefng ng\u01b0\u1eddi l\u1edbn \u0111\u00e3 m\u1ed9t th\u1eddi m\u01a1 \u01b0\u1edbc \u0111\u01b0\u1ee3c s\u1edf h\u1eefu nh\u1eefng \u1ea5n ph\u1ea9m tuy\u1ec7t v\u1eddi nh\u01b0 th\u1ebf.<\/p>\n","protected":false},"excerpt":{"rendered":"<p>C\u00f9ng tr\u1ebb kh\u00e1m ph\u00e1 th\u1ebf gi\u1edbi<br \/>\nTrong n\u1eeda cu\u1ed1i th\u1ebf k\u1ef7 XX, nh\u1edd s\u1ef1 vi\u1ec7n tr\u1ee3 v\u0103n ho\u00e1 c\u1ee7a Li\u00ean X\u00f4, tr\u1ebb em Vi\u1ec7t Nam \u0111\u00e3 \u0111\u01b0\u1ee3c \u0111\u1ecdc nhi\u1ec1u t\u00e1c ph\u1ea9m thi\u1ebfu nhi, \u0111\u1eb7c bi\u1ec7t l\u00e0 c\u00e1c cu\u1ed1n truy\u1ec7n tranh. Truy\u1ec7n tranh Li\u00ean X\u00f4 l\u00e0 k\u1ef7 ni\u1ec7m tu\u1ed5i th\u01a1 \u0111\u1eb9p \u0111\u1ebd, g\u00f3p ph\u1ea7n nu\u00f4i l\u1edbn t\u00e2m h\u1ed3n nhi\u1ec1u th\u1ebf h\u1ec7 ng\u01b0\u1eddi Vi\u1ec7t b\u1edfi t\u00ednh gi\u00e1o d\u1ee5c s\u00e2u s\u1eafc t\u1eeb con ng\u01b0\u1eddi v\u00e0 t\u00e2m h\u1ed3n Li\u00ean X\u00f4 h\u1ed3n h\u1eadu nh\u00e2n \u00e1i.<br \/>\n\u0110i\u1ec1u d\u1ec5 g\u00e2y \u1ea5n t\u01b0\u1ee3ng nh\u1ea5t c\u1ee7a nh\u1eefng cu\u1ed1n s\u00e1ch ra \u0111\u1eddi th\u1eddi k\u1ef3 Li\u00ean X\u00f4 \u0111\u00f3 ch\u00ednh l\u00e0 h\u00ecnh \u1ea3nh minh h\u1ecda \u0111\u1eb9p. Th\u1ebf gi\u1edbi \u0111\u1ed9ng v\u1eadt \u0111\u01b0\u1ee3c nh\u00e2n h\u00f3a v\u1edbi nh\u1eefng bi\u1ec3u c\u1ea3m, h\u00e0nh \u0111\u1ed9ng quen thu\u1ed9c c\u1ee7a con ng\u01b0\u1eddi, t\u00e1i hi\u1ec7n s\u1ed1ng \u0111\u1ed9ng qua t\u1eebng n\u00e9t v\u1ebd trong m\u1ed7i trang truy\u1ec7n. C\u00e1ch ph\u1ed1i m\u00e0u h\u00e0i h\u00f2a, n\u00e9t v\u1ebd chau chu\u1ed1t \u0111\u1ebfn t\u1eebng chi ti\u1ebft khi\u1ebfn cho m\u1ed7i \u1ea5n ph\u1ea9m kh\u00f4ng ch\u1ec9 l\u00e0 m\u1ed9t cu\u1ed1n s\u00e1ch thi\u1ebfu nhi \u0111\u01a1n thu\u1ea7n, m\u00e0 gi\u1ed1ng nh\u01b0 t\u00e1c ph\u1ea9m ngh\u1ec7 thu\u1eadt th\u1ef1c th\u1ee5.<br \/>\nTi\u1ebfp n\u1ed1i 5 cu\u1ed1n truy\u1ec7n tranh \u0111\u00e3 gi\u1edbi thi\u1ec7u trong th\u1eddi gian v\u1eeba qua, MaiHaBooks ti\u1ebfp t\u1ee5c ra m\u1eaft nh\u1eefng \u1ea5n ph\u1ea9m truy\u1ec7n tranh thi\u1ebfu nhi Li\u00ean X\u00f4 c\u1ee7a d\u1ecbch gi\u1ea3 L\u00ea H\u1ea3i \u0110o\u00e0n. V\u1eabn l\u00e0 phong c\u00e1ch d\u1ecbch th\u01a1 trong s\u00e1ng, m\u1ec1m m\u1ea1i, B\u1ed9 7 cu\u1ed1n truy\u1ec7n tranh thi\u1ebfu nhi l\u1ea7n n\u00e0y ch\u1eafc ch\u1eafn s\u1ebd l\u00e0 m\u1ed9t m\u00f3n qu\u00e0 \u00fd ngh\u0129a kh\u00f4ng ch\u1ec9 cho con tr\u1ebb m\u00e0 c\u00f2n cho ch\u00ednh b\u1ea3n th\u00e2n ch\u00fang ta, nh\u1eefng ng\u01b0\u1eddi l\u1edbn \u0111\u00e3 m\u1ed9t th\u1eddi m\u01a1 \u01b0\u1edbc \u0111\u01b0\u1ee3c s\u1edf h\u1eefu nh\u1eefng \u1ea5n ph\u1ea9m tuy\u1ec7t v\u1eddi nh\u01b0 th\u1ebf.<\/p>\n","protected":false},"featured_media":18023,"template":"","meta":{"_acf_changed":false},"product_brand":[],"product_cat":[25,17,26],"product_tag":[],"class_list":{"0":"post-18024","1":"product","2":"type-product","3":"status-publish","4":"has-post-thumbnail","6":"product_cat-nhi-dong-6-tuoi-12-tuoi","7":"product_cat-sach-danh-cho-cac-be","8":"product_cat-thieu-nien-11-tuoi-18-tuoi","10":"first","11":"instock","12":"taxable","13":"shipping-taxable","14":"purchasable","15":"product-type-simple"},"supplier_id":null,"supplier_sku":"","barcode":null,"atum_controlled":true,"out_stock_date":null,"out_stock_threshold":null,"inheritable":false,"inbound_stock":0,"stock_on_hold":0,"sold_today":0,"sales_last_days":0,"reserved_stock":null,"customer_returns":null,"warehouse_damage":null,"lost_in_post":null,"other_logs":null,"out_stock_days":0,"lost_sales":0,"has_location":null,"update_date":"2026-01-28T23:11:02","atum_locations":[{"id":32,"name":"Helsinki","slug":"helsinki"}],"atum_stock_status":"instock","restock_status":false,"low_stock_amount":"","sales_update_date":"2026-01-28T23:11:02","calc_backorders":null,"acf":{"publisher":{"ID":18022,"post_author":"1","post_date":"2022-04-09 23:56:04","post_date_gmt":"2022-04-09 20:56:04","post_content":"","post_title":"Mai H\u00e0","post_excerpt":"","post_status":"publish","comment_status":"closed","ping_status":"closed","post_password":"","post_name":"mai-ha","to_ping":"","pinged":"","post_modified":"2022-04-09 23:56:04","post_modified_gmt":"2022-04-09 20:56:04","post_content_filtered":"","post_parent":0,"guid":"https:\/\/sachviet.eu\/nha-phat-hanh\/mai-ha\/","menu_order":0,"post_type":"publisher","post_mime_type":"","comment_count":"0","filter":"raw"}},"_links":{"self":[{"href":"https:\/\/sachviet.eu\/en\/wp-json\/wp\/v2\/product\/18024","targetHints":{"allow":["GET"]}}],"collection":[{"href":"https:\/\/sachviet.eu\/en\/wp-json\/wp\/v2\/product"}],"about":[{"href":"https:\/\/sachviet.eu\/en\/wp-json\/wp\/v2\/types\/product"}],"wp:featuredmedia":[{"embeddable":true,"href":"https:\/\/sachviet.eu\/en\/wp-json\/wp\/v2\/media\/18023"}],"wp:attachment":[{"href":"https:\/\/sachviet.eu\/en\/wp-json\/wp\/v2\/media?parent=18024"}],"wp:term":[{"taxonomy":"product_brand","embeddable":true,"href":"https:\/\/sachviet.eu\/en\/wp-json\/wp\/v2\/product_brand?post=18024"},{"taxonomy":"product_cat","embeddable":true,"href":"https:\/\/sachviet.eu\/en\/wp-json\/wp\/v2\/product_cat?post=18024"},{"taxonomy":"product_tag","embeddable":true,"href":"https:\/\/sachviet.eu\/en\/wp-json\/wp\/v2\/product_tag?post=18024"}],"curies":[{"name":"wp","href":"https:\/\/api.w.org\/{rel}","templated":true}]}}