{"id":18021,"date":"2022-04-09T23:56:00","date_gmt":"2022-04-09T20:56:00","guid":{"rendered":"https:\/\/sachviet.eu\/shop\/combo-ehon-10-chu-ech-tron-bo-18-cuon\/"},"modified":"2023-05-22T21:52:45","modified_gmt":"2023-05-22T18:52:45","slug":"combo-ehon-10-chu-ech-tron-bo-18-cuon","status":"publish","type":"product","link":"https:\/\/sachviet.eu\/en\/shop\/combo-ehon-10-chu-ech-tron-bo-18-cuon\/","title":{"rendered":"Combo Ehon &#8211; 10 Ch\u00fa \u1ebech &#8211; Tr\u1ecdn b\u1ed9 18 cu\u1ed1n"},"content":{"rendered":"<p>B\u1ed9 s\u00e1ch 10 ch\u00fa \u1ebfch l\u00e0 seri ehon n\u1ed5i ti\u1ebfng t\u1ea1i Nh\u1eadt B\u1ea3n, \u0111\u01b0\u1ee3c h\u00e0ng tri\u1ec7u tr\u1ebb em y\u00eau th\u00edch b\u1edfi nh\u1eefng ch\u00fa \u1ebfch v\u00f4 c\u00f9ng d\u1ec5 th\u01b0\u01a1ng v\u00e0 vui nh\u1ed9n. C\u00e2u chuy\u1ec7n xoay quanh cu\u1ed9c s\u1ed1ng c\u1ee7a 10 ch\u00fa \u1ebfch \u1edf \u0111\u1ea7m qu\u1ea3 b\u1ea7u c\u00f9ng c\u00e1c lo\u00e0i \u0111\u1ed9ng v\u1eadt kh\u00e1c. 10 ch\u00fa \u1ebfch v\u1edbi 10 t\u00ednh c\u00e1ch kh\u00e1c nhau nh\u01b0ng v\u1eabn lu\u00f4n lu\u00f4n vui v\u1ebb, h\u00f2a \u0111\u1ed3ng, th\u00edch gi\u00fap \u0111\u1ee1 ng\u01b0\u1eddi kh\u00e1c. M\u1ed7i c\u00e2u chuy\u1ec7n l\u00e0 m\u1ed9t chuy\u1ebfn phi\u00eau l\u01b0u k\u00ec th\u00fa c\u1ee7a 10 ch\u00fa \u1ebfch, theo d\u00f5i nh\u1eefng c\u00e2u chuy\u1ec7n n\u00e0y, c\u00e1c b\u00e9 s\u1ebd h\u1ecdc \u0111\u01b0\u1ee3c nh\u1eefng b\u00e0i h\u1ecdc \u00fd ngh\u0129a nh\u01b0 s\u1ef1 s\u1ebb chia, tinh th\u1ea7n \u0111o\u00e0n k\u1ebft, s\u1ef1 quy\u1ebft t\u00e2m, l\u00f2ng d\u0169ng c\u1ea3m v\u00e0 tinh th\u1ea7n ham h\u1ecdc h\u1ecf Truy\u1ec7n Ehon Nh\u1eadt B\u1ea3n lu\u00f4n bi\u1ebft l\u1ed3ng gh\u00e9p nh\u1eefng b\u00e0i h\u1ecdc, nh\u1eefng gi\u00e1 tr\u1ecb nh\u00e2n v\u0103n v\u00e0o trong c\u00e1c c\u00e2u chuy\u1ec7n cho tr\u1ebb. V\u00ec th\u1ebf \u0111\u1ecdc Ehon cho tr\u1ebb \u0111\u01b0\u1ee3c xem l\u00e0 m\u1ed9t c\u00e1ch gi\u00e1o d\u1ee5c tr\u1ebb hi\u1ec7u qu\u1ea3 nh\u1ea5t \u1edf Nh\u1eadt B\u1ea3n. V\u00e0 seri 10 ch\u00fa \u1ebfch c\u0169ng l\u00e0 nh\u1eefng c\u00e2u chuy\u1ec7n nh\u01b0 th\u1ebf.<\/p>\n","protected":false},"excerpt":{"rendered":"<p>B\u1ed9 s\u00e1ch 10 ch\u00fa \u1ebfch l\u00e0 seri ehon n\u1ed5i ti\u1ebfng t\u1ea1i Nh\u1eadt B\u1ea3n, \u0111\u01b0\u1ee3c h\u00e0ng tri\u1ec7u tr\u1ebb em y\u00eau th\u00edch b\u1edfi nh\u1eefng ch\u00fa \u1ebfch v\u00f4 c\u00f9ng d\u1ec5 th\u01b0\u01a1ng v\u00e0 vui nh\u1ed9n. C\u00e2u chuy\u1ec7n xoay quanh cu\u1ed9c s\u1ed1ng c\u1ee7a 10 ch\u00fa \u1ebfch \u1edf \u0111\u1ea7m qu\u1ea3 b\u1ea7u c\u00f9ng c\u00e1c lo\u00e0i \u0111\u1ed9ng v\u1eadt kh\u00e1c. 10 ch\u00fa \u1ebfch v\u1edbi 10 t\u00ednh c\u00e1ch kh\u00e1c nhau nh\u01b0ng v\u1eabn lu\u00f4n lu\u00f4n vui v\u1ebb, h\u00f2a \u0111\u1ed3ng, th\u00edch gi\u00fap \u0111\u1ee1 ng\u01b0\u1eddi kh\u00e1c. M\u1ed7i c\u00e2u chuy\u1ec7n l\u00e0 m\u1ed9t chuy\u1ebfn phi\u00eau l\u01b0u k\u00ec th\u00fa c\u1ee7a 10 ch\u00fa \u1ebfch, theo d\u00f5i nh\u1eefng c\u00e2u chuy\u1ec7n n\u00e0y, c\u00e1c b\u00e9 s\u1ebd h\u1ecdc \u0111\u01b0\u1ee3c nh\u1eefng b\u00e0i h\u1ecdc \u00fd ngh\u0129a nh\u01b0 s\u1ef1 s\u1ebb chia, tinh th\u1ea7n \u0111o\u00e0n k\u1ebft, s\u1ef1 quy\u1ebft t\u00e2m, l\u00f2ng d\u0169ng c\u1ea3m v\u00e0 tinh th\u1ea7n ham h\u1ecdc h\u1ecf Truy\u1ec7n Ehon Nh\u1eadt B\u1ea3n lu\u00f4n bi\u1ebft l\u1ed3ng gh\u00e9p nh\u1eefng b\u00e0i h\u1ecdc, nh\u1eefng gi\u00e1 tr\u1ecb nh\u00e2n v\u0103n v\u00e0o trong c\u00e1c c\u00e2u chuy\u1ec7n cho tr\u1ebb. V\u00ec th\u1ebf \u0111\u1ecdc Ehon cho tr\u1ebb \u0111\u01b0\u1ee3c xem l\u00e0 m\u1ed9t c\u00e1ch gi\u00e1o d\u1ee5c tr\u1ebb hi\u1ec7u qu\u1ea3 nh\u1ea5t \u1edf Nh\u1eadt B\u1ea3n. V\u00e0 seri 10 ch\u00fa \u1ebfch c\u0169ng l\u00e0 nh\u1eefng c\u00e2u chuy\u1ec7n nh\u01b0 th\u1ebf.<\/p>\n","protected":false},"featured_media":18019,"template":"","meta":{"_acf_changed":false},"product_brand":[],"product_cat":[24,25,17],"product_tag":[],"class_list":{"0":"post-18021","1":"product","2":"type-product","3":"status-publish","4":"has-post-thumbnail","6":"product_cat-nha-tre-mau-giao-0-tuoi-6-tuoi","7":"product_cat-nhi-dong-6-tuoi-12-tuoi","8":"product_cat-sach-danh-cho-cac-be","10":"first","11":"outofstock","12":"taxable","13":"shipping-taxable","14":"purchasable","15":"product-type-simple"},"supplier_id":null,"supplier_sku":"","barcode":null,"atum_controlled":true,"out_stock_date":"2023-05-22 18:52:45","out_stock_threshold":null,"inheritable":false,"inbound_stock":0,"stock_on_hold":0,"sold_today":0,"sales_last_days":0,"reserved_stock":null,"customer_returns":null,"warehouse_damage":null,"lost_in_post":null,"other_logs":null,"out_stock_days":982,"lost_sales":0,"has_location":null,"update_date":"2026-01-28T23:11:02","atum_locations":[{"id":32,"name":"Helsinki","slug":"helsinki"}],"atum_stock_status":"outofstock","restock_status":false,"low_stock_amount":"","sales_update_date":"2026-01-28T23:11:02","calc_backorders":null,"acf":{"publisher":{"ID":1453,"post_author":"1","post_date":"2021-02-17 01:11:32","post_date_gmt":"2021-02-16 23:11:32","post_content":"<!-- wp:flatsome\/uxbuilder -->\n<h1 style=\"text-align: center;\"><strong>Qu\u1ea3ng V\u0103n<\/strong><\/h1>\n[row]\n\n[col span=\"6\" span__sm=\"12\"]\n\n[ux_image id=\"1552\" image_size=\"medium\"]\n\n\n[\/col]\n[col span=\"6\" span__sm=\"12\"]\n\n<p><strong>Quangvanbooks<\/strong><br \/>Qu\u1ea3ng V\u0103n l\u00e0 t\u1ed5 h\u1ee3p xu\u1ea5t b\u1ea3n, gi\u00e1o d\u1ee5c v\u00e0 nh\u01b0\u1ee3ng quy\u1ec1n h\u00e0ng \u0111\u1ea7u trong ng\u00e0nh c\u00f4ng nghi\u1ec7p s\u00e1ng t\u1ea1o v\u1edbi c\u00e1c th\u01b0\u01a1ng hi\u1ec7u nh\u00e1nh:<\/p>\n<p>Quangvanbooks - Th\u01b0\u01a1ng hi\u1ec7u s\u00e1ch v\u0103n h\u00f3a gi\u00e1o d\u1ee5c v\u00e0 v\u0103n h\u00f3a gi\u1ea3i tr\u00ed<br \/>Ehomebooks - Th\u01b0\u01a1ng hi\u1ec7u s\u00e1ch gi\u00e1o d\u1ee5c gia \u0111\u00ecnh<br \/>Sakurabooks - Th\u01b0\u01a1ng hi\u1ec7u s\u00e1ch Nh\u1eadt B\u1ea3n<br \/>IPERbooks - Th\u01b0\u01a1ng hi\u1ec7u s\u00e1ch gi\u00e1o d\u1ee5c nh\u00e0 tr\u01b0\u1eddng<br \/>IPER - Vi\u1ec7n nghi\u00ean c\u1ee9u xu\u1ea5t b\u1ea3n v\u00e0 gi\u00e1o d\u1ee5c IPER<\/p>\n<p><strong>T\u1ea7m nh\u00ecn<\/strong><br \/>Tr\u1edf th\u00e0nh th\u01b0\u01a1ng hi\u1ec7u s\u00e1ch v\u0103n h\u00f3a gi\u00e1o d\u1ee5c v\u00e0 v\u0103n h\u00f3a gi\u1ea3i tr\u00ed t\u1ed1t nh\u1ea5t v\u00e0 \u0111a d\u1ea1ng nh\u1ea5t Vi\u1ec7t Nam.<\/p>\n<p><br \/><strong>S\u1ee9 m\u1ec7nh<\/strong><br \/>Mang \u0111\u1ebfn nh\u1eefng cu\u1ed1n s\u00e1ch v\u0103n h\u00f3a gi\u00e1o d\u1ee5c v\u00e0 v\u0103n h\u00f3a gi\u1ea3i tr\u00ed \u0111\u1ebfn v\u1edbi \u0111\u1ed9c gi\u1ea3 Vi\u1ec7t Nam v\u00e0 th\u1ebf gi\u1edbi nh\u1eb1m gi\u00fap \u0111\u1ed9c gi\u1ea3 ph\u00e1t tri\u1ec3n b\u1ea3n th\u00e2n, gi\u00e1o d\u1ee5c, gi\u1ea3i tr\u00ed v\u00e0 khai s\u00e1ng nh\u1eb1m x\u00e2y d\u1ef1ng x\u00e3 h\u1ed9i th\u1ecbnh v\u01b0\u1ee3ng, h\u1ea1nh ph\u00fac.<\/p>\n<p><strong>Gi\u00e1 tr\u1ecb c\u1ed1t l\u00f5i<\/strong><\/p>\n<p>S\u00e1ng t\u1ea1o - Linh ho\u1ea1t - H\u1ee3p t\u00e1c - Ch\u00ednh tr\u1ef1c - Nhi\u1ec7t huy\u1ebft - C\u00e2n b\u1eb1ng - H\u1ea1nh ph\u00fac<\/p>\n\n[\/col]\n\n[\/row]\n\n<!-- \/wp:flatsome\/uxbuilder -->","post_title":"Qu\u1ea3ng V\u0103n","post_excerpt":"","post_status":"publish","comment_status":"closed","ping_status":"closed","post_password":"","post_name":"quang-van","to_ping":"","pinged":"","post_modified":"2021-02-17 01:26:44","post_modified_gmt":"2021-02-16 23:26:44","post_content_filtered":"","post_parent":0,"guid":"https:\/\/sachviet.eu\/nha-phat-hanh\/quang-van\/","menu_order":0,"post_type":"publisher","post_mime_type":"","comment_count":"0","filter":"raw"}},"_links":{"self":[{"href":"https:\/\/sachviet.eu\/en\/wp-json\/wp\/v2\/product\/18021","targetHints":{"allow":["GET"]}}],"collection":[{"href":"https:\/\/sachviet.eu\/en\/wp-json\/wp\/v2\/product"}],"about":[{"href":"https:\/\/sachviet.eu\/en\/wp-json\/wp\/v2\/types\/product"}],"wp:featuredmedia":[{"embeddable":true,"href":"https:\/\/sachviet.eu\/en\/wp-json\/wp\/v2\/media\/18019"}],"wp:attachment":[{"href":"https:\/\/sachviet.eu\/en\/wp-json\/wp\/v2\/media?parent=18021"}],"wp:term":[{"taxonomy":"product_brand","embeddable":true,"href":"https:\/\/sachviet.eu\/en\/wp-json\/wp\/v2\/product_brand?post=18021"},{"taxonomy":"product_cat","embeddable":true,"href":"https:\/\/sachviet.eu\/en\/wp-json\/wp\/v2\/product_cat?post=18021"},{"taxonomy":"product_tag","embeddable":true,"href":"https:\/\/sachviet.eu\/en\/wp-json\/wp\/v2\/product_tag?post=18021"}],"curies":[{"name":"wp","href":"https:\/\/api.w.org\/{rel}","templated":true}]}}