{"id":18016,"date":"2022-04-09T23:55:48","date_gmt":"2022-04-09T20:55:48","guid":{"rendered":"https:\/\/sachviet.eu\/shop\/bau-troi-sup-do\/"},"modified":"2022-12-19T18:13:07","modified_gmt":"2022-12-19T16:13:07","slug":"bau-troi-sup-do","status":"publish","type":"product","link":"https:\/\/sachviet.eu\/en\/shop\/bau-troi-sup-do\/","title":{"rendered":"B\u1ea7u Tr\u1eddi S\u1ee5p \u0110\u1ed5"},"content":{"rendered":"<p>Gary Winthrop, ng\u01b0\u1eddi \u0111\u00e0n \u00f4ng ho\u00e0n h\u1ea3o trong m\u1ed9t gia \u0111\u00ecnh ho\u00e0n h\u1ea3o, s\u1eafp tr\u1edf th\u00e0nh ng\u00f4i sao m\u1edbi s\u00e1ng ch\u00f3i nh\u1ea5t c\u1ee7a Th\u01b0\u1ee3ng ngh\u1ecb vi\u1ec7n th\u00ec \u0111\u1ed9t ng\u1ed9t b\u1ecb gi\u1ebft ngay trong nh\u00e0 m\u00ecnh. Ch\u1ec9 trong v\u00f2ng m\u1ed9t n\u0103m, c\u1ea3 n\u0103m ng\u01b0\u1eddi trong gia \u0111\u00ecnh anh \u0111\u1ec1u b\u1ecb s\u00e1t h\u1ea1i. N\u1eef ph\u00f3ng vi\u00ean Dana Evans c\u1ee7a Washington D.C quy\u1ebft t\u00e2m l\u00e0m s\u00e1ng t\u1ecf m\u1ecdi b\u00ed \u1ea9n v\u1ec1 s\u1ef1 h\u1ee7y di\u1ec7t c\u1ee7a gia \u0111\u00ecnh Winthrop danh gi\u00e1. Cu\u1ed9c \u0111i\u1ec1u tra \u0111\u01b0a c\u00f4 \u0111\u1ebfn kh\u1eafp c\u00e1c ch\u00e2u l\u1ee5c v\u00e0 l\u00e0m h\u00e9 l\u1ed9 nh\u1eefng b\u00ed m\u1eadt kinh ho\u00e0ng\u2026  <\/p>\n<p>&#8220;M\u1ed9t chuy\u1ebfn h\u00e0nh tr\u00ecnh g\u1ea5p g\u00e1p v\u00e0 b\u00ed \u1ea9n&#8230; Sidney Sheldon l\u00e0 ng\u01b0\u1eddi bi\u1ebft c\u00e1ch chuy\u1ec3n t\u1ea3i s\u1ef1 k\u1ef3 b\u00ed&#8230; c\u00f9ng l\u1ed1i k\u1ec3 chuy\u1ec7n \u0111\u1ea7y h\u1ed3i h\u1ed9p&#8230; nh\u1eefng t\u00ecnh ti\u1ebft c\u1ee7a \u00f4ng \u0111\u01b0\u1ee3c g\u1eafn k\u1ebft, bi\u1ebfn \u0111\u1ed9ng v\u00e0 g\u00e2y ng\u1ea1c nhi\u00ean.&#8221;<\/p>\n<p>                                                                                  &#8211; New York Post &#8211;<\/p>\n<p>(Winthrop l\u00e0 m\u1ed9t gia \u0111\u00ecnh qu\u00fd t\u1ed9c M\u1ef9, ng\u01b0\u1eddi cu\u1ed1i c\u00f9ng trong gia \u0111\u00ecnh n\u00e0y l\u00e0 Gary Winthrop, ng\u01b0\u1eddi \u0111\u00e0n \u00f4ng v\u00f4 c\u00f9ng h\u1ea5p d\u1eabn, l\u00f4i cu\u1ed1n. Gary \u0111ang tr\u00ean \u0111\u00e0 \u0111\u1ec3 tr\u1edf th\u00e0nh ng\u00f4i sao m\u1edbi s\u00e1ng nh\u1ea5t c\u1ee7a Th\u01b0\u1ee3ng ngh\u1ecb vi\u1ec7n, th\u00ec b\u1ecb gi\u1ebft trong nh\u00e0 c\u1ee7a m\u00ecnh. C\u1ea3 n\u0103m th\u00e0nh vi\u00ean trong gia \u0111\u00ecnh anh \u0111\u00e3 b\u1ecb s\u00e1t h\u1ea1i ch\u1ec9 trong m\u1ed9t n\u0103m. <\/p>\n<p>Dana Evans &#8211; n\u1eef ph\u00f3ng vi\u00ean \u0111\u01b0\u1ee3c y\u00eau th\u00edch c\u1ee7a \u0110\u00e0i truy\u1ec1n h\u00ecnh Washington DC l\u00e0 ng\u01b0\u1eddi cu\u1ed1i c\u00f9ng ph\u1ecfng v\u1ea5n Gary Winthrops. C\u00f4 c\u1ea3m th\u1ea5y nghi ng\u1edd v\u1ec1 c\u00e1i ch\u1ebft c\u1ee7a Gary n\u00ean c\u1ed1 g\u1eafng t\u00ecm hi\u1ec3u v\u00e0 ch\u1eafp n\u1ed1i t\u1eebng s\u1ef1 ki\u1ec7n \u0111\u1ec3 d\u1ef1ng l\u00ean b\u1ee9c tranh to\u00e0n c\u1ea3nh v\u1ec1 gia \u0111\u00ecnh Winthrops. T\u1ea5t c\u1ea3 m\u1ecdi chi ti\u1ebft c\u00f4 \u0111i\u1ec1u tra \u0111\u01b0\u1ee3c \u0111\u1ec1u th\u1ec3 hi\u1ec7n r\u1eb1ng nh\u1eefng c\u00e1i ch\u1ebft c\u1ee7a gia \u0111\u00ecnh Winthrops c\u00f3 li\u00ean quan \u0111\u1ebfn nhau v\u00e0 li\u00ean quan \u0111\u1ebfn m\u1ed9t \u00e2m m\u01b0u kh\u1ee7ng khi\u1ebfp. C\u00f4 quy\u1ebft t\u00e2m t\u00ecm ra b\u1eb1ng \u0111\u01b0\u1ee3c ch\u00e2n t\u01b0\u1edbng c\u1ee7a s\u1ef1 vi\u1ec7c.<\/p>\n<p>Cu\u1ed9c \u0111i\u1ec1u tra \u0111\u01b0a c\u00f4 \u0111\u1ebfn kh\u1eafp c\u00e1c ch\u00e2u l\u1ee5c v\u00e0 l\u00e0m h\u00e9 l\u1ed9 nh\u1eefng b\u00ed m\u1eadt l\u00e0m kinh ho\u00e0ng th\u1ebf gi\u1edbi. Nh\u01b0ng s\u1ef1 th\u1ef1c c\u00e0ng h\u00e9 m\u1edf bao nhi\u00eau th\u00ec c\u00f4 c\u00e0ng r\u01a1i v\u00e0o nguy hi\u1ec3m b\u1ea5y nhi\u00eau. Ng\u01b0\u1eddi \u0111i s\u0103n l\u1ea1i tr\u1edf th\u00e0nh ng\u01b0\u1eddi b\u1ecb s\u0103n, b\u1ea3n th\u00e2n c\u00f4 v\u00e0 c\u1ea3 con nu\u00f4i c\u1ee7a c\u00f4 \u0111\u1ec1u tr\u1edf th\u00e0nh m\u1ee5c ti\u00eau b\u1ecb truy s\u00e1t&#8230;)<\/p>\n","protected":false},"excerpt":{"rendered":"<p>Gary Winthrop, ng\u01b0\u1eddi \u0111\u00e0n \u00f4ng ho\u00e0n h\u1ea3o trong m\u1ed9t gia \u0111\u00ecnh ho\u00e0n h\u1ea3o, s\u1eafp tr\u1edf th\u00e0nh ng\u00f4i sao m\u1edbi s\u00e1ng ch\u00f3i nh\u1ea5t c\u1ee7a Th\u01b0\u1ee3ng ngh\u1ecb vi\u1ec7n th\u00ec \u0111\u1ed9t ng\u1ed9t b\u1ecb gi\u1ebft ngay trong nh\u00e0 m\u00ecnh. Ch\u1ec9 trong v\u00f2ng m\u1ed9t n\u0103m, c\u1ea3 n\u0103m ng\u01b0\u1eddi trong gia \u0111\u00ecnh anh \u0111\u1ec1u b\u1ecb s\u00e1t h\u1ea1i. N\u1eef ph\u00f3ng vi\u00ean Dana Evans c\u1ee7a Washington D.C quy\u1ebft t\u00e2m l\u00e0m s\u00e1ng t\u1ecf m\u1ecdi b\u00ed \u1ea9n v\u1ec1 s\u1ef1 h\u1ee7y di\u1ec7t c\u1ee7a gia \u0111\u00ecnh Winthrop danh gi\u00e1. Cu\u1ed9c \u0111i\u1ec1u tra \u0111\u01b0a c\u00f4 \u0111\u1ebfn kh\u1eafp c\u00e1c ch\u00e2u l\u1ee5c v\u00e0 l\u00e0m h\u00e9 l\u1ed9 nh\u1eefng b\u00ed m\u1eadt kinh ho\u00e0ng\u2026  <\/p>\n<p>&#8220;M\u1ed9t chuy\u1ebfn h\u00e0nh tr\u00ecnh g\u1ea5p g\u00e1p v\u00e0 b\u00ed \u1ea9n&#8230; Sidney Sheldon l\u00e0 ng\u01b0\u1eddi bi\u1ebft c\u00e1ch chuy\u1ec3n t\u1ea3i s\u1ef1 k\u1ef3 b\u00ed&#8230; c\u00f9ng l\u1ed1i k\u1ec3 chuy\u1ec7n \u0111\u1ea7y h\u1ed3i h\u1ed9p&#8230; nh\u1eefng t\u00ecnh ti\u1ebft c\u1ee7a \u00f4ng \u0111\u01b0\u1ee3c g\u1eafn k\u1ebft, bi\u1ebfn \u0111\u1ed9ng v\u00e0 g\u00e2y ng\u1ea1c nhi\u00ean.&#8221;<\/p>\n","protected":false},"featured_media":18015,"template":"","meta":{"_acf_changed":false},"product_brand":[],"product_cat":[15,45],"product_tag":[],"class_list":{"0":"post-18016","1":"product","2":"type-product","3":"status-publish","4":"has-post-thumbnail","6":"product_cat-sach-danh-cho-nguoi-lon","7":"product_cat-tieu-thuyet","9":"first","10":"outofstock","11":"taxable","12":"shipping-taxable","13":"purchasable","14":"product-type-simple"},"supplier_id":null,"supplier_sku":"","barcode":null,"atum_controlled":true,"out_stock_date":"2022-12-19 12:58:28","out_stock_threshold":null,"inheritable":false,"inbound_stock":0,"stock_on_hold":0,"sold_today":0,"sales_last_days":0,"reserved_stock":null,"customer_returns":null,"warehouse_damage":null,"lost_in_post":null,"other_logs":null,"out_stock_days":1136,"lost_sales":0,"has_location":null,"update_date":"2026-01-28T23:11:02","atum_locations":[{"id":32,"name":"Helsinki","slug":"helsinki"}],"atum_stock_status":"outofstock","restock_status":false,"low_stock_amount":"","sales_update_date":"2026-01-28T23:11:02","calc_backorders":null,"acf":{"publisher":{"ID":1472,"post_author":"1","post_date":"2021-02-17 01:12:50","post_date_gmt":"2021-02-16 23:12:50","post_content":"","post_title":"Huy Ho\u00e0ng Bookstore","post_excerpt":"","post_status":"publish","comment_status":"closed","ping_status":"closed","post_password":"","post_name":"huy-hoang-bookstore","to_ping":"","pinged":"","post_modified":"2021-02-17 01:12:50","post_modified_gmt":"2021-02-16 23:12:50","post_content_filtered":"","post_parent":0,"guid":"https:\/\/sachviet.eu\/nha-phat-hanh\/huy-hoang-bookstore\/","menu_order":0,"post_type":"publisher","post_mime_type":"","comment_count":"0","filter":"raw"}},"_links":{"self":[{"href":"https:\/\/sachviet.eu\/en\/wp-json\/wp\/v2\/product\/18016","targetHints":{"allow":["GET"]}}],"collection":[{"href":"https:\/\/sachviet.eu\/en\/wp-json\/wp\/v2\/product"}],"about":[{"href":"https:\/\/sachviet.eu\/en\/wp-json\/wp\/v2\/types\/product"}],"wp:featuredmedia":[{"embeddable":true,"href":"https:\/\/sachviet.eu\/en\/wp-json\/wp\/v2\/media\/18015"}],"wp:attachment":[{"href":"https:\/\/sachviet.eu\/en\/wp-json\/wp\/v2\/media?parent=18016"}],"wp:term":[{"taxonomy":"product_brand","embeddable":true,"href":"https:\/\/sachviet.eu\/en\/wp-json\/wp\/v2\/product_brand?post=18016"},{"taxonomy":"product_cat","embeddable":true,"href":"https:\/\/sachviet.eu\/en\/wp-json\/wp\/v2\/product_cat?post=18016"},{"taxonomy":"product_tag","embeddable":true,"href":"https:\/\/sachviet.eu\/en\/wp-json\/wp\/v2\/product_tag?post=18016"}],"curies":[{"name":"wp","href":"https:\/\/api.w.org\/{rel}","templated":true}]}}