{"id":18012,"date":"2022-04-09T23:55:37","date_gmt":"2022-04-09T20:55:37","guid":{"rendered":"https:\/\/sachviet.eu\/shop\/ki-luat-mem-cua-trai-tim-me-viet-day-con-kieu-nhat-ban\/"},"modified":"2022-12-19T18:13:19","modified_gmt":"2022-12-19T16:13:19","slug":"ki-luat-mem-cua-trai-tim-me-viet-day-con-kieu-nhat-ban","status":"publish","type":"product","link":"https:\/\/sachviet.eu\/en\/shop\/ki-luat-mem-cua-trai-tim-me-viet-day-con-kieu-nhat-ban\/","title":{"rendered":"K\u1ec9 Lu\u1eadt M\u1ec1m C\u1ee7a Tr\u00e1i Tim &#8211; M\u1eb9 Vi\u1ec7t D\u1ea1y Con Ki\u1ec3u Nh\u1eadt B\u1ea3n"},"content":{"rendered":"<p>Tr\u1ebb c\u1ea7n g\u00ec nh\u1ea5t \u1edf cha m\u1eb9 trong nh\u1eefng n\u0103m th\u00e1ng \u0111\u1ea7u \u0111\u1eddi? Tr\u1ebb c\u1ea7n nh\u1eefng tr\u1ea3i nghi\u1ec7m n\u00e0o nh\u1ea5t trong giai \u0111o\u1ea1n \u1ea5u th\u01a1?<\/p>\n<p>L\u00e0m th\u1ebf n\u00e0o \u0111\u1ec3 v\u01b0\u1ee3t qua giai \u0111o\u1ea1n ph\u1ea3n kh\u00e1ng v\u00e0 nh\u1eefng c\u01a1n \u0103n v\u1ea1 c\u1ee7a con \u0111\u1ec3 m\u1ed7i ng\u00e0y b\u00ean con th\u1ef1c s\u1ef1 l\u00e0 h\u00e0nh tr\u00ecnh h\u1ea1nh ph\u00fac v\u00e0 \u00fd ngh\u0129a?<\/p>\n<p>L\u00e0m th\u1ebf n\u00e0o \u0111\u1ec3 nu\u00f4i d\u01b0\u1ee1ng cho con nh\u1eefng n\u0103ng l\u1ef1c s\u1ed1ng \u2013 k\u0129 n\u0103ng s\u1ed1ng c\u1ea7n thi\u1ebft nh\u1ea5t s\u1ebd theo con su\u1ed1t c\u1ea3 cu\u1ed9c \u0111\u1eddi sau n\u00e0y? <\/p>\n<p>Cu\u1ed1n s\u00e1ch K\u1ec9 lu\u1eadt m\u1ec1m c\u1ee7a tr\u00e1i tim \u2013 M\u1eb9 Vi\u1ec7t d\u1ea1y con ki\u1ec3u Nh\u1eadt B\u1ea3n s\u1ebd tr\u1ea3 l\u1eddi cho nh\u1eefng c\u00e2u h\u1ecfi tr\u00ean v\u00e0 nh\u1eefng c\u00e2u h\u1ecfi kh\u00e1c v\u1ec1 nu\u00f4i d\u1ea1y con c\u1ee7a ng\u01b0\u1eddi Nh\u1eadt B\u1ea3n, th\u00f4ng qua ch\u00ednh nh\u1eefng tr\u1ea3i nghi\u1ec7m th\u1ef1c t\u1ebf c\u1ee7a t\u00e1c gi\u1ea3 v\u1edbi h\u01a1n m\u01b0\u1eddi m\u1ed9t n\u0103m \u1edf Nh\u1eadt v\u1eeba h\u1ecdc t\u1eadp, v\u1eeba l\u00e0m m\u1eb9, trong \u0111\u00f3 c\u00f3 s\u00e1u n\u0103m \u0111\u1ed3ng h\u00e0nh chia s\u1ebb nh\u1eefng c\u00e2u chuy\u1ec7n nu\u00f4i d\u1ea1y con v\u1edbi c\u00e1c cha m\u1eb9 Vi\u1ec7t Nam.<\/p>\n<p>\u201cBAO DUNG &#8211; TH\u1eeaA NH\u1eacN &#8211; KHEN NG\u1ee2I &#8211; KH\u00cdCH L\u1ec6 &#8211; TIN T\u01af\u1edeNG&#8221; v\u1edbi con c\u00e1i v\u00e0 T\u1ef0 TIN v\u1edbi ch\u00ednh m\u00ecnh, \u0111\u00f3 l\u00e0 nh\u1eefng t\u1eeb kho\u00e1 quan tr\u1ecdng nh\u1ea5t trong c\u00e1ch \u1ee9ng x\u1eed h\u1eb1ng ng\u00e0y v\u1edbi con. \u201cCu\u1ed9c s\u1ed1ng hi\u1ec7n t\u1ea1i l\u00e0 t\u1ea5m  g\u01b0\u01a1ng ph\u1ea3n chi\u1ebfu t\u00e2m h\u1ed3n c\u1ee7a ch\u00ednh ch\u00fang ta.\u201d V\u00ec th\u1ebf t\u00f4i h\u1ecdc c\u00e1ch c\u1ea3m \u01a1n nh\u1eefng g\u00ec \u0111ang c\u00f3, bu\u00f4ng b\u1edbt \u0111i nh\u1eefng \u00e1p l\u1ef1c l\u00ean b\u1ea3n th\u00e2n v\u00e0 con c\u00e1i \u0111\u1ec3 v\u1eeba c\u00e2n b\u1eb1ng cu\u1ed9c s\u1ed1ng, v\u1eeba ch\u0103m con m\u00e0 v\u1eabn ch\u0103m lo cho s\u1ef1 nghi\u1ec7p. H\u00e3y tin r\u1eb1ng b\u1ea1n s\u1ebd lu\u00f4n nu\u00f4i d\u1ea1y \u0111\u01b0\u1ee3c nh\u1eefng \u0111\u1ee9a tr\u1ebb th\u00e0nh c\u00f4ng v\u00e0 h\u1ea1nh ph\u00fac theo nh\u1eefng c\u00e1ch r\u1ea5t ri\u00eang c\u1ee7a m\u00ecnh, \u0111\u1ec3 ch\u00fang t\u1ef1 t\u00ecm ra s\u1ee9 m\u1ec7nh ri\u00eang c\u1ee7a cu\u1ed9c \u0111\u1eddi m\u00ecnh\u201d (Nguy\u1ec5n Th\u1ecb Thu)<\/p>\n<p>T\u00e1c gi\u1ea3: NGUY\u1ec4N TH\u1eca THU &#8211; (Aki Nguy\u1ec5n)<\/p>\n<p>T\u1ed1t nghi\u1ec7p ti\u1ebfn s\u0129 t\u1ea1i \u0110\u1ea1i h\u1ecdc Tsukuba, Nh\u1eadt B\u1ea3n.<br \/>\nHi\u1ec7n c\u00f3 m\u1ed9t con trai 4 tu\u1ed5i, t\u00ean th\u00e2n m\u1eadt l\u00e0 Bon.<br \/>\nL\u00e0 \u0111\u1ed3ng s\u00e1ng l\u1eadp c\u1ee7a Tr\u01b0\u1eddng M\u1ea7m non Tsubaki v\u00e0 l\u00e0 d\u1ecbch gi\u1ea3 c\u1ee7a nhi\u1ec1u \u0111\u1ea7u s\u00e1ch nu\u00f4i d\u1ea1y con c\u1ee7a Nh\u1eadt nh\u01b0: \u201cCh\u1edd \u0111\u1ebfn m\u1eabu gi\u00e1o th\u00ec \u0111\u00e3 mu\u1ed9n\u201d, \u201cCha m\u1eb9 Nh\u1eadt d\u1ea1y con t\u1ef1 l\u1eadp\u201d, \u201cNu\u00f4i d\u1ea1y con ki\u1ec3u Nh\u1eadt B\u1ea3n, t\u1eadp 2\u201d, v\u00e0 r\u1ea5t nhi\u1ec1u Ehon Nh\u1eadt nh\u01b0 b\u1ed9 \u201cCh\u01a1i c\u00f9ng Momo\u201d, \u201cNh\u1eefng em b\u00e9 \u0111\u00e1ng y\u00eau\u201d, b\u1ed9 \u201cVoi Pao\u201d \u2026<\/p>\n","protected":false},"excerpt":{"rendered":"<p>Tr\u1ebb c\u1ea7n g\u00ec nh\u1ea5t \u1edf cha m\u1eb9 trong nh\u1eefng n\u0103m th\u00e1ng \u0111\u1ea7u \u0111\u1eddi? Tr\u1ebb c\u1ea7n nh\u1eefng tr\u1ea3i nghi\u1ec7m n\u00e0o nh\u1ea5t trong giai \u0111o\u1ea1n \u1ea5u th\u01a1?<\/p>\n<p>L\u00e0m th\u1ebf n\u00e0o \u0111\u1ec3 v\u01b0\u1ee3t qua giai \u0111o\u1ea1n ph\u1ea3n kh\u00e1ng v\u00e0 nh\u1eefng c\u01a1n \u0103n v\u1ea1 c\u1ee7a con \u0111\u1ec3 m\u1ed7i ng\u00e0y b\u00ean con th\u1ef1c s\u1ef1 l\u00e0 h\u00e0nh tr\u00ecnh h\u1ea1nh ph\u00fac v\u00e0 \u00fd ngh\u0129a?<\/p>\n<p>L\u00e0m th\u1ebf n\u00e0o \u0111\u1ec3 nu\u00f4i d\u01b0\u1ee1ng cho con nh\u1eefng n\u0103ng l\u1ef1c s\u1ed1ng \u2013 k\u0129 n\u0103ng s\u1ed1ng c\u1ea7n thi\u1ebft nh\u1ea5t s\u1ebd theo con su\u1ed1t c\u1ea3 cu\u1ed9c \u0111\u1eddi sau n\u00e0y? <\/p>\n<p>Cu\u1ed1n s\u00e1ch K\u1ec9 lu\u1eadt m\u1ec1m c\u1ee7a tr\u00e1i tim \u2013 M\u1eb9 Vi\u1ec7t d\u1ea1y con ki\u1ec3u Nh\u1eadt B\u1ea3n s\u1ebd tr\u1ea3 l\u1eddi cho nh\u1eefng c\u00e2u h\u1ecfi tr\u00ean v\u00e0 nh\u1eefng c\u00e2u h\u1ecfi kh\u00e1c v\u1ec1 nu\u00f4i d\u1ea1y con c\u1ee7a ng\u01b0\u1eddi Nh\u1eadt B\u1ea3n, th\u00f4ng qua ch\u00ednh nh\u1eefng tr\u1ea3i nghi\u1ec7m th\u1ef1c t\u1ebf c\u1ee7a t\u00e1c gi\u1ea3 v\u1edbi h\u01a1n m\u01b0\u1eddi m\u1ed9t n\u0103m \u1edf Nh\u1eadt v\u1eeba h\u1ecdc t\u1eadp, v\u1eeba l\u00e0m m\u1eb9, trong \u0111\u00f3 c\u00f3 s\u00e1u n\u0103m \u0111\u1ed3ng h\u00e0nh chia s\u1ebb nh\u1eefng c\u00e2u chuy\u1ec7n nu\u00f4i d\u1ea1y con v\u1edbi c\u00e1c cha m\u1eb9 Vi\u1ec7t Nam.<\/p>\n<p>\u201cBAO DUNG &#8211; TH\u1eeaA NH\u1eacN &#8211; KHEN NG\u1ee2I &#8211; KH\u00cdCH L\u1ec6 &#8211; TIN T\u01af\u1edeNG&#8221; v\u1edbi con c\u00e1i v\u00e0 T\u1ef0 TIN v\u1edbi ch\u00ednh m\u00ecnh, \u0111\u00f3 l\u00e0 nh\u1eefng t\u1eeb kho\u00e1 quan tr\u1ecdng nh\u1ea5t trong c\u00e1ch \u1ee9ng x\u1eed h\u1eb1ng ng\u00e0y v\u1edbi con. \u201cCu\u1ed9c s\u1ed1ng hi\u1ec7n t\u1ea1i l\u00e0 t\u1ea5m  g\u01b0\u01a1ng ph\u1ea3n chi\u1ebfu t\u00e2m h\u1ed3n c\u1ee7a ch\u00ednh ch\u00fang ta.\u201d V\u00ec th\u1ebf t\u00f4i h\u1ecdc c\u00e1ch c\u1ea3m \u01a1n nh\u1eefng g\u00ec \u0111ang c\u00f3, bu\u00f4ng b\u1edbt \u0111i nh\u1eefng \u00e1p l\u1ef1c l\u00ean b\u1ea3n th\u00e2n v\u00e0 con c\u00e1i \u0111\u1ec3 v\u1eeba c\u00e2n b\u1eb1ng cu\u1ed9c s\u1ed1ng, v\u1eeba ch\u0103m con m\u00e0 v\u1eabn ch\u0103m lo cho s\u1ef1 nghi\u1ec7p. H\u00e3y tin r\u1eb1ng b\u1ea1n s\u1ebd lu\u00f4n nu\u00f4i d\u1ea1y \u0111\u01b0\u1ee3c nh\u1eefng \u0111\u1ee9a tr\u1ebb th\u00e0nh c\u00f4ng v\u00e0 h\u1ea1nh ph\u00fac theo nh\u1eefng c\u00e1ch r\u1ea5t ri\u00eang c\u1ee7a m\u00ecnh, \u0111\u1ec3 ch\u00fang t\u1ef1 t\u00ecm ra s\u1ee9 m\u1ec7nh ri\u00eang c\u1ee7a cu\u1ed9c \u0111\u1eddi m\u00ecnh\u201d (Nguy\u1ec5n Th\u1ecb Thu)<\/p>\n<p>T\u00e1c gi\u1ea3: NGUY\u1ec4N TH\u1eca THU &#8211; (Aki Nguy\u1ec5n)<\/p>\n<p>T\u1ed1t nghi\u1ec7p ti\u1ebfn s\u0129 t\u1ea1i \u0110\u1ea1i h\u1ecdc Tsukuba, Nh\u1eadt B\u1ea3n.<br \/>\nHi\u1ec7n c\u00f3 m\u1ed9t con trai 4 tu\u1ed5i, t\u00ean th\u00e2n m\u1eadt l\u00e0 Bon.<br \/>\nL\u00e0 \u0111\u1ed3ng s\u00e1ng l\u1eadp c\u1ee7a Tr\u01b0\u1eddng M\u1ea7m non Tsubaki v\u00e0 l\u00e0 d\u1ecbch gi\u1ea3 c\u1ee7a nhi\u1ec1u \u0111\u1ea7u s\u00e1ch nu\u00f4i d\u1ea1y con c\u1ee7a Nh\u1eadt nh\u01b0: \u201cCh\u1edd \u0111\u1ebfn m\u1eabu gi\u00e1o th\u00ec \u0111\u00e3 mu\u1ed9n\u201d, \u201cCha m\u1eb9 Nh\u1eadt d\u1ea1y con t\u1ef1 l\u1eadp\u201d, \u201cNu\u00f4i d\u1ea1y con ki\u1ec3u Nh\u1eadt B\u1ea3n, t\u1eadp 2\u201d, v\u00e0 r\u1ea5t nhi\u1ec1u Ehon Nh\u1eadt nh\u01b0 b\u1ed9 \u201cCh\u01a1i c\u00f9ng Momo\u201d, \u201cNh\u1eefng em b\u00e9 \u0111\u00e1ng y\u00eau\u201d, b\u1ed9 \u201cVoi Pao\u201d \u2026<\/p>\n","protected":false},"featured_media":18011,"template":"","meta":{"_acf_changed":false},"product_brand":[],"product_cat":[19],"product_tag":[],"class_list":{"0":"post-18012","1":"product","2":"type-product","3":"status-publish","4":"has-post-thumbnail","6":"product_cat-nuoi-day-con","8":"first","9":"instock","10":"taxable","11":"shipping-taxable","12":"purchasable","13":"product-type-simple"},"supplier_id":null,"supplier_sku":"","barcode":null,"atum_controlled":true,"out_stock_date":null,"out_stock_threshold":null,"inheritable":false,"inbound_stock":0,"stock_on_hold":0,"sold_today":0,"sales_last_days":0,"reserved_stock":null,"customer_returns":null,"warehouse_damage":null,"lost_in_post":null,"other_logs":null,"out_stock_days":0,"lost_sales":0,"has_location":null,"update_date":"2026-01-28T23:11:02","atum_locations":[{"id":32,"name":"Helsinki","slug":"helsinki"}],"atum_stock_status":"instock","restock_status":false,"low_stock_amount":"","sales_update_date":"2026-01-28T23:11:02","calc_backorders":null,"acf":{"publisher":{"ID":1454,"post_author":"1","post_date":"2021-02-17 01:11:34","post_date_gmt":"2021-02-16 23:11:34","post_content":"<!-- wp:flatsome\/uxbuilder -->\n<h1 style=\"text-align: center;\"><strong>Kim \u0110\u1ed3ng<\/strong><\/h1>\n[row]\n\n[col span=\"3\" span__sm=\"12\"]\n\n[ux_image id=\"1534\" image_size=\"medium\"]\n\n\n[\/col]\n[col span=\"9\" span__sm=\"12\"]\n\n<p>Nh\u00e0 xu\u1ea5t b\u1ea3n Kim \u0110\u1ed3ng tr\u1ef1c thu\u1ed9c Trung \u01b0\u01a1ng \u0110o\u00e0n TNCS H\u1ed3 Ch\u00ed Minh l\u00e0 Nh\u00e0 xu\u1ea5t b\u1ea3n t\u1ed5ng h\u1ee3p c\u00f3 ch\u1ee9c n\u0103ng xu\u1ea5t b\u1ea3n s\u00e1ch v\u00e0 v\u0103n h\u00f3a ph\u1ea9m ph\u1ee5c v\u1ee5 thi\u1ebfu nhi v\u00e0 c\u00e1c b\u1eadc ph\u1ee5 huynh trong c\u1ea3 n\u01b0\u1edbc, qu\u1ea3ng b\u00e1 v\u00e0 gi\u1edbi thi\u1ec7u v\u0103n h\u00f3a Vi\u1ec7t Nam ra th\u1ebf gi\u1edbi.<br \/>Nh\u00e0 xu\u1ea5t b\u1ea3n c\u00f3 nhi\u1ec7m v\u1ee5 t\u1ed5 ch\u1ee9c b\u1ea3n th\u1ea3o, bi\u00ean so\u1ea1n, bi\u00ean d\u1ecbch, xu\u1ea5t b\u1ea3n v\u00e0 ph\u00e1t h\u00e0nh c\u00e1c xu\u1ea5t b\u1ea3n ph\u1ea9m c\u00f3 n\u1ed9i dung: gi\u00e1o d\u1ee5c truy\u1ec1n th\u1ed1ng d\u00e2n t\u1ed9c, gi\u00e1o d\u1ee5c v\u1ec1 tri th\u1ee9c, ki\u1ebfn th\u1ee9c\u2026 tr\u00ean c\u00e1c l\u0129nh v\u1ef1c v\u0103n h\u1ecdc, ngh\u1ec7 thu\u1eadt, khoa h\u1ecdc k\u1ef9 thu\u1eadt nh\u1eb1m cung c\u1ea5p cho c\u00e1c em thi\u1ebfu nhi c\u0169ng nh\u01b0 c\u00e1c b\u1eadc ph\u1ee5 huynh c\u00e1c ki\u1ebfn th\u1ee9c c\u1ea7n thi\u1ebft trong cu\u1ed9c s\u1ed1ng, nh\u1eefng tinh hoa c\u1ee7a tri th\u1ee9c nh\u00e2n lo\u1ea1i nh\u1eb1m g\u00f3p ph\u1ea7n gi\u00e1o d\u1ee5c v\u00e0 h\u00ecnh th\u00e0nh nh\u00e2n c\u00e1ch th\u1ebf h\u1ec7 tr\u1ebb.<br \/>\u0110\u1ed1i t\u01b0\u1ee3ng ph\u1ee5c v\u1ee5 c\u1ee7a Nh\u00e0 xu\u1ea5t b\u1ea3n l\u00e0 c\u00e1c em t\u1eeb tu\u1ed5i nh\u00e0 tr\u1ebb m\u1eabu gi\u00e1o (1 \u0111\u1ebfn 5 tu\u1ed5i), nhi \u0111\u1ed3ng (6 \u0111\u1ebfn 9 tu\u1ed5i), thi\u1ebfu ni\u00ean (10 \u0111\u1ebfn 15 tu\u1ed5i) \u0111\u1ebfn c\u00e1c em tu\u1ed5i m\u1edbi l\u1edbn (16 \u0111\u1ebfn 18 tu\u1ed5i) v\u00e0 c\u00e1c b\u1eadc ph\u1ee5 huynh.<\/p>\n\n[\/col]\n\n[\/row]\n\n<!-- \/wp:flatsome\/uxbuilder -->","post_title":"Kim \u0110\u1ed3ng","post_excerpt":"","post_status":"publish","comment_status":"closed","ping_status":"closed","post_password":"","post_name":"kim-dong","to_ping":"","pinged":"","post_modified":"2021-02-17 01:31:56","post_modified_gmt":"2021-02-16 23:31:56","post_content_filtered":"","post_parent":0,"guid":"https:\/\/sachviet.eu\/nha-phat-hanh\/kim-dong\/","menu_order":0,"post_type":"publisher","post_mime_type":"","comment_count":"0","filter":"raw"}},"_links":{"self":[{"href":"https:\/\/sachviet.eu\/en\/wp-json\/wp\/v2\/product\/18012","targetHints":{"allow":["GET"]}}],"collection":[{"href":"https:\/\/sachviet.eu\/en\/wp-json\/wp\/v2\/product"}],"about":[{"href":"https:\/\/sachviet.eu\/en\/wp-json\/wp\/v2\/types\/product"}],"wp:featuredmedia":[{"embeddable":true,"href":"https:\/\/sachviet.eu\/en\/wp-json\/wp\/v2\/media\/18011"}],"wp:attachment":[{"href":"https:\/\/sachviet.eu\/en\/wp-json\/wp\/v2\/media?parent=18012"}],"wp:term":[{"taxonomy":"product_brand","embeddable":true,"href":"https:\/\/sachviet.eu\/en\/wp-json\/wp\/v2\/product_brand?post=18012"},{"taxonomy":"product_cat","embeddable":true,"href":"https:\/\/sachviet.eu\/en\/wp-json\/wp\/v2\/product_cat?post=18012"},{"taxonomy":"product_tag","embeddable":true,"href":"https:\/\/sachviet.eu\/en\/wp-json\/wp\/v2\/product_tag?post=18012"}],"curies":[{"name":"wp","href":"https:\/\/api.w.org\/{rel}","templated":true}]}}