{"id":18002,"date":"2022-04-09T23:52:53","date_gmt":"2022-04-09T20:52:53","guid":{"rendered":"https:\/\/sachviet.eu\/shop\/than-thoai-hy-lap-tai-ban\/"},"modified":"2022-12-19T18:15:14","modified_gmt":"2022-12-19T16:15:14","slug":"than-thoai-hy-lap-tai-ban","status":"publish","type":"product","link":"https:\/\/sachviet.eu\/en\/shop\/than-thoai-hy-lap-tai-ban\/","title":{"rendered":"Th\u1ea7n Tho\u1ea1i Hy L\u1ea1p (T\u00e1i B\u1ea3n)"},"content":{"rendered":"<p>Th\u1ea7n tho\u1ea1i Hy L\u1ea1p, m\u1ed9t di s\u1ea3n v\u0103n h\u00f3a nh\u00e2n lo\u1ea1i, t\u1eeb l\u00e2u \u0111\u00e3 tr\u1edf th\u00e0nh n\u1ec1n t\u1ea3ng v\u0103n h\u00f3a kh\u00f4ng ch\u1ec9 c\u1ee7a m\u1ed9t qu\u1ed1c gia m\u00e0 c\u00f2n l\u00e0 c\u1ee7a c\u1ea3 m\u1ed9t ch\u00e2u l\u1ee5c &#8211; \u00c2u ch\u00e2u.<br \/>\nTh\u1ea7n tho\u1ea1i Hy L\u1ea1p l\u00e0 nh\u1eefng c\u00e2u chuy\u1ec7n l\u00fd gi\u1ea3i s\u1ef1 h\u00ecnh th\u00e0nh th\u1ebf gi\u1edbi nh\u01b0ng l\u1ea5p l\u00e1nh b\u00ean trong \u0111\u00f3 l\u00e0 kh\u00e1t khao, l\u00e0 \u01b0\u1edbc m\u01a1 kh\u1eb3ng \u0111\u1ecbnh t\u1ea7m v\u00f3c c\u1ee7a con ng\u01b0\u1eddi tr\u01b0\u1edbc thi\u00ean nhi\u00ean. Nh\u1eefng \u01b0\u1edbc m\u01a1 \u1ea5y c\u1ee7a lo\u00e0i ng\u01b0\u1eddi c\u00e0ng l\u1ea5p l\u00e1nh bao nhi\u00eau th\u00ec b\u1ea7u tr\u1eddi \u0111\u00eam th\u1ea7n tho\u1ea1i l\u1ea1i c\u00e0ng huy\u1ec1n b\u00ed, c\u00e0ng r\u1ed9ng m\u1edf b\u1ea5y nhi\u00eau.<br \/>\n\u0110\u00f3 ch\u00ednh l\u00e0 s\u1ee9c h\u1ea5p d\u1eabn ng\u00e0n \u0111\u1eddi c\u1ee7a Th\u1ea7n tho\u1ea1i Hy L\u1ea1p.<\/p>\n","protected":false},"excerpt":{"rendered":"<p>Th\u1ea7n tho\u1ea1i Hy L\u1ea1p, m\u1ed9t di s\u1ea3n v\u0103n h\u00f3a nh\u00e2n lo\u1ea1i, t\u1eeb l\u00e2u \u0111\u00e3 tr\u1edf th\u00e0nh n\u1ec1n t\u1ea3ng v\u0103n h\u00f3a kh\u00f4ng ch\u1ec9 c\u1ee7a m\u1ed9t qu\u1ed1c gia m\u00e0 c\u00f2n l\u00e0 c\u1ee7a c\u1ea3 m\u1ed9t ch\u00e2u l\u1ee5c &#8211; \u00c2u ch\u00e2u.<br \/>\nTh\u1ea7n tho\u1ea1i Hy L\u1ea1p l\u00e0 nh\u1eefng c\u00e2u chuy\u1ec7n l\u00fd gi\u1ea3i s\u1ef1 h\u00ecnh th\u00e0nh th\u1ebf gi\u1edbi nh\u01b0ng l\u1ea5p l\u00e1nh b\u00ean trong \u0111\u00f3 l\u00e0 kh\u00e1t khao, l\u00e0 \u01b0\u1edbc m\u01a1 kh\u1eb3ng \u0111\u1ecbnh t\u1ea7m v\u00f3c c\u1ee7a con ng\u01b0\u1eddi tr\u01b0\u1edbc thi\u00ean nhi\u00ean. Nh\u1eefng \u01b0\u1edbc m\u01a1 \u1ea5y c\u1ee7a lo\u00e0i ng\u01b0\u1eddi c\u00e0ng l\u1ea5p l\u00e1nh bao nhi\u00eau th\u00ec b\u1ea7u tr\u1eddi \u0111\u00eam th\u1ea7n tho\u1ea1i l\u1ea1i c\u00e0ng huy\u1ec1n b\u00ed, c\u00e0ng r\u1ed9ng m\u1edf b\u1ea5y nhi\u00eau.<br \/>\n\u0110\u00f3 ch\u00ednh l\u00e0 s\u1ee9c h\u1ea5p d\u1eabn ng\u00e0n \u0111\u1eddi c\u1ee7a Th\u1ea7n tho\u1ea1i Hy L\u1ea1p.<\/p>\n","protected":false},"featured_media":18001,"template":"","meta":{"_acf_changed":false},"product_brand":[],"product_cat":[18,15,45],"product_tag":[],"class_list":{"0":"post-18002","1":"product","2":"type-product","3":"status-publish","4":"has-post-thumbnail","6":"product_cat-kinh-te","7":"product_cat-sach-danh-cho-nguoi-lon","8":"product_cat-tieu-thuyet","10":"first","11":"instock","12":"taxable","13":"shipping-taxable","14":"purchasable","15":"product-type-simple"},"supplier_id":null,"supplier_sku":"","barcode":null,"atum_controlled":true,"out_stock_date":null,"out_stock_threshold":null,"inheritable":false,"inbound_stock":0,"stock_on_hold":0,"sold_today":0,"sales_last_days":0,"reserved_stock":null,"customer_returns":null,"warehouse_damage":null,"lost_in_post":null,"other_logs":null,"out_stock_days":0,"lost_sales":0,"has_location":null,"update_date":"2026-01-28T23:11:02","atum_locations":[{"id":32,"name":"Helsinki","slug":"helsinki"}],"atum_stock_status":"instock","restock_status":false,"low_stock_amount":"","sales_update_date":"2026-01-28T23:11:02","calc_backorders":null,"acf":{"publisher":{"ID":18000,"post_author":"1","post_date":"2022-04-09 23:52:45","post_date_gmt":"2022-04-09 20:52:45","post_content":"","post_title":"V\u0103n H\u1ecdc","post_excerpt":"","post_status":"publish","comment_status":"closed","ping_status":"closed","post_password":"","post_name":"van-hoc","to_ping":"","pinged":"","post_modified":"2022-04-09 23:52:45","post_modified_gmt":"2022-04-09 20:52:45","post_content_filtered":"","post_parent":0,"guid":"https:\/\/sachviet.eu\/nha-phat-hanh\/van-hoc\/","menu_order":0,"post_type":"publisher","post_mime_type":"","comment_count":"0","filter":"raw"}},"_links":{"self":[{"href":"https:\/\/sachviet.eu\/en\/wp-json\/wp\/v2\/product\/18002","targetHints":{"allow":["GET"]}}],"collection":[{"href":"https:\/\/sachviet.eu\/en\/wp-json\/wp\/v2\/product"}],"about":[{"href":"https:\/\/sachviet.eu\/en\/wp-json\/wp\/v2\/types\/product"}],"wp:featuredmedia":[{"embeddable":true,"href":"https:\/\/sachviet.eu\/en\/wp-json\/wp\/v2\/media\/18001"}],"wp:attachment":[{"href":"https:\/\/sachviet.eu\/en\/wp-json\/wp\/v2\/media?parent=18002"}],"wp:term":[{"taxonomy":"product_brand","embeddable":true,"href":"https:\/\/sachviet.eu\/en\/wp-json\/wp\/v2\/product_brand?post=18002"},{"taxonomy":"product_cat","embeddable":true,"href":"https:\/\/sachviet.eu\/en\/wp-json\/wp\/v2\/product_cat?post=18002"},{"taxonomy":"product_tag","embeddable":true,"href":"https:\/\/sachviet.eu\/en\/wp-json\/wp\/v2\/product_tag?post=18002"}],"curies":[{"name":"wp","href":"https:\/\/api.w.org\/{rel}","templated":true}]}}