{"id":17999,"date":"2022-04-09T23:52:41","date_gmt":"2022-04-09T20:52:41","guid":{"rendered":"https:\/\/sachviet.eu\/shop\/ky-luat-mem-trong-gia-dinh-giao-duc-tre-3-10-tuoi-danh-cho-gia-dinh-viet\/"},"modified":"2022-12-19T18:15:19","modified_gmt":"2022-12-19T16:15:19","slug":"ky-luat-mem-trong-gia-dinh-giao-duc-tre-3-10-tuoi-danh-cho-gia-dinh-viet","status":"publish","type":"product","link":"https:\/\/sachviet.eu\/en\/shop\/ky-luat-mem-trong-gia-dinh-giao-duc-tre-3-10-tuoi-danh-cho-gia-dinh-viet\/","title":{"rendered":"K\u1ef7 Lu\u1eadt M\u1ec1m Trong Gia \u0110\u00ecnh: Gi\u00e1o D\u1ee5c Tr\u1ebb 3 &#8211; 10 Tu\u1ed5i D\u00e0nh Cho Gia \u0110\u00ecnh Vi\u1ec7t"},"content":{"rendered":"<p>N\u1ebfu v\u00ed nh\u01b0 n\u0103ng l\u1ef1c c\u1ee7a m\u1ed9t \u0111\u1ee9a tr\u1ebb l\u00e0 chi\u1ebfc c\u1ed1c, c\u00f2n ki\u1ebfn th\u1ee9c l\u00e0 l\u01b0\u1ee3ng n\u01b0\u1edbc \u0111\u1ed5 v\u00e0o, th\u00ec n\u1ebfu chi\u1ebfc c\u1ed1c c\u00e0ng to, tr\u1ebb s\u1ebd c\u00e0ng nh\u1eadn \u0111\u01b0\u1ee3c nhi\u1ec1u n\u01b0\u1edbc sau n\u00e0y. Giai \u0111o\u1ea1n 0-10 tu\u1ed5i l\u00e0 th\u1eddi k\u00ec quan tr\u1ecdng nh\u1ea5t \u0111\u1ec3 b\u1ed1 m\u1eb9 n\u1eb7n chi\u1ebfc c\u1ed1c n\u0103ng l\u1ef1c cho con, ch\u1ee9 kh\u00f4ng ph\u1ea3i \u0111\u1ed5 \u0111\u1ea7y m\u1ed9t c\u1ed1c n\u01b0\u1edbc. Ba tr\u1ee5 c\u1ed9t quan tr\u1ecdng \u0111\u1ec3 x\u00e2y d\u1ef1ng n\u1ec1n m\u00f3ng v\u1eefng ch\u1eafc cho s\u1ef1 tr\u01b0\u1edfng th\u00e0nh c\u1ee7a con sau n\u00e0y: Nu\u00f4i d\u01b0\u1ee1ng nh\u1eefng n\u0103ng l\u1ef1c s\u1ed1ng v\u00e0 ch\u00fa tr\u1ecdng b\u1ed3i \u0111\u1eafp nh\u1eefng ph\u1ea9m ch\u1ea5t \u0111\u1ea1o \u0111\u1ee9c, h\u00ecnh th\u00e0nh nh\u1eefng th\u00f3i quen t\u1ed1t.<\/p>\n<p>Nu\u00f4i d\u01b0\u1ee1ng n\u0103ng l\u1ef1c s\u1ed1ng:<\/p>\n<p>&#8211; N\u0103ng l\u1ef1c \u0111\u1ea7u ti\u00ean m\u00e0 tr\u1ebb c\u1ea7n nh\u1ea5t \u1edf giai \u0111o\u1ea1n \u0111\u1ea7u \u0111\u1eddi ch\u00ednh l\u00e0 nu\u00f4i d\u01b0\u1ee1ng t\u00ednh t\u1ef1 l\u1eadp trong sinh ho\u1ea1t h\u00e0ng ng\u00e0y, s\u1ef1 t\u1ef1 ch\u1ee7 trong suy ngh\u0129 v\u00e0 h\u00e0nh \u0111\u1ed9ng, c\u00f3 kh\u1ea3 n\u0103ng suy ngh\u0129 \u0111\u1ed9c l\u1eadp v\u00e0 b\u00e0y t\u1ecf ch\u00ednh ki\u1ebfn. C\u00f3 kh\u1ea3 n\u0103ng ki\u1ec3m so\u00e1t h\u00e0nh vi c\u1ee7a b\u1ea3n th\u00e2n v\u00e0 tu\u00e2n theo quy t\u1eafc n\u01a1i t\u1eadp th\u1ec3.<\/p>\n<p>&#8211; N\u0103ng l\u1ef1c th\u1ee9 hai ch\u00ednh l\u00e0 nh\u1eefng k\u1ef9 n\u0103ng m\u1ec1m gi\u00fap tr\u1ebb k\u1ebft n\u1ed1i v\u1edbi m\u1ecdi ng\u01b0\u1eddi xung quanh, kh\u1ea3 n\u0103ng l\u1eafng nghe, quan s\u00e1t v\u00e0 t\u1ef1 tin \u0111\u1ec3 s\u1eb5n s\u00e0ng cho vi\u1ec7c h\u1ecdc t\u1eadp trong m\u00f4i tr\u01b0\u1eddng ti\u1ec3u h\u1ecdc.<\/p>\n<p>&#8211; N\u0103ng l\u1ef1c th\u1ee9 ba ch\u00ednh l\u00e0 nu\u00f4i d\u01b0\u1ee1ng s\u1ef1 t\u00f2 m\u00f2 v\u00e0 tr\u00ed t\u01b0\u1edfng t\u01b0\u1ee3ng v\u00e0 s\u00e1ng t\u1ea1o cho tr\u1ebb th\u00f4ng qua nh\u1eefng tr\u1ea3i nghi\u1ec7m th\u1ef1c t\u1ebf v\u00e0 c\u00e1ch tr\u00f2 chuy\u1ec7n c\u1ee7a b\u1ed1 m\u1eb9 trong cu\u1ed9c s\u1ed1ng h\u00e0ng ng\u00e0y, c\u00f9ng th\u00f3i quen v\u00e0 k\u1ef9 n\u0103ng \u0111\u1eb7t c\u00e2u h\u1ecfi \u201cV\u00ec sao\u201d, \u201cCon ngh\u0129 nh\u01b0 th\u1ebf n\u00e0o?, \u201cN\u1ebfu th\u00ec\u201d.<\/p>\n<p>Vun \u0111\u1eafp ph\u1ea9m ch\u1ea5t<\/p>\n<p>T\u00e0i n\u0103ng c\u00f3 th\u1ec3 gi\u00fap con th\u00e0nh c\u00f4ng, nh\u01b0ng \u0111\u1ea1o \u0111\u1ee9c v\u00e0 th\u00f3i quen t\u1ed1t m\u1edbi l\u00e0 th\u1ee9 gi\u00fap con c\u00f3 \u0111\u01b0\u1ee3c h\u1ea1nh ph\u00fac \u0111\u00edch th\u1ef1c. \u201cK\u1ef7 lu\u1eadt m\u1ec1m trong gia \u0111\u00ecnh\u201d s\u1ebd nu\u00f4i d\u01b0\u1ee1ng cho con nh\u1eefng ph\u1ea9m ch\u1ea5t \u0111\u1ea1o \u0111\u1ee9c nh\u01b0: kh\u1ea3 n\u0103ng \u0111\u1ed3ng c\u1ea3m-th\u1ea5u c\u1ea3m, kh\u1ea3 n\u0103ng bi\u1ebft l\u1eafng nghe ng\u01b0\u1eddi kh\u00e1c, tr\u00e1i tim bao dung v\u00e0 chia s\u1ebb, vun \u0111\u1eafp l\u00f2ng bi\u1ebft \u01a1n v\u1edbi cu\u1ed9c s\u1ed1ng, tr\u00e2n tr\u1ecdng sinh m\u1ec7nh, v\u00e0 c\u00f3 tr\u00e1ch nhi\u1ec7m v\u1edbi b\u1ea3n th\u00e2n v\u00e0 gia \u0111\u00ecnh.<\/p>\n<p>H\u00ecnh th\u00e0nh th\u00f3i quen t\u1ed1t<\/p>\n<p>Nh\u1eefng th\u00f3i quen t\u1ed1t c\u1ea7n \u0111\u01b0\u1ee3c h\u00ecnh th\u00e0nh v\u00e0 duy tr\u00ec ch\u00ednh l\u00e0 s\u1ef1 ng\u0103n n\u1eafp g\u1ecdn g\u00e0ng, sinh ho\u1ea1t c\u00f3 quy t\u1eafc ng\u1ee7 s\u1edbm-d\u1eady s\u1edbm-\u0111\u1ee7 gi\u1ea5c, y\u00eau th\u00edch v\u1eadn \u0111\u1ed9ng, y\u00eau th\u00edch vi\u1ec7c \u0111\u1ecdc s\u00e1ch, th\u00f3i quen t\u1ef1 gi\u00e1c h\u1ecdc, bi\u1ebft qu\u1ea3n l\u00ed th\u1eddi gian v\u00e0 ti\u1ec1n b\u1ea1c t\u1eeb giai \u0111o\u1ea1n ti\u1ec3u h\u1ecdc.<\/p>\n<p>\u201cK\u1ef7 lu\u1eadt m\u1ec1m trong gia \u0111\u00ecnh\u201d v\u1edbi c\u00e1ch \u1ee9ng x\u1eed d\u1ef1a tr\u00ean 5 t\u1eeb kh\u00f3a \u201cY\u00eau Th\u01b0\u01a1ng &#8211; Ki\u00ean Nh\u1eabn &#8211; Th\u1eeba Nh\u1eadn &#8211; Khen Ng\u1ee3i &#8211; Tin T\u01b0\u1edfng\u201d, b\u1eb1ng nh\u1eefng c\u00e2u chuy\u1ec7n th\u1ef1c t\u1ebf, g\u1ea7n g\u0169i v\u00e0 sinh \u0111\u1ed9ng c\u00f3 t\u00ednh \u1ee9ng d\u1ee5ng cao, b\u1ed1 m\u1eb9 s\u1ebd c\u1ea3m th\u1ea5y cu\u1ed1n s\u00e1ch nh\u01b0 \u0111ang vi\u1ebft cho ch\u00ednh m\u00ecnh v\u00e0 ch\u00ednh con m\u00ecnh. V\u00e0 t\u1eeb \u0111\u00f3 vi\u1ec7c nu\u00f4i d\u1ea1y con s\u1ebd nh\u1eb9 nh\u00e0ng v\u00e0 b\u00ecnh an h\u01a1n.<\/p>\n<p>Th\u00f4ng tin t\u00e1c gi\u1ea3:<\/p>\n<p>TS Nguy\u1ec5n Th\u1ecb Thu \u2013 t\u1ed1t nghi\u1ec7p ti\u1ebfn s\u0129 t\u1ea1i \u0110\u1ea1i h\u1ecdc Tsukuba, Nh\u1eadt B\u1ea3n. Ch\u1ecb l\u00e0 \u0111\u1ed3ng s\u00e1ng l\u1eadp, ki\u00eam gi\u00e1m \u0111\u1ed1c \u0111\u00e0o t\u1ea1o c\u1ee7a h\u1ec7 th\u1ed1ng gi\u00e1o d\u1ee5c Tsubaki \u2013 theo tri\u1ebft l\u00fd gi\u00e1o d\u1ee5c c\u1ee7a Nh\u1eadt B\u1ea3n. L\u00e0 ng\u01b0\u1eddi \u0111\u1ea7u ti\u00ean \u0111\u00e3 \u0111\u01b0a ph\u01b0\u01a1ng ph\u00e1p \u0111\u1ecdc ehon c\u1ee7a cha m\u1eb9 Nh\u1eadt v\u1ec1 Vi\u1ec7t Nam. L\u00e0 t\u00e1c gi\u1ea3 nh\u1eefng \u0111\u1ea7u s\u00e1ch hot d\u00e0nh cho cha m\u1eb9 K\u1ef7 lu\u1eadt m\u1ec1m c\u1ee7a tr\u00e1i tim, \u0110\u1ecdc ehon cho b\u00e9.<\/p>\n","protected":false},"excerpt":{"rendered":"<p>N\u1ebfu v\u00ed nh\u01b0 n\u0103ng l\u1ef1c c\u1ee7a m\u1ed9t \u0111\u1ee9a tr\u1ebb l\u00e0 chi\u1ebfc c\u1ed1c, c\u00f2n ki\u1ebfn th\u1ee9c l\u00e0 l\u01b0\u1ee3ng n\u01b0\u1edbc \u0111\u1ed5 v\u00e0o, th\u00ec n\u1ebfu chi\u1ebfc c\u1ed1c c\u00e0ng to, tr\u1ebb s\u1ebd c\u00e0ng nh\u1eadn \u0111\u01b0\u1ee3c nhi\u1ec1u n\u01b0\u1edbc sau n\u00e0y. Giai \u0111o\u1ea1n 0-10 tu\u1ed5i l\u00e0 th\u1eddi k\u00ec quan tr\u1ecdng nh\u1ea5t \u0111\u1ec3 b\u1ed1 m\u1eb9 n\u1eb7n chi\u1ebfc c\u1ed1c n\u0103ng l\u1ef1c cho con, ch\u1ee9 kh\u00f4ng ph\u1ea3i \u0111\u1ed5 \u0111\u1ea7y m\u1ed9t c\u1ed1c n\u01b0\u1edbc. Ba tr\u1ee5 c\u1ed9t quan tr\u1ecdng \u0111\u1ec3 x\u00e2y d\u1ef1ng n\u1ec1n m\u00f3ng v\u1eefng ch\u1eafc cho s\u1ef1 tr\u01b0\u1edfng th\u00e0nh c\u1ee7a con sau n\u00e0y: Nu\u00f4i d\u01b0\u1ee1ng nh\u1eefng n\u0103ng l\u1ef1c s\u1ed1ng v\u00e0 ch\u00fa tr\u1ecdng b\u1ed3i \u0111\u1eafp nh\u1eefng ph\u1ea9m ch\u1ea5t \u0111\u1ea1o \u0111\u1ee9c, h\u00ecnh th\u00e0nh nh\u1eefng th\u00f3i quen t\u1ed1t.<\/p>\n<p>Nu\u00f4i d\u01b0\u1ee1ng n\u0103ng l\u1ef1c s\u1ed1ng:<\/p>\n<p>&#8211; N\u0103ng l\u1ef1c \u0111\u1ea7u ti\u00ean m\u00e0 tr\u1ebb c\u1ea7n nh\u1ea5t \u1edf giai \u0111o\u1ea1n \u0111\u1ea7u \u0111\u1eddi ch\u00ednh l\u00e0 nu\u00f4i d\u01b0\u1ee1ng t\u00ednh t\u1ef1 l\u1eadp trong sinh ho\u1ea1t h\u00e0ng ng\u00e0y, s\u1ef1 t\u1ef1 ch\u1ee7 trong suy ngh\u0129 v\u00e0 h\u00e0nh \u0111\u1ed9ng, c\u00f3 kh\u1ea3 n\u0103ng suy ngh\u0129 \u0111\u1ed9c l\u1eadp v\u00e0 b\u00e0y t\u1ecf ch\u00ednh ki\u1ebfn. C\u00f3 kh\u1ea3 n\u0103ng ki\u1ec3m so\u00e1t h\u00e0nh vi c\u1ee7a b\u1ea3n th\u00e2n v\u00e0 tu\u00e2n theo quy t\u1eafc n\u01a1i t\u1eadp th\u1ec3.<\/p>\n<p>&#8211; N\u0103ng l\u1ef1c th\u1ee9 hai ch\u00ednh l\u00e0 nh\u1eefng k\u1ef9 n\u0103ng m\u1ec1m gi\u00fap tr\u1ebb k\u1ebft n\u1ed1i v\u1edbi m\u1ecdi ng\u01b0\u1eddi xung quanh, kh\u1ea3 n\u0103ng l\u1eafng nghe, quan s\u00e1t v\u00e0 t\u1ef1 tin \u0111\u1ec3 s\u1eb5n s\u00e0ng cho vi\u1ec7c h\u1ecdc t\u1eadp trong m\u00f4i tr\u01b0\u1eddng ti\u1ec3u h\u1ecdc.<\/p>\n<p>&#8211; N\u0103ng l\u1ef1c th\u1ee9 ba ch\u00ednh l\u00e0 nu\u00f4i d\u01b0\u1ee1ng s\u1ef1 t\u00f2 m\u00f2 v\u00e0 tr\u00ed t\u01b0\u1edfng t\u01b0\u1ee3ng v\u00e0 s\u00e1ng t\u1ea1o cho tr\u1ebb th\u00f4ng qua nh\u1eefng tr\u1ea3i nghi\u1ec7m th\u1ef1c t\u1ebf v\u00e0 c\u00e1ch tr\u00f2 chuy\u1ec7n c\u1ee7a b\u1ed1 m\u1eb9 trong cu\u1ed9c s\u1ed1ng h\u00e0ng ng\u00e0y, c\u00f9ng th\u00f3i quen v\u00e0 k\u1ef9 n\u0103ng \u0111\u1eb7t c\u00e2u h\u1ecfi \u201cV\u00ec sao\u201d, \u201cCon ngh\u0129 nh\u01b0 th\u1ebf n\u00e0o?, \u201cN\u1ebfu th\u00ec\u201d.<\/p>\n<p>Vun \u0111\u1eafp ph\u1ea9m ch\u1ea5t<\/p>\n<p>T\u00e0i n\u0103ng c\u00f3 th\u1ec3 gi\u00fap con th\u00e0nh c\u00f4ng, nh\u01b0ng \u0111\u1ea1o \u0111\u1ee9c v\u00e0 th\u00f3i quen t\u1ed1t m\u1edbi l\u00e0 th\u1ee9 gi\u00fap con c\u00f3 \u0111\u01b0\u1ee3c h\u1ea1nh ph\u00fac \u0111\u00edch th\u1ef1c. \u201cK\u1ef7 lu\u1eadt m\u1ec1m trong gia \u0111\u00ecnh\u201d s\u1ebd nu\u00f4i d\u01b0\u1ee1ng cho con nh\u1eefng ph\u1ea9m ch\u1ea5t \u0111\u1ea1o \u0111\u1ee9c nh\u01b0: kh\u1ea3 n\u0103ng \u0111\u1ed3ng c\u1ea3m-th\u1ea5u c\u1ea3m, kh\u1ea3 n\u0103ng bi\u1ebft l\u1eafng nghe ng\u01b0\u1eddi kh\u00e1c, tr\u00e1i tim bao dung v\u00e0 chia s\u1ebb, vun \u0111\u1eafp l\u00f2ng bi\u1ebft \u01a1n v\u1edbi cu\u1ed9c s\u1ed1ng, tr\u00e2n tr\u1ecdng sinh m\u1ec7nh, v\u00e0 c\u00f3 tr\u00e1ch nhi\u1ec7m v\u1edbi b\u1ea3n th\u00e2n v\u00e0 gia \u0111\u00ecnh.<\/p>\n<p>H\u00ecnh th\u00e0nh th\u00f3i quen t\u1ed1t<\/p>\n<p>Nh\u1eefng th\u00f3i quen t\u1ed1t c\u1ea7n \u0111\u01b0\u1ee3c h\u00ecnh th\u00e0nh v\u00e0 duy tr\u00ec ch\u00ednh l\u00e0 s\u1ef1 ng\u0103n n\u1eafp g\u1ecdn g\u00e0ng, sinh ho\u1ea1t c\u00f3 quy t\u1eafc ng\u1ee7 s\u1edbm-d\u1eady s\u1edbm-\u0111\u1ee7 gi\u1ea5c, y\u00eau th\u00edch v\u1eadn \u0111\u1ed9ng, y\u00eau th\u00edch vi\u1ec7c \u0111\u1ecdc s\u00e1ch, th\u00f3i quen t\u1ef1 gi\u00e1c h\u1ecdc, bi\u1ebft qu\u1ea3n l\u00ed th\u1eddi gian v\u00e0 ti\u1ec1n b\u1ea1c t\u1eeb giai \u0111o\u1ea1n ti\u1ec3u h\u1ecdc.<\/p>\n<p>\u201cK\u1ef7 lu\u1eadt m\u1ec1m trong gia \u0111\u00ecnh\u201d v\u1edbi c\u00e1ch \u1ee9ng x\u1eed d\u1ef1a tr\u00ean 5 t\u1eeb kh\u00f3a \u201cY\u00eau Th\u01b0\u01a1ng &#8211; Ki\u00ean Nh\u1eabn &#8211; Th\u1eeba Nh\u1eadn &#8211; Khen Ng\u1ee3i &#8211; Tin T\u01b0\u1edfng\u201d, b\u1eb1ng nh\u1eefng c\u00e2u chuy\u1ec7n th\u1ef1c t\u1ebf, g\u1ea7n g\u0169i v\u00e0 sinh \u0111\u1ed9ng c\u00f3 t\u00ednh \u1ee9ng d\u1ee5ng cao, b\u1ed1 m\u1eb9 s\u1ebd c\u1ea3m th\u1ea5y cu\u1ed1n s\u00e1ch nh\u01b0 \u0111ang vi\u1ebft cho ch\u00ednh m\u00ecnh v\u00e0 ch\u00ednh con m\u00ecnh. V\u00e0 t\u1eeb \u0111\u00f3 vi\u1ec7c nu\u00f4i d\u1ea1y con s\u1ebd nh\u1eb9 nh\u00e0ng v\u00e0 b\u00ecnh an h\u01a1n.<\/p>\n","protected":false},"featured_media":17998,"template":"","meta":{"_acf_changed":false},"product_brand":[],"product_cat":[19],"product_tag":[],"class_list":{"0":"post-17999","1":"product","2":"type-product","3":"status-publish","4":"has-post-thumbnail","6":"product_cat-nuoi-day-con","8":"first","9":"instock","10":"taxable","11":"shipping-taxable","12":"purchasable","13":"product-type-simple"},"supplier_id":null,"supplier_sku":"","barcode":null,"atum_controlled":true,"out_stock_date":null,"out_stock_threshold":null,"inheritable":false,"inbound_stock":0,"stock_on_hold":0,"sold_today":0,"sales_last_days":0,"reserved_stock":null,"customer_returns":null,"warehouse_damage":null,"lost_in_post":null,"other_logs":null,"out_stock_days":0,"lost_sales":0,"has_location":false,"update_date":"2026-01-28T23:11:02","atum_locations":[{"id":32,"name":"Helsinki","slug":"helsinki"}],"atum_stock_status":"instock","restock_status":false,"low_stock_amount":"","sales_update_date":"2026-01-28T23:11:02","calc_backorders":null,"acf":{"publisher":{"ID":1474,"post_author":"1","post_date":"2021-02-17 01:12:51","post_date_gmt":"2021-02-16 23:12:51","post_content":"","post_title":"Th\u00e1i H\u00e0","post_excerpt":"","post_status":"publish","comment_status":"closed","ping_status":"closed","post_password":"","post_name":"thai-ha","to_ping":"","pinged":"","post_modified":"2021-02-17 01:12:51","post_modified_gmt":"2021-02-16 23:12:51","post_content_filtered":"","post_parent":0,"guid":"https:\/\/sachviet.eu\/nha-phat-hanh\/thai-ha\/","menu_order":0,"post_type":"publisher","post_mime_type":"","comment_count":"0","filter":"raw"}},"_links":{"self":[{"href":"https:\/\/sachviet.eu\/en\/wp-json\/wp\/v2\/product\/17999","targetHints":{"allow":["GET"]}}],"collection":[{"href":"https:\/\/sachviet.eu\/en\/wp-json\/wp\/v2\/product"}],"about":[{"href":"https:\/\/sachviet.eu\/en\/wp-json\/wp\/v2\/types\/product"}],"wp:featuredmedia":[{"embeddable":true,"href":"https:\/\/sachviet.eu\/en\/wp-json\/wp\/v2\/media\/17998"}],"wp:attachment":[{"href":"https:\/\/sachviet.eu\/en\/wp-json\/wp\/v2\/media?parent=17999"}],"wp:term":[{"taxonomy":"product_brand","embeddable":true,"href":"https:\/\/sachviet.eu\/en\/wp-json\/wp\/v2\/product_brand?post=17999"},{"taxonomy":"product_cat","embeddable":true,"href":"https:\/\/sachviet.eu\/en\/wp-json\/wp\/v2\/product_cat?post=17999"},{"taxonomy":"product_tag","embeddable":true,"href":"https:\/\/sachviet.eu\/en\/wp-json\/wp\/v2\/product_tag?post=17999"}],"curies":[{"name":"wp","href":"https:\/\/api.w.org\/{rel}","templated":true}]}}