{"id":17991,"date":"2022-04-09T23:52:20","date_gmt":"2022-04-09T20:52:20","guid":{"rendered":"https:\/\/sachviet.eu\/shop\/di-rumphius\/"},"modified":"2022-12-19T18:15:50","modified_gmt":"2022-12-19T16:15:50","slug":"di-rumphius","status":"publish","type":"product","link":"https:\/\/sachviet.eu\/en\/shop\/di-rumphius\/","title":{"rendered":"D\u00ec Rumphius"},"content":{"rendered":"<p>V\u1edbi Cooney, m\u1ee5c \u0111\u00edch c\u1ee7a b\u00e0 kh\u00f4ng ph\u1ea3i l\u00e0 vi\u1ebft s\u00e1ch tranh cho thi\u1ebfu nhi, m\u00e0 l\u00e0 vi\u1ebft cho con ng\u01b0\u1eddi\u201d, nh\u01b0 nh\u1eefng \u0111i\u1ec1u b\u00e0 t\u1eebng n\u00f3i trong b\u00e0i ph\u00e1t bi\u1ec3u nh\u1eadn Hu\u00e2n ch\u01b0\u01a1ng Caldecott n\u0103m 1980.<br \/>\n\u200b\u2013 Theo The Alantic<\/p>\n<p>\u201cM\u1ed9t th\u00f4ng \u0111i\u1ec7p s\u00e2u s\u1eafc s\u1ebd kh\u00f4ng bao gi\u1edd phai m\u1edd theo th\u1eddi gian: R\u1eddi kh\u1ecfi th\u1ebf gian n\u00e0y khi \u0111\u00e3 bi\u1ebfn n\u00f3 tr\u1edf th\u00e0nh m\u1ed9t n\u01a1i t\u1ed1t \u0111\u1eb9p h\u01a1n. \u0110\u00f3 l\u00e0 c\u00e1ch \u0111\u1ec3 ch\u00fang ta c\u00f3 th\u1ec3 d\u1ea1o ch\u01a1i v\u1edbi \u00fd t\u01b0\u1edfng v\u1ec1 s\u1ef1 b\u1ea5t t\u1eed.\u201d<\/p>\n<p>\u2013 Theo Slap Happy Larry<\/p>\n<p>Nh\u1eefng cu\u1ed1n s\u00e1ch \u0111\u01b0\u1ee3c Barbara Cooney s\u00e1ng t\u00e1c trong th\u1eddi gian \u1edf Maine (\u201cD\u00ec Rumphius\u201d, \u201cHattie v\u00e0 nh\u1eefng con s\u00f3ng d\u1eef\u201d, \u201cC\u1eadu trai \u0111\u1ea3o\u201d) l\u00e0 nh\u1eefng cu\u1ed1n s\u00e1ch g\u1ea7n v\u1edbi ti\u1ec3u s\u1eed c\u1ee7a ch\u00ednh t\u00e1c gi\u1ea3 nh\u1ea5t. Trong su\u1ed1t s\u1ef1 nghi\u1ec7p l\u1eaby l\u1eebng c\u1ee7a m\u00ecnh, b\u00e0 \u0111\u00e3 v\u1ebd minh h\u1ecda cho h\u01a1n 100 cu\u1ed1n s\u00e1ch. C\u0169ng gi\u1ed1ng nh\u01b0 d\u00ec Rumphius, Barbara Cooney \u0111\u00e3 g\u00f3p ph\u1ea7n l\u00e0m cho th\u1ebf gi\u1edbi n\u00e0y t\u01b0\u01a1i \u0111\u1eb9p h\u01a1n bi\u1ebft bao.<\/p>\n<p>Alice Rumphius th\u01b0\u1eddng ng\u1ed3i trong l\u00f2ng \u00f4ng m\u1ed7i t\u1ed1i \u0111\u1ec3 nghe k\u1ec3 chuy\u1ec7n nh\u1eefng v\u00f9ng \u0111\u1ea5t xa x\u0103m v\u00e0 \u01b0\u1edbc ao m\u1ed9t mai l\u1edbn l\u00ean c\u0169ng \u0111\u01b0\u1ee3c chu du kh\u1eafp th\u1ebf gi\u1edbi. \u00d4ng d\u1eb7n Alice ngo\u00e0i vi\u1ec7c chinh ph\u1ee5c nh\u1eefng gi\u1ea5c m\u01a1 c\u1ee7a m\u00ecnh, h\u00e3y l\u00e0m th\u00eam m\u1ed9t \u0111i\u1ec1u t\u1ed1t \u0111\u1eb9p cho \u0111\u1eddi nh\u01b0ng kh\u00f4ng n\u00f3i c\u1ee5 th\u1ec3 l\u00e0 g\u00ec.<\/p>\n<p>Alice l\u1edbn l\u00ean v\u00e0 tr\u1edf th\u00e0nh d\u00ec Rumphius v\u1edbi m\u1ed9t cu\u1ed9c \u0111\u1eddi phi th\u01b0\u1eddng tr\u00e0n ng\u1eadp nh\u1eefng chuy\u1ebfn vi\u1ec5n du. Rumphius th\u01b0\u1edfng ngo\u1ea1n h\u1ebft m\u1ecdi c\u1ea3nh s\u1eafc thi\u00ean nhi\u00ean tuy\u1ec7t nh\u1ea5t tr\u1ea7n \u0111\u1eddi, t\u1eeb sa m\u1ea1c ng\u00e0n tr\u00f9ng \u0111\u1ebfn \u0111\u1ec9nh n\u00fai b\u0103ng ng\u00fat ng\u00e0n. D\u00ec c\u00f2n c\u00f3 nh\u1eefng tr\u1ea3i nghi\u1ec7m tr\u00f9 ph\u00fa v\u00e0 kh\u00e1c th\u01b0\u1eddng m\u00e0 hi\u1ebfm ng\u01b0\u1eddi c\u00f3 \u0111\u01b0\u1ee3c nh\u01b0 t\u00ecnh b\u1ea1n v\u1edbi v\u1ecb vua l\u00e0ng ch\u00e0i c\u1ee7a m\u1ed9t h\u00f2n \u0111\u1ea3o nhi\u1ec7t \u0111\u1edbi hay \u0111\u1eb7t ch\u00e2n \u0111\u1ebfn v\u00f9ng \u0111\u1ea5t c\u1ee7a ng\u01b0\u1eddi \u0103n sen trong th\u1ea7n tho\u1ea1i. Ch\u1ecdn s\u1ed1ng m\u1ed9t cu\u1ed9c \u0111\u1eddi gi\u00e0u tr\u1ea3i nghi\u1ec7m nh\u01b0 th\u1ebf, d\u00ec Rumphius t\u1ef1 cho m\u00ecnh c\u01a1 h\u1ed9i \u0111\u01b0\u1ee3c t\u1eadn h\u01b0\u1edfng nhi\u1ec1u nh\u1ea5t nh\u1eefng \u0111i\u1ec1u \u0111\u1eb9p \u0111\u1ebd, k\u1ef3 di\u1ec7u c\u1ee7a th\u1ebf gian trong kh\u1ea3 n\u0103ng c\u1ee7a m\u00ecnh. \u0110\u00f3 c\u0169ng l\u00e0 c\u00e1ch Rumphius t\u00ecm ki\u1ebfm th\u00eam m\u1ed9t \u201c\u0111i\u1ec1u t\u1ed1t \u0111\u1eb9p\u201d n\u1eefa c\u1ee7a ri\u00eang m\u00ecnh \u0111\u1ec3 \u0111\u00f3ng g\u00f3p v\u00e0o th\u1ebf gian v\u1ed1n \u0111\u00e3 v\u00f4 c\u00f9ng t\u01b0\u01a1i \u0111\u1eb9p n\u00e0y. <\/p>\n<p>B\u1ea3n th\u00e2n cu\u1ed1n s\u00e1ch \u201cD\u00ec Rumphius\u201d \u0111\u00e3 l\u00e0 m\u1ed9t \u0111i\u1ec1u \u0111\u1eb9p \u0111\u1ebd m\u00e0 Cooney \u0111\u1ec3 l\u1ea1i cho \u0111\u1eddi. C\u00e1c tranh minh h\u1ecda trong cu\u1ed1n s\u00e1ch th\u1ec3 hi\u1ec7n s\u1ef1 tinh t\u1ebf, t\u1ec9 m\u1ec9 \u0111\u1ebfn t\u1eebng chi ti\u1ebft c\u1ee7a h\u1ecda s\u0129 Cooney \u2013 ng\u01b0\u1eddi \u0111\u00e3 d\u00e0nh ra 6 ti\u1ebfng m\u1ed7i ng\u00e0y \u0111\u1ec3 v\u1ebd. Cu\u1ed1n s\u00e1ch \u0111\u00e3 \u0111\u1ea1t Gi\u1ea3i th\u01b0\u1edfng S\u00e1ch thi\u1ebfu nhi Qu\u1ed1c gia n\u0103m 1983 h\u1ea1ng m\u1ee5c s\u00e1ch tranh, x\u1ee9ng \u0111\u00e1ng l\u00e0 m\u1ed9t t\u00e1c ph\u1ea9m kinh \u0111i\u1ec3n \u0111\u01b0\u1ee3c c\u00e1c th\u1ebf h\u1ec7 \u0111\u1ed9c gi\u1ea3 chuy\u1ec1n tay nhau \u0111\u1ecdc.<\/p>\n","protected":false},"excerpt":{"rendered":"<p>&#8220;D\u00ec Rumphius&#8221; l\u00e0 cu\u1ed1n s\u00e1ch d\u00e0nh cho c\u00e1c b\u00e9 t\u1eeb 6 tu\u1ed5i. \u0110\u00e2y l\u00e0 t\u00e1c ph\u1ea9m kinh \u0111i\u1ec3n c\u1ee7a Barbara Cooney v\u1edbi th\u00f4ng \u0111i\u1ec7p b\u1ea5t h\u1ee7 \u201cs\u1ed1ng \u0111\u1eb9p cho \u0111\u1eddi\u201d. L\u1eddi nh\u1eafn nh\u1ee7 n\u00e0y \u0111\u01b0\u1ee3c truy\u1ec1n l\u1ea1i qua c\u00e1c th\u1ebf h\u1ec7 trong gia \u0111\u00ecnh Alice Rumphius \u2013 nh\u00e2n v\u1eadt ch\u00ednh c\u1ee7a cu\u1ed1n s\u00e1ch, c\u0169ng l\u00e0 th\u00f4ng \u0111i\u1ec7p m\u00e0 t\u00e1c ph\u1ea9m kinh \u0111i\u1ec3n c\u1ee7a Barbara Cooney lan t\u1ecfa \u0111\u1ebfn c\u00e1c th\u1ebf h\u1ec7 \u0111\u1ed9c gi\u1ea3 trong su\u1ed1t 4 th\u1eadp k\u1ef7 qua. C\u00e2u chuy\u1ec7n nh\u1eb9 nh\u00e0ng s\u00e2u l\u1eafng \u0111\u1ec3 ch\u00fang ta ti\u1ebfp n\u1ed1i h\u00e0nh tr\u00ecnh c\u1ee7a Alice Rumphius gieo v\u00e0o t\u00e2m h\u1ed3n tr\u1ebb th\u01a1 kh\u00e1t v\u1ecdng l\u00e0m th\u1ebf gi\u1edbi tr\u1edf n\u00ean t\u01b0\u01a1i \u0111\u1eb9p h\u01a1n &#8211; m\u1ed9t kh\u00e1t v\u1ecdng d\u1eabu b\u00e2y gi\u1edd v\u1eabn c\u00f2n h\u1ebft s\u1ee9c m\u01a1 h\u1ed3 v\u00e0 ch\u01b0a c\u00f3 d\u00e1ng h\u00ecnh c\u1ee5 th\u1ec3 n\u00e0o, nh\u01b0ng n\u00f3 s\u1ebd lu\u00f4n hi\u1ec7n h\u1eefu v\u00e0 th\u00f4i th\u00fac c\u00e1c em tr\u00ean su\u1ed1t ch\u1eb7ng \u0111\u01b0\u1eddng cu\u1ed9c \u0111\u1eddi ph\u00eda tr\u01b0\u1edbc.<\/p>\n","protected":false},"featured_media":17988,"template":"","meta":{"_acf_changed":false},"product_brand":[],"product_cat":[25,17,26],"product_tag":[],"class_list":{"0":"post-17991","1":"product","2":"type-product","3":"status-publish","4":"has-post-thumbnail","6":"product_cat-nhi-dong-6-tuoi-12-tuoi","7":"product_cat-sach-danh-cho-cac-be","8":"product_cat-thieu-nien-11-tuoi-18-tuoi","10":"first","11":"instock","12":"taxable","13":"shipping-taxable","14":"purchasable","15":"product-type-simple"},"supplier_id":null,"supplier_sku":"","barcode":null,"atum_controlled":true,"out_stock_date":null,"out_stock_threshold":null,"inheritable":false,"inbound_stock":0,"stock_on_hold":0,"sold_today":0,"sales_last_days":0,"reserved_stock":null,"customer_returns":null,"warehouse_damage":null,"lost_in_post":null,"other_logs":null,"out_stock_days":0,"lost_sales":0,"has_location":null,"update_date":"2026-01-28T23:11:02","atum_locations":[{"id":32,"name":"Helsinki","slug":"helsinki"}],"atum_stock_status":"instock","restock_status":false,"low_stock_amount":"","sales_update_date":"2026-01-28T23:11:02","calc_backorders":null,"acf":{"publisher":{"ID":1458,"post_author":"1","post_date":"2021-02-17 01:12:22","post_date_gmt":"2021-02-16 23:12:22","post_content":"<!-- wp:flatsome\/uxbuilder -->\n<h1 style=\"text-align: center\"><strong>Crabit Kidbooks<\/strong><\/h1>\n[row]\n\n[col span=\"8\" span__sm=\"12\"]\n\n<p>Crabit Kidbooks l\u00e0 nh\u00e0 ph\u00e1t h\u00e0nh s\u00e1ch thi\u1ebfu nhi thu\u1ed9c C\u00f4ng ty CPTM &amp; XNK Ng\u1ecdc \u00c1nh \u2013 \u0111\u01a1n v\u1ecb h\u01a1n 20 n\u0103m kinh nghi\u1ec7m trong ng\u00e0nh in \u1ea5n v\u00e0 l\u00e0 \u0111\u1ed1i t\u00e1c uy t\u00edn cung c\u1ea5p h\u1ecdc li\u1ec7u, s\u00e1ch v\u1edf h\u1ecdc sinh cho h\u01a1n 5000 kh\u00e1ch h\u00e0ng kh\u1eafp 28 t\u1ec9nh th\u00e0nh ph\u00eda B\u1eafc Vi\u1ec7t Nam H\u1ec7 th\u1ed1ng s\u1ea3n ph\u1ea9m Crabit Kidbooks<\/p>\n<p>Theo s\u1ef1 t\u00ecm hi\u1ec3u c\u1ee7a <strong>SACHVIET.EU<\/strong><strong>\u00a0<\/strong>tuy Crabit Kidbooks l\u00e0 m\u1ed9t nh\u00e0 ph\u00e1t h\u00e0nh tr\u1ebb t\u1ea1i Vi\u1ec7t Nam nh\u01b0ng l\u1ea1i mang \u0111\u1ebfn s\u1ef1 ch\u1ec9n chu qua t\u1eebng trang s\u00e1ch, t\u1eeb ch\u1ea5t li\u1ec7u gi\u1ea5y cao c\u1ea5p, b\u00eca c\u1ee9ng gi\u1eef g\u00ecn s\u00e1ch \u0111\u01b0\u1ee3c b\u1ec1n l\u00e2u \u0111\u1ebfn l\u1eddi v\u0103n c\u00e2u ch\u1eef \u0111\u01b0\u1ee3c ch\u1ecdn l\u1ecdc ch\u1ec9nh s\u1eeda sao cho ti\u1ebfp c\u1eadn th\u00e2n thi\u1ec7n nh\u1ea5t v\u1edbi tr\u1ebb em. <strong>SACHVIET.EU<\/strong> th\u1ef1c s\u1ef1 \u1ea5n t\u01b0\u1ee3ng b\u1edfi t\u1ea7m nh\u00ecn v\u00e0 s\u1ef1 c\u1ed1 g\u1eafng ho\u00e0n thi\u1ec7n nh\u1eefng t\u00e1c ph\u1ea9m c\u00f3 gi\u00e1 tr\u1ecb tuy\u1ec7t v\u1eddi m\u00e0 Crabit Kidbooks mang l\u1ea1i. \u0110\u00e2y c\u0169ng l\u00e0 nh\u00e0 ph\u00e1t h\u00e0nh duy nh\u1ea5t t\u1edbi th\u1eddi \u0111i\u1ec3m n\u00e0y m\u00e0 <strong>SACHVIET.EU<\/strong> quy\u1ebft t\u00e2m h\u1ee3p t\u00e1c mang h\u1ebft t\u1ea5t c\u1ea3 c\u00e1c \u0111\u1ea7u s\u00e1ch m\u00e0 Crabit Kidbooks c\u00f3 \u0111\u1ec3 \u0111em \u0111\u1ebfn Ch\u00e2u \u00c2u ph\u1ee5c v\u1ee5 m\u1ecdi ng\u01b0\u1eddi. \u0110\u00e2y th\u1ef1c s\u1ef1 l\u00e0 m\u1ed9t s\u1ef1 li\u1ec1u l\u0129nh c\u1ee7a <strong>SACHVIET.EU<\/strong>, tuy nhi\u00ean ch\u00fang m\u00ecnh tin t\u01b0\u1edfng v\u00e0 t\u1ef1 tin r\u1eb1ng t\u1eebng cu\u1ed1n s\u00e1ch m\u00e0 ch\u00fang m\u00ecnh gi\u1edbi thi\u1ec7u x\u1ee9ng \u0111\u00e1ng v\u1edbi nh\u1eefng g\u00ec ch\u00fang m\u00ecnh theo \u0111u\u1ed5i.<\/p>\n\n[\/col]\n[col span=\"4\" span__sm=\"12\"]\n\n[ux_image id=\"1701\" image_size=\"medium\"]\n\n\n[\/col]\n\n[\/row]\n\n<!-- \/wp:flatsome\/uxbuilder -->","post_title":"Crabit Kidbooks","post_excerpt":"","post_status":"publish","comment_status":"closed","ping_status":"closed","post_password":"","post_name":"crabit-kidbooks","to_ping":"","pinged":"","post_modified":"2022-12-19 23:12:10","post_modified_gmt":"2022-12-19 21:12:10","post_content_filtered":"","post_parent":0,"guid":"https:\/\/sachviet.eu\/nha-phat-hanh\/crabitkidbooks\/","menu_order":0,"post_type":"publisher","post_mime_type":"","comment_count":"0","filter":"raw"}},"_links":{"self":[{"href":"https:\/\/sachviet.eu\/en\/wp-json\/wp\/v2\/product\/17991","targetHints":{"allow":["GET"]}}],"collection":[{"href":"https:\/\/sachviet.eu\/en\/wp-json\/wp\/v2\/product"}],"about":[{"href":"https:\/\/sachviet.eu\/en\/wp-json\/wp\/v2\/types\/product"}],"wp:featuredmedia":[{"embeddable":true,"href":"https:\/\/sachviet.eu\/en\/wp-json\/wp\/v2\/media\/17988"}],"wp:attachment":[{"href":"https:\/\/sachviet.eu\/en\/wp-json\/wp\/v2\/media?parent=17991"}],"wp:term":[{"taxonomy":"product_brand","embeddable":true,"href":"https:\/\/sachviet.eu\/en\/wp-json\/wp\/v2\/product_brand?post=17991"},{"taxonomy":"product_cat","embeddable":true,"href":"https:\/\/sachviet.eu\/en\/wp-json\/wp\/v2\/product_cat?post=17991"},{"taxonomy":"product_tag","embeddable":true,"href":"https:\/\/sachviet.eu\/en\/wp-json\/wp\/v2\/product_tag?post=17991"}],"curies":[{"name":"wp","href":"https:\/\/api.w.org\/{rel}","templated":true}]}}