{"id":17987,"date":"2022-04-09T23:52:05","date_gmt":"2022-04-09T20:52:05","guid":{"rendered":"https:\/\/sachviet.eu\/shop\/luoc-su-van-vat-phien-ban-danh-cho-nha-khoa-hoc-nhi\/"},"modified":"2022-12-19T18:15:55","modified_gmt":"2022-12-19T16:15:55","slug":"luoc-su-van-vat-phien-ban-danh-cho-nha-khoa-hoc-nhi","status":"publish","type":"product","link":"https:\/\/sachviet.eu\/en\/shop\/luoc-su-van-vat-phien-ban-danh-cho-nha-khoa-hoc-nhi\/","title":{"rendered":"L\u01b0\u1ee3c S\u1eed V\u1ea1n V\u1eadt &#8211; Phi\u00ean b\u1ea3n d\u00e0nh cho nh\u00e0 khoa h\u1ecdc nh\u00ed"},"content":{"rendered":"<p>L\u01af\u1ee2C S\u1eec V\u1ea0N V\u1eacT MANG \u0110\u1ebeN N\u1ed8I DUNG H\u1ea4P D\u1eaaN, \u0110\u1ed8C \u0110\u00c1O<\/p>\n<p>H\u00e0nh tr\u00ecnh qua 6 ch\u01b0\u01a1ng s\u00e1ch s\u1ebd gi\u00fap c\u00e1c b\u1ea1n nh\u1ecf t\u00ecm ki\u1ebfm b\u00ed m\u1eadt c\u1ee7a kh\u00f4ng gian, th\u1eddi gian; l\u00fd gi\u1ea3i t\u1ea1i sao s\u1ef1 s\u1ed1ng c\u00f3 th\u1ec3 \u0111\u1ebfn \u0111\u01b0\u1ee3c h\u00e0nh tinh c\u1ee7a ch\u00fang ta; g\u1eb7p g\u1ee1 nh\u1eefng nh\u00e0 khoa h\u1ecdc l\u1eadp d\u1ecb, nh\u1eefng l\u00fd thuy\u1ebft \u0111i\u00ean kh\u00f9ng v\u1edbi s\u1ee9c \u1ea3nh h\u01b0\u1edfng qu\u00e1 l\u00e2u d\u00e0i, v\u00e0 nh\u1eefng kh\u00e1m ph\u00e1 t\u00ecnh c\u1edd thay \u0111\u1ed5i ti\u1ebfn tr\u00ecnh ph\u00e1t tri\u1ec3n c\u1ee7a khoa h\u1ecdc. <\/p>\n<p>L\u1ea1c trong v\u0169 tr\u1ee5: C\u00f9ng nh\u00e0o n\u1eb7n n\u00ean v\u0169 tr\u1ee5, l\u1eafng nghe V\u1ee5 N\u1ed5 L\u1edbn, r\u1ed3i c\u00f9ng \u0111i t\u1edbi r\u00eca v\u0169 tr\u1ee5 \u0111\u1ec3 bi\u1ebft \u0111\u01b0\u1ee3c li\u1ec7u c\u00f3 ai \u1edf ngo\u00e0i kia?<br \/>\nK\u00edch th\u01b0\u1edbc Tr\u00e1i \u0110\u1ea5t: Sau chuy\u1ebfn h\u00e0nh tr\u00ecnh ngo\u00e0i v\u0169 tr\u1ee5, ch\u00fang ta c\u00f9ng quay v\u1ec1 Tr\u00e1i \u0110\u1ea5t \u0111\u1ec3 \u0111o, c\u00e2n v\u00e0 t\u00ednh tu\u1ed5i c\u1ee7a Tr\u00e1i \u0111\u1ea5t; sau \u0111\u00f3 t\u00ecm h\u00f3a th\u1ea1ch v\u00e0 c\u00f9ng nghi\u00ean c\u1ee9u v\u1ec1 c\u00e1c nguy\u00ean t\u1eed quy\u1ec1n n\u0103<br \/>\nB\u00ecnh minh m\u1ed9t th\u1eddi \u0111\u1ea1i m\u1edbi: C\u00f9ng g\u1eb7p g\u1ee1 thi\u00ean t\u00e0i v\u1eadt l\u00fd v\u0169 tr\u1ee5 Einstein, t\u00ecm hi\u1ec3u v\u1ec1 kh\u00f4ng &#8211; th\u1eddi gian, t\u1eadn m\u1eaft ch\u1ee9ng ki\u1ebfn b\u1ee9c tranh to\u00e0n c\u1ea3nh b\u1eb1ng k\u00ednh vi\u1ec5n v\u1ecdng kh\u00f4ng gian H<br \/>\nH\u00e0nh tinh nguy hi\u1ec3m: L\u00eanh \u0111\u00eanh tr\u00ean bi\u1ec3n \u0111\u1ec3 theo d\u1ea5u c\u00e1c l\u1edbp tr\u1ea7m t\u00edch, \u0111\u00e0o s\u00e2u xu\u1ed1ng l\u00f2ng \u0111\u1ea5t \u0111\u1ec3 t\u00ecm hi\u1ec3u n\u00fai l\u1eeda St Helens, n\u00fai l\u1eeda \u1edf v\u01b0\u1eddn qu\u1ed1c gia Yellowstone, hay c\u00f9ng \u0111o nh\u1eefng tr\u1eadn \u0111\u1ed9ng \u0111\u1ea5t tr\u00ean h\u00e0nh tinh c\u1ee7a ch\u00fang ta.<br \/>\nCu\u1ed9c s\u1ed1ng c\u1ee7a ch\u00fang ta: T\u00ecm hi\u1ec3u v\u00f4 s\u1ed1 s\u1ef1 v\u1eadt s\u1ef1 vi\u1ec7c xung quanh ta nh\u01b0 l\u1edbp ch\u0103n c\u1ee7a Tr\u00e1i \u0111\u1ea5t, s\u1ef1 xu\u1ea5t hi\u1ec7n c\u1ee7a vi khu\u1ea9n, nh\u1eefng sinh v\u1eadt truy\u1ec1n nhi\u1ec5m, t\u1ebf b\u00e0o trong c\u01a1 th\u1ec3<br \/>\nH\u00e0nh tr\u00ecnh \u0111\u1ebfn ch\u00fang ta: t\u1eeb k\u1ef7 b\u0103ng h\u00e0 \u0111\u1ebfn khi t\u00ecm ra d\u1ea5u t\u00edch c\u1ee7a lo\u00e0i ng\u01b0\u1eddi \u0111\u1ea7u ti\u00ean, l\u00e0m quen v\u1edbi Lucy &#8211; ng\u01b0\u1eddi v\u01b0\u1ee3n ph\u01b0\u01a1ng nam n\u1ed5i ti\u1ebfng nh\u1ea5t, \u0111\u1ebfn khi con ng\u01b0\u1eddi th\u1ed1ng tr\u1ecb h\u00e0nh tinh n\u00e0y. <\/p>\n<p>T\u1ea0I SAO L\u01af\u1ee2C S\u1eec V\u1ea0N V\u1eacT L\u1ea0I TH\u00da V\u1eca V\u1edaI \u0110\u1ed8C GI\u1ea2 NH\u00cd \u0110\u1ebeN NH\u01af V\u1eacY?<\/p>\n<p>Tr\u1ea3 l\u1eddi h\u00e0ng v\u1ea1n c\u00e2u h\u1ecfi<br \/>\nNh\u1eefng t\u00e1c gi\u1ea3 trong c\u00e1c cu\u1ed1n s\u00e1ch gi\u00e1o khoa khoa h\u1ecdc th\u00f4ng th\u01b0\u1eddng, h\u1ecd \u201cthinh l\u1eb7ng\u201d \u0111\u1ebfn k\u1ef3 l\u1ea1. H\u1ecd ch\u1eb3ng tr\u1ea3 l\u1eddi m\u1ed9t c\u00e2u h\u1ecfi n\u00e0o c\u1ea3. Nh\u01b0ng trong cu\u1ed1n s\u00e1ch n\u00e0y, t\u00e1c gi\u1ea3 s\u1ebd tr\u1ea3 l\u1eddi h\u00e0ng v\u1ea1n th\u1eafc m\u1eafc c\u1ee7a b\u1ea1n nh\u01b0: V\u0169 tr\u1ee5 h\u00ecnh th\u00e0nh nh\u01b0 th\u1ebf n\u00e0o, t\u1eeb khi n\u00e0o, v\u00e0 khi \u1ea5y n\u00f3 ra sao? L\u00e0m sao ch\u00fang ta l\u1ea1i c\u00f3 m\u1ed9t m\u1eb7t tr\u1eddi \u1edf ngay gi\u1eefa t\u00e2m Tr\u00e1i \u0111\u1ea5t v\u00e0 l\u00e0m sao h\u1ecd bi\u1ebft n\u00f3 n\u00f3ng \u0111\u1ebfn m\u1ee9c n\u00e0o? T\u1ea1i sao n\u01b0\u1edbc bi\u1ec3n l\u1ea1i m\u1eb7n? Bi\u1ec3n \u0111ang m\u1eb7n h\u01a1n hay nh\u1ea1t \u0111i?<\/p>\n<p>N\u1ed9i dung ng\u1ed9 ngh\u0129nh, vui nh\u1ed9n<br \/>\nCu\u1ed1n s\u00e1ch n\u00e0y l\u00e0 phi\u00ean b\u1ea3n ng\u1eafn g\u1ecdn nh\u01b0ng v\u1eabn gi\u1eef \u0111\u01b0\u1ee3c n\u1ed9i dung then ch\u1ed1t, \u0111\u01b0\u1ee3c truy\u1ec1n t\u1ea3i qua k\u1ef9 n\u0103ng k\u1ec3 chuy\u1ec7n h\u00f3m h\u1ec9nh c\u1ee7a t\u00e1c gi\u1ea3. V\u00ec th\u1ebf ki\u1ebfn th\u1ee9c tr\u1edf n\u00ean d\u1ec5 hi\u1ec3u, kh\u00f4ng kh\u00f4 khan m\u1ed9t ch\u00fat n\u00e0o c\u1ea3. <\/p>\n<p>Minh h\u1ecda t\u00e0i t\u00ecnh<br \/>\nB\u00ean c\u1ea1nh gi\u1ecdng v\u0103n h\u00e0i h\u01b0\u1edbc, h\u00ecnh \u1ea3nh minh h\u1ecda cho cu\u1ed1n s\u00e1ch c\u1ef1c k\u1ef3 ng\u1ed9 ngh\u0129nh. \u0110i\u1ec1u n\u00e0y gi\u00fap cho vi\u1ec7c ti\u1ebfp thu ki\u1ebfn th\u1ee9c khoa h\u1ecdc tr\u1edf n\u00ean th\u00fa v\u1ecb h\u01a1n bao gi\u1edd h\u1ebft. <\/p>\n<p>K\u00edch th\u00edch nh\u1eefng suy ngh\u0129 t\u00edch c\u1ef1c<br \/>\nSau khi \u0111\u1ecdc xong cu\u1ed1n s\u00e1ch, c\u00e1c b\u1ea1n nh\u1ecf v\u00e0 c\u1ea3 ph\u1ee5 huynh s\u1ebd h\u1ecdc \u0111\u01b0\u1ee3c hai \u0111i\u1ec1u \u0111\u1eb7c bi\u1ec7t:<\/p>\n<p>M\u1ecdi th\u1ee9 \u0111ang t\u1ed3n t\u1ea1i \u0111\u1ec1u ch\u1ee9a \u0111\u1ef1ng \u0111i\u1ec1u k\u1ef3 di\u1ec7u v\u00e0 th\u00fa v\u1ecb khi ta quan s\u00e1t n\u00f3 th\u1eadt k\u1ef9.<br \/>\nCh\u00fang ta c\u1ef1c k\u1ef3 may m\u1eafn khi c\u00f3 m\u1eb7t \u1edf \u0111\u00e2y, tr\u00ean h\u00e0nh tinh c\u00f3 s\u1ef1 s\u1ed1ng n\u00e0y. <\/p>\n","protected":false},"excerpt":{"rendered":"<p>L\u01af\u1ee2C S\u1eec V\u1ea0N V\u1eacT<br \/>\nPHI\u00caN B\u1ea2N \u0110\u1eb6C BI\u1ec6T D\u00c0NH CHO NH\u1eeeNG NH\u00c0 KHOA H\u1eccC NH\u00cd<\/p>\n<p>L\u01b0\u1ee3c s\u1eed v\u1ea1n v\u1eadt phi\u00ean b\u1ea3n g\u1ed1c d\u00e0nh cho ng\u01b0\u1eddi l\u1edbn (cu\u1ed1n s\u00e1ch n\u00e0y \u0111\u00e3 \u0111\u01b0\u1ee3c Alpha Books xu\u1ea5t b\u1ea3n n\u0103m 2017 v\u00e0 t\u00e1i b\u1ea3n nhi\u1ec1u l\u1ea7n) l\u00e0 cu\u1ed1n s\u00e1ch ph\u1ed5 bi\u1ebfn khoa h\u1ecdc tr\u00ecnh b\u00e0y m\u1ed9t c\u00e1ch ng\u1eafn g\u1ecdn l\u1ecbch s\u1eed nghi\u00ean c\u1ee9u khoa h\u1ecdc t\u1ef1 nhi\u00ean, nh\u1eefng th\u00e0nh t\u1ef1u khoa h\u1ecdc trong c\u00e1c l\u0129nh v\u1ef1c khoa h\u1ecdc t\u1ef1 nhi\u00ean ch\u00ednh: v\u1eadt l\u00fd, h\u00f3a h\u1ecdc, sinh h\u1ecdc, \u0111\u1ecba ch\u1ea5t, thi\u00ean v\u0103n\u2026 v\u1edbi nhi\u1ec1u t\u00ean tu\u1ed5i, giai tho\u1ea1i v\u00e0 s\u1ef1 th\u1eadt.<\/p>\n","protected":false},"featured_media":17986,"template":"","meta":{"_acf_changed":false},"product_brand":[],"product_cat":[18,17,26],"product_tag":[],"class_list":{"0":"post-17987","1":"product","2":"type-product","3":"status-publish","4":"has-post-thumbnail","6":"product_cat-kinh-te","7":"product_cat-sach-danh-cho-cac-be","8":"product_cat-thieu-nien-11-tuoi-18-tuoi","10":"first","11":"outofstock","12":"taxable","13":"shipping-taxable","14":"purchasable","15":"product-type-simple"},"supplier_id":null,"supplier_sku":"","barcode":null,"atum_controlled":true,"out_stock_date":"2022-12-19 12:58:37","out_stock_threshold":null,"inheritable":false,"inbound_stock":0,"stock_on_hold":0,"sold_today":0,"sales_last_days":0,"reserved_stock":null,"customer_returns":null,"warehouse_damage":null,"lost_in_post":null,"other_logs":null,"out_stock_days":1136,"lost_sales":0,"has_location":null,"update_date":"2026-01-28T23:11:02","atum_locations":[{"id":32,"name":"Helsinki","slug":"helsinki"}],"atum_stock_status":"outofstock","restock_status":false,"low_stock_amount":"","sales_update_date":"2026-01-28T23:11:02","calc_backorders":null,"acf":{"publisher":{"ID":8671,"post_author":"1","post_date":"2021-04-28 14:30:12","post_date_gmt":"2021-04-28 11:30:12","post_content":"","post_title":"Alphabooks","post_excerpt":"","post_status":"publish","comment_status":"closed","ping_status":"closed","post_password":"","post_name":"alphabooks","to_ping":"","pinged":"","post_modified":"2021-04-28 14:30:12","post_modified_gmt":"2021-04-28 11:30:12","post_content_filtered":"","post_parent":0,"guid":"https:\/\/sachviet.eu\/nha-phat-hanh\/alphabooks\/","menu_order":0,"post_type":"publisher","post_mime_type":"","comment_count":"0","filter":"raw"}},"_links":{"self":[{"href":"https:\/\/sachviet.eu\/en\/wp-json\/wp\/v2\/product\/17987","targetHints":{"allow":["GET"]}}],"collection":[{"href":"https:\/\/sachviet.eu\/en\/wp-json\/wp\/v2\/product"}],"about":[{"href":"https:\/\/sachviet.eu\/en\/wp-json\/wp\/v2\/types\/product"}],"wp:featuredmedia":[{"embeddable":true,"href":"https:\/\/sachviet.eu\/en\/wp-json\/wp\/v2\/media\/17986"}],"wp:attachment":[{"href":"https:\/\/sachviet.eu\/en\/wp-json\/wp\/v2\/media?parent=17987"}],"wp:term":[{"taxonomy":"product_brand","embeddable":true,"href":"https:\/\/sachviet.eu\/en\/wp-json\/wp\/v2\/product_brand?post=17987"},{"taxonomy":"product_cat","embeddable":true,"href":"https:\/\/sachviet.eu\/en\/wp-json\/wp\/v2\/product_cat?post=17987"},{"taxonomy":"product_tag","embeddable":true,"href":"https:\/\/sachviet.eu\/en\/wp-json\/wp\/v2\/product_tag?post=17987"}],"curies":[{"name":"wp","href":"https:\/\/api.w.org\/{rel}","templated":true}]}}