{"id":17985,"date":"2022-04-09T23:51:59","date_gmt":"2022-04-09T20:51:59","guid":{"rendered":"https:\/\/sachviet.eu\/shop\/vua-theodore-cho-dan-do\/"},"modified":"2024-08-25T22:41:47","modified_gmt":"2024-08-25T19:41:47","slug":"vua-theodore-cho-dan-do","status":"publish","type":"product","link":"https:\/\/sachviet.eu\/en\/shop\/vua-theodore-cho-dan-do\/","title":{"rendered":"Vua Theodore ch\u1edb \u0111\u1eafn \u0111o!"},"content":{"rendered":"<p>&#8220;Ch\u00fang t\u00f4i ngh\u0129 nh\u1eefng l\u1eddi c\u1ee7a Pip Smith \u1edf \u0111\u1ea7u s\u00e1ch \u0111\u00e3 n\u00f3i l\u00ean t\u1ea5t c\u1ea3:<\/p>\n<p>G\u1eedi \u0111\u1ebfn nh\u1eefng \u0111\u1ea5ng tr\u1ecb v\u00ec s\u1ed1ng d\u01b0\u1edbi \u00e1nh m\u1eb7t tr\u1eddi: Mong sao nh\u1eefng quy\u1ebft \u0111\u1ecbnh kh\u00f3 nh\u1eb1n nh\u1ea5t s\u1ebd \u0111\u01b0\u1ee3c \u0111\u01b0a ra tr\u00ean c\u01a1 s\u1edf quy\u1ec1n l\u1ee3i c\u1ee7a bi\u1ebft bao th\u1ea7n d\u00e2n \u0111ang ph\u1ea3i ch\u1ecbu r\u00e9t m\u01b0\u1edbt.\u201d &#8211; Beau Wylie <\/p>\n<p>Theodore &#8211; vua s\u01b0 t\u1eed cai qu\u1ea3n mu\u00f4n lo\u00e0i \u1edf tr\u1ea3ng c\u1ecf n\u1ecd, r\u1ea5t s\u1ee3 \u0111\u01b0a ra quy\u1ebft \u0111\u1ecbnh sai n\u00ean c\u00f3 t\u00ednh hay \u0111\u1eafn \u0111o, l\u01b0\u1ee1ng l\u1ef1. R\u1eafc r\u1ed1i b\u1eaft \u0111\u1ea7u khi chi\u1ebfc b\u1eddm c\u1ee7a Theodore ng\u00e0y c\u00e0ng l\u1eddm x\u1eddm n\u00f3ng n\u1ef1c khi\u1ebfn ng\u00e0i mu\u1ed1n c\u1eaft t\u1ec9a n\u00f3 \u0111i, nh\u01b0ng ng\u00e0i ch\u1eb3ng bi\u1ebft n\u00ean quy\u1ebft \u0111\u1ecbnh th\u1ebf n\u00e0o. Theodore ph\u1ea3i t\u1ed5 ch\u1ee9c m\u1ed9t cu\u1ed9c tr\u01b0ng c\u1ea7u \u00fd ki\u1ebfn mu\u00f4ng th\u00fa, l\u1eafng nghe v\u00e0 t\u00ecm ra quy\u1ebft \u0111\u1ecbnh t\u1ed1t nh\u1ea5t. <\/p>\n<p>M\u1ed9t s\u1ed1 tr\u1ebb em c\u00f3 th\u1ec3 gi\u1ed1ng \u201cTheodore ph\u00fat ban \u0111\u1ea7u\u201d n\u00e0y \u2013 hay d\u1ef1a d\u1eabm, l\u1ec7 thu\u1ed9c v\u00e0o quy\u1ebft \u0111\u1ecbnh c\u1ee7a ng\u01b0\u1eddi kh\u00e1c (b\u1ed1 m\u1eb9), trong khi m\u1ed9t s\u1ed1 kh\u00e1c l\u1ea1i c\u00f3 c\u00e1i t\u00f4i cao v\u00e0 ch\u1ec9 ch\u0103m ch\u0103m mu\u1ed1n l\u00e0m nh\u1eefng g\u00ec m\u00ecnh th\u00edch, b\u1ea5t ch\u1ea5p nh\u1eefng h\u1eadu qu\u1ea3 m\u00e0 b\u1ed1 m\u1eb9 \u0111\u00e3 can ng\u0103n t\u1eeb tr\u01b0\u1edbc. L\u00e0m th\u1ebf n\u00e0o \u0111\u1ec3 t\u00ecm ra \u0111i\u1ec3m c\u00e2n b\u1eb1ng gi\u1eefa vi\u1ec7c l\u1eafng nghe \u00fd ki\u1ebfn c\u1ee7a ng\u01b0\u1eddi kh\u00e1c m\u00e0 kh\u00f4ng ph\u1ee5 thu\u1ed9c, thi\u1ebfu ch\u00ednh ki\u1ebfn v\u00e0 tin t\u01b0\u1edfng v\u00e0o quy\u1ebft \u0111\u1ecbnh c\u1ee7a b\u1ea3n th\u00e2n m\u00e0 kh\u00f4ng t\u1ef1 cao t\u1ef1 \u0111\u1ea1i? C\u00e2u chuy\u1ec7n n\u00e0y s\u1ebd \u0111\u01b0a ra m\u1ed9t h\u00ecnh m\u1eabu \u0111\u00e1ng h\u1ecdc h\u1ecfi v\u00e0o nh\u1eefng l\u00fac ta c\u1ea7n ra quy\u1ebft \u0111\u1ecbnh tr\u1ecdng \u0111\u1ea1i trong \u0111\u1eddi. <\/p>\n<p>H\u1ecda s\u1ef9 Beau Wylie ph\u1ed1i h\u1ee3p \u0103n \u00fd v\u1edbi Pip Smith b\u1eb1ng nh\u1eefng tranh v\u1ebd \u1ea5n t\u01b0\u1ee3ng theo nhi\u1ec1u g\u00f3c \u0111\u1ed9, khung h\u00ecnh v\u00e0 \u0111\u1eb7c bi\u1ec7t l\u00e0 c\u00e1c c\u1ea3nh c\u1eadn gi\u00e0u bi\u1ec3u c\u1ea3m. C\u00f3 m\u1ed9t trang \u0111\u00f4i Beau v\u1ebd c\u1ef1c k\u1ef3 c\u1eadn khu\u00f4n m\u1eb7t c\u1ee7a Thedore, v\u1edbi \u00e1nh m\u1eaft ki\u00ean \u0111\u1ecbnh nh\u00ecn th\u1eb3ng tr\u1ef1c di\u1ec7n v\u00e0o \u0111\u1ed9c gi\u1ea3, m\u1ed9t h\u00ecnh \u1ea3nh \u201cl\u1ed9t x\u00e1c\u201d ho\u00e0n to\u00e0n c\u1ee7a v\u1ecb vua v\u1ed1n hay l\u01b0\u1ee1ng l\u1ef1. <\/p>\n<p>&#8220;\u0110\u00e2y l\u00e0 m\u1ed9t cu\u1ed1n s\u00e1ch \u0111\u1ec3 r\u00e8n luy\u1ec7n t\u01b0 duy \u0111\u1ed9c l\u1eadp, h\u1ecdc c\u00e1ch ch\u1ecbu tr\u00e1ch nhi\u1ec7m v\u1edbi b\u1ea3n th\u00e2n v\u00e0 trau d\u1ed3i kh\u1ea3 n\u0103ng ra quy\u1ebft \u0111\u1ecbnh c\u1ee7a c\u00e1c nh\u00e0 l\u00e3nh \u0111\u1ea1o t\u01b0\u01a1ng lai.&#8221; &#8211; L\u1eddi gi\u1edbi thi\u1ec7u s\u00e1ch phi\u00ean b\u1ea3n \u0110\u00e0i Loan<\/p>\n","protected":false},"excerpt":{"rendered":"<p>Th\u1eadt ch\u1eb3ng d\u1ec5 d\u00e0ng ch\u00fat n\u00e0o \u0111\u1ec3 \u0111\u01b0a ra m\u1ed9t quy\u1ebft \u0111\u1ecbnh quan tr\u1ecdng, nh\u1ea5t l\u00e0 khi quy\u1ebft \u0111\u1ecbnh \u1ea5y s\u1ebd \u1ea3nh h\u01b0\u1edfng \u0111\u1ebfn r\u1ea5t nhi\u1ec1u ng\u01b0\u1eddi v\u00e0 ch\u01b0a t\u1eebng c\u00f3 ti\u1ec1n l\u1ec7 trong l\u1ecbch s\u1eed. Trong c\u00e2u chuy\u1ec7n th\u00f4ng th\u00e1i n\u00e0y, vua s\u01b0 t\u1eed Theodore \u0111\u1ee9ng tr\u01b0\u1edbc quy\u1ebft \u0111\u1ecbnh tr\u1ecdng \u0111\u1ea1i li\u1ec7u r\u1eb1ng c\u00f3 n\u00ean c\u1eaft t\u1ec9a chi\u1ebfc b\u1eddm c\u1ee7a m\u00ecnh hay kh\u00f4ng? \u201cVua Theodore ch\u1edb \u0111\u1eafn \u0111o!\u201d s\u1ebd \u0111\u01b0a ra m\u1ed9t h\u00ecnh m\u1eabu \u0111\u00e1ng h\u1ecdc h\u1ecfi v\u00e0o nh\u1eefng l\u00fac tr\u1ebb c\u1ea7n ra quy\u1ebft \u0111\u1ecbnh tr\u1ecdng \u0111\u1ea1i trong \u0111\u1eddi.th\u00f4ng qua h\u00e0nh tr\u00ecnh vua s\u01b0 t\u1eed h\u1ecdc c\u00e1ch \u0111\u01b0a ra quy\u1ebft \u0111\u1ecbnh, gi\u1ea3i quy\u1ebft v\u1ea5n \u0111\u1ec1 v\u00e0 t\u1ef1 tin v\u00e0o b\u1ea3n th\u00e2n. Cu\u1ed1n s\u00e1ch ph\u00f9 h\u1ee3p v\u1edbi tr\u1ebb t\u1eeb 3 tu\u1ed5i.<\/p>\n","protected":false},"featured_media":17982,"template":"","meta":{"_acf_changed":false},"product_brand":[],"product_cat":[25,17],"product_tag":[],"class_list":{"0":"post-17985","1":"product","2":"type-product","3":"status-publish","4":"has-post-thumbnail","6":"product_cat-nhi-dong-6-tuoi-12-tuoi","7":"product_cat-sach-danh-cho-cac-be","9":"first","10":"outofstock","11":"taxable","12":"shipping-taxable","13":"purchasable","14":"product-type-simple"},"supplier_id":null,"supplier_sku":"","barcode":null,"atum_controlled":true,"out_stock_date":"2024-08-25 19:41:47","out_stock_threshold":null,"inheritable":false,"inbound_stock":0,"stock_on_hold":0,"sold_today":0,"sales_last_days":0,"reserved_stock":null,"customer_returns":null,"warehouse_damage":null,"lost_in_post":null,"other_logs":null,"out_stock_days":521,"lost_sales":669,"has_location":null,"update_date":"2026-01-28T23:11:25","atum_locations":[{"id":32,"name":"Helsinki","slug":"helsinki"}],"atum_stock_status":"outofstock","restock_status":false,"low_stock_amount":"","sales_update_date":"2026-01-28T23:11:25","calc_backorders":null,"acf":{"publisher":{"ID":1458,"post_author":"1","post_date":"2021-02-17 01:12:22","post_date_gmt":"2021-02-16 23:12:22","post_content":"<!-- wp:flatsome\/uxbuilder -->\n<h1 style=\"text-align: center\"><strong>Crabit Kidbooks<\/strong><\/h1>\n[row]\n\n[col span=\"8\" span__sm=\"12\"]\n\n<p>Crabit Kidbooks l\u00e0 nh\u00e0 ph\u00e1t h\u00e0nh s\u00e1ch thi\u1ebfu nhi thu\u1ed9c C\u00f4ng ty CPTM &amp; XNK Ng\u1ecdc \u00c1nh \u2013 \u0111\u01a1n v\u1ecb h\u01a1n 20 n\u0103m kinh nghi\u1ec7m trong ng\u00e0nh in \u1ea5n v\u00e0 l\u00e0 \u0111\u1ed1i t\u00e1c uy t\u00edn cung c\u1ea5p h\u1ecdc li\u1ec7u, s\u00e1ch v\u1edf h\u1ecdc sinh cho h\u01a1n 5000 kh\u00e1ch h\u00e0ng kh\u1eafp 28 t\u1ec9nh th\u00e0nh ph\u00eda B\u1eafc Vi\u1ec7t Nam H\u1ec7 th\u1ed1ng s\u1ea3n ph\u1ea9m Crabit Kidbooks<\/p>\n<p>Theo s\u1ef1 t\u00ecm hi\u1ec3u c\u1ee7a <strong>SACHVIET.EU<\/strong><strong>\u00a0<\/strong>tuy Crabit Kidbooks l\u00e0 m\u1ed9t nh\u00e0 ph\u00e1t h\u00e0nh tr\u1ebb t\u1ea1i Vi\u1ec7t Nam nh\u01b0ng l\u1ea1i mang \u0111\u1ebfn s\u1ef1 ch\u1ec9n chu qua t\u1eebng trang s\u00e1ch, t\u1eeb ch\u1ea5t li\u1ec7u gi\u1ea5y cao c\u1ea5p, b\u00eca c\u1ee9ng gi\u1eef g\u00ecn s\u00e1ch \u0111\u01b0\u1ee3c b\u1ec1n l\u00e2u \u0111\u1ebfn l\u1eddi v\u0103n c\u00e2u ch\u1eef \u0111\u01b0\u1ee3c ch\u1ecdn l\u1ecdc ch\u1ec9nh s\u1eeda sao cho ti\u1ebfp c\u1eadn th\u00e2n thi\u1ec7n nh\u1ea5t v\u1edbi tr\u1ebb em. <strong>SACHVIET.EU<\/strong> th\u1ef1c s\u1ef1 \u1ea5n t\u01b0\u1ee3ng b\u1edfi t\u1ea7m nh\u00ecn v\u00e0 s\u1ef1 c\u1ed1 g\u1eafng ho\u00e0n thi\u1ec7n nh\u1eefng t\u00e1c ph\u1ea9m c\u00f3 gi\u00e1 tr\u1ecb tuy\u1ec7t v\u1eddi m\u00e0 Crabit Kidbooks mang l\u1ea1i. \u0110\u00e2y c\u0169ng l\u00e0 nh\u00e0 ph\u00e1t h\u00e0nh duy nh\u1ea5t t\u1edbi th\u1eddi \u0111i\u1ec3m n\u00e0y m\u00e0 <strong>SACHVIET.EU<\/strong> quy\u1ebft t\u00e2m h\u1ee3p t\u00e1c mang h\u1ebft t\u1ea5t c\u1ea3 c\u00e1c \u0111\u1ea7u s\u00e1ch m\u00e0 Crabit Kidbooks c\u00f3 \u0111\u1ec3 \u0111em \u0111\u1ebfn Ch\u00e2u \u00c2u ph\u1ee5c v\u1ee5 m\u1ecdi ng\u01b0\u1eddi. \u0110\u00e2y th\u1ef1c s\u1ef1 l\u00e0 m\u1ed9t s\u1ef1 li\u1ec1u l\u0129nh c\u1ee7a <strong>SACHVIET.EU<\/strong>, tuy nhi\u00ean ch\u00fang m\u00ecnh tin t\u01b0\u1edfng v\u00e0 t\u1ef1 tin r\u1eb1ng t\u1eebng cu\u1ed1n s\u00e1ch m\u00e0 ch\u00fang m\u00ecnh gi\u1edbi thi\u1ec7u x\u1ee9ng \u0111\u00e1ng v\u1edbi nh\u1eefng g\u00ec ch\u00fang m\u00ecnh theo \u0111u\u1ed5i.<\/p>\n\n[\/col]\n[col span=\"4\" span__sm=\"12\"]\n\n[ux_image id=\"1701\" image_size=\"medium\"]\n\n\n[\/col]\n\n[\/row]\n\n<!-- \/wp:flatsome\/uxbuilder -->","post_title":"Crabit Kidbooks","post_excerpt":"","post_status":"publish","comment_status":"closed","ping_status":"closed","post_password":"","post_name":"crabit-kidbooks","to_ping":"","pinged":"","post_modified":"2022-12-19 23:12:10","post_modified_gmt":"2022-12-19 21:12:10","post_content_filtered":"","post_parent":0,"guid":"https:\/\/sachviet.eu\/nha-phat-hanh\/crabitkidbooks\/","menu_order":0,"post_type":"publisher","post_mime_type":"","comment_count":"0","filter":"raw"}},"_links":{"self":[{"href":"https:\/\/sachviet.eu\/en\/wp-json\/wp\/v2\/product\/17985","targetHints":{"allow":["GET"]}}],"collection":[{"href":"https:\/\/sachviet.eu\/en\/wp-json\/wp\/v2\/product"}],"about":[{"href":"https:\/\/sachviet.eu\/en\/wp-json\/wp\/v2\/types\/product"}],"wp:featuredmedia":[{"embeddable":true,"href":"https:\/\/sachviet.eu\/en\/wp-json\/wp\/v2\/media\/17982"}],"wp:attachment":[{"href":"https:\/\/sachviet.eu\/en\/wp-json\/wp\/v2\/media?parent=17985"}],"wp:term":[{"taxonomy":"product_brand","embeddable":true,"href":"https:\/\/sachviet.eu\/en\/wp-json\/wp\/v2\/product_brand?post=17985"},{"taxonomy":"product_cat","embeddable":true,"href":"https:\/\/sachviet.eu\/en\/wp-json\/wp\/v2\/product_cat?post=17985"},{"taxonomy":"product_tag","embeddable":true,"href":"https:\/\/sachviet.eu\/en\/wp-json\/wp\/v2\/product_tag?post=17985"}],"curies":[{"name":"wp","href":"https:\/\/api.w.org\/{rel}","templated":true}]}}