{"id":1797,"date":"2021-02-17T01:55:04","date_gmt":"2021-02-16T23:55:04","guid":{"rendered":"https:\/\/sachviet.eu\/shop\/mot-manh-trang\/"},"modified":"2021-04-17T02:12:37","modified_gmt":"2021-04-16T23:12:37","slug":"mot-manh-trang","status":"publish","type":"product","link":"https:\/\/sachviet.eu\/en\/shop\/mot-manh-trang\/","title":{"rendered":"M\u1ed9t M\u1ea3nh Tr\u0103ng"},"content":{"rendered":"<p>M\u1ed8T M\u1ea2NH TR\u0102NG &#8211; CU\u1ed0N S\u00c1CH AN \u1ee6I NH\u1eeeNG TR\u00c1I TIM T\u1ed4N TH\u01af\u01a0NG KHI TR\u1ede TH\u00c0NH NG\u01af\u1edcI L\u1edaN<br \/>\n\u0110o\u0301 la\u0300 lo\u031b\u0300i tu\u031b\u0323a cuo\u0302\u0301n sa\u0301ch \u201cMo\u0323\u0302t ma\u0309nh tra\u0306ng\u201d &#8211; \u0111o\u0302\u0300ng tho\u031b\u0300i cu\u0303ng la\u0300 nhu\u031b\u0303ng ly\u0301 do khie\u0302\u0301n mi\u0300nh mua cuo\u0302\u0301n sa\u0301ch kho\u0302ng nga\u0302\u0300n nga\u0323i.<br \/>\nCa\u0302\u0300m tre\u0302n tay cuo\u0302\u0301n sa\u0301ch ho\u031bn mo\u0323\u0302t tua\u0302\u0300n, \u0111e\u0302m na\u0300o cu\u0303ng \u0111o\u0323c nhu\u031bng \u0111e\u0302\u0301n ta\u0323\u0302n ho\u0302m qua mi\u0300nh mo\u031b\u0301i \u0111\u1ecdc he\u0302\u0301t, vi\u0300 mi\u0300nh kho\u0302ng no\u031b\u0303 \u0111o\u0323c. \u0110o\u0323c xong, mi\u0300nh hu\u0323t ha\u0302\u0303ng, tu\u031b\u0323 ho\u0309i sao cuo\u0302\u0301n sa\u0301ch mo\u0309ng the\u0302\u0301, sao he\u0302\u0301t nhanh va\u0323\u0302y. Tha\u0323\u0302t may, tra\u0301i tim cu\u0309a mo\u0323\u0302t con be\u0301 sinh vie\u0302n vu\u031b\u0300a xa nha\u0300 nhu\u031b mi\u0300nh \u0111a\u0303 \u0111u\u031bo\u031b\u0323c \u201cMo\u0323\u0302t ma\u0309nh tra\u0306ng\u201d vo\u0302\u0303 ve\u0302\u0300 ra\u0302\u0301t nhie\u0302\u0300u.<br \/>\nNhu\u031b mo\u0323\u0302t \u0111u\u031b\u0301a tre\u0309 pha\u0309i nghe me\u0323 ru mo\u0302\u0303i to\u0302\u0301i, nhu\u031b\u0303ng trang sa\u0301ch cu\u0309a \u201cMo\u0323\u0302t ma\u0309nh tra\u0306ng\u201d da\u0302\u0303n lo\u0302\u0301i mi\u0300nh va\u0300o nhu\u031b\u0303ng gia\u0302\u0301c mo\u031b e\u0302m \u0111e\u0302\u0300m. Lo\u031b\u0300i va\u0306n nhe\u0323 nha\u0300ng, sa\u0302u sa\u0306\u0301c, \u0111o\u0302i khi tri\u0303u na\u0323\u0306ng nhu\u031b\u0303ng ta\u0302m tu\u031b nhu\u031b cha\u0323m \u0111e\u0302\u0301n sa\u0302u tha\u0306\u0309m tra\u0301i tim mi\u0300nh.<br \/>\nCuo\u0302\u0301n sa\u0301ch giu\u0301p mi\u0300nh hie\u0302\u0309u ro\u0303 ba\u0309n tha\u0302n ho\u031bn, giu\u0301p mi\u0300nh nhi\u0300n tha\u0306\u0309ng va\u0300o tra\u0301i tim non no\u031b\u0301t \u0111ang loay hoay tru\u031bo\u031b\u0301c ngu\u031bo\u031b\u0303ng cu\u031b\u0309a tru\u031bo\u031b\u0309ng tha\u0300nh cu\u0309a chi\u0301nh ba\u0309n tha\u0302n mi\u0300nh.<br \/>\nNgu\u031bo\u031b\u0300i ta no\u0301i \u0111o\u0323c sa\u0301ch la\u0300 \u0111o\u0323c ca\u0302u chuye\u0323\u0302n cu\u0309a ngu\u031bo\u031b\u0300i kha\u0301c, nhu\u031bng vo\u031b\u0301i mi\u0300nh, \u0111o\u0323c \u201cMo\u0323\u0302t ma\u0309nh tra\u0306ng\u201d la\u0323i chi\u0301nh la\u0300 mo\u0323\u0302t ta\u0302\u0301m gu\u031bo\u031bng giu\u0301p mi\u0300nh nhi\u0300n nha\u0323\u0302n la\u0323i ba\u0309n tha\u0302n. Mi\u0300nh nha\u0323\u0302n ra ba\u0309n tha\u0302n mi\u0300nh la\u0300 \u201cchu\u0301 nhi\u0301m gai\u201d e de\u0300, nhu\u0301t nha\u0301t trong trang sa\u0301ch cu\u0309a Ha Hyun, nha\u0323\u0302n ra nhu\u031b\u0303ng so\u031b\u0323 ha\u0303i, lo la\u0306\u0301ng mo\u0302ng lung trong lo\u0300ng mi\u0300nh,&#8230;<br \/>\nCuo\u0302\u0301n sa\u0301ch co\u0300n la\u0300 tie\u0302\u0301ng lo\u0300ng cu\u0309a mo\u0323\u0302t tra\u0301i tim ye\u0302u tu\u031bo\u031b\u0309ng nhu\u031b nhe\u0323 nha\u0300ng ma\u0300 \u0111a\u0306\u0300m tha\u0306\u0301m, ma\u0300 ma\u0303nh lie\u0323\u0302t sa\u0302u sa\u0306\u0301c vo\u031b\u0301i nhu\u031b\u0303ng do\u0300ng va\u0306n tri\u0303u cha\u0302\u0301t tho\u031b \u201cTreo anh le\u0302n \u0111uo\u0302i va\u0302\u0300ng tra\u0306ng \u0111ang la\u0323\u0306n kia\/Em tha\u0302\u0300m u\u031bo\u031b\u0301c \u0111e\u0302m nay se\u0303 da\u0300i ma\u0303i ma\u0303i\u201d nhu\u031bng va\u0302\u0303n mang mo\u0323\u0302t du\u031b\u0323 ca\u0309m, mo\u0323\u0302t lo so\u031b\u0323 nhu\u031b\u0303ng to\u0302\u0309n thu\u031bo\u031bng, nhu\u031b\u0303ng e de\u0300, tro\u0302\u0301n tra\u0301nh cu\u0309a mo\u0323\u0302t tra\u0301i tim \u0111o\u031bn phu\u031bo\u031bng \u201cAnh la\u0300 ca\u0302\u0300u vo\u0302\u0300ng em cha\u0306\u0309ng bao gio\u031b\u0300 na\u0306\u0301m ba\u0306\u0301t \u0111u\u031bo\u031b\u0323c\/ Du\u031bo\u031b\u0300ng nhu\u031b khi tro\u031b\u0300i ta\u0323nh co\u031bn mu\u031ba ra\u0300o xo\u0302\u0301i xa\u0309\/ Bo\u031b\u0300 vai anh se\u0303 tha\u0302\u0301p thoa\u0301ng hie\u0323\u0302n ra.\u201d Mo\u0323\u0302t tra\u0301i tim \u0111o\u031bn phu\u031bo\u031bng ru\u0323t re\u0300 ma\u0300 ma\u0303nh lie\u0323\u0302t, \u0111a\u0302\u0300y khao kha\u0301t \u0111u\u031bo\u031b\u0323c ye\u0302u thu\u031bo\u031bng.<br \/>\nVa\u0300 ho\u031bn he\u0302\u0301t, cuo\u0302\u0301n sa\u0301ch giu\u0301p mi\u0300nh xoa di\u0323u tra\u0301i tim \u0111ang nho\u031b\u0301 nha\u0300, bo\u031b\u0303 ngo\u031b\u0303 vo\u031b\u0301i cuo\u0323\u0302c so\u0302\u0301ng tu\u031b\u0323 la\u0323\u0302p, bo\u031b\u0303 ngo\u031b\u0303 tru\u031bo\u031b\u0301c ngu\u031bo\u031b\u0303ng cu\u031b\u0309a tru\u031bo\u031b\u0309ng tha\u0300nh, bo\u031b\u0303 ngo\u031b\u0303 vo\u031b\u0301i lo\u0300ng ngu\u031bo\u031b\u0300i no\u0302ng sa\u0302u.<br \/>\nTu\u031b\u0323a nhu\u031b che\u0301n canh ga\u0300 cu\u0309a me\u0323, lie\u0302\u0300u thuo\u0302\u0301c ca\u0309m nhu\u031bng cha\u0306\u0309ng co\u0301 ta\u0301c du\u0323ng phu\u0323 nga\u0300y mu\u031ba, nhu\u031b lo\u031b\u0300i ru tho\u031b\u0300i tho\u031b be\u0301, \u201cMo\u0323\u0302t ma\u0309nh tra\u0306ng\u201d la\u0300 ta\u0302\u0301t ca\u0309 nhu\u031b\u0303ng gi\u0300 ta ti\u0300m ve\u0302\u0300.<\/p>\n<p>M\u1ed9t m\u1ea3nh tr\u0103ng \u2013 Cu\u1ed1n s\u00e1ch an \u1ee7i nh\u1eefng tr\u00e1i tim t\u1ed5n th\u01b0\u01a1ng khi tr\u1edf th\u00e0nh ng\u01b0\u1eddi l\u1edbn.<br \/>\nM\u1ed9t m\u1ea3nh tr\u0103ng &#8211; Cu\u1ed1n s\u00e1ch \u0111\u01b0\u1ee3c h\u00e0ng v\u1ea1n \u0111\u1ed9c gi\u1ea3 H\u00e0n Qu\u1ed1c \u0111\u1ed3ng c\u1ea3m v\u00e0 y\u00eau th\u00edch!  <div class=\"banner-grid-wrapper\">\n  <div id=\"banner-grid-1321152385\" class=\"banner-grid row row-grid row-small\" data-packery-options=\"\">\n                      <div class=\"col grid-col large-6 grid-col-1\" ><div class=\"col-inner\">\t<div class=\"img has-hover x md-x lg-x y md-y lg-y\" id=\"image_535340545\">\n\t\t\t\t\t\t\t\t<div class=\"img-inner dark\" >\n\t\t\t<img loading=\"lazy\" decoding=\"async\" width=\"940\" height=\"788\" src=\"https:\/\/sachviet.eu\/wp-content\/uploads\/2021\/02\/123111742_1788083061345385_7153146715283771948_n.jpg\" class=\"attachment-large size-large\" alt=\"\" srcset=\"https:\/\/sachviet.eu\/wp-content\/uploads\/2021\/02\/123111742_1788083061345385_7153146715283771948_n.jpg 940w, https:\/\/sachviet.eu\/wp-content\/uploads\/2021\/02\/123111742_1788083061345385_7153146715283771948_n-300x251.jpg 300w, https:\/\/sachviet.eu\/wp-content\/uploads\/2021\/02\/123111742_1788083061345385_7153146715283771948_n-768x644.jpg 768w, https:\/\/sachviet.eu\/wp-content\/uploads\/2021\/02\/123111742_1788083061345385_7153146715283771948_n-600x503.jpg 600w\" sizes=\"auto, (max-width: 940px) 100vw, 940px\" \/>\t\t\t\t\t\t\n\t\t\t\t\t<\/div>\n\t\t\t\t\t\t\t\t\n<style>\n#image_535340545 {\n  width: 100%;\n}\n<\/style>\n\t<\/div>\n\t<\/div><\/div><div class=\"col grid-col large-6 grid-col-1\" ><div class=\"col-inner\">\t<div class=\"img has-hover x md-x lg-x y md-y lg-y\" id=\"image_496068136\">\n\t\t\t\t\t\t\t\t<div class=\"img-inner dark\" >\n\t\t\t<img loading=\"lazy\" decoding=\"async\" width=\"1020\" height=\"765\" src=\"https:\/\/sachviet.eu\/wp-content\/uploads\/2021\/02\/123014402_1784875001666191_2104623099633608628_o-1024x768.jpg\" class=\"attachment-large size-large\" alt=\"\" srcset=\"https:\/\/sachviet.eu\/wp-content\/uploads\/2021\/02\/123014402_1784875001666191_2104623099633608628_o-1024x768.jpg 1024w, https:\/\/sachviet.eu\/wp-content\/uploads\/2021\/02\/123014402_1784875001666191_2104623099633608628_o-300x225.jpg 300w, https:\/\/sachviet.eu\/wp-content\/uploads\/2021\/02\/123014402_1784875001666191_2104623099633608628_o-768x576.jpg 768w, https:\/\/sachviet.eu\/wp-content\/uploads\/2021\/02\/123014402_1784875001666191_2104623099633608628_o-1536x1152.jpg 1536w, https:\/\/sachviet.eu\/wp-content\/uploads\/2021\/02\/123014402_1784875001666191_2104623099633608628_o-600x450.jpg 600w, https:\/\/sachviet.eu\/wp-content\/uploads\/2021\/02\/123014402_1784875001666191_2104623099633608628_o.jpg 2016w\" sizes=\"auto, (max-width: 1020px) 100vw, 1020px\" \/>\t\t\t\t\t\t\n\t\t\t\t\t<\/div>\n\t\t\t\t\t\t\t\t\n<style>\n#image_496068136 {\n  width: 100%;\n}\n<\/style>\n\t<\/div>\n\t<\/div><\/div>            <\/div>\n    <style>\n    #banner-grid-1321152385 .grid-col-1{height: 600px}\n    #banner-grid-1321152385 .grid-col-1-2{height: 300px}\n    #banner-grid-1321152385 .grid-col-1-3{height:200px}\n    #banner-grid-1321152385 .grid-col-2-3{height: 400px}\n    #banner-grid-1321152385 .grid-col-1-4{height: 150px}\n    #banner-grid-1321152385 .grid-col-3-4{height: 450px}\n\n\n    \n    \n\n  <\/style>\n    <\/div>\n  \n","protected":false},"excerpt":{"rendered":"<p>T\u00f4i mu\u1ed1n n\u00f3i v\u1edbi t\u1ea5t th\u1ea3y nh\u1eefng \u201cv\u1ea7ng tr\u0103ng khuy\u1ebft\u201d tr\u00ean th\u1ebf gian n\u00e0y r\u1eb1ng ch\u00fang ta tuy l\u00e0 tr\u0103ng khuy\u1ebft nh\u01b0ng v\u1eabn \u0111\u1ea7y \u0111\u1ee7 v\u1ebb \u0111\u1eb9p. Mong c\u00e1c b\u1ea1n \u0111\u1eebng qu\u00e1 g\u1ed3ng m\u00ecnh \u0111\u1ec3 tr\u1edf th\u00e0nh tr\u0103ng tr\u00f2n.<\/p>\n<p>\u00c1nh tr\u0103ng r\u1eb1m tr\u00f2n tr\u1ecba c\u0169ng ch\u1ec9 xu\u1ea5t hi\u1ec7n m\u1ed9t ng\u00e0y trong th\u00e1ng m\u00e0 th\u00f4i. N\u00f3 ch\u1ec9 t\u1ed3n t\u1ea1i trong tho\u00e1ng ch\u1ed1c ng\u1eafn ng\u1ee7i, v\u1ee5t qua r\u1ed3i bi\u1ebfn m\u1ea5t.<br \/>\nR\u1ed1t cu\u1ed9c, t\u1ea5t c\u1ea3 ch\u00fang ta \u0111\u1ec1u s\u1ed1ng trong m\u1ed9t th\u1ebf gi\u1edbi kh\u00f4ng ho\u00e0n h\u1ea3o.<br \/>\nQu\u1ea7ng tr\u0103ng xu\u1ea5t hi\u1ec7n t\u1eeb l\u00fac tr\u0103ng non m\u1edbi l\u00ean, cho t\u1edbi t\u1eadn khi tr\u0103ng r\u1eb1m tr\u00f2n v\u00e0nh v\u1ea1nh s\u00e1ng t\u1ecf, \u00e1nh s\u00e1ng \u1ea5y v\u1eabn lu\u00f4n soi r\u1ecdi t\u00f4i ngay c\u1ea3 v\u00e0o nh\u1eefng ng\u00e0y b\u00f3ng t\u1ed1i d\u00e0y \u0111\u1eb7c bao ph\u1ee7. Cu\u1ed1n s\u00e1ch n\u00e0y t\u1ef1a nh\u01b0 v\u1ea7ng tr\u0103ng khuy\u1ebft ch\u01b0a th\u1ec3 tr\u00f2n \u0111\u1ea7y nh\u01b0ng t\u00f4i mong n\u00f3 s\u1ebd an \u1ee7i b\u1ea1n ph\u1ea7n n\u00e0o trong cu\u1ed9c s\u1ed1ng \u0111\u1ea7y m\u1ecfi m\u1ec7t hi\u1ec7n nay.<\/p>\n<p>M\u1ed9t m\u1ea3nh tr\u0103ng \u2013 Cu\u1ed1n s\u00e1ch an \u1ee7i nh\u1eefng tr\u00e1i tim t\u1ed5n th\u01b0\u01a1ng khi tr\u1edf th\u00e0nh ng\u01b0\u1eddi l\u1edbn.<br \/>\nM\u1ed9t m\u1ea3nh tr\u0103ng &#8211; Cu\u1ed1n s\u00e1ch \u0111\u01b0\u1ee3c h\u00e0ng v\u1ea1n \u0111\u1ed9c gi\u1ea3 H\u00e0n Qu\u1ed1c \u0111\u1ed3ng c\u1ea3m v\u00e0 y\u00eau th\u00edch!<\/p>\n","protected":false},"featured_media":1786,"template":"","meta":{"_acf_changed":false},"product_brand":[],"product_cat":[15,45],"product_tag":[],"class_list":{"0":"post-1797","1":"product","2":"type-product","3":"status-publish","4":"has-post-thumbnail","6":"product_cat-sach-danh-cho-nguoi-lon","7":"product_cat-tieu-thuyet","9":"first","10":"outofstock","11":"taxable","12":"shipping-taxable","13":"purchasable","14":"product-type-simple"},"supplier_id":null,"supplier_sku":"","barcode":null,"atum_controlled":true,"out_stock_date":"2021-04-03 18:48:36","out_stock_threshold":null,"inheritable":false,"inbound_stock":0,"stock_on_hold":0,"sold_today":0,"sales_last_days":0,"reserved_stock":0,"customer_returns":0,"warehouse_damage":0,"lost_in_post":0,"other_logs":0,"out_stock_days":1761,"lost_sales":0,"has_location":false,"update_date":"2026-01-28T23:10:30","atum_locations":[],"atum_stock_status":"outofstock","restock_status":false,"low_stock_amount":"","sales_update_date":"2026-01-28T23:10:30","calc_backorders":null,"acf":{"publisher":{"ID":1785,"post_author":"1","post_date":"2021-02-17 01:54:46","post_date_gmt":"2021-02-16 23:54:46","post_content":"<!-- wp:flatsome\/uxbuilder -->\n<h1 style=\"text-align: center;\"><strong>AZ VIETNAM<\/strong><\/h1>\n[row]\n\n[col span=\"8\" span__sm=\"12\"]\n\n<p>Th\u00e0nh l\u1eadp n\u0103m: 2015<br \/>V\u1ed1n \u0111\u1ea7u t\u01b0: 4,000,000,000 \u0111\u1ed3ng<br \/><strong>L\u0129nh v\u1ef1c:<\/strong><br \/>- Xu\u1ea5t b\u1ea3n v\u00e0 ph\u00e1t h\u00e0nh v\u0103n h\u00f3a ph\u1ea9m<br \/>- Cung c\u1ea5p v\u0103n h\u00f3a ph\u1ea9m, c\u00e1c s\u1ea3n ph\u1ea9m cho in \u1ea5n, trang thi\u1ebft b\u1ecb cho c\u00e1c th\u01b0 vi\u1ec7n v\u00e0 trung t\u00e2m s\u00e1ch tr\u00ean c\u1ea3 n\u01b0\u1edbc.<br \/>- Th\u1eddi trang v\u00e0 c\u00e1c s\u1ea3n ph\u1ea9m li\u00ean quan \u0111\u1ebfn l\u0129nh v\u1ef1c th\u1eddi trang<br \/>- Xu\u1ea5t nh\u1eadp kh\u1ea9u c\u00e1c s\u1ea3n ph\u1ea9m v\u0103n h\u00f3a<\/p>\n<p><strong>Quy m\u00f4:<\/strong> 60 nh\u00e2n vi\u00ean<br \/>Kh\u1edfi ngu\u1ed3n c\u1ee7a AZ Vi\u1ec7t Nam ng\u00e0y nay l\u00e0 C\u00f4ng ty TNHH Trung t\u00e2m S\u00e1ch v\u00e0 Thi\u1ebft b\u1ecb Th\u01b0 vi\u1ec7n, v\u1edbi ho\u1ea1t \u0111\u1ed9ng \u0111\u1ea7u ti\u00ean l\u00e0 cung c\u1ea5p s\u00e1ch, trang thi\u1ebft b\u1ecb, v\u0103n h\u00f3a ph\u1ea9m cho c\u00e1c th\u01b0 vi\u1ec7n v\u00e0 trung t\u00e2m s\u00e1ch tr\u00ean c\u1ea3 n\u01b0\u1edbc. T\u1eeb cu\u1ed1i n\u0103m 2010 \u0111\u1ebfn nay, ch\u00fang t\u00f4i \u0111\u00e3 kh\u00f4ng ng\u1eebng n\u1ed7 l\u1ef1c khai ph\u00e1 v\u00e0 ph\u00e1t tri\u1ec3n c\u00e1c d\u00f2ng s\u1ea3n ph\u1ea9m m\u1edbi v\u1edbi 8 th\u01b0\u01a1ng hi\u1ec7u uy t\u00edn. \u0110\u1ec3 \u0111\u00e1p \u1ee9ng nhu c\u1ea7u ph\u00e1t tri\u1ec3n ng\u00e0y m\u1ed9t l\u1edbn m\u1ea1nh v\u00e0 t\u1eadp h\u1ee3p c\u00e1c th\u01b0\u01a1ng hi\u1ec7u \u0111\u00e3 \u0111\u01b0\u1ee3c ch\u00fang t\u00f4i x\u00e2y d\u1ef1ng, 2015 C\u00f4ng ty TNHH AZ Vi\u1ec7t Nam \u0111\u00e3 ra \u0111\u1eddi v\u1edbi s\u1ee9 m\u1ec7nh mang \u0111\u1ebfn nhi\u1ec1u h\u01a1n n\u1eefa nh\u1eefng gi\u00e1 tr\u1ecb tinh th\u1ea7n, tri th\u1ee9c ti\u00ean ti\u1ebfn cho ng\u01b0\u1eddi ti\u00eau d\u00f9ng b\u1eb1ng vi\u1ec7c cung c\u1ea5p nh\u1eefng s\u1ea3n ph\u1ea9m c\u00f3 ch\u1ea5t l\u01b0\u1ee3ng.<\/p>\n\n[\/col]\n[col span=\"4\" span__sm=\"12\"]\n\n[ux_image id=\"1836\" image_size=\"medium\"]\n\n\n[\/col]\n\n[\/row]\n\n<!-- \/wp:flatsome\/uxbuilder -->","post_title":"AZ Vi\u1ec7t Nam","post_excerpt":"","post_status":"publish","comment_status":"closed","ping_status":"closed","post_password":"","post_name":"az-viet-nam","to_ping":"","pinged":"","post_modified":"2021-02-17 22:07:10","post_modified_gmt":"2021-02-17 20:07:10","post_content_filtered":"","post_parent":0,"guid":"https:\/\/sachviet.eu\/nha-phat-hanh\/az-viet-nam\/","menu_order":0,"post_type":"publisher","post_mime_type":"","comment_count":"0","filter":"raw"}},"_links":{"self":[{"href":"https:\/\/sachviet.eu\/en\/wp-json\/wp\/v2\/product\/1797","targetHints":{"allow":["GET"]}}],"collection":[{"href":"https:\/\/sachviet.eu\/en\/wp-json\/wp\/v2\/product"}],"about":[{"href":"https:\/\/sachviet.eu\/en\/wp-json\/wp\/v2\/types\/product"}],"wp:featuredmedia":[{"embeddable":true,"href":"https:\/\/sachviet.eu\/en\/wp-json\/wp\/v2\/media\/1786"}],"wp:attachment":[{"href":"https:\/\/sachviet.eu\/en\/wp-json\/wp\/v2\/media?parent=1797"}],"wp:term":[{"taxonomy":"product_brand","embeddable":true,"href":"https:\/\/sachviet.eu\/en\/wp-json\/wp\/v2\/product_brand?post=1797"},{"taxonomy":"product_cat","embeddable":true,"href":"https:\/\/sachviet.eu\/en\/wp-json\/wp\/v2\/product_cat?post=1797"},{"taxonomy":"product_tag","embeddable":true,"href":"https:\/\/sachviet.eu\/en\/wp-json\/wp\/v2\/product_tag?post=1797"}],"curies":[{"name":"wp","href":"https:\/\/api.w.org\/{rel}","templated":true}]}}