{"id":17960,"date":"2022-04-09T17:55:14","date_gmt":"2022-04-09T14:55:14","guid":{"rendered":"https:\/\/sachviet.eu\/shop\/thu-thi-thu-thi-cai-gi-nguy-hiem\/"},"modified":"2022-12-19T18:16:10","modified_gmt":"2022-12-19T16:16:10","slug":"thu-thi-thu-thi-cai-gi-nguy-hiem","status":"publish","type":"product","link":"https:\/\/sachviet.eu\/en\/shop\/thu-thi-thu-thi-cai-gi-nguy-hiem\/","title":{"rendered":"Th\u1ee7 th\u1ec9 th\u00f9 th\u00ec C\u00c1I G\u00cc NGUY HI\u1ec2M"},"content":{"rendered":"<p>Quy\u1ec3n s\u00e1ch nh\u1ecf n\u00e0y g\u1ed3m kho\u1ea3ng 80 b\u00e0i th\u01a1 v\u1ec1 k\u1ef9 n\u0103ng s\u1ed1ng ph\u00f2ng tr\u00e1nh nguy hi\u1ec3m cho tr\u1ebb em (m\u1eabu gi\u00e1o, ti\u1ec3u h\u1ecdc). T\u00e1c gi\u1ea3 l\u00e0 TS. Ph\u1ea1m Anh Tu\u1ea5n, ng\u01b0\u1eddi s\u00e1ng l\u1eadp v\u00e0 gi\u00e1m \u0111\u1ed1c Trung t\u00e2m E-B\u01a1i (d\u1ea1y b\u01a1i t\u1ef1 c\u1ee9u cho m\u1ecdi ng\u01b0\u1eddi, \u0111\u1eb7c bi\u1ec7t l\u00e0 tr\u1ebb em).<\/p>\n<p>M\u1ed7i b\u00e0i th\u01a1 c\u00f3 k\u00e8m m\u1ed9t tranh minh h\u1ecda c\u1ee7a h\u1ecda s\u0129 nh\u1ecf tu\u1ed5i Nguy\u1ec5n Linh \u0110an.<\/p>\n<p>S\u00e1ch in m\u00e0u, kho\u1ea3ng 90 trang<\/p>\n","protected":false},"excerpt":{"rendered":"<p>Quy\u1ec3n s\u00e1ch nh\u1ecf n\u00e0y g\u1ed3m kho\u1ea3ng 80 b\u00e0i th\u01a1 v\u1ec1 k\u1ef9 n\u0103ng s\u1ed1ng ph\u00f2ng tr\u00e1nh nguy hi\u1ec3m cho tr\u1ebb em (m\u1eabu gi\u00e1o, ti\u1ec3u h\u1ecdc). T\u00e1c gi\u1ea3 l\u00e0 TS. Ph\u1ea1m Anh Tu\u1ea5n, ng\u01b0\u1eddi s\u00e1ng l\u1eadp v\u00e0 gi\u00e1m \u0111\u1ed1c Trung t\u00e2m E-B\u01a1i (d\u1ea1y b\u01a1i t\u1ef1 c\u1ee9u cho m\u1ecdi ng\u01b0\u1eddi, \u0111\u1eb7c bi\u1ec7t l\u00e0 tr\u1ebb em).<\/p>\n<p>M\u1ed7i b\u00e0i th\u01a1 c\u00f3 k\u00e8m m\u1ed9t tranh minh h\u1ecda c\u1ee7a h\u1ecda s\u0129 nh\u1ecf tu\u1ed5i Nguy\u1ec5n Linh \u0110an.<\/p>\n<p>S\u00e1ch in m\u00e0u, kho\u1ea3ng 90 trang<\/p>\n","protected":false},"featured_media":17974,"template":"","meta":{"_acf_changed":false},"product_brand":[],"product_cat":[17,26],"product_tag":[],"class_list":{"0":"post-17960","1":"product","2":"type-product","3":"status-publish","4":"has-post-thumbnail","6":"product_cat-sach-danh-cho-cac-be","7":"product_cat-thieu-nien-11-tuoi-18-tuoi","9":"first","10":"outofstock","11":"taxable","12":"shipping-taxable","13":"purchasable","14":"product-type-simple"},"supplier_id":null,"supplier_sku":"","barcode":null,"atum_controlled":true,"out_stock_date":"2022-12-19 12:58:38","out_stock_threshold":null,"inheritable":false,"inbound_stock":0,"stock_on_hold":0,"sold_today":0,"sales_last_days":0,"reserved_stock":0,"customer_returns":0,"warehouse_damage":0,"lost_in_post":0,"other_logs":0,"out_stock_days":1136,"lost_sales":0,"has_location":false,"update_date":"2026-01-28T23:11:02","atum_locations":[{"id":32,"name":"Helsinki","slug":"helsinki"}],"atum_stock_status":"outofstock","restock_status":false,"low_stock_amount":"","sales_update_date":"2026-01-28T23:11:02","calc_backorders":null,"acf":{"publisher":{"ID":17958,"post_author":"1","post_date":"2022-04-09 17:53:00","post_date_gmt":"2022-04-09 14:53:00","post_content":"","post_title":"Sputnik","post_excerpt":"","post_status":"publish","comment_status":"closed","ping_status":"closed","post_password":"","post_name":"sputnik","to_ping":"","pinged":"","post_modified":"2022-04-09 17:53:00","post_modified_gmt":"2022-04-09 14:53:00","post_content_filtered":"","post_parent":0,"guid":"https:\/\/sachviet.eu\/nha-phat-hanh\/sputnik\/","menu_order":0,"post_type":"publisher","post_mime_type":"","comment_count":"0","filter":"raw"}},"_links":{"self":[{"href":"https:\/\/sachviet.eu\/en\/wp-json\/wp\/v2\/product\/17960","targetHints":{"allow":["GET"]}}],"collection":[{"href":"https:\/\/sachviet.eu\/en\/wp-json\/wp\/v2\/product"}],"about":[{"href":"https:\/\/sachviet.eu\/en\/wp-json\/wp\/v2\/types\/product"}],"wp:featuredmedia":[{"embeddable":true,"href":"https:\/\/sachviet.eu\/en\/wp-json\/wp\/v2\/media\/17974"}],"wp:attachment":[{"href":"https:\/\/sachviet.eu\/en\/wp-json\/wp\/v2\/media?parent=17960"}],"wp:term":[{"taxonomy":"product_brand","embeddable":true,"href":"https:\/\/sachviet.eu\/en\/wp-json\/wp\/v2\/product_brand?post=17960"},{"taxonomy":"product_cat","embeddable":true,"href":"https:\/\/sachviet.eu\/en\/wp-json\/wp\/v2\/product_cat?post=17960"},{"taxonomy":"product_tag","embeddable":true,"href":"https:\/\/sachviet.eu\/en\/wp-json\/wp\/v2\/product_tag?post=17960"}],"curies":[{"name":"wp","href":"https:\/\/api.w.org\/{rel}","templated":true}]}}