{"id":17959,"date":"2022-04-09T17:55:10","date_gmt":"2022-04-09T14:55:10","guid":{"rendered":"https:\/\/sachviet.eu\/shop\/bo-truyen-toan-hoc-bo-6-quyen\/"},"modified":"2022-12-19T18:16:16","modified_gmt":"2022-12-19T16:16:16","slug":"bo-truyen-toan-hoc-bo-6-quyen","status":"publish","type":"product","link":"https:\/\/sachviet.eu\/en\/shop\/bo-truyen-toan-hoc-bo-6-quyen\/","title":{"rendered":"B\u1ed9 Truy\u1ec7n to\u00e1n h\u1ecdc &#8211; B\u1ed9 6 quy\u1ec3n"},"content":{"rendered":"<p>B\u1ed9 truy\u1ec7n bao g\u1ed3m 6 t\u00e1c ph\u1ea9m<\/p>\n<p>1. S001, Malba Tahan, Nh\u1eefng cu\u1ed9c phi\u00eau l\u01b0u c\u1ee7a ng\u01b0\u1eddi th\u00edch \u0111\u1ebfm, d\u1ecbch gi\u1ea3 : GS Nguy\u1ec5n Ti\u1ebfn D\u0169ng, GS Ph\u1ea1m Vi\u1ec7t H\u00f9ng, GS L\u00ea H\u1ea3i Y\u1ebfn<\/p>\n<p>Truy\u1ec7n v\u1ec1 to\u00e1n h\u1ecdc, ly k\u00ec kh\u00f4ng k\u00e9m g\u00ec Ngh\u00ecn l\u1ebb m\u1ed9t \u0111\u00eam. D\u00e0nh cho tr\u1ebb em nh\u1ecf tu\u1ed5i t\u1eeb c\u1ea5p m\u1ed9t tr\u1edf l\u00ean, v\u00e0 ng\u01b0\u1eddi l\u1edbn c\u0169ng s\u1ebd th\u1ea5y th\u00fa v\u1ecb.<\/p>\n<p>\u0110\u00e3 b\u00e1n h\u00e0ng tri\u1ec7u b\u1ea3n tr\u00ean th\u1ebf gi\u1edbi. T\u00e1c gi\u1ea3 l\u00e0 gi\u00e1o s\u01b0 to\u00e1n \u1edf Brazil, \u0111\u01b0\u1ee3c m\u1ec7nh danh l\u00e0 &#8220;nh\u00e0 to\u00e1n h\u1ecdc duy nh\u1ea5t n\u1ed5i ti\u1ebfng nh\u01b0 si\u00eau sao b\u00f3ng \u0111\u00e1&#8221;.<\/p>\n<p>\u0110\u00e2y l\u00e0 l\u1ea7n \u0111\u1ea7u ti\u00ean cu\u1ed1n truy\u1ec7n n\u00e0y \u0111\u01b0\u1ee3c d\u1ecbch sang ti\u1ebfng Vi\u1ec7t.<\/p>\n<p>2.S002, Vladimir Levshin, Ba ng\u00e0y \u1edf n\u01b0\u1edbc t\u00fd hon, GS Nguy\u1ec5n Ti\u1ebfn D\u0169ng d\u1ecbch<\/p>\n<p>Truy\u1ec7n &#8220;th\u1ea7n tho\u1ea1i m\u00e0 kh\u00f4ng th\u1ea7n tho\u1ea1i&#8221;<\/p>\n<p>B\u1ea3n d\u1ecbch m\u1edbi c\u1ee7a GS Nguy\u1ec5n Ti\u1ebfn D\u0169ng (ch\u00ednh x\u00e1c h\u01a1n nhi\u1ec1u so v\u1edbi b\u1ea3n d\u1ecbch t\u1eeb nh\u1eefng n\u0103m 1970)<\/p>\n<p>3. S010, Vladimir Levshin, Ng\u01b0\u1eddi m\u1eb7t n\u1ea1 \u0111en t\u1eeb n\u01b0\u1edbc Al-ja Sbr, GS Nguy\u1ec5n Ti\u1ebfn D\u0169ng d\u1ecbch<\/p>\n<p>Truy\u1ec7n to\u00e1n n\u1ed5i ti\u1ebfng d\u00e0nh cho tr\u1ebb em c\u1ee7a Levshin &amp; Aleksandrova. (C\u00f9ng b\u1ed9 v\u1edbi &#8220;Ba ng\u00e0y \u1edf n\u01b0\u1edbc T\u00ed Hon&#8221;). \u0110\u1eb7c bi\u1ec7t th\u00edch h\u1ee3p v\u1edbi h\u1ecdc sinh c\u1ea5p 1 v\u00e0 c\u1ea5p 2.<\/p>\n<p>4.S016, Vladimir Levshin &amp; Emilia Aleksandrova, T\u00ecm s\u1ed1 th\u1ea5t l\u1ea1c, Ho\u00e0ng Ng\u1ef1 Hu\u1ea5n v\u00e0 GS Nguy\u1ec5n Ti\u1ebfn D\u0169ng d\u1ecbch<\/p>\n<p>H\u00e3y c\u00f9ng c\u00e1c th\u00e1m t\u1eed: m\u1ed9t c\u00f4 b\u00e9, m\u1ed9t ch\u00fa ch\u00f3 r\u1ea5t th\u00f4ng minh, m\u1ed9t anh hi\u1ec1n l\u00e0nh r\u1ea5t hay qu\u00ean, v\u00e0 m\u1ed9t th\u00e0nh vi\u00ean k\u1ef3 c\u1ef1 c\u1ee7a c\u00e2u l\u1ea1c b\u1ed9 to\u00e1n h\u1ecdc, \u0111i t\u00ecm c\u00e1c con s\u1ed1 b\u1ecb th\u1ea5t l\u1ea1c, trong m\u1ed9t th\u00e0nh ph\u1ed1 t\u01b0\u1edfng t\u01b0\u1ee3ng tuy\u1ec7t v\u1eddi mang t\u00ean En-Em!<\/p>\n<p>C\u00e2u chuy\u1ec7n r\u1ea5t h\u00f3m h\u1ec9nh, v\u00e0 qua \u0111\u00f3 ng\u01b0\u1eddi \u0111\u1ecdc s\u1ebd h\u1ecdc \u0111\u01b0\u1ee3c th\u00eam kh\u00e1 nhi\u1ec1u \u0111i\u1ec1u l\u00fd th\u00fa v\u1ec1 to\u00e1n h\u1ecdc. Nh\u01b0ng c\u00f3 th\u1ec3 \u0111\u1ecdc n\u00f3 nh\u01b0 \u0111\u1ecdc truy\u1ec7n, kh\u00f4ng c\u1ea7n c\u00f3 ki\u1ebfn th\u1ee9c chu\u1ea9n b\u1ecb g\u00ec v\u1ec1 to\u00e1n.<\/p>\n<p>S\u00e1ch \u0111\u1eb7c bi\u1ec7t th\u00edch h\u1ee3p cho c\u00e1c b\u1ea1n h\u1ecdc sinh s\u1ee3 to\u00e1n, gh\u00e9t to\u00e1n!<\/p>\n<p>5. S020, Vladimir Levshin &amp; Emilia Aleksandrova, Thuy\u1ec1n tr\u01b0\u1edfng \u0111\u01a1n v\u1ecb, GS Nguy\u1ec5n Ti\u1ebfn D\u0169ng d\u1ecbch<\/p>\n<p>6.S024, Nguy\u1ec5n Ti\u1ebfn D\u0169ng, To\u00e1n h\u1ecdc v\u00e0 Ngh\u1ec7 thu\u1eadt<\/p>\n","protected":false},"excerpt":{"rendered":"<p>B\u1ed9 truy\u1ec7n bao g\u1ed3m 6 t\u00e1c ph\u1ea9m<\/p>\n<p>1. S001, Malba Tahan, Nh\u1eefng cu\u1ed9c phi\u00eau l\u01b0u c\u1ee7a ng\u01b0\u1eddi th\u00edch \u0111\u1ebfm, d\u1ecbch gi\u1ea3 : GS Nguy\u1ec5n Ti\u1ebfn D\u0169ng, GS Ph\u1ea1m Vi\u1ec7t H\u00f9ng, GS L\u00ea H\u1ea3i Y\u1ebfn<\/p>\n<p>Truy\u1ec7n v\u1ec1 to\u00e1n h\u1ecdc, ly k\u00ec kh\u00f4ng k\u00e9m g\u00ec Ngh\u00ecn l\u1ebb m\u1ed9t \u0111\u00eam. D\u00e0nh cho tr\u1ebb em nh\u1ecf tu\u1ed5i t\u1eeb c\u1ea5p m\u1ed9t tr\u1edf l\u00ean, v\u00e0 ng\u01b0\u1eddi l\u1edbn c\u0169ng s\u1ebd th\u1ea5y th\u00fa v\u1ecb.<\/p>\n<p>\u0110\u00e3 b\u00e1n h\u00e0ng tri\u1ec7u b\u1ea3n tr\u00ean th\u1ebf gi\u1edbi. T\u00e1c gi\u1ea3 l\u00e0 gi\u00e1o s\u01b0 to\u00e1n \u1edf Brazil, \u0111\u01b0\u1ee3c m\u1ec7nh danh l\u00e0 &#8220;nh\u00e0 to\u00e1n h\u1ecdc duy nh\u1ea5t n\u1ed5i ti\u1ebfng nh\u01b0 si\u00eau sao b\u00f3ng \u0111\u00e1&#8221;.<\/p>\n<p>\u0110\u00e2y l\u00e0 l\u1ea7n \u0111\u1ea7u ti\u00ean cu\u1ed1n truy\u1ec7n n\u00e0y \u0111\u01b0\u1ee3c d\u1ecbch sang ti\u1ebfng Vi\u1ec7t.<\/p>\n<p>2.S002, Vladimir Levshin, Ba ng\u00e0y \u1edf n\u01b0\u1edbc t\u00fd hon, GS Nguy\u1ec5n Ti\u1ebfn D\u0169ng d\u1ecbch<\/p>\n<p>Truy\u1ec7n &#8220;th\u1ea7n tho\u1ea1i m\u00e0 kh\u00f4ng th\u1ea7n tho\u1ea1i&#8221;<\/p>\n<p>B\u1ea3n d\u1ecbch m\u1edbi c\u1ee7a GS Nguy\u1ec5n Ti\u1ebfn D\u0169ng (ch\u00ednh x\u00e1c h\u01a1n nhi\u1ec1u so v\u1edbi b\u1ea3n d\u1ecbch t\u1eeb nh\u1eefng n\u0103m 1970)<\/p>\n<p>3. S010, Vladimir Levshin, Ng\u01b0\u1eddi m\u1eb7t n\u1ea1 \u0111en t\u1eeb n\u01b0\u1edbc Al-ja Sbr, GS Nguy\u1ec5n Ti\u1ebfn D\u0169ng d\u1ecbch<\/p>\n<p>Truy\u1ec7n to\u00e1n n\u1ed5i ti\u1ebfng d\u00e0nh cho tr\u1ebb em c\u1ee7a Levshin &amp; Aleksandrova. (C\u00f9ng b\u1ed9 v\u1edbi &#8220;Ba ng\u00e0y \u1edf n\u01b0\u1edbc T\u00ed Hon&#8221;). \u0110\u1eb7c bi\u1ec7t th\u00edch h\u1ee3p v\u1edbi h\u1ecdc sinh c\u1ea5p 1 v\u00e0 c\u1ea5p 2.<\/p>\n<p>4.S016, Vladimir Levshin &amp; Emilia Aleksandrova, T\u00ecm s\u1ed1 th\u1ea5t l\u1ea1c, Ho\u00e0ng Ng\u1ef1 Hu\u1ea5n v\u00e0 GS Nguy\u1ec5n Ti\u1ebfn D\u0169ng d\u1ecbch<\/p>\n<p>H\u00e3y c\u00f9ng c\u00e1c th\u00e1m t\u1eed: m\u1ed9t c\u00f4 b\u00e9, m\u1ed9t ch\u00fa ch\u00f3 r\u1ea5t th\u00f4ng minh, m\u1ed9t anh hi\u1ec1n l\u00e0nh r\u1ea5t hay qu\u00ean, v\u00e0 m\u1ed9t th\u00e0nh vi\u00ean k\u1ef3 c\u1ef1 c\u1ee7a c\u00e2u l\u1ea1c b\u1ed9 to\u00e1n h\u1ecdc, \u0111i t\u00ecm c\u00e1c con s\u1ed1 b\u1ecb th\u1ea5t l\u1ea1c, trong m\u1ed9t th\u00e0nh ph\u1ed1 t\u01b0\u1edfng t\u01b0\u1ee3ng tuy\u1ec7t v\u1eddi mang t\u00ean En-Em!<\/p>\n<p>C\u00e2u chuy\u1ec7n r\u1ea5t h\u00f3m h\u1ec9nh, v\u00e0 qua \u0111\u00f3 ng\u01b0\u1eddi \u0111\u1ecdc s\u1ebd h\u1ecdc \u0111\u01b0\u1ee3c th\u00eam kh\u00e1 nhi\u1ec1u \u0111i\u1ec1u l\u00fd th\u00fa v\u1ec1 to\u00e1n h\u1ecdc. Nh\u01b0ng c\u00f3 th\u1ec3 \u0111\u1ecdc n\u00f3 nh\u01b0 \u0111\u1ecdc truy\u1ec7n, kh\u00f4ng c\u1ea7n c\u00f3 ki\u1ebfn th\u1ee9c chu\u1ea9n b\u1ecb g\u00ec v\u1ec1 to\u00e1n.<\/p>\n<p>S\u00e1ch \u0111\u1eb7c bi\u1ec7t th\u00edch h\u1ee3p cho c\u00e1c b\u1ea1n h\u1ecdc sinh s\u1ee3 to\u00e1n, gh\u00e9t to\u00e1n!<\/p>\n<p>5. S020, Vladimir Levshin &amp; Emilia Aleksandrova, Thuy\u1ec1n tr\u01b0\u1edfng \u0111\u01a1n v\u1ecb, GS Nguy\u1ec5n Ti\u1ebfn D\u0169ng d\u1ecbch<\/p>\n<p>6.S024, Nguy\u1ec5n Ti\u1ebfn D\u0169ng, To\u00e1n h\u1ecdc v\u00e0 Ngh\u1ec7 thu\u1eadt<\/p>\n","protected":false},"featured_media":17976,"template":"","meta":{"_acf_changed":false},"product_brand":[],"product_cat":[17,26],"product_tag":[],"class_list":{"0":"post-17959","1":"product","2":"type-product","3":"status-publish","4":"has-post-thumbnail","6":"product_cat-sach-danh-cho-cac-be","7":"product_cat-thieu-nien-11-tuoi-18-tuoi","9":"first","10":"outofstock","11":"taxable","12":"shipping-taxable","13":"purchasable","14":"product-type-simple"},"supplier_id":null,"supplier_sku":"","barcode":null,"atum_controlled":true,"out_stock_date":"2022-12-19 12:58:38","out_stock_threshold":null,"inheritable":false,"inbound_stock":0,"stock_on_hold":0,"sold_today":0,"sales_last_days":0,"reserved_stock":0,"customer_returns":0,"warehouse_damage":0,"lost_in_post":0,"other_logs":0,"out_stock_days":1136,"lost_sales":0,"has_location":false,"update_date":"2026-01-28T23:11:02","atum_locations":[{"id":32,"name":"Helsinki","slug":"helsinki"}],"atum_stock_status":"outofstock","restock_status":false,"low_stock_amount":"","sales_update_date":"2026-01-28T23:11:02","calc_backorders":null,"acf":{"publisher":{"ID":17958,"post_author":"1","post_date":"2022-04-09 17:53:00","post_date_gmt":"2022-04-09 14:53:00","post_content":"","post_title":"Sputnik","post_excerpt":"","post_status":"publish","comment_status":"closed","ping_status":"closed","post_password":"","post_name":"sputnik","to_ping":"","pinged":"","post_modified":"2022-04-09 17:53:00","post_modified_gmt":"2022-04-09 14:53:00","post_content_filtered":"","post_parent":0,"guid":"https:\/\/sachviet.eu\/nha-phat-hanh\/sputnik\/","menu_order":0,"post_type":"publisher","post_mime_type":"","comment_count":"0","filter":"raw"}},"_links":{"self":[{"href":"https:\/\/sachviet.eu\/en\/wp-json\/wp\/v2\/product\/17959","targetHints":{"allow":["GET"]}}],"collection":[{"href":"https:\/\/sachviet.eu\/en\/wp-json\/wp\/v2\/product"}],"about":[{"href":"https:\/\/sachviet.eu\/en\/wp-json\/wp\/v2\/types\/product"}],"wp:featuredmedia":[{"embeddable":true,"href":"https:\/\/sachviet.eu\/en\/wp-json\/wp\/v2\/media\/17976"}],"wp:attachment":[{"href":"https:\/\/sachviet.eu\/en\/wp-json\/wp\/v2\/media?parent=17959"}],"wp:term":[{"taxonomy":"product_brand","embeddable":true,"href":"https:\/\/sachviet.eu\/en\/wp-json\/wp\/v2\/product_brand?post=17959"},{"taxonomy":"product_cat","embeddable":true,"href":"https:\/\/sachviet.eu\/en\/wp-json\/wp\/v2\/product_cat?post=17959"},{"taxonomy":"product_tag","embeddable":true,"href":"https:\/\/sachviet.eu\/en\/wp-json\/wp\/v2\/product_tag?post=17959"}],"curies":[{"name":"wp","href":"https:\/\/api.w.org\/{rel}","templated":true}]}}