{"id":17956,"date":"2022-04-09T17:47:09","date_gmt":"2022-04-09T14:47:09","guid":{"rendered":"https:\/\/sachviet.eu\/shop\/van-vat-van-hanh-nhu-the-nao\/"},"modified":"2022-12-19T18:16:25","modified_gmt":"2022-12-19T16:16:25","slug":"van-vat-van-hanh-nhu-the-nao","status":"publish","type":"product","link":"https:\/\/sachviet.eu\/en\/shop\/van-vat-van-hanh-nhu-the-nao\/","title":{"rendered":"V\u1ea1n V\u1eadt V\u1eadn H\u00e0nh Nh\u01b0 Th\u1ebf N\u00e0o"},"content":{"rendered":"<p>V\u1ea1n V\u1eadt V\u1eadn H\u00e0nh Nh\u01b0 Th\u1ebf N\u00e0o?<\/p>\n<p>V\u1ea1n v\u1eadt v\u1eadn h\u00e0nh nh\u01b0 th\u1ebf n\u00e0o? m\u00f4 t\u1ea3 ph\u1ea7n l\u1edbn c\u00e1c ph\u00e1t minh c\u1ee7a th\u1ebf gi\u1edbi hi\u1ec7n \u0111\u1ea1i, gi\u00fap ta c\u00f3 c\u00e1i nh\u00ecn s\u00e2u h\u01a1n v\u1ec1 c\u01a1 ch\u1ebf ho\u1ea1t \u0111\u1ed9ng c\u1ee7a c\u00e1c v\u1eadt d\u1ee5ng t\u01b0\u1edfng ch\u1eebng r\u1ea5t t\u1ea7m th\u01b0\u1eddng. \u0110\u01b0\u1ee3c l\u1ed3ng gh\u00e9p v\u1edbi m\u1ed9t nh\u00e2n v\u1eadt th\u00f4 k\u1ec7ch m\u00e0 d\u1ec5 th\u01b0\u01a1ng (voi ma-m\u00fat l\u00f4ng), d\u01b0\u1edbi l\u1eddi d\u1eabn truy\u1ec7n c\u1ee7a m\u1ed9t nh\u00e0 ph\u00e1t minh ng\u1edd ngh\u1ec7ch nh\u01b0ng \u0111\u1ea7y tham v\u1ecdng th\u1eddi ti\u1ec1n s\u1eed, cu\u1ed1n s\u00e1ch n\u00e0y h\u1ee9a h\u1eb9n l\u00e0 t\u00e1c ph\u1ea9m g\u1ea7n g\u0169i v\u1edbi m\u1ecdi l\u1ee9a tu\u1ed5i \u0111\u1ed9c gi\u1ea3 \u0111am m\u00ea t\u00ecm t\u00f2i v\u00e0 c\u00f3 \u00f3c phi\u00eau l\u01b0u h\u00e0i h\u01b0\u1edbc.<\/p>\n<p>\u0110\u00e2y s\u1ebd l\u00e0 m\u00f3n qu\u00e0 t\u1eb7ng tuy\u1ec7t v\u1eddi cho m\u1ecdi \u0111\u1ed9 tu\u1ed5i, mi\u1ec5n l\u00e0 c\u00f3 \u0111am m\u00ea t\u00ecm t\u00f2i h\u1ecdc h\u1ecfi v\u1ec1 khoa h\u1ecdc, k\u1ef9 thu\u1eadt, c\u01a1 kh\u00ed, \u0111i\u1ec7n t\u1eed, ho\u1eb7c nh\u1eefng \u0111\u1ed9c gi\u1ea3 ch\u00e1n ch\u01b0\u1eddng v\u1edbi nh\u1eefng cu\u1ed1n s\u00e1ch kh\u00f4 khan v\u1ec1 c\u00e1c l\u0129nh v\u1ef1c tr\u00ean. Ta c\u00f3 th\u1ec3 b\u1eaft \u0111\u1ea7u \u0111\u1ecdc \u1edf b\u1ea5t k\u1ef3 n\u01a1i n\u00e0o c\u1ee7a s\u00e1ch.<\/p>\n","protected":false},"excerpt":{"rendered":"<p>V\u1ea1n V\u1eadt V\u1eadn H\u00e0nh Nh\u01b0 Th\u1ebf N\u00e0o?<\/p>\n<p>V\u1ea1n v\u1eadt v\u1eadn h\u00e0nh nh\u01b0 th\u1ebf n\u00e0o? m\u00f4 t\u1ea3 ph\u1ea7n l\u1edbn c\u00e1c ph\u00e1t minh c\u1ee7a th\u1ebf gi\u1edbi hi\u1ec7n \u0111\u1ea1i, gi\u00fap ta c\u00f3 c\u00e1i nh\u00ecn s\u00e2u h\u01a1n v\u1ec1 c\u01a1 ch\u1ebf ho\u1ea1t \u0111\u1ed9ng c\u1ee7a c\u00e1c v\u1eadt d\u1ee5ng t\u01b0\u1edfng ch\u1eebng r\u1ea5t t\u1ea7m th\u01b0\u1eddng. \u0110\u01b0\u1ee3c l\u1ed3ng gh\u00e9p v\u1edbi m\u1ed9t nh\u00e2n v\u1eadt th\u00f4 k\u1ec7ch m\u00e0 d\u1ec5 th\u01b0\u01a1ng (voi ma-m\u00fat l\u00f4ng), d\u01b0\u1edbi l\u1eddi d\u1eabn truy\u1ec7n c\u1ee7a m\u1ed9t nh\u00e0 ph\u00e1t minh ng\u1edd ngh\u1ec7ch nh\u01b0ng \u0111\u1ea7y tham v\u1ecdng th\u1eddi ti\u1ec1n s\u1eed, cu\u1ed1n s\u00e1ch n\u00e0y h\u1ee9a h\u1eb9n l\u00e0 t\u00e1c ph\u1ea9m g\u1ea7n g\u0169i v\u1edbi m\u1ecdi l\u1ee9a tu\u1ed5i \u0111\u1ed9c gi\u1ea3 \u0111am m\u00ea t\u00ecm t\u00f2i v\u00e0 c\u00f3 \u00f3c phi\u00eau l\u01b0u h\u00e0i h\u01b0\u1edbc.<\/p>\n<p>\u0110\u00e2y s\u1ebd l\u00e0 m\u00f3n qu\u00e0 t\u1eb7ng tuy\u1ec7t v\u1eddi cho m\u1ecdi \u0111\u1ed9 tu\u1ed5i, mi\u1ec5n l\u00e0 c\u00f3 \u0111am m\u00ea t\u00ecm t\u00f2i h\u1ecdc h\u1ecfi v\u1ec1 khoa h\u1ecdc, k\u1ef9 thu\u1eadt, c\u01a1 kh\u00ed, \u0111i\u1ec7n t\u1eed, ho\u1eb7c nh\u1eefng \u0111\u1ed9c gi\u1ea3 ch\u00e1n ch\u01b0\u1eddng v\u1edbi nh\u1eefng cu\u1ed1n s\u00e1ch kh\u00f4 khan v\u1ec1 c\u00e1c l\u0129nh v\u1ef1c tr\u00ean. Ta c\u00f3 th\u1ec3 b\u1eaft \u0111\u1ea7u \u0111\u1ecdc \u1edf b\u1ea5t k\u1ef3 n\u01a1i n\u00e0o c\u1ee7a s\u00e1ch.<\/p>\n","protected":false},"featured_media":17954,"template":"","meta":{"_acf_changed":false},"product_brand":[],"product_cat":[18,17,26],"product_tag":[],"class_list":{"0":"post-17956","1":"product","2":"type-product","3":"status-publish","4":"has-post-thumbnail","6":"product_cat-kinh-te","7":"product_cat-sach-danh-cho-cac-be","8":"product_cat-thieu-nien-11-tuoi-18-tuoi","10":"first","11":"outofstock","12":"taxable","13":"shipping-taxable","14":"purchasable","15":"product-type-simple"},"supplier_id":null,"supplier_sku":"","barcode":null,"atum_controlled":true,"out_stock_date":"2022-12-19 12:58:40","out_stock_threshold":null,"inheritable":false,"inbound_stock":0,"stock_on_hold":0,"sold_today":0,"sales_last_days":0,"reserved_stock":0,"customer_returns":0,"warehouse_damage":0,"lost_in_post":0,"other_logs":0,"out_stock_days":1136,"lost_sales":0,"has_location":false,"update_date":"2026-01-28T23:11:02","atum_locations":[{"id":32,"name":"Helsinki","slug":"helsinki"}],"atum_stock_status":"outofstock","restock_status":false,"low_stock_amount":"","sales_update_date":"2026-01-28T23:11:02","calc_backorders":null,"acf":{"publisher":{"ID":2817,"post_author":"1","post_date":"2021-02-27 00:00:35","post_date_gmt":"2021-02-26 22:00:35","post_content":"","post_title":"Alpha Books","post_excerpt":"","post_status":"publish","comment_status":"closed","ping_status":"closed","post_password":"","post_name":"alpha-books","to_ping":"","pinged":"","post_modified":"2021-02-27 00:00:35","post_modified_gmt":"2021-02-26 22:00:35","post_content_filtered":"","post_parent":0,"guid":"https:\/\/sachviet.eu\/nha-phat-hanh\/alpha-books\/","menu_order":0,"post_type":"publisher","post_mime_type":"","comment_count":"0","filter":"raw"}},"_links":{"self":[{"href":"https:\/\/sachviet.eu\/en\/wp-json\/wp\/v2\/product\/17956","targetHints":{"allow":["GET"]}}],"collection":[{"href":"https:\/\/sachviet.eu\/en\/wp-json\/wp\/v2\/product"}],"about":[{"href":"https:\/\/sachviet.eu\/en\/wp-json\/wp\/v2\/types\/product"}],"wp:featuredmedia":[{"embeddable":true,"href":"https:\/\/sachviet.eu\/en\/wp-json\/wp\/v2\/media\/17954"}],"wp:attachment":[{"href":"https:\/\/sachviet.eu\/en\/wp-json\/wp\/v2\/media?parent=17956"}],"wp:term":[{"taxonomy":"product_brand","embeddable":true,"href":"https:\/\/sachviet.eu\/en\/wp-json\/wp\/v2\/product_brand?post=17956"},{"taxonomy":"product_cat","embeddable":true,"href":"https:\/\/sachviet.eu\/en\/wp-json\/wp\/v2\/product_cat?post=17956"},{"taxonomy":"product_tag","embeddable":true,"href":"https:\/\/sachviet.eu\/en\/wp-json\/wp\/v2\/product_tag?post=17956"}],"curies":[{"name":"wp","href":"https:\/\/api.w.org\/{rel}","templated":true}]}}