{"id":17953,"date":"2022-04-09T17:47:01","date_gmt":"2022-04-09T14:47:01","guid":{"rendered":"https:\/\/sachviet.eu\/shop\/tri-thuc-ve-van-vat\/"},"modified":"2022-12-19T18:16:58","modified_gmt":"2022-12-19T16:16:58","slug":"tri-thuc-ve-van-vat","status":"publish","type":"product","link":"https:\/\/sachviet.eu\/en\/shop\/tri-thuc-ve-van-vat\/","title":{"rendered":"Tri th\u1ee9c v\u1ec1 v\u1ea1n v\u1eadt"},"content":{"rendered":"<p>Tri Th\u1ee9c V\u1ec1 V\u1ea1n V\u1eadt &#8211; M\u1ed9t Th\u1ebf Gi\u1edbi Tr\u1ef1c Quan Ch\u01b0a T\u1eebng Th\u1ea5y<\/p>\n<p>Cu\u00f4\u0301n sa\u0301ch \u0111\u01b0\u01a1\u0323c la\u0300m theo phi\u00ean ba\u0309n c\u00e2\u0323p nh\u00e2\u0323t m\u01a1\u0301i nh\u00e2\u0301t cu\u0309a DK n\u0103m 2018.<\/p>\n<p>Cu\u1ed1n s\u00e1ch n\u00e0y s\u1ebd cho b\u1ea1n th\u1ea5y nh\u1eefng \u0111i\u1ec1u b\u00e1ch khoa th\u01b0 th\u00f4ng th\u01b0\u1eddng ch\u1ec9 n\u00f3i.<\/p>\n<p>KH\u00c1M PH\u00c1 b\u00ed \u1ea9n l\u0103ng m\u1ed9 vua Tutankhamun, s\u1ee9c m\u1ea1nh kh\u1ee7ng khi\u1ebfp c\u1ee7a s\u00f3ng th\u1ea7n, \u0111\u1ed9ng \u0111\u1ea5t, v\u00f2i r\u1ed3ng v\u00e0 l\u00f2 ph\u1ea3n \u1ee9ng h\u1ea1t nh\u00e2n b\u00ean trong M\u1eb7t tr\u1eddi.<\/p>\n<p>NH\u00ccN TH\u1ea4Y s\u1ef1 h\u00ecnh th\u00e0nh m\u1ed9t ng\u00f4i sao, b\u00ean trong c\u01a1 th\u1ec3 kh\u1ee7ng long b\u1ea1o ch\u00faa v\u00e0 b\u00ed m\u1eadt ADN.<\/p>\n<p>DU H\u00c0NH ng\u01b0\u1ee3c th\u1eddi gian v\u1ec1 th\u1eddi x\u00e2y V\u1ea1n L\u00fd Tr\u01b0\u1eddng Th\u00e0nh, \u0111\u1ec1n Pantheon c\u1ee7a Athens c\u1ed5 \u0111\u1ea1i v\u00e0 hai cu\u1ed9c chi\u1ebfn tranh th\u1ebf gi\u1edbi t\u00e0n kh\u1ed1c.<\/p>\n<p>KH\u1ea2O S\u00c1T t\u00edn hi\u1ec7u t\u1eeb kh\u00f4ng gian, l\u1ef1c t\u1eeb tr\u01b0\u1eddng v\u00f4 h\u00ecnh v\u00e0 tri th\u1ee9c khoa h\u1ecdc \u1ea9n gi\u1ea5u trong p.h.\u00e1<\/p>\n<p>S\u1eed d\u1ee5ng c\u00e1c t\u00e1c ph\u1ea9m \u0111\u1ed3 h\u1ecda m\u00e1y t\u00ednh ngo\u1ea1n m\u1ee5c, Tri th\u1ee9c v\u1ec1 v\u1ea1n v\u1eadt s\u1ebd h\u00e9 l\u1ed9 nh\u1eefng chi ti\u1ebft k\u1ef3 di\u1ec7u ch\u01b0a t\u1eebng th\u1ea5y v\u1ec1 v\u0169 tr\u1ee5, Tr\u00e1i \u0111\u1ea5t, thi\u00ean nhi\u00ean, c\u01a1 th\u1ec3 ng\u01b0\u1eddi, khoa h\u1ecdc v\u00e0 l\u1ecbch s\u1eed. Tr\u1ecdn v\u1eb9n nh\u1eefng s\u1ef1 th\u1eadt kinh ng\u1ea1c, d\u00f2ng th\u1eddi gian sinh \u0111\u1ed9ng v\u00e0 h\u00ecnh \u1ea3nh \u1ea5n t\u01b0\u1ee3ng, cu\u1ed1n b\u00e1ch khoa th\u01b0 gia \u0111\u00ecnh \u0111\u1ea7y h\u1ea5p d\u1eabn n\u00e0y s\u1ebd bi\u1ebfn nh\u1eefng ch\u1ee7 \u0111\u1ec1 ph\u1ee9c t\u1ea1p nh\u1ea5t h\u00f3a d\u1ec5 d\u00e0ng ch\u1ec9 trong nh\u00e1y m\u1eaft.   <\/p>\n<p>\u0110\u01b0\u1ee3c th\u00e0nh l\u1eadp n\u0103m 1974, DK n\u1ed5i ti\u1ebfng v\u1edbi d\u00f2ng s\u00e1ch m\u00ecnh h\u1ecda tranh k\u00e8m n\u1ed9i dung ch\u00fa th\u00edch b\u00f3ng b\u1ea9y h\u1ea5p d\u1eabn ng\u01b0\u1eddi \u0111\u1ecdc.<\/p>\n<p>DK \u0111\u01b0\u1ee3c b\u1ea3o tr\u1ee3 b\u1edfi r\u1ea5t nhi\u1ec1u c\u00e1c t\u1ed5 ch\u1ee9c h\u00e0n l\u00e2m c\u0169ng nh\u01b0 nh\u00e2n \u0111\u1ea1o n\u1ed5i ti\u1ebfng v\u00e0 danh gi\u00e1, nh\u01b0 Hi\u1ec7p h\u1ed9i Y khoa V\u01b0\u01a1ng qu\u1ed1c Anh, H\u1ed9i L\u00e0m v\u01b0\u1eddn Ho\u00e0ng gia v\u00e0 T\u1ed5 ch\u1ee9c Ch\u1eef th\u1eadp \u0110\u1ecf Anh.<\/p>\n<p>Ngo\u00e0i s\u00e1ch truy\u1ec1n th\u1ed1ng, DK c\u00f2n s\u1edf h\u1eefu m\u1ed9t l\u01b0\u1ee3ng l\u1edbn c\u00e1c ph\u1ea7n m\u1ec1m gi\u00e1o d\u1ee5c v\u00e0 s\u00e1ch \u0111i\u1ec7n t\u1eed t\u01b0\u01a1ng t\u00e1c c\u00f3 nh\u00e3n hi\u1ec7u DK Online (ti\u1ec1n th\u00e2n l\u00e0 DK Multimedia, 1990). V\u00e0o n\u0103m 2010, DK th\u00e0nh l\u1eadp m\u1ed9t ch\u1ee3 ph\u1ea7n m\u1ec1m \u0111i\u1ec7n tho\u1ea1i nh\u1eb1m \u0111\u01b0a c\u00e1c s\u1ea3n ph\u1ea9m s\u00e1ch c\u1ee7a h\u00e3ng \u0111\u1ebfn v\u1edbi \u0111\u00f4ng \u0111\u1ea3o \u0111\u1ed9c gi\u1ea3 s\u1eed d\u1ee5ng thi\u1ebft b\u1ecb th\u00f4ng m\u00ecnh.<\/p>\n<p>Hi\u1ec7n DK \u0111ang s\u1edf h\u1eefu 411 \u0111\u1ea7u s\u00e1ch, 30 gi\u1ea3i th\u01b0\u1edfng c\u00e1c lo\u1ea1i cho c\u00e1c s\u00e1ch. Nh\u1eefng \u0111\u1ea7u s\u00e1ch c\u1ef1c k\u1ef3 n\u1ed5i ti\u1ebfng nh\u01b0 The Way Things Work (V\u1ea1n v\u1eadt V\u1eadn h\u00e0nh Nh\u01b0 th\u1ebf n\u00e0o?) v\u00e0 The Way We Work c\u1ee7a t\u00e1c gi\u1ea3 David Macaulay \u0111\u1ec1u \u0111\u01b0\u1ee3c \u0111\u00f3n nh\u1eadn r\u1ea5t n\u1ed3ng nhi\u1ec7t v\u00e0 \u0111\u01b0\u1ee3c c\u00e1c \u0111\u1ed9c gi\u1ea3 tr\u00ean th\u1ebf gi\u1edbi t\u00ecm \u0111\u1ecdc t\u1eeb tr\u01b0\u1edbc t\u1edbi nay.<\/p>\n","protected":false},"excerpt":{"rendered":"<p>Tri Th\u1ee9c V\u1ec1 V\u1ea1n V\u1eadt &#8211; M\u1ed9t Th\u1ebf Gi\u1edbi Tr\u1ef1c Quan Ch\u01b0a T\u1eebng Th\u1ea5y<\/p>\n<p>Cu\u00f4\u0301n sa\u0301ch \u0111\u01b0\u01a1\u0323c la\u0300m theo phi\u00ean ba\u0309n c\u00e2\u0323p nh\u00e2\u0323t m\u01a1\u0301i nh\u00e2\u0301t cu\u0309a DK n\u0103m 2018.<\/p>\n<p>Cu\u1ed1n s\u00e1ch n\u00e0y s\u1ebd cho b\u1ea1n th\u1ea5y nh\u1eefng \u0111i\u1ec1u b\u00e1ch khoa th\u01b0 th\u00f4ng th\u01b0\u1eddng ch\u1ec9 n\u00f3i.<\/p>\n<p>KH\u00c1M PH\u00c1 b\u00ed \u1ea9n l\u0103ng m\u1ed9 vua Tutankhamun, s\u1ee9c m\u1ea1nh kh\u1ee7ng khi\u1ebfp c\u1ee7a s\u00f3ng th\u1ea7n, \u0111\u1ed9ng \u0111\u1ea5t, v\u00f2i r\u1ed3ng v\u00e0 l\u00f2 ph\u1ea3n \u1ee9ng h\u1ea1t nh\u00e2n b\u00ean trong M\u1eb7t tr\u1eddi.<\/p>\n<p>NH\u00ccN TH\u1ea4Y s\u1ef1 h\u00ecnh th\u00e0nh m\u1ed9t ng\u00f4i sao, b\u00ean trong c\u01a1 th\u1ec3 kh\u1ee7ng long b\u1ea1o ch\u00faa v\u00e0 b\u00ed m\u1eadt ADN.<\/p>\n<p>DU H\u00c0NH ng\u01b0\u1ee3c th\u1eddi gian v\u1ec1 th\u1eddi x\u00e2y V\u1ea1n L\u00fd Tr\u01b0\u1eddng Th\u00e0nh, \u0111\u1ec1n Pantheon c\u1ee7a Athens c\u1ed5 \u0111\u1ea1i v\u00e0 hai cu\u1ed9c chi\u1ebfn tranh th\u1ebf gi\u1edbi t\u00e0n kh\u1ed1c.<\/p>\n<p>KH\u1ea2O S\u00c1T t\u00edn hi\u1ec7u t\u1eeb kh\u00f4ng gian, l\u1ef1c t\u1eeb tr\u01b0\u1eddng v\u00f4 h\u00ecnh v\u00e0 tri th\u1ee9c khoa h\u1ecdc \u1ea9n gi\u1ea5u trong p.h.\u00e1<\/p>\n<p>S\u1eed d\u1ee5ng c\u00e1c t\u00e1c ph\u1ea9m \u0111\u1ed3 h\u1ecda m\u00e1y t\u00ednh ngo\u1ea1n m\u1ee5c, Tri th\u1ee9c v\u1ec1 v\u1ea1n v\u1eadt s\u1ebd h\u00e9 l\u1ed9 nh\u1eefng chi ti\u1ebft k\u1ef3 di\u1ec7u ch\u01b0a t\u1eebng th\u1ea5y v\u1ec1 v\u0169 tr\u1ee5, Tr\u00e1i \u0111\u1ea5t, thi\u00ean nhi\u00ean, c\u01a1 th\u1ec3 ng\u01b0\u1eddi, khoa h\u1ecdc v\u00e0 l\u1ecbch s\u1eed. Tr\u1ecdn v\u1eb9n nh\u1eefng s\u1ef1 th\u1eadt kinh ng\u1ea1c, d\u00f2ng th\u1eddi gian sinh \u0111\u1ed9ng v\u00e0 h\u00ecnh \u1ea3nh \u1ea5n t\u01b0\u1ee3ng, cu\u1ed1n b\u00e1ch khoa th\u01b0 gia \u0111\u00ecnh \u0111\u1ea7y h\u1ea5p d\u1eabn n\u00e0y s\u1ebd bi\u1ebfn nh\u1eefng ch\u1ee7 \u0111\u1ec1 ph\u1ee9c t\u1ea1p nh\u1ea5t h\u00f3a d\u1ec5 d\u00e0ng ch\u1ec9 trong nh\u00e1y m\u1eaft.   <\/p>\n<p>\u0110\u01b0\u1ee3c th\u00e0nh l\u1eadp n\u0103m 1974, DK n\u1ed5i ti\u1ebfng v\u1edbi d\u00f2ng s\u00e1ch m\u00ecnh h\u1ecda tranh k\u00e8m n\u1ed9i dung ch\u00fa th\u00edch b\u00f3ng b\u1ea9y h\u1ea5p d\u1eabn ng\u01b0\u1eddi \u0111\u1ecdc.<\/p>\n<p>DK \u0111\u01b0\u1ee3c b\u1ea3o tr\u1ee3 b\u1edfi r\u1ea5t nhi\u1ec1u c\u00e1c t\u1ed5 ch\u1ee9c h\u00e0n l\u00e2m c\u0169ng nh\u01b0 nh\u00e2n \u0111\u1ea1o n\u1ed5i ti\u1ebfng v\u00e0 danh gi\u00e1, nh\u01b0 Hi\u1ec7p h\u1ed9i Y khoa V\u01b0\u01a1ng qu\u1ed1c Anh, H\u1ed9i L\u00e0m v\u01b0\u1eddn Ho\u00e0ng gia v\u00e0 T\u1ed5 ch\u1ee9c Ch\u1eef th\u1eadp \u0110\u1ecf Anh.<\/p>\n<p>Ngo\u00e0i s\u00e1ch truy\u1ec1n th\u1ed1ng, DK c\u00f2n s\u1edf h\u1eefu m\u1ed9t l\u01b0\u1ee3ng l\u1edbn c\u00e1c ph\u1ea7n m\u1ec1m gi\u00e1o d\u1ee5c v\u00e0 s\u00e1ch \u0111i\u1ec7n t\u1eed t\u01b0\u01a1ng t\u00e1c c\u00f3 nh\u00e3n hi\u1ec7u DK Online (ti\u1ec1n th\u00e2n l\u00e0 DK Multimedia, 1990). V\u00e0o n\u0103m 2010, DK th\u00e0nh l\u1eadp m\u1ed9t ch\u1ee3 ph\u1ea7n m\u1ec1m \u0111i\u1ec7n tho\u1ea1i nh\u1eb1m \u0111\u01b0a c\u00e1c s\u1ea3n ph\u1ea9m s\u00e1ch c\u1ee7a h\u00e3ng \u0111\u1ebfn v\u1edbi \u0111\u00f4ng \u0111\u1ea3o \u0111\u1ed9c gi\u1ea3 s\u1eed d\u1ee5ng thi\u1ebft b\u1ecb th\u00f4ng m\u00ecnh.<\/p>\n<p>Hi\u1ec7n DK \u0111ang s\u1edf h\u1eefu 411 \u0111\u1ea7u s\u00e1ch, 30 gi\u1ea3i th\u01b0\u1edfng c\u00e1c lo\u1ea1i cho c\u00e1c s\u00e1ch. Nh\u1eefng \u0111\u1ea7u s\u00e1ch c\u1ef1c k\u1ef3 n\u1ed5i ti\u1ebfng nh\u01b0 The Way Things Work (V\u1ea1n v\u1eadt V\u1eadn h\u00e0nh Nh\u01b0 th\u1ebf n\u00e0o?) v\u00e0 The Way We Work c\u1ee7a t\u00e1c gi\u1ea3 David Macaulay \u0111\u1ec1u \u0111\u01b0\u1ee3c \u0111\u00f3n nh\u1eadn r\u1ea5t n\u1ed3ng nhi\u1ec7t v\u00e0 \u0111\u01b0\u1ee3c c\u00e1c \u0111\u1ed9c gi\u1ea3 tr\u00ean th\u1ebf gi\u1edbi t\u00ecm \u0111\u1ecdc t\u1eeb tr\u01b0\u1edbc t\u1edbi nay.<\/p>\n","protected":false},"featured_media":17951,"template":"","meta":{"_acf_changed":false},"product_brand":[],"product_cat":[18,17,26],"product_tag":[],"class_list":{"0":"post-17953","1":"product","2":"type-product","3":"status-publish","4":"has-post-thumbnail","6":"product_cat-kinh-te","7":"product_cat-sach-danh-cho-cac-be","8":"product_cat-thieu-nien-11-tuoi-18-tuoi","10":"first","11":"outofstock","12":"taxable","13":"shipping-taxable","14":"purchasable","15":"product-type-simple"},"supplier_id":null,"supplier_sku":"","barcode":null,"atum_controlled":true,"out_stock_date":"2022-12-19 12:58:40","out_stock_threshold":null,"inheritable":false,"inbound_stock":0,"stock_on_hold":0,"sold_today":0,"sales_last_days":0,"reserved_stock":0,"customer_returns":0,"warehouse_damage":0,"lost_in_post":0,"other_logs":0,"out_stock_days":1136,"lost_sales":0,"has_location":false,"update_date":"2026-01-28T23:11:02","atum_locations":[{"id":32,"name":"Helsinki","slug":"helsinki"}],"atum_stock_status":"outofstock","restock_status":false,"low_stock_amount":"","sales_update_date":"2026-01-28T23:11:02","calc_backorders":null,"acf":{"publisher":{"ID":2817,"post_author":"1","post_date":"2021-02-27 00:00:35","post_date_gmt":"2021-02-26 22:00:35","post_content":"","post_title":"Alpha Books","post_excerpt":"","post_status":"publish","comment_status":"closed","ping_status":"closed","post_password":"","post_name":"alpha-books","to_ping":"","pinged":"","post_modified":"2021-02-27 00:00:35","post_modified_gmt":"2021-02-26 22:00:35","post_content_filtered":"","post_parent":0,"guid":"https:\/\/sachviet.eu\/nha-phat-hanh\/alpha-books\/","menu_order":0,"post_type":"publisher","post_mime_type":"","comment_count":"0","filter":"raw"}},"_links":{"self":[{"href":"https:\/\/sachviet.eu\/en\/wp-json\/wp\/v2\/product\/17953","targetHints":{"allow":["GET"]}}],"collection":[{"href":"https:\/\/sachviet.eu\/en\/wp-json\/wp\/v2\/product"}],"about":[{"href":"https:\/\/sachviet.eu\/en\/wp-json\/wp\/v2\/types\/product"}],"wp:featuredmedia":[{"embeddable":true,"href":"https:\/\/sachviet.eu\/en\/wp-json\/wp\/v2\/media\/17951"}],"wp:attachment":[{"href":"https:\/\/sachviet.eu\/en\/wp-json\/wp\/v2\/media?parent=17953"}],"wp:term":[{"taxonomy":"product_brand","embeddable":true,"href":"https:\/\/sachviet.eu\/en\/wp-json\/wp\/v2\/product_brand?post=17953"},{"taxonomy":"product_cat","embeddable":true,"href":"https:\/\/sachviet.eu\/en\/wp-json\/wp\/v2\/product_cat?post=17953"},{"taxonomy":"product_tag","embeddable":true,"href":"https:\/\/sachviet.eu\/en\/wp-json\/wp\/v2\/product_tag?post=17953"}],"curies":[{"name":"wp","href":"https:\/\/api.w.org\/{rel}","templated":true}]}}