{"id":17950,"date":"2022-04-09T17:46:52","date_gmt":"2022-04-09T14:46:52","guid":{"rendered":"https:\/\/sachviet.eu\/shop\/quiz-bo-sach-khoa-hoc-ky-thu-ban-kho-nho-bo-15-quyen\/"},"modified":"2023-01-27T15:16:40","modified_gmt":"2023-01-27T13:16:40","slug":"quiz-bo-sach-khoa-hoc-ky-thu-ban-kho-nho-bo-15-quyen","status":"publish","type":"product","link":"https:\/\/sachviet.eu\/en\/shop\/quiz-bo-sach-khoa-hoc-ky-thu-ban-kho-nho-bo-15-quyen\/","title":{"rendered":"Quiz! B\u1ed9 s\u00e1ch Khoa h\u1ecdc k\u1ef3 th\u00fa &#8211; b\u1ea3n kh\u1ed5 nh\u1ecf &#8211; B\u1ed9 15 quy\u1ec3n"},"content":{"rendered":"<p>\u0110a\u0302y la\u0300 mo\u0323\u0302t bo\u0323\u0302 sa\u0301ch ra \u0111o\u031b\u0300i tu\u031b\u0300 na\u0306m 1998 va\u0300 cu\u031b\u0323c ki\u0300 ga\u0302y \u201cba\u0303o\u201d o\u031b\u0309 Ha\u0300n Quo\u0302\u0301c!<\/p>\n<p>Khoa ho\u0323c tu\u031bo\u031b\u0309ng ra\u0302\u0301t kho\u0302 va\u0300 kho\u0301 gio\u031b\u0300 \u0111a\u0302y la\u0323i \u0111u\u031bo\u031b\u0323c tri\u0300nh ba\u0300y \u0111o\u031bn gia\u0309n, de\u0302\u0303 hie\u0302\u0309u, ha\u0302\u0301p da\u0302\u0303n cho rie\u0302ng ca\u0301c ba\u0323n nho\u0309!<\/p>\n<p>Nhu\u031b\u0303ng \u0111ie\u0302\u0300u ga\u0302\u0300n gu\u0303i ha\u0306\u0300ng nga\u0300y thu\u031bo\u031b\u0300ng ga\u0302y to\u0300 mo\u0300 vo\u031b\u0301i tre\u0309 em! Ba\u0306\u0300ng ca\u0301ch vie\u0302\u0301t \u0111o\u031bn gia\u0309n, ta\u0301c gia\u0309 bo\u0323\u0302 sa\u0301ch \u0111a\u0303 giu\u0301p ca\u0301c em kho\u0302ng bo\u0309 lo\u031b\u0303 nhu\u031b\u0303ng mo\u0302\u0301i quan ta\u0302m nho\u0309 be\u0301 va\u0300 tho\u0302ng qua \u0111o\u0301 kha\u0301m pha\u0301 ca\u0301c hie\u0323\u0302n tu\u031bo\u031b\u0323ng thu\u0301 vi\u0323 xung quanh cuo\u0323\u0302c so\u0302\u0301ng!<\/p>\n<p>Bo\u0323\u0302 sa\u0301ch cu\u031b\u0323c ki\u0300 ha\u0302\u0301p da\u0302\u0303n cho mu\u0300a he\u0300 the\u0302m y\u0301 nghi\u0303a!!!<\/p>\n","protected":false},"excerpt":{"rendered":"<p>\u0110a\u0302y la\u0300 mo\u0323\u0302t bo\u0323\u0302 sa\u0301ch ra \u0111o\u031b\u0300i tu\u031b\u0300 na\u0306m 1998 va\u0300 cu\u031b\u0323c ki\u0300 ga\u0302y \u201cba\u0303o\u201d o\u031b\u0309 Ha\u0300n Quo\u0302\u0301c!<\/p>\n<p>Khoa ho\u0323c tu\u031bo\u031b\u0309ng ra\u0302\u0301t kho\u0302 va\u0300 kho\u0301 gio\u031b\u0300 \u0111a\u0302y la\u0323i \u0111u\u031bo\u031b\u0323c tri\u0300nh ba\u0300y \u0111o\u031bn gia\u0309n, de\u0302\u0303 hie\u0302\u0309u, ha\u0302\u0301p da\u0302\u0303n cho rie\u0302ng ca\u0301c ba\u0323n nho\u0309!<\/p>\n<p>Nhu\u031b\u0303ng \u0111ie\u0302\u0300u ga\u0302\u0300n gu\u0303i ha\u0306\u0300ng nga\u0300y thu\u031bo\u031b\u0300ng ga\u0302y to\u0300 mo\u0300 vo\u031b\u0301i tre\u0309 em! Ba\u0306\u0300ng ca\u0301ch vie\u0302\u0301t \u0111o\u031bn gia\u0309n, ta\u0301c gia\u0309 bo\u0323\u0302 sa\u0301ch \u0111a\u0303 giu\u0301p ca\u0301c em kho\u0302ng bo\u0309 lo\u031b\u0303 nhu\u031b\u0303ng mo\u0302\u0301i quan ta\u0302m nho\u0309 be\u0301 va\u0300 tho\u0302ng qua \u0111o\u0301 kha\u0301m pha\u0301 ca\u0301c hie\u0323\u0302n tu\u031bo\u031b\u0323ng thu\u0301 vi\u0323 xung quanh cuo\u0323\u0302c so\u0302\u0301ng!<\/p>\n<p>Bo\u0323\u0302 sa\u0301ch cu\u031b\u0323c ki\u0300 ha\u0302\u0301p da\u0302\u0303n cho mu\u0300a he\u0300 the\u0302m y\u0301 nghi\u0303a!!!<\/p>\n","protected":false},"featured_media":17949,"template":"","meta":{"_acf_changed":false},"product_brand":[],"product_cat":[29,25,17,26],"product_tag":[],"class_list":{"0":"post-17950","1":"product","2":"type-product","3":"status-publish","4":"has-post-thumbnail","6":"product_cat-manga-comics","7":"product_cat-nhi-dong-6-tuoi-12-tuoi","8":"product_cat-sach-danh-cho-cac-be","9":"product_cat-thieu-nien-11-tuoi-18-tuoi","11":"first","12":"outofstock","13":"taxable","14":"shipping-taxable","15":"purchasable","16":"product-type-simple"},"supplier_id":null,"supplier_sku":"","barcode":null,"atum_controlled":true,"out_stock_date":"2023-01-27 13:16:40","out_stock_threshold":null,"inheritable":false,"inbound_stock":0,"stock_on_hold":0,"sold_today":0,"sales_last_days":0,"reserved_stock":0,"customer_returns":0,"warehouse_damage":0,"lost_in_post":0,"other_logs":0,"out_stock_days":1097,"lost_sales":0,"has_location":false,"update_date":"2026-01-28T23:11:02","atum_locations":[{"id":32,"name":"Helsinki","slug":"helsinki"}],"atum_stock_status":"outofstock","restock_status":false,"low_stock_amount":"","sales_update_date":"2026-01-28T23:11:02","calc_backorders":null,"acf":{"publisher":{"ID":1454,"post_author":"1","post_date":"2021-02-17 01:11:34","post_date_gmt":"2021-02-16 23:11:34","post_content":"<!-- wp:flatsome\/uxbuilder -->\n<h1 style=\"text-align: center;\"><strong>Kim \u0110\u1ed3ng<\/strong><\/h1>\n[row]\n\n[col span=\"3\" span__sm=\"12\"]\n\n[ux_image id=\"1534\" image_size=\"medium\"]\n\n\n[\/col]\n[col span=\"9\" span__sm=\"12\"]\n\n<p>Nh\u00e0 xu\u1ea5t b\u1ea3n Kim \u0110\u1ed3ng tr\u1ef1c thu\u1ed9c Trung \u01b0\u01a1ng \u0110o\u00e0n TNCS H\u1ed3 Ch\u00ed Minh l\u00e0 Nh\u00e0 xu\u1ea5t b\u1ea3n t\u1ed5ng h\u1ee3p c\u00f3 ch\u1ee9c n\u0103ng xu\u1ea5t b\u1ea3n s\u00e1ch v\u00e0 v\u0103n h\u00f3a ph\u1ea9m ph\u1ee5c v\u1ee5 thi\u1ebfu nhi v\u00e0 c\u00e1c b\u1eadc ph\u1ee5 huynh trong c\u1ea3 n\u01b0\u1edbc, qu\u1ea3ng b\u00e1 v\u00e0 gi\u1edbi thi\u1ec7u v\u0103n h\u00f3a Vi\u1ec7t Nam ra th\u1ebf gi\u1edbi.<br \/>Nh\u00e0 xu\u1ea5t b\u1ea3n c\u00f3 nhi\u1ec7m v\u1ee5 t\u1ed5 ch\u1ee9c b\u1ea3n th\u1ea3o, bi\u00ean so\u1ea1n, bi\u00ean d\u1ecbch, xu\u1ea5t b\u1ea3n v\u00e0 ph\u00e1t h\u00e0nh c\u00e1c xu\u1ea5t b\u1ea3n ph\u1ea9m c\u00f3 n\u1ed9i dung: gi\u00e1o d\u1ee5c truy\u1ec1n th\u1ed1ng d\u00e2n t\u1ed9c, gi\u00e1o d\u1ee5c v\u1ec1 tri th\u1ee9c, ki\u1ebfn th\u1ee9c\u2026 tr\u00ean c\u00e1c l\u0129nh v\u1ef1c v\u0103n h\u1ecdc, ngh\u1ec7 thu\u1eadt, khoa h\u1ecdc k\u1ef9 thu\u1eadt nh\u1eb1m cung c\u1ea5p cho c\u00e1c em thi\u1ebfu nhi c\u0169ng nh\u01b0 c\u00e1c b\u1eadc ph\u1ee5 huynh c\u00e1c ki\u1ebfn th\u1ee9c c\u1ea7n thi\u1ebft trong cu\u1ed9c s\u1ed1ng, nh\u1eefng tinh hoa c\u1ee7a tri th\u1ee9c nh\u00e2n lo\u1ea1i nh\u1eb1m g\u00f3p ph\u1ea7n gi\u00e1o d\u1ee5c v\u00e0 h\u00ecnh th\u00e0nh nh\u00e2n c\u00e1ch th\u1ebf h\u1ec7 tr\u1ebb.<br \/>\u0110\u1ed1i t\u01b0\u1ee3ng ph\u1ee5c v\u1ee5 c\u1ee7a Nh\u00e0 xu\u1ea5t b\u1ea3n l\u00e0 c\u00e1c em t\u1eeb tu\u1ed5i nh\u00e0 tr\u1ebb m\u1eabu gi\u00e1o (1 \u0111\u1ebfn 5 tu\u1ed5i), nhi \u0111\u1ed3ng (6 \u0111\u1ebfn 9 tu\u1ed5i), thi\u1ebfu ni\u00ean (10 \u0111\u1ebfn 15 tu\u1ed5i) \u0111\u1ebfn c\u00e1c em tu\u1ed5i m\u1edbi l\u1edbn (16 \u0111\u1ebfn 18 tu\u1ed5i) v\u00e0 c\u00e1c b\u1eadc ph\u1ee5 huynh.<\/p>\n\n[\/col]\n\n[\/row]\n\n<!-- \/wp:flatsome\/uxbuilder -->","post_title":"Kim \u0110\u1ed3ng","post_excerpt":"","post_status":"publish","comment_status":"closed","ping_status":"closed","post_password":"","post_name":"kim-dong","to_ping":"","pinged":"","post_modified":"2021-02-17 01:31:56","post_modified_gmt":"2021-02-16 23:31:56","post_content_filtered":"","post_parent":0,"guid":"https:\/\/sachviet.eu\/nha-phat-hanh\/kim-dong\/","menu_order":0,"post_type":"publisher","post_mime_type":"","comment_count":"0","filter":"raw"}},"_links":{"self":[{"href":"https:\/\/sachviet.eu\/en\/wp-json\/wp\/v2\/product\/17950","targetHints":{"allow":["GET"]}}],"collection":[{"href":"https:\/\/sachviet.eu\/en\/wp-json\/wp\/v2\/product"}],"about":[{"href":"https:\/\/sachviet.eu\/en\/wp-json\/wp\/v2\/types\/product"}],"wp:featuredmedia":[{"embeddable":true,"href":"https:\/\/sachviet.eu\/en\/wp-json\/wp\/v2\/media\/17949"}],"wp:attachment":[{"href":"https:\/\/sachviet.eu\/en\/wp-json\/wp\/v2\/media?parent=17950"}],"wp:term":[{"taxonomy":"product_brand","embeddable":true,"href":"https:\/\/sachviet.eu\/en\/wp-json\/wp\/v2\/product_brand?post=17950"},{"taxonomy":"product_cat","embeddable":true,"href":"https:\/\/sachviet.eu\/en\/wp-json\/wp\/v2\/product_cat?post=17950"},{"taxonomy":"product_tag","embeddable":true,"href":"https:\/\/sachviet.eu\/en\/wp-json\/wp\/v2\/product_tag?post=17950"}],"curies":[{"name":"wp","href":"https:\/\/api.w.org\/{rel}","templated":true}]}}