{"id":17948,"date":"2022-04-09T17:46:46","date_gmt":"2022-04-09T14:46:46","guid":{"rendered":"https:\/\/sachviet.eu\/shop\/mai-am-chon-rung-sau-bo-4-quyen\/"},"modified":"2022-12-19T18:18:01","modified_gmt":"2022-12-19T16:18:01","slug":"mai-am-chon-rung-sau-bo-4-quyen","status":"publish","type":"product","link":"https:\/\/sachviet.eu\/en\/shop\/mai-am-chon-rung-sau-bo-4-quyen\/","title":{"rendered":"M\u00e1i \u1ea5m ch\u1ed1n r\u1eebng s\u00e2u &#8211; B\u1ed9 4 quy\u1ec3n"},"content":{"rendered":"<p>Ng\u00e0i l\u1eedng Tim G\u1ed7 l\u00e0 ch\u1ee7 kh\u00e1ch s\u1ea1n \u0111\u1eb3ng c\u1ea5p 5 h\u1ea1t s\u1ed3i c\u00f9ng t\u00ean. Ng\u00e0i x\u00e2y Kh\u00e1ch S\u1ea1n Tim G\u1ed7 \u0111\u1ec3 c\u00e1c lo\u00e0i v\u1eadt c\u00f3 ch\u1ed7 \u1edf an to\u00e0n v\u00e0 \u1ea5m c\u00fang trong nh\u1eefng l\u00fac c\u1ea7n k\u00edp. Nh\u00e2n vi\u00ean c\u1ee7a Ng\u00e0i l\u00e0 c\u00f4 chu\u1ed9t Mona nh\u1ecf b\u00e9, t\u1ed1t b\u1ee5ng. Nh\u1eefng c\u00e2u chuy\u1ec7n quanh Kh\u00e1ch S\u1ea1n Tim G\u1ed7 di\u1ec5n ra nh\u01b0 th\u1ebf n\u00e0o? T\u1ea1i sao n\u01a1i \u0111\u00e2y l\u1ea1i \u0111\u01b0\u1ee3c g\u1ecdi l\u00e0 M\u00e1i \u1ea5m ch\u1ed1n r\u1eebng s\u00e2u? Ch\u00fang m\u00ecnh c\u00f9ng \u0111\u1ecdc nh\u00e9!<\/p>\n<p>Khi c\u00f4 chu\u1ed9t Mona r\u01a1i v\u00e0o th\u1ebf gi\u1edbi k\u00ec l\u1ea1 trong Kh\u00e1ch S\u1ea1n Tim G\u1ed7 gi\u1eefa tr\u1eadn b\u00e3o, c\u00f4 chu\u1ed9t c\u1ef1c k\u00ec mong m\u1ecfi \u0111\u01b0\u1ee3c \u1edf l\u1ea1i \u0111\u00e2y. V\u00e0 \u0111\u00fang nh\u01b0 mong \u0111\u1ee3i, Mona ch\u00ednh l\u00e0 nh\u00e2n vi\u00ean d\u1ecdn d\u1eb9p m\u00e0 kh\u00e1ch s\u1ea1n l\u1edbn nh\u1ea5t Khu R\u1eebng D\u01b0\u01a1ng X\u1ec9 n\u00e0y \u0111ang c\u1ea7n; c\u00e1c lo\u00e0i v\u1eadt t\u1eeb kh\u1eafp m\u1ecdi n\u01a1i \u0111\u1ebfn \u0111\u00e2y \u0111\u1ec3 t\u00ecm ki\u1ebfm s\u1ef1 an to\u00e0n, xa hoa ho\u1eb7c tho\u1ea3i m\u00e1i. Nh\u01b0ng kh\u00f4ng ch\u1ec9 c\u00f3 b\u00e1nh b\u00f4ng lan h\u1ea1t s\u1ed3i v\u00e0 chi\u1ebfc gi\u01b0\u1eddng r\u00eau \u00eam \u00e1i. C\u00f3 m\u1ed1i hi\u1ec3m nguy r\u00ecnh r\u1eadp v\u00e0 khi m\u1ed1i nguy \u1eadp \u0111\u1ebfn, Mona ph\u1ea3i v\u1eadn d\u1ee5ng tr\u00ed th\u00f4ng minh c\u1ee7a m\u00ecnh \u0111\u1ec3 b\u1ea3o v\u1ec7 n\u01a1i m\u00e0 c\u00f4 ng\u00e0y c\u00e0ng y\u00eau qu\u00fd. B\u1edfi l\u1ebd kh\u00e1ch s\u1ea1n n\u00e0y kh\u00f4ng ch\u1ec9 l\u00e0 m\u1ed9t ch\u1ed7 tr\u00fa \u1ea9n \u1ea5m \u00e1p \u0111\u1ec3 qua \u0111\u00eam; \u0111\u00f3 c\u00f2n l\u00e0 m\u1ed9t m\u00e1i nh\u00e0. \u0110\u00e2y l\u00e0 ph\u1ea7n m\u1edf \u0111\u1ea7u nh\u1eb9 nh\u00e0ng, l\u00f4i cu\u1ed1n c\u1ee7a b\u1ed9 truy\u1ec7n nhi\u1ec1u ch\u01b0\u01a1ng v\u1edbi h\u00ecnh minh h\u1ecda d\u1ec5 th\u01b0\u01a1ng c\u1ee7a Stephanie Graegin. Xuy\u00ean su\u1ed1t m\u1ea1ch truy\u1ec7n l\u00e0 t\u00ecnh b\u1ea1n, l\u00f2ng d\u0169ng c\u1ea3m v\u00e0 tinh th\u1ea7n \u0111o\u00e0n k\u1ebft.<\/p>\n<p>KALLIE GEORGE vi\u1ebft s\u00e1ch v\u00e0 th\u01b0\u1eddng di\u1ec5n thuy\u1ebft t\u1ea1i Vancouver, Canada. Kallie George c\u00f3 b\u1eb1ng th\u1ea1c s\u0129 v\u0103n h\u1ecdc thi\u1ebfu nhi c\u1ee7a tr\u01b0\u1eddng \u0110\u1ea1i h\u1ecdc British Columbia. B\u00ean c\u1ea1nh c\u00f4ng vi\u1ec7c vi\u1ebft cho \u0111\u1ed9c gi\u1ea3 nh\u00ed, c\u00f4 c\u00f2n t\u1ed5 ch\u1ee9c t\u1eadp hu\u1ea5n cho c\u00e1c t\u00e1c gi\u1ea3 tr\u1ebb. \u00dd t\u01b0\u1edfng v\u1ec1 b\u1ed9 s\u00e1ch M\u00e1i \u1ea5m ch\u1ed1n r\u1eebng s\u00e2u \u0111\u00e3 ch\u1ee3t \u0111\u1ebfn v\u1edbi c\u00f4 trong m\u1ed9t l\u1ea7n leo n\u00fai v\u1edbi ch\u1ed3ng. Khi \u0111\u00f3, c\u00f4 \u0111\u00e3 \u01b0\u1edbc m\u00ecnh l\u00e0 m\u1ed9t c\u00f4 chu\u1ed9t nh\u1eaft nh\u01b0 Mona \u0111\u1ec3 c\u00f3 th\u1ec3 t\u1edbi ng\u1ee5 t\u1ea1i kh\u00e1ch s\u1ea1n.<\/p>\n<p>Ch\u00e0o \u0111\u1eddi trong m\u1ed9t \u0111\u00eam b\u00e3o tuy\u1ebft \u0111\u00fang v\u00e0o Ng\u00e0y Chu\u1ed9t ch\u0169i (t\u1ee9c m\u00f9ng 2 th\u00e1ng 2, c\u00f3 ngu\u1ed3n g\u1ed1c t\u1eeb m\u1ed9t c\u00e2u chuy\u1ec7n c\u1ed5 n\u01b0\u1edbc M\u0129) t\u1ea1i Chicago, Illinois, STEPHANIE GRAEGIN say m\u00ea v\u1ebd v\u00e0 s\u01b0u t\u1ea7m c\u00e1c lo\u1ea1i c\u00e2y c\u1ecf su\u1ed1t th\u1eddi th\u01a1 \u1ea5u \u1edf Fort Wayne, Indiana v\u00e0 Houston, Texas. C\u00f4 c\u00f3 b\u1eb1ng c\u1eed nh\u00e2n m\u0129 thu\u1eadt t\u1ea1i Vi\u1ec7n Ngh\u1ec7 thu\u1eadt Maryland (Baltimore, Maryland). Sau \u0111\u00f3 c\u00f4 theo h\u1ecdc t\u1ea1i H\u1ecdc vi\u1ec7n Pratt \u1edf Brooklyn, New York v\u00e0 nh\u1eadn b\u1eb1ng th\u1ea1c s\u0129 m\u0129 thu\u1eadt, chuy\u00ean ng\u00e0nh tranh in. Stephanie hi\u1ec7n \u0111ang s\u1ed1ng \u1edf Brooklyn, v\u1eabn v\u1ebd tranh, v\u00e0 \u0111\u00e3 th\u00e0nh c\u00f4ng trong vi\u1ec7c thu nh\u1ecf b\u1ed9 s\u01b0u t\u1eadp c\u1ee7a m\u00ecnh ch\u1ec9 c\u00f2n l\u00e0 m\u1ed9t ch\u00fa m\u00e8o m\u00e0u cam.<\/p>\n","protected":false},"excerpt":{"rendered":"<p>Ng\u00e0i l\u1eedng Tim G\u1ed7 l\u00e0 ch\u1ee7 kh\u00e1ch s\u1ea1n \u0111\u1eb3ng c\u1ea5p 5 h\u1ea1t s\u1ed3i c\u00f9ng t\u00ean. Ng\u00e0i x\u00e2y Kh\u00e1ch S\u1ea1n Tim G\u1ed7 \u0111\u1ec3 c\u00e1c lo\u00e0i v\u1eadt c\u00f3 ch\u1ed7 \u1edf an to\u00e0n v\u00e0 \u1ea5m c\u00fang trong nh\u1eefng l\u00fac c\u1ea7n k\u00edp. Nh\u00e2n vi\u00ean c\u1ee7a Ng\u00e0i l\u00e0 c\u00f4 chu\u1ed9t Mona nh\u1ecf b\u00e9, t\u1ed1t b\u1ee5ng. Nh\u1eefng c\u00e2u chuy\u1ec7n quanh Kh\u00e1ch S\u1ea1n Tim G\u1ed7 di\u1ec5n ra nh\u01b0 th\u1ebf n\u00e0o? T\u1ea1i sao n\u01a1i \u0111\u00e2y l\u1ea1i \u0111\u01b0\u1ee3c g\u1ecdi l\u00e0 M\u00e1i \u1ea5m ch\u1ed1n r\u1eebng s\u00e2u? Ch\u00fang m\u00ecnh c\u00f9ng \u0111\u1ecdc nh\u00e9!<\/p>\n<p>Khi c\u00f4 chu\u1ed9t Mona r\u01a1i v\u00e0o th\u1ebf gi\u1edbi k\u00ec l\u1ea1 trong Kh\u00e1ch S\u1ea1n Tim G\u1ed7 gi\u1eefa tr\u1eadn b\u00e3o, c\u00f4 chu\u1ed9t c\u1ef1c k\u00ec mong m\u1ecfi \u0111\u01b0\u1ee3c \u1edf l\u1ea1i \u0111\u00e2y. V\u00e0 \u0111\u00fang nh\u01b0 mong \u0111\u1ee3i, Mona ch\u00ednh l\u00e0 nh\u00e2n vi\u00ean d\u1ecdn d\u1eb9p m\u00e0 kh\u00e1ch s\u1ea1n l\u1edbn nh\u1ea5t Khu R\u1eebng D\u01b0\u01a1ng X\u1ec9 n\u00e0y \u0111ang c\u1ea7n; c\u00e1c lo\u00e0i v\u1eadt t\u1eeb kh\u1eafp m\u1ecdi n\u01a1i \u0111\u1ebfn \u0111\u00e2y \u0111\u1ec3 t\u00ecm ki\u1ebfm s\u1ef1 an to\u00e0n, xa hoa ho\u1eb7c tho\u1ea3i m\u00e1i. Nh\u01b0ng kh\u00f4ng ch\u1ec9 c\u00f3 b\u00e1nh b\u00f4ng lan h\u1ea1t s\u1ed3i v\u00e0 chi\u1ebfc gi\u01b0\u1eddng r\u00eau \u00eam \u00e1i. C\u00f3 m\u1ed1i hi\u1ec3m nguy r\u00ecnh r\u1eadp v\u00e0 khi m\u1ed1i nguy \u1eadp \u0111\u1ebfn, Mona ph\u1ea3i v\u1eadn d\u1ee5ng tr\u00ed th\u00f4ng minh c\u1ee7a m\u00ecnh \u0111\u1ec3 b\u1ea3o v\u1ec7 n\u01a1i m\u00e0 c\u00f4 ng\u00e0y c\u00e0ng y\u00eau qu\u00fd. B\u1edfi l\u1ebd kh\u00e1ch s\u1ea1n n\u00e0y kh\u00f4ng ch\u1ec9 l\u00e0 m\u1ed9t ch\u1ed7 tr\u00fa \u1ea9n \u1ea5m \u00e1p \u0111\u1ec3 qua \u0111\u00eam; \u0111\u00f3 c\u00f2n l\u00e0 m\u1ed9t m\u00e1i nh\u00e0. \u0110\u00e2y l\u00e0 ph\u1ea7n m\u1edf \u0111\u1ea7u nh\u1eb9 nh\u00e0ng, l\u00f4i cu\u1ed1n c\u1ee7a b\u1ed9 truy\u1ec7n nhi\u1ec1u ch\u01b0\u01a1ng v\u1edbi h\u00ecnh minh h\u1ecda d\u1ec5 th\u01b0\u01a1ng c\u1ee7a Stephanie Graegin. Xuy\u00ean su\u1ed1t m\u1ea1ch truy\u1ec7n l\u00e0 t\u00ecnh b\u1ea1n, l\u00f2ng d\u0169ng c\u1ea3m v\u00e0 tinh th\u1ea7n \u0111o\u00e0n k\u1ebft.<\/p>\n<p>KALLIE GEORGE vi\u1ebft s\u00e1ch v\u00e0 th\u01b0\u1eddng di\u1ec5n thuy\u1ebft t\u1ea1i Vancouver, Canada. Kallie George c\u00f3 b\u1eb1ng th\u1ea1c s\u0129 v\u0103n h\u1ecdc thi\u1ebfu nhi c\u1ee7a tr\u01b0\u1eddng \u0110\u1ea1i h\u1ecdc British Columbia. B\u00ean c\u1ea1nh c\u00f4ng vi\u1ec7c vi\u1ebft cho \u0111\u1ed9c gi\u1ea3 nh\u00ed, c\u00f4 c\u00f2n t\u1ed5 ch\u1ee9c t\u1eadp hu\u1ea5n cho c\u00e1c t\u00e1c gi\u1ea3 tr\u1ebb. \u00dd t\u01b0\u1edfng v\u1ec1 b\u1ed9 s\u00e1ch M\u00e1i \u1ea5m ch\u1ed1n r\u1eebng s\u00e2u \u0111\u00e3 ch\u1ee3t \u0111\u1ebfn v\u1edbi c\u00f4 trong m\u1ed9t l\u1ea7n leo n\u00fai v\u1edbi ch\u1ed3ng. Khi \u0111\u00f3, c\u00f4 \u0111\u00e3 \u01b0\u1edbc m\u00ecnh l\u00e0 m\u1ed9t c\u00f4 chu\u1ed9t nh\u1eaft nh\u01b0 Mona \u0111\u1ec3 c\u00f3 th\u1ec3 t\u1edbi ng\u1ee5 t\u1ea1i kh\u00e1ch s\u1ea1n.<\/p>\n<p>Ch\u00e0o \u0111\u1eddi trong m\u1ed9t \u0111\u00eam b\u00e3o tuy\u1ebft \u0111\u00fang v\u00e0o Ng\u00e0y Chu\u1ed9t ch\u0169i (t\u1ee9c m\u00f9ng 2 th\u00e1ng 2, c\u00f3 ngu\u1ed3n g\u1ed1c t\u1eeb m\u1ed9t c\u00e2u chuy\u1ec7n c\u1ed5 n\u01b0\u1edbc M\u0129) t\u1ea1i Chicago, Illinois, STEPHANIE GRAEGIN say m\u00ea v\u1ebd v\u00e0 s\u01b0u t\u1ea7m c\u00e1c lo\u1ea1i c\u00e2y c\u1ecf su\u1ed1t th\u1eddi th\u01a1 \u1ea5u \u1edf Fort Wayne, Indiana v\u00e0 Houston, Texas. C\u00f4 c\u00f3 b\u1eb1ng c\u1eed nh\u00e2n m\u0129 thu\u1eadt t\u1ea1i Vi\u1ec7n Ngh\u1ec7 thu\u1eadt Maryland (Baltimore, Maryland). Sau \u0111\u00f3 c\u00f4 theo h\u1ecdc t\u1ea1i H\u1ecdc vi\u1ec7n Pratt \u1edf Brooklyn, New York v\u00e0 nh\u1eadn b\u1eb1ng th\u1ea1c s\u0129 m\u0129 thu\u1eadt, chuy\u00ean ng\u00e0nh tranh in. Stephanie hi\u1ec7n \u0111ang s\u1ed1ng \u1edf Brooklyn, v\u1eabn v\u1ebd tranh, v\u00e0 \u0111\u00e3 th\u00e0nh c\u00f4ng trong vi\u1ec7c thu nh\u1ecf b\u1ed9 s\u01b0u t\u1eadp c\u1ee7a m\u00ecnh ch\u1ec9 c\u00f2n l\u00e0 m\u1ed9t ch\u00fa m\u00e8o m\u00e0u cam.<\/p>\n","protected":false},"featured_media":17946,"template":"","meta":{"_acf_changed":false},"product_brand":[],"product_cat":[17,26],"product_tag":[],"class_list":{"0":"post-17948","1":"product","2":"type-product","3":"status-publish","4":"has-post-thumbnail","6":"product_cat-sach-danh-cho-cac-be","7":"product_cat-thieu-nien-11-tuoi-18-tuoi","9":"first","10":"outofstock","11":"taxable","12":"shipping-taxable","13":"purchasable","14":"product-type-simple"},"supplier_id":null,"supplier_sku":"","barcode":null,"atum_controlled":true,"out_stock_date":"2022-12-19 12:58:41","out_stock_threshold":null,"inheritable":false,"inbound_stock":0,"stock_on_hold":0,"sold_today":0,"sales_last_days":0,"reserved_stock":0,"customer_returns":0,"warehouse_damage":0,"lost_in_post":0,"other_logs":0,"out_stock_days":1136,"lost_sales":0,"has_location":false,"update_date":"2026-01-28T23:11:02","atum_locations":[{"id":32,"name":"Helsinki","slug":"helsinki"}],"atum_stock_status":"outofstock","restock_status":false,"low_stock_amount":"","sales_update_date":"2026-01-28T23:11:02","calc_backorders":null,"acf":{"publisher":{"ID":1454,"post_author":"1","post_date":"2021-02-17 01:11:34","post_date_gmt":"2021-02-16 23:11:34","post_content":"<!-- wp:flatsome\/uxbuilder -->\n<h1 style=\"text-align: center;\"><strong>Kim \u0110\u1ed3ng<\/strong><\/h1>\n[row]\n\n[col span=\"3\" span__sm=\"12\"]\n\n[ux_image id=\"1534\" image_size=\"medium\"]\n\n\n[\/col]\n[col span=\"9\" span__sm=\"12\"]\n\n<p>Nh\u00e0 xu\u1ea5t b\u1ea3n Kim \u0110\u1ed3ng tr\u1ef1c thu\u1ed9c Trung \u01b0\u01a1ng \u0110o\u00e0n TNCS H\u1ed3 Ch\u00ed Minh l\u00e0 Nh\u00e0 xu\u1ea5t b\u1ea3n t\u1ed5ng h\u1ee3p c\u00f3 ch\u1ee9c n\u0103ng xu\u1ea5t b\u1ea3n s\u00e1ch v\u00e0 v\u0103n h\u00f3a ph\u1ea9m ph\u1ee5c v\u1ee5 thi\u1ebfu nhi v\u00e0 c\u00e1c b\u1eadc ph\u1ee5 huynh trong c\u1ea3 n\u01b0\u1edbc, qu\u1ea3ng b\u00e1 v\u00e0 gi\u1edbi thi\u1ec7u v\u0103n h\u00f3a Vi\u1ec7t Nam ra th\u1ebf gi\u1edbi.<br \/>Nh\u00e0 xu\u1ea5t b\u1ea3n c\u00f3 nhi\u1ec7m v\u1ee5 t\u1ed5 ch\u1ee9c b\u1ea3n th\u1ea3o, bi\u00ean so\u1ea1n, bi\u00ean d\u1ecbch, xu\u1ea5t b\u1ea3n v\u00e0 ph\u00e1t h\u00e0nh c\u00e1c xu\u1ea5t b\u1ea3n ph\u1ea9m c\u00f3 n\u1ed9i dung: gi\u00e1o d\u1ee5c truy\u1ec1n th\u1ed1ng d\u00e2n t\u1ed9c, gi\u00e1o d\u1ee5c v\u1ec1 tri th\u1ee9c, ki\u1ebfn th\u1ee9c\u2026 tr\u00ean c\u00e1c l\u0129nh v\u1ef1c v\u0103n h\u1ecdc, ngh\u1ec7 thu\u1eadt, khoa h\u1ecdc k\u1ef9 thu\u1eadt nh\u1eb1m cung c\u1ea5p cho c\u00e1c em thi\u1ebfu nhi c\u0169ng nh\u01b0 c\u00e1c b\u1eadc ph\u1ee5 huynh c\u00e1c ki\u1ebfn th\u1ee9c c\u1ea7n thi\u1ebft trong cu\u1ed9c s\u1ed1ng, nh\u1eefng tinh hoa c\u1ee7a tri th\u1ee9c nh\u00e2n lo\u1ea1i nh\u1eb1m g\u00f3p ph\u1ea7n gi\u00e1o d\u1ee5c v\u00e0 h\u00ecnh th\u00e0nh nh\u00e2n c\u00e1ch th\u1ebf h\u1ec7 tr\u1ebb.<br \/>\u0110\u1ed1i t\u01b0\u1ee3ng ph\u1ee5c v\u1ee5 c\u1ee7a Nh\u00e0 xu\u1ea5t b\u1ea3n l\u00e0 c\u00e1c em t\u1eeb tu\u1ed5i nh\u00e0 tr\u1ebb m\u1eabu gi\u00e1o (1 \u0111\u1ebfn 5 tu\u1ed5i), nhi \u0111\u1ed3ng (6 \u0111\u1ebfn 9 tu\u1ed5i), thi\u1ebfu ni\u00ean (10 \u0111\u1ebfn 15 tu\u1ed5i) \u0111\u1ebfn c\u00e1c em tu\u1ed5i m\u1edbi l\u1edbn (16 \u0111\u1ebfn 18 tu\u1ed5i) v\u00e0 c\u00e1c b\u1eadc ph\u1ee5 huynh.<\/p>\n\n[\/col]\n\n[\/row]\n\n<!-- \/wp:flatsome\/uxbuilder -->","post_title":"Kim \u0110\u1ed3ng","post_excerpt":"","post_status":"publish","comment_status":"closed","ping_status":"closed","post_password":"","post_name":"kim-dong","to_ping":"","pinged":"","post_modified":"2021-02-17 01:31:56","post_modified_gmt":"2021-02-16 23:31:56","post_content_filtered":"","post_parent":0,"guid":"https:\/\/sachviet.eu\/nha-phat-hanh\/kim-dong\/","menu_order":0,"post_type":"publisher","post_mime_type":"","comment_count":"0","filter":"raw"}},"_links":{"self":[{"href":"https:\/\/sachviet.eu\/en\/wp-json\/wp\/v2\/product\/17948","targetHints":{"allow":["GET"]}}],"collection":[{"href":"https:\/\/sachviet.eu\/en\/wp-json\/wp\/v2\/product"}],"about":[{"href":"https:\/\/sachviet.eu\/en\/wp-json\/wp\/v2\/types\/product"}],"wp:featuredmedia":[{"embeddable":true,"href":"https:\/\/sachviet.eu\/en\/wp-json\/wp\/v2\/media\/17946"}],"wp:attachment":[{"href":"https:\/\/sachviet.eu\/en\/wp-json\/wp\/v2\/media?parent=17948"}],"wp:term":[{"taxonomy":"product_brand","embeddable":true,"href":"https:\/\/sachviet.eu\/en\/wp-json\/wp\/v2\/product_brand?post=17948"},{"taxonomy":"product_cat","embeddable":true,"href":"https:\/\/sachviet.eu\/en\/wp-json\/wp\/v2\/product_cat?post=17948"},{"taxonomy":"product_tag","embeddable":true,"href":"https:\/\/sachviet.eu\/en\/wp-json\/wp\/v2\/product_tag?post=17948"}],"curies":[{"name":"wp","href":"https:\/\/api.w.org\/{rel}","templated":true}]}}