{"id":17945,"date":"2022-04-09T17:46:21","date_gmt":"2022-04-09T14:46:21","guid":{"rendered":"https:\/\/sachviet.eu\/shop\/phu-nu-osho\/"},"modified":"2022-12-19T18:18:08","modified_gmt":"2022-12-19T16:18:08","slug":"phu-nu-osho","status":"publish","type":"product","link":"https:\/\/sachviet.eu\/en\/shop\/phu-nu-osho\/","title":{"rendered":"Ph\u1ee5 N\u1eef &#8211; Osho"},"content":{"rendered":"<p>Th\u01b0a th\u1ea7y, l\u00e0m sao th\u1ea7y, m\u1ed9t ng\u01b0\u1eddi \u0111\u00e0n \u00f4ng, l\u1ea1i c\u00f3 th\u1ec3 n\u00f3i v\u1ec1 t\u00e2m l\u00fd ph\u1ee5 n\u1eef?<\/p>\n<p>T\u00f4i kh\u00f4ng n\u00f3i chuy\u1ec7n v\u1edbi t\u01b0 c\u00e1ch m\u1ed9t ng\u01b0\u1eddi \u0111\u00e0n \u00f4ng, t\u00f4i n\u00f3i v\u1edbi t\u00e2m th\u1ebf m\u1ed9t ng\u01b0\u1eddi ph\u1ee5 n\u1eef. T\u00f4i kh\u00f4ng h\u1ec1 n\u00f3i b\u1eb1ng t\u00e2m tr\u00ed. T\u00f4i c\u00f3 d\u00f9ng \u0111\u1ebfn t\u00e2m tr\u00ed, nh\u01b0ng t\u00f4i n\u00f3i chuy\u1ec7n b\u1eb1ng \u00fd th\u1ee9c, b\u1eb1ng nh\u1eadn th\u1ee9c. V\u00e0 nh\u1eadn th\u1ee9c th\u00ec kh\u00f4ng c\u00f3 gi\u1edbi t\u00ednh, nh\u1eadn th\u1ee9c ch\u1eb3ng ph\u1ea3i \u0111\u00e0n \u00f4ng c\u0169ng kh\u00f4ng ph\u1ea3i ph\u1ee5 n\u1eef. C\u01a1 th\u1ec3 b\u1ea1n c\u00f3 s\u1ef1 ph\u00e2n chia \u0111\u00f3, t\u00e2m tr\u00ed b\u1ea1n c\u0169ng v\u1eady, b\u1edfi v\u00ec t\u00e2m tr\u00ed b\u1ea1n l\u00e0 ph\u1ea7n n\u1ed9i t\u1ea1i c\u1ee7a c\u01a1 th\u1ec3 b\u1ea1n, c\u00f2n c\u01a1 th\u1ec3 b\u1ea1n l\u00e0 v\u1ecf ngo\u00e0i c\u1ee7a t\u00e2m tr\u00ed b\u1ea1n. C\u01a1 th\u1ec3 v\u00e0 t\u00e2m tr\u00ed b\u1ea1n kh\u00f4ng t\u00e1ch r\u1eddi nhau; ch\u00fang l\u00e0 m\u1ed9t th\u1ef1c th\u1ec3. Th\u1ef1c ra, n\u00f3i c\u01a1 th\u1ec3 v\u00e0 t\u00e2m tr\u00ed l\u00e0 kh\u00f4ng \u0111\u00fang; kh\u00f4ng n\u00ean d\u00f9ng ch\u1eef \u201cv\u00e0\u201d \u1edf \u0111\u00e2y. B\u1ea1n l\u00e0 c\u1ea3 hai.<\/p>\n<p>V\u00ec th\u1ebf, v\u1edbi c\u01a1 th\u1ec3, v\u1edbi t\u00e2m tr\u00ed, nh\u1eefng t\u1eeb nh\u01b0 nam t\u00ednh hay n\u1eef t\u00ednh l\u00e0 c\u00f3 li\u00ean quan, c\u00f3 \u00fd ngh\u0129a. Nh\u01b0ng c\u00f3 m\u1ed9t \u0111i\u1ec1u v\u01b0\u1ee3t tr\u00ean c\u1ea3 hai kh\u00e1i ni\u1ec7m \u1ea5y, m\u1ed9t \u0111i\u1ec1u si\u00eau vi\u1ec7t. \u0110\u00f3 l\u00e0 c\u1ed1t l\u00f5i th\u1ef1c s\u1ef1 c\u1ee7a b\u1ea1n, b\u1ea3n th\u1ec3 c\u1ee7a b\u1ea1n. B\u1ea3n th\u1ec3 \u0111\u00f3 ch\u1ec9 nh\u1eadn th\u1ee9c, ch\u1ee9ng ki\u1ebfn, ch\u00fa t\u00e2m. N\u00f3 l\u00e0 \u00fd th\u1ee9c thu\u1ea7n t\u00fay.<\/p>\n<p>\u1ede \u0111\u00e2y, t\u00f4i kh\u00f4ng n\u00f3i chuy\u1ec7n v\u1edbi t\u01b0 c\u00e1ch m\u1ed9t ng\u01b0\u1eddi \u0111\u00e0n \u00f4ng; ph\u1ea3i nh\u01b0 v\u1eady th\u00ec m\u1edbi c\u00f3 th\u1ec3 n\u00f3i v\u1ec1 ph\u1ee5 n\u1eef \u0111\u01b0\u1ee3c. T\u00f4i n\u00f3i v\u1edbi t\u01b0 c\u00e1ch m\u1ed9t s\u1ef1 nh\u1eadn th\u1ee9c. T\u00f4i \u0111\u00e3 s\u1ed1ng trong c\u01a1 th\u1ec3 ph\u1ee5 n\u1eef nhi\u1ec1u l\u1ea7n v\u00e0 t\u00f4i \u0111\u00e3 s\u1ed1ng trong c\u01a1 th\u1ec3 nam gi\u1edbi nhi\u1ec1u l\u1ea7n, t\u00f4i \u0111\u00e3 ch\u1ee9ng ki\u1ebfn t\u1ea5t c\u1ea3. T\u00f4i \u0111\u00e3 th\u1ea5y t\u1ea5t c\u1ea3 nh\u1eefng ng\u00f4i nh\u00e0 tr\u00fa ng\u1ee5, t\u1ea5t c\u1ea3 nh\u1eefng l\u1edbp v\u1ecf kho\u00e1c b\u00ean ngo\u00e0i. \u0110i\u1ec1u t\u00f4i \u0111ang n\u00f3i v\u1edbi b\u1ea1n l\u00e0 k\u1ebft lu\u1eadn c\u1ee7a nhi\u1ec1u \u0111\u1eddi, nhi\u1ec1u ki\u1ebfp; n\u00f3 kh\u00f4ng ch\u1ec9 li\u00ean quan \u0111\u1ebfn ki\u1ebfp n\u00e0y. Ki\u1ebfp n\u00e0y ch\u1ec9 l\u00e0 m\u1ed9t k\u1ebft tinh \u0111\u1ec9nh cao c\u1ee7a m\u1ed9t cu\u1ed9c h\u00e0nh h\u01b0\u01a1ng r\u1ea5t d\u00e0i.<br \/>\nV\u1eady n\u00ean \u0111\u1eebng l\u1eafng nghe t\u00f4i nh\u01b0 l\u1eafng nghe m\u1ed9t ng\u01b0\u1eddi \u0111\u00e0n \u00f4ng hay m\u1ed9t ng\u01b0\u1eddi ph\u1ee5 n\u1eef; n\u1ebfu kh\u00f4ng b\u1ea1n s\u1ebd kh\u00f4ng nghe th\u1ea5y t\u00f4i. H\u00e3y l\u1eafng nghe t\u00f4i nh\u01b0 l\u1eafng nghe m\u1ed9t s\u1ef1 nh\u1eadn th\u1ee9c.<\/p>\n<p>Trong cu\u1ed1n Ph\u1ee5 n\u1eef, t\u00e1c gi\u1ea3 s\u1ebd ph\u00e2n t\u00edch gi\u00e1 tr\u1ecb v\u00e0 t\u1ea7m quan tr\u1ecdng c\u1ee7a s\u1ee9c m\u1ea1nh n\u1eef t\u00ednh. \u00d4ng nghi\u00ean c\u1ee9u c\u00e1c ni\u1ec1m tin, \u0111\u1ecbnh ki\u1ebfn b\u1ecb \u00e1p \u0111\u1eb7t l\u00ean ph\u1ee5 n\u1eef t\u1eeb tr\u01b0\u1edbc \u0111\u1ebfn nay, khi\u1ebfn ng\u01b0\u1eddi ph\u1ee5 n\u1eef kh\u00f4ng th\u1ec3 ph\u00e1t huy ti\u1ec1m n\u0103ng c\u1ee7a m\u00ecnh. T\u1eeb \u0111\u00f3, \u00f4ng gi\u1ea3i ph\u00f3ng h\u1ecd v\u00e0 kh\u1eb3ng \u0111\u1ecbnh l\u1ea1i nh\u1eefng ph\u1ea9m ch\u1ea5t tuy\u1ec7t v\u1eddi c\u1ee7a ng\u01b0\u1eddi ph\u1ee5 n\u1eef, \u0111\u00f3 l\u00e0 t\u00ecnh y\u00eau th\u01b0\u01a1ng, ni\u1ec1m vui, v\u00e0 tr\u00e1i tim th\u1ea5u c\u1ea3m, nh\u1eefng \u0111i\u1ec1u v\u00f4 c\u00f9ng c\u1ea7n thi\u1ebft cho t\u00e2m h\u1ed3n v\u00e0 con \u0111\u01b0\u1eddng t\u00e2m linh.<\/p>\n","protected":false},"excerpt":{"rendered":"<p>Th\u01b0a th\u1ea7y, l\u00e0m sao th\u1ea7y, m\u1ed9t ng\u01b0\u1eddi \u0111\u00e0n \u00f4ng, l\u1ea1i c\u00f3 th\u1ec3 n\u00f3i v\u1ec1 t\u00e2m l\u00fd ph\u1ee5 n\u1eef?<\/p>\n<p>T\u00f4i kh\u00f4ng n\u00f3i chuy\u1ec7n v\u1edbi t\u01b0 c\u00e1ch m\u1ed9t ng\u01b0\u1eddi \u0111\u00e0n \u00f4ng, t\u00f4i n\u00f3i v\u1edbi t\u00e2m th\u1ebf m\u1ed9t ng\u01b0\u1eddi ph\u1ee5 n\u1eef. T\u00f4i kh\u00f4ng h\u1ec1 n\u00f3i b\u1eb1ng t\u00e2m tr\u00ed. T\u00f4i c\u00f3 d\u00f9ng \u0111\u1ebfn t\u00e2m tr\u00ed, nh\u01b0ng t\u00f4i n\u00f3i chuy\u1ec7n b\u1eb1ng \u00fd th\u1ee9c, b\u1eb1ng nh\u1eadn th\u1ee9c. V\u00e0 nh\u1eadn th\u1ee9c th\u00ec kh\u00f4ng c\u00f3 gi\u1edbi t\u00ednh, nh\u1eadn th\u1ee9c ch\u1eb3ng ph\u1ea3i \u0111\u00e0n \u00f4ng c\u0169ng kh\u00f4ng ph\u1ea3i ph\u1ee5 n\u1eef. C\u01a1 th\u1ec3 b\u1ea1n c\u00f3 s\u1ef1 ph\u00e2n chia \u0111\u00f3, t\u00e2m tr\u00ed b\u1ea1n c\u0169ng v\u1eady, b\u1edfi v\u00ec t\u00e2m tr\u00ed b\u1ea1n l\u00e0 ph\u1ea7n n\u1ed9i t\u1ea1i c\u1ee7a c\u01a1 th\u1ec3 b\u1ea1n, c\u00f2n c\u01a1 th\u1ec3 b\u1ea1n l\u00e0 v\u1ecf ngo\u00e0i c\u1ee7a t\u00e2m tr\u00ed b\u1ea1n. C\u01a1 th\u1ec3 v\u00e0 t\u00e2m tr\u00ed b\u1ea1n kh\u00f4ng t\u00e1ch r\u1eddi nhau; ch\u00fang l\u00e0 m\u1ed9t th\u1ef1c th\u1ec3. Th\u1ef1c ra, n\u00f3i c\u01a1 th\u1ec3 v\u00e0 t\u00e2m tr\u00ed l\u00e0 kh\u00f4ng \u0111\u00fang; kh\u00f4ng n\u00ean d\u00f9ng ch\u1eef \u201cv\u00e0\u201d \u1edf \u0111\u00e2y. B\u1ea1n l\u00e0 c\u1ea3 hai.<\/p>\n<p>V\u00ec th\u1ebf, v\u1edbi c\u01a1 th\u1ec3, v\u1edbi t\u00e2m tr\u00ed, nh\u1eefng t\u1eeb nh\u01b0 nam t\u00ednh hay n\u1eef t\u00ednh l\u00e0 c\u00f3 li\u00ean quan, c\u00f3 \u00fd ngh\u0129a. Nh\u01b0ng c\u00f3 m\u1ed9t \u0111i\u1ec1u v\u01b0\u1ee3t tr\u00ean c\u1ea3 hai kh\u00e1i ni\u1ec7m \u1ea5y, m\u1ed9t \u0111i\u1ec1u si\u00eau vi\u1ec7t. \u0110\u00f3 l\u00e0 c\u1ed1t l\u00f5i th\u1ef1c s\u1ef1 c\u1ee7a b\u1ea1n, b\u1ea3n th\u1ec3 c\u1ee7a b\u1ea1n. B\u1ea3n th\u1ec3 \u0111\u00f3 ch\u1ec9 nh\u1eadn th\u1ee9c, ch\u1ee9ng ki\u1ebfn, ch\u00fa t\u00e2m. N\u00f3 l\u00e0 \u00fd th\u1ee9c thu\u1ea7n t\u00fay.<\/p>\n<p>\u1ede \u0111\u00e2y, t\u00f4i kh\u00f4ng n\u00f3i chuy\u1ec7n v\u1edbi t\u01b0 c\u00e1ch m\u1ed9t ng\u01b0\u1eddi \u0111\u00e0n \u00f4ng; ph\u1ea3i nh\u01b0 v\u1eady th\u00ec m\u1edbi c\u00f3 th\u1ec3 n\u00f3i v\u1ec1 ph\u1ee5 n\u1eef \u0111\u01b0\u1ee3c. T\u00f4i n\u00f3i v\u1edbi t\u01b0 c\u00e1ch m\u1ed9t s\u1ef1 nh\u1eadn th\u1ee9c. T\u00f4i \u0111\u00e3 s\u1ed1ng trong c\u01a1 th\u1ec3 ph\u1ee5 n\u1eef nhi\u1ec1u l\u1ea7n v\u00e0 t\u00f4i \u0111\u00e3 s\u1ed1ng trong c\u01a1 th\u1ec3 nam gi\u1edbi nhi\u1ec1u l\u1ea7n, t\u00f4i \u0111\u00e3 ch\u1ee9ng ki\u1ebfn t\u1ea5t c\u1ea3. T\u00f4i \u0111\u00e3 th\u1ea5y t\u1ea5t c\u1ea3 nh\u1eefng ng\u00f4i nh\u00e0 tr\u00fa ng\u1ee5, t\u1ea5t c\u1ea3 nh\u1eefng l\u1edbp v\u1ecf kho\u00e1c b\u00ean ngo\u00e0i. \u0110i\u1ec1u t\u00f4i \u0111ang n\u00f3i v\u1edbi b\u1ea1n l\u00e0 k\u1ebft lu\u1eadn c\u1ee7a nhi\u1ec1u \u0111\u1eddi, nhi\u1ec1u ki\u1ebfp; n\u00f3 kh\u00f4ng ch\u1ec9 li\u00ean quan \u0111\u1ebfn ki\u1ebfp n\u00e0y. Ki\u1ebfp n\u00e0y ch\u1ec9 l\u00e0 m\u1ed9t k\u1ebft tinh \u0111\u1ec9nh cao c\u1ee7a m\u1ed9t cu\u1ed9c h\u00e0nh h\u01b0\u01a1ng r\u1ea5t d\u00e0i.<br \/>\nV\u1eady n\u00ean \u0111\u1eebng l\u1eafng nghe t\u00f4i nh\u01b0 l\u1eafng nghe m\u1ed9t ng\u01b0\u1eddi \u0111\u00e0n \u00f4ng hay m\u1ed9t ng\u01b0\u1eddi ph\u1ee5 n\u1eef; n\u1ebfu kh\u00f4ng b\u1ea1n s\u1ebd kh\u00f4ng nghe th\u1ea5y t\u00f4i. H\u00e3y l\u1eafng nghe t\u00f4i nh\u01b0 l\u1eafng nghe m\u1ed9t s\u1ef1 nh\u1eadn th\u1ee9c.<\/p>\n<p>Trong cu\u1ed1n Ph\u1ee5 n\u1eef, t\u00e1c gi\u1ea3 s\u1ebd ph\u00e2n t\u00edch gi\u00e1 tr\u1ecb v\u00e0 t\u1ea7m quan tr\u1ecdng c\u1ee7a s\u1ee9c m\u1ea1nh n\u1eef t\u00ednh. \u00d4ng nghi\u00ean c\u1ee9u c\u00e1c ni\u1ec1m tin, \u0111\u1ecbnh ki\u1ebfn b\u1ecb \u00e1p \u0111\u1eb7t l\u00ean ph\u1ee5 n\u1eef t\u1eeb tr\u01b0\u1edbc \u0111\u1ebfn nay, khi\u1ebfn ng\u01b0\u1eddi ph\u1ee5 n\u1eef kh\u00f4ng th\u1ec3 ph\u00e1t huy ti\u1ec1m n\u0103ng c\u1ee7a m\u00ecnh. T\u1eeb \u0111\u00f3, \u00f4ng gi\u1ea3i ph\u00f3ng h\u1ecd v\u00e0 kh\u1eb3ng \u0111\u1ecbnh l\u1ea1i nh\u1eefng ph\u1ea9m ch\u1ea5t tuy\u1ec7t v\u1eddi c\u1ee7a ng\u01b0\u1eddi ph\u1ee5 n\u1eef, \u0111\u00f3 l\u00e0 t\u00ecnh y\u00eau th\u01b0\u01a1ng, ni\u1ec1m vui, v\u00e0 tr\u00e1i tim th\u1ea5u c\u1ea3m, nh\u1eefng \u0111i\u1ec1u v\u00f4 c\u00f9ng c\u1ea7n thi\u1ebft cho t\u00e2m h\u1ed3n v\u00e0 con \u0111\u01b0\u1eddng t\u00e2m linh.<\/p>\n","protected":false},"featured_media":17944,"template":"","meta":{"_acf_changed":false},"product_brand":[],"product_cat":[15,46],"product_tag":[],"class_list":{"0":"post-17945","1":"product","2":"type-product","3":"status-publish","4":"has-post-thumbnail","6":"product_cat-sach-danh-cho-nguoi-lon","7":"product_cat-ky-nang-song","9":"first","10":"outofstock","11":"taxable","12":"shipping-taxable","13":"purchasable","14":"product-type-simple"},"supplier_id":null,"supplier_sku":"","barcode":null,"atum_controlled":true,"out_stock_date":"2022-12-19 12:58:41","out_stock_threshold":null,"inheritable":false,"inbound_stock":0,"stock_on_hold":0,"sold_today":0,"sales_last_days":0,"reserved_stock":0,"customer_returns":0,"warehouse_damage":0,"lost_in_post":0,"other_logs":0,"out_stock_days":1136,"lost_sales":0,"has_location":false,"update_date":"2026-01-28T23:11:02","atum_locations":[{"id":32,"name":"Helsinki","slug":"helsinki"}],"atum_stock_status":"outofstock","restock_status":false,"low_stock_amount":"","sales_update_date":"2026-01-28T23:11:01","calc_backorders":null,"acf":{"publisher":{"ID":1474,"post_author":"1","post_date":"2021-02-17 01:12:51","post_date_gmt":"2021-02-16 23:12:51","post_content":"","post_title":"Th\u00e1i H\u00e0","post_excerpt":"","post_status":"publish","comment_status":"closed","ping_status":"closed","post_password":"","post_name":"thai-ha","to_ping":"","pinged":"","post_modified":"2021-02-17 01:12:51","post_modified_gmt":"2021-02-16 23:12:51","post_content_filtered":"","post_parent":0,"guid":"https:\/\/sachviet.eu\/nha-phat-hanh\/thai-ha\/","menu_order":0,"post_type":"publisher","post_mime_type":"","comment_count":"0","filter":"raw"}},"_links":{"self":[{"href":"https:\/\/sachviet.eu\/en\/wp-json\/wp\/v2\/product\/17945","targetHints":{"allow":["GET"]}}],"collection":[{"href":"https:\/\/sachviet.eu\/en\/wp-json\/wp\/v2\/product"}],"about":[{"href":"https:\/\/sachviet.eu\/en\/wp-json\/wp\/v2\/types\/product"}],"wp:featuredmedia":[{"embeddable":true,"href":"https:\/\/sachviet.eu\/en\/wp-json\/wp\/v2\/media\/17944"}],"wp:attachment":[{"href":"https:\/\/sachviet.eu\/en\/wp-json\/wp\/v2\/media?parent=17945"}],"wp:term":[{"taxonomy":"product_brand","embeddable":true,"href":"https:\/\/sachviet.eu\/en\/wp-json\/wp\/v2\/product_brand?post=17945"},{"taxonomy":"product_cat","embeddable":true,"href":"https:\/\/sachviet.eu\/en\/wp-json\/wp\/v2\/product_cat?post=17945"},{"taxonomy":"product_tag","embeddable":true,"href":"https:\/\/sachviet.eu\/en\/wp-json\/wp\/v2\/product_tag?post=17945"}],"curies":[{"name":"wp","href":"https:\/\/api.w.org\/{rel}","templated":true}]}}