{"id":17943,"date":"2022-04-09T17:45:55","date_gmt":"2022-04-09T14:45:55","guid":{"rendered":"https:\/\/sachviet.eu\/shop\/uom-mam-osho\/"},"modified":"2023-12-06T12:27:38","modified_gmt":"2023-12-06T10:27:38","slug":"uom-mam-osho","status":"publish","type":"product","link":"https:\/\/sachviet.eu\/en\/shop\/uom-mam-osho\/","title":{"rendered":"\u01af\u01a1m m\u1ea7m &#8211; Osho"},"content":{"rendered":"<p>Tr\u1ebb em c\u00f3 s\u1ef1 t\u1ef1 do ch\u00e2n th\u1ef1c. C\u00e1c em vui t\u01b0\u01a1i, th\u00edch n\u00f4 \u0111\u00f9a v\u00e0 s\u00e1ng t\u1ea1o m\u1ed9t c\u00e1ch t\u1ef1 nhi\u00ean. Nh\u01b0ng khi l\u1edbn l\u00ean, h\u1ea7u h\u1ebft c\u00e1c em \u0111\u1ec1u hi\u1ebfn m\u00ecnh cho nh\u1eefng v\u1ecb th\u00e1nh mang t\u00ean \u201cn\u0103ng su\u1ea5t\u201d v\u00e0 \u201ch\u00e0nh vi \u0111\u00fang m\u1ef1c\u201d ch\u1ec9 \u0111\u1ec3 r\u1ed3i ph\u1ea3i luy\u1ebfn ti\u1ebfc nh\u1eefng th\u00e1ng ng\u00e0y th\u01a1 \u1ea5u. Osho n\u00f3i: \u201cTr\u1ea3i nghi\u1ec7m th\u1eddi th\u01a1 \u1ea5u \u00e1m \u1ea3nh nh\u1eefng ng\u01b0\u1eddi th\u00f4ng minh su\u1ed1t c\u1ea3 cu\u1ed9c \u0111\u1eddi. H\u1ecd mu\u1ed1n c\u00f3 n\u00f3 m\u1ed9t l\u1ea7n n\u1eefa &#8211; s\u1ef1 ng\u00e2y th\u01a1 \u0111\u00f3, \u0111i\u1ec1u k\u1ef3 di\u1ec7u \u0111\u00f3, v\u1ebb \u0111\u1eb9p \u0111\u00f3\u201d. V\u00e0 d\u00f9 cho th\u1ebf h\u1ec7 ng\u01b0\u1eddi l\u1edbn n\u00e0o c\u0169ng th\u1ec1 th\u1ed1t, v\u1edbi nh\u1eefng \u00fd \u0111\u1ecbnh t\u1ed1t \u0111\u1eb9p nh\u1ea5t, r\u1eb1ng s\u1ebd kh\u00f4ng bao gi\u1edd l\u1eb7p l\u1ea1i sai l\u1ea7m c\u1ee7a qu\u00e1 kh\u1ee9, h\u1ecd l\u1ea1i lu\u00f4n \u00e1p \u0111\u1eb7t l\u00ean th\u1ebf h\u1ec7 k\u1ebf c\u1eadn nh\u1eefng h\u1ea1n ch\u1ebf m\u00e0 ch\u00ednh m\u00ecnh \u0111\u00e3 th\u1eeba h\u01b0\u1edfng. <\/p>\n<p>Cu\u1ed1n s\u00e1ch \u201c\u01af\u01a1m m\u1ea7m\u201d ph\u00e1t \u0111\u1ed9ng m\u1ed9t \u201cphong tr\u00e0o gi\u1ea3i ph\u00f3ng tr\u1ebb em\u201d nh\u1eb1m ph\u00e1 v\u1ee1 nh\u1eefng khu\u00f4n m\u1eabu c\u0169 k\u1ef9 v\u00e0 t\u1ea1o c\u01a1 h\u1ed9i cho m\u1ed9t ph\u01b0\u01a1ng th\u1ee9c li\u00ean k\u1ebft lo\u00e0i ng\u01b0\u1eddi ho\u00e0n to\u00e0n m\u1edbi. N\u00f3 s\u1ebd h\u01b0\u1edbng d\u1eabn ng\u01b0\u1eddi l\u1edbn nh\u1eadn th\u1ee9c t\u00ecnh tr\u1ea1ng b\u1ecb \u00e1p \u0111\u1eb7t c\u1ee7a ch\u00ednh m\u00ecnh khi li\u00ean h\u1ec7 v\u1edbi tr\u1ebb em. V\u00e0 v\u1edbi nh\u1eadn th\u1ee9c \u1ea5y, h\u1ecd s\u1ebd bi\u1ebft \u0111\u01b0\u1ee3c khi n\u00e0o c\u1ea7n nu\u00f4i n\u1ea5ng v\u00e0 b\u1ea3o v\u1ec7, khi n\u00e0o c\u1ea7n \u0111\u1ee9ng tr\u00e1nh sang m\u1ed9t b\u00ean \u0111\u1ec3 tr\u1ebb em c\u00f3 th\u1ec3 b\u1ed9c l\u1ed9 nh\u1eefng ti\u1ec1m n\u0103ng l\u1edbn nh\u1ea5t v\u00e0 \u0111\u1ea1t \u0111\u01b0\u1ee3c h\u1ea1nh ph\u00fac cao nh\u1ea5t.<\/p>\n","protected":false},"excerpt":{"rendered":"<p>Tr\u1ebb em c\u00f3 s\u1ef1 t\u1ef1 do ch\u00e2n th\u1ef1c. C\u00e1c em vui t\u01b0\u01a1i, th\u00edch n\u00f4 \u0111\u00f9a v\u00e0 s\u00e1ng t\u1ea1o m\u1ed9t c\u00e1ch t\u1ef1 nhi\u00ean. Nh\u01b0ng khi l\u1edbn l\u00ean, h\u1ea7u h\u1ebft c\u00e1c em \u0111\u1ec1u hi\u1ebfn m\u00ecnh cho nh\u1eefng v\u1ecb th\u00e1nh mang t\u00ean \u201cn\u0103ng su\u1ea5t\u201d v\u00e0 \u201ch\u00e0nh vi \u0111\u00fang m\u1ef1c\u201d ch\u1ec9 \u0111\u1ec3 r\u1ed3i ph\u1ea3i luy\u1ebfn ti\u1ebfc nh\u1eefng th\u00e1ng ng\u00e0y th\u01a1 \u1ea5u. Osho n\u00f3i: \u201cTr\u1ea3i nghi\u1ec7m th\u1eddi th\u01a1 \u1ea5u \u00e1m \u1ea3nh nh\u1eefng ng\u01b0\u1eddi th\u00f4ng minh su\u1ed1t c\u1ea3 cu\u1ed9c \u0111\u1eddi. H\u1ecd mu\u1ed1n c\u00f3 n\u00f3 m\u1ed9t l\u1ea7n n\u1eefa &#8211; s\u1ef1 ng\u00e2y th\u01a1 \u0111\u00f3, \u0111i\u1ec1u k\u1ef3 di\u1ec7u \u0111\u00f3, v\u1ebb \u0111\u1eb9p \u0111\u00f3\u201d. V\u00e0 d\u00f9 cho th\u1ebf h\u1ec7 ng\u01b0\u1eddi l\u1edbn n\u00e0o c\u0169ng th\u1ec1 th\u1ed1t, v\u1edbi nh\u1eefng \u00fd \u0111\u1ecbnh t\u1ed1t \u0111\u1eb9p nh\u1ea5t, r\u1eb1ng s\u1ebd kh\u00f4ng bao gi\u1edd l\u1eb7p l\u1ea1i sai l\u1ea7m c\u1ee7a qu\u00e1 kh\u1ee9, h\u1ecd l\u1ea1i lu\u00f4n \u00e1p \u0111\u1eb7t l\u00ean th\u1ebf h\u1ec7 k\u1ebf c\u1eadn nh\u1eefng h\u1ea1n ch\u1ebf m\u00e0 ch\u00ednh m\u00ecnh \u0111\u00e3 th\u1eeba h\u01b0\u1edfng. <\/p>\n<p>Cu\u1ed1n s\u00e1ch \u201c\u01af\u01a1m m\u1ea7m\u201d ph\u00e1t \u0111\u1ed9ng m\u1ed9t \u201cphong tr\u00e0o gi\u1ea3i ph\u00f3ng tr\u1ebb em\u201d nh\u1eb1m ph\u00e1 v\u1ee1 nh\u1eefng khu\u00f4n m\u1eabu c\u0169 k\u1ef9 v\u00e0 t\u1ea1o c\u01a1 h\u1ed9i cho m\u1ed9t ph\u01b0\u01a1ng th\u1ee9c li\u00ean k\u1ebft lo\u00e0i ng\u01b0\u1eddi ho\u00e0n to\u00e0n m\u1edbi. N\u00f3 s\u1ebd h\u01b0\u1edbng d\u1eabn ng\u01b0\u1eddi l\u1edbn nh\u1eadn th\u1ee9c t\u00ecnh tr\u1ea1ng b\u1ecb \u00e1p \u0111\u1eb7t c\u1ee7a ch\u00ednh m\u00ecnh khi li\u00ean h\u1ec7 v\u1edbi tr\u1ebb em. V\u00e0 v\u1edbi nh\u1eadn th\u1ee9c \u1ea5y, h\u1ecd s\u1ebd bi\u1ebft \u0111\u01b0\u1ee3c khi n\u00e0o c\u1ea7n nu\u00f4i n\u1ea5ng v\u00e0 b\u1ea3o v\u1ec7, khi n\u00e0o c\u1ea7n \u0111\u1ee9ng tr\u00e1nh sang m\u1ed9t b\u00ean \u0111\u1ec3 tr\u1ebb em c\u00f3 th\u1ec3 b\u1ed9c l\u1ed9 nh\u1eefng ti\u1ec1m n\u0103ng l\u1edbn nh\u1ea5t v\u00e0 \u0111\u1ea1t \u0111\u01b0\u1ee3c h\u1ea1nh ph\u00fac cao nh\u1ea5t.<\/p>\n","protected":false},"featured_media":17942,"template":"","meta":{"_acf_changed":false},"product_brand":[],"product_cat":[15,46],"product_tag":[],"class_list":{"0":"post-17943","1":"product","2":"type-product","3":"status-publish","4":"has-post-thumbnail","6":"product_cat-sach-danh-cho-nguoi-lon","7":"product_cat-ky-nang-song","9":"first","10":"outofstock","11":"taxable","12":"shipping-taxable","13":"purchasable","14":"product-type-simple"},"supplier_id":null,"supplier_sku":"","barcode":null,"atum_controlled":true,"out_stock_date":"2023-12-06 10:27:38","out_stock_threshold":null,"inheritable":false,"inbound_stock":0,"stock_on_hold":0,"sold_today":0,"sales_last_days":0,"reserved_stock":0,"customer_returns":0,"warehouse_damage":0,"lost_in_post":0,"other_logs":0,"out_stock_days":784,"lost_sales":0,"has_location":true,"update_date":"2026-01-28T23:11:01","atum_locations":[{"id":32,"name":"Helsinki","slug":"helsinki"}],"atum_stock_status":"outofstock","restock_status":false,"low_stock_amount":"","sales_update_date":"2026-01-28T23:11:01","calc_backorders":null,"acf":{"publisher":{"ID":1474,"post_author":"1","post_date":"2021-02-17 01:12:51","post_date_gmt":"2021-02-16 23:12:51","post_content":"","post_title":"Th\u00e1i H\u00e0","post_excerpt":"","post_status":"publish","comment_status":"closed","ping_status":"closed","post_password":"","post_name":"thai-ha","to_ping":"","pinged":"","post_modified":"2021-02-17 01:12:51","post_modified_gmt":"2021-02-16 23:12:51","post_content_filtered":"","post_parent":0,"guid":"https:\/\/sachviet.eu\/nha-phat-hanh\/thai-ha\/","menu_order":0,"post_type":"publisher","post_mime_type":"","comment_count":"0","filter":"raw"}},"_links":{"self":[{"href":"https:\/\/sachviet.eu\/en\/wp-json\/wp\/v2\/product\/17943","targetHints":{"allow":["GET"]}}],"collection":[{"href":"https:\/\/sachviet.eu\/en\/wp-json\/wp\/v2\/product"}],"about":[{"href":"https:\/\/sachviet.eu\/en\/wp-json\/wp\/v2\/types\/product"}],"wp:featuredmedia":[{"embeddable":true,"href":"https:\/\/sachviet.eu\/en\/wp-json\/wp\/v2\/media\/17942"}],"wp:attachment":[{"href":"https:\/\/sachviet.eu\/en\/wp-json\/wp\/v2\/media?parent=17943"}],"wp:term":[{"taxonomy":"product_brand","embeddable":true,"href":"https:\/\/sachviet.eu\/en\/wp-json\/wp\/v2\/product_brand?post=17943"},{"taxonomy":"product_cat","embeddable":true,"href":"https:\/\/sachviet.eu\/en\/wp-json\/wp\/v2\/product_cat?post=17943"},{"taxonomy":"product_tag","embeddable":true,"href":"https:\/\/sachviet.eu\/en\/wp-json\/wp\/v2\/product_tag?post=17943"}],"curies":[{"name":"wp","href":"https:\/\/api.w.org\/{rel}","templated":true}]}}