{"id":17941,"date":"2022-04-09T17:45:50","date_gmt":"2022-04-09T14:45:50","guid":{"rendered":"https:\/\/sachviet.eu\/shop\/ban-oi-men-thuong-rung-xanh-ri-rao\/"},"modified":"2022-12-19T18:18:20","modified_gmt":"2022-12-19T16:18:20","slug":"ban-oi-men-thuong-rung-xanh-ri-rao","status":"publish","type":"product","link":"https:\/\/sachviet.eu\/en\/shop\/ban-oi-men-thuong-rung-xanh-ri-rao\/","title":{"rendered":"B\u1ea1n \u01a1i m\u1ebfn th\u01b0\u01a1ng: R\u1eebng xanh r\u00ec r\u00e0o"},"content":{"rendered":"<p>Cu\u1ed1n s\u00e1ch v\u1ec1 s\u1ef1 chia s\u1ebb, t\u00ecnh b\u1ea1n \u0111\u1ea7u \u0111\u1eddi c\u1ee7a con v\u00e0 h\u01a1n th\u1ebf n\u1eefa,<\/p>\n<p>\u0110\u1ec3 tr\u01b0\u1edfng th\u00e0nh, b\u1ea1n nh\u1ecf n\u00e0o c\u0169ng c\u1ea7n c\u00f3 ng\u01b0\u1eddi b\u1ea1n t\u1ed1t c\u1ee7a ri\u00eang m\u00ecnh v\u00e0 tr\u1edf th\u00e0nh ng\u01b0\u1eddi b\u1ea1n t\u1ed1t c\u1ee7a c\u00e1c b\u1ea1n nh\u1ecf kh\u00e1c. V\u1eady n\u00ean con c\u1ea7n bi\u1ebft c\u00e1ch chia s\u1ebb \u0111\u1ec3 tr\u1edf th\u00e0nh m\u1ed9t ng\u01b0\u1eddi b\u1ea1n \u0111\u00e1ng tin, \u0111\u00e1ng y\u00eau v\u00e0 \u0111\u00e1ng qu\u00fd.<\/p>\n<p>Cu\u1ed1n s\u00e1ch &#8220;R\u1eebng Xanh R\u00ec R\u00e0o&#8221; l\u00e0 s\u1ebd l\u00e0 c\u00e2y c\u1ea7u \u0111\u1ec3 k\u1ebft n\u1ed1i nh\u1eefng t\u00ecnh b\u1ea1n \u0111\u1eb9p xu\u1ea5t ph\u00e1t t\u1eeb tr\u00e1i tim nh\u01b0 th\u1ebf:<br \/>\nGi\u00fap con h\u1ecdc c\u00e1ch chia s\u1ebb ni\u1ec1m vui, san s\u1ebb n\u1ed7i bu\u1ed3n v\u1edbi b\u1ea1n b\u00e8 v\u00e0 m\u1ecdi ng\u01b0\u1eddi xung quanh;<br \/>\nTr\u00e2n tr\u1ecdng nh\u1eefng k\u00fd \u1ee9c \u0111\u1eb9p b\u00ean nh\u1eefng ng\u01b0\u1eddi b\u1ea1n t\u1ed1t;<br \/>\nTrong t\u1eebng trang s\u00e1ch c\u00f2n l\u1ed3ng gh\u00e9p b\u00e0i h\u1ecdc c\u1ea3m \u0111\u1ed9ng v\u1ec1 vi\u1ec7c g\u00ecn gi\u1eef m\u00f4i tr\u01b0\u1eddng xanh, trong l\u00e0nh c\u1ee7a s\u1ef1 s\u1ed1ng;<br \/>\n\u0110\u1eb7c bi\u1ec7t, s\u00e1ch \u0111\u01b0\u1ee3c thi\u1ebft k\u1ebf b\u00eca c\u1ee9ng, gi\u1ea5y in CMATT150 d\u00e0y d\u1eb7n, h\u00ecnh in r\u00f5 n\u00e9t, sinh \u0111\u1ed9ng, thu h\u00fat c\u00e1c b\u00e9 t\u1eeb \u00e1nh nh\u00ecn \u0111\u1ea7u ti\u00ean.<\/p>\n<p>H\u01a1n c\u1ea3 m\u1ed9t cu\u1ed1n s\u00e1ch, &#8220;R\u1eebng Xanh R\u00ec R\u00e0o&#8221; m\u1edf ra cho c\u00e1c b\u1ea1n nh\u1ecf m\u1ed9t th\u1ebf gi\u1edbi v\u00f4 c\u00f9ng th\u00fa v\u1ecb, m\u1ed7i trang s\u00e1ch \u0111\u1ec1u l\u00e0 m\u1ed9t b\u1ee9c tranh tuy\u1ec7t v\u1eddi v\u1edbi s\u1eafc m\u00e0u m\u01b0\u1ee3t m\u00e0, t\u01b0\u01a1i t\u1eafn. \u0110\u1ea3m b\u1ea3o c\u00e1c b\u1ea1n nh\u1ecf s\u1ebd kh\u00f4ng ng\u1eebng \u1ed3 l\u00ean b\u1edfi v\u1ebb \u0111\u1eb9p l\u1ed9ng l\u1eaby c\u1ee7a r\u1eebng R\u00ec R\u00e0o d\u01b0\u1edbi c\u01a1n m\u01b0a r\u00e0o hay trong n\u1eafng s\u1edbm b\u00ecnh minh .<\/p>\n<p>&#8220;R\u1eeaNG XANH R\u00cc R\u00c0O&#8221; &#8211; Cu\u1ed1n s\u00e1ch em b\u00e9 n\u00e0o c\u0169ng n\u00ean c\u00f3 cho t\u1ee7 s\u00e1ch c\u1ee7a ri\u00eang m\u00ecnh!<\/p>\n","protected":false},"excerpt":{"rendered":"<p>Cu\u1ed1n s\u00e1ch v\u1ec1 s\u1ef1 chia s\u1ebb, t\u00ecnh b\u1ea1n \u0111\u1ea7u \u0111\u1eddi c\u1ee7a con v\u00e0 h\u01a1n th\u1ebf n\u1eefa,<\/p>\n<p>\u0110\u1ec3 tr\u01b0\u1edfng th\u00e0nh, b\u1ea1n nh\u1ecf n\u00e0o c\u0169ng c\u1ea7n c\u00f3 ng\u01b0\u1eddi b\u1ea1n t\u1ed1t c\u1ee7a ri\u00eang m\u00ecnh v\u00e0 tr\u1edf th\u00e0nh ng\u01b0\u1eddi b\u1ea1n t\u1ed1t c\u1ee7a c\u00e1c b\u1ea1n nh\u1ecf kh\u00e1c. V\u1eady n\u00ean con c\u1ea7n bi\u1ebft c\u00e1ch chia s\u1ebb \u0111\u1ec3 tr\u1edf th\u00e0nh m\u1ed9t ng\u01b0\u1eddi b\u1ea1n \u0111\u00e1ng tin, \u0111\u00e1ng y\u00eau v\u00e0 \u0111\u00e1ng qu\u00fd.<\/p>\n<p>Cu\u1ed1n s\u00e1ch &#8220;R\u1eebng Xanh R\u00ec R\u00e0o&#8221; l\u00e0 s\u1ebd l\u00e0 c\u00e2y c\u1ea7u \u0111\u1ec3 k\u1ebft n\u1ed1i nh\u1eefng t\u00ecnh b\u1ea1n \u0111\u1eb9p xu\u1ea5t ph\u00e1t t\u1eeb tr\u00e1i tim nh\u01b0 th\u1ebf:<br \/>\nGi\u00fap con h\u1ecdc c\u00e1ch chia s\u1ebb ni\u1ec1m vui, san s\u1ebb n\u1ed7i bu\u1ed3n v\u1edbi b\u1ea1n b\u00e8 v\u00e0 m\u1ecdi ng\u01b0\u1eddi xung quanh;<br \/>\nTr\u00e2n tr\u1ecdng nh\u1eefng k\u00fd \u1ee9c \u0111\u1eb9p b\u00ean nh\u1eefng ng\u01b0\u1eddi b\u1ea1n t\u1ed1t;<br \/>\nTrong t\u1eebng trang s\u00e1ch c\u00f2n l\u1ed3ng gh\u00e9p b\u00e0i h\u1ecdc c\u1ea3m \u0111\u1ed9ng v\u1ec1 vi\u1ec7c g\u00ecn gi\u1eef m\u00f4i tr\u01b0\u1eddng xanh, trong l\u00e0nh c\u1ee7a s\u1ef1 s\u1ed1ng;<br \/>\n\u0110\u1eb7c bi\u1ec7t, s\u00e1ch \u0111\u01b0\u1ee3c thi\u1ebft k\u1ebf b\u00eca c\u1ee9ng, gi\u1ea5y in CMATT150 d\u00e0y d\u1eb7n, h\u00ecnh in r\u00f5 n\u00e9t, sinh \u0111\u1ed9ng, thu h\u00fat c\u00e1c b\u00e9 t\u1eeb \u00e1nh nh\u00ecn \u0111\u1ea7u ti\u00ean.<\/p>\n<p>H\u01a1n c\u1ea3 m\u1ed9t cu\u1ed1n s\u00e1ch, &#8220;R\u1eebng Xanh R\u00ec R\u00e0o&#8221; m\u1edf ra cho c\u00e1c b\u1ea1n nh\u1ecf m\u1ed9t th\u1ebf gi\u1edbi v\u00f4 c\u00f9ng th\u00fa v\u1ecb, m\u1ed7i trang s\u00e1ch \u0111\u1ec1u l\u00e0 m\u1ed9t b\u1ee9c tranh tuy\u1ec7t v\u1eddi v\u1edbi s\u1eafc m\u00e0u m\u01b0\u1ee3t m\u00e0, t\u01b0\u01a1i t\u1eafn. \u0110\u1ea3m b\u1ea3o c\u00e1c b\u1ea1n nh\u1ecf s\u1ebd kh\u00f4ng ng\u1eebng \u1ed3 l\u00ean b\u1edfi v\u1ebb \u0111\u1eb9p l\u1ed9ng l\u1eaby c\u1ee7a r\u1eebng R\u00ec R\u00e0o d\u01b0\u1edbi c\u01a1n m\u01b0a r\u00e0o hay trong n\u1eafng s\u1edbm b\u00ecnh minh .<\/p>\n<p>&#8220;R\u1eeaNG XANH R\u00cc R\u00c0O&#8221; &#8211; Cu\u1ed1n s\u00e1ch em b\u00e9 n\u00e0o c\u0169ng n\u00ean c\u00f3 cho t\u1ee7 s\u00e1ch c\u1ee7a ri\u00eang m\u00ecnh!<\/p>\n","protected":false},"featured_media":17940,"template":"","meta":{"_acf_changed":false},"product_brand":[],"product_cat":[25,17],"product_tag":[],"class_list":{"0":"post-17941","1":"product","2":"type-product","3":"status-publish","4":"has-post-thumbnail","6":"product_cat-nhi-dong-6-tuoi-12-tuoi","7":"product_cat-sach-danh-cho-cac-be","9":"first","10":"instock","11":"taxable","12":"shipping-taxable","13":"purchasable","14":"product-type-simple"},"supplier_id":null,"supplier_sku":"","barcode":null,"atum_controlled":true,"out_stock_date":null,"out_stock_threshold":null,"inheritable":false,"inbound_stock":0,"stock_on_hold":0,"sold_today":0,"sales_last_days":0,"reserved_stock":0,"customer_returns":0,"warehouse_damage":0,"lost_in_post":0,"other_logs":0,"out_stock_days":0,"lost_sales":0,"has_location":false,"update_date":"2026-01-28T23:11:01","atum_locations":[{"id":32,"name":"Helsinki","slug":"helsinki"}],"atum_stock_status":"instock","restock_status":false,"low_stock_amount":"","sales_update_date":"2026-01-28T23:11:01","calc_backorders":null,"acf":{"publisher":{"ID":15270,"post_author":"1","post_date":"2021-08-04 15:01:56","post_date_gmt":"2021-08-04 12:01:56","post_content":"","post_title":"Lionbooks","post_excerpt":"","post_status":"publish","comment_status":"closed","ping_status":"closed","post_password":"","post_name":"lionbooks","to_ping":"","pinged":"","post_modified":"2021-08-04 15:01:56","post_modified_gmt":"2021-08-04 12:01:56","post_content_filtered":"","post_parent":0,"guid":"https:\/\/sachviet.eu\/nha-phat-hanh\/lionbooks\/","menu_order":0,"post_type":"publisher","post_mime_type":"","comment_count":"0","filter":"raw"}},"_links":{"self":[{"href":"https:\/\/sachviet.eu\/en\/wp-json\/wp\/v2\/product\/17941","targetHints":{"allow":["GET"]}}],"collection":[{"href":"https:\/\/sachviet.eu\/en\/wp-json\/wp\/v2\/product"}],"about":[{"href":"https:\/\/sachviet.eu\/en\/wp-json\/wp\/v2\/types\/product"}],"wp:featuredmedia":[{"embeddable":true,"href":"https:\/\/sachviet.eu\/en\/wp-json\/wp\/v2\/media\/17940"}],"wp:attachment":[{"href":"https:\/\/sachviet.eu\/en\/wp-json\/wp\/v2\/media?parent=17941"}],"wp:term":[{"taxonomy":"product_brand","embeddable":true,"href":"https:\/\/sachviet.eu\/en\/wp-json\/wp\/v2\/product_brand?post=17941"},{"taxonomy":"product_cat","embeddable":true,"href":"https:\/\/sachviet.eu\/en\/wp-json\/wp\/v2\/product_cat?post=17941"},{"taxonomy":"product_tag","embeddable":true,"href":"https:\/\/sachviet.eu\/en\/wp-json\/wp\/v2\/product_tag?post=17941"}],"curies":[{"name":"wp","href":"https:\/\/api.w.org\/{rel}","templated":true}]}}