{"id":17939,"date":"2022-04-09T17:45:40","date_gmt":"2022-04-09T14:45:40","guid":{"rendered":"https:\/\/sachviet.eu\/shop\/nhung-bai-hoc-dau-tien-cua-be-bo-7-quyen\/"},"modified":"2022-12-19T18:18:26","modified_gmt":"2022-12-19T16:18:26","slug":"nhung-bai-hoc-dau-tien-cua-be-bo-7-quyen","status":"publish","type":"product","link":"https:\/\/sachviet.eu\/en\/shop\/nhung-bai-hoc-dau-tien-cua-be-bo-7-quyen\/","title":{"rendered":"Nh\u1eefng b\u00e0i h\u1ecdc \u0111\u1ea7u ti\u00ean c\u1ee7a b\u00e9 &#8211; B\u1ed9 7 quy\u1ec3n"},"content":{"rendered":"<p>Trong cu\u1ed9c s\u1ed1ng h\u00e0ng ng\u00e0y, c\u00f3 nh\u1eefng \u0111i\u1ec1u t\u01b0\u1edfng ch\u1eebng \u0111\u01a1n gi\u1ea3n nh\u01b0ng l\u1ea1i c\u1ea7n h\u1ecdc h\u1ecfi v\u00e0 r\u00e8n luy\u1ec7n r\u1ea5t nhi\u1ec1u, ch\u1eb3ng h\u1ea1n nh\u01b0 bi\u1ebft c\u1ed1 g\u1eafng v\u01b0\u01a1n l\u00ean, bi\u1ebft gi\u00fap \u0111\u1ee1 m\u1ecdi ng\u01b0\u1eddi, bi\u1ebft s\u1eeda l\u1ed7i khi l\u00e0m \u0111i\u1ec1u sai, hay r\u00e8n luy\u1ec7n \u0111\u1ec3 c\u00f3 th\u00f3i quen \u0103n u\u1ed1ng t\u1ed1t\u2026. V\u00e0 s\u1ebd ch\u1eb3ng bao gi\u1edd l\u00e0 s\u1edbm \u0111\u1ec3 b\u1eaft \u0111\u1ea7u nh\u1eefng b\u00e0i h\u1ecdc \u0111\u1ea7u \u0111\u1eddi n\u00e0y!<br \/>\nB\u1ed9 s\u00e1ch Nh\u1eefng b\u00e0i h\u1ecdc \u0111\u1ea7u ti\u00ean c\u1ee7a b\u00e9 v\u1edbi b\u1ea3y ch\u1ee7 \u0111\u1ec1 h\u1ea5p d\u1eabn, b\u1ed5 \u00edch, ch\u00ednh l\u00e0 \u201cc\u00f4ng c\u1ee5\u201d h\u1eefu hi\u1ec7u gi\u00fap c\u00e1c b\u00e9 ti\u1ebfp c\u1eadn v\u1edbi nh\u1eefng b\u00e0i h\u1ecdc \u0111\u01a1n gi\u1ea3n nh\u01b0ng v\u00f4 c\u00f9ng c\u1ea7n thi\u1ebft trong qu\u00e1 tr\u00ecnh tr\u01b0\u1edfng th\u00e0nh.<br \/>\nB\u1ed9 s\u00e1ch \u0111\u01b0\u1ee3c vi\u1ebft d\u01b0\u1edbi d\u1ea1ng nh\u1eefng c\u00e2u chuy\u1ec7n th\u00fa v\u1ecb k\u00e8m theo tranh minh h\u1ecda sinh \u0111\u1ed9ng, gi\u00fap c\u00e1c b\u00e9 c\u00f3 nh\u1eefng gi\u00e2y ph\u00fat v\u1eeba h\u1ecdc v\u1eeba th\u01b0 gi\u00e3n r\u1ea5t b\u1ed5 \u00edch. \u0110\u1eb7c bi\u1ec7t, \u1edf cu\u1ed1i s\u00e1ch c\u00f2n c\u00f3 b\u00e0i h\u1ecdc t\u1ed5ng k\u1ebft c\u1ee7a c\u00e1c chuy\u00ean gia nu\u00f4i tr\u1ebb gi\u00e0u kinh nghi\u1ec7m, c\u00f3 t\u00e1c d\u1ee5ng tham kh\u1ea3o r\u1ea5t t\u1ed1t d\u00e0nh cho c\u00e1c b\u1eadc ph\u1ee5 huynh<\/p>\n","protected":false},"excerpt":{"rendered":"<p>Trong cu\u1ed9c s\u1ed1ng h\u00e0ng ng\u00e0y, c\u00f3 nh\u1eefng \u0111i\u1ec1u t\u01b0\u1edfng ch\u1eebng \u0111\u01a1n gi\u1ea3n nh\u01b0ng l\u1ea1i c\u1ea7n h\u1ecdc h\u1ecfi v\u00e0 r\u00e8n luy\u1ec7n r\u1ea5t nhi\u1ec1u, ch\u1eb3ng h\u1ea1n nh\u01b0 bi\u1ebft c\u1ed1 g\u1eafng v\u01b0\u01a1n l\u00ean, bi\u1ebft gi\u00fap \u0111\u1ee1 m\u1ecdi ng\u01b0\u1eddi, bi\u1ebft s\u1eeda l\u1ed7i khi l\u00e0m \u0111i\u1ec1u sai, hay r\u00e8n luy\u1ec7n \u0111\u1ec3 c\u00f3 th\u00f3i quen \u0103n u\u1ed1ng t\u1ed1t\u2026. V\u00e0 s\u1ebd ch\u1eb3ng bao gi\u1edd l\u00e0 s\u1edbm \u0111\u1ec3 b\u1eaft \u0111\u1ea7u nh\u1eefng b\u00e0i h\u1ecdc \u0111\u1ea7u \u0111\u1eddi n\u00e0y!<br \/>\nB\u1ed9 s\u00e1ch Nh\u1eefng b\u00e0i h\u1ecdc \u0111\u1ea7u ti\u00ean c\u1ee7a b\u00e9 v\u1edbi b\u1ea3y ch\u1ee7 \u0111\u1ec1 h\u1ea5p d\u1eabn, b\u1ed5 \u00edch, ch\u00ednh l\u00e0 \u201cc\u00f4ng c\u1ee5\u201d h\u1eefu hi\u1ec7u gi\u00fap c\u00e1c b\u00e9 ti\u1ebfp c\u1eadn v\u1edbi nh\u1eefng b\u00e0i h\u1ecdc \u0111\u01a1n gi\u1ea3n nh\u01b0ng v\u00f4 c\u00f9ng c\u1ea7n thi\u1ebft trong qu\u00e1 tr\u00ecnh tr\u01b0\u1edfng th\u00e0nh.<br \/>\nB\u1ed9 s\u00e1ch \u0111\u01b0\u1ee3c vi\u1ebft d\u01b0\u1edbi d\u1ea1ng nh\u1eefng c\u00e2u chuy\u1ec7n th\u00fa v\u1ecb k\u00e8m theo tranh minh h\u1ecda sinh \u0111\u1ed9ng, gi\u00fap c\u00e1c b\u00e9 c\u00f3 nh\u1eefng gi\u00e2y ph\u00fat v\u1eeba h\u1ecdc v\u1eeba th\u01b0 gi\u00e3n r\u1ea5t b\u1ed5 \u00edch. \u0110\u1eb7c bi\u1ec7t, \u1edf cu\u1ed1i s\u00e1ch c\u00f2n c\u00f3 b\u00e0i h\u1ecdc t\u1ed5ng k\u1ebft c\u1ee7a c\u00e1c chuy\u00ean gia nu\u00f4i tr\u1ebb gi\u00e0u kinh nghi\u1ec7m, c\u00f3 t\u00e1c d\u1ee5ng tham kh\u1ea3o r\u1ea5t t\u1ed1t d\u00e0nh cho c\u00e1c b\u1eadc ph\u1ee5 huynh<\/p>\n","protected":false},"featured_media":17938,"template":"","meta":{"_acf_changed":false},"product_brand":[],"product_cat":[24,25,17],"product_tag":[],"class_list":{"0":"post-17939","1":"product","2":"type-product","3":"status-publish","4":"has-post-thumbnail","6":"product_cat-nha-tre-mau-giao-0-tuoi-6-tuoi","7":"product_cat-nhi-dong-6-tuoi-12-tuoi","8":"product_cat-sach-danh-cho-cac-be","10":"first","11":"instock","12":"taxable","13":"shipping-taxable","14":"purchasable","15":"product-type-simple"},"supplier_id":null,"supplier_sku":"","barcode":null,"atum_controlled":true,"out_stock_date":null,"out_stock_threshold":null,"inheritable":false,"inbound_stock":0,"stock_on_hold":0,"sold_today":0,"sales_last_days":0,"reserved_stock":0,"customer_returns":0,"warehouse_damage":0,"lost_in_post":0,"other_logs":0,"out_stock_days":0,"lost_sales":0,"has_location":false,"update_date":"2026-01-28T23:11:01","atum_locations":[{"id":32,"name":"Helsinki","slug":"helsinki"}],"atum_stock_status":"instock","restock_status":false,"low_stock_amount":"","sales_update_date":"2026-01-28T23:11:01","calc_backorders":null,"acf":{"publisher":{"ID":1470,"post_author":"2","post_date":"2021-02-17 01:12:47","post_date_gmt":"2021-02-16 23:12:47","post_content":"<!-- wp:flatsome\/uxbuilder -->\n<h1 style=\"text-align: center\"><strong>\u0110inh T\u1ecb<\/strong><\/h1>\n[row]\n\n[col span=\"4\" span__sm=\"12\"]\n\n[ux_image id=\"1831\" image_size=\"medium\"]\n\n\n[\/col]\n[col span=\"8\" span__sm=\"12\"]\n\n<p><strong>\u0110inh T\u1ecb Books - Ti\u00ean phong s\u00e1ng t\u1ea1o<\/strong><\/p>\n<p>Th\u00e0nh l\u1eadp n\u0103m 2006, t\u1edbi nay \u0110inh T\u1ecb Books \u0111\u01b0\u1ee3c \u0111\u00e1nh gi\u1ea3 l\u00e0 \u0111\u01a1n v\u1ecb xu\u1ea5t b\u1ea3n uy t\u00edn c\u00f3 t\u1ed1c \u0111\u1ed9 ph\u00e1t tri\u1ec3n nhanh nh\u1ea5t g\u1eafn v\u1edbi th\u00e0nh c\u00f4ng c\u1ee7a hai t\u1ee7 s\u00e1ch l\u1edbn: T\u1ee7 s\u00e1ch Thi\u1ebfu nhi - T\u1ee7 s\u00e1ch V\u0103n h\u1ecdc. Trong \u0111\u00f3 ph\u1ea3i k\u1ec3 t\u1edbi b\u01b0\u1edbc chuy\u1ec3n m\u00ecnh \u0111\u1ea7y \u1ea5n t\u01b0\u1ee3ng, tr\u1edf th\u00e0nh \u0111\u01a1n v\u1ecb ti\u00ean phong s\u00e1ng t\u1ea1o d\u00f2ng S\u00c1CH T\u01af\u01a0NG T\u00c1C thi\u1ebfu nhi. V\u1edbi h\u01a1n 300 t\u1ef1a s\u00e1ch t\u01b0\u01a1ng t\u00e1c \u0111ang l\u01b0u h\u00e0nh, \u0110inh T\u1ecb Books \u0111\u00e3 mang \u0111\u1ebfn nh\u1eefng gi\u00e1 tr\u1ecb tr\u1ea3i nghi\u1ec7m tuy\u1ec7t v\u1eddi, \u0111\u01b0a vi\u1ec7c h\u1ecdc v\u00e0 ch\u01a1i c\u00f9ng s\u00e1ch tr\u1edf n\u00ean hi\u1ec7u qu\u1ea3 h\u01a1n, gi\u00fap tr\u1ebb th\u00f4ng minh, t\u0103ng tr\u01b0\u1edfng c\u00e1c ch\u1ec9 s\u1ed1 IQ, EQ.<\/p>\n<p><strong>Th\u1ebf m\u1ea1nh c\u1ee7a \u0110inh T\u1ecb Books<\/strong><\/p>\n<p>V\u1edbi kinh nghi\u1ec7m nhi\u1ec1u n\u0103m trong ng\u00e0nh xu\u1ea5t b\u1ea3n, \u0110inh T\u1ecb Books tin r\u1eb1ng c\u00e1c b\u1eadc cha m\u1eb9 lu\u00f4n d\u00e0nh nh\u1eefng \u0111i\u1ec1u t\u1ed1t \u0111\u1eb9p nh\u1ea5t cho c\u00e1c con c\u1ee7a m\u00ecnh. \u0110\u1ecdc s\u00e1ch c\u00f9ng con lu\u00f4n l\u00e0 l\u1ef1a ch\u1ecdn h\u00e0ng \u0111\u1ea7u gi\u00fap g\u1eafn k\u1ebft t\u00ecnh y\u00eau th\u01b0\u01a1ng \u0111\u1ed3ng th\u1eddi gi\u00fap con nu\u00f4i d\u01b0\u1ee1ng ni\u1ec1m \u0111am m\u00ea v\u1edbi s\u00e1ch.<\/p>\n\n[\/col]\n\n[\/row]\n<p><strong>T\u00ecnh y\u00eau l\u1edbn d\u00e0nh cho nh\u1eefng cu\u1ed1n s\u00e1ch.<\/strong><\/p>\n<p>Xu\u1ea5t ph\u00e1t t\u1eeb t\u00ecnh y\u00eau v\u1edbi nh\u1eefng cu\u1ed1n s\u00e1ch, l\u00f2ng t\u1eadn t\u00e2m mu\u1ed1n g\u00ecn gi\u1eef nh\u1eefng gi\u00e1 tr\u1ecb v\u0103n h\u00f3a truy\u1ec1n th\u1ed1ng c\u1ee7a Vi\u1ec7t Nam, mong mu\u1ed1n \u0111\u01b0a nh\u1eefng gi\u00e1 tr\u1ecb \u0111\u1eadm ch\u1ea5t Vi\u1ec7t Nam \u0111\u1ebfn v\u1edbi tr\u1ebb em Vi\u1ec7t, c\u00e1c th\u00e0nh vi\u00ean s\u00e1ng t\u1ea1o c\u1ee7a \u0110inh T\u1ecb Books \u0111\u00e3 kh\u00f4ng ng\u1eebng n\u1ed7 l\u1ef1c, t\u00ecm t\u00f2i v\u00e0 h\u1ecdc h\u1ecfi, \u0111\u1ec3 \u0111\u01b0a nh\u1eefng cu\u1ed1n s\u00e1ch \u201c100% made in Vietnam\u201d \u0111\u1ebfn v\u1edbi tr\u1ebb em Vi\u1ec7t. C\u00e1c ki\u1ebfn th\u1ee9c b\u1ed5 \u00edch \u0111\u01b0\u1ee3c truy\u1ec1n t\u1ea3i th\u00f4ng qua nh\u1eefng t\u01b0\u01a1ng t\u00e1c th\u00fa v\u1ecb gi\u00fap tr\u1ebb nh\u1edb l\u00e2u h\u01a1n, h\u1ecdc t\u1ed1t h\u01a1n.<\/p>\n<p>Nh\u1eadn ra \u0111\u01b0\u1ee3c s\u1ee9 m\u1ec7nh v\u00e0 t\u1ea7m nh\u00ecn c\u1ee7a \u0110inh T\u1ecb, <strong>SACHVIET.EU<\/strong> \u0111\u00e3 li\u00ean l\u1ea1c v\u1edbi \u0110inh T\u1ecb \u0111\u1ec3 \u0111\u01b0\u1ee3c h\u1ed7 tr\u1ee3 \u0111\u01b0a nh\u1eefng cu\u1ed1n s\u00e1ch mang gi\u00e1 tr\u1ecb \u0111\u1eadm ch\u1ea5t Vi\u1ec7t Nam \u0111\u1ebfn v\u1edbi tr\u1ebb em Vi\u1ec7t v\u00e0 c\u1ed9ng \u0111\u1ed3ng Vi\u1ec7t s\u1ed1ng t\u1ea1i Ch\u00e2u \u00c2u. SACHVIET.EU \u0111\u1eb7t l\u00f2ng tin \u1edf \u0110inh T\u1ecb s\u1ebd lu\u00f4n \u0111em \u0111\u1ebfn nh\u1eefng gi\u00e1 tr\u1ecb cao qua t\u1eebng trang s\u00e1ch v\u00e0 hy v\u1ecdng \u0111\u1ed9c gi\u1ea3 s\u1ebd lu\u00f4n h\u00e0i l\u00f2ng v\u1edbi ch\u1ea5t l\u01b0\u1ee3ng m\u00e0 \u0110inh T\u1ecb theo \u0111u\u1ed5i bao n\u0103m qua.<\/p>\n\n<!-- \/wp:flatsome\/uxbuilder -->","post_title":"\u0110inh T\u1ecb","post_excerpt":"","post_status":"publish","comment_status":"closed","ping_status":"closed","post_password":"","post_name":"dinh-ti","to_ping":"","pinged":"","post_modified":"2022-12-19 23:15:43","post_modified_gmt":"2022-12-19 21:15:43","post_content_filtered":"","post_parent":0,"guid":"https:\/\/sachviet.eu\/nha-phat-hanh\/dinh-ti\/","menu_order":0,"post_type":"publisher","post_mime_type":"","comment_count":"0","filter":"raw"}},"_links":{"self":[{"href":"https:\/\/sachviet.eu\/en\/wp-json\/wp\/v2\/product\/17939","targetHints":{"allow":["GET"]}}],"collection":[{"href":"https:\/\/sachviet.eu\/en\/wp-json\/wp\/v2\/product"}],"about":[{"href":"https:\/\/sachviet.eu\/en\/wp-json\/wp\/v2\/types\/product"}],"wp:featuredmedia":[{"embeddable":true,"href":"https:\/\/sachviet.eu\/en\/wp-json\/wp\/v2\/media\/17938"}],"wp:attachment":[{"href":"https:\/\/sachviet.eu\/en\/wp-json\/wp\/v2\/media?parent=17939"}],"wp:term":[{"taxonomy":"product_brand","embeddable":true,"href":"https:\/\/sachviet.eu\/en\/wp-json\/wp\/v2\/product_brand?post=17939"},{"taxonomy":"product_cat","embeddable":true,"href":"https:\/\/sachviet.eu\/en\/wp-json\/wp\/v2\/product_cat?post=17939"},{"taxonomy":"product_tag","embeddable":true,"href":"https:\/\/sachviet.eu\/en\/wp-json\/wp\/v2\/product_tag?post=17939"}],"curies":[{"name":"wp","href":"https:\/\/api.w.org\/{rel}","templated":true}]}}