{"id":17932,"date":"2022-04-09T17:45:21","date_gmt":"2022-04-09T14:45:21","guid":{"rendered":"https:\/\/sachviet.eu\/shop\/san-choi-tri-tue-5-phut-ren-luyen-tri-nao-bo-4-quyen\/"},"modified":"2022-12-19T18:18:44","modified_gmt":"2022-12-19T16:18:44","slug":"san-choi-tri-tue-5-phut-ren-luyen-tri-nao-bo-4-quyen","status":"publish","type":"product","link":"https:\/\/sachviet.eu\/en\/shop\/san-choi-tri-tue-5-phut-ren-luyen-tri-nao-bo-4-quyen\/","title":{"rendered":"S\u00e2n ch\u01a1i tr\u00ed tu\u1ec7 &#8211; 5 ph\u00fat r\u00e8n luy\u1ec7n tr\u00ed n\u00e3o &#8211; B\u1ed9 4 quy\u1ec3n"},"content":{"rendered":"<p>H\u1ecdc m\u00e0 ch\u01a1i, ch\u01a1i m\u00e0 h\u1ecdc t\u01b0\u1edfng n\u1eb7ng n\u1ec1, nh\u01b0ng vi\u1ec7c r\u00e8n luy\u1ec7n tr\u00ed n\u00e3o th\u00f4ng qua b\u1ed9 s\u00e1ch \u201cS\u00c2N CH\u01a0I TR\u00cd TU\u1ec6 \u2013 5 PH\u00daT R\u00c8N LUY\u1ec6N TR\u00cd N\u00c3O\u201d l\u1ea1i c\u1ef1c k\u1ef3 vui v\u1ebb v\u00e0 \u0111\u01a1n gi\u1ea3n, \u0111em l\u1ea1i ni\u1ec1m vui th\u00edch trong h\u1ecdc t\u1eadp cho c\u00e1c b\u00e9.<\/p>\n<p>V\u1edbi n\u1ed9i dung l\u00e0 nh\u1eefng c\u00e2u h\u1ecfi k\u00edch th\u00edch tr\u00ed n\u00e3o, gi\u00fap c\u00e1c b\u00e9 r\u00e8n kh\u1ea3 n\u0103ng quan s\u00e1t, kh\u1ea3 n\u0103ng ng\u00f4n ng\u1eef, kh\u1ea3 n\u0103ng h\u1ecdc to\u00e1n, kh\u1ea3 n\u0103ng ph\u00e2n t\u00edch ph\u00e1n \u0111o\u00e1n, suy lu\u1eadn, nh\u1eadn bi\u1ebft m\u00e0u s\u1eafc; nh\u1eefng b\u00e0i t\u1eadp gi\u00fap tr\u1ebb x\u00e2y d\u1ef1ng v\u00e0 r\u00e8n luy\u1ec7n m\u1ed9t s\u1ed1 k\u1ef9 n\u0103ng nh\u01b0 c\u1ea7m b\u00fat, k\u1ef9 n\u0103ng sinh ho\u1ea1t, s\u1ef1 kh\u00e9o l\u00e9o, t\u00ednh ch\u00ednh x\u00e1c v\u00e0 s\u1ef1 ki\u00ean tr\u00ec\u2026<\/p>\n<p>C\u00f3 b\u1ed9 s\u00e1ch \u201cS\u00c2N CH\u01a0I TR\u00cd TU\u1ec6- 5 PH\u00daT R\u00c8N LUY\u1ec6N TR\u00cd N\u00c3O\u201d b\u00e9 s\u1ebd \u0111\u01b0\u1ee3c th\u1eed th\u00e1ch v\u1edbi c\u00e1c tr\u00f2 ch\u01a1i th\u00fa v\u1ecb nh\u01b0:  \u0111\u1ed1 b\u00e9 t\u00ecm ng\u01b0\u1eddi, t\u00ecm \u0111\u1ed3 v\u1eadt c\u1ea5t gi\u1ea5u, n\u1ed1i h\u00ecnh cho nh\u1eefng s\u1ef1 v\u1eadt hi\u1ec7n t\u01b0\u1ee3ng c\u00f3 li\u00ean quan, nh\u1eadn bi\u1ebft gi\u1edbi t\u00ednh, l\u00e0m quen v\u1edbi \u0111\u1ed9ng th\u1ef1c v\u1eadt, nh\u1eadn bi\u1ebft h\u00ecnh d\u1ea1ng, m\u00e0u s\u1eafc, l\u00e0m quen v\u1edbi rau c\u1ee7, s\u1ed1 \u0111\u1ebfm\u2026<\/p>\n<p>4 cu\u1ed1n v\u1edbi 4 m\u00e0u s\u1eafc kh\u00e1c nhau, ch\u1ee7 \u0111\u1ec1 \u0111a d\u1ea1ng, minh h\u1ecda \u0111\u1eb9p m\u1eaft. Ch\u1ec9 c\u1ea7n m\u1ed9t chi\u1ebfc b\u00fat ch\u00ec c\u00f9ng v\u1edbi h\u01b0\u1edbng d\u1eabn c\u1ee7a cha m\u1eb9, b\u00e9 s\u1ebd cu\u1ed1n h\u00fat v\u00e0o c\u00e1c tr\u00f2 ch\u01a1i, ch\u01a1i cu\u1ed1n m\u1ed9t l\u1ea1i mu\u1ed1n ti\u1ebfp t\u1ee5c v\u1edbi cu\u1ed1n hai v\u00e0 ti\u1ebfp theo n\u1eefa.<\/p>\n<p>B\u1ed9 s\u00e1ch ch\u1eafc ch\u1eafn s\u1ebd khi\u1ebfn m\u1ecdi em b\u00e9 y\u00eau th\u00edch v\u00e0 cha m\u1eb9 c\u0169ng r\u1ea5t h\u00e0i l\u00f2ng.<\/p>\n<p>\u201cS\u00c2N CH\u01a0I TR\u00cd TU\u1ec6- 5 PH\u00daT R\u00c8N LUY\u1ec6N TR\u00cd N\u00c3O\u201d \u2013 s\u1ef1 l\u1ef1a ch\u1ecdn tuy\u1ec7t v\u1eddi cho tr\u1ebb trong \u0111\u1ed9 tu\u1ed5i t\u1eeb 2 \u0111\u1ebfn 6.<\/p>\n","protected":false},"excerpt":{"rendered":"<p>H\u1ecdc m\u00e0 ch\u01a1i, ch\u01a1i m\u00e0 h\u1ecdc t\u01b0\u1edfng n\u1eb7ng n\u1ec1, nh\u01b0ng vi\u1ec7c r\u00e8n luy\u1ec7n tr\u00ed n\u00e3o th\u00f4ng qua b\u1ed9 s\u00e1ch \u201cS\u00c2N CH\u01a0I TR\u00cd TU\u1ec6 \u2013 5 PH\u00daT R\u00c8N LUY\u1ec6N TR\u00cd N\u00c3O\u201d l\u1ea1i c\u1ef1c k\u1ef3 vui v\u1ebb v\u00e0 \u0111\u01a1n gi\u1ea3n, \u0111em l\u1ea1i ni\u1ec1m vui th\u00edch trong h\u1ecdc t\u1eadp cho c\u00e1c b\u00e9.<\/p>\n<p>V\u1edbi n\u1ed9i dung l\u00e0 nh\u1eefng c\u00e2u h\u1ecfi k\u00edch th\u00edch tr\u00ed n\u00e3o, gi\u00fap c\u00e1c b\u00e9 r\u00e8n kh\u1ea3 n\u0103ng quan s\u00e1t, kh\u1ea3 n\u0103ng ng\u00f4n ng\u1eef, kh\u1ea3 n\u0103ng h\u1ecdc to\u00e1n, kh\u1ea3 n\u0103ng ph\u00e2n t\u00edch ph\u00e1n \u0111o\u00e1n, suy lu\u1eadn, nh\u1eadn bi\u1ebft m\u00e0u s\u1eafc; nh\u1eefng b\u00e0i t\u1eadp gi\u00fap tr\u1ebb x\u00e2y d\u1ef1ng v\u00e0 r\u00e8n luy\u1ec7n m\u1ed9t s\u1ed1 k\u1ef9 n\u0103ng nh\u01b0 c\u1ea7m b\u00fat, k\u1ef9 n\u0103ng sinh ho\u1ea1t, s\u1ef1 kh\u00e9o l\u00e9o, t\u00ednh ch\u00ednh x\u00e1c v\u00e0 s\u1ef1 ki\u00ean tr\u00ec\u2026<\/p>\n<p>C\u00f3 b\u1ed9 s\u00e1ch \u201cS\u00c2N CH\u01a0I TR\u00cd TU\u1ec6- 5 PH\u00daT R\u00c8N LUY\u1ec6N TR\u00cd N\u00c3O\u201d b\u00e9 s\u1ebd \u0111\u01b0\u1ee3c th\u1eed th\u00e1ch v\u1edbi c\u00e1c tr\u00f2 ch\u01a1i th\u00fa v\u1ecb nh\u01b0:  \u0111\u1ed1 b\u00e9 t\u00ecm ng\u01b0\u1eddi, t\u00ecm \u0111\u1ed3 v\u1eadt c\u1ea5t gi\u1ea5u, n\u1ed1i h\u00ecnh cho nh\u1eefng s\u1ef1 v\u1eadt hi\u1ec7n t\u01b0\u1ee3ng c\u00f3 li\u00ean quan, nh\u1eadn bi\u1ebft gi\u1edbi t\u00ednh, l\u00e0m quen v\u1edbi \u0111\u1ed9ng th\u1ef1c v\u1eadt, nh\u1eadn bi\u1ebft h\u00ecnh d\u1ea1ng, m\u00e0u s\u1eafc, l\u00e0m quen v\u1edbi rau c\u1ee7, s\u1ed1 \u0111\u1ebfm\u2026<\/p>\n<p>4 cu\u1ed1n v\u1edbi 4 m\u00e0u s\u1eafc kh\u00e1c nhau, ch\u1ee7 \u0111\u1ec1 \u0111a d\u1ea1ng, minh h\u1ecda \u0111\u1eb9p m\u1eaft. Ch\u1ec9 c\u1ea7n m\u1ed9t chi\u1ebfc b\u00fat ch\u00ec c\u00f9ng v\u1edbi h\u01b0\u1edbng d\u1eabn c\u1ee7a cha m\u1eb9, b\u00e9 s\u1ebd cu\u1ed1n h\u00fat v\u00e0o c\u00e1c tr\u00f2 ch\u01a1i, ch\u01a1i cu\u1ed1n m\u1ed9t l\u1ea1i mu\u1ed1n ti\u1ebfp t\u1ee5c v\u1edbi cu\u1ed1n hai v\u00e0 ti\u1ebfp theo n\u1eefa.<\/p>\n<p>B\u1ed9 s\u00e1ch ch\u1eafc ch\u1eafn s\u1ebd khi\u1ebfn m\u1ecdi em b\u00e9 y\u00eau th\u00edch v\u00e0 cha m\u1eb9 c\u0169ng r\u1ea5t h\u00e0i l\u00f2ng.<\/p>\n<p>\u201cS\u00c2N CH\u01a0I TR\u00cd TU\u1ec6- 5 PH\u00daT R\u00c8N LUY\u1ec6N TR\u00cd N\u00c3O\u201d \u2013 s\u1ef1 l\u1ef1a ch\u1ecdn tuy\u1ec7t v\u1eddi cho tr\u1ebb trong \u0111\u1ed9 tu\u1ed5i t\u1eeb 2 \u0111\u1ebfn 6.<\/p>\n","protected":false},"featured_media":17931,"template":"","meta":{"_acf_changed":false},"product_brand":[],"product_cat":[20],"product_tag":[],"class_list":{"0":"post-17932","1":"product","2":"type-product","3":"status-publish","4":"has-post-thumbnail","6":"product_cat-be-vua-hoc-vua-choi","8":"first","9":"outofstock","10":"taxable","11":"shipping-taxable","12":"purchasable","13":"product-type-simple"},"supplier_id":null,"supplier_sku":"","barcode":null,"atum_controlled":true,"out_stock_date":"2022-12-19 12:58:44","out_stock_threshold":null,"inheritable":false,"inbound_stock":0,"stock_on_hold":0,"sold_today":0,"sales_last_days":0,"reserved_stock":0,"customer_returns":0,"warehouse_damage":0,"lost_in_post":0,"other_logs":0,"out_stock_days":1136,"lost_sales":0,"has_location":false,"update_date":"2026-01-28T23:11:01","atum_locations":[{"id":32,"name":"Helsinki","slug":"helsinki"}],"atum_stock_status":"outofstock","restock_status":false,"low_stock_amount":"","sales_update_date":"2026-01-28T23:11:01","calc_backorders":null,"acf":{"publisher":{"ID":16394,"post_author":"1","post_date":"2021-12-26 17:28:32","post_date_gmt":"2021-12-26 15:28:32","post_content":"","post_title":"Pingbooks","post_excerpt":"","post_status":"publish","comment_status":"closed","ping_status":"closed","post_password":"","post_name":"pingbooks","to_ping":"","pinged":"","post_modified":"2021-12-26 17:28:32","post_modified_gmt":"2021-12-26 15:28:32","post_content_filtered":"","post_parent":0,"guid":"https:\/\/sachviet.eu\/nha-phat-hanh\/pingbooks\/","menu_order":0,"post_type":"publisher","post_mime_type":"","comment_count":"0","filter":"raw"}},"_links":{"self":[{"href":"https:\/\/sachviet.eu\/en\/wp-json\/wp\/v2\/product\/17932","targetHints":{"allow":["GET"]}}],"collection":[{"href":"https:\/\/sachviet.eu\/en\/wp-json\/wp\/v2\/product"}],"about":[{"href":"https:\/\/sachviet.eu\/en\/wp-json\/wp\/v2\/types\/product"}],"wp:featuredmedia":[{"embeddable":true,"href":"https:\/\/sachviet.eu\/en\/wp-json\/wp\/v2\/media\/17931"}],"wp:attachment":[{"href":"https:\/\/sachviet.eu\/en\/wp-json\/wp\/v2\/media?parent=17932"}],"wp:term":[{"taxonomy":"product_brand","embeddable":true,"href":"https:\/\/sachviet.eu\/en\/wp-json\/wp\/v2\/product_brand?post=17932"},{"taxonomy":"product_cat","embeddable":true,"href":"https:\/\/sachviet.eu\/en\/wp-json\/wp\/v2\/product_cat?post=17932"},{"taxonomy":"product_tag","embeddable":true,"href":"https:\/\/sachviet.eu\/en\/wp-json\/wp\/v2\/product_tag?post=17932"}],"curies":[{"name":"wp","href":"https:\/\/api.w.org\/{rel}","templated":true}]}}