{"id":17930,"date":"2022-04-09T17:45:15","date_gmt":"2022-04-09T14:45:15","guid":{"rendered":"https:\/\/sachviet.eu\/shop\/thi-tran-meo-tap-7-2\/"},"modified":"2022-12-19T18:18:49","modified_gmt":"2022-12-19T16:18:49","slug":"thi-tran-meo-tap-7-2","status":"publish","type":"product","link":"https:\/\/sachviet.eu\/en\/shop\/thi-tran-meo-tap-7-2\/","title":{"rendered":"Th\u1ecb Tr\u1ea5n M\u00e8o &#8211; T\u1eadp 7"},"content":{"rendered":"<p>\u00d4ng Daikichi l\u1ea7n gi\u1edf t\u1eebng trang cu\u1ed1n album c\u0169 ng\u1ee7 qu\u00ean b\u1ea5y l\u00e2u trong h\u1ed9c t\u1ee7. Trong cu\u1ed1n album \u0111ong \u0111\u1ea7y bao k\u00ed \u1ee9c \u0111\u1ea7y ho\u00e0i ni\u1ec7m v\u1ec1 chi\u1ebfc \u201cx\u1ebf c\u01b0ng\u201d Subaru 360, th\u1ea7y \u201cTakayan\u201d \u0111\u00e1ng k\u00ednh \u1edf tr\u01b0\u1eddng c\u1ea5p m\u1ed9t v\u00e0 nh\u1eefng b\u1ee9c \u1ea3nh c\u1ee7a Tsuyoshi khi c\u00f2n nh\u1ecf.<\/p>\n<p>V\u00e0 r\u1ed3i, \u00f4ng Daikichi t\u00ecm th\u1ea5y c\u1ea3 t\u1ea5m h\u00ecnh \u00f4ng c\u00f9ng v\u1ee3 m\u00ecnh l\u00e0 b\u00e0 Yoshie v\u1edbi Tama ch\u1ee5p ngay tr\u01b0\u1edbc khi b\u00e0 m\u1ea5t.<\/p>\n<p>Qua t\u1eebng b\u1ee9c \u1ea3nh, v\u00f4 v\u00e0n k\u1ec9 ni\u1ec7m v\u00e0 k\u00ed \u1ee9c v\u1ec1 nh\u1eefng ng\u01b0\u1eddi th\u00e2n y\u00eau c\u1ee9 l\u1ea7n l\u01b0\u1ee3t \u00f9a v\u1ec1. TH\u1eca TR\u1ea4N M\u00c8O xin ti\u1ebfp t\u1ee5c g\u1eedi t\u1edbi b\u1ea1n \u0111\u1ecdc nh\u1eefng h\u00ecnh \u1ea3nh v\u1ec1 cu\u1ed9c s\u1ed1ng th\u01b0\u1eddng ng\u00e0y th\u01b0\u01a1ng m\u1ebfn \u0111i\u1ec3m t\u00f4 s\u1eafc m\u00e0u c\u1ee7a b\u1ed1n m\u00f9a xu\u00e2n, h\u1ea1, thu, \u0111\u00f4ng.<\/p>\n<p>Th\u1ecb tr\u1ea5n m\u00e8o \u00eam \u0111\u1ec1m n\u1eb1m b\u00ean b\u1edd bi\u1ec3n, l\u00e0 ng\u00f4i nh\u00e0 chung c\u1ee7a c\u00e1c \u00f4ng b\u00e0 gi\u00e0 c\u1ea3 v\u00e0 nh\u1eefng ch\u00fa m\u00e8o. Trong \u0111\u00f3 c\u00f3 \u00f4ng l\u00e3o Daikichi v\u00e0 ch\u00fa m\u00e8o Tama. Ng\u01b0\u1eddi v\u00e0 m\u00e8o ng\u00e0y ng\u00e0y qu\u1ea5n qu\u00fdt, b\u1ea7u b\u1ea1n b\u00ean nhau, tr\u1ea3i qua b\u1ed1n m\u00f9a xu\u00e2n &#8211; h\u1ea1 &#8211; thu &#8211; \u0111\u00f4ng, t\u1edbi khi c\u00f9ng b\u1ea1c m\u00e1i \u0111\u1ea7u.<br \/>\nTranh truy\u1ec7n m\u00e0u TH\u1eca TR\u1ea4N M\u00c8O ra m\u1eaft T\u1eadp 7 &#8211; M\u1ed7i cu\u1ed1n t\u1eb7ng k\u00e8m 01 postcard xinh x\u1eafn.<\/p>\n","protected":false},"excerpt":{"rendered":"<p>\u00d4ng Daikichi l\u1ea7n gi\u1edf t\u1eebng trang cu\u1ed1n album c\u0169 ng\u1ee7 qu\u00ean b\u1ea5y l\u00e2u trong h\u1ed9c t\u1ee7. Trong cu\u1ed1n album \u0111ong \u0111\u1ea7y bao k\u00ed \u1ee9c \u0111\u1ea7y ho\u00e0i ni\u1ec7m v\u1ec1 chi\u1ebfc \u201cx\u1ebf c\u01b0ng\u201d Subaru 360, th\u1ea7y \u201cTakayan\u201d \u0111\u00e1ng k\u00ednh \u1edf tr\u01b0\u1eddng c\u1ea5p m\u1ed9t v\u00e0 nh\u1eefng b\u1ee9c \u1ea3nh c\u1ee7a Tsuyoshi khi c\u00f2n nh\u1ecf.<\/p>\n<p>V\u00e0 r\u1ed3i, \u00f4ng Daikichi t\u00ecm th\u1ea5y c\u1ea3 t\u1ea5m h\u00ecnh \u00f4ng c\u00f9ng v\u1ee3 m\u00ecnh l\u00e0 b\u00e0 Yoshie v\u1edbi Tama ch\u1ee5p ngay tr\u01b0\u1edbc khi b\u00e0 m\u1ea5t.<\/p>\n<p>Qua t\u1eebng b\u1ee9c \u1ea3nh, v\u00f4 v\u00e0n k\u1ec9 ni\u1ec7m v\u00e0 k\u00ed \u1ee9c v\u1ec1 nh\u1eefng ng\u01b0\u1eddi th\u00e2n y\u00eau c\u1ee9 l\u1ea7n l\u01b0\u1ee3t \u00f9a v\u1ec1. TH\u1eca TR\u1ea4N M\u00c8O xin ti\u1ebfp t\u1ee5c g\u1eedi t\u1edbi b\u1ea1n \u0111\u1ecdc nh\u1eefng h\u00ecnh \u1ea3nh v\u1ec1 cu\u1ed9c s\u1ed1ng th\u01b0\u1eddng ng\u00e0y th\u01b0\u01a1ng m\u1ebfn \u0111i\u1ec3m t\u00f4 s\u1eafc m\u00e0u c\u1ee7a b\u1ed1n m\u00f9a xu\u00e2n, h\u1ea1, thu, \u0111\u00f4ng.<\/p>\n<p>Th\u1ecb tr\u1ea5n m\u00e8o \u00eam \u0111\u1ec1m n\u1eb1m b\u00ean b\u1edd bi\u1ec3n, l\u00e0 ng\u00f4i nh\u00e0 chung c\u1ee7a c\u00e1c \u00f4ng b\u00e0 gi\u00e0 c\u1ea3 v\u00e0 nh\u1eefng ch\u00fa m\u00e8o. Trong \u0111\u00f3 c\u00f3 \u00f4ng l\u00e3o Daikichi v\u00e0 ch\u00fa m\u00e8o Tama. Ng\u01b0\u1eddi v\u00e0 m\u00e8o ng\u00e0y ng\u00e0y qu\u1ea5n qu\u00fdt, b\u1ea7u b\u1ea1n b\u00ean nhau, tr\u1ea3i qua b\u1ed1n m\u00f9a xu\u00e2n &#8211; h\u1ea1 &#8211; thu &#8211; \u0111\u00f4ng, t\u1edbi khi c\u00f9ng b\u1ea1c m\u00e1i \u0111\u1ea7u.<br \/>\nTranh truy\u1ec7n m\u00e0u TH\u1eca TR\u1ea4N M\u00c8O ra m\u1eaft T\u1eadp 7 &#8211; M\u1ed7i cu\u1ed1n t\u1eb7ng k\u00e8m 01 postcard xinh x\u1eafn.<\/p>\n","protected":false},"featured_media":17929,"template":"","meta":{"_acf_changed":false},"product_brand":[],"product_cat":[29],"product_tag":[],"class_list":{"0":"post-17930","1":"product","2":"type-product","3":"status-publish","4":"has-post-thumbnail","6":"product_cat-manga-comics","8":"first","9":"outofstock","10":"taxable","11":"shipping-taxable","12":"purchasable","13":"product-type-simple"},"supplier_id":null,"supplier_sku":"","barcode":null,"atum_controlled":true,"out_stock_date":"2022-12-19 12:58:44","out_stock_threshold":null,"inheritable":false,"inbound_stock":0,"stock_on_hold":0,"sold_today":0,"sales_last_days":0,"reserved_stock":0,"customer_returns":0,"warehouse_damage":0,"lost_in_post":0,"other_logs":0,"out_stock_days":1136,"lost_sales":0,"has_location":false,"update_date":"2026-01-28T23:11:01","atum_locations":[{"id":32,"name":"Helsinki","slug":"helsinki"}],"atum_stock_status":"outofstock","restock_status":false,"low_stock_amount":"","sales_update_date":"2026-01-28T23:11:01","calc_backorders":null,"acf":{"publisher":{"ID":1454,"post_author":"1","post_date":"2021-02-17 01:11:34","post_date_gmt":"2021-02-16 23:11:34","post_content":"<!-- wp:flatsome\/uxbuilder -->\n<h1 style=\"text-align: center;\"><strong>Kim \u0110\u1ed3ng<\/strong><\/h1>\n[row]\n\n[col span=\"3\" span__sm=\"12\"]\n\n[ux_image id=\"1534\" image_size=\"medium\"]\n\n\n[\/col]\n[col span=\"9\" span__sm=\"12\"]\n\n<p>Nh\u00e0 xu\u1ea5t b\u1ea3n Kim \u0110\u1ed3ng tr\u1ef1c thu\u1ed9c Trung \u01b0\u01a1ng \u0110o\u00e0n TNCS H\u1ed3 Ch\u00ed Minh l\u00e0 Nh\u00e0 xu\u1ea5t b\u1ea3n t\u1ed5ng h\u1ee3p c\u00f3 ch\u1ee9c n\u0103ng xu\u1ea5t b\u1ea3n s\u00e1ch v\u00e0 v\u0103n h\u00f3a ph\u1ea9m ph\u1ee5c v\u1ee5 thi\u1ebfu nhi v\u00e0 c\u00e1c b\u1eadc ph\u1ee5 huynh trong c\u1ea3 n\u01b0\u1edbc, qu\u1ea3ng b\u00e1 v\u00e0 gi\u1edbi thi\u1ec7u v\u0103n h\u00f3a Vi\u1ec7t Nam ra th\u1ebf gi\u1edbi.<br \/>Nh\u00e0 xu\u1ea5t b\u1ea3n c\u00f3 nhi\u1ec7m v\u1ee5 t\u1ed5 ch\u1ee9c b\u1ea3n th\u1ea3o, bi\u00ean so\u1ea1n, bi\u00ean d\u1ecbch, xu\u1ea5t b\u1ea3n v\u00e0 ph\u00e1t h\u00e0nh c\u00e1c xu\u1ea5t b\u1ea3n ph\u1ea9m c\u00f3 n\u1ed9i dung: gi\u00e1o d\u1ee5c truy\u1ec1n th\u1ed1ng d\u00e2n t\u1ed9c, gi\u00e1o d\u1ee5c v\u1ec1 tri th\u1ee9c, ki\u1ebfn th\u1ee9c\u2026 tr\u00ean c\u00e1c l\u0129nh v\u1ef1c v\u0103n h\u1ecdc, ngh\u1ec7 thu\u1eadt, khoa h\u1ecdc k\u1ef9 thu\u1eadt nh\u1eb1m cung c\u1ea5p cho c\u00e1c em thi\u1ebfu nhi c\u0169ng nh\u01b0 c\u00e1c b\u1eadc ph\u1ee5 huynh c\u00e1c ki\u1ebfn th\u1ee9c c\u1ea7n thi\u1ebft trong cu\u1ed9c s\u1ed1ng, nh\u1eefng tinh hoa c\u1ee7a tri th\u1ee9c nh\u00e2n lo\u1ea1i nh\u1eb1m g\u00f3p ph\u1ea7n gi\u00e1o d\u1ee5c v\u00e0 h\u00ecnh th\u00e0nh nh\u00e2n c\u00e1ch th\u1ebf h\u1ec7 tr\u1ebb.<br \/>\u0110\u1ed1i t\u01b0\u1ee3ng ph\u1ee5c v\u1ee5 c\u1ee7a Nh\u00e0 xu\u1ea5t b\u1ea3n l\u00e0 c\u00e1c em t\u1eeb tu\u1ed5i nh\u00e0 tr\u1ebb m\u1eabu gi\u00e1o (1 \u0111\u1ebfn 5 tu\u1ed5i), nhi \u0111\u1ed3ng (6 \u0111\u1ebfn 9 tu\u1ed5i), thi\u1ebfu ni\u00ean (10 \u0111\u1ebfn 15 tu\u1ed5i) \u0111\u1ebfn c\u00e1c em tu\u1ed5i m\u1edbi l\u1edbn (16 \u0111\u1ebfn 18 tu\u1ed5i) v\u00e0 c\u00e1c b\u1eadc ph\u1ee5 huynh.<\/p>\n\n[\/col]\n\n[\/row]\n\n<!-- \/wp:flatsome\/uxbuilder -->","post_title":"Kim \u0110\u1ed3ng","post_excerpt":"","post_status":"publish","comment_status":"closed","ping_status":"closed","post_password":"","post_name":"kim-dong","to_ping":"","pinged":"","post_modified":"2021-02-17 01:31:56","post_modified_gmt":"2021-02-16 23:31:56","post_content_filtered":"","post_parent":0,"guid":"https:\/\/sachviet.eu\/nha-phat-hanh\/kim-dong\/","menu_order":0,"post_type":"publisher","post_mime_type":"","comment_count":"0","filter":"raw"}},"_links":{"self":[{"href":"https:\/\/sachviet.eu\/en\/wp-json\/wp\/v2\/product\/17930","targetHints":{"allow":["GET"]}}],"collection":[{"href":"https:\/\/sachviet.eu\/en\/wp-json\/wp\/v2\/product"}],"about":[{"href":"https:\/\/sachviet.eu\/en\/wp-json\/wp\/v2\/types\/product"}],"wp:featuredmedia":[{"embeddable":true,"href":"https:\/\/sachviet.eu\/en\/wp-json\/wp\/v2\/media\/17929"}],"wp:attachment":[{"href":"https:\/\/sachviet.eu\/en\/wp-json\/wp\/v2\/media?parent=17930"}],"wp:term":[{"taxonomy":"product_brand","embeddable":true,"href":"https:\/\/sachviet.eu\/en\/wp-json\/wp\/v2\/product_brand?post=17930"},{"taxonomy":"product_cat","embeddable":true,"href":"https:\/\/sachviet.eu\/en\/wp-json\/wp\/v2\/product_cat?post=17930"},{"taxonomy":"product_tag","embeddable":true,"href":"https:\/\/sachviet.eu\/en\/wp-json\/wp\/v2\/product_tag?post=17930"}],"curies":[{"name":"wp","href":"https:\/\/api.w.org\/{rel}","templated":true}]}}