{"id":17928,"date":"2022-04-09T17:45:10","date_gmt":"2022-04-09T14:45:10","guid":{"rendered":"https:\/\/sachviet.eu\/shop\/bo-sach-gianni-rodari-4-cuon-giua-troi-chiec-banh-gato-cuoc-phieu-luu-cua-chu-hanh-cuoc-phieu-luu-cua-mui-ten-xanh-va-gelsomino-o-xu-noi-doi\/"},"modified":"2022-12-19T18:18:54","modified_gmt":"2022-12-19T16:18:54","slug":"bo-sach-gianni-rodari-4-cuon-giua-troi-chiec-banh-gato-cuoc-phieu-luu-cua-chu-hanh-cuoc-phieu-luu-cua-mui-ten-xanh-va-gelsomino-o-xu-noi-doi","status":"publish","type":"product","link":"https:\/\/sachviet.eu\/en\/shop\/bo-sach-gianni-rodari-4-cuon-giua-troi-chiec-banh-gato-cuoc-phieu-luu-cua-chu-hanh-cuoc-phieu-luu-cua-mui-ten-xanh-va-gelsomino-o-xu-noi-doi\/","title":{"rendered":"B\u1ed9 s\u00e1ch Gianni Rodari 4 cu\u1ed1n : Gi\u1eefa tr\u1eddi chi\u1ebfc b\u00e1nh Gato, Cu\u1ed9c phi\u00eau l\u01b0u c\u1ee7a ch\u00fa h\u00e0nh, Cu\u1ed9c phi\u00eau l\u01b0u c\u1ee7a m\u00fai t\u00ean xanh v\u00e0 Gelsomino \u1edf x\u1ee9 n\u00f3i d\u1ed1i"},"content":{"rendered":"<p>Combo g\u1ed3m 4 Cu\u1ed1n:<\/p>\n<p>1\/\u201cCu\u1ed9c phi\u00eau l\u01b0u c\u1ee7a ch\u00fa H\u00e0nh\u201d l\u00e0 t\u00e1c ph\u1ea9m xu\u1ea5t s\u1eafc vi\u1ebft cho tr\u1ebb em c\u1ee7a nh\u00e0 v\u0103n \u00dd n\u1ed5i ti\u1ebfng Gianni Rodari. Trong h\u00e0nh tr\u00ecnh \u0111i t\u00ecm c\u00f4ng l\u00ed, ch\u00fa H\u00e0nh \u0111\u00e3 g\u1eb7p r\u1ea5t nhi\u1ec1u b\u1ea1n t\u1ed1t, b\u1ea3n th\u00e2n ch\u00fa c\u0169ng l\u00e0m \u0111\u01b0\u1ee3c nhi\u1ec1u vi\u1ec7c t\u1ed1t cho m\u1ecdi ng\u01b0\u1eddi. cu\u1ed1i c\u00f9ng, ch\u00fa H\u00e0nh c\u00f9ng c\u00e1c b\u1ea1n \u0111\u00e3 c\u1ee9u tho\u00e1t \u0111\u01b0\u1ee3c nhi\u1ec1u ng\u01b0\u1eddi b\u1ecb b\u1eaft oan, l\u1eadt \u0111\u1ed5 vua Chanh c\u00f9ng b\u1ecdn qu\u1ea7n th\u1ea7n ngu d\u1ed1t, xu n\u1ecbnh, gi\u00e0nh l\u1ea1i cho ng\u01b0\u1eddi lao \u0111\u1ed9ng cu\u1ed9c s\u1ed1ng c\u00f4ng b\u1eb1ng v\u00e0 t\u1ed1t \u0111\u1eb9p h\u01a1n.<\/p>\n<p>\u201cCu\u1ed9c phi\u00eau l\u01b0u c\u1ee7a ch\u00fa H\u00e0nh\u201d \u0111\u00e3, \u0111ang v\u00e0 m\u00e3i m\u00e3i l\u00e0 cu\u1ed1n s\u00e1ch \u0111\u01b0\u1ee3c y\u00eau th\u00edch c\u1ee7a h\u00e0ng tri\u1ec7u tr\u1ebb em tr\u00ean th\u1ebf gi\u1edbi.<\/p>\n<p>2\/ M\u0169i-t\u00ean-xanh l\u00e0 \u0111o\u00e0n t\u00e0u h\u1ecfa ch\u1ea1y b\u1eb1ng \u0111i\u1ec7n. \u0110\u00f3 l\u00e0 m\u00f3n \u0111\u1ed3 ch\u01a1i m\u00e0 b\u1ea5t c\u1ee9 em nh\u1ecf n\u00e0o c\u0169ng y\u00eau th\u00edch, nh\u01b0ng mu\u1ed1n mua \u0111\u01b0\u1ee3c n\u00f3 ph\u1ea3i c\u00f3 ti\u1ec1n. V\u00e0o bu\u1ed5i t\u1ed1i cu\u1ed1i n\u0103m, theo l\u1eddi b\u00e0n th\u00f4ng th\u00e1i c\u1ee7a ch\u00fa ch\u00f3 v\u1ea3i, M\u0169i-t\u00ean-xanh \u0111\u00e3 ch\u1edf t\u1ea5t c\u1ea3 c\u00e1c \u0111\u1ed3 ch\u01a1i c\u00f3 trong c\u1eeda h\u00e0ng c\u1ee7a b\u00e0 Ti\u00ean \u0111em t\u1eb7ng cho tr\u1ebb em ngh\u00e8o. Tr\u1ebb em c\u1ea7n ph\u1ea3i \u0111\u01b0\u1ee3c y\u00eau th\u01b0\u01a1ng ch\u0103m s\u00f3c v\u1ec1 \u0111\u1eddi s\u1ed1ng tinh th\u1ea7n v\u00e0 v\u1eadt ch\u1ea5t. \u0110\u00f3 ch\u00ednh l\u00e0 th\u00f4ng \u0111i\u1ec7p m\u00e0 t\u00e1c gi\u1ea3 mu\u1ed1n g\u1eedi \u0111\u1ebfn cho t\u1ea5t c\u1ea3 ch\u00fang ta.<\/p>\n<p>3\/ Gi\u1ecdng h\u00e1t c\u1ee7a Gelsomino kinh kh\u1ee7ng \u0111\u1ebfn m\u1ee9c c\u00f3 th\u1ec3 l\u00e0m v\u1ee1 c\u1eeda k\u00ednh, r\u01a1i qu\u1ea1t tr\u1ea7n, th\u1eadm ch\u00ed s\u1eadp c\u1ea3 nh\u00e0. T\u00ecnh c\u1edd Gelsomino \u0111\u1ebfn x\u1ee9 s\u1edf n\u00f3i d\u1ed1i. \u1ede \u0111\u00f3 ch\u00f3 \u0111\u01b0\u1ee3c g\u1ecdi l\u00e0 m\u00e8o, m\u00e8o th\u00ec ph\u1ea3i s\u1ee7 g\u00e2u g\u00e2u. Gelsomino \u0111\u00e3 quy\u1ebft t\u00e2m s\u1eed d\u1ee5ng gi\u1ecdng h\u00e1t n\u1ed5i ti\u1ebfng c\u1ee7a m\u00ecnh \u0111\u1ec3 lay \u0111\u1ed9ng, th\u1ee9c t\u1ec9nh nh\u00e2n d\u00e2n, mang s\u1ef1 th\u1eadt v\u1ec1 v\u1edbi cu\u1ed9c s\u1ed1ng. M\u1eddi c\u00e1c em h\u00e3y g\u1eb7p g\u1ee1 v\u00e0 l\u00e0m quen v\u1edbi anh ch\u00e0ng ca s\u0129 gi\u1ecdng nam cao n\u00e0y nh\u00e9!<\/p>\n<p>4\/ V\u00e0o m\u1ed9t bu\u1ed5i s\u00e1ng th\u00e1ng t\u01b0, tr\u00ean b\u1ea7u tr\u1eddi th\u00e0nh ph\u1ed1 Trullo b\u1ed7ng xu\u1ea5t hi\u1ec7n m\u1ed9t chi\u1ebfc \u0111\u0129a bay. C\u1ea3nh s\u00e1t v\u00e0 qu\u00e2n \u0111\u1ed9i l\u1eadp t\u1ee9c v\u00e0o cu\u1ed9c. B\u1ed9 t\u1ed5ng ch\u1ec9 huy \u201cchi\u1ebfn d\u1ecbch ch\u1ed1ng th\u1ea3m h\u1ecda v\u0169 tr\u1ee5\u201d \u0111\u00e3 ph\u1ea3i l\u00e0m vi\u1ec7c su\u1ed1t ng\u00e0y \u0111\u00eam \u0111\u1ec3 t\u00ecm c\u00e1ch ti\u1ebfp c\u1eadn chi\u1ebfc \u0111\u0129a bay b\u00ed hi\u1ec3m kia. Trong khi B\u1ed9 t\u1ed5ng ch\u1ec9 huy d\u00f9ng m\u00e1y bay, xe t\u0103ng, qu\u00e2n \u0111\u1ed9 \u0111\u1ec3 \u0111\u1ebfn g\u1ea7n \u0111\u0129a bay th\u00ec t\u1ea5t c\u1ea3 tr\u1ebb em \u1edf Trullo ch\u1ea1y t\u1edbi ch\u1ed7 chi\u1ebfc \u0111\u0129a bay h\u1ea1 c\u00e1nh v\u00e0 th\u1ea3 s\u1ee9 kh\u00e1m ph\u00e1 n\u00f3. Chi\u1ebfc \u0111\u0129a bay k\u00ec d\u1ecb \u0111\u00f3 ch\u00ednh l\u00e0 m\u1ed9t chi\u1ebfc b\u00e1nh gat\u00f4 s\u00f4c\u00f4la v\u0129 \u0111\u1ea1i do nh\u00e0 b\u00e1c h\u1ecdc X. \u0111\u00e3 v\u00f4 t\u00ecnh s\u00e1ng ch\u1ebf ra khi t\u00ecm c\u00e1ch thu th\u1eadp n\u1ea5m nguy\u00ean t\u1eed trong v\u0169 tr\u1ee5. Nh\u00e2n lo\u1ea1i ph\u1ea3i \u0111\u01b0\u1ee3c s\u1ed1ng trong h\u00f2a b\u00ecnh! \u0110\u00f3 ch\u00ednh l\u00e0 \u0111i\u1ec1u h\u1eb1ng mong c\u1ee7a Gianni Rodari v\u00e0 c\u1ee7a t\u1ea5t c\u1ea3 ch\u00fang ta.<\/p>\n<p>Nh\u00e0 v\u0103n Gianni Rodari<\/p>\n<p>Gianni Rodari sinh n\u0103m 1920 t\u1ea1i th\u1ecb tr\u1ea5n Omegna (mi\u1ec1n B\u1eafc n\u01b0\u1edbc \u00dd), l\u00e0 m\u1ed9t trong nh\u1eefng t\u00e1c gi\u1ea3 vi\u1ebft cho thi\u1ebfu nhi n\u1ed5i ti\u1ebfng nh\u1ea5t th\u1ebf k\u1ec9 20. T\u00e1c ph\u1ea9m c\u1ee7a \u00f4ng \u0111\u00e3 \u0111\u01b0\u1ee3c d\u1ecbch ra nhi\u1ec1u th\u1ee9 ti\u1ebfng tr\u00ean th\u1ebf gi\u1edbi v\u00e0 \u0111o\u1ea1t \u0111\u01b0\u1ee3c nhi\u1ec1u gi\u1ea3i th\u01b0\u1edfng, trong \u0111\u00f3 c\u00f3 gi\u1ea3i Andersendanh gi\u00e1 d\u00e0nh cho v\u0103n h\u1ecdc thi\u1ebfu nhi (1970). Gianni Rodari m\u1ea5t n\u0103m 1980 t\u1ea1i Rome.<\/p>\n<p>C\u00e1c t\u00e1c ph\u1ea9m ti\u00eau bi\u1ec3u c\u1ee7a \u00f4ng g\u1ed3m:<\/p>\n<p>Gelsomino \u1edf x\u1ee9 s\u1edf n\u00f3i d\u1ed1i, Cu\u1ed9c phi\u00eau l\u01b0u c\u1ee7a ch\u00fa H\u00e0nh, Cu\u1ed9c phi\u00eau l\u01b0u c\u1ee7a M\u0169i T\u00ean Xanh, Gi\u1eefa tr\u1eddi chi\u1ebfc b\u00e1nh gat\u00f4, Chuy\u1ec7n k\u1ec3 tr\u00ean \u0111i\u1ec7n tho\u1ea1i, Hai m\u01b0\u01a1i truy\u1ec7n th\u00eam m\u1ed9t, Ng\u00f4i tr\u01b0\u1eddng to nh\u1ea5t, Chuy\u1ebfn xe \u0111i\u1ec7n s\u1ed1 75, Con \u0111\u01b0\u1eddng kh\u00f4ng d\u1eabn t\u1edbi \u0111\u00e2u, Th\u1ea7n m\u01b0a, B\u1ea7u tr\u1eddi l\u00e0 c\u1ee7a m\u1ecdi ng\u01b0\u1eddi\u2026<\/p>\n","protected":false},"excerpt":{"rendered":"<p>Combo g\u1ed3m 4 Cu\u1ed1n:<\/p>\n<p>1\/\u201cCu\u1ed9c phi\u00eau l\u01b0u c\u1ee7a ch\u00fa H\u00e0nh\u201d l\u00e0 t\u00e1c ph\u1ea9m xu\u1ea5t s\u1eafc vi\u1ebft cho tr\u1ebb em c\u1ee7a nh\u00e0 v\u0103n \u00dd n\u1ed5i ti\u1ebfng Gianni Rodari. Trong h\u00e0nh tr\u00ecnh \u0111i t\u00ecm c\u00f4ng l\u00ed, ch\u00fa H\u00e0nh \u0111\u00e3 g\u1eb7p r\u1ea5t nhi\u1ec1u b\u1ea1n t\u1ed1t, b\u1ea3n th\u00e2n ch\u00fa c\u0169ng l\u00e0m \u0111\u01b0\u1ee3c nhi\u1ec1u vi\u1ec7c t\u1ed1t cho m\u1ecdi ng\u01b0\u1eddi. cu\u1ed1i c\u00f9ng, ch\u00fa H\u00e0nh c\u00f9ng c\u00e1c b\u1ea1n \u0111\u00e3 c\u1ee9u tho\u00e1t \u0111\u01b0\u1ee3c nhi\u1ec1u ng\u01b0\u1eddi b\u1ecb b\u1eaft oan, l\u1eadt \u0111\u1ed5 vua Chanh c\u00f9ng b\u1ecdn qu\u1ea7n th\u1ea7n ngu d\u1ed1t, xu n\u1ecbnh, gi\u00e0nh l\u1ea1i cho ng\u01b0\u1eddi lao \u0111\u1ed9ng cu\u1ed9c s\u1ed1ng c\u00f4ng b\u1eb1ng v\u00e0 t\u1ed1t \u0111\u1eb9p h\u01a1n.<\/p>\n<p>\u201cCu\u1ed9c phi\u00eau l\u01b0u c\u1ee7a ch\u00fa H\u00e0nh\u201d \u0111\u00e3, \u0111ang v\u00e0 m\u00e3i m\u00e3i l\u00e0 cu\u1ed1n s\u00e1ch \u0111\u01b0\u1ee3c y\u00eau th\u00edch c\u1ee7a h\u00e0ng tri\u1ec7u tr\u1ebb em tr\u00ean th\u1ebf gi\u1edbi.<\/p>\n<p>2\/ M\u0169i-t\u00ean-xanh l\u00e0 \u0111o\u00e0n t\u00e0u h\u1ecfa ch\u1ea1y b\u1eb1ng \u0111i\u1ec7n. \u0110\u00f3 l\u00e0 m\u00f3n \u0111\u1ed3 ch\u01a1i m\u00e0 b\u1ea5t c\u1ee9 em nh\u1ecf n\u00e0o c\u0169ng y\u00eau th\u00edch, nh\u01b0ng mu\u1ed1n mua \u0111\u01b0\u1ee3c n\u00f3 ph\u1ea3i c\u00f3 ti\u1ec1n. V\u00e0o bu\u1ed5i t\u1ed1i cu\u1ed1i n\u0103m, theo l\u1eddi b\u00e0n th\u00f4ng th\u00e1i c\u1ee7a ch\u00fa ch\u00f3 v\u1ea3i, M\u0169i-t\u00ean-xanh \u0111\u00e3 ch\u1edf t\u1ea5t c\u1ea3 c\u00e1c \u0111\u1ed3 ch\u01a1i c\u00f3 trong c\u1eeda h\u00e0ng c\u1ee7a b\u00e0 Ti\u00ean \u0111em t\u1eb7ng cho tr\u1ebb em ngh\u00e8o. Tr\u1ebb em c\u1ea7n ph\u1ea3i \u0111\u01b0\u1ee3c y\u00eau th\u01b0\u01a1ng ch\u0103m s\u00f3c v\u1ec1 \u0111\u1eddi s\u1ed1ng tinh th\u1ea7n v\u00e0 v\u1eadt ch\u1ea5t. \u0110\u00f3 ch\u00ednh l\u00e0 th\u00f4ng \u0111i\u1ec7p m\u00e0 t\u00e1c gi\u1ea3 mu\u1ed1n g\u1eedi \u0111\u1ebfn cho t\u1ea5t c\u1ea3 ch\u00fang ta.<\/p>\n<p>3\/ Gi\u1ecdng h\u00e1t c\u1ee7a Gelsomino kinh kh\u1ee7ng \u0111\u1ebfn m\u1ee9c c\u00f3 th\u1ec3 l\u00e0m v\u1ee1 c\u1eeda k\u00ednh, r\u01a1i qu\u1ea1t tr\u1ea7n, th\u1eadm ch\u00ed s\u1eadp c\u1ea3 nh\u00e0. T\u00ecnh c\u1edd Gelsomino \u0111\u1ebfn x\u1ee9 s\u1edf n\u00f3i d\u1ed1i. \u1ede \u0111\u00f3 ch\u00f3 \u0111\u01b0\u1ee3c g\u1ecdi l\u00e0 m\u00e8o, m\u00e8o th\u00ec ph\u1ea3i s\u1ee7 g\u00e2u g\u00e2u. Gelsomino \u0111\u00e3 quy\u1ebft t\u00e2m s\u1eed d\u1ee5ng gi\u1ecdng h\u00e1t n\u1ed5i ti\u1ebfng c\u1ee7a m\u00ecnh \u0111\u1ec3 lay \u0111\u1ed9ng, th\u1ee9c t\u1ec9nh nh\u00e2n d\u00e2n, mang s\u1ef1 th\u1eadt v\u1ec1 v\u1edbi cu\u1ed9c s\u1ed1ng. M\u1eddi c\u00e1c em h\u00e3y g\u1eb7p g\u1ee1 v\u00e0 l\u00e0m quen v\u1edbi anh ch\u00e0ng ca s\u0129 gi\u1ecdng nam cao n\u00e0y nh\u00e9!<\/p>\n<p>4\/ V\u00e0o m\u1ed9t bu\u1ed5i s\u00e1ng th\u00e1ng t\u01b0, tr\u00ean b\u1ea7u tr\u1eddi th\u00e0nh ph\u1ed1 Trullo b\u1ed7ng xu\u1ea5t hi\u1ec7n m\u1ed9t chi\u1ebfc \u0111\u0129a bay. C\u1ea3nh s\u00e1t v\u00e0 qu\u00e2n \u0111\u1ed9i l\u1eadp t\u1ee9c v\u00e0o cu\u1ed9c. B\u1ed9 t\u1ed5ng ch\u1ec9 huy \u201cchi\u1ebfn d\u1ecbch ch\u1ed1ng th\u1ea3m h\u1ecda v\u0169 tr\u1ee5\u201d \u0111\u00e3 ph\u1ea3i l\u00e0m vi\u1ec7c su\u1ed1t ng\u00e0y \u0111\u00eam \u0111\u1ec3 t\u00ecm c\u00e1ch ti\u1ebfp c\u1eadn chi\u1ebfc \u0111\u0129a bay b\u00ed hi\u1ec3m kia. Trong khi B\u1ed9 t\u1ed5ng ch\u1ec9 huy d\u00f9ng m\u00e1y bay, xe t\u0103ng, qu\u00e2n \u0111\u1ed9 \u0111\u1ec3 \u0111\u1ebfn g\u1ea7n \u0111\u0129a bay th\u00ec t\u1ea5t c\u1ea3 tr\u1ebb em \u1edf Trullo ch\u1ea1y t\u1edbi ch\u1ed7 chi\u1ebfc \u0111\u0129a bay h\u1ea1 c\u00e1nh v\u00e0 th\u1ea3 s\u1ee9 kh\u00e1m ph\u00e1 n\u00f3. Chi\u1ebfc \u0111\u0129a bay k\u00ec d\u1ecb \u0111\u00f3 ch\u00ednh l\u00e0 m\u1ed9t chi\u1ebfc b\u00e1nh gat\u00f4 s\u00f4c\u00f4la v\u0129 \u0111\u1ea1i do nh\u00e0 b\u00e1c h\u1ecdc X. \u0111\u00e3 v\u00f4 t\u00ecnh s\u00e1ng ch\u1ebf ra khi t\u00ecm c\u00e1ch thu th\u1eadp n\u1ea5m nguy\u00ean t\u1eed trong v\u0169 tr\u1ee5. Nh\u00e2n lo\u1ea1i ph\u1ea3i \u0111\u01b0\u1ee3c s\u1ed1ng trong h\u00f2a b\u00ecnh! \u0110\u00f3 ch\u00ednh l\u00e0 \u0111i\u1ec1u h\u1eb1ng mong c\u1ee7a Gianni Rodari v\u00e0 c\u1ee7a t\u1ea5t c\u1ea3 ch\u00fang ta.<\/p>\n","protected":false},"featured_media":17927,"template":"","meta":{"_acf_changed":false},"product_brand":[],"product_cat":[17,26],"product_tag":[],"class_list":{"0":"post-17928","1":"product","2":"type-product","3":"status-publish","4":"has-post-thumbnail","6":"product_cat-sach-danh-cho-cac-be","7":"product_cat-thieu-nien-11-tuoi-18-tuoi","9":"first","10":"outofstock","11":"taxable","12":"shipping-taxable","13":"purchasable","14":"product-type-simple"},"supplier_id":null,"supplier_sku":"","barcode":null,"atum_controlled":true,"out_stock_date":"2022-12-19 12:58:45","out_stock_threshold":null,"inheritable":false,"inbound_stock":0,"stock_on_hold":0,"sold_today":0,"sales_last_days":0,"reserved_stock":0,"customer_returns":0,"warehouse_damage":0,"lost_in_post":0,"other_logs":0,"out_stock_days":1136,"lost_sales":0,"has_location":false,"update_date":"2026-01-28T23:11:01","atum_locations":[{"id":32,"name":"Helsinki","slug":"helsinki"}],"atum_stock_status":"outofstock","restock_status":false,"low_stock_amount":"","sales_update_date":"2026-01-28T23:11:01","calc_backorders":null,"acf":{"publisher":{"ID":1454,"post_author":"1","post_date":"2021-02-17 01:11:34","post_date_gmt":"2021-02-16 23:11:34","post_content":"<!-- wp:flatsome\/uxbuilder -->\n<h1 style=\"text-align: center;\"><strong>Kim \u0110\u1ed3ng<\/strong><\/h1>\n[row]\n\n[col span=\"3\" span__sm=\"12\"]\n\n[ux_image id=\"1534\" image_size=\"medium\"]\n\n\n[\/col]\n[col span=\"9\" span__sm=\"12\"]\n\n<p>Nh\u00e0 xu\u1ea5t b\u1ea3n Kim \u0110\u1ed3ng tr\u1ef1c thu\u1ed9c Trung \u01b0\u01a1ng \u0110o\u00e0n TNCS H\u1ed3 Ch\u00ed Minh l\u00e0 Nh\u00e0 xu\u1ea5t b\u1ea3n t\u1ed5ng h\u1ee3p c\u00f3 ch\u1ee9c n\u0103ng xu\u1ea5t b\u1ea3n s\u00e1ch v\u00e0 v\u0103n h\u00f3a ph\u1ea9m ph\u1ee5c v\u1ee5 thi\u1ebfu nhi v\u00e0 c\u00e1c b\u1eadc ph\u1ee5 huynh trong c\u1ea3 n\u01b0\u1edbc, qu\u1ea3ng b\u00e1 v\u00e0 gi\u1edbi thi\u1ec7u v\u0103n h\u00f3a Vi\u1ec7t Nam ra th\u1ebf gi\u1edbi.<br \/>Nh\u00e0 xu\u1ea5t b\u1ea3n c\u00f3 nhi\u1ec7m v\u1ee5 t\u1ed5 ch\u1ee9c b\u1ea3n th\u1ea3o, bi\u00ean so\u1ea1n, bi\u00ean d\u1ecbch, xu\u1ea5t b\u1ea3n v\u00e0 ph\u00e1t h\u00e0nh c\u00e1c xu\u1ea5t b\u1ea3n ph\u1ea9m c\u00f3 n\u1ed9i dung: gi\u00e1o d\u1ee5c truy\u1ec1n th\u1ed1ng d\u00e2n t\u1ed9c, gi\u00e1o d\u1ee5c v\u1ec1 tri th\u1ee9c, ki\u1ebfn th\u1ee9c\u2026 tr\u00ean c\u00e1c l\u0129nh v\u1ef1c v\u0103n h\u1ecdc, ngh\u1ec7 thu\u1eadt, khoa h\u1ecdc k\u1ef9 thu\u1eadt nh\u1eb1m cung c\u1ea5p cho c\u00e1c em thi\u1ebfu nhi c\u0169ng nh\u01b0 c\u00e1c b\u1eadc ph\u1ee5 huynh c\u00e1c ki\u1ebfn th\u1ee9c c\u1ea7n thi\u1ebft trong cu\u1ed9c s\u1ed1ng, nh\u1eefng tinh hoa c\u1ee7a tri th\u1ee9c nh\u00e2n lo\u1ea1i nh\u1eb1m g\u00f3p ph\u1ea7n gi\u00e1o d\u1ee5c v\u00e0 h\u00ecnh th\u00e0nh nh\u00e2n c\u00e1ch th\u1ebf h\u1ec7 tr\u1ebb.<br \/>\u0110\u1ed1i t\u01b0\u1ee3ng ph\u1ee5c v\u1ee5 c\u1ee7a Nh\u00e0 xu\u1ea5t b\u1ea3n l\u00e0 c\u00e1c em t\u1eeb tu\u1ed5i nh\u00e0 tr\u1ebb m\u1eabu gi\u00e1o (1 \u0111\u1ebfn 5 tu\u1ed5i), nhi \u0111\u1ed3ng (6 \u0111\u1ebfn 9 tu\u1ed5i), thi\u1ebfu ni\u00ean (10 \u0111\u1ebfn 15 tu\u1ed5i) \u0111\u1ebfn c\u00e1c em tu\u1ed5i m\u1edbi l\u1edbn (16 \u0111\u1ebfn 18 tu\u1ed5i) v\u00e0 c\u00e1c b\u1eadc ph\u1ee5 huynh.<\/p>\n\n[\/col]\n\n[\/row]\n\n<!-- \/wp:flatsome\/uxbuilder -->","post_title":"Kim \u0110\u1ed3ng","post_excerpt":"","post_status":"publish","comment_status":"closed","ping_status":"closed","post_password":"","post_name":"kim-dong","to_ping":"","pinged":"","post_modified":"2021-02-17 01:31:56","post_modified_gmt":"2021-02-16 23:31:56","post_content_filtered":"","post_parent":0,"guid":"https:\/\/sachviet.eu\/nha-phat-hanh\/kim-dong\/","menu_order":0,"post_type":"publisher","post_mime_type":"","comment_count":"0","filter":"raw"}},"_links":{"self":[{"href":"https:\/\/sachviet.eu\/en\/wp-json\/wp\/v2\/product\/17928","targetHints":{"allow":["GET"]}}],"collection":[{"href":"https:\/\/sachviet.eu\/en\/wp-json\/wp\/v2\/product"}],"about":[{"href":"https:\/\/sachviet.eu\/en\/wp-json\/wp\/v2\/types\/product"}],"wp:featuredmedia":[{"embeddable":true,"href":"https:\/\/sachviet.eu\/en\/wp-json\/wp\/v2\/media\/17927"}],"wp:attachment":[{"href":"https:\/\/sachviet.eu\/en\/wp-json\/wp\/v2\/media?parent=17928"}],"wp:term":[{"taxonomy":"product_brand","embeddable":true,"href":"https:\/\/sachviet.eu\/en\/wp-json\/wp\/v2\/product_brand?post=17928"},{"taxonomy":"product_cat","embeddable":true,"href":"https:\/\/sachviet.eu\/en\/wp-json\/wp\/v2\/product_cat?post=17928"},{"taxonomy":"product_tag","embeddable":true,"href":"https:\/\/sachviet.eu\/en\/wp-json\/wp\/v2\/product_tag?post=17928"}],"curies":[{"name":"wp","href":"https:\/\/api.w.org\/{rel}","templated":true}]}}