{"id":17926,"date":"2022-04-09T17:45:04","date_gmt":"2022-04-09T14:45:04","guid":{"rendered":"https:\/\/sachviet.eu\/shop\/xuan-ha-thu-dong-bo-4-quyen\/"},"modified":"2023-04-01T21:32:02","modified_gmt":"2023-04-01T18:32:02","slug":"xuan-ha-thu-dong-bo-4-quyen","status":"publish","type":"product","link":"https:\/\/sachviet.eu\/en\/shop\/xuan-ha-thu-dong-bo-4-quyen\/","title":{"rendered":"Xu\u00e2n H\u1ea1 Thu \u0110\u00f4ng &#8211; B\u1ed9 4 quy\u1ec3n"},"content":{"rendered":"<p>Kh\u00e1m ph\u00e1 B\u1ed1n m\u00f9a trong n\u0103m, c\u00e1c b\u1ea1n nh\u1ecf c\u00f2n \u0111\u01b0\u1ee3c g\u1eb7p g\u1ee1 c\u00e1c lo\u00e0i \u0111\u1ed9ng v\u1eadt ti\u00eau bi\u1ec3u cho 4 lo\u1ea1i gi\u00e1c quan kh\u00e1c nhau, m\u1ed7i b\u1ea1n \u0111\u1ec1u c\u00f3 m\u1ed9t &#8220;n\u0103ng l\u1ef1c&#8221; r\u1ea5t ri\u00eang \u0111\u1ec3 t\u1eadn h\u01b0\u1edfng m\u1ed7i m\u00f9a m\u1ed9t c\u00e1ch tr\u1ecdn v\u1eb9n nh\u1ea5t&#8230;.<\/p>\n","protected":false},"excerpt":{"rendered":"<p>Kh\u00e1m ph\u00e1 B\u1ed1n m\u00f9a trong n\u0103m, c\u00e1c b\u1ea1n nh\u1ecf c\u00f2n \u0111\u01b0\u1ee3c g\u1eb7p g\u1ee1 c\u00e1c lo\u00e0i \u0111\u1ed9ng v\u1eadt ti\u00eau bi\u1ec3u cho 4 lo\u1ea1i gi\u00e1c quan kh\u00e1c nhau, m\u1ed7i b\u1ea1n \u0111\u1ec1u c\u00f3 m\u1ed9t &#8220;n\u0103ng l\u1ef1c&#8221; r\u1ea5t ri\u00eang \u0111\u1ec3 t\u1eadn h\u01b0\u1edfng m\u1ed7i m\u00f9a m\u1ed9t c\u00e1ch tr\u1ecdn v\u1eb9n nh\u1ea5t&#8230;.<\/p>\n","protected":false},"featured_media":17925,"template":"","meta":{"_acf_changed":false},"product_brand":[],"product_cat":[25,17],"product_tag":[],"class_list":{"0":"post-17926","1":"product","2":"type-product","3":"status-publish","4":"has-post-thumbnail","6":"product_cat-nhi-dong-6-tuoi-12-tuoi","7":"product_cat-sach-danh-cho-cac-be","9":"first","10":"instock","11":"taxable","12":"shipping-taxable","13":"purchasable","14":"product-type-simple"},"supplier_id":null,"supplier_sku":"","barcode":null,"atum_controlled":true,"out_stock_date":null,"out_stock_threshold":null,"inheritable":false,"inbound_stock":0,"stock_on_hold":0,"sold_today":0,"sales_last_days":0,"reserved_stock":0,"customer_returns":0,"warehouse_damage":0,"lost_in_post":0,"other_logs":0,"out_stock_days":0,"lost_sales":0,"has_location":false,"update_date":"2026-01-28T23:11:01","atum_locations":[{"id":32,"name":"Helsinki","slug":"helsinki"}],"atum_stock_status":"instock","restock_status":false,"low_stock_amount":"","sales_update_date":"2026-01-28T23:11:01","calc_backorders":null,"acf":{"publisher":{"ID":15270,"post_author":"1","post_date":"2021-08-04 15:01:56","post_date_gmt":"2021-08-04 12:01:56","post_content":"","post_title":"Lionbooks","post_excerpt":"","post_status":"publish","comment_status":"closed","ping_status":"closed","post_password":"","post_name":"lionbooks","to_ping":"","pinged":"","post_modified":"2021-08-04 15:01:56","post_modified_gmt":"2021-08-04 12:01:56","post_content_filtered":"","post_parent":0,"guid":"https:\/\/sachviet.eu\/nha-phat-hanh\/lionbooks\/","menu_order":0,"post_type":"publisher","post_mime_type":"","comment_count":"0","filter":"raw"}},"_links":{"self":[{"href":"https:\/\/sachviet.eu\/en\/wp-json\/wp\/v2\/product\/17926","targetHints":{"allow":["GET"]}}],"collection":[{"href":"https:\/\/sachviet.eu\/en\/wp-json\/wp\/v2\/product"}],"about":[{"href":"https:\/\/sachviet.eu\/en\/wp-json\/wp\/v2\/types\/product"}],"wp:featuredmedia":[{"embeddable":true,"href":"https:\/\/sachviet.eu\/en\/wp-json\/wp\/v2\/media\/17925"}],"wp:attachment":[{"href":"https:\/\/sachviet.eu\/en\/wp-json\/wp\/v2\/media?parent=17926"}],"wp:term":[{"taxonomy":"product_brand","embeddable":true,"href":"https:\/\/sachviet.eu\/en\/wp-json\/wp\/v2\/product_brand?post=17926"},{"taxonomy":"product_cat","embeddable":true,"href":"https:\/\/sachviet.eu\/en\/wp-json\/wp\/v2\/product_cat?post=17926"},{"taxonomy":"product_tag","embeddable":true,"href":"https:\/\/sachviet.eu\/en\/wp-json\/wp\/v2\/product_tag?post=17926"}],"curies":[{"name":"wp","href":"https:\/\/api.w.org\/{rel}","templated":true}]}}