{"id":17924,"date":"2022-04-09T17:44:55","date_gmt":"2022-04-09T14:44:55","guid":{"rendered":"https:\/\/sachviet.eu\/shop\/viet-nam-que-minh-bo-3-quyen\/"},"modified":"2022-12-19T18:19:05","modified_gmt":"2022-12-19T16:19:05","slug":"viet-nam-que-minh-bo-3-quyen","status":"publish","type":"product","link":"https:\/\/sachviet.eu\/en\/shop\/viet-nam-que-minh-bo-3-quyen\/","title":{"rendered":"Vi\u1ec7t Nam qu\u00ea m\u00ecnh &#8211; B\u1ed9 3 quy\u1ec3n"},"content":{"rendered":"<p>Du l\u1ecbch, \u0111i ch\u01a1i, \u0111i tr\u1ea3i nghi\u1ec7m l\u00e0 ho\u1ea1t \u0111\u1ed9ng m\u00e0 b\u1ea1n nh\u1ecf n\u00e0o c\u0169ng m\u00ea. \u0110\u01b0\u1ee3c \u0111\u1ebfn m\u1ed9t v\u00f9ng \u0111\u1ea5t m\u1edbi, \u0103n th\u1eed m\u1ed9t m\u00f3n \u0103n m\u1edbi, ch\u01a1i nh\u1eefng tr\u1ea3i nghi\u1ec7m m\u1edbi, lu\u00f4n l\u00e0 m\u1ed9t ni\u1ec1m h\u00e1o h\u1ee9c v\u00f4 b\u1edd b\u1ebfn \u0111\u1ed1i v\u1edbi c\u00e1c con. V\u1eady ba m\u1eb9 h\u00e3y c\u1ea7m ngay 3 chi\u1ebfc \u201cv\u00e9\u201d trong b\u1ed9 s\u00e1ch &#8220;VI\u1ec6T NAM QU\u00ca M\u00ccNH&#8221; d\u01b0\u1edbi \u0111\u00e2y \u0111\u1ec3 l\u00ean \u0111\u01b0\u1eddng v\u1edbi chuy\u1ebfn du l\u1ecbch m\u00e0 b\u1ea1n nh\u1ecf n\u00e0o c\u0169ng mong ch\u1edd th\u00f4i n\u00e0o!<\/p>\n","protected":false},"excerpt":{"rendered":"<p>Du l\u1ecbch, \u0111i ch\u01a1i, \u0111i tr\u1ea3i nghi\u1ec7m l\u00e0 ho\u1ea1t \u0111\u1ed9ng m\u00e0 b\u1ea1n nh\u1ecf n\u00e0o c\u0169ng m\u00ea. \u0110\u01b0\u1ee3c \u0111\u1ebfn m\u1ed9t v\u00f9ng \u0111\u1ea5t m\u1edbi, \u0103n th\u1eed m\u1ed9t m\u00f3n \u0103n m\u1edbi, ch\u01a1i nh\u1eefng tr\u1ea3i nghi\u1ec7m m\u1edbi, lu\u00f4n l\u00e0 m\u1ed9t ni\u1ec1m h\u00e1o h\u1ee9c v\u00f4 b\u1edd b\u1ebfn \u0111\u1ed1i v\u1edbi c\u00e1c con. V\u1eady ba m\u1eb9 h\u00e3y c\u1ea7m ngay 3 chi\u1ebfc \u201cv\u00e9\u201d trong b\u1ed9 s\u00e1ch &#8220;VI\u1ec6T NAM QU\u00ca M\u00ccNH&#8221; d\u01b0\u1edbi \u0111\u00e2y \u0111\u1ec3 l\u00ean \u0111\u01b0\u1eddng v\u1edbi chuy\u1ebfn du l\u1ecbch m\u00e0 b\u1ea1n nh\u1ecf n\u00e0o c\u0169ng mong ch\u1edd th\u00f4i n\u00e0o!<\/p>\n","protected":false},"featured_media":17923,"template":"","meta":{"_acf_changed":false},"product_brand":[],"product_cat":[24,25,17],"product_tag":[],"class_list":{"0":"post-17924","1":"product","2":"type-product","3":"status-publish","4":"has-post-thumbnail","6":"product_cat-nha-tre-mau-giao-0-tuoi-6-tuoi","7":"product_cat-nhi-dong-6-tuoi-12-tuoi","8":"product_cat-sach-danh-cho-cac-be","10":"first","11":"outofstock","12":"taxable","13":"shipping-taxable","14":"purchasable","15":"product-type-simple"},"supplier_id":null,"supplier_sku":"","barcode":null,"atum_controlled":true,"out_stock_date":"2022-12-19 12:58:46","out_stock_threshold":null,"inheritable":false,"inbound_stock":0,"stock_on_hold":0,"sold_today":0,"sales_last_days":0,"reserved_stock":0,"customer_returns":0,"warehouse_damage":0,"lost_in_post":0,"other_logs":0,"out_stock_days":1136,"lost_sales":0,"has_location":false,"update_date":"2026-01-28T23:11:01","atum_locations":[{"id":32,"name":"Helsinki","slug":"helsinki"}],"atum_stock_status":"outofstock","restock_status":false,"low_stock_amount":"","sales_update_date":"2026-01-28T23:11:01","calc_backorders":null,"acf":{"publisher":{"ID":15270,"post_author":"1","post_date":"2021-08-04 15:01:56","post_date_gmt":"2021-08-04 12:01:56","post_content":"","post_title":"Lionbooks","post_excerpt":"","post_status":"publish","comment_status":"closed","ping_status":"closed","post_password":"","post_name":"lionbooks","to_ping":"","pinged":"","post_modified":"2021-08-04 15:01:56","post_modified_gmt":"2021-08-04 12:01:56","post_content_filtered":"","post_parent":0,"guid":"https:\/\/sachviet.eu\/nha-phat-hanh\/lionbooks\/","menu_order":0,"post_type":"publisher","post_mime_type":"","comment_count":"0","filter":"raw"}},"_links":{"self":[{"href":"https:\/\/sachviet.eu\/en\/wp-json\/wp\/v2\/product\/17924","targetHints":{"allow":["GET"]}}],"collection":[{"href":"https:\/\/sachviet.eu\/en\/wp-json\/wp\/v2\/product"}],"about":[{"href":"https:\/\/sachviet.eu\/en\/wp-json\/wp\/v2\/types\/product"}],"wp:featuredmedia":[{"embeddable":true,"href":"https:\/\/sachviet.eu\/en\/wp-json\/wp\/v2\/media\/17923"}],"wp:attachment":[{"href":"https:\/\/sachviet.eu\/en\/wp-json\/wp\/v2\/media?parent=17924"}],"wp:term":[{"taxonomy":"product_brand","embeddable":true,"href":"https:\/\/sachviet.eu\/en\/wp-json\/wp\/v2\/product_brand?post=17924"},{"taxonomy":"product_cat","embeddable":true,"href":"https:\/\/sachviet.eu\/en\/wp-json\/wp\/v2\/product_cat?post=17924"},{"taxonomy":"product_tag","embeddable":true,"href":"https:\/\/sachviet.eu\/en\/wp-json\/wp\/v2\/product_tag?post=17924"}],"curies":[{"name":"wp","href":"https:\/\/api.w.org\/{rel}","templated":true}]}}