{"id":17922,"date":"2022-04-09T17:44:48","date_gmt":"2022-04-09T14:44:48","guid":{"rendered":"https:\/\/sachviet.eu\/shop\/nhung-dua-tre-ki-dieu-bo-6-quyen\/"},"modified":"2022-12-19T18:19:11","modified_gmt":"2022-12-19T16:19:11","slug":"nhung-dua-tre-ki-dieu-bo-6-quyen","status":"publish","type":"product","link":"https:\/\/sachviet.eu\/en\/shop\/nhung-dua-tre-ki-dieu-bo-6-quyen\/","title":{"rendered":"Nh\u1eefng \u0110\u1ee9a Tr\u1ebb K\u00ec Di\u1ec7u &#8211; B\u1ed9 6 quy\u1ec3n"},"content":{"rendered":"<p>Khi cha c\u1ee7a Billy Pickles b\u1ecf nh\u00e0 \u0111\u1ebfn s\u1ed1ng \u1edf New York, \u00f4ng t\u1eb7ng l\u1ea1i cho c\u1eadu m\u1ed9t chi\u1ebfc h\u1ed9p d\u1ef1ng ti\u1ec1n. Billy kh\u00f4ng bi\u1ebft ph\u1ea3i nh\u00e9t ti\u1ec1n v\u00e0o ch\u1ed7 n\u00e0o v\u00e0 v\u00ec sao cha c\u1eadu l\u1ea1i b\u1ecf \u0111i  nh\u01b0 v\u1eady.<\/p>\n<p>Th\u1ebf r\u1ed3i, b\u1eaft \u0111\u1ea7u nh\u1eefng cu\u1ed9c phi\u00eau l\u01b0u k\u00ec th\u00fa \u0111\u1ebfn v\u1edbi Billy. C\u1eadu \u0111\u01b0a b\u00e0 n\u1ed9i \u0111i tham quan tr\u00ean m\u1ed9t chi\u1ebfc tr\u1ef1c th\u0103ng, m\u1edf \u0111\u01b0\u1ee3c m\u1ed9t chi\u1ebfc k\u00e9t s\u1eaft v\u00e0 gi\u1ea3i quy\u1ebft m\u1ed9t v\u1ee5 b\u1eaft c\u00f3c. \u0110\u1eb7c bi\u1ec7t, c\u1eadu c\u00f3 c\u01a1 h\u1ed9i hi\u1ec3u v\u00e0 y\u00eau cha m\u00ecnh h\u01a1n.<\/p>\n<p>V\u1ec1 t\u00e1c gi\u1ea3: Sally Gardner l\u00e0 nh\u00e0 v\u0103n v\u00e0 h\u1ecda s\u0129 minh h\u1ecda s\u00e1ch cho tr\u1ebb em ng\u01b0\u1eddi Anh. V\u1edbi t\u00e1c ph\u1ea9m Maggot Moon, b\u00e0 \u0111\u00e3 gi\u00e0nh \u0111\u01b0\u1ee3c c\u1ea3 Gi\u1ea3i th\u01b0\u1edfng S\u00e1ch d\u00e0nh cho Tr\u1ebb em Costa v\u00e0 Huy ch\u01b0\u01a1ng Carnegie. <\/p>\n<p>Sally Gardner kh\u1edfi \u0111\u1ea7u s\u1ef1 nghi\u1ec7p v\u1edbi ngh\u1ec1 thi\u1ebft k\u1ebf c\u1ea3nh v\u00e0 ph\u1ee5c trang cho s\u00e2n kh\u1ea5u tr\u01b0\u1edbc khi tr\u1edf th\u00e0nh nh\u00e0 v\u0103n v\u00e0 h\u1ecda s\u0129 minh h\u1ecda c\u1ee7a nh\u1eefng t\u00e1c ph\u1ea9m thi\u1ebfu nhi r\u1ea5t \u0111\u01b0\u1ee3c y\u00eau th\u00edch nh\u01b0 C\u00f4 ti\u00ean \u0111i mua s\u1eafm, V\u1ec1 c\u00e1c n\u00e0ng ti\u00ean, Tr\u00e1i tim th\u1ee7y tinh, T\u00f4i l\u00e0 Coriander c\u0169ng nh\u01b0 nhi\u1ec1u t\u00e1c ph\u1ea9m kh\u00e1c.<\/p>\n<p>C\u00f9ng t\u00ecm \u0111\u1ecdc b\u1ed9 s\u00e1ch Nh\u1eefng \u0110\u1ee9a Tr\u1ebb K\u00ec Di\u1ec7u (6 cu\u1ed1n):<br \/>\nNh\u1eefng \u0110\u1ee9a Tr\u1ebb K\u00ec Di\u1ec7u &#8211; C\u1eadu B\u00e9 C\u00f3 \u0110\u00f4i Ch\u00e2n Tia Ch\u1edbp<br \/>\nNh\u1eefng \u0110\u1ee9a Tr\u1ebb K\u00ec Di\u1ec7u &#8211; C\u1eadu B\u00e9 T\u00e0ng H\u00ecnh<br \/>\nNh\u1eefng \u0110\u1ee9a Tr\u1ebb K\u00ec Di\u1ec7u &#8211; C\u1eadu B\u00e9 V\u00e0 Nh\u1eefng Con S\u1ed1 M\u00e0u Nhi\u1ec7m<br \/>\nNh\u1eefng \u0110\u1ee9a Tr\u1ebb K\u00ec Di\u1ec7u &#8211; C\u1eadu B\u00e9 Bi\u1ebft Bay<br \/>\nNh\u1eefng \u0110\u1ee9a Tr\u1ebb K\u00ec Di\u1ec7u &#8211; C\u00f4 B\u00e9 Kh\u1ecfe Nh\u1ea5t Th\u1ebf Gi\u1edbi<br \/>\nNh\u1eefng \u0110\u1ee9a Tr\u1ebb K\u00ec Di\u1ec7u &#8211; C\u00f4 B\u00e9 T\u00ed Hon<\/p>\n","protected":false},"excerpt":{"rendered":"<p>Khi cha c\u1ee7a Billy Pickles b\u1ecf nh\u00e0 \u0111\u1ebfn s\u1ed1ng \u1edf New York, \u00f4ng t\u1eb7ng l\u1ea1i cho c\u1eadu m\u1ed9t chi\u1ebfc h\u1ed9p d\u1ef1ng ti\u1ec1n. Billy kh\u00f4ng bi\u1ebft ph\u1ea3i nh\u00e9t ti\u1ec1n v\u00e0o ch\u1ed7 n\u00e0o v\u00e0 v\u00ec sao cha c\u1eadu l\u1ea1i b\u1ecf \u0111i  nh\u01b0 v\u1eady.<\/p>\n<p>Th\u1ebf r\u1ed3i, b\u1eaft \u0111\u1ea7u nh\u1eefng cu\u1ed9c phi\u00eau l\u01b0u k\u00ec th\u00fa \u0111\u1ebfn v\u1edbi Billy. C\u1eadu \u0111\u01b0a b\u00e0 n\u1ed9i \u0111i tham quan tr\u00ean m\u1ed9t chi\u1ebfc tr\u1ef1c th\u0103ng, m\u1edf \u0111\u01b0\u1ee3c m\u1ed9t chi\u1ebfc k\u00e9t s\u1eaft v\u00e0 gi\u1ea3i quy\u1ebft m\u1ed9t v\u1ee5 b\u1eaft c\u00f3c. \u0110\u1eb7c bi\u1ec7t, c\u1eadu c\u00f3 c\u01a1 h\u1ed9i hi\u1ec3u v\u00e0 y\u00eau cha m\u00ecnh h\u01a1n.<\/p>\n<p>V\u1ec1 t\u00e1c gi\u1ea3: Sally Gardner l\u00e0 nh\u00e0 v\u0103n v\u00e0 h\u1ecda s\u0129 minh h\u1ecda s\u00e1ch cho tr\u1ebb em ng\u01b0\u1eddi Anh. V\u1edbi t\u00e1c ph\u1ea9m Maggot Moon, b\u00e0 \u0111\u00e3 gi\u00e0nh \u0111\u01b0\u1ee3c c\u1ea3 Gi\u1ea3i th\u01b0\u1edfng S\u00e1ch d\u00e0nh cho Tr\u1ebb em Costa v\u00e0 Huy ch\u01b0\u01a1ng Carnegie. <\/p>\n<p>Sally Gardner kh\u1edfi \u0111\u1ea7u s\u1ef1 nghi\u1ec7p v\u1edbi ngh\u1ec1 thi\u1ebft k\u1ebf c\u1ea3nh v\u00e0 ph\u1ee5c trang cho s\u00e2n kh\u1ea5u tr\u01b0\u1edbc khi tr\u1edf th\u00e0nh nh\u00e0 v\u0103n v\u00e0 h\u1ecda s\u0129 minh h\u1ecda c\u1ee7a nh\u1eefng t\u00e1c ph\u1ea9m thi\u1ebfu nhi r\u1ea5t \u0111\u01b0\u1ee3c y\u00eau th\u00edch nh\u01b0 C\u00f4 ti\u00ean \u0111i mua s\u1eafm, V\u1ec1 c\u00e1c n\u00e0ng ti\u00ean, Tr\u00e1i tim th\u1ee7y tinh, T\u00f4i l\u00e0 Coriander c\u0169ng nh\u01b0 nhi\u1ec1u t\u00e1c ph\u1ea9m kh\u00e1c.<\/p>\n","protected":false},"featured_media":17916,"template":"","meta":{"_acf_changed":false},"product_brand":[],"product_cat":[25,17,26],"product_tag":[],"class_list":{"0":"post-17922","1":"product","2":"type-product","3":"status-publish","4":"has-post-thumbnail","6":"product_cat-nhi-dong-6-tuoi-12-tuoi","7":"product_cat-sach-danh-cho-cac-be","8":"product_cat-thieu-nien-11-tuoi-18-tuoi","10":"first","11":"instock","12":"taxable","13":"shipping-taxable","14":"purchasable","15":"product-type-simple"},"supplier_id":null,"supplier_sku":"","barcode":null,"atum_controlled":true,"out_stock_date":null,"out_stock_threshold":null,"inheritable":false,"inbound_stock":0,"stock_on_hold":0,"sold_today":0,"sales_last_days":0,"reserved_stock":0,"customer_returns":0,"warehouse_damage":0,"lost_in_post":0,"other_logs":0,"out_stock_days":0,"lost_sales":0,"has_location":false,"update_date":"2026-01-28T23:11:01","atum_locations":[{"id":32,"name":"Helsinki","slug":"helsinki"}],"atum_stock_status":"instock","restock_status":false,"low_stock_amount":"","sales_update_date":"2026-01-28T23:11:01","calc_backorders":null,"acf":{"publisher":{"ID":1454,"post_author":"1","post_date":"2021-02-17 01:11:34","post_date_gmt":"2021-02-16 23:11:34","post_content":"<!-- wp:flatsome\/uxbuilder -->\n<h1 style=\"text-align: center;\"><strong>Kim \u0110\u1ed3ng<\/strong><\/h1>\n[row]\n\n[col span=\"3\" span__sm=\"12\"]\n\n[ux_image id=\"1534\" image_size=\"medium\"]\n\n\n[\/col]\n[col span=\"9\" span__sm=\"12\"]\n\n<p>Nh\u00e0 xu\u1ea5t b\u1ea3n Kim \u0110\u1ed3ng tr\u1ef1c thu\u1ed9c Trung \u01b0\u01a1ng \u0110o\u00e0n TNCS H\u1ed3 Ch\u00ed Minh l\u00e0 Nh\u00e0 xu\u1ea5t b\u1ea3n t\u1ed5ng h\u1ee3p c\u00f3 ch\u1ee9c n\u0103ng xu\u1ea5t b\u1ea3n s\u00e1ch v\u00e0 v\u0103n h\u00f3a ph\u1ea9m ph\u1ee5c v\u1ee5 thi\u1ebfu nhi v\u00e0 c\u00e1c b\u1eadc ph\u1ee5 huynh trong c\u1ea3 n\u01b0\u1edbc, qu\u1ea3ng b\u00e1 v\u00e0 gi\u1edbi thi\u1ec7u v\u0103n h\u00f3a Vi\u1ec7t Nam ra th\u1ebf gi\u1edbi.<br \/>Nh\u00e0 xu\u1ea5t b\u1ea3n c\u00f3 nhi\u1ec7m v\u1ee5 t\u1ed5 ch\u1ee9c b\u1ea3n th\u1ea3o, bi\u00ean so\u1ea1n, bi\u00ean d\u1ecbch, xu\u1ea5t b\u1ea3n v\u00e0 ph\u00e1t h\u00e0nh c\u00e1c xu\u1ea5t b\u1ea3n ph\u1ea9m c\u00f3 n\u1ed9i dung: gi\u00e1o d\u1ee5c truy\u1ec1n th\u1ed1ng d\u00e2n t\u1ed9c, gi\u00e1o d\u1ee5c v\u1ec1 tri th\u1ee9c, ki\u1ebfn th\u1ee9c\u2026 tr\u00ean c\u00e1c l\u0129nh v\u1ef1c v\u0103n h\u1ecdc, ngh\u1ec7 thu\u1eadt, khoa h\u1ecdc k\u1ef9 thu\u1eadt nh\u1eb1m cung c\u1ea5p cho c\u00e1c em thi\u1ebfu nhi c\u0169ng nh\u01b0 c\u00e1c b\u1eadc ph\u1ee5 huynh c\u00e1c ki\u1ebfn th\u1ee9c c\u1ea7n thi\u1ebft trong cu\u1ed9c s\u1ed1ng, nh\u1eefng tinh hoa c\u1ee7a tri th\u1ee9c nh\u00e2n lo\u1ea1i nh\u1eb1m g\u00f3p ph\u1ea7n gi\u00e1o d\u1ee5c v\u00e0 h\u00ecnh th\u00e0nh nh\u00e2n c\u00e1ch th\u1ebf h\u1ec7 tr\u1ebb.<br \/>\u0110\u1ed1i t\u01b0\u1ee3ng ph\u1ee5c v\u1ee5 c\u1ee7a Nh\u00e0 xu\u1ea5t b\u1ea3n l\u00e0 c\u00e1c em t\u1eeb tu\u1ed5i nh\u00e0 tr\u1ebb m\u1eabu gi\u00e1o (1 \u0111\u1ebfn 5 tu\u1ed5i), nhi \u0111\u1ed3ng (6 \u0111\u1ebfn 9 tu\u1ed5i), thi\u1ebfu ni\u00ean (10 \u0111\u1ebfn 15 tu\u1ed5i) \u0111\u1ebfn c\u00e1c em tu\u1ed5i m\u1edbi l\u1edbn (16 \u0111\u1ebfn 18 tu\u1ed5i) v\u00e0 c\u00e1c b\u1eadc ph\u1ee5 huynh.<\/p>\n\n[\/col]\n\n[\/row]\n\n<!-- \/wp:flatsome\/uxbuilder -->","post_title":"Kim \u0110\u1ed3ng","post_excerpt":"","post_status":"publish","comment_status":"closed","ping_status":"closed","post_password":"","post_name":"kim-dong","to_ping":"","pinged":"","post_modified":"2021-02-17 01:31:56","post_modified_gmt":"2021-02-16 23:31:56","post_content_filtered":"","post_parent":0,"guid":"https:\/\/sachviet.eu\/nha-phat-hanh\/kim-dong\/","menu_order":0,"post_type":"publisher","post_mime_type":"","comment_count":"0","filter":"raw"}},"_links":{"self":[{"href":"https:\/\/sachviet.eu\/en\/wp-json\/wp\/v2\/product\/17922","targetHints":{"allow":["GET"]}}],"collection":[{"href":"https:\/\/sachviet.eu\/en\/wp-json\/wp\/v2\/product"}],"about":[{"href":"https:\/\/sachviet.eu\/en\/wp-json\/wp\/v2\/types\/product"}],"wp:featuredmedia":[{"embeddable":true,"href":"https:\/\/sachviet.eu\/en\/wp-json\/wp\/v2\/media\/17916"}],"wp:attachment":[{"href":"https:\/\/sachviet.eu\/en\/wp-json\/wp\/v2\/media?parent=17922"}],"wp:term":[{"taxonomy":"product_brand","embeddable":true,"href":"https:\/\/sachviet.eu\/en\/wp-json\/wp\/v2\/product_brand?post=17922"},{"taxonomy":"product_cat","embeddable":true,"href":"https:\/\/sachviet.eu\/en\/wp-json\/wp\/v2\/product_cat?post=17922"},{"taxonomy":"product_tag","embeddable":true,"href":"https:\/\/sachviet.eu\/en\/wp-json\/wp\/v2\/product_tag?post=17922"}],"curies":[{"name":"wp","href":"https:\/\/api.w.org\/{rel}","templated":true}]}}