{"id":17915,"date":"2022-04-09T17:44:37","date_gmt":"2022-04-09T14:44:37","guid":{"rendered":"https:\/\/sachviet.eu\/shop\/suc-manh-cua-hien-tai-tai-ban\/"},"modified":"2023-04-27T15:53:41","modified_gmt":"2023-04-27T12:53:41","slug":"suc-manh-cua-hien-tai-tai-ban","status":"publish","type":"product","link":"https:\/\/sachviet.eu\/en\/shop\/suc-manh-cua-hien-tai-tai-ban\/","title":{"rendered":"S\u1ee9c M\u1ea1nh C\u1ee7a Hi\u1ec7n T\u1ea1i (T\u00e1i B\u1ea3n)"},"content":{"rendered":"<p>S\u1ee9c M\u1ea1nh C\u1ee7a Hi\u1ec7n T\u1ea1i \u0111\u01b0\u1ee3c vi\u1ebft m\u1ed9t c\u00e1ch s\u00fac t\u00edch v\u00e0 th\u00e2m thu\u00fd n\u00ean nhi\u1ec1u khi ta ch\u1ec9 c\u1ea7n \u0111\u1ecdc m\u1ed9t c\u00e2y hay m\u1ed9t \u0111o\u1ea1n ng\u1eafn th\u00ec \u0111\u00e3 c\u1ea3m th\u1ea5y v\u1eeba \u0111\u1ee7, v\u00ec qu\u1ea3 th\u1ef1c ch\u00fang ta c\u1ea7n c\u00f3 kh\u00f4ng gian \u0111\u1ec3 chi\u00eam nghi\u1ec7m nh\u1eefng \u0111i\u1ec1u s\u00e2u s\u1eafc m\u00e0 t\u00e1c gi\u1ea3 \u0111\u00e3 \u0111\u01b0a ra. Nh\u1edd s\u1eed d\u1ee5ng ng\u00f4n ng\u1eef \u0111\u01b0\u01a1ng \u0111\u1ea1i n\u00ean &#8220;S\u1ee9c M\u1ea1nh C\u1ee7a Hi\u1ec7n T\u1ea1i&#8221; d\u1ec5 d\u00e0ng \u0111i v\u00e0o l\u00f2ng \u0111\u1ed9c gi\u1ea3. Cu\u1ed1n s\u00e1ch n\u00e0y c\u00f3 n\u0103ng l\u1ef1c r\u1ea5t l\u1edbn \u0111\u1ec3 gi\u00fap b\u1ea1n chuy\u1ec3n ho\u00e1 kh\u1ed5 \u0111au v\u00e0 \u0111\u01b0a b\u1ea1n \u0111\u1ebfn gi\u1ea3i tho\u00e1t.<\/p>\n<p>&#8220;S\u1ee9c M\u1ea1nh C\u1ee7a Hi\u1ec7n T\u1ea1i&#8221; s\u1ebd r\u1ea5t h\u1eefu \u00edch v\u00e0 th\u1ef1c d\u1ee5ng n\u1ebfu b\u1ea1n \u0111ang c\u00f3 nh\u1eefng kh\u00f3 kh\u0103n trong \u0111\u1eddi s\u1ed1ng c\u00e1 nh\u00e2n, hay \u0111\u1eddi s\u1ed1ng v\u1ee3 ch\u1ed3ng, cu\u1ed1n s\u00e1ch n\u00e0y s\u1ebd gi\u00fap b\u1ea1n v\u01b0\u1ee3t qua nh\u1eefng kh\u00f3 kh\u0103n \u0111\u00f3, x\u00e2y d\u1ef1ng l\u1ea1i m\u1ed1i quan h\u1ec7 ng\u00e0y m\u1ed9t t\u1ed1t \u0111\u1eb9p h\u01a1n. Th\u1eadm ch\u00ed quy\u1ec3n s\u00e1ch n\u00e0y c\u00f2n c\u00f3 kh\u1ea3 n\u0103ng gi\u00fap b\u1ea1n th\u1ef1c hi\u1ec7n nh\u1eefng \u01b0\u1edbc m\u01a1, ho\u00e0i b\u00e3o s\u00e2u k\u00edn \u1edf trong b\u1ea1n b\u1ea5y nay. V\u00e0 xa h\u01a1n n\u1eefa, &#8220;S\u1ee9c m\u1ea1nh c\u1ee7a hi\u1ec7n t\u1ea1i&#8221; c\u00f3 th\u1ec3 gi\u00fap b\u1ea1n th\u1ef1c hi\u1ec7n \u0111\u01b0\u1ee3c m\u1ee5c \u0111\u00edch t\u1ed1i h\u1eadu c\u1ee7a m\u1ed9t con ng\u01b0\u1eddi l\u00e0 nh\u1eadn th\u1ee9c \u0111\u01b0\u1ee3c b\u1ea3n ch\u1ea5t ch\u00e2n th\u1ef1c c\u1ee7a m\u00ecnh l\u00e0 g\u00ec.<\/p>\n<p>S\u1ee9c m\u1ea1nh c\u1ee7a hi\u1ec7n t\u1ea1i &#8211; The Power of now &#8211; t\u00e1c ph\u1ea9m n\u1ed5i ti\u1ebfng th\u1ebf gi\u1edbi, \u0111\u01b0\u1ee3c th\u1eddi b\u00e1o New York Times b\u00ecnh ch\u1ecdn l\u00e0 cu\u1ed1n s\u00e1ch hay v\u00e0 b\u00e1n ch\u1ea1y nh\u1ea5t, th\u1ef1c s\u1ef1 thi\u1ebft th\u1ef1c v\u00e0 h\u1eefu \u00edch cho cu\u1ed9c s\u1ed1ng tinh th\u1ea7n m\u1ecdi ng\u01b0\u1eddi trong th\u1eddi \u0111\u1ea1i m\u1edbi. Ch\u00e2n l\u00fd m\u00e0 b\u1eadc th\u1ea7y v\u1ec1 t\u00e2m linh &#8211; Eckhart Tolle, truy\u1ec1n t\u1ea3i trong t\u00e1c ph\u1ea9m \u0111\u1eb7c bi\u1ec7t n\u00e0y ch\u00ednh l\u00e0 ph\u00e2n t\u00edch \u0111\u01b0\u1ee3c n\u1ed7i \u0111au kh\u1ed5 tinh th\u1ea7n c\u1ee7a con ng\u01b0\u1eddi x\u1ea3y ra tri\u1ec1n mi\u00ean khi lu\u00f4n ch\u00ecm \u0111\u1eafm suy ngh\u0129 v\u00e0o qu\u00e1 kh\u1ee9 v\u00e0 kh\u00f4ng nh\u1eadn th\u1ee9c \u0111\u01b0\u1ee3c gi\u00e1 tr\u1ecb v\u00e0 s\u1ee9c m\u1ea1nh c\u1ee7a Hi\u1ec7n t\u1ea1i. Khi t\u1eadp trung v\u00e0o hi\u1ec7n t\u1ea1i, b\u1ea1n s\u1ebd v\u01b0\u1ee3t l\u00ean t\u1ea5t c\u1ea3 nh\u1eefng suy ngh\u0129 ti\u00eau c\u1ef1c, t\u00ecm \u0111\u01b0\u1ee3c b\u1ea3n ng\u00e3 c\u1ee7a m\u00ecnh v\u00e0 tinh th\u1ea7n c\u1ee7a b\u1ea1n s\u1ebd thanh th\u1ea3n h\u01a1n r\u1ea5t nhi\u1ec1u.<\/p>\n<p>Cu\u1ed1n s\u00e1ch l\u00e0 ng\u01b0\u1eddi \u0111\u1ed3ng h\u00e0nh gi\u00fap b\u1ea1n t\u00ecm v\u1ec1 v\u1edbi ch\u00ednh m\u00ecnh. B\u1ea1n s\u1ebd b\u1ea5t ng\u1edd kh\u00e1m ph\u00e1 ra nh\u1eefng ch\u00e2n gi\u00e1 tr\u1ecb qu\u00fd b\u00e1u m\u00e0 ch\u00ednh b\u1ea1n \u0111ang c\u00f3 s\u1eb5n nh\u01b0ng b\u1ea1n \u0111\u00e3 kh\u00f4ng nh\u1eadn ra. Cu\u1ed1n s\u00e1ch l\u00e0 kim ch\u1ec9 nam cho t\u1ea5t c\u1ea3 ch\u00fang ta t\u00ecm l\u1ea1i gi\u00e1 tr\u1ecb \u0111\u00edch th\u1ef1c c\u1ee7a cu\u1ed9c s\u1ed1ng v\u00e0 c\u1ea3m nh\u1eadn nh\u1eefng gi\u00e1 tr\u1ecb t\u01b0\u01a1i \u0111\u1eb9p v\u1ed1n c\u00f3.<\/p>\n","protected":false},"excerpt":{"rendered":"<p>S\u1ee9c M\u1ea1nh C\u1ee7a Hi\u1ec7n T\u1ea1i \u0111\u01b0\u1ee3c vi\u1ebft m\u1ed9t c\u00e1ch s\u00fac t\u00edch v\u00e0 th\u00e2m thu\u00fd n\u00ean nhi\u1ec1u khi ta ch\u1ec9 c\u1ea7n \u0111\u1ecdc m\u1ed9t c\u00e2y hay m\u1ed9t \u0111o\u1ea1n ng\u1eafn th\u00ec \u0111\u00e3 c\u1ea3m th\u1ea5y v\u1eeba \u0111\u1ee7, v\u00ec qu\u1ea3 th\u1ef1c ch\u00fang ta c\u1ea7n c\u00f3 kh\u00f4ng gian \u0111\u1ec3 chi\u00eam nghi\u1ec7m nh\u1eefng \u0111i\u1ec1u s\u00e2u s\u1eafc m\u00e0 t\u00e1c gi\u1ea3 \u0111\u00e3 \u0111\u01b0a ra. Nh\u1edd s\u1eed d\u1ee5ng ng\u00f4n ng\u1eef \u0111\u01b0\u01a1ng \u0111\u1ea1i n\u00ean &#8220;S\u1ee9c M\u1ea1nh C\u1ee7a Hi\u1ec7n T\u1ea1i&#8221; d\u1ec5 d\u00e0ng \u0111i v\u00e0o l\u00f2ng \u0111\u1ed9c gi\u1ea3. Cu\u1ed1n s\u00e1ch n\u00e0y c\u00f3 n\u0103ng l\u1ef1c r\u1ea5t l\u1edbn \u0111\u1ec3 gi\u00fap b\u1ea1n chuy\u1ec3n ho\u00e1 kh\u1ed5 \u0111au v\u00e0 \u0111\u01b0a b\u1ea1n \u0111\u1ebfn gi\u1ea3i tho\u00e1t.<\/p>\n<p>&#8220;S\u1ee9c M\u1ea1nh C\u1ee7a Hi\u1ec7n T\u1ea1i&#8221; s\u1ebd r\u1ea5t h\u1eefu \u00edch v\u00e0 th\u1ef1c d\u1ee5ng n\u1ebfu b\u1ea1n \u0111ang c\u00f3 nh\u1eefng kh\u00f3 kh\u0103n trong \u0111\u1eddi s\u1ed1ng c\u00e1 nh\u00e2n, hay \u0111\u1eddi s\u1ed1ng v\u1ee3 ch\u1ed3ng, cu\u1ed1n s\u00e1ch n\u00e0y s\u1ebd gi\u00fap b\u1ea1n v\u01b0\u1ee3t qua nh\u1eefng kh\u00f3 kh\u0103n \u0111\u00f3, x\u00e2y d\u1ef1ng l\u1ea1i m\u1ed1i quan h\u1ec7 ng\u00e0y m\u1ed9t t\u1ed1t \u0111\u1eb9p h\u01a1n. Th\u1eadm ch\u00ed quy\u1ec3n s\u00e1ch n\u00e0y c\u00f2n c\u00f3 kh\u1ea3 n\u0103ng gi\u00fap b\u1ea1n th\u1ef1c hi\u1ec7n nh\u1eefng \u01b0\u1edbc m\u01a1, ho\u00e0i b\u00e3o s\u00e2u k\u00edn \u1edf trong b\u1ea1n b\u1ea5y nay. V\u00e0 xa h\u01a1n n\u1eefa, &#8220;S\u1ee9c m\u1ea1nh c\u1ee7a hi\u1ec7n t\u1ea1i&#8221; c\u00f3 th\u1ec3 gi\u00fap b\u1ea1n th\u1ef1c hi\u1ec7n \u0111\u01b0\u1ee3c m\u1ee5c \u0111\u00edch t\u1ed1i h\u1eadu c\u1ee7a m\u1ed9t con ng\u01b0\u1eddi l\u00e0 nh\u1eadn th\u1ee9c \u0111\u01b0\u1ee3c b\u1ea3n ch\u1ea5t ch\u00e2n th\u1ef1c c\u1ee7a m\u00ecnh l\u00e0 g\u00ec.<\/p>\n<p>S\u1ee9c m\u1ea1nh c\u1ee7a hi\u1ec7n t\u1ea1i &#8211; The Power of now &#8211; t\u00e1c ph\u1ea9m n\u1ed5i ti\u1ebfng th\u1ebf gi\u1edbi, \u0111\u01b0\u1ee3c th\u1eddi b\u00e1o New York Times b\u00ecnh ch\u1ecdn l\u00e0 cu\u1ed1n s\u00e1ch hay v\u00e0 b\u00e1n ch\u1ea1y nh\u1ea5t, th\u1ef1c s\u1ef1 thi\u1ebft th\u1ef1c v\u00e0 h\u1eefu \u00edch cho cu\u1ed9c s\u1ed1ng tinh th\u1ea7n m\u1ecdi ng\u01b0\u1eddi trong th\u1eddi \u0111\u1ea1i m\u1edbi. Ch\u00e2n l\u00fd m\u00e0 b\u1eadc th\u1ea7y v\u1ec1 t\u00e2m linh &#8211; Eckhart Tolle, truy\u1ec1n t\u1ea3i trong t\u00e1c ph\u1ea9m \u0111\u1eb7c bi\u1ec7t n\u00e0y ch\u00ednh l\u00e0 ph\u00e2n t\u00edch \u0111\u01b0\u1ee3c n\u1ed7i \u0111au kh\u1ed5 tinh th\u1ea7n c\u1ee7a con ng\u01b0\u1eddi x\u1ea3y ra tri\u1ec1n mi\u00ean khi lu\u00f4n ch\u00ecm \u0111\u1eafm suy ngh\u0129 v\u00e0o qu\u00e1 kh\u1ee9 v\u00e0 kh\u00f4ng nh\u1eadn th\u1ee9c \u0111\u01b0\u1ee3c gi\u00e1 tr\u1ecb v\u00e0 s\u1ee9c m\u1ea1nh c\u1ee7a Hi\u1ec7n t\u1ea1i. Khi t\u1eadp trung v\u00e0o hi\u1ec7n t\u1ea1i, b\u1ea1n s\u1ebd v\u01b0\u1ee3t l\u00ean t\u1ea5t c\u1ea3 nh\u1eefng suy ngh\u0129 ti\u00eau c\u1ef1c, t\u00ecm \u0111\u01b0\u1ee3c b\u1ea3n ng\u00e3 c\u1ee7a m\u00ecnh v\u00e0 tinh th\u1ea7n c\u1ee7a b\u1ea1n s\u1ebd thanh th\u1ea3n h\u01a1n r\u1ea5t nhi\u1ec1u.<\/p>\n<p>Cu\u1ed1n s\u00e1ch l\u00e0 ng\u01b0\u1eddi \u0111\u1ed3ng h\u00e0nh gi\u00fap b\u1ea1n t\u00ecm v\u1ec1 v\u1edbi ch\u00ednh m\u00ecnh. B\u1ea1n s\u1ebd b\u1ea5t ng\u1edd kh\u00e1m ph\u00e1 ra nh\u1eefng ch\u00e2n gi\u00e1 tr\u1ecb qu\u00fd b\u00e1u m\u00e0 ch\u00ednh b\u1ea1n \u0111ang c\u00f3 s\u1eb5n nh\u01b0ng b\u1ea1n \u0111\u00e3 kh\u00f4ng nh\u1eadn ra. Cu\u1ed1n s\u00e1ch l\u00e0 kim ch\u1ec9 nam cho t\u1ea5t c\u1ea3 ch\u00fang ta t\u00ecm l\u1ea1i gi\u00e1 tr\u1ecb \u0111\u00edch th\u1ef1c c\u1ee7a cu\u1ed9c s\u1ed1ng v\u00e0 c\u1ea3m nh\u1eadn nh\u1eefng gi\u00e1 tr\u1ecb t\u01b0\u01a1i \u0111\u1eb9p v\u1ed1n c\u00f3.<\/p>\n","protected":false},"featured_media":17914,"template":"","meta":{"_acf_changed":false},"product_brand":[],"product_cat":[18,15,46],"product_tag":[],"class_list":{"0":"post-17915","1":"product","2":"type-product","3":"status-publish","4":"has-post-thumbnail","6":"product_cat-kinh-te","7":"product_cat-sach-danh-cho-nguoi-lon","8":"product_cat-ky-nang-song","10":"first","11":"outofstock","12":"taxable","13":"shipping-taxable","14":"purchasable","15":"product-type-simple"},"supplier_id":null,"supplier_sku":"","barcode":null,"atum_controlled":true,"out_stock_date":"2023-04-27 12:53:41","out_stock_threshold":null,"inheritable":false,"inbound_stock":0,"stock_on_hold":0,"sold_today":0,"sales_last_days":0,"reserved_stock":0,"customer_returns":0,"warehouse_damage":0,"lost_in_post":0,"other_logs":0,"out_stock_days":1007,"lost_sales":0,"has_location":true,"update_date":"2026-01-28T23:11:01","atum_locations":[{"id":32,"name":"Helsinki","slug":"helsinki"}],"atum_stock_status":"outofstock","restock_status":false,"low_stock_amount":"","sales_update_date":"2026-01-28T23:11:01","calc_backorders":null,"acf":{"publisher":{"ID":1785,"post_author":"1","post_date":"2021-02-17 01:54:46","post_date_gmt":"2021-02-16 23:54:46","post_content":"<!-- wp:flatsome\/uxbuilder -->\n<h1 style=\"text-align: center;\"><strong>AZ VIETNAM<\/strong><\/h1>\n[row]\n\n[col span=\"8\" span__sm=\"12\"]\n\n<p>Th\u00e0nh l\u1eadp n\u0103m: 2015<br \/>V\u1ed1n \u0111\u1ea7u t\u01b0: 4,000,000,000 \u0111\u1ed3ng<br \/><strong>L\u0129nh v\u1ef1c:<\/strong><br \/>- Xu\u1ea5t b\u1ea3n v\u00e0 ph\u00e1t h\u00e0nh v\u0103n h\u00f3a ph\u1ea9m<br \/>- Cung c\u1ea5p v\u0103n h\u00f3a ph\u1ea9m, c\u00e1c s\u1ea3n ph\u1ea9m cho in \u1ea5n, trang thi\u1ebft b\u1ecb cho c\u00e1c th\u01b0 vi\u1ec7n v\u00e0 trung t\u00e2m s\u00e1ch tr\u00ean c\u1ea3 n\u01b0\u1edbc.<br \/>- Th\u1eddi trang v\u00e0 c\u00e1c s\u1ea3n ph\u1ea9m li\u00ean quan \u0111\u1ebfn l\u0129nh v\u1ef1c th\u1eddi trang<br \/>- Xu\u1ea5t nh\u1eadp kh\u1ea9u c\u00e1c s\u1ea3n ph\u1ea9m v\u0103n h\u00f3a<\/p>\n<p><strong>Quy m\u00f4:<\/strong> 60 nh\u00e2n vi\u00ean<br \/>Kh\u1edfi ngu\u1ed3n c\u1ee7a AZ Vi\u1ec7t Nam ng\u00e0y nay l\u00e0 C\u00f4ng ty TNHH Trung t\u00e2m S\u00e1ch v\u00e0 Thi\u1ebft b\u1ecb Th\u01b0 vi\u1ec7n, v\u1edbi ho\u1ea1t \u0111\u1ed9ng \u0111\u1ea7u ti\u00ean l\u00e0 cung c\u1ea5p s\u00e1ch, trang thi\u1ebft b\u1ecb, v\u0103n h\u00f3a ph\u1ea9m cho c\u00e1c th\u01b0 vi\u1ec7n v\u00e0 trung t\u00e2m s\u00e1ch tr\u00ean c\u1ea3 n\u01b0\u1edbc. T\u1eeb cu\u1ed1i n\u0103m 2010 \u0111\u1ebfn nay, ch\u00fang t\u00f4i \u0111\u00e3 kh\u00f4ng ng\u1eebng n\u1ed7 l\u1ef1c khai ph\u00e1 v\u00e0 ph\u00e1t tri\u1ec3n c\u00e1c d\u00f2ng s\u1ea3n ph\u1ea9m m\u1edbi v\u1edbi 8 th\u01b0\u01a1ng hi\u1ec7u uy t\u00edn. \u0110\u1ec3 \u0111\u00e1p \u1ee9ng nhu c\u1ea7u ph\u00e1t tri\u1ec3n ng\u00e0y m\u1ed9t l\u1edbn m\u1ea1nh v\u00e0 t\u1eadp h\u1ee3p c\u00e1c th\u01b0\u01a1ng hi\u1ec7u \u0111\u00e3 \u0111\u01b0\u1ee3c ch\u00fang t\u00f4i x\u00e2y d\u1ef1ng, 2015 C\u00f4ng ty TNHH AZ Vi\u1ec7t Nam \u0111\u00e3 ra \u0111\u1eddi v\u1edbi s\u1ee9 m\u1ec7nh mang \u0111\u1ebfn nhi\u1ec1u h\u01a1n n\u1eefa nh\u1eefng gi\u00e1 tr\u1ecb tinh th\u1ea7n, tri th\u1ee9c ti\u00ean ti\u1ebfn cho ng\u01b0\u1eddi ti\u00eau d\u00f9ng b\u1eb1ng vi\u1ec7c cung c\u1ea5p nh\u1eefng s\u1ea3n ph\u1ea9m c\u00f3 ch\u1ea5t l\u01b0\u1ee3ng.<\/p>\n\n[\/col]\n[col span=\"4\" span__sm=\"12\"]\n\n[ux_image id=\"1836\" image_size=\"medium\"]\n\n\n[\/col]\n\n[\/row]\n\n<!-- \/wp:flatsome\/uxbuilder -->","post_title":"AZ Vi\u1ec7t Nam","post_excerpt":"","post_status":"publish","comment_status":"closed","ping_status":"closed","post_password":"","post_name":"az-viet-nam","to_ping":"","pinged":"","post_modified":"2021-02-17 22:07:10","post_modified_gmt":"2021-02-17 20:07:10","post_content_filtered":"","post_parent":0,"guid":"https:\/\/sachviet.eu\/nha-phat-hanh\/az-viet-nam\/","menu_order":0,"post_type":"publisher","post_mime_type":"","comment_count":"0","filter":"raw"}},"_links":{"self":[{"href":"https:\/\/sachviet.eu\/en\/wp-json\/wp\/v2\/product\/17915","targetHints":{"allow":["GET"]}}],"collection":[{"href":"https:\/\/sachviet.eu\/en\/wp-json\/wp\/v2\/product"}],"about":[{"href":"https:\/\/sachviet.eu\/en\/wp-json\/wp\/v2\/types\/product"}],"wp:featuredmedia":[{"embeddable":true,"href":"https:\/\/sachviet.eu\/en\/wp-json\/wp\/v2\/media\/17914"}],"wp:attachment":[{"href":"https:\/\/sachviet.eu\/en\/wp-json\/wp\/v2\/media?parent=17915"}],"wp:term":[{"taxonomy":"product_brand","embeddable":true,"href":"https:\/\/sachviet.eu\/en\/wp-json\/wp\/v2\/product_brand?post=17915"},{"taxonomy":"product_cat","embeddable":true,"href":"https:\/\/sachviet.eu\/en\/wp-json\/wp\/v2\/product_cat?post=17915"},{"taxonomy":"product_tag","embeddable":true,"href":"https:\/\/sachviet.eu\/en\/wp-json\/wp\/v2\/product_tag?post=17915"}],"curies":[{"name":"wp","href":"https:\/\/api.w.org\/{rel}","templated":true}]}}