{"id":17913,"date":"2022-04-09T17:44:31","date_gmt":"2022-04-09T14:44:31","guid":{"rendered":"https:\/\/sachviet.eu\/shop\/noi-tinh-cua-ngoai-tinh\/"},"modified":"2022-12-19T18:19:32","modified_gmt":"2022-12-19T16:19:32","slug":"noi-tinh-cua-ngoai-tinh","status":"publish","type":"product","link":"https:\/\/sachviet.eu\/en\/shop\/noi-tinh-cua-ngoai-tinh\/","title":{"rendered":"N\u1ed9i T\u00ecnh C\u1ee7a Ngo\u1ea1i T\u00ecnh"},"content":{"rendered":"<p>N\u1ed9i t\u00ecnh c\u1ee7a ngo\u1ea1i t\u00ecnh kh\u00f4ng h\u1eb3n l\u00e0 m\u1ed9t quy\u1ec3n s\u00e1ch ch\u1ec9 n\u00f3i v\u1ec1 s\u1ef1 ph\u1ea3n b\u1ed9i trong t\u00ecnh c\u1ea3m. M\u1ed9t m\u1ed1i quan h\u1ec7 b\u1ea5t ch\u00ednh d\u1ea1y ch\u00fang ta r\u1ea5t nhi\u1ec1u th\u1ee9 v\u1ec1 h\u00f4n nh\u00e2n &#8211; nh\u1eefng g\u00ec ch\u00fang ta k\u1ef3 v\u1ecdng, nh\u1eefng g\u00ec ch\u00fang ta mong mu\u1ed1n, nh\u1eefng g\u00ec ch\u00fang c\u1ea3m th\u1ea5y m\u00ecnh x\u1ee9ng \u0111\u00e1ng ph\u1ea3i c\u00f3. C\u00e1c m\u1ed1i quan h\u1ec7 b\u1ea5t ch\u00ednh \u0111\u01b0a ra m\u1ed9t khung c\u1eeda \u0111\u1ed9c nh\u1ea5t \u0111\u1ec3 nh\u00ecn v\u00e0o th\u00e1i \u0111\u1ed9 c\u00e1 nh\u00e2n l\u1eabn th\u00e1i \u0111\u1ed9 v\u0103n h\u00f3a m\u00e0 ch\u00fang ta c\u00f3 v\u1ec1 t\u00ecnh y\u00eau, d\u1ee5c v\u1ecdng v\u00e0 cam k\u1ebft t\u00ecnh c\u1ea3m. Th\u00f4ng qua vi\u1ec7c xem x\u00e9t v\u00e0 \u0111\u00e1nh gi\u00e1 t\u00ecnh y\u00eau v\u1ee5ng tr\u1ed9m d\u01b0\u1edbi nhi\u1ec1u g\u00f3c \u0111\u1ed9 kh\u00e1c nhau, t\u00f4i mong c\u00e1c b\u1ea1n \u0111\u1ed9c gi\u1ea3 c\u00f9ng tham gia kh\u00e1m ph\u00e1 v\u1ec1 c\u00e1c m\u1ed1i quan h\u1ec7 hi\u1ec7n \u0111\u1ea1i trong r\u1ea5t nhi\u1ec1u bi\u1ebfn th\u1ec3 kh\u00e1c nhau c\u1ee7a n\u00f3 v\u1edbi s\u1ef1 ch\u00e2n th\u00e0nh, s\u00e1ng su\u1ed1t v\u00e0 c\u1ea3 tranh c\u00e3i.<\/p>\n<p>Ng\u00e0y nay m\u1ed9t cu\u1ed9c \u0111\u1ed1i tho\u1ea1i v\u1ec1 c\u00e1c m\u1ed1i quan h\u1ec7 b\u1ea5t ch\u00ednh d\u1ec5 mang t\u00ednh chia c\u1eaft, ph\u00e1n x\u00e9t, v\u00e0 c\u00f3 l\u1ed1i suy ngh\u0129 thi\u1ec3n c\u1eadn. X\u00e9t d\u01b0\u1edbi g\u00f3c m\u1ed9t n\u1ec1n v\u0103n h\u00f3a, ch\u00fang ta ch\u01b0a khi n\u00e0o c\u1edfi m\u1edf v\u1ec1 t\u00ecnh d\u1ee5c h\u01a1n ng\u00e0y nay, nh\u01b0ng s\u1ef1 b\u1ed9i b\u1ea1c v\u1eabn c\u00f2n ch\u00ecm khu\u1ea5t \u0111\u1eb1ng sau m\u1ed9t \u0111\u00e1m m\u00e2y c\u1ee7a s\u1ef1 h\u1ed5 th\u1eb9n v\u00e0 gi\u1ea5u gi\u1ebfm. T\u00f4i hy v\u1ecdng quy\u1ec3n s\u00e1ch n\u00e0y s\u1ebd gi\u00fap xua \u0111i s\u1ef1 im l\u1eb7ng \u1ea5y v\u00e0 m\u1edf ra m\u1ed9t l\u1ed1i suy ngh\u0129 v\u00e0 di\u1ec5n \u0111\u1ea1t m\u1edbi m\u1ebb cho m\u1ed9t trong nh\u1eefng \u0111i\u1ec1u x\u01b0a c\u1ed5 nh\u1ea5t trong cu\u1ed9c s\u1ed1ng c\u1ee7a con ng\u01b0\u1eddi. R\u1ea5t nhi\u1ec1u ng\u01b0\u1eddi \u0111\u00e3 vi\u1ebft ra c\u00e1ch ng\u0103n ng\u1eeba v\u00e0 ch\u1eefa l\u00e0nh sau khi s\u1ef1 \u0111\u00e3 x\u1ea3y ra; nh\u01b0ng \u00edt ai vi\u1ebft v\u1ec1 \u00fd ngh\u0129a v\u00e0 \u0111\u1ed9ng c\u01a1 c\u1ee7a c\u00e1c m\u1ed1i quan h\u1ec7 b\u1ea5t ch\u00ednh. C\u00e0ng \u00edt h\u01a1n n\u1eefa nh\u1eefng ng\u01b0\u1eddi n\u00f3i v\u1ec1 nh\u1eefng \u0111i\u1ec1u m\u00e0 ch\u00fang ta c\u00f3 th\u1ec3 h\u1ecdc \u0111\u01b0\u1ee3c t\u1eeb c\u00e1c m\u1ed1i quan h\u1ec7 v\u00e0 l\u00e0m th\u1ebf n\u00e0o \u0111\u1ec3 ki\u1ebfn th\u1ee9c \u1ea5y c\u00f3 th\u1ec3 bi\u1ebfn \u0111\u1ed5i v\u00e0 ho\u00e0n thi\u1ec7n c\u00e1c m\u1ed1i quan h\u1ec7 c\u1ee7a ch\u00fang ta.<\/p>\n<p>Trong qu\u00e1 tr\u00ecnh h\u00e0nh ngh\u1ec1 t\u00e2m l\u00fd tr\u1ecb li\u1ec7u c\u1ee7a m\u00ecnh, su\u1ed1t s\u00e1u n\u0103m qua t\u00f4i v\u1eabn lu\u00f4n t\u1eadp trung v\u00e0o nh\u1eefng c\u1eb7p \u0111ang gi\u1ea3i quy\u1ebft vi\u1ec7c b\u1ecb ph\u1ea3n b\u1ed9i. Th\u00f4ng qua h\u1ecd, t\u00f4i \u0111\u00e3 \u0111o l\u01b0\u1eddng nh\u1eefng t\u1ea7ng s\u00e2u c\u1ee7a ch\u1ee7 \u0111\u1ec1 n\u00e0y. V\u00ec \u0111\u00e3 g\u1eb7p m\u1eb7t h\u1ecd khi \u0111i c\u00f9ng v\u1edbi nhau ho\u1eb7c khi \u0111i m\u1ed9t m\u00ecnh, t\u00f4i \u0111\u00e3 thu \u0111\u01b0\u1ee3c m\u1ed9t c\u00e1i nh\u00ecn kh\u00e1c l\u1ea1 v\u1ec1 tr\u1ea3i nghi\u1ec7m c\u1ee7a ng\u01b0\u1eddi l\u1ea7m l\u1ea1c, ch\u1ee9 kh\u00f4ng ch\u1ec9 ni\u1ec1m \u0111au c\u1ee7a ng\u01b0\u1eddi b\u1ecb ph\u1ea3n b\u1ed9i.<\/p>\n<p>C\u00e1c m\u1ed1i quan h\u1ec7 ngo\u00e0i lu\u1ed3ng th\u00ec lu\u00f4n b\u00ed m\u1eadt, v\u00e0 quy\u1ec3n s\u00e1ch n\u00e0y ch\u1ee9a nhi\u1ec1u b\u00ed m\u1eadt.<\/p>\n","protected":false},"excerpt":{"rendered":"<p>N\u1ed9i t\u00ecnh c\u1ee7a ngo\u1ea1i t\u00ecnh kh\u00f4ng h\u1eb3n l\u00e0 m\u1ed9t quy\u1ec3n s\u00e1ch ch\u1ec9 n\u00f3i v\u1ec1 s\u1ef1 ph\u1ea3n b\u1ed9i trong t\u00ecnh c\u1ea3m. M\u1ed9t m\u1ed1i quan h\u1ec7 b\u1ea5t ch\u00ednh d\u1ea1y ch\u00fang ta r\u1ea5t nhi\u1ec1u th\u1ee9 v\u1ec1 h\u00f4n nh\u00e2n &#8211; nh\u1eefng g\u00ec ch\u00fang ta k\u1ef3 v\u1ecdng, nh\u1eefng g\u00ec ch\u00fang ta mong mu\u1ed1n, nh\u1eefng g\u00ec ch\u00fang c\u1ea3m th\u1ea5y m\u00ecnh x\u1ee9ng \u0111\u00e1ng ph\u1ea3i c\u00f3. C\u00e1c m\u1ed1i quan h\u1ec7 b\u1ea5t ch\u00ednh \u0111\u01b0a ra m\u1ed9t khung c\u1eeda \u0111\u1ed9c nh\u1ea5t \u0111\u1ec3 nh\u00ecn v\u00e0o th\u00e1i \u0111\u1ed9 c\u00e1 nh\u00e2n l\u1eabn th\u00e1i \u0111\u1ed9 v\u0103n h\u00f3a m\u00e0 ch\u00fang ta c\u00f3 v\u1ec1 t\u00ecnh y\u00eau, d\u1ee5c v\u1ecdng v\u00e0 cam k\u1ebft t\u00ecnh c\u1ea3m. Th\u00f4ng qua vi\u1ec7c xem x\u00e9t v\u00e0 \u0111\u00e1nh gi\u00e1 t\u00ecnh y\u00eau v\u1ee5ng tr\u1ed9m d\u01b0\u1edbi nhi\u1ec1u g\u00f3c \u0111\u1ed9 kh\u00e1c nhau, t\u00f4i mong c\u00e1c b\u1ea1n \u0111\u1ed9c gi\u1ea3 c\u00f9ng tham gia kh\u00e1m ph\u00e1 v\u1ec1 c\u00e1c m\u1ed1i quan h\u1ec7 hi\u1ec7n \u0111\u1ea1i trong r\u1ea5t nhi\u1ec1u bi\u1ebfn th\u1ec3 kh\u00e1c nhau c\u1ee7a n\u00f3 v\u1edbi s\u1ef1 ch\u00e2n th\u00e0nh, s\u00e1ng su\u1ed1t v\u00e0 c\u1ea3 tranh c\u00e3i.<\/p>\n<p>Ng\u00e0y nay m\u1ed9t cu\u1ed9c \u0111\u1ed1i tho\u1ea1i v\u1ec1 c\u00e1c m\u1ed1i quan h\u1ec7 b\u1ea5t ch\u00ednh d\u1ec5 mang t\u00ednh chia c\u1eaft, ph\u00e1n x\u00e9t, v\u00e0 c\u00f3 l\u1ed1i suy ngh\u0129 thi\u1ec3n c\u1eadn. X\u00e9t d\u01b0\u1edbi g\u00f3c m\u1ed9t n\u1ec1n v\u0103n h\u00f3a, ch\u00fang ta ch\u01b0a khi n\u00e0o c\u1edfi m\u1edf v\u1ec1 t\u00ecnh d\u1ee5c h\u01a1n ng\u00e0y nay, nh\u01b0ng s\u1ef1 b\u1ed9i b\u1ea1c v\u1eabn c\u00f2n ch\u00ecm khu\u1ea5t \u0111\u1eb1ng sau m\u1ed9t \u0111\u00e1m m\u00e2y c\u1ee7a s\u1ef1 h\u1ed5 th\u1eb9n v\u00e0 gi\u1ea5u gi\u1ebfm. T\u00f4i hy v\u1ecdng quy\u1ec3n s\u00e1ch n\u00e0y s\u1ebd gi\u00fap xua \u0111i s\u1ef1 im l\u1eb7ng \u1ea5y v\u00e0 m\u1edf ra m\u1ed9t l\u1ed1i suy ngh\u0129 v\u00e0 di\u1ec5n \u0111\u1ea1t m\u1edbi m\u1ebb cho m\u1ed9t trong nh\u1eefng \u0111i\u1ec1u x\u01b0a c\u1ed5 nh\u1ea5t trong cu\u1ed9c s\u1ed1ng c\u1ee7a con ng\u01b0\u1eddi. R\u1ea5t nhi\u1ec1u ng\u01b0\u1eddi \u0111\u00e3 vi\u1ebft ra c\u00e1ch ng\u0103n ng\u1eeba v\u00e0 ch\u1eefa l\u00e0nh sau khi s\u1ef1 \u0111\u00e3 x\u1ea3y ra; nh\u01b0ng \u00edt ai vi\u1ebft v\u1ec1 \u00fd ngh\u0129a v\u00e0 \u0111\u1ed9ng c\u01a1 c\u1ee7a c\u00e1c m\u1ed1i quan h\u1ec7 b\u1ea5t ch\u00ednh. C\u00e0ng \u00edt h\u01a1n n\u1eefa nh\u1eefng ng\u01b0\u1eddi n\u00f3i v\u1ec1 nh\u1eefng \u0111i\u1ec1u m\u00e0 ch\u00fang ta c\u00f3 th\u1ec3 h\u1ecdc \u0111\u01b0\u1ee3c t\u1eeb c\u00e1c m\u1ed1i quan h\u1ec7 v\u00e0 l\u00e0m th\u1ebf n\u00e0o \u0111\u1ec3 ki\u1ebfn th\u1ee9c \u1ea5y c\u00f3 th\u1ec3 bi\u1ebfn \u0111\u1ed5i v\u00e0 ho\u00e0n thi\u1ec7n c\u00e1c m\u1ed1i quan h\u1ec7 c\u1ee7a ch\u00fang ta.<\/p>\n<p>Trong qu\u00e1 tr\u00ecnh h\u00e0nh ngh\u1ec1 t\u00e2m l\u00fd tr\u1ecb li\u1ec7u c\u1ee7a m\u00ecnh, su\u1ed1t s\u00e1u n\u0103m qua t\u00f4i v\u1eabn lu\u00f4n t\u1eadp trung v\u00e0o nh\u1eefng c\u1eb7p \u0111ang gi\u1ea3i quy\u1ebft vi\u1ec7c b\u1ecb ph\u1ea3n b\u1ed9i. Th\u00f4ng qua h\u1ecd, t\u00f4i \u0111\u00e3 \u0111o l\u01b0\u1eddng nh\u1eefng t\u1ea7ng s\u00e2u c\u1ee7a ch\u1ee7 \u0111\u1ec1 n\u00e0y. V\u00ec \u0111\u00e3 g\u1eb7p m\u1eb7t h\u1ecd khi \u0111i c\u00f9ng v\u1edbi nhau ho\u1eb7c khi \u0111i m\u1ed9t m\u00ecnh, t\u00f4i \u0111\u00e3 thu \u0111\u01b0\u1ee3c m\u1ed9t c\u00e1i nh\u00ecn kh\u00e1c l\u1ea1 v\u1ec1 tr\u1ea3i nghi\u1ec7m c\u1ee7a ng\u01b0\u1eddi l\u1ea7m l\u1ea1c, ch\u1ee9 kh\u00f4ng ch\u1ec9 ni\u1ec1m \u0111au c\u1ee7a ng\u01b0\u1eddi b\u1ecb ph\u1ea3n b\u1ed9i.<\/p>\n<p>C\u00e1c m\u1ed1i quan h\u1ec7 ngo\u00e0i lu\u1ed3ng th\u00ec lu\u00f4n b\u00ed m\u1eadt, v\u00e0 quy\u1ec3n s\u00e1ch n\u00e0y ch\u1ee9a nhi\u1ec1u b\u00ed m\u1eadt.<\/p>\n","protected":false},"featured_media":17912,"template":"","meta":{"_acf_changed":false},"product_brand":[],"product_cat":[15,47],"product_tag":[],"class_list":{"0":"post-17913","1":"product","2":"type-product","3":"status-publish","4":"has-post-thumbnail","6":"product_cat-sach-danh-cho-nguoi-lon","7":"product_cat-truyen-ngan-tan-van","9":"first","10":"instock","11":"taxable","12":"shipping-taxable","13":"purchasable","14":"product-type-simple"},"supplier_id":null,"supplier_sku":"","barcode":null,"atum_controlled":true,"out_stock_date":null,"out_stock_threshold":null,"inheritable":false,"inbound_stock":0,"stock_on_hold":0,"sold_today":0,"sales_last_days":0,"reserved_stock":0,"customer_returns":0,"warehouse_damage":0,"lost_in_post":0,"other_logs":0,"out_stock_days":0,"lost_sales":0,"has_location":false,"update_date":"2026-01-28T23:11:01","atum_locations":[{"id":32,"name":"Helsinki","slug":"helsinki"}],"atum_stock_status":"instock","restock_status":false,"low_stock_amount":"","sales_update_date":"2026-01-28T23:11:01","calc_backorders":null,"acf":{"publisher":{"ID":1785,"post_author":"1","post_date":"2021-02-17 01:54:46","post_date_gmt":"2021-02-16 23:54:46","post_content":"<!-- wp:flatsome\/uxbuilder -->\n<h1 style=\"text-align: center;\"><strong>AZ VIETNAM<\/strong><\/h1>\n[row]\n\n[col span=\"8\" span__sm=\"12\"]\n\n<p>Th\u00e0nh l\u1eadp n\u0103m: 2015<br \/>V\u1ed1n \u0111\u1ea7u t\u01b0: 4,000,000,000 \u0111\u1ed3ng<br \/><strong>L\u0129nh v\u1ef1c:<\/strong><br \/>- Xu\u1ea5t b\u1ea3n v\u00e0 ph\u00e1t h\u00e0nh v\u0103n h\u00f3a ph\u1ea9m<br \/>- Cung c\u1ea5p v\u0103n h\u00f3a ph\u1ea9m, c\u00e1c s\u1ea3n ph\u1ea9m cho in \u1ea5n, trang thi\u1ebft b\u1ecb cho c\u00e1c th\u01b0 vi\u1ec7n v\u00e0 trung t\u00e2m s\u00e1ch tr\u00ean c\u1ea3 n\u01b0\u1edbc.<br \/>- Th\u1eddi trang v\u00e0 c\u00e1c s\u1ea3n ph\u1ea9m li\u00ean quan \u0111\u1ebfn l\u0129nh v\u1ef1c th\u1eddi trang<br \/>- Xu\u1ea5t nh\u1eadp kh\u1ea9u c\u00e1c s\u1ea3n ph\u1ea9m v\u0103n h\u00f3a<\/p>\n<p><strong>Quy m\u00f4:<\/strong> 60 nh\u00e2n vi\u00ean<br \/>Kh\u1edfi ngu\u1ed3n c\u1ee7a AZ Vi\u1ec7t Nam ng\u00e0y nay l\u00e0 C\u00f4ng ty TNHH Trung t\u00e2m S\u00e1ch v\u00e0 Thi\u1ebft b\u1ecb Th\u01b0 vi\u1ec7n, v\u1edbi ho\u1ea1t \u0111\u1ed9ng \u0111\u1ea7u ti\u00ean l\u00e0 cung c\u1ea5p s\u00e1ch, trang thi\u1ebft b\u1ecb, v\u0103n h\u00f3a ph\u1ea9m cho c\u00e1c th\u01b0 vi\u1ec7n v\u00e0 trung t\u00e2m s\u00e1ch tr\u00ean c\u1ea3 n\u01b0\u1edbc. T\u1eeb cu\u1ed1i n\u0103m 2010 \u0111\u1ebfn nay, ch\u00fang t\u00f4i \u0111\u00e3 kh\u00f4ng ng\u1eebng n\u1ed7 l\u1ef1c khai ph\u00e1 v\u00e0 ph\u00e1t tri\u1ec3n c\u00e1c d\u00f2ng s\u1ea3n ph\u1ea9m m\u1edbi v\u1edbi 8 th\u01b0\u01a1ng hi\u1ec7u uy t\u00edn. \u0110\u1ec3 \u0111\u00e1p \u1ee9ng nhu c\u1ea7u ph\u00e1t tri\u1ec3n ng\u00e0y m\u1ed9t l\u1edbn m\u1ea1nh v\u00e0 t\u1eadp h\u1ee3p c\u00e1c th\u01b0\u01a1ng hi\u1ec7u \u0111\u00e3 \u0111\u01b0\u1ee3c ch\u00fang t\u00f4i x\u00e2y d\u1ef1ng, 2015 C\u00f4ng ty TNHH AZ Vi\u1ec7t Nam \u0111\u00e3 ra \u0111\u1eddi v\u1edbi s\u1ee9 m\u1ec7nh mang \u0111\u1ebfn nhi\u1ec1u h\u01a1n n\u1eefa nh\u1eefng gi\u00e1 tr\u1ecb tinh th\u1ea7n, tri th\u1ee9c ti\u00ean ti\u1ebfn cho ng\u01b0\u1eddi ti\u00eau d\u00f9ng b\u1eb1ng vi\u1ec7c cung c\u1ea5p nh\u1eefng s\u1ea3n ph\u1ea9m c\u00f3 ch\u1ea5t l\u01b0\u1ee3ng.<\/p>\n\n[\/col]\n[col span=\"4\" span__sm=\"12\"]\n\n[ux_image id=\"1836\" image_size=\"medium\"]\n\n\n[\/col]\n\n[\/row]\n\n<!-- \/wp:flatsome\/uxbuilder -->","post_title":"AZ Vi\u1ec7t Nam","post_excerpt":"","post_status":"publish","comment_status":"closed","ping_status":"closed","post_password":"","post_name":"az-viet-nam","to_ping":"","pinged":"","post_modified":"2021-02-17 22:07:10","post_modified_gmt":"2021-02-17 20:07:10","post_content_filtered":"","post_parent":0,"guid":"https:\/\/sachviet.eu\/nha-phat-hanh\/az-viet-nam\/","menu_order":0,"post_type":"publisher","post_mime_type":"","comment_count":"0","filter":"raw"}},"_links":{"self":[{"href":"https:\/\/sachviet.eu\/en\/wp-json\/wp\/v2\/product\/17913","targetHints":{"allow":["GET"]}}],"collection":[{"href":"https:\/\/sachviet.eu\/en\/wp-json\/wp\/v2\/product"}],"about":[{"href":"https:\/\/sachviet.eu\/en\/wp-json\/wp\/v2\/types\/product"}],"wp:featuredmedia":[{"embeddable":true,"href":"https:\/\/sachviet.eu\/en\/wp-json\/wp\/v2\/media\/17912"}],"wp:attachment":[{"href":"https:\/\/sachviet.eu\/en\/wp-json\/wp\/v2\/media?parent=17913"}],"wp:term":[{"taxonomy":"product_brand","embeddable":true,"href":"https:\/\/sachviet.eu\/en\/wp-json\/wp\/v2\/product_brand?post=17913"},{"taxonomy":"product_cat","embeddable":true,"href":"https:\/\/sachviet.eu\/en\/wp-json\/wp\/v2\/product_cat?post=17913"},{"taxonomy":"product_tag","embeddable":true,"href":"https:\/\/sachviet.eu\/en\/wp-json\/wp\/v2\/product_tag?post=17913"}],"curies":[{"name":"wp","href":"https:\/\/api.w.org\/{rel}","templated":true}]}}