{"id":17911,"date":"2022-04-09T17:44:26","date_gmt":"2022-04-09T14:44:26","guid":{"rendered":"https:\/\/sachviet.eu\/shop\/nhung-chuyen-ky-bi-trong-ngo-hep\/"},"modified":"2022-12-19T18:19:38","modified_gmt":"2022-12-19T16:19:38","slug":"nhung-chuyen-ky-bi-trong-ngo-hep","status":"publish","type":"product","link":"https:\/\/sachviet.eu\/en\/shop\/nhung-chuyen-ky-bi-trong-ngo-hep\/","title":{"rendered":"Nh\u1eefng Chuy\u1ec7n K\u1ef3 B\u00ed Trong Ng\u00f5 H\u1eb9p"},"content":{"rendered":"<p>C\u00f3 nh\u1eefng c\u00e2u chuy\u1ec7n ch\u1ec9 d\u00e1m th\u00ec th\u1ea7m to nh\u1ecf trong ng\u00f5. N\u1ebfu kh\u00f4ng ai nh\u1eafc nh\u1edf ch\u1eafc ch\u1eafn c\u1ea3 \u0111\u1eddi b\u1ea1n s\u1ebd ch\u1eb3ng \u0111\u1ec3 t\u00e2m.<br \/>\nV\u00ed d\u1ee5 nh\u01b0 th\u00f9ng \u0111\u1ef1ng g\u1ea1o nh\u00e0 b\u1ea1n m\u1ed7i ng\u00e0y \u0111\u1ec1u t\u1ef1 d\u01b0ng l\u1ea1i \u00edt \u0111i m\u1ed9t b\u00e1t g\u1ea1o.<br \/>\nCon m\u00e8o nh\u00e0 b\u1ea1n m\u01b0\u1eddi l\u0103m h\u00e0ng th\u00e1ng \u0111\u1ec1u kh\u00f4ng c\u00f3 \u1edf nh\u00e0.<br \/>\nChi\u1ebfc ch\u0103n trong t\u1ee7 \u0111\u00e3 \u0111\u01b0\u1ee3c g\u1ea5p g\u1ecdn b\u1ea5t k\u1ec3 b\u1ea1n \u1edf \u0111\u00e2u c\u0169ng s\u1ebd t\u1ef1 ch\u1ea1y l\u00ean t\u1ea7ng tr\u00ean c\u00f9ng, ho\u1eb7c nh\u01b0 ng\u01b0\u1eddi ti\u1ec3u thi\u1ebfp v\u1eeba thu n\u1ea1p kh\u00f4ng c\u00f3 b\u00f3ng.<br \/>\nNg\u01b0\u1eddi b\u00ecnh th\u01b0\u1eddng ai l\u1ea1i nh\u00ecn ch\u1eb1m ch\u1eb1m sau l\u01b0ng ng\u01b0\u1eddi kh\u00e1c xem h\u1ecd c\u00f3 b\u00f3ng hay kh\u00f4ng ch\u1ee9?<br \/>\nNh\u1eefng chuy\u1ec7n k\u1ef3 b\u00ed trong ng\u00f5 h\u1eb9p c\u00f3 nhi\u1ec1u m\u1ea9u chuy\u1ec7n nh\u1ecf kh\u00e1c nhau. V\u1edbi m\u00e0u s\u1eafc u \u00e1m, ma qu\u1ef7 hi\u1ec7n h\u00ecnh, b\u00ed thu\u1eadt l\u1eeba \u0111\u1ea3o, l\u00f2ng tham c\u1ee7a con ng\u01b0\u1eddi, t\u1ea5t c\u1ea3 \u0111\u01b0\u1ee3c ng\u01b0\u1eddi n\u00e0y ng\u01b0\u1eddi kia truy\u1ec1n mi\u1ec7ng, th\u00ec th\u1ea7m trong ng\u00f5 nh\u1ecf.<\/p>\n","protected":false},"excerpt":{"rendered":"<p>C\u00f3 nh\u1eefng c\u00e2u chuy\u1ec7n ch\u1ec9 d\u00e1m th\u00ec th\u1ea7m to nh\u1ecf trong ng\u00f5. N\u1ebfu kh\u00f4ng ai nh\u1eafc nh\u1edf ch\u1eafc ch\u1eafn c\u1ea3 \u0111\u1eddi b\u1ea1n s\u1ebd ch\u1eb3ng \u0111\u1ec3 t\u00e2m.<br \/>\nV\u00ed d\u1ee5 nh\u01b0 th\u00f9ng \u0111\u1ef1ng g\u1ea1o nh\u00e0 b\u1ea1n m\u1ed7i ng\u00e0y \u0111\u1ec1u t\u1ef1 d\u01b0ng l\u1ea1i \u00edt \u0111i m\u1ed9t b\u00e1t g\u1ea1o.<br \/>\nCon m\u00e8o nh\u00e0 b\u1ea1n m\u01b0\u1eddi l\u0103m h\u00e0ng th\u00e1ng \u0111\u1ec1u kh\u00f4ng c\u00f3 \u1edf nh\u00e0.<br \/>\nChi\u1ebfc ch\u0103n trong t\u1ee7 \u0111\u00e3 \u0111\u01b0\u1ee3c g\u1ea5p g\u1ecdn b\u1ea5t k\u1ec3 b\u1ea1n \u1edf \u0111\u00e2u c\u0169ng s\u1ebd t\u1ef1 ch\u1ea1y l\u00ean t\u1ea7ng tr\u00ean c\u00f9ng, ho\u1eb7c nh\u01b0 ng\u01b0\u1eddi ti\u1ec3u thi\u1ebfp v\u1eeba thu n\u1ea1p kh\u00f4ng c\u00f3 b\u00f3ng.<br \/>\nNg\u01b0\u1eddi b\u00ecnh th\u01b0\u1eddng ai l\u1ea1i nh\u00ecn ch\u1eb1m ch\u1eb1m sau l\u01b0ng ng\u01b0\u1eddi kh\u00e1c xem h\u1ecd c\u00f3 b\u00f3ng hay kh\u00f4ng ch\u1ee9?<br \/>\nNh\u1eefng chuy\u1ec7n k\u1ef3 b\u00ed trong ng\u00f5 h\u1eb9p c\u00f3 nhi\u1ec1u m\u1ea9u chuy\u1ec7n nh\u1ecf kh\u00e1c nhau. V\u1edbi m\u00e0u s\u1eafc u \u00e1m, ma qu\u1ef7 hi\u1ec7n h\u00ecnh, b\u00ed thu\u1eadt l\u1eeba \u0111\u1ea3o, l\u00f2ng tham c\u1ee7a con ng\u01b0\u1eddi, t\u1ea5t c\u1ea3 \u0111\u01b0\u1ee3c ng\u01b0\u1eddi n\u00e0y ng\u01b0\u1eddi kia truy\u1ec1n mi\u1ec7ng, th\u00ec th\u1ea7m trong ng\u00f5 nh\u1ecf.<\/p>\n","protected":false},"featured_media":17910,"template":"","meta":{"_acf_changed":false},"product_brand":[],"product_cat":[15,72],"product_tag":[],"class_list":{"0":"post-17911","1":"product","2":"type-product","3":"status-publish","4":"has-post-thumbnail","6":"product_cat-sach-danh-cho-nguoi-lon","7":"product_cat-trinh-tham-kinh-di","9":"first","10":"outofstock","11":"taxable","12":"shipping-taxable","13":"purchasable","14":"product-type-simple"},"supplier_id":null,"supplier_sku":"","barcode":null,"atum_controlled":true,"out_stock_date":"2022-12-19 12:58:49","out_stock_threshold":null,"inheritable":false,"inbound_stock":0,"stock_on_hold":0,"sold_today":0,"sales_last_days":0,"reserved_stock":0,"customer_returns":0,"warehouse_damage":0,"lost_in_post":0,"other_logs":0,"out_stock_days":1136,"lost_sales":0,"has_location":false,"update_date":"2026-01-28T23:11:01","atum_locations":[{"id":32,"name":"Helsinki","slug":"helsinki"}],"atum_stock_status":"outofstock","restock_status":false,"low_stock_amount":"","sales_update_date":"2026-01-28T23:11:01","calc_backorders":null,"acf":{"publisher":{"ID":17909,"post_author":"1","post_date":"2022-04-09 17:44:23","post_date_gmt":"2022-04-09 14:44:23","post_content":"","post_title":"Trinh Th\u00e1m","post_excerpt":"","post_status":"publish","comment_status":"closed","ping_status":"closed","post_password":"","post_name":"trinh-tham","to_ping":"","pinged":"","post_modified":"2022-04-09 17:44:23","post_modified_gmt":"2022-04-09 14:44:23","post_content_filtered":"","post_parent":0,"guid":"https:\/\/sachviet.eu\/nha-phat-hanh\/trinh-tham\/","menu_order":0,"post_type":"publisher","post_mime_type":"","comment_count":"0","filter":"raw"}},"_links":{"self":[{"href":"https:\/\/sachviet.eu\/en\/wp-json\/wp\/v2\/product\/17911","targetHints":{"allow":["GET"]}}],"collection":[{"href":"https:\/\/sachviet.eu\/en\/wp-json\/wp\/v2\/product"}],"about":[{"href":"https:\/\/sachviet.eu\/en\/wp-json\/wp\/v2\/types\/product"}],"wp:featuredmedia":[{"embeddable":true,"href":"https:\/\/sachviet.eu\/en\/wp-json\/wp\/v2\/media\/17910"}],"wp:attachment":[{"href":"https:\/\/sachviet.eu\/en\/wp-json\/wp\/v2\/media?parent=17911"}],"wp:term":[{"taxonomy":"product_brand","embeddable":true,"href":"https:\/\/sachviet.eu\/en\/wp-json\/wp\/v2\/product_brand?post=17911"},{"taxonomy":"product_cat","embeddable":true,"href":"https:\/\/sachviet.eu\/en\/wp-json\/wp\/v2\/product_cat?post=17911"},{"taxonomy":"product_tag","embeddable":true,"href":"https:\/\/sachviet.eu\/en\/wp-json\/wp\/v2\/product_tag?post=17911"}],"curies":[{"name":"wp","href":"https:\/\/api.w.org\/{rel}","templated":true}]}}