{"id":17908,"date":"2022-04-09T17:44:20","date_gmt":"2022-04-09T14:44:20","guid":{"rendered":"https:\/\/sachviet.eu\/shop\/nguoi-trong-hai-au\/"},"modified":"2022-12-19T18:19:43","modified_gmt":"2022-12-19T16:19:43","slug":"nguoi-trong-hai-au","status":"publish","type":"product","link":"https:\/\/sachviet.eu\/en\/shop\/nguoi-trong-hai-au\/","title":{"rendered":"Ng\u01b0\u1eddi Tr\u00f4ng H\u1ea3i \u00c2u"},"content":{"rendered":"<p>M\u1ed8T \u0110\u00caM D\u00d4NG B\u00c3O N\u1ecc, m\u1ed9t chi\u1ebfc thuy\u1ec1n bu\u1ed3m b\u1ecb bi\u1ec3n c\u1ea3 gi\u1eadn d\u1eef x\u00f4 v\u00e0o nh\u1eefng m\u1ecfm \u0111\u00e1 s\u1eafc nh\u1ecdn.<\/p>\n<p>Nh\u1eefng c\u00e1nh bu\u1ed3m ch\u1eb3ng m\u1ea5y \u0111\u00e3 b\u1ecb x\u00e9 r\u00e1ch t\u01a1i t\u1ea3, ba c\u1ed9t tr\u1ee5 g\u00e3y g\u1ee5c.<\/p>\n<p>Con thuy\u1ec1n v\u00f4 ph\u01b0\u01a1ng ch\u1ed1ng c\u1ef1 gi\u1eefa nh\u1eefng \u0111\u1ee3t s\u00f3ng cao l\u1eebng l\u1eefng, v\u00e0 nhanh ch\u00f3ng ch\u00ecm xu\u1ed1ng.<\/p>\n<p>T\u1eeb tr\u00ean \u0111\u1ec9nh ng\u1ecdn h\u1ea3i \u0111\u0103ng, Benjamin Postlethwaite \u0111\u00e3 ch\u1ee9ng ki\u1ebfn t\u1ea5t c\u1ea3.<\/p>\n<p>\u00d4ng bi\u1ebft ngay m\u00ecnh ph\u1ea3i l\u00e0m g\u00ec.<\/p>\n<p>\u0110\u00f3 l\u00e0 \u0111i\u1ec3m kh\u1edfi \u0111\u1ea7u cho cu\u1ed9c phi\u00eau l\u01b0u c\u1ee7a t\u00f4i.<\/p>\n<p>\u201cKhi m\u1ecdi hi v\u1ecdng t\u01b0\u1edfng nh\u01b0 \u0111\u00e3 c\u1ea1n ki\u1ec7t, ch\u00fang t\u00f4i tr\u00f4ng th\u1ea5y m\u1ed9t con thuy\u1ec1n nh\u1ecf lao xuy\u00ean m\u00e0n \u0111\u00eam t\u1edbi ch\u1ed7 m\u00ecnh &#8211; m\u1ed9t ng\u01b0\u1eddi \u0111\u00e0n \u00f4ng ng\u1ed3i tr\u00ean chi\u1ebfc thuy\u1ec1n g\u1ed7 \u0111ang ch\u00e8o ch\u1ed1ng gi\u1eefa m\u1eb7t bi\u1ec3n c\u1ed3n s\u00f3ng.<\/p>\n<p>K\u00ed \u1ee9c v\u1ec1 \u0111\u00eam \u0111\u00f3 theo t\u00f4i su\u1ed1t cu\u1ed9c \u0111\u1eddi. V\u00ec v\u1eady t\u00f4i quy\u1ebft ch\u00ed s\u1ebd tr\u1edf l\u1ea1i \u0110\u1ea3o H\u1ea3i \u00c2u C\u1ed5 R\u1ee5t v\u00e0 t\u00ecm ng\u01b0\u1eddi \u0111\u00e0n \u00f4ng \u0111\u00e3 c\u1ee9u m\u1ea1ng ch\u00fang t\u00f4\u201d<\/p>\n<p>MICHAEL MORPURGO l\u00e0 m\u1ed9t trong nh\u1eefng ng\u01b0\u1eddi k\u1ec3 chuy\u1ec7n \u0111\u01b0\u1ee3c y\u00eau qu\u00fd nh\u1ea5t n\u01b0\u1edbc Anh. \u00d4ng \u0111\u00e3 vi\u1ebft tr\u00ean 150 cu\u1ed1n s\u00e1ch, \u0111\u01b0\u1ee3c \u0111\u1ed9c gi\u1ea3 tr\u00ean kh\u1eafp th\u1ebf gi\u1edbi v\u00f4 c\u00f9ng m\u1ebfn m\u1ed9, trong \u0111\u00f3 c\u00f3 t\u00e1c ph\u1ea9m Chi\u1ebfn m\u00e3 (War Horse), \u0111\u00e3 \u0111\u01b0\u1ee3c chuy\u1ec3n th\u1ec3 th\u00e0nh c\u1ea3 phim v\u00e0 k\u1ecbch. Ng\u01b0\u1eddi tr\u00f4ng h\u1ea3i \u00e2u l\u00e0 c\u00e2u chuy\u1ec7n thi\u1ebfu nhi \u0111\u1eadm t\u00ednh nh\u00e2n v\u0103n v\u1ec1 ni\u1ec1m hi v\u1ecdng v\u00e0 nh\u1eefng kh\u1edfi \u0111\u1ea7u m\u1edbi.<\/p>\n<p>BENJI DAVIES l\u00e0 ng\u01b0\u1eddi \u0111\u00e3 s\u00e1ng t\u1ea1o ra nhi\u1ec1u cu\u1ed1n s\u00e1ch tranh n\u1ed5i ti\u1ebfng nh\u01b0 C\u00e1 voi \u0111\u00eam b\u00e3o (The Stormwhale) v\u00e0 \u0110\u1ea3o thi\u00ean \u0111\u01b0\u1eddng c\u1ee7a N\u1ed9i (Grandad\u2019s Island).<\/p>\n<p>\u0110\u1ec3 minh ho\u1ea1 cho Ng\u01b0\u1eddi tr\u00f4ng h\u1ea3i \u00e2u, Benji \u0111\u00e3 l\u1ea7n theo nh\u1eefng k\u00ed \u1ee9c th\u01a1 \u1ea5u c\u1ee7a ch\u00ednh anh v\u1ec1 nh\u1eefng k\u00ec ngh\u1ec9 \u0111\u01b0\u1ee3c v\u1ec1 ch\u01a1i nh\u00e0 \u00f4ng b\u00e0 \u1edf b\u1edd bi\u1ec3n Cornish thu\u1ed9c Anh qu\u1ed1c &#8211; nh\u1edb l\u1ea1i \u00e1nh s\u00e1ng, b\u1ea7u kh\u00f4ng kh\u00ed m\u1eb7n m\u00f2i, v\u00e0 ti\u1ebfng h\u1ea3i \u00e2u k\u00eau xao x\u00e1c bu\u1ed5i s\u1edbm mai.<\/p>\n","protected":false},"excerpt":{"rendered":"<p>M\u1ed8T \u0110\u00caM D\u00d4NG B\u00c3O N\u1ecc, m\u1ed9t chi\u1ebfc thuy\u1ec1n bu\u1ed3m b\u1ecb bi\u1ec3n c\u1ea3 gi\u1eadn d\u1eef x\u00f4 v\u00e0o nh\u1eefng m\u1ecfm \u0111\u00e1 s\u1eafc nh\u1ecdn.<\/p>\n<p>Nh\u1eefng c\u00e1nh bu\u1ed3m ch\u1eb3ng m\u1ea5y \u0111\u00e3 b\u1ecb x\u00e9 r\u00e1ch t\u01a1i t\u1ea3, ba c\u1ed9t tr\u1ee5 g\u00e3y g\u1ee5c.<\/p>\n<p>Con thuy\u1ec1n v\u00f4 ph\u01b0\u01a1ng ch\u1ed1ng c\u1ef1 gi\u1eefa nh\u1eefng \u0111\u1ee3t s\u00f3ng cao l\u1eebng l\u1eefng, v\u00e0 nhanh ch\u00f3ng ch\u00ecm xu\u1ed1ng.<\/p>\n<p>T\u1eeb tr\u00ean \u0111\u1ec9nh ng\u1ecdn h\u1ea3i \u0111\u0103ng, Benjamin Postlethwaite \u0111\u00e3 ch\u1ee9ng ki\u1ebfn t\u1ea5t c\u1ea3.<\/p>\n<p>\u00d4ng bi\u1ebft ngay m\u00ecnh ph\u1ea3i l\u00e0m g\u00ec.<\/p>\n<p>\u0110\u00f3 l\u00e0 \u0111i\u1ec3m kh\u1edfi \u0111\u1ea7u cho cu\u1ed9c phi\u00eau l\u01b0u c\u1ee7a t\u00f4i.<\/p>\n<p>\u201cKhi m\u1ecdi hi v\u1ecdng t\u01b0\u1edfng nh\u01b0 \u0111\u00e3 c\u1ea1n ki\u1ec7t, ch\u00fang t\u00f4i tr\u00f4ng th\u1ea5y m\u1ed9t con thuy\u1ec1n nh\u1ecf lao xuy\u00ean m\u00e0n \u0111\u00eam t\u1edbi ch\u1ed7 m\u00ecnh &#8211; m\u1ed9t ng\u01b0\u1eddi \u0111\u00e0n \u00f4ng ng\u1ed3i tr\u00ean chi\u1ebfc thuy\u1ec1n g\u1ed7 \u0111ang ch\u00e8o ch\u1ed1ng gi\u1eefa m\u1eb7t bi\u1ec3n c\u1ed3n s\u00f3ng.<\/p>\n<p>K\u00ed \u1ee9c v\u1ec1 \u0111\u00eam \u0111\u00f3 theo t\u00f4i su\u1ed1t cu\u1ed9c \u0111\u1eddi. V\u00ec v\u1eady t\u00f4i quy\u1ebft ch\u00ed s\u1ebd tr\u1edf l\u1ea1i \u0110\u1ea3o H\u1ea3i \u00c2u C\u1ed5 R\u1ee5t v\u00e0 t\u00ecm ng\u01b0\u1eddi \u0111\u00e0n \u00f4ng \u0111\u00e3 c\u1ee9u m\u1ea1ng ch\u00fang t\u00f4\u201d<\/p>\n<p>MICHAEL MORPURGO l\u00e0 m\u1ed9t trong nh\u1eefng ng\u01b0\u1eddi k\u1ec3 chuy\u1ec7n \u0111\u01b0\u1ee3c y\u00eau qu\u00fd nh\u1ea5t n\u01b0\u1edbc Anh. \u00d4ng \u0111\u00e3 vi\u1ebft tr\u00ean 150 cu\u1ed1n s\u00e1ch, \u0111\u01b0\u1ee3c \u0111\u1ed9c gi\u1ea3 tr\u00ean kh\u1eafp th\u1ebf gi\u1edbi v\u00f4 c\u00f9ng m\u1ebfn m\u1ed9, trong \u0111\u00f3 c\u00f3 t\u00e1c ph\u1ea9m Chi\u1ebfn m\u00e3 (War Horse), \u0111\u00e3 \u0111\u01b0\u1ee3c chuy\u1ec3n th\u1ec3 th\u00e0nh c\u1ea3 phim v\u00e0 k\u1ecbch. Ng\u01b0\u1eddi tr\u00f4ng h\u1ea3i \u00e2u l\u00e0 c\u00e2u chuy\u1ec7n thi\u1ebfu nhi \u0111\u1eadm t\u00ednh nh\u00e2n v\u0103n v\u1ec1 ni\u1ec1m hi v\u1ecdng v\u00e0 nh\u1eefng kh\u1edfi \u0111\u1ea7u m\u1edbi.<\/p>\n<p>BENJI DAVIES l\u00e0 ng\u01b0\u1eddi \u0111\u00e3 s\u00e1ng t\u1ea1o ra nhi\u1ec1u cu\u1ed1n s\u00e1ch tranh n\u1ed5i ti\u1ebfng nh\u01b0 C\u00e1 voi \u0111\u00eam b\u00e3o (The Stormwhale) v\u00e0 \u0110\u1ea3o thi\u00ean \u0111\u01b0\u1eddng c\u1ee7a N\u1ed9i (Grandad\u2019s Island).<\/p>\n<p>\u0110\u1ec3 minh ho\u1ea1 cho Ng\u01b0\u1eddi tr\u00f4ng h\u1ea3i \u00e2u, Benji \u0111\u00e3 l\u1ea7n theo nh\u1eefng k\u00ed \u1ee9c th\u01a1 \u1ea5u c\u1ee7a ch\u00ednh anh v\u1ec1 nh\u1eefng k\u00ec ngh\u1ec9 \u0111\u01b0\u1ee3c v\u1ec1 ch\u01a1i nh\u00e0 \u00f4ng b\u00e0 \u1edf b\u1edd bi\u1ec3n Cornish thu\u1ed9c Anh qu\u1ed1c &#8211; nh\u1edb l\u1ea1i \u00e1nh s\u00e1ng, b\u1ea7u kh\u00f4ng kh\u00ed m\u1eb7n m\u00f2i, v\u00e0 ti\u1ebfng h\u1ea3i \u00e2u k\u00eau xao x\u00e1c bu\u1ed5i s\u1edbm mai.<\/p>\n","protected":false},"featured_media":17907,"template":"","meta":{"_acf_changed":false},"product_brand":[],"product_cat":[25,17,26],"product_tag":[],"class_list":{"0":"post-17908","1":"product","2":"type-product","3":"status-publish","4":"has-post-thumbnail","6":"product_cat-nhi-dong-6-tuoi-12-tuoi","7":"product_cat-sach-danh-cho-cac-be","8":"product_cat-thieu-nien-11-tuoi-18-tuoi","10":"first","11":"instock","12":"taxable","13":"shipping-taxable","14":"purchasable","15":"product-type-simple"},"supplier_id":null,"supplier_sku":"","barcode":null,"atum_controlled":true,"out_stock_date":null,"out_stock_threshold":null,"inheritable":false,"inbound_stock":0,"stock_on_hold":0,"sold_today":0,"sales_last_days":0,"reserved_stock":0,"customer_returns":0,"warehouse_damage":0,"lost_in_post":0,"other_logs":0,"out_stock_days":0,"lost_sales":0,"has_location":false,"update_date":"2026-01-28T23:11:01","atum_locations":[{"id":32,"name":"Helsinki","slug":"helsinki"}],"atum_stock_status":"instock","restock_status":false,"low_stock_amount":"","sales_update_date":"2026-01-28T23:11:01","calc_backorders":null,"acf":{"publisher":{"ID":1454,"post_author":"1","post_date":"2021-02-17 01:11:34","post_date_gmt":"2021-02-16 23:11:34","post_content":"<!-- wp:flatsome\/uxbuilder -->\n<h1 style=\"text-align: center;\"><strong>Kim \u0110\u1ed3ng<\/strong><\/h1>\n[row]\n\n[col span=\"3\" span__sm=\"12\"]\n\n[ux_image id=\"1534\" image_size=\"medium\"]\n\n\n[\/col]\n[col span=\"9\" span__sm=\"12\"]\n\n<p>Nh\u00e0 xu\u1ea5t b\u1ea3n Kim \u0110\u1ed3ng tr\u1ef1c thu\u1ed9c Trung \u01b0\u01a1ng \u0110o\u00e0n TNCS H\u1ed3 Ch\u00ed Minh l\u00e0 Nh\u00e0 xu\u1ea5t b\u1ea3n t\u1ed5ng h\u1ee3p c\u00f3 ch\u1ee9c n\u0103ng xu\u1ea5t b\u1ea3n s\u00e1ch v\u00e0 v\u0103n h\u00f3a ph\u1ea9m ph\u1ee5c v\u1ee5 thi\u1ebfu nhi v\u00e0 c\u00e1c b\u1eadc ph\u1ee5 huynh trong c\u1ea3 n\u01b0\u1edbc, qu\u1ea3ng b\u00e1 v\u00e0 gi\u1edbi thi\u1ec7u v\u0103n h\u00f3a Vi\u1ec7t Nam ra th\u1ebf gi\u1edbi.<br \/>Nh\u00e0 xu\u1ea5t b\u1ea3n c\u00f3 nhi\u1ec7m v\u1ee5 t\u1ed5 ch\u1ee9c b\u1ea3n th\u1ea3o, bi\u00ean so\u1ea1n, bi\u00ean d\u1ecbch, xu\u1ea5t b\u1ea3n v\u00e0 ph\u00e1t h\u00e0nh c\u00e1c xu\u1ea5t b\u1ea3n ph\u1ea9m c\u00f3 n\u1ed9i dung: gi\u00e1o d\u1ee5c truy\u1ec1n th\u1ed1ng d\u00e2n t\u1ed9c, gi\u00e1o d\u1ee5c v\u1ec1 tri th\u1ee9c, ki\u1ebfn th\u1ee9c\u2026 tr\u00ean c\u00e1c l\u0129nh v\u1ef1c v\u0103n h\u1ecdc, ngh\u1ec7 thu\u1eadt, khoa h\u1ecdc k\u1ef9 thu\u1eadt nh\u1eb1m cung c\u1ea5p cho c\u00e1c em thi\u1ebfu nhi c\u0169ng nh\u01b0 c\u00e1c b\u1eadc ph\u1ee5 huynh c\u00e1c ki\u1ebfn th\u1ee9c c\u1ea7n thi\u1ebft trong cu\u1ed9c s\u1ed1ng, nh\u1eefng tinh hoa c\u1ee7a tri th\u1ee9c nh\u00e2n lo\u1ea1i nh\u1eb1m g\u00f3p ph\u1ea7n gi\u00e1o d\u1ee5c v\u00e0 h\u00ecnh th\u00e0nh nh\u00e2n c\u00e1ch th\u1ebf h\u1ec7 tr\u1ebb.<br \/>\u0110\u1ed1i t\u01b0\u1ee3ng ph\u1ee5c v\u1ee5 c\u1ee7a Nh\u00e0 xu\u1ea5t b\u1ea3n l\u00e0 c\u00e1c em t\u1eeb tu\u1ed5i nh\u00e0 tr\u1ebb m\u1eabu gi\u00e1o (1 \u0111\u1ebfn 5 tu\u1ed5i), nhi \u0111\u1ed3ng (6 \u0111\u1ebfn 9 tu\u1ed5i), thi\u1ebfu ni\u00ean (10 \u0111\u1ebfn 15 tu\u1ed5i) \u0111\u1ebfn c\u00e1c em tu\u1ed5i m\u1edbi l\u1edbn (16 \u0111\u1ebfn 18 tu\u1ed5i) v\u00e0 c\u00e1c b\u1eadc ph\u1ee5 huynh.<\/p>\n\n[\/col]\n\n[\/row]\n\n<!-- \/wp:flatsome\/uxbuilder -->","post_title":"Kim \u0110\u1ed3ng","post_excerpt":"","post_status":"publish","comment_status":"closed","ping_status":"closed","post_password":"","post_name":"kim-dong","to_ping":"","pinged":"","post_modified":"2021-02-17 01:31:56","post_modified_gmt":"2021-02-16 23:31:56","post_content_filtered":"","post_parent":0,"guid":"https:\/\/sachviet.eu\/nha-phat-hanh\/kim-dong\/","menu_order":0,"post_type":"publisher","post_mime_type":"","comment_count":"0","filter":"raw"}},"_links":{"self":[{"href":"https:\/\/sachviet.eu\/en\/wp-json\/wp\/v2\/product\/17908","targetHints":{"allow":["GET"]}}],"collection":[{"href":"https:\/\/sachviet.eu\/en\/wp-json\/wp\/v2\/product"}],"about":[{"href":"https:\/\/sachviet.eu\/en\/wp-json\/wp\/v2\/types\/product"}],"wp:featuredmedia":[{"embeddable":true,"href":"https:\/\/sachviet.eu\/en\/wp-json\/wp\/v2\/media\/17907"}],"wp:attachment":[{"href":"https:\/\/sachviet.eu\/en\/wp-json\/wp\/v2\/media?parent=17908"}],"wp:term":[{"taxonomy":"product_brand","embeddable":true,"href":"https:\/\/sachviet.eu\/en\/wp-json\/wp\/v2\/product_brand?post=17908"},{"taxonomy":"product_cat","embeddable":true,"href":"https:\/\/sachviet.eu\/en\/wp-json\/wp\/v2\/product_cat?post=17908"},{"taxonomy":"product_tag","embeddable":true,"href":"https:\/\/sachviet.eu\/en\/wp-json\/wp\/v2\/product_tag?post=17908"}],"curies":[{"name":"wp","href":"https:\/\/api.w.org\/{rel}","templated":true}]}}